{"id":3620,"date":"2024-11-26T07:43:34","date_gmt":"2024-11-26T05:43:34","guid":{"rendered":"https:\/\/amberwithsilver.com\/?post_type=product&#038;p=3620"},"modified":"2025-07-18T14:17:35","modified_gmt":"2025-07-18T12:17:35","slug":"balto-gintaro-ir-baltos-odos-apyranke-14-mm","status":"publish","type":"product","link":"https:\/\/amberwithsilver.com\/en\/product\/balto-gintaro-ir-baltos-odos-apyranke-14-mm\/","title":{"rendered":"Balto gintaro ir baltos odos apyrank\u0117 14 mm"},"content":{"rendered":"<div class=\"woocommerce-product-details__short-description\">\n<p>Balto gintaro ir baltos odos apyrank\u0117 14 mm.<\/p>\n<ul>\n<li><em>Baltic amber<\/em><\/li>\n<li><em>Spalv\u0173 gama:<\/em> balta, m\u0117lyna, geltona<\/li>\n<li><em>Apyrank\u0117s plotis: ~ 14 mm<\/em><\/li>\n<li><em>White <\/em><em><span class=\"VIiyi\" lang=\"lt\"><span class=\"JLqJ4b ChMk0b\" data-language-for-alternatives=\"lt\" data-language-to-translate-into=\"en\" data-phrase-index=\"0\">oda<\/span><\/span><\/em><\/li>\n<li><em>Apyrank\u0117 tinkama 19 cm rie\u0161ui<br \/>\n<\/em><\/li>\n<li><em>Ilg\u012f galima koreguoti ir lengvai susima\u017einti.<\/em><\/li>\n<\/ul>\n<p>&nbsp;<\/p>\n<p>*Please note that the color of the product may vary slightly from that shown in the photo, depending on the monitor used by the Buyer and the lighting settings in the photos.<\/p>\n<\/div>","protected":false},"excerpt":{"rendered":"<p>Balto gintaro ir baltos odos apyrank\u0117 14 mm.<\/p>\n<ul>\n<li><em>Baltic amber<\/em><\/li>\n<li><em>Spalv\u0173 gama:<\/em> balta, m\u0117lyna, geltona<\/li>\n<li><em>Apyrank\u0117s plotis: ~ 14 mm<\/em><\/li>\n<li><em>White <\/em><em><span class=\"VIiyi\" lang=\"lt\"><span class=\"JLqJ4b ChMk0b\" data-language-for-alternatives=\"lt\" data-language-to-translate-into=\"en\" data-phrase-index=\"0\">oda<\/span><\/span><\/em><\/li>\n<li><em>Apyrank\u0117 tinkama 19 cm rie\u0161ui<br \/>\n<\/em><\/li>\n<li><em>Ilg\u012f galima koreguoti ir lengvai susima\u017einti.<\/em><\/li>\n<\/ul>\n<p>&nbsp;<\/p>\n<p>*Please note that the color of the product may vary slightly from that shown in the photo, depending on the monitor used by the Buyer and the lighting settings in the photos.<\/p>","protected":false},"featured_media":3622,"comment_status":"open","ping_status":"closed","template":"","meta":[],"product_brand":[],"product_cat":[18,61,58],"product_tag":[1270,1276,1277,1278,1279,1280,1281],"class_list":{"0":"post-3620","1":"product","2":"type-product","3":"status-publish","4":"has-post-thumbnail","6":"product_cat-gintaro-apyrankes","7":"product_cat-balto-gintaro-kolekcija","8":"product_cat-kolekcijos","9":"product_tag-gintaras-su-oda","10":"product_tag-white-amber-and-white-leather-bracelet-14-mm","11":"product_tag-baltic-amber-and-leather-bracelet","12":"product_tag-baltic-amber-with-leather-bracelet","13":"product_tag-unisex-apyranke","14":"product_tag-gintarine-unisex-apyranke","15":"product_tag-unisex-apyranke-su-oda","17":"first","18":"outofstock","19":"taxable","20":"shipping-taxable","21":"purchasable","22":"product-type-simple"},"yoast_head":"<!-- This site is optimized with the Yoast SEO Premium plugin v23.4 (Yoast SEO v26.8) - https:\/\/yoast.com\/product\/yoast-seo-premium-wordpress\/ -->\n<title>Balto gintaro ir baltos odos apyrank\u0117 14 mm.<\/title>\n<meta name=\"description\" content=\"Gintaras su oda, Baltic amber and leather bracelet, Balto gintaro su balta oda apyrank\u0117 14 mm plo\u010dio yra tinkama tiek moterims, tiek vyrams. Unisex apyrank\u0117\" \/>\n<meta name=\"robots\" content=\"index, follow, max-snippet:-1, max-image-preview:large, max-video-preview:-1\" \/>\n<link rel=\"canonical\" href=\"https:\/\/amberwithsilver.com\/en\/product\/balto-gintaro-ir-baltos-odos-apyranke-14-mm\/\" \/>\n<meta property=\"og:locale\" content=\"en_US\" \/>\n<meta property=\"og:type\" content=\"article\" \/>\n<meta property=\"og:title\" content=\"Balto gintaro ir baltos odos apyrank\u0117 14 mm\" \/>\n<meta property=\"og:description\" content=\"Gintaras su oda, Baltic amber and leather bracelet, Balto gintaro su balta oda apyrank\u0117 14 mm plo\u010dio yra tinkama tiek moterims, tiek vyrams. Unisex apyrank\u0117\" \/>\n<meta property=\"og:url\" content=\"https:\/\/amberwithsilver.com\/en\/product\/balto-gintaro-ir-baltos-odos-apyranke-14-mm\/\" \/>\n<meta property=\"og:site_name\" content=\"AmberWithSilver\" \/>\n<meta property=\"article:modified_time\" content=\"2025-07-18T12:17:35+00:00\" \/>\n<meta property=\"og:image\" content=\"https:\/\/amberwithsilver.com\/wp-content\/uploads\/2024\/11\/id.564-1.webp\" \/>\n\t<meta property=\"og:image:width\" content=\"640\" \/>\n\t<meta property=\"og:image:height\" content=\"598\" \/>\n\t<meta property=\"og:image:type\" content=\"image\/webp\" \/>\n<meta name=\"twitter:card\" content=\"summary_large_image\" \/>\n<meta name=\"twitter:label1\" content=\"Est. reading time\" \/>\n\t<meta name=\"twitter:data1\" content=\"1 minute\" \/>\n<script type=\"application\/ld+json\" class=\"yoast-schema-graph\">{\"@context\":\"https:\/\/schema.org\",\"@graph\":[{\"@type\":\"WebPage\",\"@id\":\"https:\/\/amberwithsilver.com\/product\/balto-gintaro-ir-baltos-odos-apyranke-14-mm\/\",\"url\":\"https:\/\/amberwithsilver.com\/product\/balto-gintaro-ir-baltos-odos-apyranke-14-mm\/\",\"name\":\"Balto gintaro ir baltos odos apyrank\u0117 14 mm.\",\"isPartOf\":{\"@id\":\"https:\/\/amberwithsilver.com\/en\/#website\"},\"primaryImageOfPage\":{\"@id\":\"https:\/\/amberwithsilver.com\/product\/balto-gintaro-ir-baltos-odos-apyranke-14-mm\/#primaryimage\"},\"image\":{\"@id\":\"https:\/\/amberwithsilver.com\/product\/balto-gintaro-ir-baltos-odos-apyranke-14-mm\/#primaryimage\"},\"thumbnailUrl\":\"https:\/\/amberwithsilver.com\/wp-content\/uploads\/2024\/11\/id.564-1.webp\",\"datePublished\":\"2024-11-26T05:43:34+00:00\",\"dateModified\":\"2025-07-18T12:17:35+00:00\",\"description\":\"Gintaras su oda, Baltic amber and leather bracelet, Balto gintaro su balta oda apyrank\u0117 14 mm plo\u010dio yra tinkama tiek moterims, tiek vyrams. Unisex apyrank\u0117\",\"breadcrumb\":{\"@id\":\"https:\/\/amberwithsilver.com\/product\/balto-gintaro-ir-baltos-odos-apyranke-14-mm\/#breadcrumb\"},\"inLanguage\":\"en-US\",\"potentialAction\":[{\"@type\":\"ReadAction\",\"target\":[\"https:\/\/amberwithsilver.com\/product\/balto-gintaro-ir-baltos-odos-apyranke-14-mm\/\"]}]},{\"@type\":\"ImageObject\",\"inLanguage\":\"en-US\",\"@id\":\"https:\/\/amberwithsilver.com\/product\/balto-gintaro-ir-baltos-odos-apyranke-14-mm\/#primaryimage\",\"url\":\"https:\/\/amberwithsilver.com\/wp-content\/uploads\/2024\/11\/id.564-1.webp\",\"contentUrl\":\"https:\/\/amberwithsilver.com\/wp-content\/uploads\/2024\/11\/id.564-1.webp\",\"width\":640,\"height\":598,\"caption\":\"Balto gintaro ir baltos odos apyrank\u0117 14 mm, White amber and white leather bracelet 14 mm\"},{\"@type\":\"BreadcrumbList\",\"@id\":\"https:\/\/amberwithsilver.com\/product\/balto-gintaro-ir-baltos-odos-apyranke-14-mm\/#breadcrumb\",\"itemListElement\":[{\"@type\":\"ListItem\",\"position\":1,\"name\":\"Home\",\"item\":\"https:\/\/amberwithsilver.com\/\"},{\"@type\":\"ListItem\",\"position\":2,\"name\":\"Parduotuv\u0117\",\"item\":\"https:\/\/amberwithsilver.com\/en\/parduotuve\/\"},{\"@type\":\"ListItem\",\"position\":3,\"name\":\"Balto gintaro ir baltos odos apyrank\u0117 14 mm\"}]},{\"@type\":\"WebSite\",\"@id\":\"https:\/\/amberwithsilver.com\/en\/#website\",\"url\":\"https:\/\/amberwithsilver.com\/en\/\",\"name\":\"AmberWithSilver\",\"description\":\"Amber-Silver\",\"publisher\":{\"@id\":\"https:\/\/amberwithsilver.com\/en\/#organization\"},\"potentialAction\":[{\"@type\":\"SearchAction\",\"target\":{\"@type\":\"EntryPoint\",\"urlTemplate\":\"https:\/\/amberwithsilver.com\/en\/?s={search_term_string}\"},\"query-input\":{\"@type\":\"PropertyValueSpecification\",\"valueRequired\":true,\"valueName\":\"search_term_string\"}}],\"inLanguage\":\"en-US\"},{\"@type\":\"Organization\",\"@id\":\"https:\/\/amberwithsilver.com\/en\/#organization\",\"name\":\"amberwithsilver\",\"url\":\"https:\/\/amberwithsilver.com\/en\/\",\"logo\":{\"@type\":\"ImageObject\",\"inLanguage\":\"en-US\",\"@id\":\"https:\/\/amberwithsilver.com\/en\/#\/schema\/logo\/image\/\",\"url\":\"https:\/\/i0.wp.com\/amberwithsilver.com\/wp-content\/uploads\/2020\/12\/logo.jpg?fit=232%2C116&ssl=1\",\"contentUrl\":\"https:\/\/i0.wp.com\/amberwithsilver.com\/wp-content\/uploads\/2020\/12\/logo.jpg?fit=232%2C116&ssl=1\",\"width\":232,\"height\":116,\"caption\":\"amberwithsilver\"},\"image\":{\"@id\":\"https:\/\/amberwithsilver.com\/en\/#\/schema\/logo\/image\/\"}}]}<\/script>\n<!-- \/ Yoast SEO Premium plugin. -->","yoast_head_json":{"title":"Balto gintaro ir baltos odos apyrank\u0117 14 mm.","description":"Gintaras su oda, Baltic amber and leather bracelet, Balto gintaro su balta oda apyrank\u0117 14 mm plo\u010dio yra tinkama tiek moterims, tiek vyrams. Unisex apyrank\u0117","robots":{"index":"index","follow":"follow","max-snippet":"max-snippet:-1","max-image-preview":"max-image-preview:large","max-video-preview":"max-video-preview:-1"},"canonical":"https:\/\/amberwithsilver.com\/en\/product\/balto-gintaro-ir-baltos-odos-apyranke-14-mm\/","og_locale":"en_US","og_type":"article","og_title":"Balto gintaro ir baltos odos apyrank\u0117 14 mm","og_description":"Gintaras su oda, Baltic amber and leather bracelet, Balto gintaro su balta oda apyrank\u0117 14 mm plo\u010dio yra tinkama tiek moterims, tiek vyrams. Unisex apyrank\u0117","og_url":"https:\/\/amberwithsilver.com\/en\/product\/balto-gintaro-ir-baltos-odos-apyranke-14-mm\/","og_site_name":"AmberWithSilver","article_modified_time":"2025-07-18T12:17:35+00:00","og_image":[{"width":640,"height":598,"url":"https:\/\/amberwithsilver.com\/wp-content\/uploads\/2024\/11\/id.564-1.webp","type":"image\/webp"}],"twitter_card":"summary_large_image","twitter_misc":{"Est. reading time":"1 minute"},"schema":{"@context":"https:\/\/schema.org","@graph":[{"@type":"WebPage","@id":"https:\/\/amberwithsilver.com\/product\/balto-gintaro-ir-baltos-odos-apyranke-14-mm\/","url":"https:\/\/amberwithsilver.com\/product\/balto-gintaro-ir-baltos-odos-apyranke-14-mm\/","name":"Balto gintaro ir baltos odos apyrank\u0117 14 mm.","isPartOf":{"@id":"https:\/\/amberwithsilver.com\/en\/#website"},"primaryImageOfPage":{"@id":"https:\/\/amberwithsilver.com\/product\/balto-gintaro-ir-baltos-odos-apyranke-14-mm\/#primaryimage"},"image":{"@id":"https:\/\/amberwithsilver.com\/product\/balto-gintaro-ir-baltos-odos-apyranke-14-mm\/#primaryimage"},"thumbnailUrl":"https:\/\/amberwithsilver.com\/wp-content\/uploads\/2024\/11\/id.564-1.webp","datePublished":"2024-11-26T05:43:34+00:00","dateModified":"2025-07-18T12:17:35+00:00","description":"Gintaras su oda, Baltic amber and leather bracelet, Balto gintaro su balta oda apyrank\u0117 14 mm plo\u010dio yra tinkama tiek moterims, tiek vyrams. Unisex apyrank\u0117","breadcrumb":{"@id":"https:\/\/amberwithsilver.com\/product\/balto-gintaro-ir-baltos-odos-apyranke-14-mm\/#breadcrumb"},"inLanguage":"en-US","potentialAction":[{"@type":"ReadAction","target":["https:\/\/amberwithsilver.com\/product\/balto-gintaro-ir-baltos-odos-apyranke-14-mm\/"]}]},{"@type":"ImageObject","inLanguage":"en-US","@id":"https:\/\/amberwithsilver.com\/product\/balto-gintaro-ir-baltos-odos-apyranke-14-mm\/#primaryimage","url":"https:\/\/amberwithsilver.com\/wp-content\/uploads\/2024\/11\/id.564-1.webp","contentUrl":"https:\/\/amberwithsilver.com\/wp-content\/uploads\/2024\/11\/id.564-1.webp","width":640,"height":598,"caption":"Balto gintaro ir baltos odos apyrank\u0117 14 mm, White amber and white leather bracelet 14 mm"},{"@type":"BreadcrumbList","@id":"https:\/\/amberwithsilver.com\/product\/balto-gintaro-ir-baltos-odos-apyranke-14-mm\/#breadcrumb","itemListElement":[{"@type":"ListItem","position":1,"name":"Home","item":"https:\/\/amberwithsilver.com\/"},{"@type":"ListItem","position":2,"name":"Parduotuv\u0117","item":"https:\/\/amberwithsilver.com\/en\/parduotuve\/"},{"@type":"ListItem","position":3,"name":"Balto gintaro ir baltos odos apyrank\u0117 14 mm"}]},{"@type":"WebSite","@id":"https:\/\/amberwithsilver.com\/en\/#website","url":"https:\/\/amberwithsilver.com\/en\/","name":"AmberWithSilver","description":"Amber-Silver","publisher":{"@id":"https:\/\/amberwithsilver.com\/en\/#organization"},"potentialAction":[{"@type":"SearchAction","target":{"@type":"EntryPoint","urlTemplate":"https:\/\/amberwithsilver.com\/en\/?s={search_term_string}"},"query-input":{"@type":"PropertyValueSpecification","valueRequired":true,"valueName":"search_term_string"}}],"inLanguage":"en-US"},{"@type":"Organization","@id":"https:\/\/amberwithsilver.com\/en\/#organization","name":"amberwithsilver","url":"https:\/\/amberwithsilver.com\/en\/","logo":{"@type":"ImageObject","inLanguage":"en-US","@id":"https:\/\/amberwithsilver.com\/en\/#\/schema\/logo\/image\/","url":"https:\/\/i0.wp.com\/amberwithsilver.com\/wp-content\/uploads\/2020\/12\/logo.jpg?fit=232%2C116&ssl=1","contentUrl":"https:\/\/i0.wp.com\/amberwithsilver.com\/wp-content\/uploads\/2020\/12\/logo.jpg?fit=232%2C116&ssl=1","width":232,"height":116,"caption":"amberwithsilver"},"image":{"@id":"https:\/\/amberwithsilver.com\/en\/#\/schema\/logo\/image\/"}}]}},"jetpack_sharing_enabled":true,"_links":{"self":[{"href":"https:\/\/amberwithsilver.com\/en\/wp-json\/wp\/v2\/product\/3620","targetHints":{"allow":["GET"]}}],"collection":[{"href":"https:\/\/amberwithsilver.com\/en\/wp-json\/wp\/v2\/product"}],"about":[{"href":"https:\/\/amberwithsilver.com\/en\/wp-json\/wp\/v2\/types\/product"}],"replies":[{"embeddable":true,"href":"https:\/\/amberwithsilver.com\/en\/wp-json\/wp\/v2\/comments?post=3620"}],"version-history":[{"count":1,"href":"https:\/\/amberwithsilver.com\/en\/wp-json\/wp\/v2\/product\/3620\/revisions"}],"predecessor-version":[{"id":3722,"href":"https:\/\/amberwithsilver.com\/en\/wp-json\/wp\/v2\/product\/3620\/revisions\/3722"}],"wp:featuredmedia":[{"embeddable":true,"href":"https:\/\/amberwithsilver.com\/en\/wp-json\/wp\/v2\/media\/3622"}],"wp:attachment":[{"href":"https:\/\/amberwithsilver.com\/en\/wp-json\/wp\/v2\/media?parent=3620"}],"wp:term":[{"taxonomy":"product_brand","embeddable":true,"href":"https:\/\/amberwithsilver.com\/en\/wp-json\/wp\/v2\/product_brand?post=3620"},{"taxonomy":"product_cat","embeddable":true,"href":"https:\/\/amberwithsilver.com\/en\/wp-json\/wp\/v2\/product_cat?post=3620"},{"taxonomy":"product_tag","embeddable":true,"href":"https:\/\/amberwithsilver.com\/en\/wp-json\/wp\/v2\/product_tag?post=3620"}],"curies":[{"name":"wp","href":"https:\/\/api.w.org\/{rel}","templated":true}]}}