{"id":3629,"date":"2024-11-27T16:34:55","date_gmt":"2024-11-27T14:34:55","guid":{"rendered":"https:\/\/amberwithsilver.com\/?post_type=product&#038;p=3629"},"modified":"2026-04-09T11:32:58","modified_gmt":"2026-04-09T09:32:58","slug":"krikscioniskas-gintaro-rozinis-geltona-spalva","status":"publish","type":"product","link":"https:\/\/amberwithsilver.com\/en\/product\/krikscioniskas-gintaro-rozinis-geltona-spalva\/","title":{"rendered":"Christian amber rosary - yellow color"},"content":{"rendered":"<p>Christian amber rosary - yellow color. The Christian rosary consists of 59 amber beads. There is no closure in this rosary.<\/p>\n<ul>\n<li>Round shape Baltic amber beads<\/li>\n<li>Natural yellow color<\/li>\n<li><span class=\"VIiyi\" lang=\"lt\"><span class=\"JLqJ4b ChMk0b\" data-language-for-alternatives=\"lt\" data-language-to-translate-into=\"en\" data-phrase-index=\"0\">Without closure<\/span><\/span><\/li>\n<li>Bead size: ~ 5-6 mm<\/li>\n<li>Weight: ~ 6,40 gr.<\/li>\n<\/ul>\n<p>*Please note that the color of the product may vary slightly from that shown in the photo, depending on the monitor used by the Buyer and the lighting settings in the photos.<\/p>","protected":false},"excerpt":{"rendered":"<p>Christian amber rosary - yellow color. The Christian rosary consists of 59 amber beads. There is no closure in this rosary.<\/p>\n<ul>\n<li>Round shape Baltic amber beads<\/li>\n<li>Natural yellow color<\/li>\n<li><span class=\"VIiyi\" lang=\"lt\"><span class=\"JLqJ4b ChMk0b\" data-language-for-alternatives=\"lt\" data-language-to-translate-into=\"en\" data-phrase-index=\"0\">Without closure<\/span><\/span><\/li>\n<li>Bead size: ~ 5-6 mm<\/li>\n<li>Weight: ~ 6,40 gr.<\/li>\n<\/ul>\n<p>*Please note that the color of the product may vary slightly from that shown in the photo, depending on the monitor used by the Buyer and the lighting settings in the photos.<\/p>","protected":false},"featured_media":3630,"comment_status":"open","ping_status":"closed","template":"","meta":[],"product_brand":[],"product_cat":[41,23],"product_tag":[364,1031,1095,1291,1292,1293,1294,1295,1296,1297],"class_list":{"0":"post-3629","1":"product","2":"type-product","3":"status-publish","4":"has-post-thumbnail","6":"product_cat-krikscioniski-gintaro-roziniai","7":"product_cat-gintariniai-maldos-karoliai","8":"product_tag-baltic-amber-rosary","9":"product_tag-krikscioniskas-gintaro-rozinis","10":"product_tag-maldos-karoliai-is-gintaro","11":"product_tag-christian-amber-rosary-natural-milky-color","12":"product_tag-krikscioniskas-gintaro-rozinis-geltona-spalva","13":"product_tag-krikscioniskas-gintaro-rozancius","14":"product_tag-gintariniai-maldos-karoliukai","15":"product_tag-amber-rosary","16":"product_tag-naturam-amber-rosary","17":"product_tag-amber-milky-color","19":"first","20":"instock","21":"taxable","22":"shipping-taxable","23":"purchasable","24":"product-type-simple"},"yoast_head":"<!-- This site is optimized with the Yoast SEO Premium plugin v23.4 (Yoast SEO v26.8) - https:\/\/yoast.com\/product\/yoast-seo-premium-wordpress\/ -->\n<title>Krik\u0161\u010dioni\u0161kas gintaro ro\u017einis - geltona spalva<\/title>\n<meta name=\"description\" content=\"Christian amber rosary - natural milky color. Krik\u0161\u010dioni\u0161kas ro\u017einis yra sudarytas i\u0161 59 \u0161arat\u0117li\u0173.\u00a0 Klasikiniai maldos karoliukai yra be u\u017esegimo.\" \/>\n<meta name=\"robots\" content=\"index, follow, max-snippet:-1, max-image-preview:large, max-video-preview:-1\" \/>\n<link rel=\"canonical\" href=\"https:\/\/amberwithsilver.com\/en\/product\/krikscioniskas-gintaro-rozinis-geltona-spalva\/\" \/>\n<meta property=\"og:locale\" content=\"en_US\" \/>\n<meta property=\"og:type\" content=\"article\" \/>\n<meta property=\"og:title\" content=\"Krik\u0161\u010dioni\u0161kas gintaro ro\u017einis - geltona spalva\" \/>\n<meta property=\"og:description\" content=\"Christian amber rosary - natural milky color. Krik\u0161\u010dioni\u0161kas ro\u017einis yra sudarytas i\u0161 59 \u0161arat\u0117li\u0173.\u00a0 Klasikiniai maldos karoliukai yra be u\u017esegimo.\" \/>\n<meta property=\"og:url\" content=\"https:\/\/amberwithsilver.com\/en\/product\/krikscioniskas-gintaro-rozinis-geltona-spalva\/\" \/>\n<meta property=\"og:site_name\" content=\"AmberWithSilver\" \/>\n<meta property=\"article:modified_time\" content=\"2026-04-09T09:32:58+00:00\" \/>\n<meta property=\"og:image\" content=\"https:\/\/amberwithsilver.com\/wp-content\/uploads\/2024\/11\/id.565.webp\" \/>\n\t<meta property=\"og:image:width\" content=\"640\" \/>\n\t<meta property=\"og:image:height\" content=\"594\" \/>\n\t<meta property=\"og:image:type\" content=\"image\/webp\" \/>\n<meta name=\"twitter:card\" content=\"summary_large_image\" \/>\n<meta name=\"twitter:label1\" content=\"Est. reading time\" \/>\n\t<meta name=\"twitter:data1\" content=\"1 minute\" \/>\n<script type=\"application\/ld+json\" class=\"yoast-schema-graph\">{\"@context\":\"https:\/\/schema.org\",\"@graph\":[{\"@type\":\"WebPage\",\"@id\":\"https:\/\/amberwithsilver.com\/product\/krikscioniskas-gintaro-rozinis-geltona-spalva\/\",\"url\":\"https:\/\/amberwithsilver.com\/product\/krikscioniskas-gintaro-rozinis-geltona-spalva\/\",\"name\":\"Krik\u0161\u010dioni\u0161kas gintaro ro\u017einis - geltona spalva\",\"isPartOf\":{\"@id\":\"https:\/\/amberwithsilver.com\/en\/#website\"},\"primaryImageOfPage\":{\"@id\":\"https:\/\/amberwithsilver.com\/product\/krikscioniskas-gintaro-rozinis-geltona-spalva\/#primaryimage\"},\"image\":{\"@id\":\"https:\/\/amberwithsilver.com\/product\/krikscioniskas-gintaro-rozinis-geltona-spalva\/#primaryimage\"},\"thumbnailUrl\":\"https:\/\/amberwithsilver.com\/wp-content\/uploads\/2024\/11\/id.565.webp\",\"datePublished\":\"2024-11-27T14:34:55+00:00\",\"dateModified\":\"2026-04-09T09:32:58+00:00\",\"description\":\"Christian amber rosary - natural milky color. Krik\u0161\u010dioni\u0161kas ro\u017einis yra sudarytas i\u0161 59 \u0161arat\u0117li\u0173.\u00a0 Klasikiniai maldos karoliukai yra be u\u017esegimo.\",\"breadcrumb\":{\"@id\":\"https:\/\/amberwithsilver.com\/product\/krikscioniskas-gintaro-rozinis-geltona-spalva\/#breadcrumb\"},\"inLanguage\":\"en-US\",\"potentialAction\":[{\"@type\":\"ReadAction\",\"target\":[\"https:\/\/amberwithsilver.com\/product\/krikscioniskas-gintaro-rozinis-geltona-spalva\/\"]}]},{\"@type\":\"ImageObject\",\"inLanguage\":\"en-US\",\"@id\":\"https:\/\/amberwithsilver.com\/product\/krikscioniskas-gintaro-rozinis-geltona-spalva\/#primaryimage\",\"url\":\"https:\/\/amberwithsilver.com\/wp-content\/uploads\/2024\/11\/id.565.webp\",\"contentUrl\":\"https:\/\/amberwithsilver.com\/wp-content\/uploads\/2024\/11\/id.565.webp\",\"width\":640,\"height\":594,\"caption\":\"Krik\u0161\u010dioni\u0161kas gintaro ro\u017einis - geltona spalva, Christian amber rosary - natural milky color\"},{\"@type\":\"BreadcrumbList\",\"@id\":\"https:\/\/amberwithsilver.com\/product\/krikscioniskas-gintaro-rozinis-geltona-spalva\/#breadcrumb\",\"itemListElement\":[{\"@type\":\"ListItem\",\"position\":1,\"name\":\"Home\",\"item\":\"https:\/\/amberwithsilver.com\/\"},{\"@type\":\"ListItem\",\"position\":2,\"name\":\"Parduotuv\u0117\",\"item\":\"https:\/\/amberwithsilver.com\/en\/parduotuve\/\"},{\"@type\":\"ListItem\",\"position\":3,\"name\":\"Krik\u0161\u010dioni\u0161kas gintaro ro\u017einis &#8211; geltona spalva\"}]},{\"@type\":\"WebSite\",\"@id\":\"https:\/\/amberwithsilver.com\/en\/#website\",\"url\":\"https:\/\/amberwithsilver.com\/en\/\",\"name\":\"AmberWithSilver\",\"description\":\"Amber-Silver\",\"publisher\":{\"@id\":\"https:\/\/amberwithsilver.com\/en\/#organization\"},\"potentialAction\":[{\"@type\":\"SearchAction\",\"target\":{\"@type\":\"EntryPoint\",\"urlTemplate\":\"https:\/\/amberwithsilver.com\/en\/?s={search_term_string}\"},\"query-input\":{\"@type\":\"PropertyValueSpecification\",\"valueRequired\":true,\"valueName\":\"search_term_string\"}}],\"inLanguage\":\"en-US\"},{\"@type\":\"Organization\",\"@id\":\"https:\/\/amberwithsilver.com\/en\/#organization\",\"name\":\"amberwithsilver\",\"url\":\"https:\/\/amberwithsilver.com\/en\/\",\"logo\":{\"@type\":\"ImageObject\",\"inLanguage\":\"en-US\",\"@id\":\"https:\/\/amberwithsilver.com\/en\/#\/schema\/logo\/image\/\",\"url\":\"https:\/\/i0.wp.com\/amberwithsilver.com\/wp-content\/uploads\/2020\/12\/logo.jpg?fit=232%2C116&ssl=1\",\"contentUrl\":\"https:\/\/i0.wp.com\/amberwithsilver.com\/wp-content\/uploads\/2020\/12\/logo.jpg?fit=232%2C116&ssl=1\",\"width\":232,\"height\":116,\"caption\":\"amberwithsilver\"},\"image\":{\"@id\":\"https:\/\/amberwithsilver.com\/en\/#\/schema\/logo\/image\/\"}}]}<\/script>\n<!-- \/ Yoast SEO Premium plugin. -->","yoast_head_json":{"title":"Krik\u0161\u010dioni\u0161kas gintaro ro\u017einis - geltona spalva","description":"Christian amber rosary - natural milky color. Krik\u0161\u010dioni\u0161kas ro\u017einis yra sudarytas i\u0161 59 \u0161arat\u0117li\u0173.\u00a0 Klasikiniai maldos karoliukai yra be u\u017esegimo.","robots":{"index":"index","follow":"follow","max-snippet":"max-snippet:-1","max-image-preview":"max-image-preview:large","max-video-preview":"max-video-preview:-1"},"canonical":"https:\/\/amberwithsilver.com\/en\/product\/krikscioniskas-gintaro-rozinis-geltona-spalva\/","og_locale":"en_US","og_type":"article","og_title":"Krik\u0161\u010dioni\u0161kas gintaro ro\u017einis - geltona spalva","og_description":"Christian amber rosary - natural milky color. Krik\u0161\u010dioni\u0161kas ro\u017einis yra sudarytas i\u0161 59 \u0161arat\u0117li\u0173.\u00a0 Klasikiniai maldos karoliukai yra be u\u017esegimo.","og_url":"https:\/\/amberwithsilver.com\/en\/product\/krikscioniskas-gintaro-rozinis-geltona-spalva\/","og_site_name":"AmberWithSilver","article_modified_time":"2026-04-09T09:32:58+00:00","og_image":[{"width":640,"height":594,"url":"https:\/\/amberwithsilver.com\/wp-content\/uploads\/2024\/11\/id.565.webp","type":"image\/webp"}],"twitter_card":"summary_large_image","twitter_misc":{"Est. reading time":"1 minute"},"schema":{"@context":"https:\/\/schema.org","@graph":[{"@type":"WebPage","@id":"https:\/\/amberwithsilver.com\/product\/krikscioniskas-gintaro-rozinis-geltona-spalva\/","url":"https:\/\/amberwithsilver.com\/product\/krikscioniskas-gintaro-rozinis-geltona-spalva\/","name":"Krik\u0161\u010dioni\u0161kas gintaro ro\u017einis - geltona spalva","isPartOf":{"@id":"https:\/\/amberwithsilver.com\/en\/#website"},"primaryImageOfPage":{"@id":"https:\/\/amberwithsilver.com\/product\/krikscioniskas-gintaro-rozinis-geltona-spalva\/#primaryimage"},"image":{"@id":"https:\/\/amberwithsilver.com\/product\/krikscioniskas-gintaro-rozinis-geltona-spalva\/#primaryimage"},"thumbnailUrl":"https:\/\/amberwithsilver.com\/wp-content\/uploads\/2024\/11\/id.565.webp","datePublished":"2024-11-27T14:34:55+00:00","dateModified":"2026-04-09T09:32:58+00:00","description":"Christian amber rosary - natural milky color. Krik\u0161\u010dioni\u0161kas ro\u017einis yra sudarytas i\u0161 59 \u0161arat\u0117li\u0173.\u00a0 Klasikiniai maldos karoliukai yra be u\u017esegimo.","breadcrumb":{"@id":"https:\/\/amberwithsilver.com\/product\/krikscioniskas-gintaro-rozinis-geltona-spalva\/#breadcrumb"},"inLanguage":"en-US","potentialAction":[{"@type":"ReadAction","target":["https:\/\/amberwithsilver.com\/product\/krikscioniskas-gintaro-rozinis-geltona-spalva\/"]}]},{"@type":"ImageObject","inLanguage":"en-US","@id":"https:\/\/amberwithsilver.com\/product\/krikscioniskas-gintaro-rozinis-geltona-spalva\/#primaryimage","url":"https:\/\/amberwithsilver.com\/wp-content\/uploads\/2024\/11\/id.565.webp","contentUrl":"https:\/\/amberwithsilver.com\/wp-content\/uploads\/2024\/11\/id.565.webp","width":640,"height":594,"caption":"Krik\u0161\u010dioni\u0161kas gintaro ro\u017einis - geltona spalva, Christian amber rosary - natural milky color"},{"@type":"BreadcrumbList","@id":"https:\/\/amberwithsilver.com\/product\/krikscioniskas-gintaro-rozinis-geltona-spalva\/#breadcrumb","itemListElement":[{"@type":"ListItem","position":1,"name":"Home","item":"https:\/\/amberwithsilver.com\/"},{"@type":"ListItem","position":2,"name":"Parduotuv\u0117","item":"https:\/\/amberwithsilver.com\/en\/parduotuve\/"},{"@type":"ListItem","position":3,"name":"Krik\u0161\u010dioni\u0161kas gintaro ro\u017einis &#8211; geltona spalva"}]},{"@type":"WebSite","@id":"https:\/\/amberwithsilver.com\/en\/#website","url":"https:\/\/amberwithsilver.com\/en\/","name":"AmberWithSilver","description":"Amber-Silver","publisher":{"@id":"https:\/\/amberwithsilver.com\/en\/#organization"},"potentialAction":[{"@type":"SearchAction","target":{"@type":"EntryPoint","urlTemplate":"https:\/\/amberwithsilver.com\/en\/?s={search_term_string}"},"query-input":{"@type":"PropertyValueSpecification","valueRequired":true,"valueName":"search_term_string"}}],"inLanguage":"en-US"},{"@type":"Organization","@id":"https:\/\/amberwithsilver.com\/en\/#organization","name":"amberwithsilver","url":"https:\/\/amberwithsilver.com\/en\/","logo":{"@type":"ImageObject","inLanguage":"en-US","@id":"https:\/\/amberwithsilver.com\/en\/#\/schema\/logo\/image\/","url":"https:\/\/i0.wp.com\/amberwithsilver.com\/wp-content\/uploads\/2020\/12\/logo.jpg?fit=232%2C116&ssl=1","contentUrl":"https:\/\/i0.wp.com\/amberwithsilver.com\/wp-content\/uploads\/2020\/12\/logo.jpg?fit=232%2C116&ssl=1","width":232,"height":116,"caption":"amberwithsilver"},"image":{"@id":"https:\/\/amberwithsilver.com\/en\/#\/schema\/logo\/image\/"}}]}},"jetpack_sharing_enabled":true,"_links":{"self":[{"href":"https:\/\/amberwithsilver.com\/en\/wp-json\/wp\/v2\/product\/3629","targetHints":{"allow":["GET"]}}],"collection":[{"href":"https:\/\/amberwithsilver.com\/en\/wp-json\/wp\/v2\/product"}],"about":[{"href":"https:\/\/amberwithsilver.com\/en\/wp-json\/wp\/v2\/types\/product"}],"replies":[{"embeddable":true,"href":"https:\/\/amberwithsilver.com\/en\/wp-json\/wp\/v2\/comments?post=3629"}],"version-history":[{"count":1,"href":"https:\/\/amberwithsilver.com\/en\/wp-json\/wp\/v2\/product\/3629\/revisions"}],"predecessor-version":[{"id":4214,"href":"https:\/\/amberwithsilver.com\/en\/wp-json\/wp\/v2\/product\/3629\/revisions\/4214"}],"wp:featuredmedia":[{"embeddable":true,"href":"https:\/\/amberwithsilver.com\/en\/wp-json\/wp\/v2\/media\/3630"}],"wp:attachment":[{"href":"https:\/\/amberwithsilver.com\/en\/wp-json\/wp\/v2\/media?parent=3629"}],"wp:term":[{"taxonomy":"product_brand","embeddable":true,"href":"https:\/\/amberwithsilver.com\/en\/wp-json\/wp\/v2\/product_brand?post=3629"},{"taxonomy":"product_cat","embeddable":true,"href":"https:\/\/amberwithsilver.com\/en\/wp-json\/wp\/v2\/product_cat?post=3629"},{"taxonomy":"product_tag","embeddable":true,"href":"https:\/\/amberwithsilver.com\/en\/wp-json\/wp\/v2\/product_tag?post=3629"}],"curies":[{"name":"wp","href":"https:\/\/api.w.org\/{rel}","templated":true}]}}