{"id":3635,"date":"2024-11-29T13:46:15","date_gmt":"2024-11-29T11:46:15","guid":{"rendered":"https:\/\/amberwithsilver.com\/?post_type=product&#038;p=3635"},"modified":"2025-02-10T18:38:57","modified_gmt":"2025-02-10T16:38:57","slug":"gintarine-dezute-lietuva","status":"publish","type":"product","link":"https:\/\/amberwithsilver.com\/en\/product\/gintarine-dezute-lietuva\/","title":{"rendered":"Amber box LIETUVA"},"content":{"rendered":"<p>Amber box LIETUVA.<\/p>\n<ul>\n<li><span class=\"VIiyi\" lang=\"lt\"><span class=\"JLqJ4b ChMk0b\" data-language-for-alternatives=\"lt\" data-language-to-translate-into=\"en\" data-phrase-index=\"4\" data-number-of-phrases=\"5\">Genuine Baltic amber<\/span><\/span><\/li>\n<li>Wood<\/li>\n<li>Color: yellow, white, dark cognac<\/li>\n<li>Size: 8\u00d75.5\u00d74 cm.<\/li>\n<\/ul>\n<p>*Please note that the color of the product may vary slightly from that shown in the photo, depending on the monitor used by the Buyer and the lighting settings in the photos.<\/p>","protected":false},"excerpt":{"rendered":"<p>Amber box LIETUVA.<\/p>\n<ul>\n<li><span class=\"VIiyi\" lang=\"lt\"><span class=\"JLqJ4b ChMk0b\" data-language-for-alternatives=\"lt\" data-language-to-translate-into=\"en\" data-phrase-index=\"4\" data-number-of-phrases=\"5\">Genuine Baltic amber<\/span><\/span><\/li>\n<li>Wood<\/li>\n<li>Color: yellow, white, dark cognac<\/li>\n<li>Size: 8\u00d75.5\u00d74 cm.<\/li>\n<\/ul>\n<p>*Please note that the color of the product may vary slightly from that shown in the photo, depending on the monitor used by the Buyer and the lighting settings in the photos.<\/p>","protected":false},"featured_media":3636,"comment_status":"open","ping_status":"closed","template":"","meta":[],"product_brand":[],"product_cat":[48,45],"product_tag":[523,1252,1298,1299,1300,1301,1302,1303,1320,1321,1322,1323],"class_list":{"0":"post-3635","1":"product","2":"type-product","3":"status-publish","4":"has-post-thumbnail","6":"product_cat-gintarines-dezutes","7":"product_cat-gintaro-suvenyrai","8":"product_tag-gintarine-dezute","9":"product_tag-dovana-is-gintaro","10":"product_tag-medine-dezute","11":"product_tag-dekoruota-gintaru","12":"product_tag-gintarine-dezute-lietuva","13":"product_tag-amber-box-lithuania","14":"product_tag-amber-and-wood","15":"product_tag-amber-and-wood-box","16":"product_tag-suvenyras-su-gintaru","17":"product_tag-dovana-su-gintaru","18":"product_tag-amber-souvenir","19":"product_tag-gift-from-amber","21":"first","22":"instock","23":"taxable","24":"shipping-taxable","25":"purchasable","26":"product-type-simple"},"yoast_head":"<!-- This site is optimized with the Yoast SEO Premium plugin v23.4 (Yoast SEO v26.8) - https:\/\/yoast.com\/product\/yoast-seo-premium-wordpress\/ -->\n<title>Medin\u0117 d\u0117\u017eut\u0117, dekoruota gintaru<\/title>\n<meta name=\"description\" content=\"Medin\u0117 d\u0117\u017eut\u0117, dekoruota gintaru, Gintarin\u0117 d\u0117\u017eut\u0117 LIETUVA, \u00a0Amber Box LITHUANIA, amber and wood box, amber souvenir from Lithuania, box with amber,\" \/>\n<meta name=\"robots\" content=\"index, follow, max-snippet:-1, max-image-preview:large, max-video-preview:-1\" \/>\n<link rel=\"canonical\" href=\"https:\/\/amberwithsilver.com\/en\/product\/gintarine-dezute-lietuva\/\" \/>\n<meta property=\"og:locale\" content=\"en_US\" \/>\n<meta property=\"og:type\" content=\"article\" \/>\n<meta property=\"og:title\" content=\"Gintarin\u0117 d\u0117\u017eut\u0117 LIETUVA\" \/>\n<meta property=\"og:description\" content=\"Medin\u0117 d\u0117\u017eut\u0117, dekoruota gintaru, Gintarin\u0117 d\u0117\u017eut\u0117 LIETUVA, \u00a0Amber Box LITHUANIA, amber and wood box, amber souvenir from Lithuania, box with amber,\" \/>\n<meta property=\"og:url\" content=\"https:\/\/amberwithsilver.com\/en\/product\/gintarine-dezute-lietuva\/\" \/>\n<meta property=\"og:site_name\" content=\"AmberWithSilver\" \/>\n<meta property=\"article:modified_time\" content=\"2025-02-10T16:38:57+00:00\" \/>\n<meta property=\"og:image\" content=\"https:\/\/amberwithsilver.com\/wp-content\/uploads\/2024\/11\/image04.webp\" \/>\n\t<meta property=\"og:image:width\" content=\"1920\" \/>\n\t<meta property=\"og:image:height\" content=\"1853\" \/>\n\t<meta property=\"og:image:type\" content=\"image\/webp\" \/>\n<meta name=\"twitter:card\" content=\"summary_large_image\" \/>\n<meta name=\"twitter:label1\" content=\"Est. reading time\" \/>\n\t<meta name=\"twitter:data1\" content=\"1 minute\" \/>\n<script type=\"application\/ld+json\" class=\"yoast-schema-graph\">{\"@context\":\"https:\/\/schema.org\",\"@graph\":[{\"@type\":\"WebPage\",\"@id\":\"https:\/\/amberwithsilver.com\/product\/gintarine-dezute-lietuva\/\",\"url\":\"https:\/\/amberwithsilver.com\/product\/gintarine-dezute-lietuva\/\",\"name\":\"Medin\u0117 d\u0117\u017eut\u0117, dekoruota gintaru\",\"isPartOf\":{\"@id\":\"https:\/\/amberwithsilver.com\/en\/#website\"},\"primaryImageOfPage\":{\"@id\":\"https:\/\/amberwithsilver.com\/product\/gintarine-dezute-lietuva\/#primaryimage\"},\"image\":{\"@id\":\"https:\/\/amberwithsilver.com\/product\/gintarine-dezute-lietuva\/#primaryimage\"},\"thumbnailUrl\":\"https:\/\/amberwithsilver.com\/wp-content\/uploads\/2024\/11\/image04.webp\",\"datePublished\":\"2024-11-29T11:46:15+00:00\",\"dateModified\":\"2025-02-10T16:38:57+00:00\",\"description\":\"Medin\u0117 d\u0117\u017eut\u0117, dekoruota gintaru, Gintarin\u0117 d\u0117\u017eut\u0117 LIETUVA, \u00a0Amber Box LITHUANIA, amber and wood box, amber souvenir from Lithuania, box with amber,\",\"breadcrumb\":{\"@id\":\"https:\/\/amberwithsilver.com\/product\/gintarine-dezute-lietuva\/#breadcrumb\"},\"inLanguage\":\"en-US\",\"potentialAction\":[{\"@type\":\"ReadAction\",\"target\":[\"https:\/\/amberwithsilver.com\/product\/gintarine-dezute-lietuva\/\"]}]},{\"@type\":\"ImageObject\",\"inLanguage\":\"en-US\",\"@id\":\"https:\/\/amberwithsilver.com\/product\/gintarine-dezute-lietuva\/#primaryimage\",\"url\":\"https:\/\/amberwithsilver.com\/wp-content\/uploads\/2024\/11\/image04.webp\",\"contentUrl\":\"https:\/\/amberwithsilver.com\/wp-content\/uploads\/2024\/11\/image04.webp\",\"width\":1920,\"height\":1853,\"caption\":\"\u00a0Amber Box LITHUANIA, Gintarin\u0117 d\u0117\u017eut\u0117 LIETUVA\"},{\"@type\":\"BreadcrumbList\",\"@id\":\"https:\/\/amberwithsilver.com\/product\/gintarine-dezute-lietuva\/#breadcrumb\",\"itemListElement\":[{\"@type\":\"ListItem\",\"position\":1,\"name\":\"Home\",\"item\":\"https:\/\/amberwithsilver.com\/\"},{\"@type\":\"ListItem\",\"position\":2,\"name\":\"Parduotuv\u0117\",\"item\":\"https:\/\/amberwithsilver.com\/en\/parduotuve\/\"},{\"@type\":\"ListItem\",\"position\":3,\"name\":\"Gintarin\u0117 d\u0117\u017eut\u0117 LIETUVA\"}]},{\"@type\":\"WebSite\",\"@id\":\"https:\/\/amberwithsilver.com\/en\/#website\",\"url\":\"https:\/\/amberwithsilver.com\/en\/\",\"name\":\"AmberWithSilver\",\"description\":\"Amber-Silver\",\"publisher\":{\"@id\":\"https:\/\/amberwithsilver.com\/en\/#organization\"},\"potentialAction\":[{\"@type\":\"SearchAction\",\"target\":{\"@type\":\"EntryPoint\",\"urlTemplate\":\"https:\/\/amberwithsilver.com\/en\/?s={search_term_string}\"},\"query-input\":{\"@type\":\"PropertyValueSpecification\",\"valueRequired\":true,\"valueName\":\"search_term_string\"}}],\"inLanguage\":\"en-US\"},{\"@type\":\"Organization\",\"@id\":\"https:\/\/amberwithsilver.com\/en\/#organization\",\"name\":\"amberwithsilver\",\"url\":\"https:\/\/amberwithsilver.com\/en\/\",\"logo\":{\"@type\":\"ImageObject\",\"inLanguage\":\"en-US\",\"@id\":\"https:\/\/amberwithsilver.com\/en\/#\/schema\/logo\/image\/\",\"url\":\"https:\/\/i0.wp.com\/amberwithsilver.com\/wp-content\/uploads\/2020\/12\/logo.jpg?fit=232%2C116&ssl=1\",\"contentUrl\":\"https:\/\/i0.wp.com\/amberwithsilver.com\/wp-content\/uploads\/2020\/12\/logo.jpg?fit=232%2C116&ssl=1\",\"width\":232,\"height\":116,\"caption\":\"amberwithsilver\"},\"image\":{\"@id\":\"https:\/\/amberwithsilver.com\/en\/#\/schema\/logo\/image\/\"}}]}<\/script>\n<!-- \/ Yoast SEO Premium plugin. -->","yoast_head_json":{"title":"Medin\u0117 d\u0117\u017eut\u0117, dekoruota gintaru","description":"Medin\u0117 d\u0117\u017eut\u0117, dekoruota gintaru, Gintarin\u0117 d\u0117\u017eut\u0117 LIETUVA, \u00a0Amber Box LITHUANIA, amber and wood box, amber souvenir from Lithuania, box with amber,","robots":{"index":"index","follow":"follow","max-snippet":"max-snippet:-1","max-image-preview":"max-image-preview:large","max-video-preview":"max-video-preview:-1"},"canonical":"https:\/\/amberwithsilver.com\/en\/product\/gintarine-dezute-lietuva\/","og_locale":"en_US","og_type":"article","og_title":"Gintarin\u0117 d\u0117\u017eut\u0117 LIETUVA","og_description":"Medin\u0117 d\u0117\u017eut\u0117, dekoruota gintaru, Gintarin\u0117 d\u0117\u017eut\u0117 LIETUVA, \u00a0Amber Box LITHUANIA, amber and wood box, amber souvenir from Lithuania, box with amber,","og_url":"https:\/\/amberwithsilver.com\/en\/product\/gintarine-dezute-lietuva\/","og_site_name":"AmberWithSilver","article_modified_time":"2025-02-10T16:38:57+00:00","og_image":[{"width":1920,"height":1853,"url":"https:\/\/amberwithsilver.com\/wp-content\/uploads\/2024\/11\/image04.webp","type":"image\/webp"}],"twitter_card":"summary_large_image","twitter_misc":{"Est. reading time":"1 minute"},"schema":{"@context":"https:\/\/schema.org","@graph":[{"@type":"WebPage","@id":"https:\/\/amberwithsilver.com\/product\/gintarine-dezute-lietuva\/","url":"https:\/\/amberwithsilver.com\/product\/gintarine-dezute-lietuva\/","name":"Medin\u0117 d\u0117\u017eut\u0117, dekoruota gintaru","isPartOf":{"@id":"https:\/\/amberwithsilver.com\/en\/#website"},"primaryImageOfPage":{"@id":"https:\/\/amberwithsilver.com\/product\/gintarine-dezute-lietuva\/#primaryimage"},"image":{"@id":"https:\/\/amberwithsilver.com\/product\/gintarine-dezute-lietuva\/#primaryimage"},"thumbnailUrl":"https:\/\/amberwithsilver.com\/wp-content\/uploads\/2024\/11\/image04.webp","datePublished":"2024-11-29T11:46:15+00:00","dateModified":"2025-02-10T16:38:57+00:00","description":"Medin\u0117 d\u0117\u017eut\u0117, dekoruota gintaru, Gintarin\u0117 d\u0117\u017eut\u0117 LIETUVA, \u00a0Amber Box LITHUANIA, amber and wood box, amber souvenir from Lithuania, box with amber,","breadcrumb":{"@id":"https:\/\/amberwithsilver.com\/product\/gintarine-dezute-lietuva\/#breadcrumb"},"inLanguage":"en-US","potentialAction":[{"@type":"ReadAction","target":["https:\/\/amberwithsilver.com\/product\/gintarine-dezute-lietuva\/"]}]},{"@type":"ImageObject","inLanguage":"en-US","@id":"https:\/\/amberwithsilver.com\/product\/gintarine-dezute-lietuva\/#primaryimage","url":"https:\/\/amberwithsilver.com\/wp-content\/uploads\/2024\/11\/image04.webp","contentUrl":"https:\/\/amberwithsilver.com\/wp-content\/uploads\/2024\/11\/image04.webp","width":1920,"height":1853,"caption":"\u00a0Amber Box LITHUANIA, Gintarin\u0117 d\u0117\u017eut\u0117 LIETUVA"},{"@type":"BreadcrumbList","@id":"https:\/\/amberwithsilver.com\/product\/gintarine-dezute-lietuva\/#breadcrumb","itemListElement":[{"@type":"ListItem","position":1,"name":"Home","item":"https:\/\/amberwithsilver.com\/"},{"@type":"ListItem","position":2,"name":"Parduotuv\u0117","item":"https:\/\/amberwithsilver.com\/en\/parduotuve\/"},{"@type":"ListItem","position":3,"name":"Gintarin\u0117 d\u0117\u017eut\u0117 LIETUVA"}]},{"@type":"WebSite","@id":"https:\/\/amberwithsilver.com\/en\/#website","url":"https:\/\/amberwithsilver.com\/en\/","name":"AmberWithSilver","description":"Amber-Silver","publisher":{"@id":"https:\/\/amberwithsilver.com\/en\/#organization"},"potentialAction":[{"@type":"SearchAction","target":{"@type":"EntryPoint","urlTemplate":"https:\/\/amberwithsilver.com\/en\/?s={search_term_string}"},"query-input":{"@type":"PropertyValueSpecification","valueRequired":true,"valueName":"search_term_string"}}],"inLanguage":"en-US"},{"@type":"Organization","@id":"https:\/\/amberwithsilver.com\/en\/#organization","name":"amberwithsilver","url":"https:\/\/amberwithsilver.com\/en\/","logo":{"@type":"ImageObject","inLanguage":"en-US","@id":"https:\/\/amberwithsilver.com\/en\/#\/schema\/logo\/image\/","url":"https:\/\/i0.wp.com\/amberwithsilver.com\/wp-content\/uploads\/2020\/12\/logo.jpg?fit=232%2C116&ssl=1","contentUrl":"https:\/\/i0.wp.com\/amberwithsilver.com\/wp-content\/uploads\/2020\/12\/logo.jpg?fit=232%2C116&ssl=1","width":232,"height":116,"caption":"amberwithsilver"},"image":{"@id":"https:\/\/amberwithsilver.com\/en\/#\/schema\/logo\/image\/"}}]}},"jetpack_sharing_enabled":true,"_links":{"self":[{"href":"https:\/\/amberwithsilver.com\/en\/wp-json\/wp\/v2\/product\/3635","targetHints":{"allow":["GET"]}}],"collection":[{"href":"https:\/\/amberwithsilver.com\/en\/wp-json\/wp\/v2\/product"}],"about":[{"href":"https:\/\/amberwithsilver.com\/en\/wp-json\/wp\/v2\/types\/product"}],"replies":[{"embeddable":true,"href":"https:\/\/amberwithsilver.com\/en\/wp-json\/wp\/v2\/comments?post=3635"}],"version-history":[{"count":0,"href":"https:\/\/amberwithsilver.com\/en\/wp-json\/wp\/v2\/product\/3635\/revisions"}],"wp:featuredmedia":[{"embeddable":true,"href":"https:\/\/amberwithsilver.com\/en\/wp-json\/wp\/v2\/media\/3636"}],"wp:attachment":[{"href":"https:\/\/amberwithsilver.com\/en\/wp-json\/wp\/v2\/media?parent=3635"}],"wp:term":[{"taxonomy":"product_brand","embeddable":true,"href":"https:\/\/amberwithsilver.com\/en\/wp-json\/wp\/v2\/product_brand?post=3635"},{"taxonomy":"product_cat","embeddable":true,"href":"https:\/\/amberwithsilver.com\/en\/wp-json\/wp\/v2\/product_cat?post=3635"},{"taxonomy":"product_tag","embeddable":true,"href":"https:\/\/amberwithsilver.com\/en\/wp-json\/wp\/v2\/product_tag?post=3635"}],"curies":[{"name":"wp","href":"https:\/\/api.w.org\/{rel}","templated":true}]}}