{"id":3642,"date":"2024-12-06T10:10:38","date_gmt":"2024-12-06T08:10:38","guid":{"rendered":"https:\/\/amberwithsilver.com\/?post_type=product&#038;p=3642"},"modified":"2024-12-06T10:10:38","modified_gmt":"2024-12-06T08:10:38","slug":"skaidraus-gintaro-karoliai-su-inkliuzais","status":"publish","type":"product","link":"https:\/\/amberwithsilver.com\/en\/product\/skaidraus-gintaro-karoliai-su-inkliuzais\/","title":{"rendered":"Skaidraus gintaro karoliai su inkliuzais"},"content":{"rendered":"<p>Skaidraus gintaro karoliai su inkliuzais.\u00a0Vienetiniai gintaro karoliai yra pagaminti i\u0161 medaus spalvos, stiling\u0173, rank\u0173 darbo detali\u0173. Karoliai yra ypatingi d\u0117l to, kad kiekvienoje gintaro detal\u0117je slypi inkliuzas.<\/p>\n<p>Nuo seno ypa\u010d vertingais yra laikomi gintaro gabalai su viduje \u012fstrigusiais vabzd\u017eiais. Gintaro su \u012fstrigusiais vabzd\u017eiais pavyzd\u017eiai vadinami inkliuzais. Da\u017eniausiai gintare aptinkami augaliniai inkliuzai, smulkieji mi\u0161ko vabzd\u017eiai. Ta\u010diau gintaro nariuotakoj\u0173 fauna yra ypa\u010d \u012fdomi. Tai skorpionai, erk\u0117s, vorai, \u0161imtakojai. Jie gintare aptinkami labai retai.<\/p>\n<ul>\n<li>Natural Baltic amber<\/li>\n<li>Rank\u0173 darbo ovalios gintaro detal\u0117s<\/li>\n<li>U\u017esegimas: auksuotas sidabras 925<\/li>\n<li>Lenght: ~ 52 cm<\/li>\n<li>Svoris: ~ 72,80 gr.<\/li>\n<\/ul>\n<p>&nbsp;<\/p>\n<p>*Please note that the color of the product may vary slightly from that shown in the photo, depending on the monitor used by the Buyer and the lighting settings in the photos.<\/p>","protected":false},"excerpt":{"rendered":"<p>Skaidraus gintaro karoliai su inkliuzais.\u00a0Vienetiniai gintaro karoliai yra pagaminti i\u0161 medaus spalvos, stiling\u0173, rank\u0173 darbo detali\u0173. Karoliai yra ypatingi d\u0117l to, kad kiekvienoje gintaro detal\u0117je slypi inkliuzas.<\/p>\n<p>Nuo seno ypa\u010d vertingais yra laikomi gintaro gabalai su viduje \u012fstrigusiais vabzd\u017eiais. Gintaro su \u012fstrigusiais vabzd\u017eiais pavyzd\u017eiai vadinami inkliuzais. Da\u017eniausiai gintare aptinkami augaliniai inkliuzai, smulkieji mi\u0161ko vabzd\u017eiai. Ta\u010diau gintaro nariuotakoj\u0173 fauna yra ypa\u010d \u012fdomi. Tai skorpionai, erk\u0117s, vorai, \u0161imtakojai. Jie gintare aptinkami labai retai.<\/p>\n<ul>\n<li>Natural Baltic amber<\/li>\n<li>Rank\u0173 darbo ovalios gintaro detal\u0117s<\/li>\n<li>U\u017esegimas: auksuotas sidabras 925<\/li>\n<li>Lenght: ~ 52 cm<\/li>\n<li>Svoris: ~ 72,80 gr.<\/li>\n<\/ul>\n<p>&nbsp;<\/p>\n<p>*Please note that the color of the product may vary slightly from that shown in the photo, depending on the monitor used by the Buyer and the lighting settings in the photos.<\/p>","protected":false},"featured_media":0,"comment_status":"open","ping_status":"closed","template":"","meta":[],"product_brand":[],"product_cat":[35,25],"product_tag":[731,1304,1305,1306,1307,1308],"class_list":{"0":"post-3642","1":"product","2":"type-product","3":"status-publish","5":"product_cat-gintaro-karoliai","6":"product_cat-gintaras-su-inkliuzais","7":"product_tag-amber-with-insects","8":"product_tag-transparent-amber-necklace-with-inclusions","9":"product_tag-skaidraus-gintaro-karoliai-su-inkliuzais","10":"product_tag-gintaras-su-inkliuzais","11":"product_tag-gintaras-su-insektais","12":"product_tag-gintaras-su-vabzdziais","14":"first","15":"instock","16":"taxable","17":"shipping-taxable","18":"product-type-simple"},"yoast_head":"<!-- This site is optimized with the Yoast SEO Premium plugin v23.4 (Yoast SEO v26.8) - https:\/\/yoast.com\/product\/yoast-seo-premium-wordpress\/ -->\n<title>Skaidraus gintaro karoliai su inkliuzais - AmberWithSilver<\/title>\n<meta name=\"description\" content=\"Skaidraus gintaro karoliai su inkliuzais\" \/>\n<meta name=\"robots\" content=\"index, follow, max-snippet:-1, max-image-preview:large, max-video-preview:-1\" \/>\n<link rel=\"canonical\" href=\"https:\/\/amberwithsilver.com\/en\/product\/skaidraus-gintaro-karoliai-su-inkliuzais\/\" \/>\n<meta property=\"og:locale\" content=\"en_US\" \/>\n<meta property=\"og:type\" content=\"article\" \/>\n<meta property=\"og:title\" content=\"Skaidraus gintaro karoliai su inkliuzais\" \/>\n<meta property=\"og:description\" content=\"Skaidraus gintaro karoliai su inkliuzais\" \/>\n<meta property=\"og:url\" content=\"https:\/\/amberwithsilver.com\/en\/product\/skaidraus-gintaro-karoliai-su-inkliuzais\/\" \/>\n<meta property=\"og:site_name\" content=\"AmberWithSilver\" \/>\n<meta name=\"twitter:card\" content=\"summary_large_image\" \/>\n<meta name=\"twitter:label1\" content=\"Est. reading time\" \/>\n\t<meta name=\"twitter:data1\" content=\"1 minute\" \/>\n<script type=\"application\/ld+json\" class=\"yoast-schema-graph\">{\"@context\":\"https:\/\/schema.org\",\"@graph\":[{\"@type\":\"WebPage\",\"@id\":\"https:\/\/amberwithsilver.com\/?post_type=product&p=3642\",\"url\":\"https:\/\/amberwithsilver.com\/?post_type=product&p=3642\",\"name\":\"Skaidraus gintaro karoliai su inkliuzais - AmberWithSilver\",\"isPartOf\":{\"@id\":\"https:\/\/amberwithsilver.com\/en\/#website\"},\"datePublished\":\"2024-12-06T08:10:38+00:00\",\"description\":\"Skaidraus gintaro karoliai su inkliuzais\",\"breadcrumb\":{\"@id\":\"https:\/\/amberwithsilver.com\/?post_type=product&p=3642#breadcrumb\"},\"inLanguage\":\"en-US\",\"potentialAction\":[{\"@type\":\"ReadAction\",\"target\":[\"https:\/\/amberwithsilver.com\/?post_type=product&p=3642\"]}]},{\"@type\":\"BreadcrumbList\",\"@id\":\"https:\/\/amberwithsilver.com\/?post_type=product&p=3642#breadcrumb\",\"itemListElement\":[{\"@type\":\"ListItem\",\"position\":1,\"name\":\"Home\",\"item\":\"https:\/\/amberwithsilver.com\/\"},{\"@type\":\"ListItem\",\"position\":2,\"name\":\"Parduotuv\u0117\",\"item\":\"https:\/\/amberwithsilver.com\/en\/parduotuve\/\"},{\"@type\":\"ListItem\",\"position\":3,\"name\":\"Skaidraus gintaro karoliai su inkliuzais\"}]},{\"@type\":\"WebSite\",\"@id\":\"https:\/\/amberwithsilver.com\/en\/#website\",\"url\":\"https:\/\/amberwithsilver.com\/en\/\",\"name\":\"AmberWithSilver\",\"description\":\"Amber-Silver\",\"publisher\":{\"@id\":\"https:\/\/amberwithsilver.com\/en\/#organization\"},\"potentialAction\":[{\"@type\":\"SearchAction\",\"target\":{\"@type\":\"EntryPoint\",\"urlTemplate\":\"https:\/\/amberwithsilver.com\/en\/?s={search_term_string}\"},\"query-input\":{\"@type\":\"PropertyValueSpecification\",\"valueRequired\":true,\"valueName\":\"search_term_string\"}}],\"inLanguage\":\"en-US\"},{\"@type\":\"Organization\",\"@id\":\"https:\/\/amberwithsilver.com\/en\/#organization\",\"name\":\"amberwithsilver\",\"url\":\"https:\/\/amberwithsilver.com\/en\/\",\"logo\":{\"@type\":\"ImageObject\",\"inLanguage\":\"en-US\",\"@id\":\"https:\/\/amberwithsilver.com\/en\/#\/schema\/logo\/image\/\",\"url\":\"https:\/\/i0.wp.com\/amberwithsilver.com\/wp-content\/uploads\/2020\/12\/logo.jpg?fit=232%2C116&ssl=1\",\"contentUrl\":\"https:\/\/i0.wp.com\/amberwithsilver.com\/wp-content\/uploads\/2020\/12\/logo.jpg?fit=232%2C116&ssl=1\",\"width\":232,\"height\":116,\"caption\":\"amberwithsilver\"},\"image\":{\"@id\":\"https:\/\/amberwithsilver.com\/en\/#\/schema\/logo\/image\/\"}}]}<\/script>\n<!-- \/ Yoast SEO Premium plugin. -->","yoast_head_json":{"title":"Skaidraus gintaro karoliai su inkliuzais - AmberWithSilver","description":"Skaidraus gintaro karoliai su inkliuzais","robots":{"index":"index","follow":"follow","max-snippet":"max-snippet:-1","max-image-preview":"max-image-preview:large","max-video-preview":"max-video-preview:-1"},"canonical":"https:\/\/amberwithsilver.com\/en\/product\/skaidraus-gintaro-karoliai-su-inkliuzais\/","og_locale":"en_US","og_type":"article","og_title":"Skaidraus gintaro karoliai su inkliuzais","og_description":"Skaidraus gintaro karoliai su inkliuzais","og_url":"https:\/\/amberwithsilver.com\/en\/product\/skaidraus-gintaro-karoliai-su-inkliuzais\/","og_site_name":"AmberWithSilver","twitter_card":"summary_large_image","twitter_misc":{"Est. reading time":"1 minute"},"schema":{"@context":"https:\/\/schema.org","@graph":[{"@type":"WebPage","@id":"https:\/\/amberwithsilver.com\/?post_type=product&p=3642","url":"https:\/\/amberwithsilver.com\/?post_type=product&p=3642","name":"Skaidraus gintaro karoliai su inkliuzais - AmberWithSilver","isPartOf":{"@id":"https:\/\/amberwithsilver.com\/en\/#website"},"datePublished":"2024-12-06T08:10:38+00:00","description":"Skaidraus gintaro karoliai su inkliuzais","breadcrumb":{"@id":"https:\/\/amberwithsilver.com\/?post_type=product&p=3642#breadcrumb"},"inLanguage":"en-US","potentialAction":[{"@type":"ReadAction","target":["https:\/\/amberwithsilver.com\/?post_type=product&p=3642"]}]},{"@type":"BreadcrumbList","@id":"https:\/\/amberwithsilver.com\/?post_type=product&p=3642#breadcrumb","itemListElement":[{"@type":"ListItem","position":1,"name":"Home","item":"https:\/\/amberwithsilver.com\/"},{"@type":"ListItem","position":2,"name":"Parduotuv\u0117","item":"https:\/\/amberwithsilver.com\/en\/parduotuve\/"},{"@type":"ListItem","position":3,"name":"Skaidraus gintaro karoliai su inkliuzais"}]},{"@type":"WebSite","@id":"https:\/\/amberwithsilver.com\/en\/#website","url":"https:\/\/amberwithsilver.com\/en\/","name":"AmberWithSilver","description":"Amber-Silver","publisher":{"@id":"https:\/\/amberwithsilver.com\/en\/#organization"},"potentialAction":[{"@type":"SearchAction","target":{"@type":"EntryPoint","urlTemplate":"https:\/\/amberwithsilver.com\/en\/?s={search_term_string}"},"query-input":{"@type":"PropertyValueSpecification","valueRequired":true,"valueName":"search_term_string"}}],"inLanguage":"en-US"},{"@type":"Organization","@id":"https:\/\/amberwithsilver.com\/en\/#organization","name":"amberwithsilver","url":"https:\/\/amberwithsilver.com\/en\/","logo":{"@type":"ImageObject","inLanguage":"en-US","@id":"https:\/\/amberwithsilver.com\/en\/#\/schema\/logo\/image\/","url":"https:\/\/i0.wp.com\/amberwithsilver.com\/wp-content\/uploads\/2020\/12\/logo.jpg?fit=232%2C116&ssl=1","contentUrl":"https:\/\/i0.wp.com\/amberwithsilver.com\/wp-content\/uploads\/2020\/12\/logo.jpg?fit=232%2C116&ssl=1","width":232,"height":116,"caption":"amberwithsilver"},"image":{"@id":"https:\/\/amberwithsilver.com\/en\/#\/schema\/logo\/image\/"}}]}},"jetpack_sharing_enabled":true,"_links":{"self":[{"href":"https:\/\/amberwithsilver.com\/en\/wp-json\/wp\/v2\/product\/3642","targetHints":{"allow":["GET"]}}],"collection":[{"href":"https:\/\/amberwithsilver.com\/en\/wp-json\/wp\/v2\/product"}],"about":[{"href":"https:\/\/amberwithsilver.com\/en\/wp-json\/wp\/v2\/types\/product"}],"replies":[{"embeddable":true,"href":"https:\/\/amberwithsilver.com\/en\/wp-json\/wp\/v2\/comments?post=3642"}],"version-history":[{"count":0,"href":"https:\/\/amberwithsilver.com\/en\/wp-json\/wp\/v2\/product\/3642\/revisions"}],"wp:attachment":[{"href":"https:\/\/amberwithsilver.com\/en\/wp-json\/wp\/v2\/media?parent=3642"}],"wp:term":[{"taxonomy":"product_brand","embeddable":true,"href":"https:\/\/amberwithsilver.com\/en\/wp-json\/wp\/v2\/product_brand?post=3642"},{"taxonomy":"product_cat","embeddable":true,"href":"https:\/\/amberwithsilver.com\/en\/wp-json\/wp\/v2\/product_cat?post=3642"},{"taxonomy":"product_tag","embeddable":true,"href":"https:\/\/amberwithsilver.com\/en\/wp-json\/wp\/v2\/product_tag?post=3642"}],"curies":[{"name":"wp","href":"https:\/\/api.w.org\/{rel}","templated":true}]}}