{"id":3649,"date":"2024-12-06T12:41:18","date_gmt":"2024-12-06T10:41:18","guid":{"rendered":"https:\/\/amberwithsilver.com\/?post_type=product&#038;p=3649"},"modified":"2024-12-09T10:49:53","modified_gmt":"2024-12-09T08:49:53","slug":"skaidrus-gintaro-karoliai-su-inkliuzais","status":"publish","type":"product","link":"https:\/\/amberwithsilver.com\/en\/product\/skaidrus-gintaro-karoliai-su-inkliuzais\/","title":{"rendered":"Transparent amber necklace with inclusions"},"content":{"rendered":"<p>Transparent amber necklace with inclusions. One-of-a-kind amber necklaces are made of honey-colored, stylish, handmade pieces. Necklaces are special because each amber piece contains an inclusion. Since ancient times, pieces of amber with insects trapped inside have been considered especially valuable.<\/p>\n<ul>\n<li><em><span class=\"VIiyi\" lang=\"lt\"><span class=\"JLqJ4b ChMk0b\" data-language-for-alternatives=\"lt\" data-language-to-translate-into=\"en\" data-phrase-index=\"4\" data-number-of-phrases=\"5\">Natural Baltic amber<\/span><\/span><\/em><\/li>\n<li><em>Handmade olive shape beads<\/em><\/li>\n<li><em>Color: transparent honey<\/em><\/li>\n<li><em>Closure: gold-plated silver<\/em><\/li>\n<li><em>Length: ~ 50 cm<\/em><\/li>\n<li><em>Weight:  ~ 72,8 grams<\/em><\/li>\n<li><em>The size of the amber details: the smallest 10\u00d718 mm, the largest 31\u00d738 mm.<\/em><\/li>\n<\/ul>\n<p>&nbsp;<\/p>\n<p>*Please note that the color of the product may vary slightly from that shown in the photo, depending on the monitor used by the Buyer and the lighting settings in the photos.<\/p>","protected":false},"excerpt":{"rendered":"<p>Transparent amber necklace with inclusions. One-of-a-kind amber necklaces are made of honey-colored, stylish, handmade pieces. Necklaces are special because each amber piece contains an inclusion. Since ancient times, pieces of amber with insects trapped inside have been considered especially valuable.<\/p>\n<ul>\n<li><em><span class=\"VIiyi\" lang=\"lt\"><span class=\"JLqJ4b ChMk0b\" data-language-for-alternatives=\"lt\" data-language-to-translate-into=\"en\" data-phrase-index=\"4\" data-number-of-phrases=\"5\">Natural Baltic amber<\/span><\/span><\/em><\/li>\n<li><em>Handmade olive shape beads<\/em><\/li>\n<li><em>Color: transparent honey<\/em><\/li>\n<li><em>Closure: gold-plated silver<\/em><\/li>\n<li><em>Length: ~ 50 cm<\/em><\/li>\n<li><em>Weight:  ~ 72,8 grams<\/em><\/li>\n<li><em>The size of the amber details: the smallest 10\u00d718 mm, the largest 31\u00d738 mm.<\/em><\/li>\n<\/ul>\n<p>&nbsp;<\/p>\n<p>*Please note that the color of the product may vary slightly from that shown in the photo, depending on the monitor used by the Buyer and the lighting settings in the photos.<\/p>","protected":false},"featured_media":3651,"comment_status":"open","ping_status":"closed","template":"","meta":[],"product_brand":[],"product_cat":[35,25],"product_tag":[64,731,1304,1307,1309,1310,1311,1312,1313],"class_list":{"0":"post-3649","1":"product","2":"type-product","3":"status-publish","4":"has-post-thumbnail","6":"product_cat-gintaro-karoliai","7":"product_cat-gintaras-su-inkliuzais","8":"product_tag-gintaras","9":"product_tag-amber-with-insects","10":"product_tag-transparent-amber-necklace-with-inclusions","11":"product_tag-gintaras-su-insektais","12":"product_tag-skaidrus-gintaro-karoliai-su-inkliuzais","13":"product_tag-amber-necklace-eith-insects","14":"product_tag-natural-amber-and-insects","15":"product_tag-gintaras-ir-inkliuzai","16":"product_tag-gintaro-dirbiniai-kaunas","18":"first","19":"instock","20":"taxable","21":"shipping-taxable","22":"purchasable","23":"product-type-simple"},"yoast_head":"<!-- This site is optimized with the Yoast SEO Premium plugin v23.4 (Yoast SEO v26.8) - https:\/\/yoast.com\/product\/yoast-seo-premium-wordpress\/ -->\n<title>Skaidr\u016bs gintaro karoliai su inkliuzais<\/title>\n<meta name=\"description\" content=\"Karoliai yra ypatingi d\u0117l to, kad kiekvienoje gintaro detal\u0117je slypi inkliuzas.Unique amber necklace is handmade of honey amber olives. Each piece of amber necklace has an inclusion.\" \/>\n<meta name=\"robots\" content=\"index, follow, max-snippet:-1, max-image-preview:large, max-video-preview:-1\" \/>\n<link rel=\"canonical\" href=\"https:\/\/amberwithsilver.com\/en\/product\/skaidrus-gintaro-karoliai-su-inkliuzais\/\" \/>\n<meta property=\"og:locale\" content=\"en_US\" \/>\n<meta property=\"og:type\" content=\"article\" \/>\n<meta property=\"og:title\" content=\"Skaidr\u016bs gintaro karoliai su inkliuzais\" \/>\n<meta property=\"og:description\" content=\"Karoliai yra ypatingi d\u0117l to, kad kiekvienoje gintaro detal\u0117je slypi inkliuzas.Unique amber necklace is handmade of honey amber olives. Each piece of amber necklace has an inclusion.\" \/>\n<meta property=\"og:url\" content=\"https:\/\/amberwithsilver.com\/en\/product\/skaidrus-gintaro-karoliai-su-inkliuzais\/\" \/>\n<meta property=\"og:site_name\" content=\"AmberWithSilver\" \/>\n<meta property=\"article:modified_time\" content=\"2024-12-09T08:49:53+00:00\" \/>\n<meta property=\"og:image\" content=\"https:\/\/amberwithsilver.com\/wp-content\/uploads\/2024\/12\/id.243.webp\" \/>\n\t<meta property=\"og:image:width\" content=\"1487\" \/>\n\t<meta property=\"og:image:height\" content=\"1456\" \/>\n\t<meta property=\"og:image:type\" content=\"image\/webp\" \/>\n<meta name=\"twitter:card\" content=\"summary_large_image\" \/>\n<meta name=\"twitter:label1\" content=\"Est. reading time\" \/>\n\t<meta name=\"twitter:data1\" content=\"1 minute\" \/>\n<script type=\"application\/ld+json\" class=\"yoast-schema-graph\">{\"@context\":\"https:\/\/schema.org\",\"@graph\":[{\"@type\":\"WebPage\",\"@id\":\"https:\/\/amberwithsilver.com\/product\/skaidrus-gintaro-karoliai-su-inkliuzais\/\",\"url\":\"https:\/\/amberwithsilver.com\/product\/skaidrus-gintaro-karoliai-su-inkliuzais\/\",\"name\":\"Skaidr\u016bs gintaro karoliai su inkliuzais\",\"isPartOf\":{\"@id\":\"https:\/\/amberwithsilver.com\/en\/#website\"},\"primaryImageOfPage\":{\"@id\":\"https:\/\/amberwithsilver.com\/product\/skaidrus-gintaro-karoliai-su-inkliuzais\/#primaryimage\"},\"image\":{\"@id\":\"https:\/\/amberwithsilver.com\/product\/skaidrus-gintaro-karoliai-su-inkliuzais\/#primaryimage\"},\"thumbnailUrl\":\"https:\/\/amberwithsilver.com\/wp-content\/uploads\/2024\/12\/id.243.webp\",\"datePublished\":\"2024-12-06T10:41:18+00:00\",\"dateModified\":\"2024-12-09T08:49:53+00:00\",\"description\":\"Karoliai yra ypatingi d\u0117l to, kad kiekvienoje gintaro detal\u0117je slypi inkliuzas.Unique amber necklace is handmade of honey amber olives. Each piece of amber necklace has an inclusion.\",\"breadcrumb\":{\"@id\":\"https:\/\/amberwithsilver.com\/product\/skaidrus-gintaro-karoliai-su-inkliuzais\/#breadcrumb\"},\"inLanguage\":\"en-US\",\"potentialAction\":[{\"@type\":\"ReadAction\",\"target\":[\"https:\/\/amberwithsilver.com\/product\/skaidrus-gintaro-karoliai-su-inkliuzais\/\"]}]},{\"@type\":\"ImageObject\",\"inLanguage\":\"en-US\",\"@id\":\"https:\/\/amberwithsilver.com\/product\/skaidrus-gintaro-karoliai-su-inkliuzais\/#primaryimage\",\"url\":\"https:\/\/amberwithsilver.com\/wp-content\/uploads\/2024\/12\/id.243.webp\",\"contentUrl\":\"https:\/\/amberwithsilver.com\/wp-content\/uploads\/2024\/12\/id.243.webp\",\"width\":1487,\"height\":1456,\"caption\":\"Skaidr\u016bs gintaro karoliai su inkliuzais,Transparent amber necklace with inclusions\"},{\"@type\":\"BreadcrumbList\",\"@id\":\"https:\/\/amberwithsilver.com\/product\/skaidrus-gintaro-karoliai-su-inkliuzais\/#breadcrumb\",\"itemListElement\":[{\"@type\":\"ListItem\",\"position\":1,\"name\":\"Home\",\"item\":\"https:\/\/amberwithsilver.com\/\"},{\"@type\":\"ListItem\",\"position\":2,\"name\":\"Parduotuv\u0117\",\"item\":\"https:\/\/amberwithsilver.com\/en\/parduotuve\/\"},{\"@type\":\"ListItem\",\"position\":3,\"name\":\"Skaidr\u016bs gintaro karoliai su inkliuzais\"}]},{\"@type\":\"WebSite\",\"@id\":\"https:\/\/amberwithsilver.com\/en\/#website\",\"url\":\"https:\/\/amberwithsilver.com\/en\/\",\"name\":\"AmberWithSilver\",\"description\":\"Amber-Silver\",\"publisher\":{\"@id\":\"https:\/\/amberwithsilver.com\/en\/#organization\"},\"potentialAction\":[{\"@type\":\"SearchAction\",\"target\":{\"@type\":\"EntryPoint\",\"urlTemplate\":\"https:\/\/amberwithsilver.com\/en\/?s={search_term_string}\"},\"query-input\":{\"@type\":\"PropertyValueSpecification\",\"valueRequired\":true,\"valueName\":\"search_term_string\"}}],\"inLanguage\":\"en-US\"},{\"@type\":\"Organization\",\"@id\":\"https:\/\/amberwithsilver.com\/en\/#organization\",\"name\":\"amberwithsilver\",\"url\":\"https:\/\/amberwithsilver.com\/en\/\",\"logo\":{\"@type\":\"ImageObject\",\"inLanguage\":\"en-US\",\"@id\":\"https:\/\/amberwithsilver.com\/en\/#\/schema\/logo\/image\/\",\"url\":\"https:\/\/i0.wp.com\/amberwithsilver.com\/wp-content\/uploads\/2020\/12\/logo.jpg?fit=232%2C116&ssl=1\",\"contentUrl\":\"https:\/\/i0.wp.com\/amberwithsilver.com\/wp-content\/uploads\/2020\/12\/logo.jpg?fit=232%2C116&ssl=1\",\"width\":232,\"height\":116,\"caption\":\"amberwithsilver\"},\"image\":{\"@id\":\"https:\/\/amberwithsilver.com\/en\/#\/schema\/logo\/image\/\"}}]}<\/script>\n<!-- \/ Yoast SEO Premium plugin. -->","yoast_head_json":{"title":"Transparent amber necklace with inclusions","description":"Karoliai yra ypatingi d\u0117l to, kad kiekvienoje gintaro detal\u0117je slypi inkliuzas.Unique amber necklace is handmade of honey amber olives. Each piece of amber necklace has an inclusion.","robots":{"index":"index","follow":"follow","max-snippet":"max-snippet:-1","max-image-preview":"max-image-preview:large","max-video-preview":"max-video-preview:-1"},"canonical":"https:\/\/amberwithsilver.com\/en\/product\/skaidrus-gintaro-karoliai-su-inkliuzais\/","og_locale":"en_US","og_type":"article","og_title":"Skaidr\u016bs gintaro karoliai su inkliuzais","og_description":"Karoliai yra ypatingi d\u0117l to, kad kiekvienoje gintaro detal\u0117je slypi inkliuzas.Unique amber necklace is handmade of honey amber olives. Each piece of amber necklace has an inclusion.","og_url":"https:\/\/amberwithsilver.com\/en\/product\/skaidrus-gintaro-karoliai-su-inkliuzais\/","og_site_name":"AmberWithSilver","article_modified_time":"2024-12-09T08:49:53+00:00","og_image":[{"width":1487,"height":1456,"url":"https:\/\/amberwithsilver.com\/wp-content\/uploads\/2024\/12\/id.243.webp","type":"image\/webp"}],"twitter_card":"summary_large_image","twitter_misc":{"Est. reading time":"1 minute"},"schema":{"@context":"https:\/\/schema.org","@graph":[{"@type":"WebPage","@id":"https:\/\/amberwithsilver.com\/product\/skaidrus-gintaro-karoliai-su-inkliuzais\/","url":"https:\/\/amberwithsilver.com\/product\/skaidrus-gintaro-karoliai-su-inkliuzais\/","name":"Transparent amber necklace with inclusions","isPartOf":{"@id":"https:\/\/amberwithsilver.com\/en\/#website"},"primaryImageOfPage":{"@id":"https:\/\/amberwithsilver.com\/product\/skaidrus-gintaro-karoliai-su-inkliuzais\/#primaryimage"},"image":{"@id":"https:\/\/amberwithsilver.com\/product\/skaidrus-gintaro-karoliai-su-inkliuzais\/#primaryimage"},"thumbnailUrl":"https:\/\/amberwithsilver.com\/wp-content\/uploads\/2024\/12\/id.243.webp","datePublished":"2024-12-06T10:41:18+00:00","dateModified":"2024-12-09T08:49:53+00:00","description":"Karoliai yra ypatingi d\u0117l to, kad kiekvienoje gintaro detal\u0117je slypi inkliuzas.Unique amber necklace is handmade of honey amber olives. Each piece of amber necklace has an inclusion.","breadcrumb":{"@id":"https:\/\/amberwithsilver.com\/product\/skaidrus-gintaro-karoliai-su-inkliuzais\/#breadcrumb"},"inLanguage":"en-US","potentialAction":[{"@type":"ReadAction","target":["https:\/\/amberwithsilver.com\/product\/skaidrus-gintaro-karoliai-su-inkliuzais\/"]}]},{"@type":"ImageObject","inLanguage":"en-US","@id":"https:\/\/amberwithsilver.com\/product\/skaidrus-gintaro-karoliai-su-inkliuzais\/#primaryimage","url":"https:\/\/amberwithsilver.com\/wp-content\/uploads\/2024\/12\/id.243.webp","contentUrl":"https:\/\/amberwithsilver.com\/wp-content\/uploads\/2024\/12\/id.243.webp","width":1487,"height":1456,"caption":"Skaidr\u016bs gintaro karoliai su inkliuzais,Transparent amber necklace with inclusions"},{"@type":"BreadcrumbList","@id":"https:\/\/amberwithsilver.com\/product\/skaidrus-gintaro-karoliai-su-inkliuzais\/#breadcrumb","itemListElement":[{"@type":"ListItem","position":1,"name":"Home","item":"https:\/\/amberwithsilver.com\/"},{"@type":"ListItem","position":2,"name":"Parduotuv\u0117","item":"https:\/\/amberwithsilver.com\/en\/parduotuve\/"},{"@type":"ListItem","position":3,"name":"Skaidr\u016bs gintaro karoliai su inkliuzais"}]},{"@type":"WebSite","@id":"https:\/\/amberwithsilver.com\/en\/#website","url":"https:\/\/amberwithsilver.com\/en\/","name":"AmberWithSilver","description":"Amber-Silver","publisher":{"@id":"https:\/\/amberwithsilver.com\/en\/#organization"},"potentialAction":[{"@type":"SearchAction","target":{"@type":"EntryPoint","urlTemplate":"https:\/\/amberwithsilver.com\/en\/?s={search_term_string}"},"query-input":{"@type":"PropertyValueSpecification","valueRequired":true,"valueName":"search_term_string"}}],"inLanguage":"en-US"},{"@type":"Organization","@id":"https:\/\/amberwithsilver.com\/en\/#organization","name":"amberwithsilver","url":"https:\/\/amberwithsilver.com\/en\/","logo":{"@type":"ImageObject","inLanguage":"en-US","@id":"https:\/\/amberwithsilver.com\/en\/#\/schema\/logo\/image\/","url":"https:\/\/i0.wp.com\/amberwithsilver.com\/wp-content\/uploads\/2020\/12\/logo.jpg?fit=232%2C116&ssl=1","contentUrl":"https:\/\/i0.wp.com\/amberwithsilver.com\/wp-content\/uploads\/2020\/12\/logo.jpg?fit=232%2C116&ssl=1","width":232,"height":116,"caption":"amberwithsilver"},"image":{"@id":"https:\/\/amberwithsilver.com\/en\/#\/schema\/logo\/image\/"}}]}},"jetpack_sharing_enabled":true,"_links":{"self":[{"href":"https:\/\/amberwithsilver.com\/en\/wp-json\/wp\/v2\/product\/3649","targetHints":{"allow":["GET"]}}],"collection":[{"href":"https:\/\/amberwithsilver.com\/en\/wp-json\/wp\/v2\/product"}],"about":[{"href":"https:\/\/amberwithsilver.com\/en\/wp-json\/wp\/v2\/types\/product"}],"replies":[{"embeddable":true,"href":"https:\/\/amberwithsilver.com\/en\/wp-json\/wp\/v2\/comments?post=3649"}],"version-history":[{"count":0,"href":"https:\/\/amberwithsilver.com\/en\/wp-json\/wp\/v2\/product\/3649\/revisions"}],"wp:featuredmedia":[{"embeddable":true,"href":"https:\/\/amberwithsilver.com\/en\/wp-json\/wp\/v2\/media\/3651"}],"wp:attachment":[{"href":"https:\/\/amberwithsilver.com\/en\/wp-json\/wp\/v2\/media?parent=3649"}],"wp:term":[{"taxonomy":"product_brand","embeddable":true,"href":"https:\/\/amberwithsilver.com\/en\/wp-json\/wp\/v2\/product_brand?post=3649"},{"taxonomy":"product_cat","embeddable":true,"href":"https:\/\/amberwithsilver.com\/en\/wp-json\/wp\/v2\/product_cat?post=3649"},{"taxonomy":"product_tag","embeddable":true,"href":"https:\/\/amberwithsilver.com\/en\/wp-json\/wp\/v2\/product_tag?post=3649"}],"curies":[{"name":"wp","href":"https:\/\/api.w.org\/{rel}","templated":true}]}}