{"id":3660,"date":"2025-01-03T11:37:02","date_gmt":"2025-01-03T09:37:02","guid":{"rendered":"https:\/\/amberwithsilver.com\/?post_type=product&#038;p=3660"},"modified":"2025-12-10T14:56:33","modified_gmt":"2025-12-10T12:56:33","slug":"rasiklis-su-gintaru","status":"publish","type":"product","link":"https:\/\/amberwithsilver.com\/en\/product\/rasiklis-su-gintaru\/","title":{"rendered":"Ra\u0161iklis su gintaru"},"content":{"rendered":"<p>Ra\u0161iklis su gintaru. Eleganti\u0161kas bei patogus ra\u0161iklis, dekoruotas nat\u016braliais gintaro gabal\u0117liais. Ra\u0161iklio spalv\u0105 galite pasirinkti.<\/p>\n<ul>\n<li><span class=\"VIiyi\" lang=\"lt\"><span class=\"JLqJ4b ChMk0b\" data-language-for-alternatives=\"lt\" data-language-to-translate-into=\"en\" data-phrase-index=\"4\" data-number-of-phrases=\"5\">Natural Baltic amber<\/span><\/span><\/li>\n<li>M\u0117lynas ra\u0161alas<\/li>\n<li>Gintaro ra\u0161iklis supakuotas juodoje d\u0117\u017eut\u0117je<\/li>\n<li>Ra\u0161iklio spalva: balta, auksin\u0117, ro\u017ein\u0117, violetin\u0117, bordo, vaivoryk\u0161t\u0117<\/li>\n<li>Dydis: 14 cm<\/li>\n<\/ul>\n<p>*Please note that the color of the product may vary slightly from that shown in the photo, depending on the monitor used by the Buyer and the lighting settings in the photos.<\/p>","protected":false},"excerpt":{"rendered":"<p>Ra\u0161iklis su gintaru. Eleganti\u0161kas bei patogus ra\u0161iklis, dekoruotas nat\u016braliais gintaro gabal\u0117liais. Ra\u0161iklio spalv\u0105 galite pasirinkti.<\/p>\n<ul>\n<li><span class=\"VIiyi\" lang=\"lt\"><span class=\"JLqJ4b ChMk0b\" data-language-for-alternatives=\"lt\" data-language-to-translate-into=\"en\" data-phrase-index=\"4\" data-number-of-phrases=\"5\">Natural Baltic amber<\/span><\/span><\/li>\n<li>M\u0117lynas ra\u0161alas<\/li>\n<li>Gintaro ra\u0161iklis supakuotas juodoje d\u0117\u017eut\u0117je<\/li>\n<li>Ra\u0161iklio spalva: balta, auksin\u0117, ro\u017ein\u0117, violetin\u0117, bordo, vaivoryk\u0161t\u0117<\/li>\n<li>Dydis: 14 cm<\/li>\n<\/ul>\n<p>*Please note that the color of the product may vary slightly from that shown in the photo, depending on the monitor used by the Buyer and the lighting settings in the photos.<\/p>","protected":false},"featured_media":3661,"comment_status":"open","ping_status":"closed","template":"","meta":[],"product_brand":[],"product_cat":[45],"product_tag":[531,747,1255,1313,1314,1315,1316,1317,1318,1319],"class_list":{"0":"post-3660","1":"product","2":"type-product","3":"status-publish","4":"has-post-thumbnail","6":"product_cat-gintaro-suvenyrai","7":"product_tag-amber-souvenirs","8":"product_tag-amber","9":"product_tag-baltic-amber-souvenirs","10":"product_tag-gintaro-dirbiniai-kaunas","11":"product_tag-rasiklis-su-gintaru","12":"product_tag-pen-with-amber","13":"product_tag-amber-pen","14":"product_tag-rasikliai-su-gintaru","15":"product_tag-amber-souvenir-for-men","16":"product_tag-autentiski-lietuvisko-gintaro-dirbiniai","18":"first","19":"instock","20":"taxable","21":"shipping-taxable","22":"purchasable","23":"product-type-variable"},"yoast_head":"<!-- This site is optimized with the Yoast SEO Premium plugin v23.4 (Yoast SEO v26.8) - https:\/\/yoast.com\/product\/yoast-seo-premium-wordpress\/ -->\n<title>Ra\u0161iklis su gintaru<\/title>\n<meta name=\"description\" content=\"Eleganti\u0161kas bei patogus ra\u0161iklis, dekoruotas nat\u016braliais gintaro gabal\u0117liais, pen with amber, elegant pen with natural amber beads, amber souvenir\" \/>\n<meta name=\"robots\" content=\"index, follow, max-snippet:-1, max-image-preview:large, max-video-preview:-1\" \/>\n<link rel=\"canonical\" href=\"https:\/\/amberwithsilver.com\/en\/product\/rasiklis-su-gintaru\/\" \/>\n<meta property=\"og:locale\" content=\"en_US\" \/>\n<meta property=\"og:type\" content=\"article\" \/>\n<meta property=\"og:title\" content=\"Ra\u0161iklis su gintaru\" \/>\n<meta property=\"og:description\" content=\"Eleganti\u0161kas bei patogus ra\u0161iklis, dekoruotas nat\u016braliais gintaro gabal\u0117liais, pen with amber, elegant pen with natural amber beads, amber souvenir\" \/>\n<meta property=\"og:url\" content=\"https:\/\/amberwithsilver.com\/en\/product\/rasiklis-su-gintaru\/\" \/>\n<meta property=\"og:site_name\" content=\"AmberWithSilver\" \/>\n<meta property=\"article:modified_time\" content=\"2025-12-10T12:56:33+00:00\" \/>\n<meta property=\"og:image\" content=\"https:\/\/amberwithsilver.com\/wp-content\/uploads\/2025\/01\/id.568-rasiklis.webp\" \/>\n\t<meta property=\"og:image:width\" content=\"800\" \/>\n\t<meta property=\"og:image:height\" content=\"823\" \/>\n\t<meta property=\"og:image:type\" content=\"image\/webp\" \/>\n<meta name=\"twitter:card\" content=\"summary_large_image\" \/>\n<meta name=\"twitter:label1\" content=\"Est. reading time\" \/>\n\t<meta name=\"twitter:data1\" content=\"1 minute\" \/>\n<script type=\"application\/ld+json\" class=\"yoast-schema-graph\">{\"@context\":\"https:\/\/schema.org\",\"@graph\":[{\"@type\":\"WebPage\",\"@id\":\"https:\/\/amberwithsilver.com\/product\/rasiklis-su-gintaru\/\",\"url\":\"https:\/\/amberwithsilver.com\/product\/rasiklis-su-gintaru\/\",\"name\":\"Ra\u0161iklis su gintaru\",\"isPartOf\":{\"@id\":\"https:\/\/amberwithsilver.com\/en\/#website\"},\"primaryImageOfPage\":{\"@id\":\"https:\/\/amberwithsilver.com\/product\/rasiklis-su-gintaru\/#primaryimage\"},\"image\":{\"@id\":\"https:\/\/amberwithsilver.com\/product\/rasiklis-su-gintaru\/#primaryimage\"},\"thumbnailUrl\":\"https:\/\/amberwithsilver.com\/wp-content\/uploads\/2025\/01\/id.568-rasiklis.webp\",\"datePublished\":\"2025-01-03T09:37:02+00:00\",\"dateModified\":\"2025-12-10T12:56:33+00:00\",\"description\":\"Eleganti\u0161kas bei patogus ra\u0161iklis, dekoruotas nat\u016braliais gintaro gabal\u0117liais, pen with amber, elegant pen with natural amber beads, amber souvenir\",\"breadcrumb\":{\"@id\":\"https:\/\/amberwithsilver.com\/product\/rasiklis-su-gintaru\/#breadcrumb\"},\"inLanguage\":\"en-US\",\"potentialAction\":[{\"@type\":\"ReadAction\",\"target\":[\"https:\/\/amberwithsilver.com\/product\/rasiklis-su-gintaru\/\"]}]},{\"@type\":\"ImageObject\",\"inLanguage\":\"en-US\",\"@id\":\"https:\/\/amberwithsilver.com\/product\/rasiklis-su-gintaru\/#primaryimage\",\"url\":\"https:\/\/amberwithsilver.com\/wp-content\/uploads\/2025\/01\/id.568-rasiklis.webp\",\"contentUrl\":\"https:\/\/amberwithsilver.com\/wp-content\/uploads\/2025\/01\/id.568-rasiklis.webp\",\"width\":800,\"height\":823,\"caption\":\"ra\u0161iklis su gintaru, pen with amber\"},{\"@type\":\"BreadcrumbList\",\"@id\":\"https:\/\/amberwithsilver.com\/product\/rasiklis-su-gintaru\/#breadcrumb\",\"itemListElement\":[{\"@type\":\"ListItem\",\"position\":1,\"name\":\"Home\",\"item\":\"https:\/\/amberwithsilver.com\/\"},{\"@type\":\"ListItem\",\"position\":2,\"name\":\"Parduotuv\u0117\",\"item\":\"https:\/\/amberwithsilver.com\/en\/parduotuve\/\"},{\"@type\":\"ListItem\",\"position\":3,\"name\":\"Ra\u0161iklis su gintaru\"}]},{\"@type\":\"WebSite\",\"@id\":\"https:\/\/amberwithsilver.com\/en\/#website\",\"url\":\"https:\/\/amberwithsilver.com\/en\/\",\"name\":\"AmberWithSilver\",\"description\":\"Amber-Silver\",\"publisher\":{\"@id\":\"https:\/\/amberwithsilver.com\/en\/#organization\"},\"potentialAction\":[{\"@type\":\"SearchAction\",\"target\":{\"@type\":\"EntryPoint\",\"urlTemplate\":\"https:\/\/amberwithsilver.com\/en\/?s={search_term_string}\"},\"query-input\":{\"@type\":\"PropertyValueSpecification\",\"valueRequired\":true,\"valueName\":\"search_term_string\"}}],\"inLanguage\":\"en-US\"},{\"@type\":\"Organization\",\"@id\":\"https:\/\/amberwithsilver.com\/en\/#organization\",\"name\":\"amberwithsilver\",\"url\":\"https:\/\/amberwithsilver.com\/en\/\",\"logo\":{\"@type\":\"ImageObject\",\"inLanguage\":\"en-US\",\"@id\":\"https:\/\/amberwithsilver.com\/en\/#\/schema\/logo\/image\/\",\"url\":\"https:\/\/i0.wp.com\/amberwithsilver.com\/wp-content\/uploads\/2020\/12\/logo.jpg?fit=232%2C116&ssl=1\",\"contentUrl\":\"https:\/\/i0.wp.com\/amberwithsilver.com\/wp-content\/uploads\/2020\/12\/logo.jpg?fit=232%2C116&ssl=1\",\"width\":232,\"height\":116,\"caption\":\"amberwithsilver\"},\"image\":{\"@id\":\"https:\/\/amberwithsilver.com\/en\/#\/schema\/logo\/image\/\"}}]}<\/script>\n<!-- \/ Yoast SEO Premium plugin. -->","yoast_head_json":{"title":"Ra\u0161iklis su gintaru","description":"Eleganti\u0161kas bei patogus ra\u0161iklis, dekoruotas nat\u016braliais gintaro gabal\u0117liais, pen with amber, elegant pen with natural amber beads, amber souvenir","robots":{"index":"index","follow":"follow","max-snippet":"max-snippet:-1","max-image-preview":"max-image-preview:large","max-video-preview":"max-video-preview:-1"},"canonical":"https:\/\/amberwithsilver.com\/en\/product\/rasiklis-su-gintaru\/","og_locale":"en_US","og_type":"article","og_title":"Ra\u0161iklis su gintaru","og_description":"Eleganti\u0161kas bei patogus ra\u0161iklis, dekoruotas nat\u016braliais gintaro gabal\u0117liais, pen with amber, elegant pen with natural amber beads, amber souvenir","og_url":"https:\/\/amberwithsilver.com\/en\/product\/rasiklis-su-gintaru\/","og_site_name":"AmberWithSilver","article_modified_time":"2025-12-10T12:56:33+00:00","og_image":[{"width":800,"height":823,"url":"https:\/\/amberwithsilver.com\/wp-content\/uploads\/2025\/01\/id.568-rasiklis.webp","type":"image\/webp"}],"twitter_card":"summary_large_image","twitter_misc":{"Est. reading time":"1 minute"},"schema":{"@context":"https:\/\/schema.org","@graph":[{"@type":"WebPage","@id":"https:\/\/amberwithsilver.com\/product\/rasiklis-su-gintaru\/","url":"https:\/\/amberwithsilver.com\/product\/rasiklis-su-gintaru\/","name":"Ra\u0161iklis su gintaru","isPartOf":{"@id":"https:\/\/amberwithsilver.com\/en\/#website"},"primaryImageOfPage":{"@id":"https:\/\/amberwithsilver.com\/product\/rasiklis-su-gintaru\/#primaryimage"},"image":{"@id":"https:\/\/amberwithsilver.com\/product\/rasiklis-su-gintaru\/#primaryimage"},"thumbnailUrl":"https:\/\/amberwithsilver.com\/wp-content\/uploads\/2025\/01\/id.568-rasiklis.webp","datePublished":"2025-01-03T09:37:02+00:00","dateModified":"2025-12-10T12:56:33+00:00","description":"Eleganti\u0161kas bei patogus ra\u0161iklis, dekoruotas nat\u016braliais gintaro gabal\u0117liais, pen with amber, elegant pen with natural amber beads, amber souvenir","breadcrumb":{"@id":"https:\/\/amberwithsilver.com\/product\/rasiklis-su-gintaru\/#breadcrumb"},"inLanguage":"en-US","potentialAction":[{"@type":"ReadAction","target":["https:\/\/amberwithsilver.com\/product\/rasiklis-su-gintaru\/"]}]},{"@type":"ImageObject","inLanguage":"en-US","@id":"https:\/\/amberwithsilver.com\/product\/rasiklis-su-gintaru\/#primaryimage","url":"https:\/\/amberwithsilver.com\/wp-content\/uploads\/2025\/01\/id.568-rasiklis.webp","contentUrl":"https:\/\/amberwithsilver.com\/wp-content\/uploads\/2025\/01\/id.568-rasiklis.webp","width":800,"height":823,"caption":"ra\u0161iklis su gintaru, pen with amber"},{"@type":"BreadcrumbList","@id":"https:\/\/amberwithsilver.com\/product\/rasiklis-su-gintaru\/#breadcrumb","itemListElement":[{"@type":"ListItem","position":1,"name":"Home","item":"https:\/\/amberwithsilver.com\/"},{"@type":"ListItem","position":2,"name":"Parduotuv\u0117","item":"https:\/\/amberwithsilver.com\/en\/parduotuve\/"},{"@type":"ListItem","position":3,"name":"Ra\u0161iklis su gintaru"}]},{"@type":"WebSite","@id":"https:\/\/amberwithsilver.com\/en\/#website","url":"https:\/\/amberwithsilver.com\/en\/","name":"AmberWithSilver","description":"Amber-Silver","publisher":{"@id":"https:\/\/amberwithsilver.com\/en\/#organization"},"potentialAction":[{"@type":"SearchAction","target":{"@type":"EntryPoint","urlTemplate":"https:\/\/amberwithsilver.com\/en\/?s={search_term_string}"},"query-input":{"@type":"PropertyValueSpecification","valueRequired":true,"valueName":"search_term_string"}}],"inLanguage":"en-US"},{"@type":"Organization","@id":"https:\/\/amberwithsilver.com\/en\/#organization","name":"amberwithsilver","url":"https:\/\/amberwithsilver.com\/en\/","logo":{"@type":"ImageObject","inLanguage":"en-US","@id":"https:\/\/amberwithsilver.com\/en\/#\/schema\/logo\/image\/","url":"https:\/\/i0.wp.com\/amberwithsilver.com\/wp-content\/uploads\/2020\/12\/logo.jpg?fit=232%2C116&ssl=1","contentUrl":"https:\/\/i0.wp.com\/amberwithsilver.com\/wp-content\/uploads\/2020\/12\/logo.jpg?fit=232%2C116&ssl=1","width":232,"height":116,"caption":"amberwithsilver"},"image":{"@id":"https:\/\/amberwithsilver.com\/en\/#\/schema\/logo\/image\/"}}]}},"jetpack_sharing_enabled":true,"_links":{"self":[{"href":"https:\/\/amberwithsilver.com\/en\/wp-json\/wp\/v2\/product\/3660","targetHints":{"allow":["GET"]}}],"collection":[{"href":"https:\/\/amberwithsilver.com\/en\/wp-json\/wp\/v2\/product"}],"about":[{"href":"https:\/\/amberwithsilver.com\/en\/wp-json\/wp\/v2\/types\/product"}],"replies":[{"embeddable":true,"href":"https:\/\/amberwithsilver.com\/en\/wp-json\/wp\/v2\/comments?post=3660"}],"version-history":[{"count":1,"href":"https:\/\/amberwithsilver.com\/en\/wp-json\/wp\/v2\/product\/3660\/revisions"}],"predecessor-version":[{"id":3733,"href":"https:\/\/amberwithsilver.com\/en\/wp-json\/wp\/v2\/product\/3660\/revisions\/3733"}],"wp:featuredmedia":[{"embeddable":true,"href":"https:\/\/amberwithsilver.com\/en\/wp-json\/wp\/v2\/media\/3661"}],"wp:attachment":[{"href":"https:\/\/amberwithsilver.com\/en\/wp-json\/wp\/v2\/media?parent=3660"}],"wp:term":[{"taxonomy":"product_brand","embeddable":true,"href":"https:\/\/amberwithsilver.com\/en\/wp-json\/wp\/v2\/product_brand?post=3660"},{"taxonomy":"product_cat","embeddable":true,"href":"https:\/\/amberwithsilver.com\/en\/wp-json\/wp\/v2\/product_cat?post=3660"},{"taxonomy":"product_tag","embeddable":true,"href":"https:\/\/amberwithsilver.com\/en\/wp-json\/wp\/v2\/product_tag?post=3660"}],"curies":[{"name":"wp","href":"https:\/\/api.w.org\/{rel}","templated":true}]}}