{"id":3706,"date":"2025-05-02T19:03:21","date_gmt":"2025-05-02T17:03:21","guid":{"rendered":"https:\/\/amberwithsilver.com\/?post_type=product&#038;p=3706"},"modified":"2025-05-02T20:32:39","modified_gmt":"2025-05-02T18:32:39","slug":"vaivorykstes-spalvu-gintaro-rutuliuku-karoliai-5-mm","status":"publish","type":"product","link":"https:\/\/amberwithsilver.com\/en\/product\/vaivorykstes-spalvu-gintaro-rutuliuku-karoliai-5-mm\/","title":{"rendered":"Gradient amber round beads necklace 5 mm."},"content":{"rendered":"<p>Gradient amber round beads necklace 5 mm.<\/p>\n<ul>\n<li>Natural Baltic amber<\/li>\n<li>Transitional - from lightest to darkest color<\/li>\n<li>Weight: ~ 9,00 grams<\/li>\n<li>Length: ~ 48 cm<\/li>\n<li>Beads size: ~ 5 mm<\/li>\n<li><span class=\"VIiyi\" lang=\"lt\"><span class=\"JLqJ4b ChMk0b\" data-language-for-alternatives=\"lt\" data-language-to-translate-into=\"en\" data-phrase-index=\"0\">Plastic screw clasp<\/span><\/span><\/li>\n<\/ul>\n<p>&nbsp;<\/p>\n<p>*Please note that the color of the product may vary slightly from that shown in the photo, depending on the monitor used by the Buyer and the lighting settings in the photos.<\/p>","protected":false},"excerpt":{"rendered":"<p>Gradient amber round beads necklace 5 mm.<\/p>\n<ul>\n<li>Natural Baltic amber<\/li>\n<li>Transitional - from lightest to darkest color<\/li>\n<li>Weight: ~ 9,00 grams<\/li>\n<li>Length: ~ 48 cm<\/li>\n<li>Beads size: ~ 5 mm<\/li>\n<li><span class=\"VIiyi\" lang=\"lt\"><span class=\"JLqJ4b ChMk0b\" data-language-for-alternatives=\"lt\" data-language-to-translate-into=\"en\" data-phrase-index=\"0\">Plastic screw clasp<\/span><\/span><\/li>\n<\/ul>\n<p>&nbsp;<\/p>\n<p>*Please note that the color of the product may vary slightly from that shown in the photo, depending on the monitor used by the Buyer and the lighting settings in the photos.<\/p>","protected":false},"featured_media":3707,"comment_status":"open","ping_status":"closed","template":"","meta":[],"product_brand":[],"product_cat":[35],"product_tag":[64,468,747,1013,1252,1328,1335,1336,1337,1338,1339,1340],"class_list":{"0":"post-3706","1":"product","2":"type-product","3":"status-publish","4":"has-post-thumbnail","6":"product_cat-gintaro-karoliai","7":"product_tag-gintaras","8":"product_tag-baltic-amber-jewelry","9":"product_tag-amber","10":"product_tag-gintaro-dirbiniai","11":"product_tag-dovana-is-gintaro","12":"product_tag-gintaro-karoliai","13":"product_tag-vaivorykstes-spalvu-gintaro-rutuliuku-karoliai-5-mm","14":"product_tag-gintariniai-karoliai","15":"product_tag-gradient-amber-round-beads-necklace-5-mm","16":"product_tag-baltijos-gintaro-karliai","17":"product_tag-kaunas","18":"product_tag-lietuvos-gintaras","20":"first","21":"instock","22":"taxable","23":"shipping-taxable","24":"purchasable","25":"product-type-simple"},"yoast_head":"<!-- This site is optimized with the Yoast SEO Premium plugin v23.4 (Yoast SEO v26.8) - https:\/\/yoast.com\/product\/yoast-seo-premium-wordpress\/ -->\n<title>Vaivoryk\u0161t\u0117s spalv\u0173 gintaro rutuliuk\u0173 karoliai 5 mm<\/title>\n<meta name=\"description\" content=\"Gradient amber round beads necklace 5 mm, Gradient color Baltic amber necklace 48 cm long. Amber necklace for women, gintaro karoliai moterims\" \/>\n<meta name=\"robots\" content=\"index, follow, max-snippet:-1, max-image-preview:large, max-video-preview:-1\" \/>\n<link rel=\"canonical\" href=\"https:\/\/amberwithsilver.com\/en\/product\/vaivorykstes-spalvu-gintaro-rutuliuku-karoliai-5-mm\/\" \/>\n<meta property=\"og:locale\" content=\"en_US\" \/>\n<meta property=\"og:type\" content=\"article\" \/>\n<meta property=\"og:title\" content=\"Vaivoryk\u0161t\u0117s spalv\u0173 gintaro rutuliuk\u0173 karoliai 5 mm\" \/>\n<meta property=\"og:description\" content=\"Gradient amber round beads necklace 5 mm, Gradient color Baltic amber necklace 48 cm long. Amber necklace for women, gintaro karoliai moterims\" \/>\n<meta property=\"og:url\" content=\"https:\/\/amberwithsilver.com\/en\/product\/vaivorykstes-spalvu-gintaro-rutuliuku-karoliai-5-mm\/\" \/>\n<meta property=\"og:site_name\" content=\"AmberWithSilver\" \/>\n<meta property=\"article:modified_time\" content=\"2025-05-02T18:32:39+00:00\" \/>\n<meta property=\"og:image\" content=\"https:\/\/amberwithsilver.com\/wp-content\/uploads\/2025\/05\/id.469.webp\" \/>\n\t<meta property=\"og:image:width\" content=\"800\" \/>\n\t<meta property=\"og:image:height\" content=\"844\" \/>\n\t<meta property=\"og:image:type\" content=\"image\/webp\" \/>\n<meta name=\"twitter:card\" content=\"summary_large_image\" \/>\n<meta name=\"twitter:label1\" content=\"Est. reading time\" \/>\n\t<meta name=\"twitter:data1\" content=\"1 minute\" \/>\n<script type=\"application\/ld+json\" class=\"yoast-schema-graph\">{\"@context\":\"https:\/\/schema.org\",\"@graph\":[{\"@type\":\"WebPage\",\"@id\":\"https:\/\/amberwithsilver.com\/product\/vaivorykstes-spalvu-gintaro-rutuliuku-karoliai-5-mm\/\",\"url\":\"https:\/\/amberwithsilver.com\/product\/vaivorykstes-spalvu-gintaro-rutuliuku-karoliai-5-mm\/\",\"name\":\"Vaivoryk\u0161t\u0117s spalv\u0173 gintaro rutuliuk\u0173 karoliai 5 mm\",\"isPartOf\":{\"@id\":\"https:\/\/amberwithsilver.com\/en\/#website\"},\"primaryImageOfPage\":{\"@id\":\"https:\/\/amberwithsilver.com\/product\/vaivorykstes-spalvu-gintaro-rutuliuku-karoliai-5-mm\/#primaryimage\"},\"image\":{\"@id\":\"https:\/\/amberwithsilver.com\/product\/vaivorykstes-spalvu-gintaro-rutuliuku-karoliai-5-mm\/#primaryimage\"},\"thumbnailUrl\":\"https:\/\/amberwithsilver.com\/wp-content\/uploads\/2025\/05\/id.469.webp\",\"datePublished\":\"2025-05-02T17:03:21+00:00\",\"dateModified\":\"2025-05-02T18:32:39+00:00\",\"description\":\"Gradient amber round beads necklace 5 mm, Gradient color Baltic amber necklace 48 cm long. Amber necklace for women, gintaro karoliai moterims\",\"breadcrumb\":{\"@id\":\"https:\/\/amberwithsilver.com\/product\/vaivorykstes-spalvu-gintaro-rutuliuku-karoliai-5-mm\/#breadcrumb\"},\"inLanguage\":\"en-US\",\"potentialAction\":[{\"@type\":\"ReadAction\",\"target\":[\"https:\/\/amberwithsilver.com\/product\/vaivorykstes-spalvu-gintaro-rutuliuku-karoliai-5-mm\/\"]}]},{\"@type\":\"ImageObject\",\"inLanguage\":\"en-US\",\"@id\":\"https:\/\/amberwithsilver.com\/product\/vaivorykstes-spalvu-gintaro-rutuliuku-karoliai-5-mm\/#primaryimage\",\"url\":\"https:\/\/amberwithsilver.com\/wp-content\/uploads\/2025\/05\/id.469.webp\",\"contentUrl\":\"https:\/\/amberwithsilver.com\/wp-content\/uploads\/2025\/05\/id.469.webp\",\"width\":800,\"height\":844,\"caption\":\"Vaivoryk\u0161t\u0117s spalv\u0173 gintaro rutuliuk\u0173 karoliai 5 mm, Gradient amber round beads necklace 5 mm\"},{\"@type\":\"BreadcrumbList\",\"@id\":\"https:\/\/amberwithsilver.com\/product\/vaivorykstes-spalvu-gintaro-rutuliuku-karoliai-5-mm\/#breadcrumb\",\"itemListElement\":[{\"@type\":\"ListItem\",\"position\":1,\"name\":\"Home\",\"item\":\"https:\/\/amberwithsilver.com\/\"},{\"@type\":\"ListItem\",\"position\":2,\"name\":\"Parduotuv\u0117\",\"item\":\"https:\/\/amberwithsilver.com\/en\/parduotuve\/\"},{\"@type\":\"ListItem\",\"position\":3,\"name\":\"Vaivoryk\u0161t\u0117s spalv\u0173 gintaro rutuliuk\u0173 karoliai 5 mm\"}]},{\"@type\":\"WebSite\",\"@id\":\"https:\/\/amberwithsilver.com\/en\/#website\",\"url\":\"https:\/\/amberwithsilver.com\/en\/\",\"name\":\"AmberWithSilver\",\"description\":\"Amber-Silver\",\"publisher\":{\"@id\":\"https:\/\/amberwithsilver.com\/en\/#organization\"},\"potentialAction\":[{\"@type\":\"SearchAction\",\"target\":{\"@type\":\"EntryPoint\",\"urlTemplate\":\"https:\/\/amberwithsilver.com\/en\/?s={search_term_string}\"},\"query-input\":{\"@type\":\"PropertyValueSpecification\",\"valueRequired\":true,\"valueName\":\"search_term_string\"}}],\"inLanguage\":\"en-US\"},{\"@type\":\"Organization\",\"@id\":\"https:\/\/amberwithsilver.com\/en\/#organization\",\"name\":\"amberwithsilver\",\"url\":\"https:\/\/amberwithsilver.com\/en\/\",\"logo\":{\"@type\":\"ImageObject\",\"inLanguage\":\"en-US\",\"@id\":\"https:\/\/amberwithsilver.com\/en\/#\/schema\/logo\/image\/\",\"url\":\"https:\/\/i0.wp.com\/amberwithsilver.com\/wp-content\/uploads\/2020\/12\/logo.jpg?fit=232%2C116&ssl=1\",\"contentUrl\":\"https:\/\/i0.wp.com\/amberwithsilver.com\/wp-content\/uploads\/2020\/12\/logo.jpg?fit=232%2C116&ssl=1\",\"width\":232,\"height\":116,\"caption\":\"amberwithsilver\"},\"image\":{\"@id\":\"https:\/\/amberwithsilver.com\/en\/#\/schema\/logo\/image\/\"}}]}<\/script>\n<!-- \/ Yoast SEO Premium plugin. -->","yoast_head_json":{"title":"Gradient amber round beads necklace 5 mm.","description":"Gradient amber round beads necklace 5 mm, Gradient color Baltic amber necklace 48 cm long. Amber necklace for women, gintaro karoliai moterims","robots":{"index":"index","follow":"follow","max-snippet":"max-snippet:-1","max-image-preview":"max-image-preview:large","max-video-preview":"max-video-preview:-1"},"canonical":"https:\/\/amberwithsilver.com\/en\/product\/vaivorykstes-spalvu-gintaro-rutuliuku-karoliai-5-mm\/","og_locale":"en_US","og_type":"article","og_title":"Vaivoryk\u0161t\u0117s spalv\u0173 gintaro rutuliuk\u0173 karoliai 5 mm","og_description":"Gradient amber round beads necklace 5 mm, Gradient color Baltic amber necklace 48 cm long. Amber necklace for women, gintaro karoliai moterims","og_url":"https:\/\/amberwithsilver.com\/en\/product\/vaivorykstes-spalvu-gintaro-rutuliuku-karoliai-5-mm\/","og_site_name":"AmberWithSilver","article_modified_time":"2025-05-02T18:32:39+00:00","og_image":[{"width":800,"height":844,"url":"https:\/\/amberwithsilver.com\/wp-content\/uploads\/2025\/05\/id.469.webp","type":"image\/webp"}],"twitter_card":"summary_large_image","twitter_misc":{"Est. reading time":"1 minute"},"schema":{"@context":"https:\/\/schema.org","@graph":[{"@type":"WebPage","@id":"https:\/\/amberwithsilver.com\/product\/vaivorykstes-spalvu-gintaro-rutuliuku-karoliai-5-mm\/","url":"https:\/\/amberwithsilver.com\/product\/vaivorykstes-spalvu-gintaro-rutuliuku-karoliai-5-mm\/","name":"Gradient amber round beads necklace 5 mm.","isPartOf":{"@id":"https:\/\/amberwithsilver.com\/en\/#website"},"primaryImageOfPage":{"@id":"https:\/\/amberwithsilver.com\/product\/vaivorykstes-spalvu-gintaro-rutuliuku-karoliai-5-mm\/#primaryimage"},"image":{"@id":"https:\/\/amberwithsilver.com\/product\/vaivorykstes-spalvu-gintaro-rutuliuku-karoliai-5-mm\/#primaryimage"},"thumbnailUrl":"https:\/\/amberwithsilver.com\/wp-content\/uploads\/2025\/05\/id.469.webp","datePublished":"2025-05-02T17:03:21+00:00","dateModified":"2025-05-02T18:32:39+00:00","description":"Gradient amber round beads necklace 5 mm, Gradient color Baltic amber necklace 48 cm long. Amber necklace for women, gintaro karoliai moterims","breadcrumb":{"@id":"https:\/\/amberwithsilver.com\/product\/vaivorykstes-spalvu-gintaro-rutuliuku-karoliai-5-mm\/#breadcrumb"},"inLanguage":"en-US","potentialAction":[{"@type":"ReadAction","target":["https:\/\/amberwithsilver.com\/product\/vaivorykstes-spalvu-gintaro-rutuliuku-karoliai-5-mm\/"]}]},{"@type":"ImageObject","inLanguage":"en-US","@id":"https:\/\/amberwithsilver.com\/product\/vaivorykstes-spalvu-gintaro-rutuliuku-karoliai-5-mm\/#primaryimage","url":"https:\/\/amberwithsilver.com\/wp-content\/uploads\/2025\/05\/id.469.webp","contentUrl":"https:\/\/amberwithsilver.com\/wp-content\/uploads\/2025\/05\/id.469.webp","width":800,"height":844,"caption":"Vaivoryk\u0161t\u0117s spalv\u0173 gintaro rutuliuk\u0173 karoliai 5 mm, Gradient amber round beads necklace 5 mm"},{"@type":"BreadcrumbList","@id":"https:\/\/amberwithsilver.com\/product\/vaivorykstes-spalvu-gintaro-rutuliuku-karoliai-5-mm\/#breadcrumb","itemListElement":[{"@type":"ListItem","position":1,"name":"Home","item":"https:\/\/amberwithsilver.com\/"},{"@type":"ListItem","position":2,"name":"Parduotuv\u0117","item":"https:\/\/amberwithsilver.com\/en\/parduotuve\/"},{"@type":"ListItem","position":3,"name":"Vaivoryk\u0161t\u0117s spalv\u0173 gintaro rutuliuk\u0173 karoliai 5 mm"}]},{"@type":"WebSite","@id":"https:\/\/amberwithsilver.com\/en\/#website","url":"https:\/\/amberwithsilver.com\/en\/","name":"AmberWithSilver","description":"Amber-Silver","publisher":{"@id":"https:\/\/amberwithsilver.com\/en\/#organization"},"potentialAction":[{"@type":"SearchAction","target":{"@type":"EntryPoint","urlTemplate":"https:\/\/amberwithsilver.com\/en\/?s={search_term_string}"},"query-input":{"@type":"PropertyValueSpecification","valueRequired":true,"valueName":"search_term_string"}}],"inLanguage":"en-US"},{"@type":"Organization","@id":"https:\/\/amberwithsilver.com\/en\/#organization","name":"amberwithsilver","url":"https:\/\/amberwithsilver.com\/en\/","logo":{"@type":"ImageObject","inLanguage":"en-US","@id":"https:\/\/amberwithsilver.com\/en\/#\/schema\/logo\/image\/","url":"https:\/\/i0.wp.com\/amberwithsilver.com\/wp-content\/uploads\/2020\/12\/logo.jpg?fit=232%2C116&ssl=1","contentUrl":"https:\/\/i0.wp.com\/amberwithsilver.com\/wp-content\/uploads\/2020\/12\/logo.jpg?fit=232%2C116&ssl=1","width":232,"height":116,"caption":"amberwithsilver"},"image":{"@id":"https:\/\/amberwithsilver.com\/en\/#\/schema\/logo\/image\/"}}]}},"jetpack_sharing_enabled":true,"_links":{"self":[{"href":"https:\/\/amberwithsilver.com\/en\/wp-json\/wp\/v2\/product\/3706","targetHints":{"allow":["GET"]}}],"collection":[{"href":"https:\/\/amberwithsilver.com\/en\/wp-json\/wp\/v2\/product"}],"about":[{"href":"https:\/\/amberwithsilver.com\/en\/wp-json\/wp\/v2\/types\/product"}],"replies":[{"embeddable":true,"href":"https:\/\/amberwithsilver.com\/en\/wp-json\/wp\/v2\/comments?post=3706"}],"version-history":[{"count":0,"href":"https:\/\/amberwithsilver.com\/en\/wp-json\/wp\/v2\/product\/3706\/revisions"}],"wp:featuredmedia":[{"embeddable":true,"href":"https:\/\/amberwithsilver.com\/en\/wp-json\/wp\/v2\/media\/3707"}],"wp:attachment":[{"href":"https:\/\/amberwithsilver.com\/en\/wp-json\/wp\/v2\/media?parent=3706"}],"wp:term":[{"taxonomy":"product_brand","embeddable":true,"href":"https:\/\/amberwithsilver.com\/en\/wp-json\/wp\/v2\/product_brand?post=3706"},{"taxonomy":"product_cat","embeddable":true,"href":"https:\/\/amberwithsilver.com\/en\/wp-json\/wp\/v2\/product_cat?post=3706"},{"taxonomy":"product_tag","embeddable":true,"href":"https:\/\/amberwithsilver.com\/en\/wp-json\/wp\/v2\/product_tag?post=3706"}],"curies":[{"name":"wp","href":"https:\/\/api.w.org\/{rel}","templated":true}]}}