{"id":3741,"date":"2025-08-21T12:40:58","date_gmt":"2025-08-21T10:40:58","guid":{"rendered":"https:\/\/amberwithsilver.com\/?post_type=product&#038;p=3741"},"modified":"2026-01-20T15:14:25","modified_gmt":"2026-01-20T13:14:25","slug":"gintarinio-zalio-smaragdinio-dobilo-apyranke-su-juodu-siulu","status":"publish","type":"product","link":"https:\/\/amberwithsilver.com\/en\/product\/gintarinio-zalio-smaragdinio-dobilo-apyranke-su-juodu-siulu\/","title":{"rendered":"Amber green clover bracelet with black thread (emerald)"},"content":{"rendered":"<p>Amber green clover bracelet with black thread (emerald)<\/p>\n<p>Our handmade amber four-leaf clovers have already become an integral part of your beauty. They are a symbol of happiness and success. Four clover leaves symbolize love, hope, faith and luck. A specially gifted four-leaf clover brings luck and happiness. <span class=\"BxUVEf ILfuVd\" lang=\"lt\"><span class=\"hgKElc\">Symbol of happiness and luck. The four leaves of a clover symbolize love, hope, faith and luck. A four-leaf clover, especially given as a gift, brings luck and happiness. <\/span><\/span><\/p>\n<ul>\n<li>Baltic amber<\/li>\n<li>Color \u2013 green, emerald<\/li>\n<li>Green color is obtained technologically<\/li>\n<li>Clover dimensions ~ 15-16 mm.<\/li>\n<\/ul>\n<p>*Please select the desired bracelet size:<\/p>","protected":false},"excerpt":{"rendered":"<p>Amber green clover bracelet with black thread (emerald)<\/p>\n<p>Our handmade amber four-leaf clovers have already become an integral part of your beauty. They are a symbol of happiness and success. Four clover leaves symbolize love, hope, faith and luck. A specially gifted four-leaf clover brings luck and happiness. <span class=\"BxUVEf ILfuVd\" lang=\"lt\"><span class=\"hgKElc\">Symbol of happiness and luck. The four leaves of a clover symbolize love, hope, faith and luck. A four-leaf clover, especially given as a gift, brings luck and happiness. <\/span><\/span><\/p>\n<ul>\n<li>Baltic amber<\/li>\n<li>Color \u2013 green, emerald<\/li>\n<li>Green color is obtained technologically<\/li>\n<li>Clover dimensions ~ 15-16 mm.<\/li>\n<\/ul>\n<p>*Please select the desired bracelet size:<\/p>","protected":false},"featured_media":3754,"comment_status":"open","ping_status":"closed","template":"","meta":[],"product_brand":[],"product_cat":[18],"product_tag":[1356,70,1357,156,1358,917,1359,920,1360,924,1361,941,1362,1165,1363,1198,1364,1349,1365,1350,1351,1352,1353,1354,1355],"class_list":{"0":"post-3741","1":"product","2":"type-product","3":"status-publish","4":"has-post-thumbnail","6":"product_cat-gintaro-apyrankes","7":"product_tag-zalias-dobilas","8":"product_tag-zalias-gintaras","9":"product_tag-green-color-clover","10":"product_tag-green-amber","11":"product_tag-green-clover","12":"product_tag-gintarinis-pakabukas","13":"product_tag-dobilo-apyranke","14":"product_tag-gintarinis-dobilas","15":"product_tag-clover-bracelet","16":"product_tag-four-leaf-clover","17":"product_tag-gintaras-ir-dobilas","18":"product_tag-clover","19":"product_tag-dovana-su-dobilu","20":"product_tag-laimes-ir-sekmes-talismanas","21":"product_tag-juodo-siulo-apyranke","22":"product_tag-sekmes-apyranke-su-gintaru","23":"product_tag-green-amber-clover-bracelet-with-black-thread-emerald","24":"product_tag-gintaropapuosalai","25":"product_tag-amber-clover-bracelet","26":"product_tag-gintarinio-zalio-smaragdinio-dobilo-apyranke-su-juodu-siulu","27":"product_tag-zalias-gintaro-dobilas","28":"product_tag-green-amber-clover","29":"product_tag-keturlapisdobilas","30":"product_tag-dobilas","31":"product_tag-amber-clover","32":"pa_ilgis-riesas-15-18-cm","33":"pa_ilgis-riesas-19-22-cm","35":"first","36":"instock","37":"taxable","38":"shipping-taxable","39":"purchasable","40":"product-type-variable"},"yoast_head":"<!-- This site is optimized with the Yoast SEO Premium plugin v23.4 (Yoast SEO v26.8) - https:\/\/yoast.com\/product\/yoast-seo-premium-wordpress\/ -->\n<title>Gintarinio \u017ealio dobilo apyrank\u0117 su juodu si\u016blu<\/title>\n<meta name=\"description\" content=\"Tai laim\u0117s ir s\u0117km\u0117s simbolis. Keturi dobilo lapeliai simbolizuoja meil\u0119, vilt\u012f, tik\u0117jim\u0105 ir s\u0117km\u0119. Ypa\u010d dovanotas keturlapis dobilas ne\u0161a s\u0117km\u0119.\" \/>\n<meta name=\"robots\" content=\"index, follow, max-snippet:-1, max-image-preview:large, max-video-preview:-1\" \/>\n<link rel=\"canonical\" href=\"https:\/\/amberwithsilver.com\/en\/product\/gintarinio-zalio-smaragdinio-dobilo-apyranke-su-juodu-siulu\/\" \/>\n<meta property=\"og:locale\" content=\"en_US\" \/>\n<meta property=\"og:type\" content=\"article\" \/>\n<meta property=\"og:title\" content=\"Gintarinio \u017ealio dobilo apyrank\u0117 su juodu si\u016blu (smaragdas)\" \/>\n<meta property=\"og:description\" content=\"Tai laim\u0117s ir s\u0117km\u0117s simbolis. Keturi dobilo lapeliai simbolizuoja meil\u0119, vilt\u012f, tik\u0117jim\u0105 ir s\u0117km\u0119. Ypa\u010d dovanotas keturlapis dobilas ne\u0161a s\u0117km\u0119.\" \/>\n<meta property=\"og:url\" content=\"https:\/\/amberwithsilver.com\/en\/product\/gintarinio-zalio-smaragdinio-dobilo-apyranke-su-juodu-siulu\/\" \/>\n<meta property=\"og:site_name\" content=\"AmberWithSilver\" \/>\n<meta property=\"article:modified_time\" content=\"2026-01-20T13:14:25+00:00\" \/>\n<meta property=\"og:image\" content=\"https:\/\/amberwithsilver.com\/wp-content\/uploads\/2025\/08\/id.570-prad.webp\" \/>\n\t<meta property=\"og:image:width\" content=\"1000\" \/>\n\t<meta property=\"og:image:height\" content=\"1191\" \/>\n\t<meta property=\"og:image:type\" content=\"image\/webp\" \/>\n<meta name=\"twitter:card\" content=\"summary_large_image\" \/>\n<meta name=\"twitter:label1\" content=\"Est. reading time\" \/>\n\t<meta name=\"twitter:data1\" content=\"1 minute\" \/>\n<script type=\"application\/ld+json\" class=\"yoast-schema-graph\">{\"@context\":\"https:\/\/schema.org\",\"@graph\":[{\"@type\":\"WebPage\",\"@id\":\"https:\/\/amberwithsilver.com\/product\/gintarinio-zalio-smaragdinio-dobilo-apyranke-su-juodu-siulu\/\",\"url\":\"https:\/\/amberwithsilver.com\/product\/gintarinio-zalio-smaragdinio-dobilo-apyranke-su-juodu-siulu\/\",\"name\":\"Gintarinio \u017ealio dobilo apyrank\u0117 su juodu si\u016blu\",\"isPartOf\":{\"@id\":\"https:\/\/amberwithsilver.com\/en\/#website\"},\"primaryImageOfPage\":{\"@id\":\"https:\/\/amberwithsilver.com\/product\/gintarinio-zalio-smaragdinio-dobilo-apyranke-su-juodu-siulu\/#primaryimage\"},\"image\":{\"@id\":\"https:\/\/amberwithsilver.com\/product\/gintarinio-zalio-smaragdinio-dobilo-apyranke-su-juodu-siulu\/#primaryimage\"},\"thumbnailUrl\":\"https:\/\/amberwithsilver.com\/wp-content\/uploads\/2025\/08\/id.570-prad.webp\",\"datePublished\":\"2025-08-21T10:40:58+00:00\",\"dateModified\":\"2026-01-20T13:14:25+00:00\",\"description\":\"Tai laim\u0117s ir s\u0117km\u0117s simbolis. Keturi dobilo lapeliai simbolizuoja meil\u0119, vilt\u012f, tik\u0117jim\u0105 ir s\u0117km\u0119. Ypa\u010d dovanotas keturlapis dobilas ne\u0161a s\u0117km\u0119.\",\"breadcrumb\":{\"@id\":\"https:\/\/amberwithsilver.com\/product\/gintarinio-zalio-smaragdinio-dobilo-apyranke-su-juodu-siulu\/#breadcrumb\"},\"inLanguage\":\"en-US\",\"potentialAction\":[{\"@type\":\"ReadAction\",\"target\":[\"https:\/\/amberwithsilver.com\/product\/gintarinio-zalio-smaragdinio-dobilo-apyranke-su-juodu-siulu\/\"]}]},{\"@type\":\"ImageObject\",\"inLanguage\":\"en-US\",\"@id\":\"https:\/\/amberwithsilver.com\/product\/gintarinio-zalio-smaragdinio-dobilo-apyranke-su-juodu-siulu\/#primaryimage\",\"url\":\"https:\/\/amberwithsilver.com\/wp-content\/uploads\/2025\/08\/id.570-prad.webp\",\"contentUrl\":\"https:\/\/amberwithsilver.com\/wp-content\/uploads\/2025\/08\/id.570-prad.webp\",\"width\":1000,\"height\":1191,\"caption\":\"Gintarinio \u017ealio dobilo apyrank\u0117 su juodu si\u016blu (smaragdas), Green amber clover bracelet with black thread (emerald)\"},{\"@type\":\"BreadcrumbList\",\"@id\":\"https:\/\/amberwithsilver.com\/product\/gintarinio-zalio-smaragdinio-dobilo-apyranke-su-juodu-siulu\/#breadcrumb\",\"itemListElement\":[{\"@type\":\"ListItem\",\"position\":1,\"name\":\"Home\",\"item\":\"https:\/\/amberwithsilver.com\/\"},{\"@type\":\"ListItem\",\"position\":2,\"name\":\"Parduotuv\u0117\",\"item\":\"https:\/\/amberwithsilver.com\/en\/parduotuve\/\"},{\"@type\":\"ListItem\",\"position\":3,\"name\":\"Gintarinio \u017ealio dobilo apyrank\u0117 su juodu si\u016blu (smaragdas)\"}]},{\"@type\":\"WebSite\",\"@id\":\"https:\/\/amberwithsilver.com\/en\/#website\",\"url\":\"https:\/\/amberwithsilver.com\/en\/\",\"name\":\"AmberWithSilver\",\"description\":\"Amber-Silver\",\"publisher\":{\"@id\":\"https:\/\/amberwithsilver.com\/en\/#organization\"},\"potentialAction\":[{\"@type\":\"SearchAction\",\"target\":{\"@type\":\"EntryPoint\",\"urlTemplate\":\"https:\/\/amberwithsilver.com\/en\/?s={search_term_string}\"},\"query-input\":{\"@type\":\"PropertyValueSpecification\",\"valueRequired\":true,\"valueName\":\"search_term_string\"}}],\"inLanguage\":\"en-US\"},{\"@type\":\"Organization\",\"@id\":\"https:\/\/amberwithsilver.com\/en\/#organization\",\"name\":\"amberwithsilver\",\"url\":\"https:\/\/amberwithsilver.com\/en\/\",\"logo\":{\"@type\":\"ImageObject\",\"inLanguage\":\"en-US\",\"@id\":\"https:\/\/amberwithsilver.com\/en\/#\/schema\/logo\/image\/\",\"url\":\"https:\/\/i0.wp.com\/amberwithsilver.com\/wp-content\/uploads\/2020\/12\/logo.jpg?fit=232%2C116&ssl=1\",\"contentUrl\":\"https:\/\/i0.wp.com\/amberwithsilver.com\/wp-content\/uploads\/2020\/12\/logo.jpg?fit=232%2C116&ssl=1\",\"width\":232,\"height\":116,\"caption\":\"amberwithsilver\"},\"image\":{\"@id\":\"https:\/\/amberwithsilver.com\/en\/#\/schema\/logo\/image\/\"}}]}<\/script>\n<!-- \/ Yoast SEO Premium plugin. -->","yoast_head_json":{"title":"Gintarinio \u017ealio dobilo apyrank\u0117 su juodu si\u016blu","description":"Tai laim\u0117s ir s\u0117km\u0117s simbolis. Keturi dobilo lapeliai simbolizuoja meil\u0119, vilt\u012f, tik\u0117jim\u0105 ir s\u0117km\u0119. Ypa\u010d dovanotas keturlapis dobilas ne\u0161a s\u0117km\u0119.","robots":{"index":"index","follow":"follow","max-snippet":"max-snippet:-1","max-image-preview":"max-image-preview:large","max-video-preview":"max-video-preview:-1"},"canonical":"https:\/\/amberwithsilver.com\/en\/product\/gintarinio-zalio-smaragdinio-dobilo-apyranke-su-juodu-siulu\/","og_locale":"en_US","og_type":"article","og_title":"Gintarinio \u017ealio dobilo apyrank\u0117 su juodu si\u016blu (smaragdas)","og_description":"Tai laim\u0117s ir s\u0117km\u0117s simbolis. Keturi dobilo lapeliai simbolizuoja meil\u0119, vilt\u012f, tik\u0117jim\u0105 ir s\u0117km\u0119. Ypa\u010d dovanotas keturlapis dobilas ne\u0161a s\u0117km\u0119.","og_url":"https:\/\/amberwithsilver.com\/en\/product\/gintarinio-zalio-smaragdinio-dobilo-apyranke-su-juodu-siulu\/","og_site_name":"AmberWithSilver","article_modified_time":"2026-01-20T13:14:25+00:00","og_image":[{"width":1000,"height":1191,"url":"https:\/\/amberwithsilver.com\/wp-content\/uploads\/2025\/08\/id.570-prad.webp","type":"image\/webp"}],"twitter_card":"summary_large_image","twitter_misc":{"Est. reading time":"1 minute"},"schema":{"@context":"https:\/\/schema.org","@graph":[{"@type":"WebPage","@id":"https:\/\/amberwithsilver.com\/product\/gintarinio-zalio-smaragdinio-dobilo-apyranke-su-juodu-siulu\/","url":"https:\/\/amberwithsilver.com\/product\/gintarinio-zalio-smaragdinio-dobilo-apyranke-su-juodu-siulu\/","name":"Gintarinio \u017ealio dobilo apyrank\u0117 su juodu si\u016blu","isPartOf":{"@id":"https:\/\/amberwithsilver.com\/en\/#website"},"primaryImageOfPage":{"@id":"https:\/\/amberwithsilver.com\/product\/gintarinio-zalio-smaragdinio-dobilo-apyranke-su-juodu-siulu\/#primaryimage"},"image":{"@id":"https:\/\/amberwithsilver.com\/product\/gintarinio-zalio-smaragdinio-dobilo-apyranke-su-juodu-siulu\/#primaryimage"},"thumbnailUrl":"https:\/\/amberwithsilver.com\/wp-content\/uploads\/2025\/08\/id.570-prad.webp","datePublished":"2025-08-21T10:40:58+00:00","dateModified":"2026-01-20T13:14:25+00:00","description":"Tai laim\u0117s ir s\u0117km\u0117s simbolis. Keturi dobilo lapeliai simbolizuoja meil\u0119, vilt\u012f, tik\u0117jim\u0105 ir s\u0117km\u0119. Ypa\u010d dovanotas keturlapis dobilas ne\u0161a s\u0117km\u0119.","breadcrumb":{"@id":"https:\/\/amberwithsilver.com\/product\/gintarinio-zalio-smaragdinio-dobilo-apyranke-su-juodu-siulu\/#breadcrumb"},"inLanguage":"en-US","potentialAction":[{"@type":"ReadAction","target":["https:\/\/amberwithsilver.com\/product\/gintarinio-zalio-smaragdinio-dobilo-apyranke-su-juodu-siulu\/"]}]},{"@type":"ImageObject","inLanguage":"en-US","@id":"https:\/\/amberwithsilver.com\/product\/gintarinio-zalio-smaragdinio-dobilo-apyranke-su-juodu-siulu\/#primaryimage","url":"https:\/\/amberwithsilver.com\/wp-content\/uploads\/2025\/08\/id.570-prad.webp","contentUrl":"https:\/\/amberwithsilver.com\/wp-content\/uploads\/2025\/08\/id.570-prad.webp","width":1000,"height":1191,"caption":"Gintarinio \u017ealio dobilo apyrank\u0117 su juodu si\u016blu (smaragdas), Green amber clover bracelet with black thread (emerald)"},{"@type":"BreadcrumbList","@id":"https:\/\/amberwithsilver.com\/product\/gintarinio-zalio-smaragdinio-dobilo-apyranke-su-juodu-siulu\/#breadcrumb","itemListElement":[{"@type":"ListItem","position":1,"name":"Home","item":"https:\/\/amberwithsilver.com\/"},{"@type":"ListItem","position":2,"name":"Parduotuv\u0117","item":"https:\/\/amberwithsilver.com\/en\/parduotuve\/"},{"@type":"ListItem","position":3,"name":"Gintarinio \u017ealio dobilo apyrank\u0117 su juodu si\u016blu (smaragdas)"}]},{"@type":"WebSite","@id":"https:\/\/amberwithsilver.com\/en\/#website","url":"https:\/\/amberwithsilver.com\/en\/","name":"AmberWithSilver","description":"Amber-Silver","publisher":{"@id":"https:\/\/amberwithsilver.com\/en\/#organization"},"potentialAction":[{"@type":"SearchAction","target":{"@type":"EntryPoint","urlTemplate":"https:\/\/amberwithsilver.com\/en\/?s={search_term_string}"},"query-input":{"@type":"PropertyValueSpecification","valueRequired":true,"valueName":"search_term_string"}}],"inLanguage":"en-US"},{"@type":"Organization","@id":"https:\/\/amberwithsilver.com\/en\/#organization","name":"amberwithsilver","url":"https:\/\/amberwithsilver.com\/en\/","logo":{"@type":"ImageObject","inLanguage":"en-US","@id":"https:\/\/amberwithsilver.com\/en\/#\/schema\/logo\/image\/","url":"https:\/\/i0.wp.com\/amberwithsilver.com\/wp-content\/uploads\/2020\/12\/logo.jpg?fit=232%2C116&ssl=1","contentUrl":"https:\/\/i0.wp.com\/amberwithsilver.com\/wp-content\/uploads\/2020\/12\/logo.jpg?fit=232%2C116&ssl=1","width":232,"height":116,"caption":"amberwithsilver"},"image":{"@id":"https:\/\/amberwithsilver.com\/en\/#\/schema\/logo\/image\/"}}]}},"jetpack_sharing_enabled":true,"_links":{"self":[{"href":"https:\/\/amberwithsilver.com\/en\/wp-json\/wp\/v2\/product\/3741","targetHints":{"allow":["GET"]}}],"collection":[{"href":"https:\/\/amberwithsilver.com\/en\/wp-json\/wp\/v2\/product"}],"about":[{"href":"https:\/\/amberwithsilver.com\/en\/wp-json\/wp\/v2\/types\/product"}],"replies":[{"embeddable":true,"href":"https:\/\/amberwithsilver.com\/en\/wp-json\/wp\/v2\/comments?post=3741"}],"version-history":[{"count":6,"href":"https:\/\/amberwithsilver.com\/en\/wp-json\/wp\/v2\/product\/3741\/revisions"}],"predecessor-version":[{"id":3761,"href":"https:\/\/amberwithsilver.com\/en\/wp-json\/wp\/v2\/product\/3741\/revisions\/3761"}],"wp:featuredmedia":[{"embeddable":true,"href":"https:\/\/amberwithsilver.com\/en\/wp-json\/wp\/v2\/media\/3754"}],"wp:attachment":[{"href":"https:\/\/amberwithsilver.com\/en\/wp-json\/wp\/v2\/media?parent=3741"}],"wp:term":[{"taxonomy":"product_brand","embeddable":true,"href":"https:\/\/amberwithsilver.com\/en\/wp-json\/wp\/v2\/product_brand?post=3741"},{"taxonomy":"product_cat","embeddable":true,"href":"https:\/\/amberwithsilver.com\/en\/wp-json\/wp\/v2\/product_cat?post=3741"},{"taxonomy":"product_tag","embeddable":true,"href":"https:\/\/amberwithsilver.com\/en\/wp-json\/wp\/v2\/product_tag?post=3741"}],"curies":[{"name":"wp","href":"https:\/\/api.w.org\/{rel}","templated":true}]}}