{"id":3756,"date":"2025-08-22T11:08:57","date_gmt":"2025-08-22T09:08:57","guid":{"rendered":"https:\/\/amberwithsilver.com\/?post_type=product&#038;p=3756"},"modified":"2026-01-20T15:10:44","modified_gmt":"2026-01-20T13:10:44","slug":"gintarinio-zalio-dobilo-apyranke-su-juodu-siulu-samaninis","status":"publish","type":"product","link":"https:\/\/amberwithsilver.com\/en\/product\/gintarinio-zalio-dobilo-apyranke-su-juodu-siulu-samaninis\/","title":{"rendered":"Amber green clover bracelet with black thread (moss)"},"content":{"rendered":"<p>Amber green clover bracelet with black thread (moss)<\/p>\n<p>Our handmade amber four-leaf clovers have already become an integral part of your beauty. They are a symbol of happiness and success. Four clover leaves symbolize love, hope, faith and luck. A specially gifted four-leaf clover brings luck and happiness. <span class=\"BxUVEf ILfuVd\" lang=\"lt\"><span class=\"hgKElc\">Symbol of happiness and luck. The four leaves of a clover symbolize love, hope, faith and luck. A four-leaf clover, especially given as a gift, brings luck and happiness. <\/span><\/span><\/p>\n<ul>\n<li>Baltic amber<\/li>\n<li>Color \u2013 green, mossy<\/li>\n<li>Green color is obtained technologically<\/li>\n<li>Clover dimensions ~ 15-16 mm.<\/li>\n<\/ul>\n<p>*Please select the desired bracelet size:<\/p>","protected":false},"excerpt":{"rendered":"<p>Amber green clover bracelet with black thread (moss)<\/p>\n<p>Our handmade amber four-leaf clovers have already become an integral part of your beauty. They are a symbol of happiness and success. Four clover leaves symbolize love, hope, faith and luck. A specially gifted four-leaf clover brings luck and happiness. <span class=\"BxUVEf ILfuVd\" lang=\"lt\"><span class=\"hgKElc\">Symbol of happiness and luck. The four leaves of a clover symbolize love, hope, faith and luck. A four-leaf clover, especially given as a gift, brings luck and happiness. <\/span><\/span><\/p>\n<ul>\n<li>Baltic amber<\/li>\n<li>Color \u2013 green, mossy<\/li>\n<li>Green color is obtained technologically<\/li>\n<li>Clover dimensions ~ 15-16 mm.<\/li>\n<\/ul>\n<p>*Please select the desired bracelet size:<\/p>","protected":false},"featured_media":3759,"comment_status":"open","ping_status":"closed","template":"","meta":[],"product_brand":[],"product_cat":[18],"product_tag":[1361,920,1362,924,1363,939,1366,1106,1367,1165,1368,1198,1351,1352,1354,1355,1356,1357,1358,1359,1360],"class_list":{"0":"post-3756","1":"product","2":"type-product","3":"status-publish","4":"has-post-thumbnail","6":"product_cat-gintaro-apyrankes","7":"product_tag-gintaras-ir-dobilas","8":"product_tag-gintarinis-dobilas","9":"product_tag-dovana-su-dobilu","10":"product_tag-four-leaf-clover","11":"product_tag-juodo-siulo-apyranke","12":"product_tag-keturlapis-dobilas","13":"product_tag-gintarinio-zalio-dobilo-apyranke-su-juodu-siulu-samaninis","14":"product_tag-gintaro-papuosalai","15":"product_tag-green-amber-clover-bracelet-with-black-thread-moss-color","16":"product_tag-laimes-ir-sekmes-talismanas","17":"product_tag-amber-clover-bracelet-clover","18":"product_tag-sekmes-apyranke-su-gintaru","19":"product_tag-zalias-gintaro-dobilas","20":"product_tag-green-amber-clover","21":"product_tag-dobilas","22":"product_tag-amber-clover","23":"product_tag-zalias-dobilas","24":"product_tag-green-color-clover","25":"product_tag-green-clover","26":"product_tag-dobilo-apyranke","27":"product_tag-clover-bracelet","28":"pa_ilgis-riesas-15-18-cm","29":"pa_ilgis-riesas-19-22-cm","31":"first","32":"instock","33":"taxable","34":"shipping-taxable","35":"purchasable","36":"product-type-variable"},"yoast_head":"<!-- This site is optimized with the Yoast SEO Premium plugin v23.4 (Yoast SEO v26.8) - https:\/\/yoast.com\/product\/yoast-seo-premium-wordpress\/ -->\n<title>\u017dalio dobilo apyrank\u0117 su juodu si\u016blu<\/title>\n<meta name=\"description\" content=\"Tai laim\u0117s ir s\u0117km\u0117s simbolis. Keturi \u017ealiojo dobilo lapeliai simbolizuoja meil\u0119, vilt\u012f, tik\u0117jim\u0105 ir s\u0117km\u0119.Green amber clover bracelet with black thread.\" \/>\n<meta name=\"robots\" content=\"index, follow, max-snippet:-1, max-image-preview:large, max-video-preview:-1\" \/>\n<link rel=\"canonical\" href=\"https:\/\/amberwithsilver.com\/en\/product\/gintarinio-zalio-dobilo-apyranke-su-juodu-siulu-samaninis\/\" \/>\n<meta property=\"og:locale\" content=\"en_US\" \/>\n<meta property=\"og:type\" content=\"article\" \/>\n<meta property=\"og:title\" content=\"Gintarinio \u017ealio dobilo apyrank\u0117 su juodu si\u016blu (samaninis)\" \/>\n<meta property=\"og:description\" content=\"Tai laim\u0117s ir s\u0117km\u0117s simbolis. Keturi \u017ealiojo dobilo lapeliai simbolizuoja meil\u0119, vilt\u012f, tik\u0117jim\u0105 ir s\u0117km\u0119.Green amber clover bracelet with black thread.\" \/>\n<meta property=\"og:url\" content=\"https:\/\/amberwithsilver.com\/en\/product\/gintarinio-zalio-dobilo-apyranke-su-juodu-siulu-samaninis\/\" \/>\n<meta property=\"og:site_name\" content=\"AmberWithSilver\" \/>\n<meta property=\"article:modified_time\" content=\"2026-01-20T13:10:44+00:00\" \/>\n<meta property=\"og:image\" content=\"https:\/\/amberwithsilver.com\/wp-content\/uploads\/2025\/08\/id.571-saman.webp\" \/>\n\t<meta property=\"og:image:width\" content=\"800\" \/>\n\t<meta property=\"og:image:height\" content=\"914\" \/>\n\t<meta property=\"og:image:type\" content=\"image\/webp\" \/>\n<meta name=\"twitter:card\" content=\"summary_large_image\" \/>\n<meta name=\"twitter:label1\" content=\"Est. reading time\" \/>\n\t<meta name=\"twitter:data1\" content=\"1 minute\" \/>\n<script type=\"application\/ld+json\" class=\"yoast-schema-graph\">{\"@context\":\"https:\/\/schema.org\",\"@graph\":[{\"@type\":\"WebPage\",\"@id\":\"https:\/\/amberwithsilver.com\/product\/gintarinio-zalio-dobilo-apyranke-su-juodu-siulu-samaninis\/\",\"url\":\"https:\/\/amberwithsilver.com\/product\/gintarinio-zalio-dobilo-apyranke-su-juodu-siulu-samaninis\/\",\"name\":\"\u017dalio dobilo apyrank\u0117 su juodu si\u016blu\",\"isPartOf\":{\"@id\":\"https:\/\/amberwithsilver.com\/en\/#website\"},\"primaryImageOfPage\":{\"@id\":\"https:\/\/amberwithsilver.com\/product\/gintarinio-zalio-dobilo-apyranke-su-juodu-siulu-samaninis\/#primaryimage\"},\"image\":{\"@id\":\"https:\/\/amberwithsilver.com\/product\/gintarinio-zalio-dobilo-apyranke-su-juodu-siulu-samaninis\/#primaryimage\"},\"thumbnailUrl\":\"https:\/\/amberwithsilver.com\/wp-content\/uploads\/2025\/08\/id.571-saman.webp\",\"datePublished\":\"2025-08-22T09:08:57+00:00\",\"dateModified\":\"2026-01-20T13:10:44+00:00\",\"description\":\"Tai laim\u0117s ir s\u0117km\u0117s simbolis. Keturi \u017ealiojo dobilo lapeliai simbolizuoja meil\u0119, vilt\u012f, tik\u0117jim\u0105 ir s\u0117km\u0119.Green amber clover bracelet with black thread.\",\"breadcrumb\":{\"@id\":\"https:\/\/amberwithsilver.com\/product\/gintarinio-zalio-dobilo-apyranke-su-juodu-siulu-samaninis\/#breadcrumb\"},\"inLanguage\":\"en-US\",\"potentialAction\":[{\"@type\":\"ReadAction\",\"target\":[\"https:\/\/amberwithsilver.com\/product\/gintarinio-zalio-dobilo-apyranke-su-juodu-siulu-samaninis\/\"]}]},{\"@type\":\"ImageObject\",\"inLanguage\":\"en-US\",\"@id\":\"https:\/\/amberwithsilver.com\/product\/gintarinio-zalio-dobilo-apyranke-su-juodu-siulu-samaninis\/#primaryimage\",\"url\":\"https:\/\/amberwithsilver.com\/wp-content\/uploads\/2025\/08\/id.571-saman.webp\",\"contentUrl\":\"https:\/\/amberwithsilver.com\/wp-content\/uploads\/2025\/08\/id.571-saman.webp\",\"width\":800,\"height\":914,\"caption\":\"Gintarinio \u017ealio dobilo apyrank\u0117 su juodu si\u016blu (samaninis), Green amber clover bracelet with black thread (moss color)\"},{\"@type\":\"BreadcrumbList\",\"@id\":\"https:\/\/amberwithsilver.com\/product\/gintarinio-zalio-dobilo-apyranke-su-juodu-siulu-samaninis\/#breadcrumb\",\"itemListElement\":[{\"@type\":\"ListItem\",\"position\":1,\"name\":\"Home\",\"item\":\"https:\/\/amberwithsilver.com\/\"},{\"@type\":\"ListItem\",\"position\":2,\"name\":\"Parduotuv\u0117\",\"item\":\"https:\/\/amberwithsilver.com\/en\/parduotuve\/\"},{\"@type\":\"ListItem\",\"position\":3,\"name\":\"Gintarinio \u017ealio dobilo apyrank\u0117 su juodu si\u016blu (samaninis)\"}]},{\"@type\":\"WebSite\",\"@id\":\"https:\/\/amberwithsilver.com\/en\/#website\",\"url\":\"https:\/\/amberwithsilver.com\/en\/\",\"name\":\"AmberWithSilver\",\"description\":\"Amber-Silver\",\"publisher\":{\"@id\":\"https:\/\/amberwithsilver.com\/en\/#organization\"},\"potentialAction\":[{\"@type\":\"SearchAction\",\"target\":{\"@type\":\"EntryPoint\",\"urlTemplate\":\"https:\/\/amberwithsilver.com\/en\/?s={search_term_string}\"},\"query-input\":{\"@type\":\"PropertyValueSpecification\",\"valueRequired\":true,\"valueName\":\"search_term_string\"}}],\"inLanguage\":\"en-US\"},{\"@type\":\"Organization\",\"@id\":\"https:\/\/amberwithsilver.com\/en\/#organization\",\"name\":\"amberwithsilver\",\"url\":\"https:\/\/amberwithsilver.com\/en\/\",\"logo\":{\"@type\":\"ImageObject\",\"inLanguage\":\"en-US\",\"@id\":\"https:\/\/amberwithsilver.com\/en\/#\/schema\/logo\/image\/\",\"url\":\"https:\/\/i0.wp.com\/amberwithsilver.com\/wp-content\/uploads\/2020\/12\/logo.jpg?fit=232%2C116&ssl=1\",\"contentUrl\":\"https:\/\/i0.wp.com\/amberwithsilver.com\/wp-content\/uploads\/2020\/12\/logo.jpg?fit=232%2C116&ssl=1\",\"width\":232,\"height\":116,\"caption\":\"amberwithsilver\"},\"image\":{\"@id\":\"https:\/\/amberwithsilver.com\/en\/#\/schema\/logo\/image\/\"}}]}<\/script>\n<!-- \/ Yoast SEO Premium plugin. -->","yoast_head_json":{"title":"\u017dalio dobilo apyrank\u0117 su juodu si\u016blu","description":"Tai laim\u0117s ir s\u0117km\u0117s simbolis. Keturi \u017ealiojo dobilo lapeliai simbolizuoja meil\u0119, vilt\u012f, tik\u0117jim\u0105 ir s\u0117km\u0119.Green amber clover bracelet with black thread.","robots":{"index":"index","follow":"follow","max-snippet":"max-snippet:-1","max-image-preview":"max-image-preview:large","max-video-preview":"max-video-preview:-1"},"canonical":"https:\/\/amberwithsilver.com\/en\/product\/gintarinio-zalio-dobilo-apyranke-su-juodu-siulu-samaninis\/","og_locale":"en_US","og_type":"article","og_title":"Gintarinio \u017ealio dobilo apyrank\u0117 su juodu si\u016blu (samaninis)","og_description":"Tai laim\u0117s ir s\u0117km\u0117s simbolis. Keturi \u017ealiojo dobilo lapeliai simbolizuoja meil\u0119, vilt\u012f, tik\u0117jim\u0105 ir s\u0117km\u0119.Green amber clover bracelet with black thread.","og_url":"https:\/\/amberwithsilver.com\/en\/product\/gintarinio-zalio-dobilo-apyranke-su-juodu-siulu-samaninis\/","og_site_name":"AmberWithSilver","article_modified_time":"2026-01-20T13:10:44+00:00","og_image":[{"width":800,"height":914,"url":"https:\/\/amberwithsilver.com\/wp-content\/uploads\/2025\/08\/id.571-saman.webp","type":"image\/webp"}],"twitter_card":"summary_large_image","twitter_misc":{"Est. reading time":"1 minute"},"schema":{"@context":"https:\/\/schema.org","@graph":[{"@type":"WebPage","@id":"https:\/\/amberwithsilver.com\/product\/gintarinio-zalio-dobilo-apyranke-su-juodu-siulu-samaninis\/","url":"https:\/\/amberwithsilver.com\/product\/gintarinio-zalio-dobilo-apyranke-su-juodu-siulu-samaninis\/","name":"\u017dalio dobilo apyrank\u0117 su juodu si\u016blu","isPartOf":{"@id":"https:\/\/amberwithsilver.com\/en\/#website"},"primaryImageOfPage":{"@id":"https:\/\/amberwithsilver.com\/product\/gintarinio-zalio-dobilo-apyranke-su-juodu-siulu-samaninis\/#primaryimage"},"image":{"@id":"https:\/\/amberwithsilver.com\/product\/gintarinio-zalio-dobilo-apyranke-su-juodu-siulu-samaninis\/#primaryimage"},"thumbnailUrl":"https:\/\/amberwithsilver.com\/wp-content\/uploads\/2025\/08\/id.571-saman.webp","datePublished":"2025-08-22T09:08:57+00:00","dateModified":"2026-01-20T13:10:44+00:00","description":"Tai laim\u0117s ir s\u0117km\u0117s simbolis. Keturi \u017ealiojo dobilo lapeliai simbolizuoja meil\u0119, vilt\u012f, tik\u0117jim\u0105 ir s\u0117km\u0119.Green amber clover bracelet with black thread.","breadcrumb":{"@id":"https:\/\/amberwithsilver.com\/product\/gintarinio-zalio-dobilo-apyranke-su-juodu-siulu-samaninis\/#breadcrumb"},"inLanguage":"en-US","potentialAction":[{"@type":"ReadAction","target":["https:\/\/amberwithsilver.com\/product\/gintarinio-zalio-dobilo-apyranke-su-juodu-siulu-samaninis\/"]}]},{"@type":"ImageObject","inLanguage":"en-US","@id":"https:\/\/amberwithsilver.com\/product\/gintarinio-zalio-dobilo-apyranke-su-juodu-siulu-samaninis\/#primaryimage","url":"https:\/\/amberwithsilver.com\/wp-content\/uploads\/2025\/08\/id.571-saman.webp","contentUrl":"https:\/\/amberwithsilver.com\/wp-content\/uploads\/2025\/08\/id.571-saman.webp","width":800,"height":914,"caption":"Gintarinio \u017ealio dobilo apyrank\u0117 su juodu si\u016blu (samaninis), Green amber clover bracelet with black thread (moss color)"},{"@type":"BreadcrumbList","@id":"https:\/\/amberwithsilver.com\/product\/gintarinio-zalio-dobilo-apyranke-su-juodu-siulu-samaninis\/#breadcrumb","itemListElement":[{"@type":"ListItem","position":1,"name":"Home","item":"https:\/\/amberwithsilver.com\/"},{"@type":"ListItem","position":2,"name":"Parduotuv\u0117","item":"https:\/\/amberwithsilver.com\/en\/parduotuve\/"},{"@type":"ListItem","position":3,"name":"Gintarinio \u017ealio dobilo apyrank\u0117 su juodu si\u016blu (samaninis)"}]},{"@type":"WebSite","@id":"https:\/\/amberwithsilver.com\/en\/#website","url":"https:\/\/amberwithsilver.com\/en\/","name":"AmberWithSilver","description":"Amber-Silver","publisher":{"@id":"https:\/\/amberwithsilver.com\/en\/#organization"},"potentialAction":[{"@type":"SearchAction","target":{"@type":"EntryPoint","urlTemplate":"https:\/\/amberwithsilver.com\/en\/?s={search_term_string}"},"query-input":{"@type":"PropertyValueSpecification","valueRequired":true,"valueName":"search_term_string"}}],"inLanguage":"en-US"},{"@type":"Organization","@id":"https:\/\/amberwithsilver.com\/en\/#organization","name":"amberwithsilver","url":"https:\/\/amberwithsilver.com\/en\/","logo":{"@type":"ImageObject","inLanguage":"en-US","@id":"https:\/\/amberwithsilver.com\/en\/#\/schema\/logo\/image\/","url":"https:\/\/i0.wp.com\/amberwithsilver.com\/wp-content\/uploads\/2020\/12\/logo.jpg?fit=232%2C116&ssl=1","contentUrl":"https:\/\/i0.wp.com\/amberwithsilver.com\/wp-content\/uploads\/2020\/12\/logo.jpg?fit=232%2C116&ssl=1","width":232,"height":116,"caption":"amberwithsilver"},"image":{"@id":"https:\/\/amberwithsilver.com\/en\/#\/schema\/logo\/image\/"}}]}},"jetpack_sharing_enabled":true,"_links":{"self":[{"href":"https:\/\/amberwithsilver.com\/en\/wp-json\/wp\/v2\/product\/3756","targetHints":{"allow":["GET"]}}],"collection":[{"href":"https:\/\/amberwithsilver.com\/en\/wp-json\/wp\/v2\/product"}],"about":[{"href":"https:\/\/amberwithsilver.com\/en\/wp-json\/wp\/v2\/types\/product"}],"replies":[{"embeddable":true,"href":"https:\/\/amberwithsilver.com\/en\/wp-json\/wp\/v2\/comments?post=3756"}],"version-history":[{"count":2,"href":"https:\/\/amberwithsilver.com\/en\/wp-json\/wp\/v2\/product\/3756\/revisions"}],"predecessor-version":[{"id":3966,"href":"https:\/\/amberwithsilver.com\/en\/wp-json\/wp\/v2\/product\/3756\/revisions\/3966"}],"wp:featuredmedia":[{"embeddable":true,"href":"https:\/\/amberwithsilver.com\/en\/wp-json\/wp\/v2\/media\/3759"}],"wp:attachment":[{"href":"https:\/\/amberwithsilver.com\/en\/wp-json\/wp\/v2\/media?parent=3756"}],"wp:term":[{"taxonomy":"product_brand","embeddable":true,"href":"https:\/\/amberwithsilver.com\/en\/wp-json\/wp\/v2\/product_brand?post=3756"},{"taxonomy":"product_cat","embeddable":true,"href":"https:\/\/amberwithsilver.com\/en\/wp-json\/wp\/v2\/product_cat?post=3756"},{"taxonomy":"product_tag","embeddable":true,"href":"https:\/\/amberwithsilver.com\/en\/wp-json\/wp\/v2\/product_tag?post=3756"}],"curies":[{"name":"wp","href":"https:\/\/api.w.org\/{rel}","templated":true}]}}