{"id":3762,"date":"2025-08-25T15:51:50","date_gmt":"2025-08-25T13:51:50","guid":{"rendered":"https:\/\/amberwithsilver.com\/?post_type=product&#038;p=3762"},"modified":"2026-01-20T15:08:53","modified_gmt":"2026-01-20T13:08:53","slug":"gintarinio-zalio-dobilo-apyranke-su-juodu-siulu-tamsiai-zalia","status":"publish","type":"product","link":"https:\/\/amberwithsilver.com\/en\/product\/gintarinio-zalio-dobilo-apyranke-su-juodu-siulu-tamsiai-zalia\/","title":{"rendered":"Amber green clover bracelet with black thread (dark green)"},"content":{"rendered":"<p>Amber green clover bracelet with black thread (dark green)<\/p>\n<p>Our handmade amber four-leaf clovers have already become an integral part of your beauty. They are a symbol of happiness and success. Four clover leaves symbolize love, hope, faith and luck. A specially gifted four-leaf clover brings luck and happiness. <span class=\"BxUVEf ILfuVd\" lang=\"lt\"><span class=\"hgKElc\">Symbol of happiness and luck. The four leaves of a clover symbolize love, hope, faith and luck. A four-leaf clover, especially given as a gift, brings luck and happiness. <\/span><\/span><\/p>\n<ul>\n<li>Baltic amber<\/li>\n<li>Color \u2013 dark green<\/li>\n<li>Green color is obtained technologically<\/li>\n<li>Clover dimensions ~ 15-16 mm.<\/li>\n<\/ul>\n<p>*Please select the desired bracelet size:<\/p>","protected":false},"excerpt":{"rendered":"<p>Amber green clover bracelet with black thread (dark green)<\/p>\n<p>Our handmade amber four-leaf clovers have already become an integral part of your beauty. They are a symbol of happiness and success. Four clover leaves symbolize love, hope, faith and luck. A specially gifted four-leaf clover brings luck and happiness. <span class=\"BxUVEf ILfuVd\" lang=\"lt\"><span class=\"hgKElc\">Symbol of happiness and luck. The four leaves of a clover symbolize love, hope, faith and luck. A four-leaf clover, especially given as a gift, brings luck and happiness. <\/span><\/span><\/p>\n<ul>\n<li>Baltic amber<\/li>\n<li>Color \u2013 dark green<\/li>\n<li>Green color is obtained technologically<\/li>\n<li>Clover dimensions ~ 15-16 mm.<\/li>\n<\/ul>\n<p>*Please select the desired bracelet size:<\/p>","protected":false},"featured_media":3766,"comment_status":"open","ping_status":"closed","template":"","meta":[],"product_brand":[],"product_cat":[18],"product_tag":[1361,70,1362,790,1365,920,1369,924,1370,939,1373,941,1374,1164,1375,1165,1198,1351,1352,1355,1357,1359,1360],"class_list":{"0":"post-3762","1":"product","2":"type-product","3":"status-publish","4":"has-post-thumbnail","6":"product_cat-gintaro-apyrankes","7":"product_tag-gintaras-ir-dobilas","8":"product_tag-zalias-gintaras","9":"product_tag-dovana-su-dobilu","10":"product_tag-apsauga-nuo-nelaimiu","11":"product_tag-amber-clover-bracelet","12":"product_tag-gintarinis-dobilas","13":"product_tag-gintarinio-zalio-dobilo-apyranke-su-juodu-siulu","14":"product_tag-four-leaf-clover","15":"product_tag-green-amber-clover-bracelet-with-black-thread-dark-green","16":"product_tag-keturlapis-dobilas","17":"product_tag-uodo-siulo-apyranke","18":"product_tag-clover","19":"product_tag-dark-green-color-amber-clover","20":"product_tag-laimes-amuletas","21":"product_tag-four-leaf-clover-dark-green-color","22":"product_tag-laimes-ir-sekmes-talismanas","23":"product_tag-sekmes-apyranke-su-gintaru","24":"product_tag-zalias-gintaro-dobilas","25":"product_tag-green-amber-clover","26":"product_tag-amber-clover","27":"product_tag-green-color-clover","28":"product_tag-dobilo-apyranke","29":"product_tag-clover-bracelet","30":"pa_ilgis-riesas-15-18-cm","31":"pa_ilgis-riesas-19-22-cm","33":"first","34":"instock","35":"taxable","36":"shipping-taxable","37":"purchasable","38":"product-type-variable"},"yoast_head":"<!-- This site is optimized with the Yoast SEO Premium plugin v23.4 (Yoast SEO v26.8) - https:\/\/yoast.com\/product\/yoast-seo-premium-wordpress\/ -->\n<title>Gintarinio \u017ealio dobilo apyrank\u0117 su juodu si\u016blu<\/title>\n<meta name=\"description\" content=\"M\u016bs\u0173 rank\u0173 darbo gintariniai keturlapiai dobiliukai jau tapo neatsiejama J\u016bs\u0173 gro\u017eio puo\u0161mena. Tai laim\u0117s ir s\u0117km\u0117s simbolis.\" \/>\n<meta name=\"robots\" content=\"index, follow, max-snippet:-1, max-image-preview:large, max-video-preview:-1\" \/>\n<link rel=\"canonical\" href=\"https:\/\/amberwithsilver.com\/en\/product\/gintarinio-zalio-dobilo-apyranke-su-juodu-siulu-tamsiai-zalia\/\" \/>\n<meta property=\"og:locale\" content=\"en_US\" \/>\n<meta property=\"og:type\" content=\"article\" \/>\n<meta property=\"og:title\" content=\"Gintarinio \u017ealio dobilo apyrank\u0117 su juodu si\u016blu (tamsiai \u017ealia)\" \/>\n<meta property=\"og:description\" content=\"M\u016bs\u0173 rank\u0173 darbo gintariniai keturlapiai dobiliukai jau tapo neatsiejama J\u016bs\u0173 gro\u017eio puo\u0161mena. Tai laim\u0117s ir s\u0117km\u0117s simbolis.\" \/>\n<meta property=\"og:url\" content=\"https:\/\/amberwithsilver.com\/en\/product\/gintarinio-zalio-dobilo-apyranke-su-juodu-siulu-tamsiai-zalia\/\" \/>\n<meta property=\"og:site_name\" content=\"AmberWithSilver\" \/>\n<meta property=\"article:modified_time\" content=\"2026-01-20T13:08:53+00:00\" \/>\n<meta property=\"og:image\" content=\"https:\/\/amberwithsilver.com\/wp-content\/uploads\/2025\/08\/id.572.webp\" \/>\n\t<meta property=\"og:image:width\" content=\"800\" \/>\n\t<meta property=\"og:image:height\" content=\"937\" \/>\n\t<meta property=\"og:image:type\" content=\"image\/webp\" \/>\n<meta name=\"twitter:card\" content=\"summary_large_image\" \/>\n<meta name=\"twitter:label1\" content=\"Est. reading time\" \/>\n\t<meta name=\"twitter:data1\" content=\"1 minute\" \/>\n<script type=\"application\/ld+json\" class=\"yoast-schema-graph\">{\"@context\":\"https:\/\/schema.org\",\"@graph\":[{\"@type\":\"WebPage\",\"@id\":\"https:\/\/amberwithsilver.com\/product\/gintarinio-zalio-dobilo-apyranke-su-juodu-siulu-tamsiai-zalia\/\",\"url\":\"https:\/\/amberwithsilver.com\/product\/gintarinio-zalio-dobilo-apyranke-su-juodu-siulu-tamsiai-zalia\/\",\"name\":\"Gintarinio \u017ealio dobilo apyrank\u0117 su juodu si\u016blu\",\"isPartOf\":{\"@id\":\"https:\/\/amberwithsilver.com\/en\/#website\"},\"primaryImageOfPage\":{\"@id\":\"https:\/\/amberwithsilver.com\/product\/gintarinio-zalio-dobilo-apyranke-su-juodu-siulu-tamsiai-zalia\/#primaryimage\"},\"image\":{\"@id\":\"https:\/\/amberwithsilver.com\/product\/gintarinio-zalio-dobilo-apyranke-su-juodu-siulu-tamsiai-zalia\/#primaryimage\"},\"thumbnailUrl\":\"https:\/\/amberwithsilver.com\/wp-content\/uploads\/2025\/08\/id.572.webp\",\"datePublished\":\"2025-08-25T13:51:50+00:00\",\"dateModified\":\"2026-01-20T13:08:53+00:00\",\"description\":\"M\u016bs\u0173 rank\u0173 darbo gintariniai keturlapiai dobiliukai jau tapo neatsiejama J\u016bs\u0173 gro\u017eio puo\u0161mena. Tai laim\u0117s ir s\u0117km\u0117s simbolis.\",\"breadcrumb\":{\"@id\":\"https:\/\/amberwithsilver.com\/product\/gintarinio-zalio-dobilo-apyranke-su-juodu-siulu-tamsiai-zalia\/#breadcrumb\"},\"inLanguage\":\"en-US\",\"potentialAction\":[{\"@type\":\"ReadAction\",\"target\":[\"https:\/\/amberwithsilver.com\/product\/gintarinio-zalio-dobilo-apyranke-su-juodu-siulu-tamsiai-zalia\/\"]}]},{\"@type\":\"ImageObject\",\"inLanguage\":\"en-US\",\"@id\":\"https:\/\/amberwithsilver.com\/product\/gintarinio-zalio-dobilo-apyranke-su-juodu-siulu-tamsiai-zalia\/#primaryimage\",\"url\":\"https:\/\/amberwithsilver.com\/wp-content\/uploads\/2025\/08\/id.572.webp\",\"contentUrl\":\"https:\/\/amberwithsilver.com\/wp-content\/uploads\/2025\/08\/id.572.webp\",\"width\":800,\"height\":937,\"caption\":\"Gintarinio \u017ealio dobilo apyrank\u0117 su juodu si\u016blu (tamsiai \u017ealia), Green amber clover bracelet with black thread (dark green)\"},{\"@type\":\"BreadcrumbList\",\"@id\":\"https:\/\/amberwithsilver.com\/product\/gintarinio-zalio-dobilo-apyranke-su-juodu-siulu-tamsiai-zalia\/#breadcrumb\",\"itemListElement\":[{\"@type\":\"ListItem\",\"position\":1,\"name\":\"Home\",\"item\":\"https:\/\/amberwithsilver.com\/\"},{\"@type\":\"ListItem\",\"position\":2,\"name\":\"Parduotuv\u0117\",\"item\":\"https:\/\/amberwithsilver.com\/en\/parduotuve\/\"},{\"@type\":\"ListItem\",\"position\":3,\"name\":\"Gintarinio \u017ealio dobilo apyrank\u0117 su juodu si\u016blu (tamsiai \u017ealia)\"}]},{\"@type\":\"WebSite\",\"@id\":\"https:\/\/amberwithsilver.com\/en\/#website\",\"url\":\"https:\/\/amberwithsilver.com\/en\/\",\"name\":\"AmberWithSilver\",\"description\":\"Amber-Silver\",\"publisher\":{\"@id\":\"https:\/\/amberwithsilver.com\/en\/#organization\"},\"potentialAction\":[{\"@type\":\"SearchAction\",\"target\":{\"@type\":\"EntryPoint\",\"urlTemplate\":\"https:\/\/amberwithsilver.com\/en\/?s={search_term_string}\"},\"query-input\":{\"@type\":\"PropertyValueSpecification\",\"valueRequired\":true,\"valueName\":\"search_term_string\"}}],\"inLanguage\":\"en-US\"},{\"@type\":\"Organization\",\"@id\":\"https:\/\/amberwithsilver.com\/en\/#organization\",\"name\":\"amberwithsilver\",\"url\":\"https:\/\/amberwithsilver.com\/en\/\",\"logo\":{\"@type\":\"ImageObject\",\"inLanguage\":\"en-US\",\"@id\":\"https:\/\/amberwithsilver.com\/en\/#\/schema\/logo\/image\/\",\"url\":\"https:\/\/i0.wp.com\/amberwithsilver.com\/wp-content\/uploads\/2020\/12\/logo.jpg?fit=232%2C116&ssl=1\",\"contentUrl\":\"https:\/\/i0.wp.com\/amberwithsilver.com\/wp-content\/uploads\/2020\/12\/logo.jpg?fit=232%2C116&ssl=1\",\"width\":232,\"height\":116,\"caption\":\"amberwithsilver\"},\"image\":{\"@id\":\"https:\/\/amberwithsilver.com\/en\/#\/schema\/logo\/image\/\"}}]}<\/script>\n<!-- \/ Yoast SEO Premium plugin. -->","yoast_head_json":{"title":"Gintarinio \u017ealio dobilo apyrank\u0117 su juodu si\u016blu","description":"M\u016bs\u0173 rank\u0173 darbo gintariniai keturlapiai dobiliukai jau tapo neatsiejama J\u016bs\u0173 gro\u017eio puo\u0161mena. Tai laim\u0117s ir s\u0117km\u0117s simbolis.","robots":{"index":"index","follow":"follow","max-snippet":"max-snippet:-1","max-image-preview":"max-image-preview:large","max-video-preview":"max-video-preview:-1"},"canonical":"https:\/\/amberwithsilver.com\/en\/product\/gintarinio-zalio-dobilo-apyranke-su-juodu-siulu-tamsiai-zalia\/","og_locale":"en_US","og_type":"article","og_title":"Gintarinio \u017ealio dobilo apyrank\u0117 su juodu si\u016blu (tamsiai \u017ealia)","og_description":"M\u016bs\u0173 rank\u0173 darbo gintariniai keturlapiai dobiliukai jau tapo neatsiejama J\u016bs\u0173 gro\u017eio puo\u0161mena. Tai laim\u0117s ir s\u0117km\u0117s simbolis.","og_url":"https:\/\/amberwithsilver.com\/en\/product\/gintarinio-zalio-dobilo-apyranke-su-juodu-siulu-tamsiai-zalia\/","og_site_name":"AmberWithSilver","article_modified_time":"2026-01-20T13:08:53+00:00","og_image":[{"width":800,"height":937,"url":"https:\/\/amberwithsilver.com\/wp-content\/uploads\/2025\/08\/id.572.webp","type":"image\/webp"}],"twitter_card":"summary_large_image","twitter_misc":{"Est. reading time":"1 minute"},"schema":{"@context":"https:\/\/schema.org","@graph":[{"@type":"WebPage","@id":"https:\/\/amberwithsilver.com\/product\/gintarinio-zalio-dobilo-apyranke-su-juodu-siulu-tamsiai-zalia\/","url":"https:\/\/amberwithsilver.com\/product\/gintarinio-zalio-dobilo-apyranke-su-juodu-siulu-tamsiai-zalia\/","name":"Gintarinio \u017ealio dobilo apyrank\u0117 su juodu si\u016blu","isPartOf":{"@id":"https:\/\/amberwithsilver.com\/en\/#website"},"primaryImageOfPage":{"@id":"https:\/\/amberwithsilver.com\/product\/gintarinio-zalio-dobilo-apyranke-su-juodu-siulu-tamsiai-zalia\/#primaryimage"},"image":{"@id":"https:\/\/amberwithsilver.com\/product\/gintarinio-zalio-dobilo-apyranke-su-juodu-siulu-tamsiai-zalia\/#primaryimage"},"thumbnailUrl":"https:\/\/amberwithsilver.com\/wp-content\/uploads\/2025\/08\/id.572.webp","datePublished":"2025-08-25T13:51:50+00:00","dateModified":"2026-01-20T13:08:53+00:00","description":"M\u016bs\u0173 rank\u0173 darbo gintariniai keturlapiai dobiliukai jau tapo neatsiejama J\u016bs\u0173 gro\u017eio puo\u0161mena. Tai laim\u0117s ir s\u0117km\u0117s simbolis.","breadcrumb":{"@id":"https:\/\/amberwithsilver.com\/product\/gintarinio-zalio-dobilo-apyranke-su-juodu-siulu-tamsiai-zalia\/#breadcrumb"},"inLanguage":"en-US","potentialAction":[{"@type":"ReadAction","target":["https:\/\/amberwithsilver.com\/product\/gintarinio-zalio-dobilo-apyranke-su-juodu-siulu-tamsiai-zalia\/"]}]},{"@type":"ImageObject","inLanguage":"en-US","@id":"https:\/\/amberwithsilver.com\/product\/gintarinio-zalio-dobilo-apyranke-su-juodu-siulu-tamsiai-zalia\/#primaryimage","url":"https:\/\/amberwithsilver.com\/wp-content\/uploads\/2025\/08\/id.572.webp","contentUrl":"https:\/\/amberwithsilver.com\/wp-content\/uploads\/2025\/08\/id.572.webp","width":800,"height":937,"caption":"Gintarinio \u017ealio dobilo apyrank\u0117 su juodu si\u016blu (tamsiai \u017ealia), Green amber clover bracelet with black thread (dark green)"},{"@type":"BreadcrumbList","@id":"https:\/\/amberwithsilver.com\/product\/gintarinio-zalio-dobilo-apyranke-su-juodu-siulu-tamsiai-zalia\/#breadcrumb","itemListElement":[{"@type":"ListItem","position":1,"name":"Home","item":"https:\/\/amberwithsilver.com\/"},{"@type":"ListItem","position":2,"name":"Parduotuv\u0117","item":"https:\/\/amberwithsilver.com\/en\/parduotuve\/"},{"@type":"ListItem","position":3,"name":"Gintarinio \u017ealio dobilo apyrank\u0117 su juodu si\u016blu (tamsiai \u017ealia)"}]},{"@type":"WebSite","@id":"https:\/\/amberwithsilver.com\/en\/#website","url":"https:\/\/amberwithsilver.com\/en\/","name":"AmberWithSilver","description":"Amber-Silver","publisher":{"@id":"https:\/\/amberwithsilver.com\/en\/#organization"},"potentialAction":[{"@type":"SearchAction","target":{"@type":"EntryPoint","urlTemplate":"https:\/\/amberwithsilver.com\/en\/?s={search_term_string}"},"query-input":{"@type":"PropertyValueSpecification","valueRequired":true,"valueName":"search_term_string"}}],"inLanguage":"en-US"},{"@type":"Organization","@id":"https:\/\/amberwithsilver.com\/en\/#organization","name":"amberwithsilver","url":"https:\/\/amberwithsilver.com\/en\/","logo":{"@type":"ImageObject","inLanguage":"en-US","@id":"https:\/\/amberwithsilver.com\/en\/#\/schema\/logo\/image\/","url":"https:\/\/i0.wp.com\/amberwithsilver.com\/wp-content\/uploads\/2020\/12\/logo.jpg?fit=232%2C116&ssl=1","contentUrl":"https:\/\/i0.wp.com\/amberwithsilver.com\/wp-content\/uploads\/2020\/12\/logo.jpg?fit=232%2C116&ssl=1","width":232,"height":116,"caption":"amberwithsilver"},"image":{"@id":"https:\/\/amberwithsilver.com\/en\/#\/schema\/logo\/image\/"}}]}},"jetpack_sharing_enabled":true,"_links":{"self":[{"href":"https:\/\/amberwithsilver.com\/en\/wp-json\/wp\/v2\/product\/3762","targetHints":{"allow":["GET"]}}],"collection":[{"href":"https:\/\/amberwithsilver.com\/en\/wp-json\/wp\/v2\/product"}],"about":[{"href":"https:\/\/amberwithsilver.com\/en\/wp-json\/wp\/v2\/types\/product"}],"replies":[{"embeddable":true,"href":"https:\/\/amberwithsilver.com\/en\/wp-json\/wp\/v2\/comments?post=3762"}],"version-history":[{"count":1,"href":"https:\/\/amberwithsilver.com\/en\/wp-json\/wp\/v2\/product\/3762\/revisions"}],"predecessor-version":[{"id":3765,"href":"https:\/\/amberwithsilver.com\/en\/wp-json\/wp\/v2\/product\/3762\/revisions\/3765"}],"wp:featuredmedia":[{"embeddable":true,"href":"https:\/\/amberwithsilver.com\/en\/wp-json\/wp\/v2\/media\/3766"}],"wp:attachment":[{"href":"https:\/\/amberwithsilver.com\/en\/wp-json\/wp\/v2\/media?parent=3762"}],"wp:term":[{"taxonomy":"product_brand","embeddable":true,"href":"https:\/\/amberwithsilver.com\/en\/wp-json\/wp\/v2\/product_brand?post=3762"},{"taxonomy":"product_cat","embeddable":true,"href":"https:\/\/amberwithsilver.com\/en\/wp-json\/wp\/v2\/product_cat?post=3762"},{"taxonomy":"product_tag","embeddable":true,"href":"https:\/\/amberwithsilver.com\/en\/wp-json\/wp\/v2\/product_tag?post=3762"}],"curies":[{"name":"wp","href":"https:\/\/api.w.org\/{rel}","templated":true}]}}