{"id":3792,"date":"2025-11-13T17:02:23","date_gmt":"2025-11-13T15:02:23","guid":{"rendered":"https:\/\/amberwithsilver.com\/?post_type=product&#038;p=3792"},"modified":"2026-01-22T15:40:17","modified_gmt":"2026-01-22T13:40:17","slug":"gydomieji-naturalaus-gintaro-karoliai-2","status":"publish","type":"product","link":"https:\/\/amberwithsilver.com\/en\/product\/gydomieji-naturalaus-gintaro-karoliai-2\/","title":{"rendered":"Therapeutic natural amber necklace"},"content":{"rendered":"<p>Therapeutic natural amber necklace<\/p>\n<ul>\n<li><em>Natural Baltic amber<\/em><\/li>\n<li><em>Handmade unpolished amber pieces<\/em><\/li>\n<li><em>Colors: multicolor<\/em><\/li>\n<li><em>Weight: ~ 19,00 g.<\/em><\/li>\n<li><em>Length: ~ 50 cm<\/em><\/li>\n<li><em>Amber beads size: ~ 10 mm<\/em><\/li>\n<li><em>Closure: plastic screw clasp\u00a0<\/em><\/li>\n<\/ul>\n<p>&nbsp;<\/p>\n<p>*Please note that the color of the product may vary slightly from that shown in the photo, depending on the monitor used by the Buyer and the lighting settings in the photos.<\/p>","protected":false},"excerpt":{"rendered":"<p>Therapeutic natural amber necklace<\/p>\n<ul>\n<li><em>Natural Baltic amber<\/em><\/li>\n<li><em>Handmade unpolished amber pieces<\/em><\/li>\n<li><em>Colors: multicolor<\/em><\/li>\n<li><em>Weight: ~ 19,00 g.<\/em><\/li>\n<li><em>Length: ~ 50 cm<\/em><\/li>\n<li><em>Amber beads size: ~ 10 mm<\/em><\/li>\n<li><em>Closure: plastic screw clasp\u00a0<\/em><\/li>\n<\/ul>\n<p>&nbsp;<\/p>\n<p>*Please note that the color of the product may vary slightly from that shown in the photo, depending on the monitor used by the Buyer and the lighting settings in the photos.<\/p>","protected":false},"featured_media":3814,"comment_status":"open","ping_status":"closed","template":"","meta":[],"product_brand":[],"product_cat":[35],"product_tag":[587,634,809,819,1328,1376,1377,1378],"class_list":{"0":"post-3792","1":"product","2":"type-product","3":"status-publish","4":"has-post-thumbnail","6":"product_cat-gintaro-karoliai","7":"product_tag-gintariniai-karoliai-moterims","8":"product_tag-naturalaus-gintaro-karoliai","9":"product_tag-gydomieji-naturalaus-gintaro-karoliai","10":"product_tag-karoliai-moterims","11":"product_tag-gintaro-karoliai","12":"product_tag-gydomieji-gintaro-karoliai","13":"product_tag-neblizgaus-gintaro-karoliai","14":"product_tag-healing-natural-amber-necklace","16":"first","17":"instock","18":"taxable","19":"shipping-taxable","20":"purchasable","21":"product-type-simple"},"yoast_head":"<!-- This site is optimized with the Yoast SEO Premium plugin v23.4 (Yoast SEO v26.8) - https:\/\/yoast.com\/product\/yoast-seo-premium-wordpress\/ -->\n<title>Gydomieji nat\u016bralaus gintaro karoliai<\/title>\n<meta name=\"description\" content=\"Healing natural amber necklace,Nat\u016bralus Baltijos gintaras,Rank\u0173 darbo nepoliruotos gintaro detal\u0117s suteikia unikalumo\" \/>\n<meta name=\"robots\" content=\"index, follow, max-snippet:-1, max-image-preview:large, max-video-preview:-1\" \/>\n<link rel=\"canonical\" href=\"https:\/\/amberwithsilver.com\/en\/product\/gydomieji-naturalaus-gintaro-karoliai-2\/\" \/>\n<meta property=\"og:locale\" content=\"en_US\" \/>\n<meta property=\"og:type\" content=\"article\" \/>\n<meta property=\"og:title\" content=\"Gydomieji nat\u016bralaus gintaro karoliai\" \/>\n<meta property=\"og:description\" content=\"Healing natural amber necklace,Nat\u016bralus Baltijos gintaras,Rank\u0173 darbo nepoliruotos gintaro detal\u0117s suteikia unikalumo\" \/>\n<meta property=\"og:url\" content=\"https:\/\/amberwithsilver.com\/en\/product\/gydomieji-naturalaus-gintaro-karoliai-2\/\" \/>\n<meta property=\"og:site_name\" content=\"AmberWithSilver\" \/>\n<meta property=\"article:modified_time\" content=\"2026-01-22T13:40:17+00:00\" \/>\n<meta property=\"og:image\" content=\"https:\/\/amberwithsilver.com\/wp-content\/uploads\/2025\/11\/IMG_1896.webp\" \/>\n\t<meta property=\"og:image:width\" content=\"800\" \/>\n\t<meta property=\"og:image:height\" content=\"800\" \/>\n\t<meta property=\"og:image:type\" content=\"image\/webp\" \/>\n<meta name=\"twitter:card\" content=\"summary_large_image\" \/>\n<meta name=\"twitter:label1\" content=\"Est. reading time\" \/>\n\t<meta name=\"twitter:data1\" content=\"1 minute\" \/>\n<script type=\"application\/ld+json\" class=\"yoast-schema-graph\">{\"@context\":\"https:\/\/schema.org\",\"@graph\":[{\"@type\":\"WebPage\",\"@id\":\"https:\/\/amberwithsilver.com\/product\/gydomieji-naturalaus-gintaro-karoliai-2\/\",\"url\":\"https:\/\/amberwithsilver.com\/product\/gydomieji-naturalaus-gintaro-karoliai-2\/\",\"name\":\"Gydomieji nat\u016bralaus gintaro karoliai\",\"isPartOf\":{\"@id\":\"https:\/\/amberwithsilver.com\/en\/#website\"},\"primaryImageOfPage\":{\"@id\":\"https:\/\/amberwithsilver.com\/product\/gydomieji-naturalaus-gintaro-karoliai-2\/#primaryimage\"},\"image\":{\"@id\":\"https:\/\/amberwithsilver.com\/product\/gydomieji-naturalaus-gintaro-karoliai-2\/#primaryimage\"},\"thumbnailUrl\":\"https:\/\/amberwithsilver.com\/wp-content\/uploads\/2025\/11\/IMG_1896.webp\",\"datePublished\":\"2025-11-13T15:02:23+00:00\",\"dateModified\":\"2026-01-22T13:40:17+00:00\",\"description\":\"Healing natural amber necklace,Nat\u016bralus Baltijos gintaras,Rank\u0173 darbo nepoliruotos gintaro detal\u0117s suteikia unikalumo\",\"breadcrumb\":{\"@id\":\"https:\/\/amberwithsilver.com\/product\/gydomieji-naturalaus-gintaro-karoliai-2\/#breadcrumb\"},\"inLanguage\":\"en-US\",\"potentialAction\":[{\"@type\":\"ReadAction\",\"target\":[\"https:\/\/amberwithsilver.com\/product\/gydomieji-naturalaus-gintaro-karoliai-2\/\"]}]},{\"@type\":\"ImageObject\",\"inLanguage\":\"en-US\",\"@id\":\"https:\/\/amberwithsilver.com\/product\/gydomieji-naturalaus-gintaro-karoliai-2\/#primaryimage\",\"url\":\"https:\/\/amberwithsilver.com\/wp-content\/uploads\/2025\/11\/IMG_1896.webp\",\"contentUrl\":\"https:\/\/amberwithsilver.com\/wp-content\/uploads\/2025\/11\/IMG_1896.webp\",\"width\":800,\"height\":800,\"caption\":\"Gydomieji nat\u016bralaus gintaro karoliai, Healing natural amber necklace\"},{\"@type\":\"BreadcrumbList\",\"@id\":\"https:\/\/amberwithsilver.com\/product\/gydomieji-naturalaus-gintaro-karoliai-2\/#breadcrumb\",\"itemListElement\":[{\"@type\":\"ListItem\",\"position\":1,\"name\":\"Home\",\"item\":\"https:\/\/amberwithsilver.com\/\"},{\"@type\":\"ListItem\",\"position\":2,\"name\":\"Parduotuv\u0117\",\"item\":\"https:\/\/amberwithsilver.com\/en\/parduotuve\/\"},{\"@type\":\"ListItem\",\"position\":3,\"name\":\"Gydomieji nat\u016bralaus gintaro karoliai\"}]},{\"@type\":\"WebSite\",\"@id\":\"https:\/\/amberwithsilver.com\/en\/#website\",\"url\":\"https:\/\/amberwithsilver.com\/en\/\",\"name\":\"AmberWithSilver\",\"description\":\"Amber-Silver\",\"publisher\":{\"@id\":\"https:\/\/amberwithsilver.com\/en\/#organization\"},\"potentialAction\":[{\"@type\":\"SearchAction\",\"target\":{\"@type\":\"EntryPoint\",\"urlTemplate\":\"https:\/\/amberwithsilver.com\/en\/?s={search_term_string}\"},\"query-input\":{\"@type\":\"PropertyValueSpecification\",\"valueRequired\":true,\"valueName\":\"search_term_string\"}}],\"inLanguage\":\"en-US\"},{\"@type\":\"Organization\",\"@id\":\"https:\/\/amberwithsilver.com\/en\/#organization\",\"name\":\"amberwithsilver\",\"url\":\"https:\/\/amberwithsilver.com\/en\/\",\"logo\":{\"@type\":\"ImageObject\",\"inLanguage\":\"en-US\",\"@id\":\"https:\/\/amberwithsilver.com\/en\/#\/schema\/logo\/image\/\",\"url\":\"https:\/\/i0.wp.com\/amberwithsilver.com\/wp-content\/uploads\/2020\/12\/logo.jpg?fit=232%2C116&ssl=1\",\"contentUrl\":\"https:\/\/i0.wp.com\/amberwithsilver.com\/wp-content\/uploads\/2020\/12\/logo.jpg?fit=232%2C116&ssl=1\",\"width\":232,\"height\":116,\"caption\":\"amberwithsilver\"},\"image\":{\"@id\":\"https:\/\/amberwithsilver.com\/en\/#\/schema\/logo\/image\/\"}}]}<\/script>\n<!-- \/ Yoast SEO Premium plugin. -->","yoast_head_json":{"title":"Therapeutic natural amber necklace","description":"Healing natural amber necklace,Nat\u016bralus Baltijos gintaras,Rank\u0173 darbo nepoliruotos gintaro detal\u0117s suteikia unikalumo","robots":{"index":"index","follow":"follow","max-snippet":"max-snippet:-1","max-image-preview":"max-image-preview:large","max-video-preview":"max-video-preview:-1"},"canonical":"https:\/\/amberwithsilver.com\/en\/product\/gydomieji-naturalaus-gintaro-karoliai-2\/","og_locale":"en_US","og_type":"article","og_title":"Gydomieji nat\u016bralaus gintaro karoliai","og_description":"Healing natural amber necklace,Nat\u016bralus Baltijos gintaras,Rank\u0173 darbo nepoliruotos gintaro detal\u0117s suteikia unikalumo","og_url":"https:\/\/amberwithsilver.com\/en\/product\/gydomieji-naturalaus-gintaro-karoliai-2\/","og_site_name":"AmberWithSilver","article_modified_time":"2026-01-22T13:40:17+00:00","og_image":[{"width":800,"height":800,"url":"https:\/\/amberwithsilver.com\/wp-content\/uploads\/2025\/11\/IMG_1896.webp","type":"image\/webp"}],"twitter_card":"summary_large_image","twitter_misc":{"Est. reading time":"1 minute"},"schema":{"@context":"https:\/\/schema.org","@graph":[{"@type":"WebPage","@id":"https:\/\/amberwithsilver.com\/product\/gydomieji-naturalaus-gintaro-karoliai-2\/","url":"https:\/\/amberwithsilver.com\/product\/gydomieji-naturalaus-gintaro-karoliai-2\/","name":"Therapeutic natural amber necklace","isPartOf":{"@id":"https:\/\/amberwithsilver.com\/en\/#website"},"primaryImageOfPage":{"@id":"https:\/\/amberwithsilver.com\/product\/gydomieji-naturalaus-gintaro-karoliai-2\/#primaryimage"},"image":{"@id":"https:\/\/amberwithsilver.com\/product\/gydomieji-naturalaus-gintaro-karoliai-2\/#primaryimage"},"thumbnailUrl":"https:\/\/amberwithsilver.com\/wp-content\/uploads\/2025\/11\/IMG_1896.webp","datePublished":"2025-11-13T15:02:23+00:00","dateModified":"2026-01-22T13:40:17+00:00","description":"Healing natural amber necklace,Nat\u016bralus Baltijos gintaras,Rank\u0173 darbo nepoliruotos gintaro detal\u0117s suteikia unikalumo","breadcrumb":{"@id":"https:\/\/amberwithsilver.com\/product\/gydomieji-naturalaus-gintaro-karoliai-2\/#breadcrumb"},"inLanguage":"en-US","potentialAction":[{"@type":"ReadAction","target":["https:\/\/amberwithsilver.com\/product\/gydomieji-naturalaus-gintaro-karoliai-2\/"]}]},{"@type":"ImageObject","inLanguage":"en-US","@id":"https:\/\/amberwithsilver.com\/product\/gydomieji-naturalaus-gintaro-karoliai-2\/#primaryimage","url":"https:\/\/amberwithsilver.com\/wp-content\/uploads\/2025\/11\/IMG_1896.webp","contentUrl":"https:\/\/amberwithsilver.com\/wp-content\/uploads\/2025\/11\/IMG_1896.webp","width":800,"height":800,"caption":"Gydomieji nat\u016bralaus gintaro karoliai, Healing natural amber necklace"},{"@type":"BreadcrumbList","@id":"https:\/\/amberwithsilver.com\/product\/gydomieji-naturalaus-gintaro-karoliai-2\/#breadcrumb","itemListElement":[{"@type":"ListItem","position":1,"name":"Home","item":"https:\/\/amberwithsilver.com\/"},{"@type":"ListItem","position":2,"name":"Parduotuv\u0117","item":"https:\/\/amberwithsilver.com\/en\/parduotuve\/"},{"@type":"ListItem","position":3,"name":"Gydomieji nat\u016bralaus gintaro karoliai"}]},{"@type":"WebSite","@id":"https:\/\/amberwithsilver.com\/en\/#website","url":"https:\/\/amberwithsilver.com\/en\/","name":"AmberWithSilver","description":"Amber-Silver","publisher":{"@id":"https:\/\/amberwithsilver.com\/en\/#organization"},"potentialAction":[{"@type":"SearchAction","target":{"@type":"EntryPoint","urlTemplate":"https:\/\/amberwithsilver.com\/en\/?s={search_term_string}"},"query-input":{"@type":"PropertyValueSpecification","valueRequired":true,"valueName":"search_term_string"}}],"inLanguage":"en-US"},{"@type":"Organization","@id":"https:\/\/amberwithsilver.com\/en\/#organization","name":"amberwithsilver","url":"https:\/\/amberwithsilver.com\/en\/","logo":{"@type":"ImageObject","inLanguage":"en-US","@id":"https:\/\/amberwithsilver.com\/en\/#\/schema\/logo\/image\/","url":"https:\/\/i0.wp.com\/amberwithsilver.com\/wp-content\/uploads\/2020\/12\/logo.jpg?fit=232%2C116&ssl=1","contentUrl":"https:\/\/i0.wp.com\/amberwithsilver.com\/wp-content\/uploads\/2020\/12\/logo.jpg?fit=232%2C116&ssl=1","width":232,"height":116,"caption":"amberwithsilver"},"image":{"@id":"https:\/\/amberwithsilver.com\/en\/#\/schema\/logo\/image\/"}}]}},"jetpack_sharing_enabled":true,"_links":{"self":[{"href":"https:\/\/amberwithsilver.com\/en\/wp-json\/wp\/v2\/product\/3792","targetHints":{"allow":["GET"]}}],"collection":[{"href":"https:\/\/amberwithsilver.com\/en\/wp-json\/wp\/v2\/product"}],"about":[{"href":"https:\/\/amberwithsilver.com\/en\/wp-json\/wp\/v2\/types\/product"}],"replies":[{"embeddable":true,"href":"https:\/\/amberwithsilver.com\/en\/wp-json\/wp\/v2\/comments?post=3792"}],"version-history":[{"count":1,"href":"https:\/\/amberwithsilver.com\/en\/wp-json\/wp\/v2\/product\/3792\/revisions"}],"predecessor-version":[{"id":3794,"href":"https:\/\/amberwithsilver.com\/en\/wp-json\/wp\/v2\/product\/3792\/revisions\/3794"}],"wp:featuredmedia":[{"embeddable":true,"href":"https:\/\/amberwithsilver.com\/en\/wp-json\/wp\/v2\/media\/3814"}],"wp:attachment":[{"href":"https:\/\/amberwithsilver.com\/en\/wp-json\/wp\/v2\/media?parent=3792"}],"wp:term":[{"taxonomy":"product_brand","embeddable":true,"href":"https:\/\/amberwithsilver.com\/en\/wp-json\/wp\/v2\/product_brand?post=3792"},{"taxonomy":"product_cat","embeddable":true,"href":"https:\/\/amberwithsilver.com\/en\/wp-json\/wp\/v2\/product_cat?post=3792"},{"taxonomy":"product_tag","embeddable":true,"href":"https:\/\/amberwithsilver.com\/en\/wp-json\/wp\/v2\/product_tag?post=3792"}],"curies":[{"name":"wp","href":"https:\/\/api.w.org\/{rel}","templated":true}]}}