{"id":3795,"date":"2025-11-13T21:42:42","date_gmt":"2025-11-13T19:42:42","guid":{"rendered":"https:\/\/amberwithsilver.com\/?post_type=product&#038;p=3795"},"modified":"2025-11-14T19:06:56","modified_gmt":"2025-11-14T17:06:56","slug":"peizazine-kamantu-formos-apyranke","status":"publish","type":"product","link":"https:\/\/amberwithsilver.com\/en\/product\/peizazine-kamantu-formos-apyranke\/","title":{"rendered":"Landscape amber bracelet"},"content":{"rendered":"<p>Landscape amber bracelet.<\/p>\n<ul>\n<li><em>Natural Baltic amber<\/em><\/li>\n<li><em>Amber-chips beads<\/em><\/li>\n<li><em>Amber bead size ~ 15 mm<\/em><\/li>\n<li><em>Put on elastic silicone<\/em><\/li>\n<li><em>Color: white, yellow<\/em><\/li>\n<li><em>Size: suitable for ~ 16-17 cm wrist<\/em><\/li>\n<li><em>Weight: ~ 17.7 gr.<\/em><\/li>\n<\/ul>\n<p>&nbsp;<\/p>\n<p>*Please note that the color of the product may vary slightly from that shown in the photo, depending on the monitor used by the Buyer and the lighting settings in the photos.<\/p>","protected":false},"excerpt":{"rendered":"<p>Landscape amber bracelet.<\/p>\n<ul>\n<li><em>Natural Baltic amber<\/em><\/li>\n<li><em>Amber-chips beads<\/em><\/li>\n<li><em>Amber bead size ~ 15 mm<\/em><\/li>\n<li><em>Put on elastic silicone<\/em><\/li>\n<li><em>Color: white, yellow<\/em><\/li>\n<li><em>Size: suitable for ~ 16-17 cm wrist<\/em><\/li>\n<li><em>Weight: ~ 17.7 gr.<\/em><\/li>\n<\/ul>\n<p>&nbsp;<\/p>\n<p>*Please note that the color of the product may vary slightly from that shown in the photo, depending on the monitor used by the Buyer and the lighting settings in the photos.<\/p>","protected":false},"featured_media":3796,"comment_status":"open","ping_status":"closed","template":"","meta":[],"product_brand":[],"product_cat":[18],"product_tag":[1382,1383,64,152,801,802,1252,1379,1380,1381],"class_list":{"0":"post-3795","1":"product","2":"type-product","3":"status-publish","4":"has-post-thumbnail","6":"product_cat-gintaro-apyrankes","7":"product_tag-natural-landscape-pattern-amber-bracelet","8":"product_tag-naturali-peizazinio-gintaro-apyranke","9":"product_tag-gintaras","10":"product_tag-naturalus-baltijos-gintaras","11":"product_tag-kamantine-apyranke","12":"product_tag-naturali-gintarine-apyranke","13":"product_tag-dovana-is-gintaro","14":"product_tag-remove-term-baltic-amber-chips-shapes-bracelet-baltic-amber-chips-shapes-bracelet","15":"product_tag-white-amber-chips-stretch-bracele","16":"product_tag-balto-gintaro-kamantu-formos-gintarine-apyranke","18":"first","19":"instock","20":"taxable","21":"shipping-taxable","22":"purchasable","23":"product-type-simple"},"yoast_head":"<!-- This site is optimized with the Yoast SEO Premium plugin v23.4 (Yoast SEO v27.4) - https:\/\/yoast.com\/product\/yoast-seo-premium-wordpress\/ -->\n<title>Peiza\u017ein\u0117 kamant\u0173 formos apyrank\u0117<\/title>\n<meta name=\"description\" content=\"Landscape pattern amber chips bracelet, Nat\u016bralus Baltijos gintaras, Kamant\u0173 formos gintaro detal\u0117s, Gintaro detali\u0173 i\u0161matavimai ~ 15 mm, Sunerta ant\" \/>\n<meta name=\"robots\" content=\"index, follow, max-snippet:-1, max-image-preview:large, max-video-preview:-1\" \/>\n<link rel=\"canonical\" href=\"https:\/\/amberwithsilver.com\/en\/product\/peizazine-kamantu-formos-apyranke\/\" \/>\n<meta property=\"og:locale\" content=\"en_US\" \/>\n<meta property=\"og:type\" content=\"article\" \/>\n<meta property=\"og:title\" content=\"Peiza\u017ein\u0117 kamant\u0173 formos apyrank\u0117\" \/>\n<meta property=\"og:description\" content=\"Landscape pattern amber chips bracelet, Nat\u016bralus Baltijos gintaras, Kamant\u0173 formos gintaro detal\u0117s, Gintaro detali\u0173 i\u0161matavimai ~ 15 mm, Sunerta ant\" \/>\n<meta property=\"og:url\" content=\"https:\/\/amberwithsilver.com\/en\/product\/peizazine-kamantu-formos-apyranke\/\" \/>\n<meta property=\"og:site_name\" content=\"AmberWithSilver\" \/>\n<meta property=\"article:modified_time\" content=\"2025-11-14T17:06:56+00:00\" \/>\n<meta property=\"og:image\" content=\"https:\/\/amberwithsilver.com\/wp-content\/uploads\/2025\/11\/IMG_7146.webp\" \/>\n\t<meta property=\"og:image:width\" content=\"800\" \/>\n\t<meta property=\"og:image:height\" content=\"866\" \/>\n\t<meta property=\"og:image:type\" content=\"image\/webp\" \/>\n<meta name=\"twitter:card\" content=\"summary_large_image\" \/>\n<meta name=\"twitter:label1\" content=\"Est. reading time\" \/>\n\t<meta name=\"twitter:data1\" content=\"1 minute\" \/>\n<script type=\"application\/ld+json\" class=\"yoast-schema-graph\">{\"@context\":\"https:\\\/\\\/schema.org\",\"@graph\":[{\"@type\":\"WebPage\",\"@id\":\"https:\\\/\\\/amberwithsilver.com\\\/product\\\/peizazine-kamantu-formos-apyranke\\\/\",\"url\":\"https:\\\/\\\/amberwithsilver.com\\\/product\\\/peizazine-kamantu-formos-apyranke\\\/\",\"name\":\"Peiza\u017ein\u0117 kamant\u0173 formos apyrank\u0117\",\"isPartOf\":{\"@id\":\"https:\\\/\\\/amberwithsilver.com\\\/en\\\/#website\"},\"primaryImageOfPage\":{\"@id\":\"https:\\\/\\\/amberwithsilver.com\\\/product\\\/peizazine-kamantu-formos-apyranke\\\/#primaryimage\"},\"image\":{\"@id\":\"https:\\\/\\\/amberwithsilver.com\\\/product\\\/peizazine-kamantu-formos-apyranke\\\/#primaryimage\"},\"thumbnailUrl\":\"https:\\\/\\\/amberwithsilver.com\\\/wp-content\\\/uploads\\\/2025\\\/11\\\/IMG_7146.webp\",\"datePublished\":\"2025-11-13T19:42:42+00:00\",\"dateModified\":\"2025-11-14T17:06:56+00:00\",\"description\":\"Landscape pattern amber chips bracelet, Nat\u016bralus Baltijos gintaras, Kamant\u0173 formos gintaro detal\u0117s, Gintaro detali\u0173 i\u0161matavimai ~ 15 mm, Sunerta ant\",\"breadcrumb\":{\"@id\":\"https:\\\/\\\/amberwithsilver.com\\\/product\\\/peizazine-kamantu-formos-apyranke\\\/#breadcrumb\"},\"inLanguage\":\"en-US\",\"potentialAction\":[{\"@type\":\"ReadAction\",\"target\":[\"https:\\\/\\\/amberwithsilver.com\\\/product\\\/peizazine-kamantu-formos-apyranke\\\/\"]}]},{\"@type\":\"ImageObject\",\"inLanguage\":\"en-US\",\"@id\":\"https:\\\/\\\/amberwithsilver.com\\\/product\\\/peizazine-kamantu-formos-apyranke\\\/#primaryimage\",\"url\":\"https:\\\/\\\/amberwithsilver.com\\\/wp-content\\\/uploads\\\/2025\\\/11\\\/IMG_7146.webp\",\"contentUrl\":\"https:\\\/\\\/amberwithsilver.com\\\/wp-content\\\/uploads\\\/2025\\\/11\\\/IMG_7146.webp\",\"width\":800,\"height\":866,\"caption\":\"Peiza\u017ein\u0117 kamant\u0173 formos apyrank\u0117, Landscape pattern amber chips bracelet\"},{\"@type\":\"BreadcrumbList\",\"@id\":\"https:\\\/\\\/amberwithsilver.com\\\/product\\\/peizazine-kamantu-formos-apyranke\\\/#breadcrumb\",\"itemListElement\":[{\"@type\":\"ListItem\",\"position\":1,\"name\":\"Home\",\"item\":\"https:\\\/\\\/amberwithsilver.com\\\/\"},{\"@type\":\"ListItem\",\"position\":2,\"name\":\"Parduotuv\u0117\",\"item\":\"https:\\\/\\\/amberwithsilver.com\\\/en\\\/parduotuve\\\/\"},{\"@type\":\"ListItem\",\"position\":3,\"name\":\"Peiza\u017ein\u0117 kamant\u0173 formos apyrank\u0117\"}]},{\"@type\":\"WebSite\",\"@id\":\"https:\\\/\\\/amberwithsilver.com\\\/en\\\/#website\",\"url\":\"https:\\\/\\\/amberwithsilver.com\\\/en\\\/\",\"name\":\"AmberWithSilver\",\"description\":\"Amber-Silver\",\"publisher\":{\"@id\":\"https:\\\/\\\/amberwithsilver.com\\\/en\\\/#organization\"},\"potentialAction\":[{\"@type\":\"SearchAction\",\"target\":{\"@type\":\"EntryPoint\",\"urlTemplate\":\"https:\\\/\\\/amberwithsilver.com\\\/en\\\/?s={search_term_string}\"},\"query-input\":{\"@type\":\"PropertyValueSpecification\",\"valueRequired\":true,\"valueName\":\"search_term_string\"}}],\"inLanguage\":\"en-US\"},{\"@type\":\"Organization\",\"@id\":\"https:\\\/\\\/amberwithsilver.com\\\/en\\\/#organization\",\"name\":\"amberwithsilver\",\"url\":\"https:\\\/\\\/amberwithsilver.com\\\/en\\\/\",\"logo\":{\"@type\":\"ImageObject\",\"inLanguage\":\"en-US\",\"@id\":\"https:\\\/\\\/amberwithsilver.com\\\/en\\\/#\\\/schema\\\/logo\\\/image\\\/\",\"url\":\"https:\\\/\\\/i0.wp.com\\\/amberwithsilver.com\\\/wp-content\\\/uploads\\\/2020\\\/12\\\/logo.jpg?fit=232%2C116&ssl=1\",\"contentUrl\":\"https:\\\/\\\/i0.wp.com\\\/amberwithsilver.com\\\/wp-content\\\/uploads\\\/2020\\\/12\\\/logo.jpg?fit=232%2C116&ssl=1\",\"width\":232,\"height\":116,\"caption\":\"amberwithsilver\"},\"image\":{\"@id\":\"https:\\\/\\\/amberwithsilver.com\\\/en\\\/#\\\/schema\\\/logo\\\/image\\\/\"}}]}<\/script>\n<!-- \/ Yoast SEO Premium plugin. -->","yoast_head_json":{"title":"Landscape amber bracelet","description":"Landscape pattern amber chips bracelet, Nat\u016bralus Baltijos gintaras, Kamant\u0173 formos gintaro detal\u0117s, Gintaro detali\u0173 i\u0161matavimai ~ 15 mm, Sunerta ant","robots":{"index":"index","follow":"follow","max-snippet":"max-snippet:-1","max-image-preview":"max-image-preview:large","max-video-preview":"max-video-preview:-1"},"canonical":"https:\/\/amberwithsilver.com\/en\/product\/peizazine-kamantu-formos-apyranke\/","og_locale":"en_US","og_type":"article","og_title":"Peiza\u017ein\u0117 kamant\u0173 formos apyrank\u0117","og_description":"Landscape pattern amber chips bracelet, Nat\u016bralus Baltijos gintaras, Kamant\u0173 formos gintaro detal\u0117s, Gintaro detali\u0173 i\u0161matavimai ~ 15 mm, Sunerta ant","og_url":"https:\/\/amberwithsilver.com\/en\/product\/peizazine-kamantu-formos-apyranke\/","og_site_name":"AmberWithSilver","article_modified_time":"2025-11-14T17:06:56+00:00","og_image":[{"width":800,"height":866,"url":"https:\/\/amberwithsilver.com\/wp-content\/uploads\/2025\/11\/IMG_7146.webp","type":"image\/webp"}],"twitter_card":"summary_large_image","twitter_misc":{"Est. reading time":"1 minute"},"schema":{"@context":"https:\/\/schema.org","@graph":[{"@type":"WebPage","@id":"https:\/\/amberwithsilver.com\/product\/peizazine-kamantu-formos-apyranke\/","url":"https:\/\/amberwithsilver.com\/product\/peizazine-kamantu-formos-apyranke\/","name":"Landscape amber bracelet","isPartOf":{"@id":"https:\/\/amberwithsilver.com\/en\/#website"},"primaryImageOfPage":{"@id":"https:\/\/amberwithsilver.com\/product\/peizazine-kamantu-formos-apyranke\/#primaryimage"},"image":{"@id":"https:\/\/amberwithsilver.com\/product\/peizazine-kamantu-formos-apyranke\/#primaryimage"},"thumbnailUrl":"https:\/\/amberwithsilver.com\/wp-content\/uploads\/2025\/11\/IMG_7146.webp","datePublished":"2025-11-13T19:42:42+00:00","dateModified":"2025-11-14T17:06:56+00:00","description":"Landscape pattern amber chips bracelet, Nat\u016bralus Baltijos gintaras, Kamant\u0173 formos gintaro detal\u0117s, Gintaro detali\u0173 i\u0161matavimai ~ 15 mm, Sunerta ant","breadcrumb":{"@id":"https:\/\/amberwithsilver.com\/product\/peizazine-kamantu-formos-apyranke\/#breadcrumb"},"inLanguage":"en-US","potentialAction":[{"@type":"ReadAction","target":["https:\/\/amberwithsilver.com\/product\/peizazine-kamantu-formos-apyranke\/"]}]},{"@type":"ImageObject","inLanguage":"en-US","@id":"https:\/\/amberwithsilver.com\/product\/peizazine-kamantu-formos-apyranke\/#primaryimage","url":"https:\/\/amberwithsilver.com\/wp-content\/uploads\/2025\/11\/IMG_7146.webp","contentUrl":"https:\/\/amberwithsilver.com\/wp-content\/uploads\/2025\/11\/IMG_7146.webp","width":800,"height":866,"caption":"Peiza\u017ein\u0117 kamant\u0173 formos apyrank\u0117, Landscape pattern amber chips bracelet"},{"@type":"BreadcrumbList","@id":"https:\/\/amberwithsilver.com\/product\/peizazine-kamantu-formos-apyranke\/#breadcrumb","itemListElement":[{"@type":"ListItem","position":1,"name":"Home","item":"https:\/\/amberwithsilver.com\/"},{"@type":"ListItem","position":2,"name":"Parduotuv\u0117","item":"https:\/\/amberwithsilver.com\/en\/parduotuve\/"},{"@type":"ListItem","position":3,"name":"Peiza\u017ein\u0117 kamant\u0173 formos apyrank\u0117"}]},{"@type":"WebSite","@id":"https:\/\/amberwithsilver.com\/en\/#website","url":"https:\/\/amberwithsilver.com\/en\/","name":"AmberWithSilver","description":"Amber-Silver","publisher":{"@id":"https:\/\/amberwithsilver.com\/en\/#organization"},"potentialAction":[{"@type":"SearchAction","target":{"@type":"EntryPoint","urlTemplate":"https:\/\/amberwithsilver.com\/en\/?s={search_term_string}"},"query-input":{"@type":"PropertyValueSpecification","valueRequired":true,"valueName":"search_term_string"}}],"inLanguage":"en-US"},{"@type":"Organization","@id":"https:\/\/amberwithsilver.com\/en\/#organization","name":"amberwithsilver","url":"https:\/\/amberwithsilver.com\/en\/","logo":{"@type":"ImageObject","inLanguage":"en-US","@id":"https:\/\/amberwithsilver.com\/en\/#\/schema\/logo\/image\/","url":"https:\/\/i0.wp.com\/amberwithsilver.com\/wp-content\/uploads\/2020\/12\/logo.jpg?fit=232%2C116&ssl=1","contentUrl":"https:\/\/i0.wp.com\/amberwithsilver.com\/wp-content\/uploads\/2020\/12\/logo.jpg?fit=232%2C116&ssl=1","width":232,"height":116,"caption":"amberwithsilver"},"image":{"@id":"https:\/\/amberwithsilver.com\/en\/#\/schema\/logo\/image\/"}}]}},"jetpack_sharing_enabled":true,"_links":{"self":[{"href":"https:\/\/amberwithsilver.com\/en\/wp-json\/wp\/v2\/product\/3795","targetHints":{"allow":["GET"]}}],"collection":[{"href":"https:\/\/amberwithsilver.com\/en\/wp-json\/wp\/v2\/product"}],"about":[{"href":"https:\/\/amberwithsilver.com\/en\/wp-json\/wp\/v2\/types\/product"}],"replies":[{"embeddable":true,"href":"https:\/\/amberwithsilver.com\/en\/wp-json\/wp\/v2\/comments?post=3795"}],"version-history":[{"count":4,"href":"https:\/\/amberwithsilver.com\/en\/wp-json\/wp\/v2\/product\/3795\/revisions"}],"predecessor-version":[{"id":3817,"href":"https:\/\/amberwithsilver.com\/en\/wp-json\/wp\/v2\/product\/3795\/revisions\/3817"}],"wp:featuredmedia":[{"embeddable":true,"href":"https:\/\/amberwithsilver.com\/en\/wp-json\/wp\/v2\/media\/3796"}],"wp:attachment":[{"href":"https:\/\/amberwithsilver.com\/en\/wp-json\/wp\/v2\/media?parent=3795"}],"wp:term":[{"taxonomy":"product_brand","embeddable":true,"href":"https:\/\/amberwithsilver.com\/en\/wp-json\/wp\/v2\/product_brand?post=3795"},{"taxonomy":"product_cat","embeddable":true,"href":"https:\/\/amberwithsilver.com\/en\/wp-json\/wp\/v2\/product_cat?post=3795"},{"taxonomy":"product_tag","embeddable":true,"href":"https:\/\/amberwithsilver.com\/en\/wp-json\/wp\/v2\/product_tag?post=3795"}],"curies":[{"name":"wp","href":"https:\/\/api.w.org\/{rel}","templated":true}]}}