{"id":380,"date":"2020-12-16T23:51:05","date_gmt":"2020-12-16T21:51:05","guid":{"rendered":"http:\/\/amberwithsilver.com\/?post_type=product&#038;p=380"},"modified":"2023-09-13T18:46:31","modified_gmt":"2023-09-13T16:46:31","slug":"apvalus-balto-gintaro-auskarai-8mm","status":"publish","type":"product","link":"https:\/\/amberwithsilver.com\/en\/product\/apvalus-balto-gintaro-auskarai-8mm\/","title":{"rendered":"Round white amber earrings 8mm"},"content":{"rendered":"<p>These earrings are made of natural Baltic amber. The round beads are gently polished. The color is special - yellow and white tones alternate with each other and thus create a unique natural landscape.<\/p>\n<ul>\n<li><em>Lenght: 4 cm;<\/em><\/li>\n<li><em>Diameter: The size of amber up to ~ 8 mm;<\/em><\/li>\n<li><em>Spalv\u0173 gama: geltona, balta;<\/em><\/li>\n<li><em>Svoris: 4,30 gr.;<\/em><\/li>\n<li>Consist: Baltic amber<\/li>\n<li>Precious metal: silver;<\/li>\n<li>Hallmark: 925<\/li>\n<\/ul>","protected":false},"excerpt":{"rendered":"<p>These earrings are made of natural Baltic amber. The round beads are gently polished. The color is special - yellow and white tones alternate with each other and thus create a unique natural landscape.<\/p>\n<ul>\n<li><em>Lenght: 4 cm;<\/em><\/li>\n<li><em>Diameter: The size of amber up to ~ 8 mm;<\/em><\/li>\n<li><em>Spalv\u0173 gama: geltona, balta;<\/em><\/li>\n<li><em>Weight: 4,30 gr.;<\/em><\/li>\n<li>Consist: Baltic amber<\/li>\n<li>Precious metal: silver;<\/li>\n<li>Hallmark: 925<\/li>\n<\/ul>","protected":false},"featured_media":287,"comment_status":"open","ping_status":"closed","template":"","meta":[],"product_brand":[],"product_cat":[38],"product_tag":[64,65,66,67,106,107,108,381],"class_list":{"0":"post-380","1":"product","2":"type-product","3":"status-publish","4":"has-post-thumbnail","6":"product_cat-gintaro-auskarai","7":"product_tag-gintaras","8":"product_tag-auskarai","9":"product_tag-balto-gintaro-auskarai","10":"product_tag-baltas-gintaras","11":"product_tag-whiteamber","12":"product_tag-amberearrings","13":"product_tag-roundbeadsearrings","14":"product_tag-visi","16":"first","17":"outofstock","18":"sold-individually","19":"taxable","20":"shipping-taxable","21":"purchasable","22":"product-type-simple"},"yoast_head":"<!-- This site is optimized with the Yoast SEO Premium plugin v23.4 (Yoast SEO v26.8) - https:\/\/yoast.com\/product\/yoast-seo-premium-wordpress\/ -->\n<title>Apval\u016bs balto gintaro auskarai 8mm - AmberWithSilver<\/title>\n<meta name=\"description\" content=\"Baltijos gintaro auskarai, sidabro ir gintaro auskarai, balto gintaro su sidabru auskarai, nat\u016bral\u016bs gintariniai auskarai, apval\u016bs auskarai..\" \/>\n<meta name=\"robots\" content=\"index, follow, max-snippet:-1, max-image-preview:large, max-video-preview:-1\" \/>\n<link rel=\"canonical\" href=\"https:\/\/amberwithsilver.com\/en\/product\/apvalus-balto-gintaro-auskarai-8mm\/\" \/>\n<meta property=\"og:locale\" content=\"en_US\" \/>\n<meta property=\"og:type\" content=\"article\" \/>\n<meta property=\"og:title\" content=\"Apval\u016bs balto gintaro auskarai 8mm\" \/>\n<meta property=\"og:description\" content=\"Baltijos gintaro auskarai, sidabro ir gintaro auskarai, balto gintaro su sidabru auskarai, nat\u016bral\u016bs gintariniai auskarai, apval\u016bs auskarai..\" \/>\n<meta property=\"og:url\" content=\"https:\/\/amberwithsilver.com\/en\/product\/apvalus-balto-gintaro-auskarai-8mm\/\" \/>\n<meta property=\"og:site_name\" content=\"AmberWithSilver\" \/>\n<meta property=\"article:modified_time\" content=\"2023-09-13T16:46:31+00:00\" \/>\n<meta property=\"og:image\" content=\"https:\/\/amberwithsilver.com\/wp-content\/uploads\/2020\/12\/DS_0043-scaled.jpg\" \/>\n\t<meta property=\"og:image:width\" content=\"2560\" \/>\n\t<meta property=\"og:image:height\" content=\"2560\" \/>\n\t<meta property=\"og:image:type\" content=\"image\/jpeg\" \/>\n<meta name=\"twitter:card\" content=\"summary_large_image\" \/>\n<script type=\"application\/ld+json\" class=\"yoast-schema-graph\">{\"@context\":\"https:\/\/schema.org\",\"@graph\":[{\"@type\":\"WebPage\",\"@id\":\"https:\/\/amberwithsilver.com\/product\/apvalus-balto-gintaro-auskarai-8mm\/\",\"url\":\"https:\/\/amberwithsilver.com\/product\/apvalus-balto-gintaro-auskarai-8mm\/\",\"name\":\"Apval\u016bs balto gintaro auskarai 8mm - AmberWithSilver\",\"isPartOf\":{\"@id\":\"https:\/\/amberwithsilver.com\/en\/#website\"},\"primaryImageOfPage\":{\"@id\":\"https:\/\/amberwithsilver.com\/product\/apvalus-balto-gintaro-auskarai-8mm\/#primaryimage\"},\"image\":{\"@id\":\"https:\/\/amberwithsilver.com\/product\/apvalus-balto-gintaro-auskarai-8mm\/#primaryimage\"},\"thumbnailUrl\":\"https:\/\/amberwithsilver.com\/wp-content\/uploads\/2020\/12\/DS_0043-scaled.jpg\",\"datePublished\":\"2020-12-16T21:51:05+00:00\",\"dateModified\":\"2023-09-13T16:46:31+00:00\",\"description\":\"Baltijos gintaro auskarai, sidabro ir gintaro auskarai, balto gintaro su sidabru auskarai, nat\u016bral\u016bs gintariniai auskarai, apval\u016bs auskarai..\",\"breadcrumb\":{\"@id\":\"https:\/\/amberwithsilver.com\/product\/apvalus-balto-gintaro-auskarai-8mm\/#breadcrumb\"},\"inLanguage\":\"en-US\",\"potentialAction\":[{\"@type\":\"ReadAction\",\"target\":[\"https:\/\/amberwithsilver.com\/product\/apvalus-balto-gintaro-auskarai-8mm\/\"]}]},{\"@type\":\"ImageObject\",\"inLanguage\":\"en-US\",\"@id\":\"https:\/\/amberwithsilver.com\/product\/apvalus-balto-gintaro-auskarai-8mm\/#primaryimage\",\"url\":\"https:\/\/amberwithsilver.com\/wp-content\/uploads\/2020\/12\/DS_0043-scaled.jpg\",\"contentUrl\":\"https:\/\/amberwithsilver.com\/wp-content\/uploads\/2020\/12\/DS_0043-scaled.jpg\",\"width\":2560,\"height\":2560,\"caption\":\"Apval\u016bs, balto gintaro auskarai 8mm\"},{\"@type\":\"BreadcrumbList\",\"@id\":\"https:\/\/amberwithsilver.com\/product\/apvalus-balto-gintaro-auskarai-8mm\/#breadcrumb\",\"itemListElement\":[{\"@type\":\"ListItem\",\"position\":1,\"name\":\"Home\",\"item\":\"https:\/\/amberwithsilver.com\/\"},{\"@type\":\"ListItem\",\"position\":2,\"name\":\"Parduotuv\u0117\",\"item\":\"https:\/\/amberwithsilver.com\/en\/parduotuve\/\"},{\"@type\":\"ListItem\",\"position\":3,\"name\":\"Apval\u016bs balto gintaro auskarai 8mm\"}]},{\"@type\":\"WebSite\",\"@id\":\"https:\/\/amberwithsilver.com\/en\/#website\",\"url\":\"https:\/\/amberwithsilver.com\/en\/\",\"name\":\"AmberWithSilver\",\"description\":\"Amber-Silver\",\"publisher\":{\"@id\":\"https:\/\/amberwithsilver.com\/en\/#organization\"},\"potentialAction\":[{\"@type\":\"SearchAction\",\"target\":{\"@type\":\"EntryPoint\",\"urlTemplate\":\"https:\/\/amberwithsilver.com\/en\/?s={search_term_string}\"},\"query-input\":{\"@type\":\"PropertyValueSpecification\",\"valueRequired\":true,\"valueName\":\"search_term_string\"}}],\"inLanguage\":\"en-US\"},{\"@type\":\"Organization\",\"@id\":\"https:\/\/amberwithsilver.com\/en\/#organization\",\"name\":\"amberwithsilver\",\"url\":\"https:\/\/amberwithsilver.com\/en\/\",\"logo\":{\"@type\":\"ImageObject\",\"inLanguage\":\"en-US\",\"@id\":\"https:\/\/amberwithsilver.com\/en\/#\/schema\/logo\/image\/\",\"url\":\"https:\/\/i0.wp.com\/amberwithsilver.com\/wp-content\/uploads\/2020\/12\/logo.jpg?fit=232%2C116&ssl=1\",\"contentUrl\":\"https:\/\/i0.wp.com\/amberwithsilver.com\/wp-content\/uploads\/2020\/12\/logo.jpg?fit=232%2C116&ssl=1\",\"width\":232,\"height\":116,\"caption\":\"amberwithsilver\"},\"image\":{\"@id\":\"https:\/\/amberwithsilver.com\/en\/#\/schema\/logo\/image\/\"}}]}<\/script>\n<!-- \/ Yoast SEO Premium plugin. -->","yoast_head_json":{"title":"Apval\u016bs balto gintaro auskarai 8mm - AmberWithSilver","description":"Baltijos gintaro auskarai, sidabro ir gintaro auskarai, balto gintaro su sidabru auskarai, nat\u016bral\u016bs gintariniai auskarai, apval\u016bs auskarai..","robots":{"index":"index","follow":"follow","max-snippet":"max-snippet:-1","max-image-preview":"max-image-preview:large","max-video-preview":"max-video-preview:-1"},"canonical":"https:\/\/amberwithsilver.com\/en\/product\/apvalus-balto-gintaro-auskarai-8mm\/","og_locale":"en_US","og_type":"article","og_title":"Apval\u016bs balto gintaro auskarai 8mm","og_description":"Baltijos gintaro auskarai, sidabro ir gintaro auskarai, balto gintaro su sidabru auskarai, nat\u016bral\u016bs gintariniai auskarai, apval\u016bs auskarai..","og_url":"https:\/\/amberwithsilver.com\/en\/product\/apvalus-balto-gintaro-auskarai-8mm\/","og_site_name":"AmberWithSilver","article_modified_time":"2023-09-13T16:46:31+00:00","og_image":[{"width":2560,"height":2560,"url":"https:\/\/amberwithsilver.com\/wp-content\/uploads\/2020\/12\/DS_0043-scaled.jpg","type":"image\/jpeg"}],"twitter_card":"summary_large_image","schema":{"@context":"https:\/\/schema.org","@graph":[{"@type":"WebPage","@id":"https:\/\/amberwithsilver.com\/product\/apvalus-balto-gintaro-auskarai-8mm\/","url":"https:\/\/amberwithsilver.com\/product\/apvalus-balto-gintaro-auskarai-8mm\/","name":"Apval\u016bs balto gintaro auskarai 8mm - AmberWithSilver","isPartOf":{"@id":"https:\/\/amberwithsilver.com\/en\/#website"},"primaryImageOfPage":{"@id":"https:\/\/amberwithsilver.com\/product\/apvalus-balto-gintaro-auskarai-8mm\/#primaryimage"},"image":{"@id":"https:\/\/amberwithsilver.com\/product\/apvalus-balto-gintaro-auskarai-8mm\/#primaryimage"},"thumbnailUrl":"https:\/\/amberwithsilver.com\/wp-content\/uploads\/2020\/12\/DS_0043-scaled.jpg","datePublished":"2020-12-16T21:51:05+00:00","dateModified":"2023-09-13T16:46:31+00:00","description":"Baltijos gintaro auskarai, sidabro ir gintaro auskarai, balto gintaro su sidabru auskarai, nat\u016bral\u016bs gintariniai auskarai, apval\u016bs auskarai..","breadcrumb":{"@id":"https:\/\/amberwithsilver.com\/product\/apvalus-balto-gintaro-auskarai-8mm\/#breadcrumb"},"inLanguage":"en-US","potentialAction":[{"@type":"ReadAction","target":["https:\/\/amberwithsilver.com\/product\/apvalus-balto-gintaro-auskarai-8mm\/"]}]},{"@type":"ImageObject","inLanguage":"en-US","@id":"https:\/\/amberwithsilver.com\/product\/apvalus-balto-gintaro-auskarai-8mm\/#primaryimage","url":"https:\/\/amberwithsilver.com\/wp-content\/uploads\/2020\/12\/DS_0043-scaled.jpg","contentUrl":"https:\/\/amberwithsilver.com\/wp-content\/uploads\/2020\/12\/DS_0043-scaled.jpg","width":2560,"height":2560,"caption":"Apval\u016bs, balto gintaro auskarai 8mm"},{"@type":"BreadcrumbList","@id":"https:\/\/amberwithsilver.com\/product\/apvalus-balto-gintaro-auskarai-8mm\/#breadcrumb","itemListElement":[{"@type":"ListItem","position":1,"name":"Home","item":"https:\/\/amberwithsilver.com\/"},{"@type":"ListItem","position":2,"name":"Parduotuv\u0117","item":"https:\/\/amberwithsilver.com\/en\/parduotuve\/"},{"@type":"ListItem","position":3,"name":"Apval\u016bs balto gintaro auskarai 8mm"}]},{"@type":"WebSite","@id":"https:\/\/amberwithsilver.com\/en\/#website","url":"https:\/\/amberwithsilver.com\/en\/","name":"AmberWithSilver","description":"Amber-Silver","publisher":{"@id":"https:\/\/amberwithsilver.com\/en\/#organization"},"potentialAction":[{"@type":"SearchAction","target":{"@type":"EntryPoint","urlTemplate":"https:\/\/amberwithsilver.com\/en\/?s={search_term_string}"},"query-input":{"@type":"PropertyValueSpecification","valueRequired":true,"valueName":"search_term_string"}}],"inLanguage":"en-US"},{"@type":"Organization","@id":"https:\/\/amberwithsilver.com\/en\/#organization","name":"amberwithsilver","url":"https:\/\/amberwithsilver.com\/en\/","logo":{"@type":"ImageObject","inLanguage":"en-US","@id":"https:\/\/amberwithsilver.com\/en\/#\/schema\/logo\/image\/","url":"https:\/\/i0.wp.com\/amberwithsilver.com\/wp-content\/uploads\/2020\/12\/logo.jpg?fit=232%2C116&ssl=1","contentUrl":"https:\/\/i0.wp.com\/amberwithsilver.com\/wp-content\/uploads\/2020\/12\/logo.jpg?fit=232%2C116&ssl=1","width":232,"height":116,"caption":"amberwithsilver"},"image":{"@id":"https:\/\/amberwithsilver.com\/en\/#\/schema\/logo\/image\/"}}]}},"jetpack_sharing_enabled":true,"_links":{"self":[{"href":"https:\/\/amberwithsilver.com\/en\/wp-json\/wp\/v2\/product\/380","targetHints":{"allow":["GET"]}}],"collection":[{"href":"https:\/\/amberwithsilver.com\/en\/wp-json\/wp\/v2\/product"}],"about":[{"href":"https:\/\/amberwithsilver.com\/en\/wp-json\/wp\/v2\/types\/product"}],"replies":[{"embeddable":true,"href":"https:\/\/amberwithsilver.com\/en\/wp-json\/wp\/v2\/comments?post=380"}],"version-history":[{"count":0,"href":"https:\/\/amberwithsilver.com\/en\/wp-json\/wp\/v2\/product\/380\/revisions"}],"wp:featuredmedia":[{"embeddable":true,"href":"https:\/\/amberwithsilver.com\/en\/wp-json\/wp\/v2\/media\/287"}],"wp:attachment":[{"href":"https:\/\/amberwithsilver.com\/en\/wp-json\/wp\/v2\/media?parent=380"}],"wp:term":[{"taxonomy":"product_brand","embeddable":true,"href":"https:\/\/amberwithsilver.com\/en\/wp-json\/wp\/v2\/product_brand?post=380"},{"taxonomy":"product_cat","embeddable":true,"href":"https:\/\/amberwithsilver.com\/en\/wp-json\/wp\/v2\/product_cat?post=380"},{"taxonomy":"product_tag","embeddable":true,"href":"https:\/\/amberwithsilver.com\/en\/wp-json\/wp\/v2\/product_tag?post=380"}],"curies":[{"name":"wp","href":"https:\/\/api.w.org\/{rel}","templated":true}]}}