{"id":3800,"date":"2025-11-14T11:47:45","date_gmt":"2025-11-14T09:47:45","guid":{"rendered":"https:\/\/amberwithsilver.com\/?post_type=product&#038;p=3800"},"modified":"2025-11-19T20:06:31","modified_gmt":"2025-11-19T18:06:31","slug":"masaziniai-margo-gintaro-karoliai","status":"publish","type":"product","link":"https:\/\/amberwithsilver.com\/en\/product\/masaziniai-margo-gintaro-karoliai\/","title":{"rendered":"Massage multicolored amber necklace"},"content":{"rendered":"<p>Massage multicolored amber necklace. Due to the unique, angular shapes of amber details, these beads provide a gentle massage and a sense of comfort.<\/p>\n<ul>\n<li><em>Natural Baltic amber<\/em><\/li>\n<li><em>Rounded angular amber pieces<\/em><\/li>\n<li><em>Amber measurements: ~ 5-10 mm<\/em><\/li>\n<li><em>Closure: plastic screw clasp\u00a0<\/em><\/li>\n<li><em>Colors: multicolor<\/em><\/li>\n<li><em>Length: from ~ 42 cm to ~ 50 cm (optional)<\/em><\/li>\n<li><em>Weight: ~\u00a09,70-11,50 grams<\/em><\/li>\n<\/ul>\n<p>&nbsp;<\/p>\n<p>*Please note that the color of the product may vary slightly from that shown in the photo, depending on the monitor used by the Buyer and the lighting settings in the photos.<\/p>","protected":false},"excerpt":{"rendered":"<p>Massage multicolored amber necklace. Due to the unique, angular shapes of amber details, these beads provide a gentle massage and a sense of comfort.<\/p>\n<ul>\n<li><em>Natural Baltic amber<\/em><\/li>\n<li><em>Rounded angular amber pieces<\/em><\/li>\n<li><em>Amber measurements: ~ 5-10 mm<\/em><\/li>\n<li><em>Closure: plastic screw clasp\u00a0<\/em><\/li>\n<li><em>Colors: multicolor<\/em><\/li>\n<li><em>Length: from ~ 42 cm to ~ 50 cm (optional)<\/em><\/li>\n<li><em>Weight: ~\u00a09,70-11,50 grams<\/em><\/li>\n<\/ul>\n<p>&nbsp;<\/p>\n<p>*Please note that the color of the product may vary slightly from that shown in the photo, depending on the monitor used by the Buyer and the lighting settings in the photos.<\/p>","protected":false},"featured_media":3802,"comment_status":"open","ping_status":"closed","template":"","meta":[],"product_brand":[],"product_cat":[35],"product_tag":[587,634,809,819,1328,1384,1385,1386,1387],"class_list":{"0":"post-3800","1":"product","2":"type-product","3":"status-publish","4":"has-post-thumbnail","6":"product_cat-gintaro-karoliai","7":"product_tag-gintariniai-karoliai-moterims","8":"product_tag-naturalaus-gintaro-karoliai","9":"product_tag-gydomieji-naturalaus-gintaro-karoliai","10":"product_tag-karoliai-moterims","11":"product_tag-gintaro-karoliai","12":"product_tag-massage-multicolored-amber-necklace","13":"product_tag-masaziniai-margo-gintaro-karoliai","14":"product_tag-kaklo-papuosalai","15":"product_tag-dovana-moterims","16":"pa_ilgis-42-cm","17":"pa_ilgis-45-cm","18":"pa_ilgis-50-cm","20":"first","21":"instock","22":"taxable","23":"shipping-taxable","24":"purchasable","25":"product-type-variable"},"yoast_head":"<!-- This site is optimized with the Yoast SEO Premium plugin v23.4 (Yoast SEO v26.8) - https:\/\/yoast.com\/product\/yoast-seo-premium-wordpress\/ -->\n<title>Masa\u017einiai margo gintaro karoliai<\/title>\n<meta name=\"description\" content=\"Massage multicolored amber necklace D\u0117l unikalios, kampuot\u0173 gintaro detali\u0173 form\u0173, \u0161ie karoliukai suteikia \u0161veln\u0173 masa\u017e\u0105 ir komforto jausm\u0105.\" \/>\n<meta name=\"robots\" content=\"index, follow, max-snippet:-1, max-image-preview:large, max-video-preview:-1\" \/>\n<link rel=\"canonical\" href=\"https:\/\/amberwithsilver.com\/en\/product\/masaziniai-margo-gintaro-karoliai\/\" \/>\n<meta property=\"og:locale\" content=\"en_US\" \/>\n<meta property=\"og:type\" content=\"article\" \/>\n<meta property=\"og:title\" content=\"Masa\u017einiai margo gintaro karoliai\" \/>\n<meta property=\"og:description\" content=\"Massage multicolored amber necklace D\u0117l unikalios, kampuot\u0173 gintaro detali\u0173 form\u0173, \u0161ie karoliukai suteikia \u0161veln\u0173 masa\u017e\u0105 ir komforto jausm\u0105.\" \/>\n<meta property=\"og:url\" content=\"https:\/\/amberwithsilver.com\/en\/product\/masaziniai-margo-gintaro-karoliai\/\" \/>\n<meta property=\"og:site_name\" content=\"AmberWithSilver\" \/>\n<meta property=\"article:modified_time\" content=\"2025-11-19T18:06:31+00:00\" \/>\n<meta property=\"og:image\" content=\"https:\/\/amberwithsilver.com\/wp-content\/uploads\/2025\/11\/IMG_7149.webp\" \/>\n\t<meta property=\"og:image:width\" content=\"800\" \/>\n\t<meta property=\"og:image:height\" content=\"956\" \/>\n\t<meta property=\"og:image:type\" content=\"image\/webp\" \/>\n<meta name=\"twitter:card\" content=\"summary_large_image\" \/>\n<meta name=\"twitter:label1\" content=\"Est. reading time\" \/>\n\t<meta name=\"twitter:data1\" content=\"1 minute\" \/>\n<script type=\"application\/ld+json\" class=\"yoast-schema-graph\">{\"@context\":\"https:\/\/schema.org\",\"@graph\":[{\"@type\":\"WebPage\",\"@id\":\"https:\/\/amberwithsilver.com\/product\/masaziniai-margo-gintaro-karoliai\/\",\"url\":\"https:\/\/amberwithsilver.com\/product\/masaziniai-margo-gintaro-karoliai\/\",\"name\":\"Masa\u017einiai margo gintaro karoliai\",\"isPartOf\":{\"@id\":\"https:\/\/amberwithsilver.com\/en\/#website\"},\"primaryImageOfPage\":{\"@id\":\"https:\/\/amberwithsilver.com\/product\/masaziniai-margo-gintaro-karoliai\/#primaryimage\"},\"image\":{\"@id\":\"https:\/\/amberwithsilver.com\/product\/masaziniai-margo-gintaro-karoliai\/#primaryimage\"},\"thumbnailUrl\":\"https:\/\/amberwithsilver.com\/wp-content\/uploads\/2025\/11\/IMG_7149.webp\",\"datePublished\":\"2025-11-14T09:47:45+00:00\",\"dateModified\":\"2025-11-19T18:06:31+00:00\",\"description\":\"Massage multicolored amber necklace D\u0117l unikalios, kampuot\u0173 gintaro detali\u0173 form\u0173, \u0161ie karoliukai suteikia \u0161veln\u0173 masa\u017e\u0105 ir komforto jausm\u0105.\",\"breadcrumb\":{\"@id\":\"https:\/\/amberwithsilver.com\/product\/masaziniai-margo-gintaro-karoliai\/#breadcrumb\"},\"inLanguage\":\"en-US\",\"potentialAction\":[{\"@type\":\"ReadAction\",\"target\":[\"https:\/\/amberwithsilver.com\/product\/masaziniai-margo-gintaro-karoliai\/\"]}]},{\"@type\":\"ImageObject\",\"inLanguage\":\"en-US\",\"@id\":\"https:\/\/amberwithsilver.com\/product\/masaziniai-margo-gintaro-karoliai\/#primaryimage\",\"url\":\"https:\/\/amberwithsilver.com\/wp-content\/uploads\/2025\/11\/IMG_7149.webp\",\"contentUrl\":\"https:\/\/amberwithsilver.com\/wp-content\/uploads\/2025\/11\/IMG_7149.webp\",\"width\":800,\"height\":956,\"caption\":\"Masa\u017einiai margo gintaro karoliai, Massage multicolored amber necklace\"},{\"@type\":\"BreadcrumbList\",\"@id\":\"https:\/\/amberwithsilver.com\/product\/masaziniai-margo-gintaro-karoliai\/#breadcrumb\",\"itemListElement\":[{\"@type\":\"ListItem\",\"position\":1,\"name\":\"Home\",\"item\":\"https:\/\/amberwithsilver.com\/\"},{\"@type\":\"ListItem\",\"position\":2,\"name\":\"Parduotuv\u0117\",\"item\":\"https:\/\/amberwithsilver.com\/en\/parduotuve\/\"},{\"@type\":\"ListItem\",\"position\":3,\"name\":\"Masa\u017einiai margo gintaro karoliai\"}]},{\"@type\":\"WebSite\",\"@id\":\"https:\/\/amberwithsilver.com\/en\/#website\",\"url\":\"https:\/\/amberwithsilver.com\/en\/\",\"name\":\"AmberWithSilver\",\"description\":\"Amber-Silver\",\"publisher\":{\"@id\":\"https:\/\/amberwithsilver.com\/en\/#organization\"},\"potentialAction\":[{\"@type\":\"SearchAction\",\"target\":{\"@type\":\"EntryPoint\",\"urlTemplate\":\"https:\/\/amberwithsilver.com\/en\/?s={search_term_string}\"},\"query-input\":{\"@type\":\"PropertyValueSpecification\",\"valueRequired\":true,\"valueName\":\"search_term_string\"}}],\"inLanguage\":\"en-US\"},{\"@type\":\"Organization\",\"@id\":\"https:\/\/amberwithsilver.com\/en\/#organization\",\"name\":\"amberwithsilver\",\"url\":\"https:\/\/amberwithsilver.com\/en\/\",\"logo\":{\"@type\":\"ImageObject\",\"inLanguage\":\"en-US\",\"@id\":\"https:\/\/amberwithsilver.com\/en\/#\/schema\/logo\/image\/\",\"url\":\"https:\/\/i0.wp.com\/amberwithsilver.com\/wp-content\/uploads\/2020\/12\/logo.jpg?fit=232%2C116&ssl=1\",\"contentUrl\":\"https:\/\/i0.wp.com\/amberwithsilver.com\/wp-content\/uploads\/2020\/12\/logo.jpg?fit=232%2C116&ssl=1\",\"width\":232,\"height\":116,\"caption\":\"amberwithsilver\"},\"image\":{\"@id\":\"https:\/\/amberwithsilver.com\/en\/#\/schema\/logo\/image\/\"}}]}<\/script>\n<!-- \/ Yoast SEO Premium plugin. -->","yoast_head_json":{"title":"Massage multicolored amber necklace","description":"Massage multicolored amber necklace D\u0117l unikalios, kampuot\u0173 gintaro detali\u0173 form\u0173, \u0161ie karoliukai suteikia \u0161veln\u0173 masa\u017e\u0105 ir komforto jausm\u0105.","robots":{"index":"index","follow":"follow","max-snippet":"max-snippet:-1","max-image-preview":"max-image-preview:large","max-video-preview":"max-video-preview:-1"},"canonical":"https:\/\/amberwithsilver.com\/en\/product\/masaziniai-margo-gintaro-karoliai\/","og_locale":"en_US","og_type":"article","og_title":"Masa\u017einiai margo gintaro karoliai","og_description":"Massage multicolored amber necklace D\u0117l unikalios, kampuot\u0173 gintaro detali\u0173 form\u0173, \u0161ie karoliukai suteikia \u0161veln\u0173 masa\u017e\u0105 ir komforto jausm\u0105.","og_url":"https:\/\/amberwithsilver.com\/en\/product\/masaziniai-margo-gintaro-karoliai\/","og_site_name":"AmberWithSilver","article_modified_time":"2025-11-19T18:06:31+00:00","og_image":[{"width":800,"height":956,"url":"https:\/\/amberwithsilver.com\/wp-content\/uploads\/2025\/11\/IMG_7149.webp","type":"image\/webp"}],"twitter_card":"summary_large_image","twitter_misc":{"Est. reading time":"1 minute"},"schema":{"@context":"https:\/\/schema.org","@graph":[{"@type":"WebPage","@id":"https:\/\/amberwithsilver.com\/product\/masaziniai-margo-gintaro-karoliai\/","url":"https:\/\/amberwithsilver.com\/product\/masaziniai-margo-gintaro-karoliai\/","name":"Massage multicolored amber necklace","isPartOf":{"@id":"https:\/\/amberwithsilver.com\/en\/#website"},"primaryImageOfPage":{"@id":"https:\/\/amberwithsilver.com\/product\/masaziniai-margo-gintaro-karoliai\/#primaryimage"},"image":{"@id":"https:\/\/amberwithsilver.com\/product\/masaziniai-margo-gintaro-karoliai\/#primaryimage"},"thumbnailUrl":"https:\/\/amberwithsilver.com\/wp-content\/uploads\/2025\/11\/IMG_7149.webp","datePublished":"2025-11-14T09:47:45+00:00","dateModified":"2025-11-19T18:06:31+00:00","description":"Massage multicolored amber necklace D\u0117l unikalios, kampuot\u0173 gintaro detali\u0173 form\u0173, \u0161ie karoliukai suteikia \u0161veln\u0173 masa\u017e\u0105 ir komforto jausm\u0105.","breadcrumb":{"@id":"https:\/\/amberwithsilver.com\/product\/masaziniai-margo-gintaro-karoliai\/#breadcrumb"},"inLanguage":"en-US","potentialAction":[{"@type":"ReadAction","target":["https:\/\/amberwithsilver.com\/product\/masaziniai-margo-gintaro-karoliai\/"]}]},{"@type":"ImageObject","inLanguage":"en-US","@id":"https:\/\/amberwithsilver.com\/product\/masaziniai-margo-gintaro-karoliai\/#primaryimage","url":"https:\/\/amberwithsilver.com\/wp-content\/uploads\/2025\/11\/IMG_7149.webp","contentUrl":"https:\/\/amberwithsilver.com\/wp-content\/uploads\/2025\/11\/IMG_7149.webp","width":800,"height":956,"caption":"Masa\u017einiai margo gintaro karoliai, Massage multicolored amber necklace"},{"@type":"BreadcrumbList","@id":"https:\/\/amberwithsilver.com\/product\/masaziniai-margo-gintaro-karoliai\/#breadcrumb","itemListElement":[{"@type":"ListItem","position":1,"name":"Home","item":"https:\/\/amberwithsilver.com\/"},{"@type":"ListItem","position":2,"name":"Parduotuv\u0117","item":"https:\/\/amberwithsilver.com\/en\/parduotuve\/"},{"@type":"ListItem","position":3,"name":"Masa\u017einiai margo gintaro karoliai"}]},{"@type":"WebSite","@id":"https:\/\/amberwithsilver.com\/en\/#website","url":"https:\/\/amberwithsilver.com\/en\/","name":"AmberWithSilver","description":"Amber-Silver","publisher":{"@id":"https:\/\/amberwithsilver.com\/en\/#organization"},"potentialAction":[{"@type":"SearchAction","target":{"@type":"EntryPoint","urlTemplate":"https:\/\/amberwithsilver.com\/en\/?s={search_term_string}"},"query-input":{"@type":"PropertyValueSpecification","valueRequired":true,"valueName":"search_term_string"}}],"inLanguage":"en-US"},{"@type":"Organization","@id":"https:\/\/amberwithsilver.com\/en\/#organization","name":"amberwithsilver","url":"https:\/\/amberwithsilver.com\/en\/","logo":{"@type":"ImageObject","inLanguage":"en-US","@id":"https:\/\/amberwithsilver.com\/en\/#\/schema\/logo\/image\/","url":"https:\/\/i0.wp.com\/amberwithsilver.com\/wp-content\/uploads\/2020\/12\/logo.jpg?fit=232%2C116&ssl=1","contentUrl":"https:\/\/i0.wp.com\/amberwithsilver.com\/wp-content\/uploads\/2020\/12\/logo.jpg?fit=232%2C116&ssl=1","width":232,"height":116,"caption":"amberwithsilver"},"image":{"@id":"https:\/\/amberwithsilver.com\/en\/#\/schema\/logo\/image\/"}}]}},"jetpack_sharing_enabled":true,"_links":{"self":[{"href":"https:\/\/amberwithsilver.com\/en\/wp-json\/wp\/v2\/product\/3800","targetHints":{"allow":["GET"]}}],"collection":[{"href":"https:\/\/amberwithsilver.com\/en\/wp-json\/wp\/v2\/product"}],"about":[{"href":"https:\/\/amberwithsilver.com\/en\/wp-json\/wp\/v2\/types\/product"}],"replies":[{"embeddable":true,"href":"https:\/\/amberwithsilver.com\/en\/wp-json\/wp\/v2\/comments?post=3800"}],"version-history":[{"count":5,"href":"https:\/\/amberwithsilver.com\/en\/wp-json\/wp\/v2\/product\/3800\/revisions"}],"predecessor-version":[{"id":3820,"href":"https:\/\/amberwithsilver.com\/en\/wp-json\/wp\/v2\/product\/3800\/revisions\/3820"}],"wp:featuredmedia":[{"embeddable":true,"href":"https:\/\/amberwithsilver.com\/en\/wp-json\/wp\/v2\/media\/3802"}],"wp:attachment":[{"href":"https:\/\/amberwithsilver.com\/en\/wp-json\/wp\/v2\/media?parent=3800"}],"wp:term":[{"taxonomy":"product_brand","embeddable":true,"href":"https:\/\/amberwithsilver.com\/en\/wp-json\/wp\/v2\/product_brand?post=3800"},{"taxonomy":"product_cat","embeddable":true,"href":"https:\/\/amberwithsilver.com\/en\/wp-json\/wp\/v2\/product_cat?post=3800"},{"taxonomy":"product_tag","embeddable":true,"href":"https:\/\/amberwithsilver.com\/en\/wp-json\/wp\/v2\/product_tag?post=3800"}],"curies":[{"name":"wp","href":"https:\/\/api.w.org\/{rel}","templated":true}]}}