{"id":3810,"date":"2025-11-14T12:52:20","date_gmt":"2025-11-14T10:52:20","guid":{"rendered":"https:\/\/amberwithsilver.com\/?post_type=product&#038;p=3810"},"modified":"2026-01-27T21:36:07","modified_gmt":"2026-01-27T19:36:07","slug":"masazinis-gintaro-ziedas-konjako-spalva","status":"publish","type":"product","link":"https:\/\/amberwithsilver.com\/en\/product\/masazinis-gintaro-ziedas-konjako-spalva\/","title":{"rendered":"Massage amber ring in cognac color"},"content":{"rendered":"<p>Massage amber ring in cognac color.<\/p>\n<ul>\n<li>Natural Baltic amber<\/li>\n<li>Round amber beads<\/li>\n<li>Amber beads size: ~ 4 mm, center ~ 8-9 mm<\/li>\n<li>Put on elastic silicone<\/li>\n<li>Color: cognac<\/li>\n<li>Weight: ~ 1.1 grams.<\/li>\n<\/ul>\n<p>&nbsp;<\/p>\n<p>*Please note that the color of the product may vary slightly from that shown in the photo, depending on the monitor used by the Buyer and the lighting settings in the photos.<\/p>","protected":false},"excerpt":{"rendered":"<p>Massage amber ring in cognac color.<\/p>\n<ul>\n<li>Natural Baltic amber<\/li>\n<li>Round amber beads<\/li>\n<li>Amber beads size: ~ 4 mm, center ~ 8-9 mm<\/li>\n<li>Put on elastic silicone<\/li>\n<li>Color: cognac<\/li>\n<li>Weight: ~ 1.1 grams.<\/li>\n<\/ul>\n<p>&nbsp;<\/p>\n<p>*Please note that the color of the product may vary slightly from that shown in the photo, depending on the monitor used by the Buyer and the lighting settings in the photos.<\/p>","protected":false},"featured_media":3878,"comment_status":"open","ping_status":"closed","template":"","meta":[],"product_brand":[],"product_cat":[22],"product_tag":[1397,64,145,747,1013,1106,1107,1313,1387,1390,1391,1392,1393,1394,1395,1396],"class_list":{"0":"post-3810","1":"product","2":"type-product","3":"status-publish","4":"has-post-thumbnail","6":"product_cat-gintaro-ziedai","7":"product_tag-cognac-amber","8":"product_tag-gintaras","9":"product_tag-konjako-spalva","10":"product_tag-amber","11":"product_tag-gintaro-dirbiniai","12":"product_tag-gintaro-papuosalai","13":"product_tag-amber-jewelry","14":"product_tag-gintaro-dirbiniai-kaunas","15":"product_tag-dovana-moterims","16":"product_tag-masazinis-gintaro-ziedas-konjako-spalva","17":"product_tag-amber-workship-in-kaunas","18":"product_tag-gintaro-kurybines-dirbtuves-kaune","19":"product_tag-baltijos-gintaro-dirbiniai","20":"product_tag-baltic-amber-products","21":"product_tag-gift-for-her","22":"product_tag-massage-ring","24":"first","25":"instock","26":"taxable","27":"shipping-taxable","28":"purchasable","29":"product-type-variable"},"yoast_head":"<!-- This site is optimized with the Yoast SEO Premium plugin v23.4 (Yoast SEO v26.8) - https:\/\/yoast.com\/product\/yoast-seo-premium-wordpress\/ -->\n<title>Masa\u017einis gintaro \u017eiedas konjako spalva<\/title>\n<meta name=\"description\" content=\"Amber massage ring in cognac color. Nat\u016bralus Baltijos gintaras Apval\u016bs gintaro rutuliukai Gintaro Sunerta ant elastinio silikono\" \/>\n<meta name=\"robots\" content=\"index, follow, max-snippet:-1, max-image-preview:large, max-video-preview:-1\" \/>\n<link rel=\"canonical\" href=\"https:\/\/amberwithsilver.com\/en\/product\/masazinis-gintaro-ziedas-konjako-spalva\/\" \/>\n<meta property=\"og:locale\" content=\"en_US\" \/>\n<meta property=\"og:type\" content=\"article\" \/>\n<meta property=\"og:title\" content=\"Masa\u017einis gintaro \u017eiedas konjako spalva\" \/>\n<meta property=\"og:description\" content=\"Amber massage ring in cognac color. Nat\u016bralus Baltijos gintaras Apval\u016bs gintaro rutuliukai Gintaro Sunerta ant elastinio silikono\" \/>\n<meta property=\"og:url\" content=\"https:\/\/amberwithsilver.com\/en\/product\/masazinis-gintaro-ziedas-konjako-spalva\/\" \/>\n<meta property=\"og:site_name\" content=\"AmberWithSilver\" \/>\n<meta property=\"article:modified_time\" content=\"2026-01-27T19:36:07+00:00\" \/>\n<meta property=\"og:image\" content=\"https:\/\/amberwithsilver.com\/wp-content\/uploads\/2025\/11\/IMG_7163.webp\" \/>\n\t<meta property=\"og:image:width\" content=\"800\" \/>\n\t<meta property=\"og:image:height\" content=\"850\" \/>\n\t<meta property=\"og:image:type\" content=\"image\/webp\" \/>\n<meta name=\"twitter:card\" content=\"summary_large_image\" \/>\n<meta name=\"twitter:label1\" content=\"Est. reading time\" \/>\n\t<meta name=\"twitter:data1\" content=\"1 minute\" \/>\n<script type=\"application\/ld+json\" class=\"yoast-schema-graph\">{\"@context\":\"https:\/\/schema.org\",\"@graph\":[{\"@type\":\"WebPage\",\"@id\":\"https:\/\/amberwithsilver.com\/product\/masazinis-gintaro-ziedas-konjako-spalva\/\",\"url\":\"https:\/\/amberwithsilver.com\/product\/masazinis-gintaro-ziedas-konjako-spalva\/\",\"name\":\"Masa\u017einis gintaro \u017eiedas konjako spalva\",\"isPartOf\":{\"@id\":\"https:\/\/amberwithsilver.com\/en\/#website\"},\"primaryImageOfPage\":{\"@id\":\"https:\/\/amberwithsilver.com\/product\/masazinis-gintaro-ziedas-konjako-spalva\/#primaryimage\"},\"image\":{\"@id\":\"https:\/\/amberwithsilver.com\/product\/masazinis-gintaro-ziedas-konjako-spalva\/#primaryimage\"},\"thumbnailUrl\":\"https:\/\/amberwithsilver.com\/wp-content\/uploads\/2025\/11\/IMG_7163.webp\",\"datePublished\":\"2025-11-14T10:52:20+00:00\",\"dateModified\":\"2026-01-27T19:36:07+00:00\",\"description\":\"Amber massage ring in cognac color. Nat\u016bralus Baltijos gintaras Apval\u016bs gintaro rutuliukai Gintaro Sunerta ant elastinio silikono\",\"breadcrumb\":{\"@id\":\"https:\/\/amberwithsilver.com\/product\/masazinis-gintaro-ziedas-konjako-spalva\/#breadcrumb\"},\"inLanguage\":\"en-US\",\"potentialAction\":[{\"@type\":\"ReadAction\",\"target\":[\"https:\/\/amberwithsilver.com\/product\/masazinis-gintaro-ziedas-konjako-spalva\/\"]}]},{\"@type\":\"ImageObject\",\"inLanguage\":\"en-US\",\"@id\":\"https:\/\/amberwithsilver.com\/product\/masazinis-gintaro-ziedas-konjako-spalva\/#primaryimage\",\"url\":\"https:\/\/amberwithsilver.com\/wp-content\/uploads\/2025\/11\/IMG_7163.webp\",\"contentUrl\":\"https:\/\/amberwithsilver.com\/wp-content\/uploads\/2025\/11\/IMG_7163.webp\",\"width\":800,\"height\":850,\"caption\":\"Masa\u017einis gintaro \u017eiedas konjako spalva, Amber massage ring in cognac color\"},{\"@type\":\"BreadcrumbList\",\"@id\":\"https:\/\/amberwithsilver.com\/product\/masazinis-gintaro-ziedas-konjako-spalva\/#breadcrumb\",\"itemListElement\":[{\"@type\":\"ListItem\",\"position\":1,\"name\":\"Home\",\"item\":\"https:\/\/amberwithsilver.com\/\"},{\"@type\":\"ListItem\",\"position\":2,\"name\":\"Parduotuv\u0117\",\"item\":\"https:\/\/amberwithsilver.com\/en\/parduotuve\/\"},{\"@type\":\"ListItem\",\"position\":3,\"name\":\"Masa\u017einis gintaro \u017eiedas konjako spalva\"}]},{\"@type\":\"WebSite\",\"@id\":\"https:\/\/amberwithsilver.com\/en\/#website\",\"url\":\"https:\/\/amberwithsilver.com\/en\/\",\"name\":\"AmberWithSilver\",\"description\":\"Amber-Silver\",\"publisher\":{\"@id\":\"https:\/\/amberwithsilver.com\/en\/#organization\"},\"potentialAction\":[{\"@type\":\"SearchAction\",\"target\":{\"@type\":\"EntryPoint\",\"urlTemplate\":\"https:\/\/amberwithsilver.com\/en\/?s={search_term_string}\"},\"query-input\":{\"@type\":\"PropertyValueSpecification\",\"valueRequired\":true,\"valueName\":\"search_term_string\"}}],\"inLanguage\":\"en-US\"},{\"@type\":\"Organization\",\"@id\":\"https:\/\/amberwithsilver.com\/en\/#organization\",\"name\":\"amberwithsilver\",\"url\":\"https:\/\/amberwithsilver.com\/en\/\",\"logo\":{\"@type\":\"ImageObject\",\"inLanguage\":\"en-US\",\"@id\":\"https:\/\/amberwithsilver.com\/en\/#\/schema\/logo\/image\/\",\"url\":\"https:\/\/i0.wp.com\/amberwithsilver.com\/wp-content\/uploads\/2020\/12\/logo.jpg?fit=232%2C116&ssl=1\",\"contentUrl\":\"https:\/\/i0.wp.com\/amberwithsilver.com\/wp-content\/uploads\/2020\/12\/logo.jpg?fit=232%2C116&ssl=1\",\"width\":232,\"height\":116,\"caption\":\"amberwithsilver\"},\"image\":{\"@id\":\"https:\/\/amberwithsilver.com\/en\/#\/schema\/logo\/image\/\"}}]}<\/script>\n<!-- \/ Yoast SEO Premium plugin. -->","yoast_head_json":{"title":"Massage amber ring in cognac color","description":"Amber massage ring in cognac color. Nat\u016bralus Baltijos gintaras Apval\u016bs gintaro rutuliukai Gintaro Sunerta ant elastinio silikono","robots":{"index":"index","follow":"follow","max-snippet":"max-snippet:-1","max-image-preview":"max-image-preview:large","max-video-preview":"max-video-preview:-1"},"canonical":"https:\/\/amberwithsilver.com\/en\/product\/masazinis-gintaro-ziedas-konjako-spalva\/","og_locale":"en_US","og_type":"article","og_title":"Masa\u017einis gintaro \u017eiedas konjako spalva","og_description":"Amber massage ring in cognac color. Nat\u016bralus Baltijos gintaras Apval\u016bs gintaro rutuliukai Gintaro Sunerta ant elastinio silikono","og_url":"https:\/\/amberwithsilver.com\/en\/product\/masazinis-gintaro-ziedas-konjako-spalva\/","og_site_name":"AmberWithSilver","article_modified_time":"2026-01-27T19:36:07+00:00","og_image":[{"width":800,"height":850,"url":"https:\/\/amberwithsilver.com\/wp-content\/uploads\/2025\/11\/IMG_7163.webp","type":"image\/webp"}],"twitter_card":"summary_large_image","twitter_misc":{"Est. reading time":"1 minute"},"schema":{"@context":"https:\/\/schema.org","@graph":[{"@type":"WebPage","@id":"https:\/\/amberwithsilver.com\/product\/masazinis-gintaro-ziedas-konjako-spalva\/","url":"https:\/\/amberwithsilver.com\/product\/masazinis-gintaro-ziedas-konjako-spalva\/","name":"Massage amber ring in cognac color","isPartOf":{"@id":"https:\/\/amberwithsilver.com\/en\/#website"},"primaryImageOfPage":{"@id":"https:\/\/amberwithsilver.com\/product\/masazinis-gintaro-ziedas-konjako-spalva\/#primaryimage"},"image":{"@id":"https:\/\/amberwithsilver.com\/product\/masazinis-gintaro-ziedas-konjako-spalva\/#primaryimage"},"thumbnailUrl":"https:\/\/amberwithsilver.com\/wp-content\/uploads\/2025\/11\/IMG_7163.webp","datePublished":"2025-11-14T10:52:20+00:00","dateModified":"2026-01-27T19:36:07+00:00","description":"Amber massage ring in cognac color. Nat\u016bralus Baltijos gintaras Apval\u016bs gintaro rutuliukai Gintaro Sunerta ant elastinio silikono","breadcrumb":{"@id":"https:\/\/amberwithsilver.com\/product\/masazinis-gintaro-ziedas-konjako-spalva\/#breadcrumb"},"inLanguage":"en-US","potentialAction":[{"@type":"ReadAction","target":["https:\/\/amberwithsilver.com\/product\/masazinis-gintaro-ziedas-konjako-spalva\/"]}]},{"@type":"ImageObject","inLanguage":"en-US","@id":"https:\/\/amberwithsilver.com\/product\/masazinis-gintaro-ziedas-konjako-spalva\/#primaryimage","url":"https:\/\/amberwithsilver.com\/wp-content\/uploads\/2025\/11\/IMG_7163.webp","contentUrl":"https:\/\/amberwithsilver.com\/wp-content\/uploads\/2025\/11\/IMG_7163.webp","width":800,"height":850,"caption":"Masa\u017einis gintaro \u017eiedas konjako spalva, Amber massage ring in cognac color"},{"@type":"BreadcrumbList","@id":"https:\/\/amberwithsilver.com\/product\/masazinis-gintaro-ziedas-konjako-spalva\/#breadcrumb","itemListElement":[{"@type":"ListItem","position":1,"name":"Home","item":"https:\/\/amberwithsilver.com\/"},{"@type":"ListItem","position":2,"name":"Parduotuv\u0117","item":"https:\/\/amberwithsilver.com\/en\/parduotuve\/"},{"@type":"ListItem","position":3,"name":"Masa\u017einis gintaro \u017eiedas konjako spalva"}]},{"@type":"WebSite","@id":"https:\/\/amberwithsilver.com\/en\/#website","url":"https:\/\/amberwithsilver.com\/en\/","name":"AmberWithSilver","description":"Amber-Silver","publisher":{"@id":"https:\/\/amberwithsilver.com\/en\/#organization"},"potentialAction":[{"@type":"SearchAction","target":{"@type":"EntryPoint","urlTemplate":"https:\/\/amberwithsilver.com\/en\/?s={search_term_string}"},"query-input":{"@type":"PropertyValueSpecification","valueRequired":true,"valueName":"search_term_string"}}],"inLanguage":"en-US"},{"@type":"Organization","@id":"https:\/\/amberwithsilver.com\/en\/#organization","name":"amberwithsilver","url":"https:\/\/amberwithsilver.com\/en\/","logo":{"@type":"ImageObject","inLanguage":"en-US","@id":"https:\/\/amberwithsilver.com\/en\/#\/schema\/logo\/image\/","url":"https:\/\/i0.wp.com\/amberwithsilver.com\/wp-content\/uploads\/2020\/12\/logo.jpg?fit=232%2C116&ssl=1","contentUrl":"https:\/\/i0.wp.com\/amberwithsilver.com\/wp-content\/uploads\/2020\/12\/logo.jpg?fit=232%2C116&ssl=1","width":232,"height":116,"caption":"amberwithsilver"},"image":{"@id":"https:\/\/amberwithsilver.com\/en\/#\/schema\/logo\/image\/"}}]}},"jetpack_sharing_enabled":true,"_links":{"self":[{"href":"https:\/\/amberwithsilver.com\/en\/wp-json\/wp\/v2\/product\/3810","targetHints":{"allow":["GET"]}}],"collection":[{"href":"https:\/\/amberwithsilver.com\/en\/wp-json\/wp\/v2\/product"}],"about":[{"href":"https:\/\/amberwithsilver.com\/en\/wp-json\/wp\/v2\/types\/product"}],"replies":[{"embeddable":true,"href":"https:\/\/amberwithsilver.com\/en\/wp-json\/wp\/v2\/comments?post=3810"}],"version-history":[{"count":4,"href":"https:\/\/amberwithsilver.com\/en\/wp-json\/wp\/v2\/product\/3810\/revisions"}],"predecessor-version":[{"id":3833,"href":"https:\/\/amberwithsilver.com\/en\/wp-json\/wp\/v2\/product\/3810\/revisions\/3833"}],"wp:featuredmedia":[{"embeddable":true,"href":"https:\/\/amberwithsilver.com\/en\/wp-json\/wp\/v2\/media\/3878"}],"wp:attachment":[{"href":"https:\/\/amberwithsilver.com\/en\/wp-json\/wp\/v2\/media?parent=3810"}],"wp:term":[{"taxonomy":"product_brand","embeddable":true,"href":"https:\/\/amberwithsilver.com\/en\/wp-json\/wp\/v2\/product_brand?post=3810"},{"taxonomy":"product_cat","embeddable":true,"href":"https:\/\/amberwithsilver.com\/en\/wp-json\/wp\/v2\/product_cat?post=3810"},{"taxonomy":"product_tag","embeddable":true,"href":"https:\/\/amberwithsilver.com\/en\/wp-json\/wp\/v2\/product_tag?post=3810"}],"curies":[{"name":"wp","href":"https:\/\/api.w.org\/{rel}","templated":true}]}}