{"id":3827,"date":"2025-11-19T21:15:52","date_gmt":"2025-11-19T19:15:52","guid":{"rendered":"https:\/\/amberwithsilver.com\/?post_type=product&#038;p=3827"},"modified":"2025-11-21T18:04:17","modified_gmt":"2025-11-21T16:04:17","slug":"masazinis-gintaro-ziedas-medaus-spalva","status":"publish","type":"product","link":"https:\/\/amberwithsilver.com\/en\/product\/masazinis-gintaro-ziedas-medaus-spalva\/","title":{"rendered":"Honey-colored amber massage ring"},"content":{"rendered":"<p>Honey-colored amber massage ring.<\/p>\n<ul>\n<li>Natural Baltic amber<\/li>\n<li>Round amber beads<\/li>\n<li>Amber beads size: ~ 4 mm, center ~ 8-9 mm<\/li>\n<li>Put on elastic silicone<\/li>\n<li>Color: honey<\/li>\n<li>Weight: ~ 1.1 grams.<\/li>\n<\/ul>\n<p>&nbsp;<\/p>\n<p>*Please note that the color of the product may vary slightly from that shown in the photo, depending on the monitor used by the Buyer and the lighting settings in the photos.<\/p>","protected":false},"excerpt":{"rendered":"<p>Honey-colored amber massage ring.<\/p>\n<ul>\n<li>Natural Baltic amber<\/li>\n<li>Round amber beads<\/li>\n<li>Amber beads size: ~ 4 mm, center ~ 8-9 mm<\/li>\n<li>Put on elastic silicone<\/li>\n<li>Color: honey<\/li>\n<li>Weight: ~ 1.1 grams.<\/li>\n<\/ul>\n<p>&nbsp;<\/p>\n<p>*Please note that the color of the product may vary slightly from that shown in the photo, depending on the monitor used by the Buyer and the lighting settings in the photos.<\/p>","protected":false},"featured_media":3876,"comment_status":"open","ping_status":"closed","template":"","meta":[],"product_brand":[],"product_cat":[22],"product_tag":[1400,64,1401,747,1402,1013,1403,1106,1107,1313,1387,1391,1392,1393,1394,1395,1396,1398,1399],"class_list":{"0":"post-3827","1":"product","2":"type-product","3":"status-publish","4":"has-post-thumbnail","6":"product_cat-gintaro-ziedai","7":"product_tag-gintaro-ziedas","8":"product_tag-gintaras","9":"product_tag-masazinis-ziedas","10":"product_tag-amber","11":"product_tag-honey-color","12":"product_tag-gintaro-dirbiniai","13":"product_tag-medaus-spalva","14":"product_tag-gintaro-papuosalai","15":"product_tag-amber-jewelry","16":"product_tag-gintaro-dirbiniai-kaunas","17":"product_tag-dovana-moterims","18":"product_tag-amber-workship-in-kaunas","19":"product_tag-gintaro-kurybines-dirbtuves-kaune","20":"product_tag-baltijos-gintaro-dirbiniai","21":"product_tag-baltic-amber-products","22":"product_tag-gift-for-her","23":"product_tag-massage-ring","24":"product_tag-masazinis-gintaro-ziedas-medaus-spalva","25":"product_tag-amber-massage-ring-in-honey-color","27":"first","28":"instock","29":"taxable","30":"shipping-taxable","31":"purchasable","32":"product-type-variable"},"yoast_head":"<!-- This site is optimized with the Yoast SEO Premium plugin v23.4 (Yoast SEO v26.8) - https:\/\/yoast.com\/product\/yoast-seo-premium-wordpress\/ -->\n<title>Masa\u017einis gintaro \u017eiedas medaus spalva<\/title>\n<meta name=\"description\" content=\"Masa\u017einis gintaro \u017eiedas medaus spalva.Nat\u016bralus Baltijos gintarasApval\u016bs gintaro rutuliukaiGintaro rutuliuk\u0173 dydis: ~ 4 mm, centre ~ 8-9 mm Sunerta ant\" \/>\n<meta name=\"robots\" content=\"index, follow, max-snippet:-1, max-image-preview:large, max-video-preview:-1\" \/>\n<link rel=\"canonical\" href=\"https:\/\/amberwithsilver.com\/en\/product\/masazinis-gintaro-ziedas-medaus-spalva\/\" \/>\n<meta property=\"og:locale\" content=\"en_US\" \/>\n<meta property=\"og:type\" content=\"article\" \/>\n<meta property=\"og:title\" content=\"Masa\u017einis gintaro \u017eiedas medaus spalva\" \/>\n<meta property=\"og:description\" content=\"Masa\u017einis gintaro \u017eiedas medaus spalva.Nat\u016bralus Baltijos gintarasApval\u016bs gintaro rutuliukaiGintaro rutuliuk\u0173 dydis: ~ 4 mm, centre ~ 8-9 mm Sunerta ant\" \/>\n<meta property=\"og:url\" content=\"https:\/\/amberwithsilver.com\/en\/product\/masazinis-gintaro-ziedas-medaus-spalva\/\" \/>\n<meta property=\"og:site_name\" content=\"AmberWithSilver\" \/>\n<meta property=\"article:modified_time\" content=\"2025-11-21T16:04:17+00:00\" \/>\n<meta property=\"og:image\" content=\"https:\/\/amberwithsilver.com\/wp-content\/uploads\/2025\/11\/IMG_7162.webp\" \/>\n\t<meta property=\"og:image:width\" content=\"800\" \/>\n\t<meta property=\"og:image:height\" content=\"858\" \/>\n\t<meta property=\"og:image:type\" content=\"image\/webp\" \/>\n<meta name=\"twitter:card\" content=\"summary_large_image\" \/>\n<meta name=\"twitter:label1\" content=\"Est. reading time\" \/>\n\t<meta name=\"twitter:data1\" content=\"1 minute\" \/>\n<script type=\"application\/ld+json\" class=\"yoast-schema-graph\">{\"@context\":\"https:\/\/schema.org\",\"@graph\":[{\"@type\":\"WebPage\",\"@id\":\"https:\/\/amberwithsilver.com\/product\/masazinis-gintaro-ziedas-medaus-spalva\/\",\"url\":\"https:\/\/amberwithsilver.com\/product\/masazinis-gintaro-ziedas-medaus-spalva\/\",\"name\":\"Masa\u017einis gintaro \u017eiedas medaus spalva\",\"isPartOf\":{\"@id\":\"https:\/\/amberwithsilver.com\/en\/#website\"},\"primaryImageOfPage\":{\"@id\":\"https:\/\/amberwithsilver.com\/product\/masazinis-gintaro-ziedas-medaus-spalva\/#primaryimage\"},\"image\":{\"@id\":\"https:\/\/amberwithsilver.com\/product\/masazinis-gintaro-ziedas-medaus-spalva\/#primaryimage\"},\"thumbnailUrl\":\"https:\/\/amberwithsilver.com\/wp-content\/uploads\/2025\/11\/IMG_7162.webp\",\"datePublished\":\"2025-11-19T19:15:52+00:00\",\"dateModified\":\"2025-11-21T16:04:17+00:00\",\"description\":\"Masa\u017einis gintaro \u017eiedas medaus spalva.Nat\u016bralus Baltijos gintarasApval\u016bs gintaro rutuliukaiGintaro rutuliuk\u0173 dydis: ~ 4 mm, centre ~ 8-9 mm Sunerta ant\",\"breadcrumb\":{\"@id\":\"https:\/\/amberwithsilver.com\/product\/masazinis-gintaro-ziedas-medaus-spalva\/#breadcrumb\"},\"inLanguage\":\"en-US\",\"potentialAction\":[{\"@type\":\"ReadAction\",\"target\":[\"https:\/\/amberwithsilver.com\/product\/masazinis-gintaro-ziedas-medaus-spalva\/\"]}]},{\"@type\":\"ImageObject\",\"inLanguage\":\"en-US\",\"@id\":\"https:\/\/amberwithsilver.com\/product\/masazinis-gintaro-ziedas-medaus-spalva\/#primaryimage\",\"url\":\"https:\/\/amberwithsilver.com\/wp-content\/uploads\/2025\/11\/IMG_7162.webp\",\"contentUrl\":\"https:\/\/amberwithsilver.com\/wp-content\/uploads\/2025\/11\/IMG_7162.webp\",\"width\":800,\"height\":858,\"caption\":\"Masa\u017einis gintaro \u017eiedas medaus spalva, Amber massage ring in honey color.\"},{\"@type\":\"BreadcrumbList\",\"@id\":\"https:\/\/amberwithsilver.com\/product\/masazinis-gintaro-ziedas-medaus-spalva\/#breadcrumb\",\"itemListElement\":[{\"@type\":\"ListItem\",\"position\":1,\"name\":\"Home\",\"item\":\"https:\/\/amberwithsilver.com\/\"},{\"@type\":\"ListItem\",\"position\":2,\"name\":\"Parduotuv\u0117\",\"item\":\"https:\/\/amberwithsilver.com\/en\/parduotuve\/\"},{\"@type\":\"ListItem\",\"position\":3,\"name\":\"Masa\u017einis gintaro \u017eiedas medaus spalva\"}]},{\"@type\":\"WebSite\",\"@id\":\"https:\/\/amberwithsilver.com\/en\/#website\",\"url\":\"https:\/\/amberwithsilver.com\/en\/\",\"name\":\"AmberWithSilver\",\"description\":\"Amber-Silver\",\"publisher\":{\"@id\":\"https:\/\/amberwithsilver.com\/en\/#organization\"},\"potentialAction\":[{\"@type\":\"SearchAction\",\"target\":{\"@type\":\"EntryPoint\",\"urlTemplate\":\"https:\/\/amberwithsilver.com\/en\/?s={search_term_string}\"},\"query-input\":{\"@type\":\"PropertyValueSpecification\",\"valueRequired\":true,\"valueName\":\"search_term_string\"}}],\"inLanguage\":\"en-US\"},{\"@type\":\"Organization\",\"@id\":\"https:\/\/amberwithsilver.com\/en\/#organization\",\"name\":\"amberwithsilver\",\"url\":\"https:\/\/amberwithsilver.com\/en\/\",\"logo\":{\"@type\":\"ImageObject\",\"inLanguage\":\"en-US\",\"@id\":\"https:\/\/amberwithsilver.com\/en\/#\/schema\/logo\/image\/\",\"url\":\"https:\/\/i0.wp.com\/amberwithsilver.com\/wp-content\/uploads\/2020\/12\/logo.jpg?fit=232%2C116&ssl=1\",\"contentUrl\":\"https:\/\/i0.wp.com\/amberwithsilver.com\/wp-content\/uploads\/2020\/12\/logo.jpg?fit=232%2C116&ssl=1\",\"width\":232,\"height\":116,\"caption\":\"amberwithsilver\"},\"image\":{\"@id\":\"https:\/\/amberwithsilver.com\/en\/#\/schema\/logo\/image\/\"}}]}<\/script>\n<!-- \/ Yoast SEO Premium plugin. -->","yoast_head_json":{"title":"Honey-colored amber massage ring","description":"Masa\u017einis gintaro \u017eiedas medaus spalva.Nat\u016bralus Baltijos gintarasApval\u016bs gintaro rutuliukaiGintaro rutuliuk\u0173 dydis: ~ 4 mm, centre ~ 8-9 mm Sunerta ant","robots":{"index":"index","follow":"follow","max-snippet":"max-snippet:-1","max-image-preview":"max-image-preview:large","max-video-preview":"max-video-preview:-1"},"canonical":"https:\/\/amberwithsilver.com\/en\/product\/masazinis-gintaro-ziedas-medaus-spalva\/","og_locale":"en_US","og_type":"article","og_title":"Masa\u017einis gintaro \u017eiedas medaus spalva","og_description":"Masa\u017einis gintaro \u017eiedas medaus spalva.Nat\u016bralus Baltijos gintarasApval\u016bs gintaro rutuliukaiGintaro rutuliuk\u0173 dydis: ~ 4 mm, centre ~ 8-9 mm Sunerta ant","og_url":"https:\/\/amberwithsilver.com\/en\/product\/masazinis-gintaro-ziedas-medaus-spalva\/","og_site_name":"AmberWithSilver","article_modified_time":"2025-11-21T16:04:17+00:00","og_image":[{"width":800,"height":858,"url":"https:\/\/amberwithsilver.com\/wp-content\/uploads\/2025\/11\/IMG_7162.webp","type":"image\/webp"}],"twitter_card":"summary_large_image","twitter_misc":{"Est. reading time":"1 minute"},"schema":{"@context":"https:\/\/schema.org","@graph":[{"@type":"WebPage","@id":"https:\/\/amberwithsilver.com\/product\/masazinis-gintaro-ziedas-medaus-spalva\/","url":"https:\/\/amberwithsilver.com\/product\/masazinis-gintaro-ziedas-medaus-spalva\/","name":"Honey-colored amber massage ring","isPartOf":{"@id":"https:\/\/amberwithsilver.com\/en\/#website"},"primaryImageOfPage":{"@id":"https:\/\/amberwithsilver.com\/product\/masazinis-gintaro-ziedas-medaus-spalva\/#primaryimage"},"image":{"@id":"https:\/\/amberwithsilver.com\/product\/masazinis-gintaro-ziedas-medaus-spalva\/#primaryimage"},"thumbnailUrl":"https:\/\/amberwithsilver.com\/wp-content\/uploads\/2025\/11\/IMG_7162.webp","datePublished":"2025-11-19T19:15:52+00:00","dateModified":"2025-11-21T16:04:17+00:00","description":"Masa\u017einis gintaro \u017eiedas medaus spalva.Nat\u016bralus Baltijos gintarasApval\u016bs gintaro rutuliukaiGintaro rutuliuk\u0173 dydis: ~ 4 mm, centre ~ 8-9 mm Sunerta ant","breadcrumb":{"@id":"https:\/\/amberwithsilver.com\/product\/masazinis-gintaro-ziedas-medaus-spalva\/#breadcrumb"},"inLanguage":"en-US","potentialAction":[{"@type":"ReadAction","target":["https:\/\/amberwithsilver.com\/product\/masazinis-gintaro-ziedas-medaus-spalva\/"]}]},{"@type":"ImageObject","inLanguage":"en-US","@id":"https:\/\/amberwithsilver.com\/product\/masazinis-gintaro-ziedas-medaus-spalva\/#primaryimage","url":"https:\/\/amberwithsilver.com\/wp-content\/uploads\/2025\/11\/IMG_7162.webp","contentUrl":"https:\/\/amberwithsilver.com\/wp-content\/uploads\/2025\/11\/IMG_7162.webp","width":800,"height":858,"caption":"Masa\u017einis gintaro \u017eiedas medaus spalva, Amber massage ring in honey color."},{"@type":"BreadcrumbList","@id":"https:\/\/amberwithsilver.com\/product\/masazinis-gintaro-ziedas-medaus-spalva\/#breadcrumb","itemListElement":[{"@type":"ListItem","position":1,"name":"Home","item":"https:\/\/amberwithsilver.com\/"},{"@type":"ListItem","position":2,"name":"Parduotuv\u0117","item":"https:\/\/amberwithsilver.com\/en\/parduotuve\/"},{"@type":"ListItem","position":3,"name":"Masa\u017einis gintaro \u017eiedas medaus spalva"}]},{"@type":"WebSite","@id":"https:\/\/amberwithsilver.com\/en\/#website","url":"https:\/\/amberwithsilver.com\/en\/","name":"AmberWithSilver","description":"Amber-Silver","publisher":{"@id":"https:\/\/amberwithsilver.com\/en\/#organization"},"potentialAction":[{"@type":"SearchAction","target":{"@type":"EntryPoint","urlTemplate":"https:\/\/amberwithsilver.com\/en\/?s={search_term_string}"},"query-input":{"@type":"PropertyValueSpecification","valueRequired":true,"valueName":"search_term_string"}}],"inLanguage":"en-US"},{"@type":"Organization","@id":"https:\/\/amberwithsilver.com\/en\/#organization","name":"amberwithsilver","url":"https:\/\/amberwithsilver.com\/en\/","logo":{"@type":"ImageObject","inLanguage":"en-US","@id":"https:\/\/amberwithsilver.com\/en\/#\/schema\/logo\/image\/","url":"https:\/\/i0.wp.com\/amberwithsilver.com\/wp-content\/uploads\/2020\/12\/logo.jpg?fit=232%2C116&ssl=1","contentUrl":"https:\/\/i0.wp.com\/amberwithsilver.com\/wp-content\/uploads\/2020\/12\/logo.jpg?fit=232%2C116&ssl=1","width":232,"height":116,"caption":"amberwithsilver"},"image":{"@id":"https:\/\/amberwithsilver.com\/en\/#\/schema\/logo\/image\/"}}]}},"jetpack_sharing_enabled":true,"_links":{"self":[{"href":"https:\/\/amberwithsilver.com\/en\/wp-json\/wp\/v2\/product\/3827","targetHints":{"allow":["GET"]}}],"collection":[{"href":"https:\/\/amberwithsilver.com\/en\/wp-json\/wp\/v2\/product"}],"about":[{"href":"https:\/\/amberwithsilver.com\/en\/wp-json\/wp\/v2\/types\/product"}],"replies":[{"embeddable":true,"href":"https:\/\/amberwithsilver.com\/en\/wp-json\/wp\/v2\/comments?post=3827"}],"version-history":[{"count":2,"href":"https:\/\/amberwithsilver.com\/en\/wp-json\/wp\/v2\/product\/3827\/revisions"}],"predecessor-version":[{"id":3836,"href":"https:\/\/amberwithsilver.com\/en\/wp-json\/wp\/v2\/product\/3827\/revisions\/3836"}],"wp:featuredmedia":[{"embeddable":true,"href":"https:\/\/amberwithsilver.com\/en\/wp-json\/wp\/v2\/media\/3876"}],"wp:attachment":[{"href":"https:\/\/amberwithsilver.com\/en\/wp-json\/wp\/v2\/media?parent=3827"}],"wp:term":[{"taxonomy":"product_brand","embeddable":true,"href":"https:\/\/amberwithsilver.com\/en\/wp-json\/wp\/v2\/product_brand?post=3827"},{"taxonomy":"product_cat","embeddable":true,"href":"https:\/\/amberwithsilver.com\/en\/wp-json\/wp\/v2\/product_cat?post=3827"},{"taxonomy":"product_tag","embeddable":true,"href":"https:\/\/amberwithsilver.com\/en\/wp-json\/wp\/v2\/product_tag?post=3827"}],"curies":[{"name":"wp","href":"https:\/\/api.w.org\/{rel}","templated":true}]}}