{"id":3837,"date":"2025-11-20T19:25:19","date_gmt":"2025-11-20T17:25:19","guid":{"rendered":"https:\/\/amberwithsilver.com\/?post_type=product&#038;p=3837"},"modified":"2025-12-09T20:02:34","modified_gmt":"2025-12-09T18:02:34","slug":"masazinis-gintaro-ziedas-baroko-formos-margas","status":"publish","type":"product","link":"https:\/\/amberwithsilver.com\/en\/product\/masazinis-gintaro-ziedas-baroko-formos-margas\/","title":{"rendered":"Baroque-shaped amber massage ring, multicolor"},"content":{"rendered":"<p>Baroque-shaped amber massage ring, multicolor.<\/p>\n<ul>\n<li>Natural Baltic amber<\/li>\n<li>Baroque-shaped amber beads<\/li>\n<li>Amber beads size: ~ 2 mm- 4 mm<\/li>\n<li>Put on elastic silicone<\/li>\n<li>Color: multicolor<\/li>\n<li>Weight: ~ 1 gram.<\/li>\n<\/ul>\n<p>&nbsp;<\/p>\n<p>*Please note that the color of the product may vary slightly from that shown in the photo, depending on the monitor used by the Buyer and the lighting settings in the photos.<\/p>","protected":false},"excerpt":{"rendered":"<p>Baroque-shaped amber massage ring, multicolor.<\/p>\n<ul>\n<li>Natural Baltic amber<\/li>\n<li>Baroque-shaped amber beads<\/li>\n<li>Amber beads size: ~ 2 mm- 4 mm<\/li>\n<li>Put on elastic silicone<\/li>\n<li>Color: multicolor<\/li>\n<li>Weight: ~ 1 gram.<\/li>\n<\/ul>\n<p>&nbsp;<\/p>\n<p>*Please note that the color of the product may vary slightly from that shown in the photo, depending on the monitor used by the Buyer and the lighting settings in the photos.<\/p>","protected":false},"featured_media":3894,"comment_status":"open","ping_status":"closed","template":"","meta":[],"product_brand":[],"product_cat":[22],"product_tag":[1407,64,1408,747,1409,1013,1106,1107,1313,1387,1391,1392,1393,1394,1395,1404,1405,1406],"class_list":{"0":"post-3837","1":"product","2":"type-product","3":"status-publish","4":"has-post-thumbnail","6":"product_cat-gintaro-ziedai","7":"product_tag-baroque-shape","8":"product_tag-gintaras","9":"product_tag-masazinis-gintaro-ziedas","10":"product_tag-amber","11":"product_tag-baroko-formos","12":"product_tag-gintaro-dirbiniai","13":"product_tag-gintaro-papuosalai","14":"product_tag-amber-jewelry","15":"product_tag-gintaro-dirbiniai-kaunas","16":"product_tag-dovana-moterims","17":"product_tag-amber-workship-in-kaunas","18":"product_tag-gintaro-kurybines-dirbtuves-kaune","19":"product_tag-baltijos-gintaro-dirbiniai","20":"product_tag-baltic-amber-products","21":"product_tag-gift-for-her","22":"product_tag-masazinis-gintaro-ziedas-baroko-formos-margas","23":"product_tag-massage-amber-ring-in-baroque-shape-multicoloured","24":"product_tag-massage-amber-ring","26":"first","27":"instock","28":"taxable","29":"shipping-taxable","30":"purchasable","31":"product-type-variable"},"yoast_head":"<!-- This site is optimized with the Yoast SEO Premium plugin v23.4 (Yoast SEO v26.8) - https:\/\/yoast.com\/product\/yoast-seo-premium-wordpress\/ -->\n<title>Masa\u017einis gintaro \u017eiedas baroko formos margas<\/title>\n<meta name=\"description\" content=\"Massage amber ring in baroque shape multicoloured, Nat\u016bralus Baltijos gintarasBaroko formos gintaro rutuliukaiGintaro rutuliuk\u0173 dydis: ~ 2 mm- 4 mmSunerta\" \/>\n<meta name=\"robots\" content=\"index, follow, max-snippet:-1, max-image-preview:large, max-video-preview:-1\" \/>\n<link rel=\"canonical\" href=\"https:\/\/amberwithsilver.com\/en\/product\/masazinis-gintaro-ziedas-baroko-formos-margas\/\" \/>\n<meta property=\"og:locale\" content=\"en_US\" \/>\n<meta property=\"og:type\" content=\"article\" \/>\n<meta property=\"og:title\" content=\"Masa\u017einis gintaro \u017eiedas baroko formos margas\" \/>\n<meta property=\"og:description\" content=\"Massage amber ring in baroque shape multicoloured, Nat\u016bralus Baltijos gintarasBaroko formos gintaro rutuliukaiGintaro rutuliuk\u0173 dydis: ~ 2 mm- 4 mmSunerta\" \/>\n<meta property=\"og:url\" content=\"https:\/\/amberwithsilver.com\/en\/product\/masazinis-gintaro-ziedas-baroko-formos-margas\/\" \/>\n<meta property=\"og:site_name\" content=\"AmberWithSilver\" \/>\n<meta property=\"article:modified_time\" content=\"2025-12-09T18:02:34+00:00\" \/>\n<meta property=\"og:image\" content=\"https:\/\/amberwithsilver.com\/wp-content\/uploads\/2025\/11\/unnamed-2.webp\" \/>\n\t<meta property=\"og:image:width\" content=\"900\" \/>\n\t<meta property=\"og:image:height\" content=\"1000\" \/>\n\t<meta property=\"og:image:type\" content=\"image\/webp\" \/>\n<meta name=\"twitter:card\" content=\"summary_large_image\" \/>\n<meta name=\"twitter:label1\" content=\"Est. reading time\" \/>\n\t<meta name=\"twitter:data1\" content=\"1 minute\" \/>\n<script type=\"application\/ld+json\" class=\"yoast-schema-graph\">{\"@context\":\"https:\/\/schema.org\",\"@graph\":[{\"@type\":\"WebPage\",\"@id\":\"https:\/\/amberwithsilver.com\/product\/masazinis-gintaro-ziedas-baroko-formos-margas\/\",\"url\":\"https:\/\/amberwithsilver.com\/product\/masazinis-gintaro-ziedas-baroko-formos-margas\/\",\"name\":\"Masa\u017einis gintaro \u017eiedas baroko formos margas\",\"isPartOf\":{\"@id\":\"https:\/\/amberwithsilver.com\/en\/#website\"},\"primaryImageOfPage\":{\"@id\":\"https:\/\/amberwithsilver.com\/product\/masazinis-gintaro-ziedas-baroko-formos-margas\/#primaryimage\"},\"image\":{\"@id\":\"https:\/\/amberwithsilver.com\/product\/masazinis-gintaro-ziedas-baroko-formos-margas\/#primaryimage\"},\"thumbnailUrl\":\"https:\/\/amberwithsilver.com\/wp-content\/uploads\/2025\/11\/unnamed-2.webp\",\"datePublished\":\"2025-11-20T17:25:19+00:00\",\"dateModified\":\"2025-12-09T18:02:34+00:00\",\"description\":\"Massage amber ring in baroque shape multicoloured, Nat\u016bralus Baltijos gintarasBaroko formos gintaro rutuliukaiGintaro rutuliuk\u0173 dydis: ~ 2 mm- 4 mmSunerta\",\"breadcrumb\":{\"@id\":\"https:\/\/amberwithsilver.com\/product\/masazinis-gintaro-ziedas-baroko-formos-margas\/#breadcrumb\"},\"inLanguage\":\"en-US\",\"potentialAction\":[{\"@type\":\"ReadAction\",\"target\":[\"https:\/\/amberwithsilver.com\/product\/masazinis-gintaro-ziedas-baroko-formos-margas\/\"]}]},{\"@type\":\"ImageObject\",\"inLanguage\":\"en-US\",\"@id\":\"https:\/\/amberwithsilver.com\/product\/masazinis-gintaro-ziedas-baroko-formos-margas\/#primaryimage\",\"url\":\"https:\/\/amberwithsilver.com\/wp-content\/uploads\/2025\/11\/unnamed-2.webp\",\"contentUrl\":\"https:\/\/amberwithsilver.com\/wp-content\/uploads\/2025\/11\/unnamed-2.webp\",\"width\":900,\"height\":1000,\"caption\":\"Masa\u017einis gintaro \u017eiedas baroko formos margas, Massage amber ring in baroque shape multicoloured\"},{\"@type\":\"BreadcrumbList\",\"@id\":\"https:\/\/amberwithsilver.com\/product\/masazinis-gintaro-ziedas-baroko-formos-margas\/#breadcrumb\",\"itemListElement\":[{\"@type\":\"ListItem\",\"position\":1,\"name\":\"Home\",\"item\":\"https:\/\/amberwithsilver.com\/\"},{\"@type\":\"ListItem\",\"position\":2,\"name\":\"Parduotuv\u0117\",\"item\":\"https:\/\/amberwithsilver.com\/en\/parduotuve\/\"},{\"@type\":\"ListItem\",\"position\":3,\"name\":\"Masa\u017einis gintaro \u017eiedas baroko formos margas\"}]},{\"@type\":\"WebSite\",\"@id\":\"https:\/\/amberwithsilver.com\/en\/#website\",\"url\":\"https:\/\/amberwithsilver.com\/en\/\",\"name\":\"AmberWithSilver\",\"description\":\"Amber-Silver\",\"publisher\":{\"@id\":\"https:\/\/amberwithsilver.com\/en\/#organization\"},\"potentialAction\":[{\"@type\":\"SearchAction\",\"target\":{\"@type\":\"EntryPoint\",\"urlTemplate\":\"https:\/\/amberwithsilver.com\/en\/?s={search_term_string}\"},\"query-input\":{\"@type\":\"PropertyValueSpecification\",\"valueRequired\":true,\"valueName\":\"search_term_string\"}}],\"inLanguage\":\"en-US\"},{\"@type\":\"Organization\",\"@id\":\"https:\/\/amberwithsilver.com\/en\/#organization\",\"name\":\"amberwithsilver\",\"url\":\"https:\/\/amberwithsilver.com\/en\/\",\"logo\":{\"@type\":\"ImageObject\",\"inLanguage\":\"en-US\",\"@id\":\"https:\/\/amberwithsilver.com\/en\/#\/schema\/logo\/image\/\",\"url\":\"https:\/\/i0.wp.com\/amberwithsilver.com\/wp-content\/uploads\/2020\/12\/logo.jpg?fit=232%2C116&ssl=1\",\"contentUrl\":\"https:\/\/i0.wp.com\/amberwithsilver.com\/wp-content\/uploads\/2020\/12\/logo.jpg?fit=232%2C116&ssl=1\",\"width\":232,\"height\":116,\"caption\":\"amberwithsilver\"},\"image\":{\"@id\":\"https:\/\/amberwithsilver.com\/en\/#\/schema\/logo\/image\/\"}}]}<\/script>\n<!-- \/ Yoast SEO Premium plugin. -->","yoast_head_json":{"title":"Baroque-shaped amber massage ring, multicolor","description":"Massage amber ring in baroque shape multicoloured, Nat\u016bralus Baltijos gintarasBaroko formos gintaro rutuliukaiGintaro rutuliuk\u0173 dydis: ~ 2 mm- 4 mmSunerta","robots":{"index":"index","follow":"follow","max-snippet":"max-snippet:-1","max-image-preview":"max-image-preview:large","max-video-preview":"max-video-preview:-1"},"canonical":"https:\/\/amberwithsilver.com\/en\/product\/masazinis-gintaro-ziedas-baroko-formos-margas\/","og_locale":"en_US","og_type":"article","og_title":"Masa\u017einis gintaro \u017eiedas baroko formos margas","og_description":"Massage amber ring in baroque shape multicoloured, Nat\u016bralus Baltijos gintarasBaroko formos gintaro rutuliukaiGintaro rutuliuk\u0173 dydis: ~ 2 mm- 4 mmSunerta","og_url":"https:\/\/amberwithsilver.com\/en\/product\/masazinis-gintaro-ziedas-baroko-formos-margas\/","og_site_name":"AmberWithSilver","article_modified_time":"2025-12-09T18:02:34+00:00","og_image":[{"width":900,"height":1000,"url":"https:\/\/amberwithsilver.com\/wp-content\/uploads\/2025\/11\/unnamed-2.webp","type":"image\/webp"}],"twitter_card":"summary_large_image","twitter_misc":{"Est. reading time":"1 minute"},"schema":{"@context":"https:\/\/schema.org","@graph":[{"@type":"WebPage","@id":"https:\/\/amberwithsilver.com\/product\/masazinis-gintaro-ziedas-baroko-formos-margas\/","url":"https:\/\/amberwithsilver.com\/product\/masazinis-gintaro-ziedas-baroko-formos-margas\/","name":"Baroque-shaped amber massage ring, multicolor","isPartOf":{"@id":"https:\/\/amberwithsilver.com\/en\/#website"},"primaryImageOfPage":{"@id":"https:\/\/amberwithsilver.com\/product\/masazinis-gintaro-ziedas-baroko-formos-margas\/#primaryimage"},"image":{"@id":"https:\/\/amberwithsilver.com\/product\/masazinis-gintaro-ziedas-baroko-formos-margas\/#primaryimage"},"thumbnailUrl":"https:\/\/amberwithsilver.com\/wp-content\/uploads\/2025\/11\/unnamed-2.webp","datePublished":"2025-11-20T17:25:19+00:00","dateModified":"2025-12-09T18:02:34+00:00","description":"Massage amber ring in baroque shape multicoloured, Nat\u016bralus Baltijos gintarasBaroko formos gintaro rutuliukaiGintaro rutuliuk\u0173 dydis: ~ 2 mm- 4 mmSunerta","breadcrumb":{"@id":"https:\/\/amberwithsilver.com\/product\/masazinis-gintaro-ziedas-baroko-formos-margas\/#breadcrumb"},"inLanguage":"en-US","potentialAction":[{"@type":"ReadAction","target":["https:\/\/amberwithsilver.com\/product\/masazinis-gintaro-ziedas-baroko-formos-margas\/"]}]},{"@type":"ImageObject","inLanguage":"en-US","@id":"https:\/\/amberwithsilver.com\/product\/masazinis-gintaro-ziedas-baroko-formos-margas\/#primaryimage","url":"https:\/\/amberwithsilver.com\/wp-content\/uploads\/2025\/11\/unnamed-2.webp","contentUrl":"https:\/\/amberwithsilver.com\/wp-content\/uploads\/2025\/11\/unnamed-2.webp","width":900,"height":1000,"caption":"Masa\u017einis gintaro \u017eiedas baroko formos margas, Massage amber ring in baroque shape multicoloured"},{"@type":"BreadcrumbList","@id":"https:\/\/amberwithsilver.com\/product\/masazinis-gintaro-ziedas-baroko-formos-margas\/#breadcrumb","itemListElement":[{"@type":"ListItem","position":1,"name":"Home","item":"https:\/\/amberwithsilver.com\/"},{"@type":"ListItem","position":2,"name":"Parduotuv\u0117","item":"https:\/\/amberwithsilver.com\/en\/parduotuve\/"},{"@type":"ListItem","position":3,"name":"Masa\u017einis gintaro \u017eiedas baroko formos margas"}]},{"@type":"WebSite","@id":"https:\/\/amberwithsilver.com\/en\/#website","url":"https:\/\/amberwithsilver.com\/en\/","name":"AmberWithSilver","description":"Amber-Silver","publisher":{"@id":"https:\/\/amberwithsilver.com\/en\/#organization"},"potentialAction":[{"@type":"SearchAction","target":{"@type":"EntryPoint","urlTemplate":"https:\/\/amberwithsilver.com\/en\/?s={search_term_string}"},"query-input":{"@type":"PropertyValueSpecification","valueRequired":true,"valueName":"search_term_string"}}],"inLanguage":"en-US"},{"@type":"Organization","@id":"https:\/\/amberwithsilver.com\/en\/#organization","name":"amberwithsilver","url":"https:\/\/amberwithsilver.com\/en\/","logo":{"@type":"ImageObject","inLanguage":"en-US","@id":"https:\/\/amberwithsilver.com\/en\/#\/schema\/logo\/image\/","url":"https:\/\/i0.wp.com\/amberwithsilver.com\/wp-content\/uploads\/2020\/12\/logo.jpg?fit=232%2C116&ssl=1","contentUrl":"https:\/\/i0.wp.com\/amberwithsilver.com\/wp-content\/uploads\/2020\/12\/logo.jpg?fit=232%2C116&ssl=1","width":232,"height":116,"caption":"amberwithsilver"},"image":{"@id":"https:\/\/amberwithsilver.com\/en\/#\/schema\/logo\/image\/"}}]}},"jetpack_sharing_enabled":true,"_links":{"self":[{"href":"https:\/\/amberwithsilver.com\/en\/wp-json\/wp\/v2\/product\/3837","targetHints":{"allow":["GET"]}}],"collection":[{"href":"https:\/\/amberwithsilver.com\/en\/wp-json\/wp\/v2\/product"}],"about":[{"href":"https:\/\/amberwithsilver.com\/en\/wp-json\/wp\/v2\/types\/product"}],"replies":[{"embeddable":true,"href":"https:\/\/amberwithsilver.com\/en\/wp-json\/wp\/v2\/comments?post=3837"}],"version-history":[{"count":2,"href":"https:\/\/amberwithsilver.com\/en\/wp-json\/wp\/v2\/product\/3837\/revisions"}],"predecessor-version":[{"id":3865,"href":"https:\/\/amberwithsilver.com\/en\/wp-json\/wp\/v2\/product\/3837\/revisions\/3865"}],"wp:featuredmedia":[{"embeddable":true,"href":"https:\/\/amberwithsilver.com\/en\/wp-json\/wp\/v2\/media\/3894"}],"wp:attachment":[{"href":"https:\/\/amberwithsilver.com\/en\/wp-json\/wp\/v2\/media?parent=3837"}],"wp:term":[{"taxonomy":"product_brand","embeddable":true,"href":"https:\/\/amberwithsilver.com\/en\/wp-json\/wp\/v2\/product_brand?post=3837"},{"taxonomy":"product_cat","embeddable":true,"href":"https:\/\/amberwithsilver.com\/en\/wp-json\/wp\/v2\/product_cat?post=3837"},{"taxonomy":"product_tag","embeddable":true,"href":"https:\/\/amberwithsilver.com\/en\/wp-json\/wp\/v2\/product_tag?post=3837"}],"curies":[{"name":"wp","href":"https:\/\/api.w.org\/{rel}","templated":true}]}}