{"id":3844,"date":"2025-11-20T19:42:19","date_gmt":"2025-11-20T17:42:19","guid":{"rendered":"https:\/\/amberwithsilver.com\/?post_type=product&#038;p=3844"},"modified":"2026-01-20T09:56:52","modified_gmt":"2026-01-20T07:56:52","slug":"masazinis-gintaro-ziedas-baroko-formos-sviesi-spalva","status":"publish","type":"product","link":"https:\/\/amberwithsilver.com\/en\/product\/masazinis-gintaro-ziedas-baroko-formos-sviesi-spalva\/","title":{"rendered":"Massage amber ring in baroque shape, light color"},"content":{"rendered":"<p>Massage amber ring in baroque shape, light color.<\/p>\n<ul>\n<li>Natural Baltic amber<\/li>\n<li>Baroque-shaped amber beads<\/li>\n<li>Amber beads size: ~ 2 mm- 4 mm<\/li>\n<li>Put on elastic silicone<\/li>\n<li>Color: light<\/li>\n<li>Weight: ~ 1.1 grams.<\/li>\n<\/ul>\n<p>&nbsp;<\/p>\n<p>*Please note that the color of the product may vary slightly from that shown in the photo, depending on the monitor used by the Buyer and the lighting settings in the photos.<\/p>","protected":false},"excerpt":{"rendered":"<p>Massage amber ring in baroque shape, light color.<\/p>\n<ul>\n<li>Natural Baltic amber<\/li>\n<li>Baroque-shaped amber beads<\/li>\n<li>Amber beads size: ~ 2 mm- 4 mm<\/li>\n<li>Put on elastic silicone<\/li>\n<li>Color: light<\/li>\n<li>Weight: ~ 1.1 grams.<\/li>\n<\/ul>\n<p>&nbsp;<\/p>\n<p>*Please note that the color of the product may vary slightly from that shown in the photo, depending on the monitor used by the Buyer and the lighting settings in the photos.<\/p>","protected":false},"featured_media":3893,"comment_status":"open","ping_status":"closed","template":"","meta":[],"product_brand":[],"product_cat":[22],"product_tag":[1411,64,747,1013,1106,1107,1313,1387,1391,1392,1393,1394,1395,1406,1408,1410],"class_list":{"0":"post-3844","1":"product","2":"type-product","3":"status-publish","4":"has-post-thumbnail","6":"product_cat-gintaro-ziedai","7":"product_tag-massage-amber-ring-baroque-shape-light-colored","8":"product_tag-gintaras","9":"product_tag-amber","10":"product_tag-gintaro-dirbiniai","11":"product_tag-gintaro-papuosalai","12":"product_tag-amber-jewelry","13":"product_tag-gintaro-dirbiniai-kaunas","14":"product_tag-dovana-moterims","15":"product_tag-amber-workship-in-kaunas","16":"product_tag-gintaro-kurybines-dirbtuves-kaune","17":"product_tag-baltijos-gintaro-dirbiniai","18":"product_tag-baltic-amber-products","19":"product_tag-gift-for-her","20":"product_tag-massage-amber-ring","21":"product_tag-masazinis-gintaro-ziedas","22":"product_tag-masazinis-gintaro-ziedas-baroko-formos-sviesi-spalva","24":"first","25":"instock","26":"taxable","27":"shipping-taxable","28":"purchasable","29":"product-type-variable"},"yoast_head":"<!-- This site is optimized with the Yoast SEO Premium plugin v23.4 (Yoast SEO v26.8) - https:\/\/yoast.com\/product\/yoast-seo-premium-wordpress\/ -->\n<title>Masa\u017einis gintaro \u017eiedas baroko formos \u0161viesi spalva<\/title>\n<meta name=\"description\" content=\"Massage amber ring baroque shape light-colored, Nat\u016bralus Baltijos gintarasBaroko formos gintaro rutuliukaiGintaro rutuliuk\u0173 dydis: ~ 2 mm- 4 mmSunerta\" \/>\n<meta name=\"robots\" content=\"index, follow, max-snippet:-1, max-image-preview:large, max-video-preview:-1\" \/>\n<link rel=\"canonical\" href=\"https:\/\/amberwithsilver.com\/en\/product\/masazinis-gintaro-ziedas-baroko-formos-sviesi-spalva\/\" \/>\n<meta property=\"og:locale\" content=\"en_US\" \/>\n<meta property=\"og:type\" content=\"article\" \/>\n<meta property=\"og:title\" content=\"Masa\u017einis gintaro \u017eiedas baroko formos \u0161viesi spalva\" \/>\n<meta property=\"og:description\" content=\"Massage amber ring baroque shape light-colored, Nat\u016bralus Baltijos gintarasBaroko formos gintaro rutuliukaiGintaro rutuliuk\u0173 dydis: ~ 2 mm- 4 mmSunerta\" \/>\n<meta property=\"og:url\" content=\"https:\/\/amberwithsilver.com\/en\/product\/masazinis-gintaro-ziedas-baroko-formos-sviesi-spalva\/\" \/>\n<meta property=\"og:site_name\" content=\"AmberWithSilver\" \/>\n<meta property=\"article:modified_time\" content=\"2026-01-20T07:56:52+00:00\" \/>\n<meta property=\"og:image\" content=\"https:\/\/amberwithsilver.com\/wp-content\/uploads\/2025\/11\/unnamed-1.webp\" \/>\n\t<meta property=\"og:image:width\" content=\"1000\" \/>\n\t<meta property=\"og:image:height\" content=\"959\" \/>\n\t<meta property=\"og:image:type\" content=\"image\/webp\" \/>\n<meta name=\"twitter:card\" content=\"summary_large_image\" \/>\n<meta name=\"twitter:label1\" content=\"Est. reading time\" \/>\n\t<meta name=\"twitter:data1\" content=\"1 minute\" \/>\n<script type=\"application\/ld+json\" class=\"yoast-schema-graph\">{\"@context\":\"https:\/\/schema.org\",\"@graph\":[{\"@type\":\"WebPage\",\"@id\":\"https:\/\/amberwithsilver.com\/product\/masazinis-gintaro-ziedas-baroko-formos-sviesi-spalva\/\",\"url\":\"https:\/\/amberwithsilver.com\/product\/masazinis-gintaro-ziedas-baroko-formos-sviesi-spalva\/\",\"name\":\"Masa\u017einis gintaro \u017eiedas baroko formos \u0161viesi spalva\",\"isPartOf\":{\"@id\":\"https:\/\/amberwithsilver.com\/en\/#website\"},\"primaryImageOfPage\":{\"@id\":\"https:\/\/amberwithsilver.com\/product\/masazinis-gintaro-ziedas-baroko-formos-sviesi-spalva\/#primaryimage\"},\"image\":{\"@id\":\"https:\/\/amberwithsilver.com\/product\/masazinis-gintaro-ziedas-baroko-formos-sviesi-spalva\/#primaryimage\"},\"thumbnailUrl\":\"https:\/\/amberwithsilver.com\/wp-content\/uploads\/2025\/11\/unnamed-1.webp\",\"datePublished\":\"2025-11-20T17:42:19+00:00\",\"dateModified\":\"2026-01-20T07:56:52+00:00\",\"description\":\"Massage amber ring baroque shape light-colored, Nat\u016bralus Baltijos gintarasBaroko formos gintaro rutuliukaiGintaro rutuliuk\u0173 dydis: ~ 2 mm- 4 mmSunerta\",\"breadcrumb\":{\"@id\":\"https:\/\/amberwithsilver.com\/product\/masazinis-gintaro-ziedas-baroko-formos-sviesi-spalva\/#breadcrumb\"},\"inLanguage\":\"en-US\",\"potentialAction\":[{\"@type\":\"ReadAction\",\"target\":[\"https:\/\/amberwithsilver.com\/product\/masazinis-gintaro-ziedas-baroko-formos-sviesi-spalva\/\"]}]},{\"@type\":\"ImageObject\",\"inLanguage\":\"en-US\",\"@id\":\"https:\/\/amberwithsilver.com\/product\/masazinis-gintaro-ziedas-baroko-formos-sviesi-spalva\/#primaryimage\",\"url\":\"https:\/\/amberwithsilver.com\/wp-content\/uploads\/2025\/11\/unnamed-1.webp\",\"contentUrl\":\"https:\/\/amberwithsilver.com\/wp-content\/uploads\/2025\/11\/unnamed-1.webp\",\"width\":1000,\"height\":959,\"caption\":\"Masa\u017einis gintaro \u017eiedas baroko formos \u0161viesi spalva, Massage amber ring baroque shape light-colored\"},{\"@type\":\"BreadcrumbList\",\"@id\":\"https:\/\/amberwithsilver.com\/product\/masazinis-gintaro-ziedas-baroko-formos-sviesi-spalva\/#breadcrumb\",\"itemListElement\":[{\"@type\":\"ListItem\",\"position\":1,\"name\":\"Home\",\"item\":\"https:\/\/amberwithsilver.com\/\"},{\"@type\":\"ListItem\",\"position\":2,\"name\":\"Parduotuv\u0117\",\"item\":\"https:\/\/amberwithsilver.com\/en\/parduotuve\/\"},{\"@type\":\"ListItem\",\"position\":3,\"name\":\"Masa\u017einis gintaro \u017eiedas baroko formos \u0161viesi spalva\"}]},{\"@type\":\"WebSite\",\"@id\":\"https:\/\/amberwithsilver.com\/en\/#website\",\"url\":\"https:\/\/amberwithsilver.com\/en\/\",\"name\":\"AmberWithSilver\",\"description\":\"Amber-Silver\",\"publisher\":{\"@id\":\"https:\/\/amberwithsilver.com\/en\/#organization\"},\"potentialAction\":[{\"@type\":\"SearchAction\",\"target\":{\"@type\":\"EntryPoint\",\"urlTemplate\":\"https:\/\/amberwithsilver.com\/en\/?s={search_term_string}\"},\"query-input\":{\"@type\":\"PropertyValueSpecification\",\"valueRequired\":true,\"valueName\":\"search_term_string\"}}],\"inLanguage\":\"en-US\"},{\"@type\":\"Organization\",\"@id\":\"https:\/\/amberwithsilver.com\/en\/#organization\",\"name\":\"amberwithsilver\",\"url\":\"https:\/\/amberwithsilver.com\/en\/\",\"logo\":{\"@type\":\"ImageObject\",\"inLanguage\":\"en-US\",\"@id\":\"https:\/\/amberwithsilver.com\/en\/#\/schema\/logo\/image\/\",\"url\":\"https:\/\/i0.wp.com\/amberwithsilver.com\/wp-content\/uploads\/2020\/12\/logo.jpg?fit=232%2C116&ssl=1\",\"contentUrl\":\"https:\/\/i0.wp.com\/amberwithsilver.com\/wp-content\/uploads\/2020\/12\/logo.jpg?fit=232%2C116&ssl=1\",\"width\":232,\"height\":116,\"caption\":\"amberwithsilver\"},\"image\":{\"@id\":\"https:\/\/amberwithsilver.com\/en\/#\/schema\/logo\/image\/\"}}]}<\/script>\n<!-- \/ Yoast SEO Premium plugin. -->","yoast_head_json":{"title":"Massage amber ring in baroque shape, light color","description":"Massage amber ring baroque shape light-colored, Nat\u016bralus Baltijos gintarasBaroko formos gintaro rutuliukaiGintaro rutuliuk\u0173 dydis: ~ 2 mm- 4 mmSunerta","robots":{"index":"index","follow":"follow","max-snippet":"max-snippet:-1","max-image-preview":"max-image-preview:large","max-video-preview":"max-video-preview:-1"},"canonical":"https:\/\/amberwithsilver.com\/en\/product\/masazinis-gintaro-ziedas-baroko-formos-sviesi-spalva\/","og_locale":"en_US","og_type":"article","og_title":"Masa\u017einis gintaro \u017eiedas baroko formos \u0161viesi spalva","og_description":"Massage amber ring baroque shape light-colored, Nat\u016bralus Baltijos gintarasBaroko formos gintaro rutuliukaiGintaro rutuliuk\u0173 dydis: ~ 2 mm- 4 mmSunerta","og_url":"https:\/\/amberwithsilver.com\/en\/product\/masazinis-gintaro-ziedas-baroko-formos-sviesi-spalva\/","og_site_name":"AmberWithSilver","article_modified_time":"2026-01-20T07:56:52+00:00","og_image":[{"width":1000,"height":959,"url":"https:\/\/amberwithsilver.com\/wp-content\/uploads\/2025\/11\/unnamed-1.webp","type":"image\/webp"}],"twitter_card":"summary_large_image","twitter_misc":{"Est. reading time":"1 minute"},"schema":{"@context":"https:\/\/schema.org","@graph":[{"@type":"WebPage","@id":"https:\/\/amberwithsilver.com\/product\/masazinis-gintaro-ziedas-baroko-formos-sviesi-spalva\/","url":"https:\/\/amberwithsilver.com\/product\/masazinis-gintaro-ziedas-baroko-formos-sviesi-spalva\/","name":"Massage amber ring in baroque shape, light color","isPartOf":{"@id":"https:\/\/amberwithsilver.com\/en\/#website"},"primaryImageOfPage":{"@id":"https:\/\/amberwithsilver.com\/product\/masazinis-gintaro-ziedas-baroko-formos-sviesi-spalva\/#primaryimage"},"image":{"@id":"https:\/\/amberwithsilver.com\/product\/masazinis-gintaro-ziedas-baroko-formos-sviesi-spalva\/#primaryimage"},"thumbnailUrl":"https:\/\/amberwithsilver.com\/wp-content\/uploads\/2025\/11\/unnamed-1.webp","datePublished":"2025-11-20T17:42:19+00:00","dateModified":"2026-01-20T07:56:52+00:00","description":"Massage amber ring baroque shape light-colored, Nat\u016bralus Baltijos gintarasBaroko formos gintaro rutuliukaiGintaro rutuliuk\u0173 dydis: ~ 2 mm- 4 mmSunerta","breadcrumb":{"@id":"https:\/\/amberwithsilver.com\/product\/masazinis-gintaro-ziedas-baroko-formos-sviesi-spalva\/#breadcrumb"},"inLanguage":"en-US","potentialAction":[{"@type":"ReadAction","target":["https:\/\/amberwithsilver.com\/product\/masazinis-gintaro-ziedas-baroko-formos-sviesi-spalva\/"]}]},{"@type":"ImageObject","inLanguage":"en-US","@id":"https:\/\/amberwithsilver.com\/product\/masazinis-gintaro-ziedas-baroko-formos-sviesi-spalva\/#primaryimage","url":"https:\/\/amberwithsilver.com\/wp-content\/uploads\/2025\/11\/unnamed-1.webp","contentUrl":"https:\/\/amberwithsilver.com\/wp-content\/uploads\/2025\/11\/unnamed-1.webp","width":1000,"height":959,"caption":"Masa\u017einis gintaro \u017eiedas baroko formos \u0161viesi spalva, Massage amber ring baroque shape light-colored"},{"@type":"BreadcrumbList","@id":"https:\/\/amberwithsilver.com\/product\/masazinis-gintaro-ziedas-baroko-formos-sviesi-spalva\/#breadcrumb","itemListElement":[{"@type":"ListItem","position":1,"name":"Home","item":"https:\/\/amberwithsilver.com\/"},{"@type":"ListItem","position":2,"name":"Parduotuv\u0117","item":"https:\/\/amberwithsilver.com\/en\/parduotuve\/"},{"@type":"ListItem","position":3,"name":"Masa\u017einis gintaro \u017eiedas baroko formos \u0161viesi spalva"}]},{"@type":"WebSite","@id":"https:\/\/amberwithsilver.com\/en\/#website","url":"https:\/\/amberwithsilver.com\/en\/","name":"AmberWithSilver","description":"Amber-Silver","publisher":{"@id":"https:\/\/amberwithsilver.com\/en\/#organization"},"potentialAction":[{"@type":"SearchAction","target":{"@type":"EntryPoint","urlTemplate":"https:\/\/amberwithsilver.com\/en\/?s={search_term_string}"},"query-input":{"@type":"PropertyValueSpecification","valueRequired":true,"valueName":"search_term_string"}}],"inLanguage":"en-US"},{"@type":"Organization","@id":"https:\/\/amberwithsilver.com\/en\/#organization","name":"amberwithsilver","url":"https:\/\/amberwithsilver.com\/en\/","logo":{"@type":"ImageObject","inLanguage":"en-US","@id":"https:\/\/amberwithsilver.com\/en\/#\/schema\/logo\/image\/","url":"https:\/\/i0.wp.com\/amberwithsilver.com\/wp-content\/uploads\/2020\/12\/logo.jpg?fit=232%2C116&ssl=1","contentUrl":"https:\/\/i0.wp.com\/amberwithsilver.com\/wp-content\/uploads\/2020\/12\/logo.jpg?fit=232%2C116&ssl=1","width":232,"height":116,"caption":"amberwithsilver"},"image":{"@id":"https:\/\/amberwithsilver.com\/en\/#\/schema\/logo\/image\/"}}]}},"jetpack_sharing_enabled":true,"_links":{"self":[{"href":"https:\/\/amberwithsilver.com\/en\/wp-json\/wp\/v2\/product\/3844","targetHints":{"allow":["GET"]}}],"collection":[{"href":"https:\/\/amberwithsilver.com\/en\/wp-json\/wp\/v2\/product"}],"about":[{"href":"https:\/\/amberwithsilver.com\/en\/wp-json\/wp\/v2\/types\/product"}],"replies":[{"embeddable":true,"href":"https:\/\/amberwithsilver.com\/en\/wp-json\/wp\/v2\/comments?post=3844"}],"version-history":[{"count":4,"href":"https:\/\/amberwithsilver.com\/en\/wp-json\/wp\/v2\/product\/3844\/revisions"}],"predecessor-version":[{"id":3853,"href":"https:\/\/amberwithsilver.com\/en\/wp-json\/wp\/v2\/product\/3844\/revisions\/3853"}],"wp:featuredmedia":[{"embeddable":true,"href":"https:\/\/amberwithsilver.com\/en\/wp-json\/wp\/v2\/media\/3893"}],"wp:attachment":[{"href":"https:\/\/amberwithsilver.com\/en\/wp-json\/wp\/v2\/media?parent=3844"}],"wp:term":[{"taxonomy":"product_brand","embeddable":true,"href":"https:\/\/amberwithsilver.com\/en\/wp-json\/wp\/v2\/product_brand?post=3844"},{"taxonomy":"product_cat","embeddable":true,"href":"https:\/\/amberwithsilver.com\/en\/wp-json\/wp\/v2\/product_cat?post=3844"},{"taxonomy":"product_tag","embeddable":true,"href":"https:\/\/amberwithsilver.com\/en\/wp-json\/wp\/v2\/product_tag?post=3844"}],"curies":[{"name":"wp","href":"https:\/\/api.w.org\/{rel}","templated":true}]}}