{"id":3854,"date":"2025-11-20T20:11:50","date_gmt":"2025-11-20T18:11:50","guid":{"rendered":"https:\/\/amberwithsilver.com\/?post_type=product&#038;p=3854"},"modified":"2025-11-21T17:10:27","modified_gmt":"2025-11-21T15:10:27","slug":"naturali-baltijos-gintaro-apyranke","status":"publish","type":"product","link":"https:\/\/amberwithsilver.com\/en\/product\/naturali-baltijos-gintaro-apyranke\/","title":{"rendered":"Natural Baltic amber bracelet"},"content":{"rendered":"<p>Natural Baltic amber bracelet.<\/p>\n<ul>\n<li><em>Natural Baltic amber<\/em><\/li>\n<li><em>Handmade tablet shape beads<\/em><\/li>\n<li><em>Amber beads size: ~ 47 \u2013 20 mm<\/em><\/li>\n<li><em>Rubber band<\/em><\/li>\n<li><em>Color: dark<\/em><\/li>\n<li><em>Size: suitable for wrists of ~19-20 cm<\/em><\/li>\n<li><em>Weight: ~ 65 gr.<\/em><\/li>\n<\/ul>\n<p>&nbsp;<\/p>\n<p>*Please note that the color of the product may vary slightly from that shown in the photo, depending on the monitor used by the Buyer and the lighting settings in the photos.<\/p>","protected":false},"excerpt":{"rendered":"<p>Natural Baltic amber bracelet.<\/p>\n<ul>\n<li><em>Natural Baltic amber<\/em><\/li>\n<li><em>Handmade tablet shape beads<\/em><\/li>\n<li><em>Amber beads size: ~ 47 \u2013 20 mm<\/em><\/li>\n<li><em>Rubber band<\/em><\/li>\n<li><em>Color: dark<\/em><\/li>\n<li><em>Size: suitable for wrists of ~19-20 cm<\/em><\/li>\n<li><em>Weight: ~ 65 gr.<\/em><\/li>\n<\/ul>\n<p>&nbsp;<\/p>\n<p>*Please note that the color of the product may vary slightly from that shown in the photo, depending on the monitor used by the Buyer and the lighting settings in the photos.<\/p>","protected":false},"featured_media":3855,"comment_status":"open","ping_status":"closed","template":"","meta":[],"product_brand":[],"product_cat":[18],"product_tag":[1395,64,1412,75,331,332,508,747,1013,1106,1107,1313,1387,1391,1392,1393,1394],"class_list":{"0":"post-3854","1":"product","2":"type-product","3":"status-publish","4":"has-post-thumbnail","6":"product_cat-gintaro-apyrankes","7":"product_tag-gift-for-her","8":"product_tag-gintaras","9":"product_tag-bracelet","10":"product_tag-apyranke","11":"product_tag-natural-baltic-amber-bracelet","12":"product_tag-naturali-baltijos-gintaro-apyranke","13":"product_tag-baltic-amber","14":"product_tag-amber","15":"product_tag-gintaro-dirbiniai","16":"product_tag-gintaro-papuosalai","17":"product_tag-amber-jewelry","18":"product_tag-gintaro-dirbiniai-kaunas","19":"product_tag-dovana-moterims","20":"product_tag-amber-workship-in-kaunas","21":"product_tag-gintaro-kurybines-dirbtuves-kaune","22":"product_tag-baltijos-gintaro-dirbiniai","23":"product_tag-baltic-amber-products","25":"first","26":"instock","27":"taxable","28":"shipping-taxable","29":"purchasable","30":"product-type-simple"},"yoast_head":"<!-- This site is optimized with the Yoast SEO Premium plugin v23.4 (Yoast SEO v26.8) - https:\/\/yoast.com\/product\/yoast-seo-premium-wordpress\/ -->\n<title>Nat\u016brali Baltijos gintaro apyrank\u0117<\/title>\n<meta name=\"description\" content=\"Natural Baltic amber bracelet, Nat\u016bralus Baltijos gintarasGintaro detal\u0117sGintaro detali\u0173 i\u0161matavimai ~ 47 - 20\u00a0 mmSunerta ant gumyt\u0117sSpalva: tamsi\" \/>\n<meta name=\"robots\" content=\"index, follow, max-snippet:-1, max-image-preview:large, max-video-preview:-1\" \/>\n<link rel=\"canonical\" href=\"https:\/\/amberwithsilver.com\/en\/product\/naturali-baltijos-gintaro-apyranke\/\" \/>\n<meta property=\"og:locale\" content=\"en_US\" \/>\n<meta property=\"og:type\" content=\"article\" \/>\n<meta property=\"og:title\" content=\"Nat\u016brali Baltijos gintaro apyrank\u0117\" \/>\n<meta property=\"og:description\" content=\"Natural Baltic amber bracelet, Nat\u016bralus Baltijos gintarasGintaro detal\u0117sGintaro detali\u0173 i\u0161matavimai ~ 47 - 20\u00a0 mmSunerta ant gumyt\u0117sSpalva: tamsi\" \/>\n<meta property=\"og:url\" content=\"https:\/\/amberwithsilver.com\/en\/product\/naturali-baltijos-gintaro-apyranke\/\" \/>\n<meta property=\"og:site_name\" content=\"AmberWithSilver\" \/>\n<meta property=\"article:modified_time\" content=\"2025-11-21T15:10:27+00:00\" \/>\n<meta property=\"og:image\" content=\"https:\/\/amberwithsilver.com\/wp-content\/uploads\/2025\/11\/apyranke-580pagr.webp\" \/>\n\t<meta property=\"og:image:width\" content=\"800\" \/>\n\t<meta property=\"og:image:height\" content=\"800\" \/>\n\t<meta property=\"og:image:type\" content=\"image\/webp\" \/>\n<meta name=\"twitter:card\" content=\"summary_large_image\" \/>\n<meta name=\"twitter:label1\" content=\"Est. reading time\" \/>\n\t<meta name=\"twitter:data1\" content=\"1 minute\" \/>\n<script type=\"application\/ld+json\" class=\"yoast-schema-graph\">{\"@context\":\"https:\/\/schema.org\",\"@graph\":[{\"@type\":\"WebPage\",\"@id\":\"https:\/\/amberwithsilver.com\/product\/naturali-baltijos-gintaro-apyranke\/\",\"url\":\"https:\/\/amberwithsilver.com\/product\/naturali-baltijos-gintaro-apyranke\/\",\"name\":\"Nat\u016brali Baltijos gintaro apyrank\u0117\",\"isPartOf\":{\"@id\":\"https:\/\/amberwithsilver.com\/en\/#website\"},\"primaryImageOfPage\":{\"@id\":\"https:\/\/amberwithsilver.com\/product\/naturali-baltijos-gintaro-apyranke\/#primaryimage\"},\"image\":{\"@id\":\"https:\/\/amberwithsilver.com\/product\/naturali-baltijos-gintaro-apyranke\/#primaryimage\"},\"thumbnailUrl\":\"https:\/\/amberwithsilver.com\/wp-content\/uploads\/2025\/11\/apyranke-580pagr.webp\",\"datePublished\":\"2025-11-20T18:11:50+00:00\",\"dateModified\":\"2025-11-21T15:10:27+00:00\",\"description\":\"Natural Baltic amber bracelet, Nat\u016bralus Baltijos gintarasGintaro detal\u0117sGintaro detali\u0173 i\u0161matavimai ~ 47 - 20\u00a0 mmSunerta ant gumyt\u0117sSpalva: tamsi\",\"breadcrumb\":{\"@id\":\"https:\/\/amberwithsilver.com\/product\/naturali-baltijos-gintaro-apyranke\/#breadcrumb\"},\"inLanguage\":\"en-US\",\"potentialAction\":[{\"@type\":\"ReadAction\",\"target\":[\"https:\/\/amberwithsilver.com\/product\/naturali-baltijos-gintaro-apyranke\/\"]}]},{\"@type\":\"ImageObject\",\"inLanguage\":\"en-US\",\"@id\":\"https:\/\/amberwithsilver.com\/product\/naturali-baltijos-gintaro-apyranke\/#primaryimage\",\"url\":\"https:\/\/amberwithsilver.com\/wp-content\/uploads\/2025\/11\/apyranke-580pagr.webp\",\"contentUrl\":\"https:\/\/amberwithsilver.com\/wp-content\/uploads\/2025\/11\/apyranke-580pagr.webp\",\"width\":800,\"height\":800,\"caption\":\"Nat\u016brali Baltijos gintaro apyrank\u0117, Natural Baltic amber bracelet\"},{\"@type\":\"BreadcrumbList\",\"@id\":\"https:\/\/amberwithsilver.com\/product\/naturali-baltijos-gintaro-apyranke\/#breadcrumb\",\"itemListElement\":[{\"@type\":\"ListItem\",\"position\":1,\"name\":\"Home\",\"item\":\"https:\/\/amberwithsilver.com\/\"},{\"@type\":\"ListItem\",\"position\":2,\"name\":\"Parduotuv\u0117\",\"item\":\"https:\/\/amberwithsilver.com\/en\/parduotuve\/\"},{\"@type\":\"ListItem\",\"position\":3,\"name\":\"Nat\u016brali Baltijos gintaro apyrank\u0117\"}]},{\"@type\":\"WebSite\",\"@id\":\"https:\/\/amberwithsilver.com\/en\/#website\",\"url\":\"https:\/\/amberwithsilver.com\/en\/\",\"name\":\"AmberWithSilver\",\"description\":\"Amber-Silver\",\"publisher\":{\"@id\":\"https:\/\/amberwithsilver.com\/en\/#organization\"},\"potentialAction\":[{\"@type\":\"SearchAction\",\"target\":{\"@type\":\"EntryPoint\",\"urlTemplate\":\"https:\/\/amberwithsilver.com\/en\/?s={search_term_string}\"},\"query-input\":{\"@type\":\"PropertyValueSpecification\",\"valueRequired\":true,\"valueName\":\"search_term_string\"}}],\"inLanguage\":\"en-US\"},{\"@type\":\"Organization\",\"@id\":\"https:\/\/amberwithsilver.com\/en\/#organization\",\"name\":\"amberwithsilver\",\"url\":\"https:\/\/amberwithsilver.com\/en\/\",\"logo\":{\"@type\":\"ImageObject\",\"inLanguage\":\"en-US\",\"@id\":\"https:\/\/amberwithsilver.com\/en\/#\/schema\/logo\/image\/\",\"url\":\"https:\/\/i0.wp.com\/amberwithsilver.com\/wp-content\/uploads\/2020\/12\/logo.jpg?fit=232%2C116&ssl=1\",\"contentUrl\":\"https:\/\/i0.wp.com\/amberwithsilver.com\/wp-content\/uploads\/2020\/12\/logo.jpg?fit=232%2C116&ssl=1\",\"width\":232,\"height\":116,\"caption\":\"amberwithsilver\"},\"image\":{\"@id\":\"https:\/\/amberwithsilver.com\/en\/#\/schema\/logo\/image\/\"}}]}<\/script>\n<!-- \/ Yoast SEO Premium plugin. -->","yoast_head_json":{"title":"Natural Baltic amber bracelet","description":"Natural Baltic amber bracelet, Nat\u016bralus Baltijos gintarasGintaro detal\u0117sGintaro detali\u0173 i\u0161matavimai ~ 47 - 20\u00a0 mmSunerta ant gumyt\u0117sSpalva: tamsi","robots":{"index":"index","follow":"follow","max-snippet":"max-snippet:-1","max-image-preview":"max-image-preview:large","max-video-preview":"max-video-preview:-1"},"canonical":"https:\/\/amberwithsilver.com\/en\/product\/naturali-baltijos-gintaro-apyranke\/","og_locale":"en_US","og_type":"article","og_title":"Nat\u016brali Baltijos gintaro apyrank\u0117","og_description":"Natural Baltic amber bracelet, Nat\u016bralus Baltijos gintarasGintaro detal\u0117sGintaro detali\u0173 i\u0161matavimai ~ 47 - 20\u00a0 mmSunerta ant gumyt\u0117sSpalva: tamsi","og_url":"https:\/\/amberwithsilver.com\/en\/product\/naturali-baltijos-gintaro-apyranke\/","og_site_name":"AmberWithSilver","article_modified_time":"2025-11-21T15:10:27+00:00","og_image":[{"width":800,"height":800,"url":"https:\/\/amberwithsilver.com\/wp-content\/uploads\/2025\/11\/apyranke-580pagr.webp","type":"image\/webp"}],"twitter_card":"summary_large_image","twitter_misc":{"Est. reading time":"1 minute"},"schema":{"@context":"https:\/\/schema.org","@graph":[{"@type":"WebPage","@id":"https:\/\/amberwithsilver.com\/product\/naturali-baltijos-gintaro-apyranke\/","url":"https:\/\/amberwithsilver.com\/product\/naturali-baltijos-gintaro-apyranke\/","name":"Natural Baltic amber bracelet","isPartOf":{"@id":"https:\/\/amberwithsilver.com\/en\/#website"},"primaryImageOfPage":{"@id":"https:\/\/amberwithsilver.com\/product\/naturali-baltijos-gintaro-apyranke\/#primaryimage"},"image":{"@id":"https:\/\/amberwithsilver.com\/product\/naturali-baltijos-gintaro-apyranke\/#primaryimage"},"thumbnailUrl":"https:\/\/amberwithsilver.com\/wp-content\/uploads\/2025\/11\/apyranke-580pagr.webp","datePublished":"2025-11-20T18:11:50+00:00","dateModified":"2025-11-21T15:10:27+00:00","description":"Natural Baltic amber bracelet, Nat\u016bralus Baltijos gintarasGintaro detal\u0117sGintaro detali\u0173 i\u0161matavimai ~ 47 - 20\u00a0 mmSunerta ant gumyt\u0117sSpalva: tamsi","breadcrumb":{"@id":"https:\/\/amberwithsilver.com\/product\/naturali-baltijos-gintaro-apyranke\/#breadcrumb"},"inLanguage":"en-US","potentialAction":[{"@type":"ReadAction","target":["https:\/\/amberwithsilver.com\/product\/naturali-baltijos-gintaro-apyranke\/"]}]},{"@type":"ImageObject","inLanguage":"en-US","@id":"https:\/\/amberwithsilver.com\/product\/naturali-baltijos-gintaro-apyranke\/#primaryimage","url":"https:\/\/amberwithsilver.com\/wp-content\/uploads\/2025\/11\/apyranke-580pagr.webp","contentUrl":"https:\/\/amberwithsilver.com\/wp-content\/uploads\/2025\/11\/apyranke-580pagr.webp","width":800,"height":800,"caption":"Nat\u016brali Baltijos gintaro apyrank\u0117, Natural Baltic amber bracelet"},{"@type":"BreadcrumbList","@id":"https:\/\/amberwithsilver.com\/product\/naturali-baltijos-gintaro-apyranke\/#breadcrumb","itemListElement":[{"@type":"ListItem","position":1,"name":"Home","item":"https:\/\/amberwithsilver.com\/"},{"@type":"ListItem","position":2,"name":"Parduotuv\u0117","item":"https:\/\/amberwithsilver.com\/en\/parduotuve\/"},{"@type":"ListItem","position":3,"name":"Nat\u016brali Baltijos gintaro apyrank\u0117"}]},{"@type":"WebSite","@id":"https:\/\/amberwithsilver.com\/en\/#website","url":"https:\/\/amberwithsilver.com\/en\/","name":"AmberWithSilver","description":"Amber-Silver","publisher":{"@id":"https:\/\/amberwithsilver.com\/en\/#organization"},"potentialAction":[{"@type":"SearchAction","target":{"@type":"EntryPoint","urlTemplate":"https:\/\/amberwithsilver.com\/en\/?s={search_term_string}"},"query-input":{"@type":"PropertyValueSpecification","valueRequired":true,"valueName":"search_term_string"}}],"inLanguage":"en-US"},{"@type":"Organization","@id":"https:\/\/amberwithsilver.com\/en\/#organization","name":"amberwithsilver","url":"https:\/\/amberwithsilver.com\/en\/","logo":{"@type":"ImageObject","inLanguage":"en-US","@id":"https:\/\/amberwithsilver.com\/en\/#\/schema\/logo\/image\/","url":"https:\/\/i0.wp.com\/amberwithsilver.com\/wp-content\/uploads\/2020\/12\/logo.jpg?fit=232%2C116&ssl=1","contentUrl":"https:\/\/i0.wp.com\/amberwithsilver.com\/wp-content\/uploads\/2020\/12\/logo.jpg?fit=232%2C116&ssl=1","width":232,"height":116,"caption":"amberwithsilver"},"image":{"@id":"https:\/\/amberwithsilver.com\/en\/#\/schema\/logo\/image\/"}}]}},"jetpack_sharing_enabled":true,"_links":{"self":[{"href":"https:\/\/amberwithsilver.com\/en\/wp-json\/wp\/v2\/product\/3854","targetHints":{"allow":["GET"]}}],"collection":[{"href":"https:\/\/amberwithsilver.com\/en\/wp-json\/wp\/v2\/product"}],"about":[{"href":"https:\/\/amberwithsilver.com\/en\/wp-json\/wp\/v2\/types\/product"}],"replies":[{"embeddable":true,"href":"https:\/\/amberwithsilver.com\/en\/wp-json\/wp\/v2\/comments?post=3854"}],"version-history":[{"count":3,"href":"https:\/\/amberwithsilver.com\/en\/wp-json\/wp\/v2\/product\/3854\/revisions"}],"predecessor-version":[{"id":3870,"href":"https:\/\/amberwithsilver.com\/en\/wp-json\/wp\/v2\/product\/3854\/revisions\/3870"}],"wp:featuredmedia":[{"embeddable":true,"href":"https:\/\/amberwithsilver.com\/en\/wp-json\/wp\/v2\/media\/3855"}],"wp:attachment":[{"href":"https:\/\/amberwithsilver.com\/en\/wp-json\/wp\/v2\/media?parent=3854"}],"wp:term":[{"taxonomy":"product_brand","embeddable":true,"href":"https:\/\/amberwithsilver.com\/en\/wp-json\/wp\/v2\/product_brand?post=3854"},{"taxonomy":"product_cat","embeddable":true,"href":"https:\/\/amberwithsilver.com\/en\/wp-json\/wp\/v2\/product_cat?post=3854"},{"taxonomy":"product_tag","embeddable":true,"href":"https:\/\/amberwithsilver.com\/en\/wp-json\/wp\/v2\/product_tag?post=3854"}],"curies":[{"name":"wp","href":"https:\/\/api.w.org\/{rel}","templated":true}]}}