{"id":3860,"date":"2025-11-20T20:27:25","date_gmt":"2025-11-20T18:27:25","guid":{"rendered":"https:\/\/amberwithsilver.com\/?post_type=product&#038;p=3860"},"modified":"2025-11-20T20:27:26","modified_gmt":"2025-11-20T18:27:26","slug":"gydomoji-naturalaus-gintaro-apyranke","status":"publish","type":"product","link":"https:\/\/amberwithsilver.com\/en\/product\/gydomoji-naturalaus-gintaro-apyranke\/","title":{"rendered":"Healing natural amber bracelet"},"content":{"rendered":"<p>Healing natural amber bracelet.<\/p>\n<ul>\n<li><em>Natural Baltic amber<\/em><\/li>\n<li><em>Handmade unpolished amber pieces<\/em><\/li>\n<li><em>Amber beads size: ~ 10 mm<\/em><\/li>\n<li><em>Put on elastic silicone<\/em><\/li>\n<li><em>Colors: multicolor<\/em><\/li>\n<li><em>Size: suitable for ~ 16-17 cm wrist<\/em><\/li>\n<li><em>Weight: ~ 6.70 \u2013 9.80 gr.<\/em><\/li>\n<\/ul>\n<p>&nbsp;<\/p>\n<p>*Please note that the color of the product may vary slightly from that shown in the photo, depending on the monitor used by the Buyer and the lighting settings in the photos.<\/p>","protected":false},"excerpt":{"rendered":"<p>Healing natural amber bracelet.<\/p>\n<ul>\n<li><em>Natural Baltic amber<\/em><\/li>\n<li><em>Handmade unpolished amber pieces<\/em><\/li>\n<li><em>Amber beads size: ~ 10 mm<\/em><\/li>\n<li><em>Put on elastic silicone<\/em><\/li>\n<li><em>Colors: multicolor<\/em><\/li>\n<li><em>Size: suitable for ~ 16-17 cm wrist<\/em><\/li>\n<li><em>Weight: ~ 6.70 \u2013 9.80 gr.<\/em><\/li>\n<\/ul>\n<p>&nbsp;<\/p>\n<p>*Please note that the color of the product may vary slightly from that shown in the photo, depending on the monitor used by the Buyer and the lighting settings in the photos.<\/p>","protected":false},"featured_media":3861,"comment_status":"open","ping_status":"closed","template":"","meta":[],"product_brand":[],"product_cat":[18],"product_tag":[1415,64,1416,747,1013,1106,1107,1313,1387,1391,1392,1393,1394,1395,1412,1413,1414],"class_list":{"0":"post-3860","1":"product","2":"type-product","3":"status-publish","4":"has-post-thumbnail","6":"product_cat-gintaro-apyrankes","7":"product_tag-healing-natural-amber","8":"product_tag-gintaras","9":"product_tag-gydomoji-naturalaus-gintaro","10":"product_tag-amber","11":"product_tag-gintaro-dirbiniai","12":"product_tag-gintaro-papuosalai","13":"product_tag-amber-jewelry","14":"product_tag-gintaro-dirbiniai-kaunas","15":"product_tag-dovana-moterims","16":"product_tag-amber-workship-in-kaunas","17":"product_tag-gintaro-kurybines-dirbtuves-kaune","18":"product_tag-baltijos-gintaro-dirbiniai","19":"product_tag-baltic-amber-products","20":"product_tag-gift-for-her","21":"product_tag-bracelet","22":"product_tag-healing-natural-amber-bracelet","23":"product_tag-gydomoji-naturalaus-gintaro-apyranke","25":"first","26":"instock","27":"taxable","28":"shipping-taxable","29":"purchasable","30":"product-type-simple"},"yoast_head":"<!-- This site is optimized with the Yoast SEO Premium plugin v23.4 (Yoast SEO v26.8) - https:\/\/yoast.com\/product\/yoast-seo-premium-wordpress\/ -->\n<title>Gydomoji nat\u016bralaus gintaro apyrank\u0117 - AmberWithSilver<\/title>\n<meta name=\"description\" content=\"Healing natural amber bracelet, Nat\u016bralus Baltijos gintarasRank\u0173 darbo nepoliruotos gintaro detal\u0117sGintaro detali\u0173 dydis: ~ 10 mmSunerta ant elastinio\" \/>\n<meta name=\"robots\" content=\"index, follow, max-snippet:-1, max-image-preview:large, max-video-preview:-1\" \/>\n<link rel=\"canonical\" href=\"https:\/\/amberwithsilver.com\/en\/product\/gydomoji-naturalaus-gintaro-apyranke\/\" \/>\n<meta property=\"og:locale\" content=\"en_US\" \/>\n<meta property=\"og:type\" content=\"article\" \/>\n<meta property=\"og:title\" content=\"Gydomoji nat\u016bralaus gintaro apyrank\u0117\" \/>\n<meta property=\"og:description\" content=\"Healing natural amber bracelet, Nat\u016bralus Baltijos gintarasRank\u0173 darbo nepoliruotos gintaro detal\u0117sGintaro detali\u0173 dydis: ~ 10 mmSunerta ant elastinio\" \/>\n<meta property=\"og:url\" content=\"https:\/\/amberwithsilver.com\/en\/product\/gydomoji-naturalaus-gintaro-apyranke\/\" \/>\n<meta property=\"og:site_name\" content=\"AmberWithSilver\" \/>\n<meta property=\"article:modified_time\" content=\"2025-11-20T18:27:26+00:00\" \/>\n<meta property=\"og:image\" content=\"https:\/\/amberwithsilver.com\/wp-content\/uploads\/2025\/11\/gydomoji-1.webp\" \/>\n\t<meta property=\"og:image:width\" content=\"800\" \/>\n\t<meta property=\"og:image:height\" content=\"800\" \/>\n\t<meta property=\"og:image:type\" content=\"image\/webp\" \/>\n<meta name=\"twitter:card\" content=\"summary_large_image\" \/>\n<meta name=\"twitter:label1\" content=\"Est. reading time\" \/>\n\t<meta name=\"twitter:data1\" content=\"1 minute\" \/>\n<script type=\"application\/ld+json\" class=\"yoast-schema-graph\">{\"@context\":\"https:\/\/schema.org\",\"@graph\":[{\"@type\":\"WebPage\",\"@id\":\"https:\/\/amberwithsilver.com\/product\/gydomoji-naturalaus-gintaro-apyranke\/\",\"url\":\"https:\/\/amberwithsilver.com\/product\/gydomoji-naturalaus-gintaro-apyranke\/\",\"name\":\"Gydomoji nat\u016bralaus gintaro apyrank\u0117 - AmberWithSilver\",\"isPartOf\":{\"@id\":\"https:\/\/amberwithsilver.com\/en\/#website\"},\"primaryImageOfPage\":{\"@id\":\"https:\/\/amberwithsilver.com\/product\/gydomoji-naturalaus-gintaro-apyranke\/#primaryimage\"},\"image\":{\"@id\":\"https:\/\/amberwithsilver.com\/product\/gydomoji-naturalaus-gintaro-apyranke\/#primaryimage\"},\"thumbnailUrl\":\"https:\/\/amberwithsilver.com\/wp-content\/uploads\/2025\/11\/gydomoji-1.webp\",\"datePublished\":\"2025-11-20T18:27:25+00:00\",\"dateModified\":\"2025-11-20T18:27:26+00:00\",\"description\":\"Healing natural amber bracelet, Nat\u016bralus Baltijos gintarasRank\u0173 darbo nepoliruotos gintaro detal\u0117sGintaro detali\u0173 dydis: ~ 10 mmSunerta ant elastinio\",\"breadcrumb\":{\"@id\":\"https:\/\/amberwithsilver.com\/product\/gydomoji-naturalaus-gintaro-apyranke\/#breadcrumb\"},\"inLanguage\":\"en-US\",\"potentialAction\":[{\"@type\":\"ReadAction\",\"target\":[\"https:\/\/amberwithsilver.com\/product\/gydomoji-naturalaus-gintaro-apyranke\/\"]}]},{\"@type\":\"ImageObject\",\"inLanguage\":\"en-US\",\"@id\":\"https:\/\/amberwithsilver.com\/product\/gydomoji-naturalaus-gintaro-apyranke\/#primaryimage\",\"url\":\"https:\/\/amberwithsilver.com\/wp-content\/uploads\/2025\/11\/gydomoji-1.webp\",\"contentUrl\":\"https:\/\/amberwithsilver.com\/wp-content\/uploads\/2025\/11\/gydomoji-1.webp\",\"width\":800,\"height\":800,\"caption\":\"Gydomoji nat\u016bralaus gintaro apyrank\u0117, Healing natural amber bracelet\"},{\"@type\":\"BreadcrumbList\",\"@id\":\"https:\/\/amberwithsilver.com\/product\/gydomoji-naturalaus-gintaro-apyranke\/#breadcrumb\",\"itemListElement\":[{\"@type\":\"ListItem\",\"position\":1,\"name\":\"Home\",\"item\":\"https:\/\/amberwithsilver.com\/\"},{\"@type\":\"ListItem\",\"position\":2,\"name\":\"Parduotuv\u0117\",\"item\":\"https:\/\/amberwithsilver.com\/en\/parduotuve\/\"},{\"@type\":\"ListItem\",\"position\":3,\"name\":\"Gydomoji nat\u016bralaus gintaro apyrank\u0117\"}]},{\"@type\":\"WebSite\",\"@id\":\"https:\/\/amberwithsilver.com\/en\/#website\",\"url\":\"https:\/\/amberwithsilver.com\/en\/\",\"name\":\"AmberWithSilver\",\"description\":\"Amber-Silver\",\"publisher\":{\"@id\":\"https:\/\/amberwithsilver.com\/en\/#organization\"},\"potentialAction\":[{\"@type\":\"SearchAction\",\"target\":{\"@type\":\"EntryPoint\",\"urlTemplate\":\"https:\/\/amberwithsilver.com\/en\/?s={search_term_string}\"},\"query-input\":{\"@type\":\"PropertyValueSpecification\",\"valueRequired\":true,\"valueName\":\"search_term_string\"}}],\"inLanguage\":\"en-US\"},{\"@type\":\"Organization\",\"@id\":\"https:\/\/amberwithsilver.com\/en\/#organization\",\"name\":\"amberwithsilver\",\"url\":\"https:\/\/amberwithsilver.com\/en\/\",\"logo\":{\"@type\":\"ImageObject\",\"inLanguage\":\"en-US\",\"@id\":\"https:\/\/amberwithsilver.com\/en\/#\/schema\/logo\/image\/\",\"url\":\"https:\/\/i0.wp.com\/amberwithsilver.com\/wp-content\/uploads\/2020\/12\/logo.jpg?fit=232%2C116&ssl=1\",\"contentUrl\":\"https:\/\/i0.wp.com\/amberwithsilver.com\/wp-content\/uploads\/2020\/12\/logo.jpg?fit=232%2C116&ssl=1\",\"width\":232,\"height\":116,\"caption\":\"amberwithsilver\"},\"image\":{\"@id\":\"https:\/\/amberwithsilver.com\/en\/#\/schema\/logo\/image\/\"}}]}<\/script>\n<!-- \/ Yoast SEO Premium plugin. -->","yoast_head_json":{"title":"Gydomoji nat\u016bralaus gintaro apyrank\u0117 - AmberWithSilver","description":"Healing natural amber bracelet, Nat\u016bralus Baltijos gintarasRank\u0173 darbo nepoliruotos gintaro detal\u0117sGintaro detali\u0173 dydis: ~ 10 mmSunerta ant elastinio","robots":{"index":"index","follow":"follow","max-snippet":"max-snippet:-1","max-image-preview":"max-image-preview:large","max-video-preview":"max-video-preview:-1"},"canonical":"https:\/\/amberwithsilver.com\/en\/product\/gydomoji-naturalaus-gintaro-apyranke\/","og_locale":"en_US","og_type":"article","og_title":"Gydomoji nat\u016bralaus gintaro apyrank\u0117","og_description":"Healing natural amber bracelet, Nat\u016bralus Baltijos gintarasRank\u0173 darbo nepoliruotos gintaro detal\u0117sGintaro detali\u0173 dydis: ~ 10 mmSunerta ant elastinio","og_url":"https:\/\/amberwithsilver.com\/en\/product\/gydomoji-naturalaus-gintaro-apyranke\/","og_site_name":"AmberWithSilver","article_modified_time":"2025-11-20T18:27:26+00:00","og_image":[{"width":800,"height":800,"url":"https:\/\/amberwithsilver.com\/wp-content\/uploads\/2025\/11\/gydomoji-1.webp","type":"image\/webp"}],"twitter_card":"summary_large_image","twitter_misc":{"Est. reading time":"1 minute"},"schema":{"@context":"https:\/\/schema.org","@graph":[{"@type":"WebPage","@id":"https:\/\/amberwithsilver.com\/product\/gydomoji-naturalaus-gintaro-apyranke\/","url":"https:\/\/amberwithsilver.com\/product\/gydomoji-naturalaus-gintaro-apyranke\/","name":"Gydomoji nat\u016bralaus gintaro apyrank\u0117 - AmberWithSilver","isPartOf":{"@id":"https:\/\/amberwithsilver.com\/en\/#website"},"primaryImageOfPage":{"@id":"https:\/\/amberwithsilver.com\/product\/gydomoji-naturalaus-gintaro-apyranke\/#primaryimage"},"image":{"@id":"https:\/\/amberwithsilver.com\/product\/gydomoji-naturalaus-gintaro-apyranke\/#primaryimage"},"thumbnailUrl":"https:\/\/amberwithsilver.com\/wp-content\/uploads\/2025\/11\/gydomoji-1.webp","datePublished":"2025-11-20T18:27:25+00:00","dateModified":"2025-11-20T18:27:26+00:00","description":"Healing natural amber bracelet, Nat\u016bralus Baltijos gintarasRank\u0173 darbo nepoliruotos gintaro detal\u0117sGintaro detali\u0173 dydis: ~ 10 mmSunerta ant elastinio","breadcrumb":{"@id":"https:\/\/amberwithsilver.com\/product\/gydomoji-naturalaus-gintaro-apyranke\/#breadcrumb"},"inLanguage":"en-US","potentialAction":[{"@type":"ReadAction","target":["https:\/\/amberwithsilver.com\/product\/gydomoji-naturalaus-gintaro-apyranke\/"]}]},{"@type":"ImageObject","inLanguage":"en-US","@id":"https:\/\/amberwithsilver.com\/product\/gydomoji-naturalaus-gintaro-apyranke\/#primaryimage","url":"https:\/\/amberwithsilver.com\/wp-content\/uploads\/2025\/11\/gydomoji-1.webp","contentUrl":"https:\/\/amberwithsilver.com\/wp-content\/uploads\/2025\/11\/gydomoji-1.webp","width":800,"height":800,"caption":"Gydomoji nat\u016bralaus gintaro apyrank\u0117, Healing natural amber bracelet"},{"@type":"BreadcrumbList","@id":"https:\/\/amberwithsilver.com\/product\/gydomoji-naturalaus-gintaro-apyranke\/#breadcrumb","itemListElement":[{"@type":"ListItem","position":1,"name":"Home","item":"https:\/\/amberwithsilver.com\/"},{"@type":"ListItem","position":2,"name":"Parduotuv\u0117","item":"https:\/\/amberwithsilver.com\/en\/parduotuve\/"},{"@type":"ListItem","position":3,"name":"Gydomoji nat\u016bralaus gintaro apyrank\u0117"}]},{"@type":"WebSite","@id":"https:\/\/amberwithsilver.com\/en\/#website","url":"https:\/\/amberwithsilver.com\/en\/","name":"AmberWithSilver","description":"Amber-Silver","publisher":{"@id":"https:\/\/amberwithsilver.com\/en\/#organization"},"potentialAction":[{"@type":"SearchAction","target":{"@type":"EntryPoint","urlTemplate":"https:\/\/amberwithsilver.com\/en\/?s={search_term_string}"},"query-input":{"@type":"PropertyValueSpecification","valueRequired":true,"valueName":"search_term_string"}}],"inLanguage":"en-US"},{"@type":"Organization","@id":"https:\/\/amberwithsilver.com\/en\/#organization","name":"amberwithsilver","url":"https:\/\/amberwithsilver.com\/en\/","logo":{"@type":"ImageObject","inLanguage":"en-US","@id":"https:\/\/amberwithsilver.com\/en\/#\/schema\/logo\/image\/","url":"https:\/\/i0.wp.com\/amberwithsilver.com\/wp-content\/uploads\/2020\/12\/logo.jpg?fit=232%2C116&ssl=1","contentUrl":"https:\/\/i0.wp.com\/amberwithsilver.com\/wp-content\/uploads\/2020\/12\/logo.jpg?fit=232%2C116&ssl=1","width":232,"height":116,"caption":"amberwithsilver"},"image":{"@id":"https:\/\/amberwithsilver.com\/en\/#\/schema\/logo\/image\/"}}]}},"jetpack_sharing_enabled":true,"_links":{"self":[{"href":"https:\/\/amberwithsilver.com\/en\/wp-json\/wp\/v2\/product\/3860","targetHints":{"allow":["GET"]}}],"collection":[{"href":"https:\/\/amberwithsilver.com\/en\/wp-json\/wp\/v2\/product"}],"about":[{"href":"https:\/\/amberwithsilver.com\/en\/wp-json\/wp\/v2\/types\/product"}],"replies":[{"embeddable":true,"href":"https:\/\/amberwithsilver.com\/en\/wp-json\/wp\/v2\/comments?post=3860"}],"version-history":[{"count":1,"href":"https:\/\/amberwithsilver.com\/en\/wp-json\/wp\/v2\/product\/3860\/revisions"}],"predecessor-version":[{"id":3864,"href":"https:\/\/amberwithsilver.com\/en\/wp-json\/wp\/v2\/product\/3860\/revisions\/3864"}],"wp:featuredmedia":[{"embeddable":true,"href":"https:\/\/amberwithsilver.com\/en\/wp-json\/wp\/v2\/media\/3861"}],"wp:attachment":[{"href":"https:\/\/amberwithsilver.com\/en\/wp-json\/wp\/v2\/media?parent=3860"}],"wp:term":[{"taxonomy":"product_brand","embeddable":true,"href":"https:\/\/amberwithsilver.com\/en\/wp-json\/wp\/v2\/product_brand?post=3860"},{"taxonomy":"product_cat","embeddable":true,"href":"https:\/\/amberwithsilver.com\/en\/wp-json\/wp\/v2\/product_cat?post=3860"},{"taxonomy":"product_tag","embeddable":true,"href":"https:\/\/amberwithsilver.com\/en\/wp-json\/wp\/v2\/product_tag?post=3860"}],"curies":[{"name":"wp","href":"https:\/\/api.w.org\/{rel}","templated":true}]}}