{"id":3882,"date":"2025-12-04T21:05:55","date_gmt":"2025-12-04T19:05:55","guid":{"rendered":"https:\/\/amberwithsilver.com\/?post_type=product&#038;p=3882"},"modified":"2025-12-04T21:05:57","modified_gmt":"2025-12-04T19:05:57","slug":"dvieju-atspalviu-deimantinio-slifavimo-gintaro-karoliai-5mm","status":"publish","type":"product","link":"https:\/\/amberwithsilver.com\/en\/product\/dvieju-atspalviu-deimantinio-slifavimo-gintaro-karoliai-5mm\/","title":{"rendered":"Two shade diamond cut amber necklace 5mm"},"content":{"rendered":"<p>Two-tone diamond cut amber necklace 5mm. Unique cutting of the amber highlights the play of light and provides a shimmering reflection and two-tone transition.<\/p>\n<ul>\n<li><em>Natural Baltic amber<\/em><\/li>\n<li><em>Faceted Baltic amber beads<\/em><\/li>\n<li><em>Amber beads size: ~ 4,5-5 mm<\/em><\/li>\n<li><em>Closure: plastic screw clasp\u00a0<\/em><\/li>\n<li><em>Colors: multicolor<\/em><\/li>\n<li><em>Length: from ~ 40 cm to~ 43 cm (optional)<\/em><\/li>\n<li><em>Weight: ~\u00a0 5,90-6,40 gr.<\/em><\/li>\n<\/ul>\n<p>&nbsp;<\/p>\n<p>*Please note that the color of the product may vary slightly from that shown in the photo, depending on the monitor used by the Buyer and the lighting settings in the photos.<\/p>","protected":false},"excerpt":{"rendered":"<p>Two-tone diamond cut amber necklace 5mm. Unique cutting of the amber highlights the play of light and provides a shimmering reflection and two-tone transition.<\/p>\n<ul>\n<li><em>Natural Baltic amber<\/em><\/li>\n<li><em>Faceted Baltic amber beads<\/em><\/li>\n<li><em>Amber beads size: ~ 4,5-5 mm<\/em><\/li>\n<li><em>Closure: plastic screw clasp\u00a0<\/em><\/li>\n<li><em>Colors: multicolor<\/em><\/li>\n<li><em>Length: from ~ 40 cm to~ 43 cm (optional)<\/em><\/li>\n<li><em>Weight: ~\u00a0 5,90-6,40 gr.<\/em><\/li>\n<\/ul>\n<p>&nbsp;<\/p>\n<p>*Please note that the color of the product may vary slightly from that shown in the photo, depending on the monitor used by the Buyer and the lighting settings in the photos.<\/p>","protected":false},"featured_media":3885,"comment_status":"open","ping_status":"closed","template":"","meta":[],"product_brand":[],"product_cat":[35],"product_tag":[1419,64,747,766,1013,1106,1107,1313,1387,1391,1392,1393,1394,1395,1417,1418],"class_list":{"0":"post-3882","1":"product","2":"type-product","3":"status-publish","4":"has-post-thumbnail","6":"product_cat-gintaro-karoliai","7":"product_tag-two-shade-diamond-cut","8":"product_tag-gintaras","9":"product_tag-amber","10":"product_tag-amber-necklace","11":"product_tag-gintaro-dirbiniai","12":"product_tag-gintaro-papuosalai","13":"product_tag-amber-jewelry","14":"product_tag-gintaro-dirbiniai-kaunas","15":"product_tag-dovana-moterims","16":"product_tag-amber-workship-in-kaunas","17":"product_tag-gintaro-kurybines-dirbtuves-kaune","18":"product_tag-baltijos-gintaro-dirbiniai","19":"product_tag-baltic-amber-products","20":"product_tag-gift-for-her","21":"product_tag-deimantinio-slifavimo-gintaras","22":"product_tag-dvieju-atspalviu","23":"pa_ilgis-40-cm","24":"pa_ilgis-43-cm","26":"first","27":"instock","28":"taxable","29":"shipping-taxable","30":"purchasable","31":"product-type-variable"},"yoast_head":"<!-- This site is optimized with the Yoast SEO Premium plugin v23.4 (Yoast SEO v26.8) - https:\/\/yoast.com\/product\/yoast-seo-premium-wordpress\/ -->\n<title>Dviej\u0173 atspalvi\u0173 deimantinio \u0161lifavimo gintaro karoliai 5mm<\/title>\n<meta name=\"description\" content=\"Dviej\u0173 atspalvi\u0173 deimantinio \u0161lifavimo gintaro karoliai 5mm. Unikalus gintaro \u0161lifavimas i\u0161ry\u0161kina \u0161viesos \u017eaism\u0105 ir suteikia \u017evilgant\u012f atspind\u012f bei dviej\u0173\" \/>\n<meta name=\"robots\" content=\"index, follow, max-snippet:-1, max-image-preview:large, max-video-preview:-1\" \/>\n<link rel=\"canonical\" href=\"https:\/\/amberwithsilver.com\/en\/product\/dvieju-atspalviu-deimantinio-slifavimo-gintaro-karoliai-5mm\/\" \/>\n<meta property=\"og:locale\" content=\"en_US\" \/>\n<meta property=\"og:type\" content=\"article\" \/>\n<meta property=\"og:title\" content=\"Dviej\u0173 atspalvi\u0173 deimantinio \u0161lifavimo gintaro karoliai 5mm\" \/>\n<meta property=\"og:description\" content=\"Dviej\u0173 atspalvi\u0173 deimantinio \u0161lifavimo gintaro karoliai 5mm. Unikalus gintaro \u0161lifavimas i\u0161ry\u0161kina \u0161viesos \u017eaism\u0105 ir suteikia \u017evilgant\u012f atspind\u012f bei dviej\u0173\" \/>\n<meta property=\"og:url\" content=\"https:\/\/amberwithsilver.com\/en\/product\/dvieju-atspalviu-deimantinio-slifavimo-gintaro-karoliai-5mm\/\" \/>\n<meta property=\"og:site_name\" content=\"AmberWithSilver\" \/>\n<meta property=\"article:modified_time\" content=\"2025-12-04T19:05:57+00:00\" \/>\n<meta property=\"og:image\" content=\"https:\/\/amberwithsilver.com\/wp-content\/uploads\/2025\/12\/nr-7-pirma.webp\" \/>\n\t<meta property=\"og:image:width\" content=\"900\" \/>\n\t<meta property=\"og:image:height\" content=\"900\" \/>\n\t<meta property=\"og:image:type\" content=\"image\/webp\" \/>\n<meta name=\"twitter:card\" content=\"summary_large_image\" \/>\n<meta name=\"twitter:label1\" content=\"Est. reading time\" \/>\n\t<meta name=\"twitter:data1\" content=\"1 minute\" \/>\n<script type=\"application\/ld+json\" class=\"yoast-schema-graph\">{\"@context\":\"https:\/\/schema.org\",\"@graph\":[{\"@type\":\"WebPage\",\"@id\":\"https:\/\/amberwithsilver.com\/product\/dvieju-atspalviu-deimantinio-slifavimo-gintaro-karoliai-5mm\/\",\"url\":\"https:\/\/amberwithsilver.com\/product\/dvieju-atspalviu-deimantinio-slifavimo-gintaro-karoliai-5mm\/\",\"name\":\"Dviej\u0173 atspalvi\u0173 deimantinio \u0161lifavimo gintaro karoliai 5mm\",\"isPartOf\":{\"@id\":\"https:\/\/amberwithsilver.com\/en\/#website\"},\"primaryImageOfPage\":{\"@id\":\"https:\/\/amberwithsilver.com\/product\/dvieju-atspalviu-deimantinio-slifavimo-gintaro-karoliai-5mm\/#primaryimage\"},\"image\":{\"@id\":\"https:\/\/amberwithsilver.com\/product\/dvieju-atspalviu-deimantinio-slifavimo-gintaro-karoliai-5mm\/#primaryimage\"},\"thumbnailUrl\":\"https:\/\/amberwithsilver.com\/wp-content\/uploads\/2025\/12\/nr-7-pirma.webp\",\"datePublished\":\"2025-12-04T19:05:55+00:00\",\"dateModified\":\"2025-12-04T19:05:57+00:00\",\"description\":\"Dviej\u0173 atspalvi\u0173 deimantinio \u0161lifavimo gintaro karoliai 5mm. Unikalus gintaro \u0161lifavimas i\u0161ry\u0161kina \u0161viesos \u017eaism\u0105 ir suteikia \u017evilgant\u012f atspind\u012f bei dviej\u0173\",\"breadcrumb\":{\"@id\":\"https:\/\/amberwithsilver.com\/product\/dvieju-atspalviu-deimantinio-slifavimo-gintaro-karoliai-5mm\/#breadcrumb\"},\"inLanguage\":\"en-US\",\"potentialAction\":[{\"@type\":\"ReadAction\",\"target\":[\"https:\/\/amberwithsilver.com\/product\/dvieju-atspalviu-deimantinio-slifavimo-gintaro-karoliai-5mm\/\"]}]},{\"@type\":\"ImageObject\",\"inLanguage\":\"en-US\",\"@id\":\"https:\/\/amberwithsilver.com\/product\/dvieju-atspalviu-deimantinio-slifavimo-gintaro-karoliai-5mm\/#primaryimage\",\"url\":\"https:\/\/amberwithsilver.com\/wp-content\/uploads\/2025\/12\/nr-7-pirma.webp\",\"contentUrl\":\"https:\/\/amberwithsilver.com\/wp-content\/uploads\/2025\/12\/nr-7-pirma.webp\",\"width\":900,\"height\":900,\"caption\":\"Dviej\u0173 atspalvi\u0173 deimantinio \u0161lifavimo gintaro karoliai 5mm, Two shade diamond cut amber necklace 5mm\"},{\"@type\":\"BreadcrumbList\",\"@id\":\"https:\/\/amberwithsilver.com\/product\/dvieju-atspalviu-deimantinio-slifavimo-gintaro-karoliai-5mm\/#breadcrumb\",\"itemListElement\":[{\"@type\":\"ListItem\",\"position\":1,\"name\":\"Home\",\"item\":\"https:\/\/amberwithsilver.com\/\"},{\"@type\":\"ListItem\",\"position\":2,\"name\":\"Parduotuv\u0117\",\"item\":\"https:\/\/amberwithsilver.com\/en\/parduotuve\/\"},{\"@type\":\"ListItem\",\"position\":3,\"name\":\"Dviej\u0173 atspalvi\u0173 deimantinio \u0161lifavimo gintaro karoliai 5mm\"}]},{\"@type\":\"WebSite\",\"@id\":\"https:\/\/amberwithsilver.com\/en\/#website\",\"url\":\"https:\/\/amberwithsilver.com\/en\/\",\"name\":\"AmberWithSilver\",\"description\":\"Amber-Silver\",\"publisher\":{\"@id\":\"https:\/\/amberwithsilver.com\/en\/#organization\"},\"potentialAction\":[{\"@type\":\"SearchAction\",\"target\":{\"@type\":\"EntryPoint\",\"urlTemplate\":\"https:\/\/amberwithsilver.com\/en\/?s={search_term_string}\"},\"query-input\":{\"@type\":\"PropertyValueSpecification\",\"valueRequired\":true,\"valueName\":\"search_term_string\"}}],\"inLanguage\":\"en-US\"},{\"@type\":\"Organization\",\"@id\":\"https:\/\/amberwithsilver.com\/en\/#organization\",\"name\":\"amberwithsilver\",\"url\":\"https:\/\/amberwithsilver.com\/en\/\",\"logo\":{\"@type\":\"ImageObject\",\"inLanguage\":\"en-US\",\"@id\":\"https:\/\/amberwithsilver.com\/en\/#\/schema\/logo\/image\/\",\"url\":\"https:\/\/i0.wp.com\/amberwithsilver.com\/wp-content\/uploads\/2020\/12\/logo.jpg?fit=232%2C116&ssl=1\",\"contentUrl\":\"https:\/\/i0.wp.com\/amberwithsilver.com\/wp-content\/uploads\/2020\/12\/logo.jpg?fit=232%2C116&ssl=1\",\"width\":232,\"height\":116,\"caption\":\"amberwithsilver\"},\"image\":{\"@id\":\"https:\/\/amberwithsilver.com\/en\/#\/schema\/logo\/image\/\"}}]}<\/script>\n<!-- \/ Yoast SEO Premium plugin. -->","yoast_head_json":{"title":"Two shade diamond cut amber necklace 5mm","description":"Dviej\u0173 atspalvi\u0173 deimantinio \u0161lifavimo gintaro karoliai 5mm. Unikalus gintaro \u0161lifavimas i\u0161ry\u0161kina \u0161viesos \u017eaism\u0105 ir suteikia \u017evilgant\u012f atspind\u012f bei dviej\u0173","robots":{"index":"index","follow":"follow","max-snippet":"max-snippet:-1","max-image-preview":"max-image-preview:large","max-video-preview":"max-video-preview:-1"},"canonical":"https:\/\/amberwithsilver.com\/en\/product\/dvieju-atspalviu-deimantinio-slifavimo-gintaro-karoliai-5mm\/","og_locale":"en_US","og_type":"article","og_title":"Dviej\u0173 atspalvi\u0173 deimantinio \u0161lifavimo gintaro karoliai 5mm","og_description":"Dviej\u0173 atspalvi\u0173 deimantinio \u0161lifavimo gintaro karoliai 5mm. Unikalus gintaro \u0161lifavimas i\u0161ry\u0161kina \u0161viesos \u017eaism\u0105 ir suteikia \u017evilgant\u012f atspind\u012f bei dviej\u0173","og_url":"https:\/\/amberwithsilver.com\/en\/product\/dvieju-atspalviu-deimantinio-slifavimo-gintaro-karoliai-5mm\/","og_site_name":"AmberWithSilver","article_modified_time":"2025-12-04T19:05:57+00:00","og_image":[{"width":900,"height":900,"url":"https:\/\/amberwithsilver.com\/wp-content\/uploads\/2025\/12\/nr-7-pirma.webp","type":"image\/webp"}],"twitter_card":"summary_large_image","twitter_misc":{"Est. reading time":"1 minute"},"schema":{"@context":"https:\/\/schema.org","@graph":[{"@type":"WebPage","@id":"https:\/\/amberwithsilver.com\/product\/dvieju-atspalviu-deimantinio-slifavimo-gintaro-karoliai-5mm\/","url":"https:\/\/amberwithsilver.com\/product\/dvieju-atspalviu-deimantinio-slifavimo-gintaro-karoliai-5mm\/","name":"Two shade diamond cut amber necklace 5mm","isPartOf":{"@id":"https:\/\/amberwithsilver.com\/en\/#website"},"primaryImageOfPage":{"@id":"https:\/\/amberwithsilver.com\/product\/dvieju-atspalviu-deimantinio-slifavimo-gintaro-karoliai-5mm\/#primaryimage"},"image":{"@id":"https:\/\/amberwithsilver.com\/product\/dvieju-atspalviu-deimantinio-slifavimo-gintaro-karoliai-5mm\/#primaryimage"},"thumbnailUrl":"https:\/\/amberwithsilver.com\/wp-content\/uploads\/2025\/12\/nr-7-pirma.webp","datePublished":"2025-12-04T19:05:55+00:00","dateModified":"2025-12-04T19:05:57+00:00","description":"Dviej\u0173 atspalvi\u0173 deimantinio \u0161lifavimo gintaro karoliai 5mm. Unikalus gintaro \u0161lifavimas i\u0161ry\u0161kina \u0161viesos \u017eaism\u0105 ir suteikia \u017evilgant\u012f atspind\u012f bei dviej\u0173","breadcrumb":{"@id":"https:\/\/amberwithsilver.com\/product\/dvieju-atspalviu-deimantinio-slifavimo-gintaro-karoliai-5mm\/#breadcrumb"},"inLanguage":"en-US","potentialAction":[{"@type":"ReadAction","target":["https:\/\/amberwithsilver.com\/product\/dvieju-atspalviu-deimantinio-slifavimo-gintaro-karoliai-5mm\/"]}]},{"@type":"ImageObject","inLanguage":"en-US","@id":"https:\/\/amberwithsilver.com\/product\/dvieju-atspalviu-deimantinio-slifavimo-gintaro-karoliai-5mm\/#primaryimage","url":"https:\/\/amberwithsilver.com\/wp-content\/uploads\/2025\/12\/nr-7-pirma.webp","contentUrl":"https:\/\/amberwithsilver.com\/wp-content\/uploads\/2025\/12\/nr-7-pirma.webp","width":900,"height":900,"caption":"Dviej\u0173 atspalvi\u0173 deimantinio \u0161lifavimo gintaro karoliai 5mm, Two shade diamond cut amber necklace 5mm"},{"@type":"BreadcrumbList","@id":"https:\/\/amberwithsilver.com\/product\/dvieju-atspalviu-deimantinio-slifavimo-gintaro-karoliai-5mm\/#breadcrumb","itemListElement":[{"@type":"ListItem","position":1,"name":"Home","item":"https:\/\/amberwithsilver.com\/"},{"@type":"ListItem","position":2,"name":"Parduotuv\u0117","item":"https:\/\/amberwithsilver.com\/en\/parduotuve\/"},{"@type":"ListItem","position":3,"name":"Dviej\u0173 atspalvi\u0173 deimantinio \u0161lifavimo gintaro karoliai 5mm"}]},{"@type":"WebSite","@id":"https:\/\/amberwithsilver.com\/en\/#website","url":"https:\/\/amberwithsilver.com\/en\/","name":"AmberWithSilver","description":"Amber-Silver","publisher":{"@id":"https:\/\/amberwithsilver.com\/en\/#organization"},"potentialAction":[{"@type":"SearchAction","target":{"@type":"EntryPoint","urlTemplate":"https:\/\/amberwithsilver.com\/en\/?s={search_term_string}"},"query-input":{"@type":"PropertyValueSpecification","valueRequired":true,"valueName":"search_term_string"}}],"inLanguage":"en-US"},{"@type":"Organization","@id":"https:\/\/amberwithsilver.com\/en\/#organization","name":"amberwithsilver","url":"https:\/\/amberwithsilver.com\/en\/","logo":{"@type":"ImageObject","inLanguage":"en-US","@id":"https:\/\/amberwithsilver.com\/en\/#\/schema\/logo\/image\/","url":"https:\/\/i0.wp.com\/amberwithsilver.com\/wp-content\/uploads\/2020\/12\/logo.jpg?fit=232%2C116&ssl=1","contentUrl":"https:\/\/i0.wp.com\/amberwithsilver.com\/wp-content\/uploads\/2020\/12\/logo.jpg?fit=232%2C116&ssl=1","width":232,"height":116,"caption":"amberwithsilver"},"image":{"@id":"https:\/\/amberwithsilver.com\/en\/#\/schema\/logo\/image\/"}}]}},"jetpack_sharing_enabled":true,"_links":{"self":[{"href":"https:\/\/amberwithsilver.com\/en\/wp-json\/wp\/v2\/product\/3882","targetHints":{"allow":["GET"]}}],"collection":[{"href":"https:\/\/amberwithsilver.com\/en\/wp-json\/wp\/v2\/product"}],"about":[{"href":"https:\/\/amberwithsilver.com\/en\/wp-json\/wp\/v2\/types\/product"}],"replies":[{"embeddable":true,"href":"https:\/\/amberwithsilver.com\/en\/wp-json\/wp\/v2\/comments?post=3882"}],"version-history":[{"count":1,"href":"https:\/\/amberwithsilver.com\/en\/wp-json\/wp\/v2\/product\/3882\/revisions"}],"predecessor-version":[{"id":3887,"href":"https:\/\/amberwithsilver.com\/en\/wp-json\/wp\/v2\/product\/3882\/revisions\/3887"}],"wp:featuredmedia":[{"embeddable":true,"href":"https:\/\/amberwithsilver.com\/en\/wp-json\/wp\/v2\/media\/3885"}],"wp:attachment":[{"href":"https:\/\/amberwithsilver.com\/en\/wp-json\/wp\/v2\/media?parent=3882"}],"wp:term":[{"taxonomy":"product_brand","embeddable":true,"href":"https:\/\/amberwithsilver.com\/en\/wp-json\/wp\/v2\/product_brand?post=3882"},{"taxonomy":"product_cat","embeddable":true,"href":"https:\/\/amberwithsilver.com\/en\/wp-json\/wp\/v2\/product_cat?post=3882"},{"taxonomy":"product_tag","embeddable":true,"href":"https:\/\/amberwithsilver.com\/en\/wp-json\/wp\/v2\/product_tag?post=3882"}],"curies":[{"name":"wp","href":"https:\/\/api.w.org\/{rel}","templated":true}]}}