{"id":3895,"date":"2025-12-09T20:32:42","date_gmt":"2025-12-09T18:32:42","guid":{"rendered":"https:\/\/amberwithsilver.com\/?post_type=product&#038;p=3895"},"modified":"2025-12-09T20:56:23","modified_gmt":"2025-12-09T18:56:23","slug":"dvieju-atspalviu-deimantinio-slifavimo-gintaro-karoliai-8mm","status":"publish","type":"product","link":"https:\/\/amberwithsilver.com\/en\/product\/dvieju-atspalviu-deimantinio-slifavimo-gintaro-karoliai-8mm\/","title":{"rendered":"Two shade diamond cut amber necklace 8mm"},"content":{"rendered":"<p>Two-tone diamond cut amber necklace 8mm. Unique cutting of the amber highlights the play of light and provides a shimmering reflection and two-tone transition.<\/p>\n<ul>\n<li><em>Natural Baltic amber<\/em><\/li>\n<li><em>Faceted Baltic amber beads<\/em><\/li>\n<li><em>Amber beads size: ~ 8 mm<\/em><\/li>\n<li><em>Closure: plastic screw clasp\u00a0<\/em><\/li>\n<li><em>Colors: multicolor<\/em><\/li>\n<li><em>Length: ~ 48 cm\u00a0<\/em><\/li>\n<li><em>Weight: \u00a0 18,70 g.<\/em><\/li>\n<\/ul>\n<p>&nbsp;<\/p>\n<p>*Please note that the color of the product may vary slightly from that shown in the photo, depending on the monitor used by the Buyer and the lighting settings in the photos.<\/p>","protected":false},"excerpt":{"rendered":"<p>Two-tone diamond cut amber necklace 8mm. Unique cutting of the amber highlights the play of light and provides a shimmering reflection and two-tone transition.<\/p>\n<ul>\n<li><em>Natural Baltic amber<\/em><\/li>\n<li><em>Faceted Baltic amber beads<\/em><\/li>\n<li><em>Amber beads size: ~ 8 mm<\/em><\/li>\n<li><em>Closure: plastic screw clasp\u00a0<\/em><\/li>\n<li><em>Colors: multicolor<\/em><\/li>\n<li><em>Length: ~ 48 cm\u00a0<\/em><\/li>\n<li><em>Weight: \u00a0 18,70 g.<\/em><\/li>\n<\/ul>\n<p>&nbsp;<\/p>\n<p>*Please note that the color of the product may vary slightly from that shown in the photo, depending on the monitor used by the Buyer and the lighting settings in the photos.<\/p>","protected":false},"featured_media":3896,"comment_status":"open","ping_status":"closed","template":"","meta":[],"product_brand":[],"product_cat":[35],"product_tag":[64,747,766,1013,1106,1107,1313,1328,1387,1392,1393,1394,1395,1417,1420],"class_list":{"0":"post-3895","1":"product","2":"type-product","3":"status-publish","4":"has-post-thumbnail","6":"product_cat-gintaro-karoliai","7":"product_tag-gintaras","8":"product_tag-amber","9":"product_tag-amber-necklace","10":"product_tag-gintaro-dirbiniai","11":"product_tag-gintaro-papuosalai","12":"product_tag-amber-jewelry","13":"product_tag-gintaro-dirbiniai-kaunas","14":"product_tag-gintaro-karoliai","15":"product_tag-dovana-moterims","16":"product_tag-gintaro-kurybines-dirbtuves-kaune","17":"product_tag-baltijos-gintaro-dirbiniai","18":"product_tag-baltic-amber-products","19":"product_tag-gift-for-her","20":"product_tag-deimantinio-slifavimo-gintaras","21":"product_tag-diamond-cut-amber","23":"first","24":"instock","25":"taxable","26":"shipping-taxable","27":"purchasable","28":"product-type-simple"},"yoast_head":"<!-- This site is optimized with the Yoast SEO Premium plugin v23.4 (Yoast SEO v26.8) - https:\/\/yoast.com\/product\/yoast-seo-premium-wordpress\/ -->\n<title>Dviej\u0173 atspalvi\u0173 deimantinio \u0161lifavimo gintaro karoliai 8mm<\/title>\n<meta name=\"description\" content=\"Dviej\u0173 atspalvi\u0173 deimantinio \u0161lifavimo gintaro karoliai 8mm,Unikalus gintaro \u0161lifavimas i\u0161ry\u0161kina \u0161viesos \u017eaism\u0105 ir suteikia \u017evilgant\u012f atspind\u012f\" \/>\n<meta name=\"robots\" content=\"index, follow, max-snippet:-1, max-image-preview:large, max-video-preview:-1\" \/>\n<link rel=\"canonical\" href=\"https:\/\/amberwithsilver.com\/en\/product\/dvieju-atspalviu-deimantinio-slifavimo-gintaro-karoliai-8mm\/\" \/>\n<meta property=\"og:locale\" content=\"en_US\" \/>\n<meta property=\"og:type\" content=\"article\" \/>\n<meta property=\"og:title\" content=\"Dviej\u0173 atspalvi\u0173 deimantinio \u0161lifavimo gintaro karoliai 8mm\" \/>\n<meta property=\"og:description\" content=\"Dviej\u0173 atspalvi\u0173 deimantinio \u0161lifavimo gintaro karoliai 8mm,Unikalus gintaro \u0161lifavimas i\u0161ry\u0161kina \u0161viesos \u017eaism\u0105 ir suteikia \u017evilgant\u012f atspind\u012f\" \/>\n<meta property=\"og:url\" content=\"https:\/\/amberwithsilver.com\/en\/product\/dvieju-atspalviu-deimantinio-slifavimo-gintaro-karoliai-8mm\/\" \/>\n<meta property=\"og:site_name\" content=\"AmberWithSilver\" \/>\n<meta property=\"article:modified_time\" content=\"2025-12-09T18:56:23+00:00\" \/>\n<meta property=\"og:image\" content=\"https:\/\/amberwithsilver.com\/wp-content\/uploads\/2025\/12\/NR-8-pirma.webp\" \/>\n\t<meta property=\"og:image:width\" content=\"900\" \/>\n\t<meta property=\"og:image:height\" content=\"900\" \/>\n\t<meta property=\"og:image:type\" content=\"image\/webp\" \/>\n<meta name=\"twitter:card\" content=\"summary_large_image\" \/>\n<meta name=\"twitter:label1\" content=\"Est. reading time\" \/>\n\t<meta name=\"twitter:data1\" content=\"1 minute\" \/>\n<script type=\"application\/ld+json\" class=\"yoast-schema-graph\">{\"@context\":\"https:\/\/schema.org\",\"@graph\":[{\"@type\":\"WebPage\",\"@id\":\"https:\/\/amberwithsilver.com\/product\/dvieju-atspalviu-deimantinio-slifavimo-gintaro-karoliai-8mm\/\",\"url\":\"https:\/\/amberwithsilver.com\/product\/dvieju-atspalviu-deimantinio-slifavimo-gintaro-karoliai-8mm\/\",\"name\":\"Dviej\u0173 atspalvi\u0173 deimantinio \u0161lifavimo gintaro karoliai 8mm\",\"isPartOf\":{\"@id\":\"https:\/\/amberwithsilver.com\/en\/#website\"},\"primaryImageOfPage\":{\"@id\":\"https:\/\/amberwithsilver.com\/product\/dvieju-atspalviu-deimantinio-slifavimo-gintaro-karoliai-8mm\/#primaryimage\"},\"image\":{\"@id\":\"https:\/\/amberwithsilver.com\/product\/dvieju-atspalviu-deimantinio-slifavimo-gintaro-karoliai-8mm\/#primaryimage\"},\"thumbnailUrl\":\"https:\/\/amberwithsilver.com\/wp-content\/uploads\/2025\/12\/NR-8-pirma.webp\",\"datePublished\":\"2025-12-09T18:32:42+00:00\",\"dateModified\":\"2025-12-09T18:56:23+00:00\",\"description\":\"Dviej\u0173 atspalvi\u0173 deimantinio \u0161lifavimo gintaro karoliai 8mm,Unikalus gintaro \u0161lifavimas i\u0161ry\u0161kina \u0161viesos \u017eaism\u0105 ir suteikia \u017evilgant\u012f atspind\u012f\",\"breadcrumb\":{\"@id\":\"https:\/\/amberwithsilver.com\/product\/dvieju-atspalviu-deimantinio-slifavimo-gintaro-karoliai-8mm\/#breadcrumb\"},\"inLanguage\":\"en-US\",\"potentialAction\":[{\"@type\":\"ReadAction\",\"target\":[\"https:\/\/amberwithsilver.com\/product\/dvieju-atspalviu-deimantinio-slifavimo-gintaro-karoliai-8mm\/\"]}]},{\"@type\":\"ImageObject\",\"inLanguage\":\"en-US\",\"@id\":\"https:\/\/amberwithsilver.com\/product\/dvieju-atspalviu-deimantinio-slifavimo-gintaro-karoliai-8mm\/#primaryimage\",\"url\":\"https:\/\/amberwithsilver.com\/wp-content\/uploads\/2025\/12\/NR-8-pirma.webp\",\"contentUrl\":\"https:\/\/amberwithsilver.com\/wp-content\/uploads\/2025\/12\/NR-8-pirma.webp\",\"width\":900,\"height\":900,\"caption\":\"Dviej\u0173 atspalvi\u0173 deimantinio \u0161lifavimo gintaro karoliai 8mm, Two shade diamond cut amber necklace 8mm\"},{\"@type\":\"BreadcrumbList\",\"@id\":\"https:\/\/amberwithsilver.com\/product\/dvieju-atspalviu-deimantinio-slifavimo-gintaro-karoliai-8mm\/#breadcrumb\",\"itemListElement\":[{\"@type\":\"ListItem\",\"position\":1,\"name\":\"Home\",\"item\":\"https:\/\/amberwithsilver.com\/\"},{\"@type\":\"ListItem\",\"position\":2,\"name\":\"Parduotuv\u0117\",\"item\":\"https:\/\/amberwithsilver.com\/en\/parduotuve\/\"},{\"@type\":\"ListItem\",\"position\":3,\"name\":\"Dviej\u0173 atspalvi\u0173 deimantinio \u0161lifavimo gintaro karoliai 8mm\"}]},{\"@type\":\"WebSite\",\"@id\":\"https:\/\/amberwithsilver.com\/en\/#website\",\"url\":\"https:\/\/amberwithsilver.com\/en\/\",\"name\":\"AmberWithSilver\",\"description\":\"Amber-Silver\",\"publisher\":{\"@id\":\"https:\/\/amberwithsilver.com\/en\/#organization\"},\"potentialAction\":[{\"@type\":\"SearchAction\",\"target\":{\"@type\":\"EntryPoint\",\"urlTemplate\":\"https:\/\/amberwithsilver.com\/en\/?s={search_term_string}\"},\"query-input\":{\"@type\":\"PropertyValueSpecification\",\"valueRequired\":true,\"valueName\":\"search_term_string\"}}],\"inLanguage\":\"en-US\"},{\"@type\":\"Organization\",\"@id\":\"https:\/\/amberwithsilver.com\/en\/#organization\",\"name\":\"amberwithsilver\",\"url\":\"https:\/\/amberwithsilver.com\/en\/\",\"logo\":{\"@type\":\"ImageObject\",\"inLanguage\":\"en-US\",\"@id\":\"https:\/\/amberwithsilver.com\/en\/#\/schema\/logo\/image\/\",\"url\":\"https:\/\/i0.wp.com\/amberwithsilver.com\/wp-content\/uploads\/2020\/12\/logo.jpg?fit=232%2C116&ssl=1\",\"contentUrl\":\"https:\/\/i0.wp.com\/amberwithsilver.com\/wp-content\/uploads\/2020\/12\/logo.jpg?fit=232%2C116&ssl=1\",\"width\":232,\"height\":116,\"caption\":\"amberwithsilver\"},\"image\":{\"@id\":\"https:\/\/amberwithsilver.com\/en\/#\/schema\/logo\/image\/\"}}]}<\/script>\n<!-- \/ Yoast SEO Premium plugin. -->","yoast_head_json":{"title":"Two shade diamond cut amber necklace 8mm","description":"Dviej\u0173 atspalvi\u0173 deimantinio \u0161lifavimo gintaro karoliai 8mm,Unikalus gintaro \u0161lifavimas i\u0161ry\u0161kina \u0161viesos \u017eaism\u0105 ir suteikia \u017evilgant\u012f atspind\u012f","robots":{"index":"index","follow":"follow","max-snippet":"max-snippet:-1","max-image-preview":"max-image-preview:large","max-video-preview":"max-video-preview:-1"},"canonical":"https:\/\/amberwithsilver.com\/en\/product\/dvieju-atspalviu-deimantinio-slifavimo-gintaro-karoliai-8mm\/","og_locale":"en_US","og_type":"article","og_title":"Dviej\u0173 atspalvi\u0173 deimantinio \u0161lifavimo gintaro karoliai 8mm","og_description":"Dviej\u0173 atspalvi\u0173 deimantinio \u0161lifavimo gintaro karoliai 8mm,Unikalus gintaro \u0161lifavimas i\u0161ry\u0161kina \u0161viesos \u017eaism\u0105 ir suteikia \u017evilgant\u012f atspind\u012f","og_url":"https:\/\/amberwithsilver.com\/en\/product\/dvieju-atspalviu-deimantinio-slifavimo-gintaro-karoliai-8mm\/","og_site_name":"AmberWithSilver","article_modified_time":"2025-12-09T18:56:23+00:00","og_image":[{"width":900,"height":900,"url":"https:\/\/amberwithsilver.com\/wp-content\/uploads\/2025\/12\/NR-8-pirma.webp","type":"image\/webp"}],"twitter_card":"summary_large_image","twitter_misc":{"Est. reading time":"1 minute"},"schema":{"@context":"https:\/\/schema.org","@graph":[{"@type":"WebPage","@id":"https:\/\/amberwithsilver.com\/product\/dvieju-atspalviu-deimantinio-slifavimo-gintaro-karoliai-8mm\/","url":"https:\/\/amberwithsilver.com\/product\/dvieju-atspalviu-deimantinio-slifavimo-gintaro-karoliai-8mm\/","name":"Two shade diamond cut amber necklace 8mm","isPartOf":{"@id":"https:\/\/amberwithsilver.com\/en\/#website"},"primaryImageOfPage":{"@id":"https:\/\/amberwithsilver.com\/product\/dvieju-atspalviu-deimantinio-slifavimo-gintaro-karoliai-8mm\/#primaryimage"},"image":{"@id":"https:\/\/amberwithsilver.com\/product\/dvieju-atspalviu-deimantinio-slifavimo-gintaro-karoliai-8mm\/#primaryimage"},"thumbnailUrl":"https:\/\/amberwithsilver.com\/wp-content\/uploads\/2025\/12\/NR-8-pirma.webp","datePublished":"2025-12-09T18:32:42+00:00","dateModified":"2025-12-09T18:56:23+00:00","description":"Dviej\u0173 atspalvi\u0173 deimantinio \u0161lifavimo gintaro karoliai 8mm,Unikalus gintaro \u0161lifavimas i\u0161ry\u0161kina \u0161viesos \u017eaism\u0105 ir suteikia \u017evilgant\u012f atspind\u012f","breadcrumb":{"@id":"https:\/\/amberwithsilver.com\/product\/dvieju-atspalviu-deimantinio-slifavimo-gintaro-karoliai-8mm\/#breadcrumb"},"inLanguage":"en-US","potentialAction":[{"@type":"ReadAction","target":["https:\/\/amberwithsilver.com\/product\/dvieju-atspalviu-deimantinio-slifavimo-gintaro-karoliai-8mm\/"]}]},{"@type":"ImageObject","inLanguage":"en-US","@id":"https:\/\/amberwithsilver.com\/product\/dvieju-atspalviu-deimantinio-slifavimo-gintaro-karoliai-8mm\/#primaryimage","url":"https:\/\/amberwithsilver.com\/wp-content\/uploads\/2025\/12\/NR-8-pirma.webp","contentUrl":"https:\/\/amberwithsilver.com\/wp-content\/uploads\/2025\/12\/NR-8-pirma.webp","width":900,"height":900,"caption":"Dviej\u0173 atspalvi\u0173 deimantinio \u0161lifavimo gintaro karoliai 8mm, Two shade diamond cut amber necklace 8mm"},{"@type":"BreadcrumbList","@id":"https:\/\/amberwithsilver.com\/product\/dvieju-atspalviu-deimantinio-slifavimo-gintaro-karoliai-8mm\/#breadcrumb","itemListElement":[{"@type":"ListItem","position":1,"name":"Home","item":"https:\/\/amberwithsilver.com\/"},{"@type":"ListItem","position":2,"name":"Parduotuv\u0117","item":"https:\/\/amberwithsilver.com\/en\/parduotuve\/"},{"@type":"ListItem","position":3,"name":"Dviej\u0173 atspalvi\u0173 deimantinio \u0161lifavimo gintaro karoliai 8mm"}]},{"@type":"WebSite","@id":"https:\/\/amberwithsilver.com\/en\/#website","url":"https:\/\/amberwithsilver.com\/en\/","name":"AmberWithSilver","description":"Amber-Silver","publisher":{"@id":"https:\/\/amberwithsilver.com\/en\/#organization"},"potentialAction":[{"@type":"SearchAction","target":{"@type":"EntryPoint","urlTemplate":"https:\/\/amberwithsilver.com\/en\/?s={search_term_string}"},"query-input":{"@type":"PropertyValueSpecification","valueRequired":true,"valueName":"search_term_string"}}],"inLanguage":"en-US"},{"@type":"Organization","@id":"https:\/\/amberwithsilver.com\/en\/#organization","name":"amberwithsilver","url":"https:\/\/amberwithsilver.com\/en\/","logo":{"@type":"ImageObject","inLanguage":"en-US","@id":"https:\/\/amberwithsilver.com\/en\/#\/schema\/logo\/image\/","url":"https:\/\/i0.wp.com\/amberwithsilver.com\/wp-content\/uploads\/2020\/12\/logo.jpg?fit=232%2C116&ssl=1","contentUrl":"https:\/\/i0.wp.com\/amberwithsilver.com\/wp-content\/uploads\/2020\/12\/logo.jpg?fit=232%2C116&ssl=1","width":232,"height":116,"caption":"amberwithsilver"},"image":{"@id":"https:\/\/amberwithsilver.com\/en\/#\/schema\/logo\/image\/"}}]}},"jetpack_sharing_enabled":true,"_links":{"self":[{"href":"https:\/\/amberwithsilver.com\/en\/wp-json\/wp\/v2\/product\/3895","targetHints":{"allow":["GET"]}}],"collection":[{"href":"https:\/\/amberwithsilver.com\/en\/wp-json\/wp\/v2\/product"}],"about":[{"href":"https:\/\/amberwithsilver.com\/en\/wp-json\/wp\/v2\/types\/product"}],"replies":[{"embeddable":true,"href":"https:\/\/amberwithsilver.com\/en\/wp-json\/wp\/v2\/comments?post=3895"}],"version-history":[{"count":2,"href":"https:\/\/amberwithsilver.com\/en\/wp-json\/wp\/v2\/product\/3895\/revisions"}],"predecessor-version":[{"id":3904,"href":"https:\/\/amberwithsilver.com\/en\/wp-json\/wp\/v2\/product\/3895\/revisions\/3904"}],"wp:featuredmedia":[{"embeddable":true,"href":"https:\/\/amberwithsilver.com\/en\/wp-json\/wp\/v2\/media\/3896"}],"wp:attachment":[{"href":"https:\/\/amberwithsilver.com\/en\/wp-json\/wp\/v2\/media?parent=3895"}],"wp:term":[{"taxonomy":"product_brand","embeddable":true,"href":"https:\/\/amberwithsilver.com\/en\/wp-json\/wp\/v2\/product_brand?post=3895"},{"taxonomy":"product_cat","embeddable":true,"href":"https:\/\/amberwithsilver.com\/en\/wp-json\/wp\/v2\/product_cat?post=3895"},{"taxonomy":"product_tag","embeddable":true,"href":"https:\/\/amberwithsilver.com\/en\/wp-json\/wp\/v2\/product_tag?post=3895"}],"curies":[{"name":"wp","href":"https:\/\/api.w.org\/{rel}","templated":true}]}}