{"id":3911,"date":"2025-12-09T21:25:38","date_gmt":"2025-12-09T19:25:38","guid":{"rendered":"https:\/\/amberwithsilver.com\/?post_type=product&#038;p=3911"},"modified":"2026-01-20T09:35:19","modified_gmt":"2026-01-20T07:35:19","slug":"naturalaus-baltijos-gintaro-karoliai-2","status":"publish","type":"product","link":"https:\/\/amberwithsilver.com\/en\/product\/naturalaus-baltijos-gintaro-karoliai-2\/","title":{"rendered":"Natural Baltic amber necklace"},"content":{"rendered":"<p>Natural Baltic amber necklace. It is made of irregular cylindrical beads. Amber features various shades \u2013 from light yellow to deep cognac.<\/p>\n<ul>\n<li><em>Natural Baltic amber<\/em><\/li>\n<li><em>Irregular cylindrical shaped beads<\/em><\/li>\n<li><em>Amber bead size: ~ 0,3 \u2013 0,6 mm<\/em><\/li>\n<li><em>Closure: plastic screw clasp\u00a0<\/em><\/li>\n<li><em>Colors: multicolor<\/em><\/li>\n<li><em>Ilgis:~ 40 cm\u00a0<\/em><\/li>\n<li><em>Weight: ~\u00a0 10 g.<\/em><\/li>\n<\/ul>\n<p>&nbsp;<\/p>\n<p>*Please note that the color of the product may vary slightly from that shown in the photo, depending on the monitor used by the Buyer and the lighting settings in the photos.<\/p>","protected":false},"excerpt":{"rendered":"<p>Natural Baltic amber necklace. It is made of irregular cylindrical beads. Amber features various shades \u2013 from light yellow to deep cognac.<\/p>\n<ul>\n<li><em>Natural Baltic amber<\/em><\/li>\n<li><em>Irregular cylindrical shaped beads<\/em><\/li>\n<li><em>Amber bead size: ~ 0,3 \u2013 0,6 mm<\/em><\/li>\n<li><em>Closure: plastic screw clasp\u00a0<\/em><\/li>\n<li><em>Colors: multicolor<\/em><\/li>\n<li><em>Length: ~ 40 cm\u00a0<\/em><\/li>\n<li><em>Weight: ~\u00a0 10 g.<\/em><\/li>\n<\/ul>\n<p>&nbsp;<\/p>\n<p>*Please note that the color of the product may vary slightly from that shown in the photo, depending on the monitor used by the Buyer and the lighting settings in the photos.<\/p>","protected":false},"featured_media":3912,"comment_status":"open","ping_status":"closed","template":"","meta":[],"product_brand":[],"product_cat":[35],"product_tag":[64,747,1013,1106,1107,1313,1387,1391,1392,1393,1394,1395,1421],"class_list":{"0":"post-3911","1":"product","2":"type-product","3":"status-publish","4":"has-post-thumbnail","6":"product_cat-gintaro-karoliai","7":"product_tag-gintaras","8":"product_tag-amber","9":"product_tag-gintaro-dirbiniai","10":"product_tag-gintaro-papuosalai","11":"product_tag-amber-jewelry","12":"product_tag-gintaro-dirbiniai-kaunas","13":"product_tag-dovana-moterims","14":"product_tag-amber-workship-in-kaunas","15":"product_tag-gintaro-kurybines-dirbtuves-kaune","16":"product_tag-baltijos-gintaro-dirbiniai","17":"product_tag-baltic-amber-products","18":"product_tag-gift-for-her","19":"product_tag-naturalaus-baltijos-gintaro-karoliai","21":"first","22":"instock","23":"taxable","24":"shipping-taxable","25":"purchasable","26":"product-type-simple"},"yoast_head":"<!-- This site is optimized with the Yoast SEO Premium plugin v23.4 (Yoast SEO v26.8) - https:\/\/yoast.com\/product\/yoast-seo-premium-wordpress\/ -->\n<title>Nat\u016bralaus Baltijos gintaro karoliai<\/title>\n<meta name=\"description\" content=\"Nat\u016bralaus Baltijos gintaro karoliai, Sudarytas i\u0161 netaisykling\u0173 cilindro formos karoliuk\u0173. Gintaras \u012fvairi\u0173 atspalvi\u0173 \u2013 nuo \u0161viesiai gelsvo iki sodriai\" \/>\n<meta name=\"robots\" content=\"index, follow, max-snippet:-1, max-image-preview:large, max-video-preview:-1\" \/>\n<link rel=\"canonical\" href=\"https:\/\/amberwithsilver.com\/en\/product\/naturalaus-baltijos-gintaro-karoliai-2\/\" \/>\n<meta property=\"og:locale\" content=\"en_US\" \/>\n<meta property=\"og:type\" content=\"article\" \/>\n<meta property=\"og:title\" content=\"Nat\u016bralaus Baltijos gintaro karoliai\" \/>\n<meta property=\"og:description\" content=\"Nat\u016bralaus Baltijos gintaro karoliai, Sudarytas i\u0161 netaisykling\u0173 cilindro formos karoliuk\u0173. Gintaras \u012fvairi\u0173 atspalvi\u0173 \u2013 nuo \u0161viesiai gelsvo iki sodriai\" \/>\n<meta property=\"og:url\" content=\"https:\/\/amberwithsilver.com\/en\/product\/naturalaus-baltijos-gintaro-karoliai-2\/\" \/>\n<meta property=\"og:site_name\" content=\"AmberWithSilver\" \/>\n<meta property=\"article:modified_time\" content=\"2026-01-20T07:35:19+00:00\" \/>\n<meta property=\"og:image\" content=\"https:\/\/amberwithsilver.com\/wp-content\/uploads\/2025\/12\/nr-5-pirm.webp\" \/>\n\t<meta property=\"og:image:width\" content=\"900\" \/>\n\t<meta property=\"og:image:height\" content=\"900\" \/>\n\t<meta property=\"og:image:type\" content=\"image\/webp\" \/>\n<meta name=\"twitter:card\" content=\"summary_large_image\" \/>\n<meta name=\"twitter:label1\" content=\"Est. reading time\" \/>\n\t<meta name=\"twitter:data1\" content=\"1 minute\" \/>\n<script type=\"application\/ld+json\" class=\"yoast-schema-graph\">{\"@context\":\"https:\/\/schema.org\",\"@graph\":[{\"@type\":\"WebPage\",\"@id\":\"https:\/\/amberwithsilver.com\/product\/naturalaus-baltijos-gintaro-karoliai-2\/\",\"url\":\"https:\/\/amberwithsilver.com\/product\/naturalaus-baltijos-gintaro-karoliai-2\/\",\"name\":\"Nat\u016bralaus Baltijos gintaro karoliai\",\"isPartOf\":{\"@id\":\"https:\/\/amberwithsilver.com\/en\/#website\"},\"primaryImageOfPage\":{\"@id\":\"https:\/\/amberwithsilver.com\/product\/naturalaus-baltijos-gintaro-karoliai-2\/#primaryimage\"},\"image\":{\"@id\":\"https:\/\/amberwithsilver.com\/product\/naturalaus-baltijos-gintaro-karoliai-2\/#primaryimage\"},\"thumbnailUrl\":\"https:\/\/amberwithsilver.com\/wp-content\/uploads\/2025\/12\/nr-5-pirm.webp\",\"datePublished\":\"2025-12-09T19:25:38+00:00\",\"dateModified\":\"2026-01-20T07:35:19+00:00\",\"description\":\"Nat\u016bralaus Baltijos gintaro karoliai, Sudarytas i\u0161 netaisykling\u0173 cilindro formos karoliuk\u0173. Gintaras \u012fvairi\u0173 atspalvi\u0173 \u2013 nuo \u0161viesiai gelsvo iki sodriai\",\"breadcrumb\":{\"@id\":\"https:\/\/amberwithsilver.com\/product\/naturalaus-baltijos-gintaro-karoliai-2\/#breadcrumb\"},\"inLanguage\":\"en-US\",\"potentialAction\":[{\"@type\":\"ReadAction\",\"target\":[\"https:\/\/amberwithsilver.com\/product\/naturalaus-baltijos-gintaro-karoliai-2\/\"]}]},{\"@type\":\"ImageObject\",\"inLanguage\":\"en-US\",\"@id\":\"https:\/\/amberwithsilver.com\/product\/naturalaus-baltijos-gintaro-karoliai-2\/#primaryimage\",\"url\":\"https:\/\/amberwithsilver.com\/wp-content\/uploads\/2025\/12\/nr-5-pirm.webp\",\"contentUrl\":\"https:\/\/amberwithsilver.com\/wp-content\/uploads\/2025\/12\/nr-5-pirm.webp\",\"width\":900,\"height\":900,\"caption\":\"Nat\u016bralaus Baltijos gintaro karoliai, Natural Baltic amber necklace\"},{\"@type\":\"BreadcrumbList\",\"@id\":\"https:\/\/amberwithsilver.com\/product\/naturalaus-baltijos-gintaro-karoliai-2\/#breadcrumb\",\"itemListElement\":[{\"@type\":\"ListItem\",\"position\":1,\"name\":\"Home\",\"item\":\"https:\/\/amberwithsilver.com\/\"},{\"@type\":\"ListItem\",\"position\":2,\"name\":\"Parduotuv\u0117\",\"item\":\"https:\/\/amberwithsilver.com\/en\/parduotuve\/\"},{\"@type\":\"ListItem\",\"position\":3,\"name\":\"Nat\u016bralaus Baltijos gintaro karoliai\"}]},{\"@type\":\"WebSite\",\"@id\":\"https:\/\/amberwithsilver.com\/en\/#website\",\"url\":\"https:\/\/amberwithsilver.com\/en\/\",\"name\":\"AmberWithSilver\",\"description\":\"Amber-Silver\",\"publisher\":{\"@id\":\"https:\/\/amberwithsilver.com\/en\/#organization\"},\"potentialAction\":[{\"@type\":\"SearchAction\",\"target\":{\"@type\":\"EntryPoint\",\"urlTemplate\":\"https:\/\/amberwithsilver.com\/en\/?s={search_term_string}\"},\"query-input\":{\"@type\":\"PropertyValueSpecification\",\"valueRequired\":true,\"valueName\":\"search_term_string\"}}],\"inLanguage\":\"en-US\"},{\"@type\":\"Organization\",\"@id\":\"https:\/\/amberwithsilver.com\/en\/#organization\",\"name\":\"amberwithsilver\",\"url\":\"https:\/\/amberwithsilver.com\/en\/\",\"logo\":{\"@type\":\"ImageObject\",\"inLanguage\":\"en-US\",\"@id\":\"https:\/\/amberwithsilver.com\/en\/#\/schema\/logo\/image\/\",\"url\":\"https:\/\/i0.wp.com\/amberwithsilver.com\/wp-content\/uploads\/2020\/12\/logo.jpg?fit=232%2C116&ssl=1\",\"contentUrl\":\"https:\/\/i0.wp.com\/amberwithsilver.com\/wp-content\/uploads\/2020\/12\/logo.jpg?fit=232%2C116&ssl=1\",\"width\":232,\"height\":116,\"caption\":\"amberwithsilver\"},\"image\":{\"@id\":\"https:\/\/amberwithsilver.com\/en\/#\/schema\/logo\/image\/\"}}]}<\/script>\n<!-- \/ Yoast SEO Premium plugin. -->","yoast_head_json":{"title":"Natural Baltic amber necklace","description":"Nat\u016bralaus Baltijos gintaro karoliai, Sudarytas i\u0161 netaisykling\u0173 cilindro formos karoliuk\u0173. Gintaras \u012fvairi\u0173 atspalvi\u0173 \u2013 nuo \u0161viesiai gelsvo iki sodriai","robots":{"index":"index","follow":"follow","max-snippet":"max-snippet:-1","max-image-preview":"max-image-preview:large","max-video-preview":"max-video-preview:-1"},"canonical":"https:\/\/amberwithsilver.com\/en\/product\/naturalaus-baltijos-gintaro-karoliai-2\/","og_locale":"en_US","og_type":"article","og_title":"Nat\u016bralaus Baltijos gintaro karoliai","og_description":"Nat\u016bralaus Baltijos gintaro karoliai, Sudarytas i\u0161 netaisykling\u0173 cilindro formos karoliuk\u0173. Gintaras \u012fvairi\u0173 atspalvi\u0173 \u2013 nuo \u0161viesiai gelsvo iki sodriai","og_url":"https:\/\/amberwithsilver.com\/en\/product\/naturalaus-baltijos-gintaro-karoliai-2\/","og_site_name":"AmberWithSilver","article_modified_time":"2026-01-20T07:35:19+00:00","og_image":[{"width":900,"height":900,"url":"https:\/\/amberwithsilver.com\/wp-content\/uploads\/2025\/12\/nr-5-pirm.webp","type":"image\/webp"}],"twitter_card":"summary_large_image","twitter_misc":{"Est. reading time":"1 minute"},"schema":{"@context":"https:\/\/schema.org","@graph":[{"@type":"WebPage","@id":"https:\/\/amberwithsilver.com\/product\/naturalaus-baltijos-gintaro-karoliai-2\/","url":"https:\/\/amberwithsilver.com\/product\/naturalaus-baltijos-gintaro-karoliai-2\/","name":"Natural Baltic amber necklace","isPartOf":{"@id":"https:\/\/amberwithsilver.com\/en\/#website"},"primaryImageOfPage":{"@id":"https:\/\/amberwithsilver.com\/product\/naturalaus-baltijos-gintaro-karoliai-2\/#primaryimage"},"image":{"@id":"https:\/\/amberwithsilver.com\/product\/naturalaus-baltijos-gintaro-karoliai-2\/#primaryimage"},"thumbnailUrl":"https:\/\/amberwithsilver.com\/wp-content\/uploads\/2025\/12\/nr-5-pirm.webp","datePublished":"2025-12-09T19:25:38+00:00","dateModified":"2026-01-20T07:35:19+00:00","description":"Nat\u016bralaus Baltijos gintaro karoliai, Sudarytas i\u0161 netaisykling\u0173 cilindro formos karoliuk\u0173. Gintaras \u012fvairi\u0173 atspalvi\u0173 \u2013 nuo \u0161viesiai gelsvo iki sodriai","breadcrumb":{"@id":"https:\/\/amberwithsilver.com\/product\/naturalaus-baltijos-gintaro-karoliai-2\/#breadcrumb"},"inLanguage":"en-US","potentialAction":[{"@type":"ReadAction","target":["https:\/\/amberwithsilver.com\/product\/naturalaus-baltijos-gintaro-karoliai-2\/"]}]},{"@type":"ImageObject","inLanguage":"en-US","@id":"https:\/\/amberwithsilver.com\/product\/naturalaus-baltijos-gintaro-karoliai-2\/#primaryimage","url":"https:\/\/amberwithsilver.com\/wp-content\/uploads\/2025\/12\/nr-5-pirm.webp","contentUrl":"https:\/\/amberwithsilver.com\/wp-content\/uploads\/2025\/12\/nr-5-pirm.webp","width":900,"height":900,"caption":"Nat\u016bralaus Baltijos gintaro karoliai, Natural Baltic amber necklace"},{"@type":"BreadcrumbList","@id":"https:\/\/amberwithsilver.com\/product\/naturalaus-baltijos-gintaro-karoliai-2\/#breadcrumb","itemListElement":[{"@type":"ListItem","position":1,"name":"Home","item":"https:\/\/amberwithsilver.com\/"},{"@type":"ListItem","position":2,"name":"Parduotuv\u0117","item":"https:\/\/amberwithsilver.com\/en\/parduotuve\/"},{"@type":"ListItem","position":3,"name":"Nat\u016bralaus Baltijos gintaro karoliai"}]},{"@type":"WebSite","@id":"https:\/\/amberwithsilver.com\/en\/#website","url":"https:\/\/amberwithsilver.com\/en\/","name":"AmberWithSilver","description":"Amber-Silver","publisher":{"@id":"https:\/\/amberwithsilver.com\/en\/#organization"},"potentialAction":[{"@type":"SearchAction","target":{"@type":"EntryPoint","urlTemplate":"https:\/\/amberwithsilver.com\/en\/?s={search_term_string}"},"query-input":{"@type":"PropertyValueSpecification","valueRequired":true,"valueName":"search_term_string"}}],"inLanguage":"en-US"},{"@type":"Organization","@id":"https:\/\/amberwithsilver.com\/en\/#organization","name":"amberwithsilver","url":"https:\/\/amberwithsilver.com\/en\/","logo":{"@type":"ImageObject","inLanguage":"en-US","@id":"https:\/\/amberwithsilver.com\/en\/#\/schema\/logo\/image\/","url":"https:\/\/i0.wp.com\/amberwithsilver.com\/wp-content\/uploads\/2020\/12\/logo.jpg?fit=232%2C116&ssl=1","contentUrl":"https:\/\/i0.wp.com\/amberwithsilver.com\/wp-content\/uploads\/2020\/12\/logo.jpg?fit=232%2C116&ssl=1","width":232,"height":116,"caption":"amberwithsilver"},"image":{"@id":"https:\/\/amberwithsilver.com\/en\/#\/schema\/logo\/image\/"}}]}},"jetpack_sharing_enabled":true,"_links":{"self":[{"href":"https:\/\/amberwithsilver.com\/en\/wp-json\/wp\/v2\/product\/3911","targetHints":{"allow":["GET"]}}],"collection":[{"href":"https:\/\/amberwithsilver.com\/en\/wp-json\/wp\/v2\/product"}],"about":[{"href":"https:\/\/amberwithsilver.com\/en\/wp-json\/wp\/v2\/types\/product"}],"replies":[{"embeddable":true,"href":"https:\/\/amberwithsilver.com\/en\/wp-json\/wp\/v2\/comments?post=3911"}],"version-history":[{"count":3,"href":"https:\/\/amberwithsilver.com\/en\/wp-json\/wp\/v2\/product\/3911\/revisions"}],"predecessor-version":[{"id":3924,"href":"https:\/\/amberwithsilver.com\/en\/wp-json\/wp\/v2\/product\/3911\/revisions\/3924"}],"wp:featuredmedia":[{"embeddable":true,"href":"https:\/\/amberwithsilver.com\/en\/wp-json\/wp\/v2\/media\/3912"}],"wp:attachment":[{"href":"https:\/\/amberwithsilver.com\/en\/wp-json\/wp\/v2\/media?parent=3911"}],"wp:term":[{"taxonomy":"product_brand","embeddable":true,"href":"https:\/\/amberwithsilver.com\/en\/wp-json\/wp\/v2\/product_brand?post=3911"},{"taxonomy":"product_cat","embeddable":true,"href":"https:\/\/amberwithsilver.com\/en\/wp-json\/wp\/v2\/product_cat?post=3911"},{"taxonomy":"product_tag","embeddable":true,"href":"https:\/\/amberwithsilver.com\/en\/wp-json\/wp\/v2\/product_tag?post=3911"}],"curies":[{"name":"wp","href":"https:\/\/api.w.org\/{rel}","templated":true}]}}