{"id":3951,"date":"2025-12-30T20:55:09","date_gmt":"2025-12-30T18:55:09","guid":{"rendered":"https:\/\/amberwithsilver.com\/?post_type=product&#038;p=3951"},"modified":"2025-12-30T20:55:09","modified_gmt":"2025-12-30T18:55:09","slug":"naturalaus-baltijos-gintaro-karoliai-3","status":"publish","type":"product","link":"https:\/\/amberwithsilver.com\/en\/product\/naturalaus-baltijos-gintaro-karoliai-3\/","title":{"rendered":"Natural Baltic amber necklace"},"content":{"rendered":"<p>Natural Baltic amber necklace. Made of irregular cylindrical beads.<\/p>\n<ul>\n<li><em>Natural Baltic amber<\/em><\/li>\n<li><em>Irregular cylindrical shaped beads<\/em><\/li>\n<li><em>Amber bead size: ~ 0.5 \u2013 0.8 mm<\/em><\/li>\n<li><em>Closure: plastic screw clasp\u00a0<\/em><\/li>\n<li><em>Colors: multicolor<\/em><\/li>\n<li><em>Length:~ 55 cm\u00a0<\/em><\/li>\n<li><em>Weight: ~ 22.7 gr.<\/em><\/li>\n<\/ul>\n<p>&nbsp;<\/p>\n<p>*Please note that the color of the product may vary slightly from that shown in the photo, depending on the monitor used by the Buyer and the lighting settings in the photos.<\/p>","protected":false},"excerpt":{"rendered":"<p>Natural Baltic amber necklace. Made of irregular cylindrical beads.<\/p>\n<ul>\n<li><em>Natural Baltic amber<\/em><\/li>\n<li><em>Irregular cylindrical shaped beads<\/em><\/li>\n<li><em>Amber bead size: ~ 0.5 \u2013 0.8 mm<\/em><\/li>\n<li><em>Closure: plastic screw clasp\u00a0<\/em><\/li>\n<li><em>Colors: multicolor<\/em><\/li>\n<li><em>Length:~ 55 cm\u00a0<\/em><\/li>\n<li><em>Weight: ~ 22.7 gr.<\/em><\/li>\n<\/ul>\n<p>&nbsp;<\/p>\n<p>*Please note that the color of the product may vary slightly from that shown in the photo, depending on the monitor used by the Buyer and the lighting settings in the photos.<\/p>","protected":false},"featured_media":3954,"comment_status":"open","ping_status":"closed","template":"","meta":[],"product_brand":[],"product_cat":[35],"product_tag":[64,747,1013,1106,1107,1313,1387,1391,1392,1393,1394,1395],"class_list":{"0":"post-3951","1":"product","2":"type-product","3":"status-publish","4":"has-post-thumbnail","6":"product_cat-gintaro-karoliai","7":"product_tag-gintaras","8":"product_tag-amber","9":"product_tag-gintaro-dirbiniai","10":"product_tag-gintaro-papuosalai","11":"product_tag-amber-jewelry","12":"product_tag-gintaro-dirbiniai-kaunas","13":"product_tag-dovana-moterims","14":"product_tag-amber-workship-in-kaunas","15":"product_tag-gintaro-kurybines-dirbtuves-kaune","16":"product_tag-baltijos-gintaro-dirbiniai","17":"product_tag-baltic-amber-products","18":"product_tag-gift-for-her","20":"first","21":"instock","22":"taxable","23":"shipping-taxable","24":"purchasable","25":"product-type-simple"},"yoast_head":"<!-- This site is optimized with the Yoast SEO Premium plugin v23.4 (Yoast SEO v26.8) - https:\/\/yoast.com\/product\/yoast-seo-premium-wordpress\/ -->\n<title>Nat\u016bralaus Baltijos gintaro karoliai<\/title>\n<meta name=\"description\" content=\"Nat\u016bralaus Baltijos gintaro karoliai. Sudarytas i\u0161 netaisykling\u0173 cilindro formos karoliuk\u0173. Nat\u016bralus Baltijos gintarasNetaisyklingo cilindro formos\" \/>\n<meta name=\"robots\" content=\"index, follow, max-snippet:-1, max-image-preview:large, max-video-preview:-1\" \/>\n<link rel=\"canonical\" href=\"https:\/\/amberwithsilver.com\/en\/product\/naturalaus-baltijos-gintaro-karoliai-3\/\" \/>\n<meta property=\"og:locale\" content=\"en_US\" \/>\n<meta property=\"og:type\" content=\"article\" \/>\n<meta property=\"og:title\" content=\"Nat\u016bralaus Baltijos gintaro karoliai\" \/>\n<meta property=\"og:description\" content=\"Nat\u016bralaus Baltijos gintaro karoliai. Sudarytas i\u0161 netaisykling\u0173 cilindro formos karoliuk\u0173. Nat\u016bralus Baltijos gintarasNetaisyklingo cilindro formos\" \/>\n<meta property=\"og:url\" content=\"https:\/\/amberwithsilver.com\/en\/product\/naturalaus-baltijos-gintaro-karoliai-3\/\" \/>\n<meta property=\"og:site_name\" content=\"AmberWithSilver\" \/>\n<meta property=\"og:image\" content=\"https:\/\/amberwithsilver.com\/wp-content\/uploads\/2025\/12\/IMG_1728-1-2.webp\" \/>\n\t<meta property=\"og:image:width\" content=\"1852\" \/>\n\t<meta property=\"og:image:height\" content=\"1920\" \/>\n\t<meta property=\"og:image:type\" content=\"image\/webp\" \/>\n<meta name=\"twitter:card\" content=\"summary_large_image\" \/>\n<meta name=\"twitter:label1\" content=\"Est. reading time\" \/>\n\t<meta name=\"twitter:data1\" content=\"1 minute\" \/>\n<script type=\"application\/ld+json\" class=\"yoast-schema-graph\">{\"@context\":\"https:\/\/schema.org\",\"@graph\":[{\"@type\":\"WebPage\",\"@id\":\"https:\/\/amberwithsilver.com\/product\/naturalaus-baltijos-gintaro-karoliai-3\/\",\"url\":\"https:\/\/amberwithsilver.com\/product\/naturalaus-baltijos-gintaro-karoliai-3\/\",\"name\":\"Nat\u016bralaus Baltijos gintaro karoliai\",\"isPartOf\":{\"@id\":\"https:\/\/amberwithsilver.com\/en\/#website\"},\"primaryImageOfPage\":{\"@id\":\"https:\/\/amberwithsilver.com\/product\/naturalaus-baltijos-gintaro-karoliai-3\/#primaryimage\"},\"image\":{\"@id\":\"https:\/\/amberwithsilver.com\/product\/naturalaus-baltijos-gintaro-karoliai-3\/#primaryimage\"},\"thumbnailUrl\":\"https:\/\/amberwithsilver.com\/wp-content\/uploads\/2025\/12\/IMG_1728-1-2.webp\",\"datePublished\":\"2025-12-30T18:55:09+00:00\",\"description\":\"Nat\u016bralaus Baltijos gintaro karoliai. Sudarytas i\u0161 netaisykling\u0173 cilindro formos karoliuk\u0173. Nat\u016bralus Baltijos gintarasNetaisyklingo cilindro formos\",\"breadcrumb\":{\"@id\":\"https:\/\/amberwithsilver.com\/product\/naturalaus-baltijos-gintaro-karoliai-3\/#breadcrumb\"},\"inLanguage\":\"en-US\",\"potentialAction\":[{\"@type\":\"ReadAction\",\"target\":[\"https:\/\/amberwithsilver.com\/product\/naturalaus-baltijos-gintaro-karoliai-3\/\"]}]},{\"@type\":\"ImageObject\",\"inLanguage\":\"en-US\",\"@id\":\"https:\/\/amberwithsilver.com\/product\/naturalaus-baltijos-gintaro-karoliai-3\/#primaryimage\",\"url\":\"https:\/\/amberwithsilver.com\/wp-content\/uploads\/2025\/12\/IMG_1728-1-2.webp\",\"contentUrl\":\"https:\/\/amberwithsilver.com\/wp-content\/uploads\/2025\/12\/IMG_1728-1-2.webp\",\"width\":1852,\"height\":1920,\"caption\":\"Natural Baltic amber necklace\"},{\"@type\":\"BreadcrumbList\",\"@id\":\"https:\/\/amberwithsilver.com\/product\/naturalaus-baltijos-gintaro-karoliai-3\/#breadcrumb\",\"itemListElement\":[{\"@type\":\"ListItem\",\"position\":1,\"name\":\"Home\",\"item\":\"https:\/\/amberwithsilver.com\/\"},{\"@type\":\"ListItem\",\"position\":2,\"name\":\"Parduotuv\u0117\",\"item\":\"https:\/\/amberwithsilver.com\/en\/parduotuve\/\"},{\"@type\":\"ListItem\",\"position\":3,\"name\":\"Nat\u016bralaus Baltijos gintaro karoliai\"}]},{\"@type\":\"WebSite\",\"@id\":\"https:\/\/amberwithsilver.com\/en\/#website\",\"url\":\"https:\/\/amberwithsilver.com\/en\/\",\"name\":\"AmberWithSilver\",\"description\":\"Amber-Silver\",\"publisher\":{\"@id\":\"https:\/\/amberwithsilver.com\/en\/#organization\"},\"potentialAction\":[{\"@type\":\"SearchAction\",\"target\":{\"@type\":\"EntryPoint\",\"urlTemplate\":\"https:\/\/amberwithsilver.com\/en\/?s={search_term_string}\"},\"query-input\":{\"@type\":\"PropertyValueSpecification\",\"valueRequired\":true,\"valueName\":\"search_term_string\"}}],\"inLanguage\":\"en-US\"},{\"@type\":\"Organization\",\"@id\":\"https:\/\/amberwithsilver.com\/en\/#organization\",\"name\":\"amberwithsilver\",\"url\":\"https:\/\/amberwithsilver.com\/en\/\",\"logo\":{\"@type\":\"ImageObject\",\"inLanguage\":\"en-US\",\"@id\":\"https:\/\/amberwithsilver.com\/en\/#\/schema\/logo\/image\/\",\"url\":\"https:\/\/i0.wp.com\/amberwithsilver.com\/wp-content\/uploads\/2020\/12\/logo.jpg?fit=232%2C116&ssl=1\",\"contentUrl\":\"https:\/\/i0.wp.com\/amberwithsilver.com\/wp-content\/uploads\/2020\/12\/logo.jpg?fit=232%2C116&ssl=1\",\"width\":232,\"height\":116,\"caption\":\"amberwithsilver\"},\"image\":{\"@id\":\"https:\/\/amberwithsilver.com\/en\/#\/schema\/logo\/image\/\"}}]}<\/script>\n<!-- \/ Yoast SEO Premium plugin. -->","yoast_head_json":{"title":"Natural Baltic amber necklace","description":"Nat\u016bralaus Baltijos gintaro karoliai. Sudarytas i\u0161 netaisykling\u0173 cilindro formos karoliuk\u0173. Nat\u016bralus Baltijos gintarasNetaisyklingo cilindro formos","robots":{"index":"index","follow":"follow","max-snippet":"max-snippet:-1","max-image-preview":"max-image-preview:large","max-video-preview":"max-video-preview:-1"},"canonical":"https:\/\/amberwithsilver.com\/en\/product\/naturalaus-baltijos-gintaro-karoliai-3\/","og_locale":"en_US","og_type":"article","og_title":"Nat\u016bralaus Baltijos gintaro karoliai","og_description":"Nat\u016bralaus Baltijos gintaro karoliai. Sudarytas i\u0161 netaisykling\u0173 cilindro formos karoliuk\u0173. Nat\u016bralus Baltijos gintarasNetaisyklingo cilindro formos","og_url":"https:\/\/amberwithsilver.com\/en\/product\/naturalaus-baltijos-gintaro-karoliai-3\/","og_site_name":"AmberWithSilver","og_image":[{"width":1852,"height":1920,"url":"https:\/\/amberwithsilver.com\/wp-content\/uploads\/2025\/12\/IMG_1728-1-2.webp","type":"image\/webp"}],"twitter_card":"summary_large_image","twitter_misc":{"Est. reading time":"1 minute"},"schema":{"@context":"https:\/\/schema.org","@graph":[{"@type":"WebPage","@id":"https:\/\/amberwithsilver.com\/product\/naturalaus-baltijos-gintaro-karoliai-3\/","url":"https:\/\/amberwithsilver.com\/product\/naturalaus-baltijos-gintaro-karoliai-3\/","name":"Natural Baltic amber necklace","isPartOf":{"@id":"https:\/\/amberwithsilver.com\/en\/#website"},"primaryImageOfPage":{"@id":"https:\/\/amberwithsilver.com\/product\/naturalaus-baltijos-gintaro-karoliai-3\/#primaryimage"},"image":{"@id":"https:\/\/amberwithsilver.com\/product\/naturalaus-baltijos-gintaro-karoliai-3\/#primaryimage"},"thumbnailUrl":"https:\/\/amberwithsilver.com\/wp-content\/uploads\/2025\/12\/IMG_1728-1-2.webp","datePublished":"2025-12-30T18:55:09+00:00","description":"Nat\u016bralaus Baltijos gintaro karoliai. Sudarytas i\u0161 netaisykling\u0173 cilindro formos karoliuk\u0173. Nat\u016bralus Baltijos gintarasNetaisyklingo cilindro formos","breadcrumb":{"@id":"https:\/\/amberwithsilver.com\/product\/naturalaus-baltijos-gintaro-karoliai-3\/#breadcrumb"},"inLanguage":"en-US","potentialAction":[{"@type":"ReadAction","target":["https:\/\/amberwithsilver.com\/product\/naturalaus-baltijos-gintaro-karoliai-3\/"]}]},{"@type":"ImageObject","inLanguage":"en-US","@id":"https:\/\/amberwithsilver.com\/product\/naturalaus-baltijos-gintaro-karoliai-3\/#primaryimage","url":"https:\/\/amberwithsilver.com\/wp-content\/uploads\/2025\/12\/IMG_1728-1-2.webp","contentUrl":"https:\/\/amberwithsilver.com\/wp-content\/uploads\/2025\/12\/IMG_1728-1-2.webp","width":1852,"height":1920,"caption":"Natural Baltic amber necklace"},{"@type":"BreadcrumbList","@id":"https:\/\/amberwithsilver.com\/product\/naturalaus-baltijos-gintaro-karoliai-3\/#breadcrumb","itemListElement":[{"@type":"ListItem","position":1,"name":"Home","item":"https:\/\/amberwithsilver.com\/"},{"@type":"ListItem","position":2,"name":"Parduotuv\u0117","item":"https:\/\/amberwithsilver.com\/en\/parduotuve\/"},{"@type":"ListItem","position":3,"name":"Nat\u016bralaus Baltijos gintaro karoliai"}]},{"@type":"WebSite","@id":"https:\/\/amberwithsilver.com\/en\/#website","url":"https:\/\/amberwithsilver.com\/en\/","name":"AmberWithSilver","description":"Amber-Silver","publisher":{"@id":"https:\/\/amberwithsilver.com\/en\/#organization"},"potentialAction":[{"@type":"SearchAction","target":{"@type":"EntryPoint","urlTemplate":"https:\/\/amberwithsilver.com\/en\/?s={search_term_string}"},"query-input":{"@type":"PropertyValueSpecification","valueRequired":true,"valueName":"search_term_string"}}],"inLanguage":"en-US"},{"@type":"Organization","@id":"https:\/\/amberwithsilver.com\/en\/#organization","name":"amberwithsilver","url":"https:\/\/amberwithsilver.com\/en\/","logo":{"@type":"ImageObject","inLanguage":"en-US","@id":"https:\/\/amberwithsilver.com\/en\/#\/schema\/logo\/image\/","url":"https:\/\/i0.wp.com\/amberwithsilver.com\/wp-content\/uploads\/2020\/12\/logo.jpg?fit=232%2C116&ssl=1","contentUrl":"https:\/\/i0.wp.com\/amberwithsilver.com\/wp-content\/uploads\/2020\/12\/logo.jpg?fit=232%2C116&ssl=1","width":232,"height":116,"caption":"amberwithsilver"},"image":{"@id":"https:\/\/amberwithsilver.com\/en\/#\/schema\/logo\/image\/"}}]}},"jetpack_sharing_enabled":true,"_links":{"self":[{"href":"https:\/\/amberwithsilver.com\/en\/wp-json\/wp\/v2\/product\/3951","targetHints":{"allow":["GET"]}}],"collection":[{"href":"https:\/\/amberwithsilver.com\/en\/wp-json\/wp\/v2\/product"}],"about":[{"href":"https:\/\/amberwithsilver.com\/en\/wp-json\/wp\/v2\/types\/product"}],"replies":[{"embeddable":true,"href":"https:\/\/amberwithsilver.com\/en\/wp-json\/wp\/v2\/comments?post=3951"}],"version-history":[{"count":1,"href":"https:\/\/amberwithsilver.com\/en\/wp-json\/wp\/v2\/product\/3951\/revisions"}],"predecessor-version":[{"id":3956,"href":"https:\/\/amberwithsilver.com\/en\/wp-json\/wp\/v2\/product\/3951\/revisions\/3956"}],"wp:featuredmedia":[{"embeddable":true,"href":"https:\/\/amberwithsilver.com\/en\/wp-json\/wp\/v2\/media\/3954"}],"wp:attachment":[{"href":"https:\/\/amberwithsilver.com\/en\/wp-json\/wp\/v2\/media?parent=3951"}],"wp:term":[{"taxonomy":"product_brand","embeddable":true,"href":"https:\/\/amberwithsilver.com\/en\/wp-json\/wp\/v2\/product_brand?post=3951"},{"taxonomy":"product_cat","embeddable":true,"href":"https:\/\/amberwithsilver.com\/en\/wp-json\/wp\/v2\/product_cat?post=3951"},{"taxonomy":"product_tag","embeddable":true,"href":"https:\/\/amberwithsilver.com\/en\/wp-json\/wp\/v2\/product_tag?post=3951"}],"curies":[{"name":"wp","href":"https:\/\/api.w.org\/{rel}","templated":true}]}}