{"id":3975,"date":"2026-02-03T20:12:07","date_gmt":"2026-02-03T18:12:07","guid":{"rendered":"https:\/\/amberwithsilver.com\/?post_type=product&#038;p=3975"},"modified":"2026-02-03T20:12:07","modified_gmt":"2026-02-03T18:12:07","slug":"necklace-baltic-gold-karoliai-baltijos-auksas","status":"publish","type":"product","link":"https:\/\/amberwithsilver.com\/en\/product\/necklace-baltic-gold-karoliai-baltijos-auksas\/","title":{"rendered":"Necklace ''Baltic gold''"},"content":{"rendered":"<p>Baltic amber necklace is made of small Baltic amber leaflets. Three colors - honey, cognac and darker cognac - combine into one composition. Freeform leaflets perfectly combined with one another. Closure is made of plastic.<\/p>\n<ul>\n<li><em>Natural Baltic amber<\/em><\/li>\n<li>Baltic amber leaf beads<\/li>\n<li><em>Closure: plastic screw clasp\u00a0<\/em><\/li>\n<li><em>Colors: multicolor<\/em><\/li>\n<li><em>Length:~ 45 cm\u00a0<\/em><\/li>\n<li><em>Weight: ~ 49 grams.<\/em><\/li>\n<\/ul>\n<p>&nbsp;<\/p>\n<p>*Please note that the color of the product may vary slightly from that shown in the photo, depending on the monitor used by the Buyer and the lighting settings in the photos.<\/p>","protected":false},"excerpt":{"rendered":"<p>Baltic amber necklace is made of small Baltic amber leaflets. Three colors - honey, cognac and darker cognac - combine into one composition. Freeform leaflets perfectly combined with one another. Closure is made of plastic.<\/p>\n<ul>\n<li><em>Natural Baltic amber<\/em><\/li>\n<li>Baltic amber leaf beads<\/li>\n<li><em>Closure: plastic screw clasp\u00a0<\/em><\/li>\n<li><em>Colors: multicolor<\/em><\/li>\n<li><em>Length:~ 45 cm\u00a0<\/em><\/li>\n<li><em>Weight: ~ 49 grams.<\/em><\/li>\n<\/ul>\n<p>&nbsp;<\/p>\n<p>*Please note that the color of the product may vary slightly from that shown in the photo, depending on the monitor used by the Buyer and the lighting settings in the photos.<\/p>","protected":false},"featured_media":3976,"comment_status":"open","ping_status":"closed","template":"","meta":[],"product_brand":[],"product_cat":[35],"product_tag":[1428,64,68,747,1013,1106,1107,1313,1387,1392,1393,1394,1395,1425,1426,1427],"class_list":{"0":"post-3975","1":"product","2":"type-product","3":"status-publish","4":"has-post-thumbnail","6":"product_cat-gintaro-karoliai","7":"product_tag-necklace","8":"product_tag-gintaras","9":"product_tag-karoliai","10":"product_tag-amber","11":"product_tag-gintaro-dirbiniai","12":"product_tag-gintaro-papuosalai","13":"product_tag-amber-jewelry","14":"product_tag-gintaro-dirbiniai-kaunas","15":"product_tag-dovana-moterims","16":"product_tag-gintaro-kurybines-dirbtuves-kaune","17":"product_tag-baltijos-gintaro-dirbiniai","18":"product_tag-baltic-amber-products","19":"product_tag-gift-for-her","20":"product_tag-amber-workshop-in-kaunas","21":"product_tag-baltijos-auksas","22":"product_tag-baltic-gold","24":"first","25":"instock","26":"taxable","27":"shipping-taxable","28":"purchasable","29":"product-type-simple"},"yoast_head":"<!-- This site is optimized with the Yoast SEO Premium plugin v23.4 (Yoast SEO v26.8) - https:\/\/yoast.com\/product\/yoast-seo-premium-wordpress\/ -->\n<title>Karoliai &quot;Baltijos auksas&quot;<\/title>\n<meta name=\"description\" content=\"Karoliai &quot;Baltijos auksas&quot;. Baltijos gintaro karoliai yra pagaminti i\u0161 nat\u016brali\u0173 Baltijos gintaro lapeli\u0173. Trys spalvos - medus\" \/>\n<meta name=\"robots\" content=\"index, follow, max-snippet:-1, max-image-preview:large, max-video-preview:-1\" \/>\n<link rel=\"canonical\" href=\"https:\/\/amberwithsilver.com\/en\/product\/necklace-baltic-gold-karoliai-baltijos-auksas\/\" \/>\n<meta property=\"og:locale\" content=\"en_US\" \/>\n<meta property=\"og:type\" content=\"article\" \/>\n<meta property=\"og:title\" content=\"Karoliai &quot;Baltijos auksas&quot;\" \/>\n<meta property=\"og:description\" content=\"Karoliai &quot;Baltijos auksas&quot;. Baltijos gintaro karoliai yra pagaminti i\u0161 nat\u016brali\u0173 Baltijos gintaro lapeli\u0173. Trys spalvos - medus\" \/>\n<meta property=\"og:url\" content=\"https:\/\/amberwithsilver.com\/en\/product\/necklace-baltic-gold-karoliai-baltijos-auksas\/\" \/>\n<meta property=\"og:site_name\" content=\"AmberWithSilver\" \/>\n<meta property=\"og:image\" content=\"https:\/\/amberwithsilver.com\/wp-content\/uploads\/2026\/02\/id.-121.webp\" \/>\n\t<meta property=\"og:image:width\" content=\"1000\" \/>\n\t<meta property=\"og:image:height\" content=\"838\" \/>\n\t<meta property=\"og:image:type\" content=\"image\/webp\" \/>\n<meta name=\"twitter:card\" content=\"summary_large_image\" \/>\n<meta name=\"twitter:label1\" content=\"Est. reading time\" \/>\n\t<meta name=\"twitter:data1\" content=\"1 minute\" \/>\n<script type=\"application\/ld+json\" class=\"yoast-schema-graph\">{\"@context\":\"https:\/\/schema.org\",\"@graph\":[{\"@type\":\"WebPage\",\"@id\":\"https:\/\/amberwithsilver.com\/product\/necklace-baltic-gold-karoliai-baltijos-auksas\/\",\"url\":\"https:\/\/amberwithsilver.com\/product\/necklace-baltic-gold-karoliai-baltijos-auksas\/\",\"name\":\"Karoliai \\\"Baltijos auksas\\\"\",\"isPartOf\":{\"@id\":\"https:\/\/amberwithsilver.com\/en\/#website\"},\"primaryImageOfPage\":{\"@id\":\"https:\/\/amberwithsilver.com\/product\/necklace-baltic-gold-karoliai-baltijos-auksas\/#primaryimage\"},\"image\":{\"@id\":\"https:\/\/amberwithsilver.com\/product\/necklace-baltic-gold-karoliai-baltijos-auksas\/#primaryimage\"},\"thumbnailUrl\":\"https:\/\/amberwithsilver.com\/wp-content\/uploads\/2026\/02\/id.-121.webp\",\"datePublished\":\"2026-02-03T18:12:07+00:00\",\"description\":\"Karoliai \\\"Baltijos auksas\\\". Baltijos gintaro karoliai yra pagaminti i\u0161 nat\u016brali\u0173 Baltijos gintaro lapeli\u0173. Trys spalvos - medus\",\"breadcrumb\":{\"@id\":\"https:\/\/amberwithsilver.com\/product\/necklace-baltic-gold-karoliai-baltijos-auksas\/#breadcrumb\"},\"inLanguage\":\"en-US\",\"potentialAction\":[{\"@type\":\"ReadAction\",\"target\":[\"https:\/\/amberwithsilver.com\/product\/necklace-baltic-gold-karoliai-baltijos-auksas\/\"]}]},{\"@type\":\"ImageObject\",\"inLanguage\":\"en-US\",\"@id\":\"https:\/\/amberwithsilver.com\/product\/necklace-baltic-gold-karoliai-baltijos-auksas\/#primaryimage\",\"url\":\"https:\/\/amberwithsilver.com\/wp-content\/uploads\/2026\/02\/id.-121.webp\",\"contentUrl\":\"https:\/\/amberwithsilver.com\/wp-content\/uploads\/2026\/02\/id.-121.webp\",\"width\":1000,\"height\":838,\"caption\":\"Karoliai \\\"Baltijos auksas\\\", Necklace \\\"Baltic gold\\\"\"},{\"@type\":\"BreadcrumbList\",\"@id\":\"https:\/\/amberwithsilver.com\/product\/necklace-baltic-gold-karoliai-baltijos-auksas\/#breadcrumb\",\"itemListElement\":[{\"@type\":\"ListItem\",\"position\":1,\"name\":\"Home\",\"item\":\"https:\/\/amberwithsilver.com\/\"},{\"@type\":\"ListItem\",\"position\":2,\"name\":\"Parduotuv\u0117\",\"item\":\"https:\/\/amberwithsilver.com\/en\/parduotuve\/\"},{\"@type\":\"ListItem\",\"position\":3,\"name\":\"Karoliai &#8222;Baltijos auksas&#8221;\"}]},{\"@type\":\"WebSite\",\"@id\":\"https:\/\/amberwithsilver.com\/en\/#website\",\"url\":\"https:\/\/amberwithsilver.com\/en\/\",\"name\":\"AmberWithSilver\",\"description\":\"Amber-Silver\",\"publisher\":{\"@id\":\"https:\/\/amberwithsilver.com\/en\/#organization\"},\"potentialAction\":[{\"@type\":\"SearchAction\",\"target\":{\"@type\":\"EntryPoint\",\"urlTemplate\":\"https:\/\/amberwithsilver.com\/en\/?s={search_term_string}\"},\"query-input\":{\"@type\":\"PropertyValueSpecification\",\"valueRequired\":true,\"valueName\":\"search_term_string\"}}],\"inLanguage\":\"en-US\"},{\"@type\":\"Organization\",\"@id\":\"https:\/\/amberwithsilver.com\/en\/#organization\",\"name\":\"amberwithsilver\",\"url\":\"https:\/\/amberwithsilver.com\/en\/\",\"logo\":{\"@type\":\"ImageObject\",\"inLanguage\":\"en-US\",\"@id\":\"https:\/\/amberwithsilver.com\/en\/#\/schema\/logo\/image\/\",\"url\":\"https:\/\/i0.wp.com\/amberwithsilver.com\/wp-content\/uploads\/2020\/12\/logo.jpg?fit=232%2C116&ssl=1\",\"contentUrl\":\"https:\/\/i0.wp.com\/amberwithsilver.com\/wp-content\/uploads\/2020\/12\/logo.jpg?fit=232%2C116&ssl=1\",\"width\":232,\"height\":116,\"caption\":\"amberwithsilver\"},\"image\":{\"@id\":\"https:\/\/amberwithsilver.com\/en\/#\/schema\/logo\/image\/\"}}]}<\/script>\n<!-- \/ Yoast SEO Premium plugin. -->","yoast_head_json":{"title":"Karoliai \"Baltijos auksas\"","description":"Karoliai \"Baltijos auksas\". Baltijos gintaro karoliai yra pagaminti i\u0161 nat\u016brali\u0173 Baltijos gintaro lapeli\u0173. Trys spalvos - medus","robots":{"index":"index","follow":"follow","max-snippet":"max-snippet:-1","max-image-preview":"max-image-preview:large","max-video-preview":"max-video-preview:-1"},"canonical":"https:\/\/amberwithsilver.com\/en\/product\/necklace-baltic-gold-karoliai-baltijos-auksas\/","og_locale":"en_US","og_type":"article","og_title":"Karoliai \"Baltijos auksas\"","og_description":"Karoliai \"Baltijos auksas\". Baltijos gintaro karoliai yra pagaminti i\u0161 nat\u016brali\u0173 Baltijos gintaro lapeli\u0173. Trys spalvos - medus","og_url":"https:\/\/amberwithsilver.com\/en\/product\/necklace-baltic-gold-karoliai-baltijos-auksas\/","og_site_name":"AmberWithSilver","og_image":[{"width":1000,"height":838,"url":"https:\/\/amberwithsilver.com\/wp-content\/uploads\/2026\/02\/id.-121.webp","type":"image\/webp"}],"twitter_card":"summary_large_image","twitter_misc":{"Est. reading time":"1 minute"},"schema":{"@context":"https:\/\/schema.org","@graph":[{"@type":"WebPage","@id":"https:\/\/amberwithsilver.com\/product\/necklace-baltic-gold-karoliai-baltijos-auksas\/","url":"https:\/\/amberwithsilver.com\/product\/necklace-baltic-gold-karoliai-baltijos-auksas\/","name":"Karoliai \"Baltijos auksas\"","isPartOf":{"@id":"https:\/\/amberwithsilver.com\/en\/#website"},"primaryImageOfPage":{"@id":"https:\/\/amberwithsilver.com\/product\/necklace-baltic-gold-karoliai-baltijos-auksas\/#primaryimage"},"image":{"@id":"https:\/\/amberwithsilver.com\/product\/necklace-baltic-gold-karoliai-baltijos-auksas\/#primaryimage"},"thumbnailUrl":"https:\/\/amberwithsilver.com\/wp-content\/uploads\/2026\/02\/id.-121.webp","datePublished":"2026-02-03T18:12:07+00:00","description":"Karoliai \"Baltijos auksas\". Baltijos gintaro karoliai yra pagaminti i\u0161 nat\u016brali\u0173 Baltijos gintaro lapeli\u0173. Trys spalvos - medus","breadcrumb":{"@id":"https:\/\/amberwithsilver.com\/product\/necklace-baltic-gold-karoliai-baltijos-auksas\/#breadcrumb"},"inLanguage":"en-US","potentialAction":[{"@type":"ReadAction","target":["https:\/\/amberwithsilver.com\/product\/necklace-baltic-gold-karoliai-baltijos-auksas\/"]}]},{"@type":"ImageObject","inLanguage":"en-US","@id":"https:\/\/amberwithsilver.com\/product\/necklace-baltic-gold-karoliai-baltijos-auksas\/#primaryimage","url":"https:\/\/amberwithsilver.com\/wp-content\/uploads\/2026\/02\/id.-121.webp","contentUrl":"https:\/\/amberwithsilver.com\/wp-content\/uploads\/2026\/02\/id.-121.webp","width":1000,"height":838,"caption":"Karoliai \"Baltijos auksas\", Necklace \"Baltic gold\""},{"@type":"BreadcrumbList","@id":"https:\/\/amberwithsilver.com\/product\/necklace-baltic-gold-karoliai-baltijos-auksas\/#breadcrumb","itemListElement":[{"@type":"ListItem","position":1,"name":"Home","item":"https:\/\/amberwithsilver.com\/"},{"@type":"ListItem","position":2,"name":"Parduotuv\u0117","item":"https:\/\/amberwithsilver.com\/en\/parduotuve\/"},{"@type":"ListItem","position":3,"name":"Karoliai &#8222;Baltijos auksas&#8221;"}]},{"@type":"WebSite","@id":"https:\/\/amberwithsilver.com\/en\/#website","url":"https:\/\/amberwithsilver.com\/en\/","name":"AmberWithSilver","description":"Amber-Silver","publisher":{"@id":"https:\/\/amberwithsilver.com\/en\/#organization"},"potentialAction":[{"@type":"SearchAction","target":{"@type":"EntryPoint","urlTemplate":"https:\/\/amberwithsilver.com\/en\/?s={search_term_string}"},"query-input":{"@type":"PropertyValueSpecification","valueRequired":true,"valueName":"search_term_string"}}],"inLanguage":"en-US"},{"@type":"Organization","@id":"https:\/\/amberwithsilver.com\/en\/#organization","name":"amberwithsilver","url":"https:\/\/amberwithsilver.com\/en\/","logo":{"@type":"ImageObject","inLanguage":"en-US","@id":"https:\/\/amberwithsilver.com\/en\/#\/schema\/logo\/image\/","url":"https:\/\/i0.wp.com\/amberwithsilver.com\/wp-content\/uploads\/2020\/12\/logo.jpg?fit=232%2C116&ssl=1","contentUrl":"https:\/\/i0.wp.com\/amberwithsilver.com\/wp-content\/uploads\/2020\/12\/logo.jpg?fit=232%2C116&ssl=1","width":232,"height":116,"caption":"amberwithsilver"},"image":{"@id":"https:\/\/amberwithsilver.com\/en\/#\/schema\/logo\/image\/"}}]}},"jetpack_sharing_enabled":true,"_links":{"self":[{"href":"https:\/\/amberwithsilver.com\/en\/wp-json\/wp\/v2\/product\/3975","targetHints":{"allow":["GET"]}}],"collection":[{"href":"https:\/\/amberwithsilver.com\/en\/wp-json\/wp\/v2\/product"}],"about":[{"href":"https:\/\/amberwithsilver.com\/en\/wp-json\/wp\/v2\/types\/product"}],"replies":[{"embeddable":true,"href":"https:\/\/amberwithsilver.com\/en\/wp-json\/wp\/v2\/comments?post=3975"}],"version-history":[{"count":1,"href":"https:\/\/amberwithsilver.com\/en\/wp-json\/wp\/v2\/product\/3975\/revisions"}],"predecessor-version":[{"id":3977,"href":"https:\/\/amberwithsilver.com\/en\/wp-json\/wp\/v2\/product\/3975\/revisions\/3977"}],"wp:featuredmedia":[{"embeddable":true,"href":"https:\/\/amberwithsilver.com\/en\/wp-json\/wp\/v2\/media\/3976"}],"wp:attachment":[{"href":"https:\/\/amberwithsilver.com\/en\/wp-json\/wp\/v2\/media?parent=3975"}],"wp:term":[{"taxonomy":"product_brand","embeddable":true,"href":"https:\/\/amberwithsilver.com\/en\/wp-json\/wp\/v2\/product_brand?post=3975"},{"taxonomy":"product_cat","embeddable":true,"href":"https:\/\/amberwithsilver.com\/en\/wp-json\/wp\/v2\/product_cat?post=3975"},{"taxonomy":"product_tag","embeddable":true,"href":"https:\/\/amberwithsilver.com\/en\/wp-json\/wp\/v2\/product_tag?post=3975"}],"curies":[{"name":"wp","href":"https:\/\/api.w.org\/{rel}","templated":true}]}}