{"id":4003,"date":"2026-02-12T21:58:49","date_gmt":"2026-02-12T19:58:49","guid":{"rendered":"https:\/\/amberwithsilver.com\/?post_type=product&#038;p=4003"},"modified":"2026-02-20T20:12:05","modified_gmt":"2026-02-20T18:12:05","slug":"verinys-gintaro-spindesys","status":"publish","type":"product","link":"https:\/\/amberwithsilver.com\/en\/product\/verinys-gintaro-spindesys\/","title":{"rendered":"Necklace - Amber shine"},"content":{"rendered":"<p>Carefully polished and softly round Baltic amber beads arranged in a three row necklace lay comfortably against the skin. Softly rounded on the special jewelry anti-allergic wire. The playfully composed faceted amber olives give the lightness and elegance.<\/p>\n<ul>\n<li><em>Natural Baltic amber<\/em><\/li>\n<li><em>Faceted amber beads<\/em><\/li>\n<li><em>Size of amber beads ~ 1.1\u00d71.8 cm<\/em><\/li>\n<li><em>Clasp \u2013 Silver 925<\/em><\/li>\n<li><em>Colors: multicolor<\/em><\/li>\n<li><em>Length \u2013 45cm<\/em><\/li>\n<li><em>Weight: ~ 14.90 grams.<\/em><\/li>\n<\/ul>\n<p>&nbsp;<\/p>\n<p>*Please note that the color of the product may vary slightly from that shown in the photo, depending on the monitor used by the Buyer and the lighting settings in the photos.<\/p>","protected":false},"excerpt":{"rendered":"<p>Carefully polished and softly round Baltic amber beads arranged in a three row necklace lay comfortably against the skin. Softly rounded on the special jewelry anti-allergic wire. The playfully composed faceted amber olives give the lightness and elegance.<\/p>\n<ul>\n<li><em>Natural Baltic amber<\/em><\/li>\n<li><em>Faceted amber beads<\/em><\/li>\n<li><em>Size of amber beads ~ 1.1\u00d71.8 cm<\/em><\/li>\n<li><em>Clasp \u2013 Silver 925<\/em><\/li>\n<li><em>Colors: multicolor<\/em><\/li>\n<li><em>Length \u2013 45cm<\/em><\/li>\n<li><em>Weight: ~ 14.90 grams.<\/em><\/li>\n<\/ul>\n<p>&nbsp;<\/p>\n<p>*Please note that the color of the product may vary slightly from that shown in the photo, depending on the monitor used by the Buyer and the lighting settings in the photos.<\/p>","protected":false},"featured_media":4004,"comment_status":"open","ping_status":"closed","template":"","meta":[],"product_brand":[],"product_cat":[35],"product_tag":[64,747,1013,1106,1107,1313,1387,1392,1393,1394,1395,1425,1433],"class_list":{"0":"post-4003","1":"product","2":"type-product","3":"status-publish","4":"has-post-thumbnail","6":"product_cat-gintaro-karoliai","7":"product_tag-gintaras","8":"product_tag-amber","9":"product_tag-gintaro-dirbiniai","10":"product_tag-gintaro-papuosalai","11":"product_tag-amber-jewelry","12":"product_tag-gintaro-dirbiniai-kaunas","13":"product_tag-dovana-moterims","14":"product_tag-gintaro-kurybines-dirbtuves-kaune","15":"product_tag-baltijos-gintaro-dirbiniai","16":"product_tag-baltic-amber-products","17":"product_tag-gift-for-her","18":"product_tag-amber-workshop-in-kaunas","19":"product_tag-gintaro-spindesys","21":"first","22":"instock","23":"taxable","24":"shipping-taxable","25":"purchasable","26":"product-type-simple"},"yoast_head":"<!-- This site is optimized with the Yoast SEO Premium plugin v23.4 (Yoast SEO v26.8) - https:\/\/yoast.com\/product\/yoast-seo-premium-wordpress\/ -->\n<title>V\u0117rinys - Gintaro spindesys<\/title>\n<meta name=\"description\" content=\"Trij\u0173 eili\u0173 v\u0117rinys su kruop\u0161\u010diai atrinktais ir poliruotais gintariukais. Suverti ant specialios antialergin\u0117s juvelyrin\u0117s vielut\u0117s.\" \/>\n<meta name=\"robots\" content=\"index, follow, max-snippet:-1, max-image-preview:large, max-video-preview:-1\" \/>\n<link rel=\"canonical\" href=\"https:\/\/amberwithsilver.com\/en\/product\/verinys-gintaro-spindesys\/\" \/>\n<meta property=\"og:locale\" content=\"en_US\" \/>\n<meta property=\"og:type\" content=\"article\" \/>\n<meta property=\"og:title\" content=\"V\u0117rinys - Gintaro spindesys\" \/>\n<meta property=\"og:description\" content=\"Trij\u0173 eili\u0173 v\u0117rinys su kruop\u0161\u010diai atrinktais ir poliruotais gintariukais. Suverti ant specialios antialergin\u0117s juvelyrin\u0117s vielut\u0117s.\" \/>\n<meta property=\"og:url\" content=\"https:\/\/amberwithsilver.com\/en\/product\/verinys-gintaro-spindesys\/\" \/>\n<meta property=\"og:site_name\" content=\"AmberWithSilver\" \/>\n<meta property=\"article:modified_time\" content=\"2026-02-20T18:12:05+00:00\" \/>\n<meta property=\"og:image\" content=\"https:\/\/amberwithsilver.com\/wp-content\/uploads\/2026\/02\/id.-296.webp\" \/>\n\t<meta property=\"og:image:width\" content=\"1000\" \/>\n\t<meta property=\"og:image:height\" content=\"838\" \/>\n\t<meta property=\"og:image:type\" content=\"image\/webp\" \/>\n<meta name=\"twitter:card\" content=\"summary_large_image\" \/>\n<meta name=\"twitter:label1\" content=\"Est. reading time\" \/>\n\t<meta name=\"twitter:data1\" content=\"1 minute\" \/>\n<script type=\"application\/ld+json\" class=\"yoast-schema-graph\">{\"@context\":\"https:\/\/schema.org\",\"@graph\":[{\"@type\":\"WebPage\",\"@id\":\"https:\/\/amberwithsilver.com\/product\/verinys-gintaro-spindesys\/\",\"url\":\"https:\/\/amberwithsilver.com\/product\/verinys-gintaro-spindesys\/\",\"name\":\"V\u0117rinys - Gintaro spindesys\",\"isPartOf\":{\"@id\":\"https:\/\/amberwithsilver.com\/en\/#website\"},\"primaryImageOfPage\":{\"@id\":\"https:\/\/amberwithsilver.com\/product\/verinys-gintaro-spindesys\/#primaryimage\"},\"image\":{\"@id\":\"https:\/\/amberwithsilver.com\/product\/verinys-gintaro-spindesys\/#primaryimage\"},\"thumbnailUrl\":\"https:\/\/amberwithsilver.com\/wp-content\/uploads\/2026\/02\/id.-296.webp\",\"datePublished\":\"2026-02-12T19:58:49+00:00\",\"dateModified\":\"2026-02-20T18:12:05+00:00\",\"description\":\"Trij\u0173 eili\u0173 v\u0117rinys su kruop\u0161\u010diai atrinktais ir poliruotais gintariukais. Suverti ant specialios antialergin\u0117s juvelyrin\u0117s vielut\u0117s.\",\"breadcrumb\":{\"@id\":\"https:\/\/amberwithsilver.com\/product\/verinys-gintaro-spindesys\/#breadcrumb\"},\"inLanguage\":\"en-US\",\"potentialAction\":[{\"@type\":\"ReadAction\",\"target\":[\"https:\/\/amberwithsilver.com\/product\/verinys-gintaro-spindesys\/\"]}]},{\"@type\":\"ImageObject\",\"inLanguage\":\"en-US\",\"@id\":\"https:\/\/amberwithsilver.com\/product\/verinys-gintaro-spindesys\/#primaryimage\",\"url\":\"https:\/\/amberwithsilver.com\/wp-content\/uploads\/2026\/02\/id.-296.webp\",\"contentUrl\":\"https:\/\/amberwithsilver.com\/wp-content\/uploads\/2026\/02\/id.-296.webp\",\"width\":1000,\"height\":838,\"caption\":\"V\u0117rinys - Gintaro spindesys, Necklace - Amber shine\"},{\"@type\":\"BreadcrumbList\",\"@id\":\"https:\/\/amberwithsilver.com\/product\/verinys-gintaro-spindesys\/#breadcrumb\",\"itemListElement\":[{\"@type\":\"ListItem\",\"position\":1,\"name\":\"Home\",\"item\":\"https:\/\/amberwithsilver.com\/\"},{\"@type\":\"ListItem\",\"position\":2,\"name\":\"Parduotuv\u0117\",\"item\":\"https:\/\/amberwithsilver.com\/en\/parduotuve\/\"},{\"@type\":\"ListItem\",\"position\":3,\"name\":\"V\u0117rinys &#8211; Gintaro spindesys\"}]},{\"@type\":\"WebSite\",\"@id\":\"https:\/\/amberwithsilver.com\/en\/#website\",\"url\":\"https:\/\/amberwithsilver.com\/en\/\",\"name\":\"AmberWithSilver\",\"description\":\"Amber-Silver\",\"publisher\":{\"@id\":\"https:\/\/amberwithsilver.com\/en\/#organization\"},\"potentialAction\":[{\"@type\":\"SearchAction\",\"target\":{\"@type\":\"EntryPoint\",\"urlTemplate\":\"https:\/\/amberwithsilver.com\/en\/?s={search_term_string}\"},\"query-input\":{\"@type\":\"PropertyValueSpecification\",\"valueRequired\":true,\"valueName\":\"search_term_string\"}}],\"inLanguage\":\"en-US\"},{\"@type\":\"Organization\",\"@id\":\"https:\/\/amberwithsilver.com\/en\/#organization\",\"name\":\"amberwithsilver\",\"url\":\"https:\/\/amberwithsilver.com\/en\/\",\"logo\":{\"@type\":\"ImageObject\",\"inLanguage\":\"en-US\",\"@id\":\"https:\/\/amberwithsilver.com\/en\/#\/schema\/logo\/image\/\",\"url\":\"https:\/\/i0.wp.com\/amberwithsilver.com\/wp-content\/uploads\/2020\/12\/logo.jpg?fit=232%2C116&ssl=1\",\"contentUrl\":\"https:\/\/i0.wp.com\/amberwithsilver.com\/wp-content\/uploads\/2020\/12\/logo.jpg?fit=232%2C116&ssl=1\",\"width\":232,\"height\":116,\"caption\":\"amberwithsilver\"},\"image\":{\"@id\":\"https:\/\/amberwithsilver.com\/en\/#\/schema\/logo\/image\/\"}}]}<\/script>\n<!-- \/ Yoast SEO Premium plugin. -->","yoast_head_json":{"title":"V\u0117rinys - Gintaro spindesys","description":"Trij\u0173 eili\u0173 v\u0117rinys su kruop\u0161\u010diai atrinktais ir poliruotais gintariukais. Suverti ant specialios antialergin\u0117s juvelyrin\u0117s vielut\u0117s.","robots":{"index":"index","follow":"follow","max-snippet":"max-snippet:-1","max-image-preview":"max-image-preview:large","max-video-preview":"max-video-preview:-1"},"canonical":"https:\/\/amberwithsilver.com\/en\/product\/verinys-gintaro-spindesys\/","og_locale":"en_US","og_type":"article","og_title":"V\u0117rinys - Gintaro spindesys","og_description":"Trij\u0173 eili\u0173 v\u0117rinys su kruop\u0161\u010diai atrinktais ir poliruotais gintariukais. Suverti ant specialios antialergin\u0117s juvelyrin\u0117s vielut\u0117s.","og_url":"https:\/\/amberwithsilver.com\/en\/product\/verinys-gintaro-spindesys\/","og_site_name":"AmberWithSilver","article_modified_time":"2026-02-20T18:12:05+00:00","og_image":[{"width":1000,"height":838,"url":"https:\/\/amberwithsilver.com\/wp-content\/uploads\/2026\/02\/id.-296.webp","type":"image\/webp"}],"twitter_card":"summary_large_image","twitter_misc":{"Est. reading time":"1 minute"},"schema":{"@context":"https:\/\/schema.org","@graph":[{"@type":"WebPage","@id":"https:\/\/amberwithsilver.com\/product\/verinys-gintaro-spindesys\/","url":"https:\/\/amberwithsilver.com\/product\/verinys-gintaro-spindesys\/","name":"V\u0117rinys - Gintaro spindesys","isPartOf":{"@id":"https:\/\/amberwithsilver.com\/en\/#website"},"primaryImageOfPage":{"@id":"https:\/\/amberwithsilver.com\/product\/verinys-gintaro-spindesys\/#primaryimage"},"image":{"@id":"https:\/\/amberwithsilver.com\/product\/verinys-gintaro-spindesys\/#primaryimage"},"thumbnailUrl":"https:\/\/amberwithsilver.com\/wp-content\/uploads\/2026\/02\/id.-296.webp","datePublished":"2026-02-12T19:58:49+00:00","dateModified":"2026-02-20T18:12:05+00:00","description":"Trij\u0173 eili\u0173 v\u0117rinys su kruop\u0161\u010diai atrinktais ir poliruotais gintariukais. Suverti ant specialios antialergin\u0117s juvelyrin\u0117s vielut\u0117s.","breadcrumb":{"@id":"https:\/\/amberwithsilver.com\/product\/verinys-gintaro-spindesys\/#breadcrumb"},"inLanguage":"en-US","potentialAction":[{"@type":"ReadAction","target":["https:\/\/amberwithsilver.com\/product\/verinys-gintaro-spindesys\/"]}]},{"@type":"ImageObject","inLanguage":"en-US","@id":"https:\/\/amberwithsilver.com\/product\/verinys-gintaro-spindesys\/#primaryimage","url":"https:\/\/amberwithsilver.com\/wp-content\/uploads\/2026\/02\/id.-296.webp","contentUrl":"https:\/\/amberwithsilver.com\/wp-content\/uploads\/2026\/02\/id.-296.webp","width":1000,"height":838,"caption":"V\u0117rinys - Gintaro spindesys, Necklace - Amber shine"},{"@type":"BreadcrumbList","@id":"https:\/\/amberwithsilver.com\/product\/verinys-gintaro-spindesys\/#breadcrumb","itemListElement":[{"@type":"ListItem","position":1,"name":"Home","item":"https:\/\/amberwithsilver.com\/"},{"@type":"ListItem","position":2,"name":"Parduotuv\u0117","item":"https:\/\/amberwithsilver.com\/en\/parduotuve\/"},{"@type":"ListItem","position":3,"name":"V\u0117rinys &#8211; Gintaro spindesys"}]},{"@type":"WebSite","@id":"https:\/\/amberwithsilver.com\/en\/#website","url":"https:\/\/amberwithsilver.com\/en\/","name":"AmberWithSilver","description":"Amber-Silver","publisher":{"@id":"https:\/\/amberwithsilver.com\/en\/#organization"},"potentialAction":[{"@type":"SearchAction","target":{"@type":"EntryPoint","urlTemplate":"https:\/\/amberwithsilver.com\/en\/?s={search_term_string}"},"query-input":{"@type":"PropertyValueSpecification","valueRequired":true,"valueName":"search_term_string"}}],"inLanguage":"en-US"},{"@type":"Organization","@id":"https:\/\/amberwithsilver.com\/en\/#organization","name":"amberwithsilver","url":"https:\/\/amberwithsilver.com\/en\/","logo":{"@type":"ImageObject","inLanguage":"en-US","@id":"https:\/\/amberwithsilver.com\/en\/#\/schema\/logo\/image\/","url":"https:\/\/i0.wp.com\/amberwithsilver.com\/wp-content\/uploads\/2020\/12\/logo.jpg?fit=232%2C116&ssl=1","contentUrl":"https:\/\/i0.wp.com\/amberwithsilver.com\/wp-content\/uploads\/2020\/12\/logo.jpg?fit=232%2C116&ssl=1","width":232,"height":116,"caption":"amberwithsilver"},"image":{"@id":"https:\/\/amberwithsilver.com\/en\/#\/schema\/logo\/image\/"}}]}},"jetpack_sharing_enabled":true,"_links":{"self":[{"href":"https:\/\/amberwithsilver.com\/en\/wp-json\/wp\/v2\/product\/4003","targetHints":{"allow":["GET"]}}],"collection":[{"href":"https:\/\/amberwithsilver.com\/en\/wp-json\/wp\/v2\/product"}],"about":[{"href":"https:\/\/amberwithsilver.com\/en\/wp-json\/wp\/v2\/types\/product"}],"replies":[{"embeddable":true,"href":"https:\/\/amberwithsilver.com\/en\/wp-json\/wp\/v2\/comments?post=4003"}],"version-history":[{"count":3,"href":"https:\/\/amberwithsilver.com\/en\/wp-json\/wp\/v2\/product\/4003\/revisions"}],"predecessor-version":[{"id":4093,"href":"https:\/\/amberwithsilver.com\/en\/wp-json\/wp\/v2\/product\/4003\/revisions\/4093"}],"wp:featuredmedia":[{"embeddable":true,"href":"https:\/\/amberwithsilver.com\/en\/wp-json\/wp\/v2\/media\/4004"}],"wp:attachment":[{"href":"https:\/\/amberwithsilver.com\/en\/wp-json\/wp\/v2\/media?parent=4003"}],"wp:term":[{"taxonomy":"product_brand","embeddable":true,"href":"https:\/\/amberwithsilver.com\/en\/wp-json\/wp\/v2\/product_brand?post=4003"},{"taxonomy":"product_cat","embeddable":true,"href":"https:\/\/amberwithsilver.com\/en\/wp-json\/wp\/v2\/product_cat?post=4003"},{"taxonomy":"product_tag","embeddable":true,"href":"https:\/\/amberwithsilver.com\/en\/wp-json\/wp\/v2\/product_tag?post=4003"}],"curies":[{"name":"wp","href":"https:\/\/api.w.org\/{rel}","templated":true}]}}