{"id":4016,"date":"2026-02-12T22:30:28","date_gmt":"2026-02-12T20:30:28","guid":{"rendered":"https:\/\/amberwithsilver.com\/?post_type=product&#038;p=4016"},"modified":"2026-02-20T20:01:09","modified_gmt":"2026-02-20T18:01:09","slug":"zavingas-gintaro-verinys","status":"publish","type":"product","link":"https:\/\/amberwithsilver.com\/en\/product\/zavingas-gintaro-verinys\/","title":{"rendered":"Lovely amber necklace"},"content":{"rendered":"<p>Lovely amber necklace is made of natural Baltic amber, handcrafted by qualified specialist and experienced designers. This bright cognac color necklace provides a sense of luxury. Marvelous amber stones containing solar energy and the sunrise light just ask for constant touch. Carefully polished and softly round pure amber lay comfortably against the skin. This allows maximum skin contact and gives added comfort to you. Closure is made of amber.<\/p>\n<ul>\n<li><em>Natural Baltic amber<\/em><\/li>\n<li>Clasp is made of amber<\/li>\n<li><em>Color: cognac<\/em><\/li>\n<li><em>Length:~ 42 cm\u00a0<\/em><\/li>\n<li><em>Weight: ~ 30.60 grams.<\/em><\/li>\n<\/ul>\n<p>&nbsp;<\/p>\n<p>*Please note that the color of the product may vary slightly from that shown in the photo, depending on the monitor used by the Buyer and the lighting settings in the photos.<\/p>","protected":false},"excerpt":{"rendered":"<p>Lovely amber necklace is made of natural Baltic amber, handcrafted by qualified specialist and experienced designers. This bright cognac color necklace provides a sense of luxury. Marvelous amber stones containing solar energy and the sunrise light just ask for constant touch. Carefully polished and softly round pure amber lay comfortably against the skin. This allows maximum skin contact and gives added comfort to you. Closure is made of amber.<\/p>\n<ul>\n<li><em>Natural Baltic amber<\/em><\/li>\n<li>Clasp is made of amber<\/li>\n<li><em>Color: cognac<\/em><\/li>\n<li><em>Length:~ 42 cm\u00a0<\/em><\/li>\n<li><em>Weight: ~ 30.60 grams.<\/em><\/li>\n<\/ul>\n<p>&nbsp;<\/p>\n<p>*Please note that the color of the product may vary slightly from that shown in the photo, depending on the monitor used by the Buyer and the lighting settings in the photos.<\/p>","protected":false},"featured_media":4017,"comment_status":"open","ping_status":"closed","template":"","meta":[],"product_brand":[],"product_cat":[35],"product_tag":[64,747,1013,1106,1107,1313,1387,1392,1393,1394,1395,1425,1434],"class_list":{"0":"post-4016","1":"product","2":"type-product","3":"status-publish","4":"has-post-thumbnail","6":"product_cat-gintaro-karoliai","7":"product_tag-gintaras","8":"product_tag-amber","9":"product_tag-gintaro-dirbiniai","10":"product_tag-gintaro-papuosalai","11":"product_tag-amber-jewelry","12":"product_tag-gintaro-dirbiniai-kaunas","13":"product_tag-dovana-moterims","14":"product_tag-gintaro-kurybines-dirbtuves-kaune","15":"product_tag-baltijos-gintaro-dirbiniai","16":"product_tag-baltic-amber-products","17":"product_tag-gift-for-her","18":"product_tag-amber-workshop-in-kaunas","19":"product_tag-zavingas-gintaro-verinys","21":"first","22":"instock","23":"taxable","24":"shipping-taxable","25":"purchasable","26":"product-type-simple"},"yoast_head":"<!-- This site is optimized with the Yoast SEO Premium plugin v23.4 (Yoast SEO v26.8) - https:\/\/yoast.com\/product\/yoast-seo-premium-wordpress\/ -->\n<title>\u017davingas gintaro v\u0117rinys<\/title>\n<meta name=\"description\" content=\"\u017davingas gintaro v\u0117rinys yra pagamintas i\u0161 nat\u016bralaus Baltijos gintaro, kur\u012f suk\u016br\u0117 rankomis gaminantys kvalifikuoti gamybos specialistai\" \/>\n<meta name=\"robots\" content=\"index, follow, max-snippet:-1, max-image-preview:large, max-video-preview:-1\" \/>\n<link rel=\"canonical\" href=\"https:\/\/amberwithsilver.com\/en\/product\/zavingas-gintaro-verinys\/\" \/>\n<meta property=\"og:locale\" content=\"en_US\" \/>\n<meta property=\"og:type\" content=\"article\" \/>\n<meta property=\"og:title\" content=\"\u017davingas gintaro v\u0117rinys\" \/>\n<meta property=\"og:description\" content=\"\u017davingas gintaro v\u0117rinys yra pagamintas i\u0161 nat\u016bralaus Baltijos gintaro, kur\u012f suk\u016br\u0117 rankomis gaminantys kvalifikuoti gamybos specialistai\" \/>\n<meta property=\"og:url\" content=\"https:\/\/amberwithsilver.com\/en\/product\/zavingas-gintaro-verinys\/\" \/>\n<meta property=\"og:site_name\" content=\"AmberWithSilver\" \/>\n<meta property=\"article:modified_time\" content=\"2026-02-20T18:01:09+00:00\" \/>\n<meta property=\"og:image\" content=\"https:\/\/amberwithsilver.com\/wp-content\/uploads\/2026\/02\/id.-351.webp\" \/>\n\t<meta property=\"og:image:width\" content=\"1000\" \/>\n\t<meta property=\"og:image:height\" content=\"838\" \/>\n\t<meta property=\"og:image:type\" content=\"image\/webp\" \/>\n<meta name=\"twitter:card\" content=\"summary_large_image\" \/>\n<meta name=\"twitter:label1\" content=\"Est. reading time\" \/>\n\t<meta name=\"twitter:data1\" content=\"1 minute\" \/>\n<script type=\"application\/ld+json\" class=\"yoast-schema-graph\">{\"@context\":\"https:\/\/schema.org\",\"@graph\":[{\"@type\":\"WebPage\",\"@id\":\"https:\/\/amberwithsilver.com\/product\/zavingas-gintaro-verinys\/\",\"url\":\"https:\/\/amberwithsilver.com\/product\/zavingas-gintaro-verinys\/\",\"name\":\"\u017davingas gintaro v\u0117rinys\",\"isPartOf\":{\"@id\":\"https:\/\/amberwithsilver.com\/en\/#website\"},\"primaryImageOfPage\":{\"@id\":\"https:\/\/amberwithsilver.com\/product\/zavingas-gintaro-verinys\/#primaryimage\"},\"image\":{\"@id\":\"https:\/\/amberwithsilver.com\/product\/zavingas-gintaro-verinys\/#primaryimage\"},\"thumbnailUrl\":\"https:\/\/amberwithsilver.com\/wp-content\/uploads\/2026\/02\/id.-351.webp\",\"datePublished\":\"2026-02-12T20:30:28+00:00\",\"dateModified\":\"2026-02-20T18:01:09+00:00\",\"description\":\"\u017davingas gintaro v\u0117rinys yra pagamintas i\u0161 nat\u016bralaus Baltijos gintaro, kur\u012f suk\u016br\u0117 rankomis gaminantys kvalifikuoti gamybos specialistai\",\"breadcrumb\":{\"@id\":\"https:\/\/amberwithsilver.com\/product\/zavingas-gintaro-verinys\/#breadcrumb\"},\"inLanguage\":\"en-US\",\"potentialAction\":[{\"@type\":\"ReadAction\",\"target\":[\"https:\/\/amberwithsilver.com\/product\/zavingas-gintaro-verinys\/\"]}]},{\"@type\":\"ImageObject\",\"inLanguage\":\"en-US\",\"@id\":\"https:\/\/amberwithsilver.com\/product\/zavingas-gintaro-verinys\/#primaryimage\",\"url\":\"https:\/\/amberwithsilver.com\/wp-content\/uploads\/2026\/02\/id.-351.webp\",\"contentUrl\":\"https:\/\/amberwithsilver.com\/wp-content\/uploads\/2026\/02\/id.-351.webp\",\"width\":1000,\"height\":838,\"caption\":\"\u017davingas gintaro v\u0117rinys, Lovely amber necklace\"},{\"@type\":\"BreadcrumbList\",\"@id\":\"https:\/\/amberwithsilver.com\/product\/zavingas-gintaro-verinys\/#breadcrumb\",\"itemListElement\":[{\"@type\":\"ListItem\",\"position\":1,\"name\":\"Home\",\"item\":\"https:\/\/amberwithsilver.com\/\"},{\"@type\":\"ListItem\",\"position\":2,\"name\":\"Parduotuv\u0117\",\"item\":\"https:\/\/amberwithsilver.com\/en\/parduotuve\/\"},{\"@type\":\"ListItem\",\"position\":3,\"name\":\"\u017davingas gintaro v\u0117rinys\"}]},{\"@type\":\"WebSite\",\"@id\":\"https:\/\/amberwithsilver.com\/en\/#website\",\"url\":\"https:\/\/amberwithsilver.com\/en\/\",\"name\":\"AmberWithSilver\",\"description\":\"Amber-Silver\",\"publisher\":{\"@id\":\"https:\/\/amberwithsilver.com\/en\/#organization\"},\"potentialAction\":[{\"@type\":\"SearchAction\",\"target\":{\"@type\":\"EntryPoint\",\"urlTemplate\":\"https:\/\/amberwithsilver.com\/en\/?s={search_term_string}\"},\"query-input\":{\"@type\":\"PropertyValueSpecification\",\"valueRequired\":true,\"valueName\":\"search_term_string\"}}],\"inLanguage\":\"en-US\"},{\"@type\":\"Organization\",\"@id\":\"https:\/\/amberwithsilver.com\/en\/#organization\",\"name\":\"amberwithsilver\",\"url\":\"https:\/\/amberwithsilver.com\/en\/\",\"logo\":{\"@type\":\"ImageObject\",\"inLanguage\":\"en-US\",\"@id\":\"https:\/\/amberwithsilver.com\/en\/#\/schema\/logo\/image\/\",\"url\":\"https:\/\/i0.wp.com\/amberwithsilver.com\/wp-content\/uploads\/2020\/12\/logo.jpg?fit=232%2C116&ssl=1\",\"contentUrl\":\"https:\/\/i0.wp.com\/amberwithsilver.com\/wp-content\/uploads\/2020\/12\/logo.jpg?fit=232%2C116&ssl=1\",\"width\":232,\"height\":116,\"caption\":\"amberwithsilver\"},\"image\":{\"@id\":\"https:\/\/amberwithsilver.com\/en\/#\/schema\/logo\/image\/\"}}]}<\/script>\n<!-- \/ Yoast SEO Premium plugin. -->","yoast_head_json":{"title":"Lovely amber necklace","description":"\u017davingas gintaro v\u0117rinys yra pagamintas i\u0161 nat\u016bralaus Baltijos gintaro, kur\u012f suk\u016br\u0117 rankomis gaminantys kvalifikuoti gamybos specialistai","robots":{"index":"index","follow":"follow","max-snippet":"max-snippet:-1","max-image-preview":"max-image-preview:large","max-video-preview":"max-video-preview:-1"},"canonical":"https:\/\/amberwithsilver.com\/en\/product\/zavingas-gintaro-verinys\/","og_locale":"en_US","og_type":"article","og_title":"\u017davingas gintaro v\u0117rinys","og_description":"\u017davingas gintaro v\u0117rinys yra pagamintas i\u0161 nat\u016bralaus Baltijos gintaro, kur\u012f suk\u016br\u0117 rankomis gaminantys kvalifikuoti gamybos specialistai","og_url":"https:\/\/amberwithsilver.com\/en\/product\/zavingas-gintaro-verinys\/","og_site_name":"AmberWithSilver","article_modified_time":"2026-02-20T18:01:09+00:00","og_image":[{"width":1000,"height":838,"url":"https:\/\/amberwithsilver.com\/wp-content\/uploads\/2026\/02\/id.-351.webp","type":"image\/webp"}],"twitter_card":"summary_large_image","twitter_misc":{"Est. reading time":"1 minute"},"schema":{"@context":"https:\/\/schema.org","@graph":[{"@type":"WebPage","@id":"https:\/\/amberwithsilver.com\/product\/zavingas-gintaro-verinys\/","url":"https:\/\/amberwithsilver.com\/product\/zavingas-gintaro-verinys\/","name":"Lovely amber necklace","isPartOf":{"@id":"https:\/\/amberwithsilver.com\/en\/#website"},"primaryImageOfPage":{"@id":"https:\/\/amberwithsilver.com\/product\/zavingas-gintaro-verinys\/#primaryimage"},"image":{"@id":"https:\/\/amberwithsilver.com\/product\/zavingas-gintaro-verinys\/#primaryimage"},"thumbnailUrl":"https:\/\/amberwithsilver.com\/wp-content\/uploads\/2026\/02\/id.-351.webp","datePublished":"2026-02-12T20:30:28+00:00","dateModified":"2026-02-20T18:01:09+00:00","description":"\u017davingas gintaro v\u0117rinys yra pagamintas i\u0161 nat\u016bralaus Baltijos gintaro, kur\u012f suk\u016br\u0117 rankomis gaminantys kvalifikuoti gamybos specialistai","breadcrumb":{"@id":"https:\/\/amberwithsilver.com\/product\/zavingas-gintaro-verinys\/#breadcrumb"},"inLanguage":"en-US","potentialAction":[{"@type":"ReadAction","target":["https:\/\/amberwithsilver.com\/product\/zavingas-gintaro-verinys\/"]}]},{"@type":"ImageObject","inLanguage":"en-US","@id":"https:\/\/amberwithsilver.com\/product\/zavingas-gintaro-verinys\/#primaryimage","url":"https:\/\/amberwithsilver.com\/wp-content\/uploads\/2026\/02\/id.-351.webp","contentUrl":"https:\/\/amberwithsilver.com\/wp-content\/uploads\/2026\/02\/id.-351.webp","width":1000,"height":838,"caption":"\u017davingas gintaro v\u0117rinys, Lovely amber necklace"},{"@type":"BreadcrumbList","@id":"https:\/\/amberwithsilver.com\/product\/zavingas-gintaro-verinys\/#breadcrumb","itemListElement":[{"@type":"ListItem","position":1,"name":"Home","item":"https:\/\/amberwithsilver.com\/"},{"@type":"ListItem","position":2,"name":"Parduotuv\u0117","item":"https:\/\/amberwithsilver.com\/en\/parduotuve\/"},{"@type":"ListItem","position":3,"name":"\u017davingas gintaro v\u0117rinys"}]},{"@type":"WebSite","@id":"https:\/\/amberwithsilver.com\/en\/#website","url":"https:\/\/amberwithsilver.com\/en\/","name":"AmberWithSilver","description":"Amber-Silver","publisher":{"@id":"https:\/\/amberwithsilver.com\/en\/#organization"},"potentialAction":[{"@type":"SearchAction","target":{"@type":"EntryPoint","urlTemplate":"https:\/\/amberwithsilver.com\/en\/?s={search_term_string}"},"query-input":{"@type":"PropertyValueSpecification","valueRequired":true,"valueName":"search_term_string"}}],"inLanguage":"en-US"},{"@type":"Organization","@id":"https:\/\/amberwithsilver.com\/en\/#organization","name":"amberwithsilver","url":"https:\/\/amberwithsilver.com\/en\/","logo":{"@type":"ImageObject","inLanguage":"en-US","@id":"https:\/\/amberwithsilver.com\/en\/#\/schema\/logo\/image\/","url":"https:\/\/i0.wp.com\/amberwithsilver.com\/wp-content\/uploads\/2020\/12\/logo.jpg?fit=232%2C116&ssl=1","contentUrl":"https:\/\/i0.wp.com\/amberwithsilver.com\/wp-content\/uploads\/2020\/12\/logo.jpg?fit=232%2C116&ssl=1","width":232,"height":116,"caption":"amberwithsilver"},"image":{"@id":"https:\/\/amberwithsilver.com\/en\/#\/schema\/logo\/image\/"}}]}},"jetpack_sharing_enabled":true,"_links":{"self":[{"href":"https:\/\/amberwithsilver.com\/en\/wp-json\/wp\/v2\/product\/4016","targetHints":{"allow":["GET"]}}],"collection":[{"href":"https:\/\/amberwithsilver.com\/en\/wp-json\/wp\/v2\/product"}],"about":[{"href":"https:\/\/amberwithsilver.com\/en\/wp-json\/wp\/v2\/types\/product"}],"replies":[{"embeddable":true,"href":"https:\/\/amberwithsilver.com\/en\/wp-json\/wp\/v2\/comments?post=4016"}],"version-history":[{"count":3,"href":"https:\/\/amberwithsilver.com\/en\/wp-json\/wp\/v2\/product\/4016\/revisions"}],"predecessor-version":[{"id":4086,"href":"https:\/\/amberwithsilver.com\/en\/wp-json\/wp\/v2\/product\/4016\/revisions\/4086"}],"wp:featuredmedia":[{"embeddable":true,"href":"https:\/\/amberwithsilver.com\/en\/wp-json\/wp\/v2\/media\/4017"}],"wp:attachment":[{"href":"https:\/\/amberwithsilver.com\/en\/wp-json\/wp\/v2\/media?parent=4016"}],"wp:term":[{"taxonomy":"product_brand","embeddable":true,"href":"https:\/\/amberwithsilver.com\/en\/wp-json\/wp\/v2\/product_brand?post=4016"},{"taxonomy":"product_cat","embeddable":true,"href":"https:\/\/amberwithsilver.com\/en\/wp-json\/wp\/v2\/product_cat?post=4016"},{"taxonomy":"product_tag","embeddable":true,"href":"https:\/\/amberwithsilver.com\/en\/wp-json\/wp\/v2\/product_tag?post=4016"}],"curies":[{"name":"wp","href":"https:\/\/api.w.org\/{rel}","templated":true}]}}