{"id":4019,"date":"2026-02-12T22:38:37","date_gmt":"2026-02-12T20:38:37","guid":{"rendered":"https:\/\/amberwithsilver.com\/?post_type=product&#038;p=4019"},"modified":"2026-02-20T19:57:33","modified_gmt":"2026-02-20T17:57:33","slug":"juodi-gintaro-rutuliuku-karoliai-8mm","status":"publish","type":"product","link":"https:\/\/amberwithsilver.com\/en\/product\/juodi-gintaro-rutuliuku-karoliai-8mm\/","title":{"rendered":"Round black amber necklace, 8mm"},"content":{"rendered":"<p>Black amber necklace is made of 100% Baltic amber unpolished round shape beads. Black amber beads are pressed. Softly round Baltic amber beads of 8 mm in size perfectly combine with yellow color amber beads in the middle, which are polished and not pressed. This two-color composition looks very nice. Closure is made of plastic.<\/p>\n<ul>\n<li><em>Natural Baltic amber<\/em><\/li>\n<li><em>Round shaped beads<\/em><\/li>\n<li><em>Amber beads size: ~ 0.8 mm<\/em><\/li>\n<li><em>Closure: plastic screw clasp\u00a0<\/em><\/li>\n<li><em>Color: black, honey<\/em><\/li>\n<li><em>Length \u2013 43 cm<\/em><\/li>\n<li><em>Weight: ~ 17.10 grams.<\/em><\/li>\n<\/ul>\n<p>&nbsp;<\/p>\n<p>*Please note that the color of the product may vary slightly from that shown in the photo, depending on the monitor used by the Buyer and the lighting settings in the photos.<\/p>","protected":false},"excerpt":{"rendered":"<p>Black amber necklace is made of 100% Baltic amber unpolished round shape beads. Black amber beads are pressed. Softly round Baltic amber beads of 8 mm in size perfectly combine with yellow color amber beads in the middle, which are polished and not pressed. This two-color composition looks very nice. Closure is made of plastic.<\/p>\n<ul>\n<li><em>Natural Baltic amber<\/em><\/li>\n<li><em>Round shaped beads<\/em><\/li>\n<li><em>Amber beads size: ~ 0.8 mm<\/em><\/li>\n<li><em>Closure: plastic screw clasp\u00a0<\/em><\/li>\n<li><em>Color: black, honey<\/em><\/li>\n<li><em>Length \u2013 43 cm<\/em><\/li>\n<li><em>Weight: ~ 17.10 grams.<\/em><\/li>\n<\/ul>\n<p>&nbsp;<\/p>\n<p>*Please note that the color of the product may vary slightly from that shown in the photo, depending on the monitor used by the Buyer and the lighting settings in the photos.<\/p>","protected":false},"featured_media":4020,"comment_status":"open","ping_status":"closed","template":"","meta":[],"product_brand":[],"product_cat":[35],"product_tag":[64,747,1013,1106,1107,1313,1387,1392,1393,1394,1395,1425],"class_list":{"0":"post-4019","1":"product","2":"type-product","3":"status-publish","4":"has-post-thumbnail","6":"product_cat-gintaro-karoliai","7":"product_tag-gintaras","8":"product_tag-amber","9":"product_tag-gintaro-dirbiniai","10":"product_tag-gintaro-papuosalai","11":"product_tag-amber-jewelry","12":"product_tag-gintaro-dirbiniai-kaunas","13":"product_tag-dovana-moterims","14":"product_tag-gintaro-kurybines-dirbtuves-kaune","15":"product_tag-baltijos-gintaro-dirbiniai","16":"product_tag-baltic-amber-products","17":"product_tag-gift-for-her","18":"product_tag-amber-workshop-in-kaunas","20":"first","21":"instock","22":"taxable","23":"shipping-taxable","24":"purchasable","25":"product-type-simple"},"yoast_head":"<!-- This site is optimized with the Yoast SEO Premium plugin v23.4 (Yoast SEO v26.8) - https:\/\/yoast.com\/product\/yoast-seo-premium-wordpress\/ -->\n<title>Juodi gintaro rutuliuk\u0173 karoliai, 8mm<\/title>\n<meta name=\"description\" content=\"Juodojo gintaro karoliai yra pagaminta i\u0161 100% Baltijos gintaro nepoliruot\u0173 rutuliuk\u0173. Juodojo gintaro apval\u016bs rutuliukai yra presuoti.\" \/>\n<meta name=\"robots\" content=\"index, follow, max-snippet:-1, max-image-preview:large, max-video-preview:-1\" \/>\n<link rel=\"canonical\" href=\"https:\/\/amberwithsilver.com\/en\/product\/juodi-gintaro-rutuliuku-karoliai-8mm\/\" \/>\n<meta property=\"og:locale\" content=\"en_US\" \/>\n<meta property=\"og:type\" content=\"article\" \/>\n<meta property=\"og:title\" content=\"Juodi gintaro rutuliuk\u0173 karoliai, 8mm\" \/>\n<meta property=\"og:description\" content=\"Juodojo gintaro karoliai yra pagaminta i\u0161 100% Baltijos gintaro nepoliruot\u0173 rutuliuk\u0173. Juodojo gintaro apval\u016bs rutuliukai yra presuoti.\" \/>\n<meta property=\"og:url\" content=\"https:\/\/amberwithsilver.com\/en\/product\/juodi-gintaro-rutuliuku-karoliai-8mm\/\" \/>\n<meta property=\"og:site_name\" content=\"AmberWithSilver\" \/>\n<meta property=\"article:modified_time\" content=\"2026-02-20T17:57:33+00:00\" \/>\n<meta property=\"og:image\" content=\"https:\/\/amberwithsilver.com\/wp-content\/uploads\/2026\/02\/id.-417.webp\" \/>\n\t<meta property=\"og:image:width\" content=\"1000\" \/>\n\t<meta property=\"og:image:height\" content=\"838\" \/>\n\t<meta property=\"og:image:type\" content=\"image\/webp\" \/>\n<meta name=\"twitter:card\" content=\"summary_large_image\" \/>\n<meta name=\"twitter:label1\" content=\"Est. reading time\" \/>\n\t<meta name=\"twitter:data1\" content=\"1 minute\" \/>\n<script type=\"application\/ld+json\" class=\"yoast-schema-graph\">{\"@context\":\"https:\/\/schema.org\",\"@graph\":[{\"@type\":\"WebPage\",\"@id\":\"https:\/\/amberwithsilver.com\/product\/juodi-gintaro-rutuliuku-karoliai-8mm\/\",\"url\":\"https:\/\/amberwithsilver.com\/product\/juodi-gintaro-rutuliuku-karoliai-8mm\/\",\"name\":\"Juodi gintaro rutuliuk\u0173 karoliai, 8mm\",\"isPartOf\":{\"@id\":\"https:\/\/amberwithsilver.com\/en\/#website\"},\"primaryImageOfPage\":{\"@id\":\"https:\/\/amberwithsilver.com\/product\/juodi-gintaro-rutuliuku-karoliai-8mm\/#primaryimage\"},\"image\":{\"@id\":\"https:\/\/amberwithsilver.com\/product\/juodi-gintaro-rutuliuku-karoliai-8mm\/#primaryimage\"},\"thumbnailUrl\":\"https:\/\/amberwithsilver.com\/wp-content\/uploads\/2026\/02\/id.-417.webp\",\"datePublished\":\"2026-02-12T20:38:37+00:00\",\"dateModified\":\"2026-02-20T17:57:33+00:00\",\"description\":\"Juodojo gintaro karoliai yra pagaminta i\u0161 100% Baltijos gintaro nepoliruot\u0173 rutuliuk\u0173. Juodojo gintaro apval\u016bs rutuliukai yra presuoti.\",\"breadcrumb\":{\"@id\":\"https:\/\/amberwithsilver.com\/product\/juodi-gintaro-rutuliuku-karoliai-8mm\/#breadcrumb\"},\"inLanguage\":\"en-US\",\"potentialAction\":[{\"@type\":\"ReadAction\",\"target\":[\"https:\/\/amberwithsilver.com\/product\/juodi-gintaro-rutuliuku-karoliai-8mm\/\"]}]},{\"@type\":\"ImageObject\",\"inLanguage\":\"en-US\",\"@id\":\"https:\/\/amberwithsilver.com\/product\/juodi-gintaro-rutuliuku-karoliai-8mm\/#primaryimage\",\"url\":\"https:\/\/amberwithsilver.com\/wp-content\/uploads\/2026\/02\/id.-417.webp\",\"contentUrl\":\"https:\/\/amberwithsilver.com\/wp-content\/uploads\/2026\/02\/id.-417.webp\",\"width\":1000,\"height\":838,\"caption\":\"Juodi gintaro rutuliuk\u0173 karoliai, 8mm, Round black amber necklace, 8mm\"},{\"@type\":\"BreadcrumbList\",\"@id\":\"https:\/\/amberwithsilver.com\/product\/juodi-gintaro-rutuliuku-karoliai-8mm\/#breadcrumb\",\"itemListElement\":[{\"@type\":\"ListItem\",\"position\":1,\"name\":\"Home\",\"item\":\"https:\/\/amberwithsilver.com\/\"},{\"@type\":\"ListItem\",\"position\":2,\"name\":\"Parduotuv\u0117\",\"item\":\"https:\/\/amberwithsilver.com\/en\/parduotuve\/\"},{\"@type\":\"ListItem\",\"position\":3,\"name\":\"Juodi gintaro rutuliuk\u0173 karoliai, 8mm\"}]},{\"@type\":\"WebSite\",\"@id\":\"https:\/\/amberwithsilver.com\/en\/#website\",\"url\":\"https:\/\/amberwithsilver.com\/en\/\",\"name\":\"AmberWithSilver\",\"description\":\"Amber-Silver\",\"publisher\":{\"@id\":\"https:\/\/amberwithsilver.com\/en\/#organization\"},\"potentialAction\":[{\"@type\":\"SearchAction\",\"target\":{\"@type\":\"EntryPoint\",\"urlTemplate\":\"https:\/\/amberwithsilver.com\/en\/?s={search_term_string}\"},\"query-input\":{\"@type\":\"PropertyValueSpecification\",\"valueRequired\":true,\"valueName\":\"search_term_string\"}}],\"inLanguage\":\"en-US\"},{\"@type\":\"Organization\",\"@id\":\"https:\/\/amberwithsilver.com\/en\/#organization\",\"name\":\"amberwithsilver\",\"url\":\"https:\/\/amberwithsilver.com\/en\/\",\"logo\":{\"@type\":\"ImageObject\",\"inLanguage\":\"en-US\",\"@id\":\"https:\/\/amberwithsilver.com\/en\/#\/schema\/logo\/image\/\",\"url\":\"https:\/\/i0.wp.com\/amberwithsilver.com\/wp-content\/uploads\/2020\/12\/logo.jpg?fit=232%2C116&ssl=1\",\"contentUrl\":\"https:\/\/i0.wp.com\/amberwithsilver.com\/wp-content\/uploads\/2020\/12\/logo.jpg?fit=232%2C116&ssl=1\",\"width\":232,\"height\":116,\"caption\":\"amberwithsilver\"},\"image\":{\"@id\":\"https:\/\/amberwithsilver.com\/en\/#\/schema\/logo\/image\/\"}}]}<\/script>\n<!-- \/ Yoast SEO Premium plugin. -->","yoast_head_json":{"title":"Round black amber necklace, 8mm","description":"Juodojo gintaro karoliai yra pagaminta i\u0161 100% Baltijos gintaro nepoliruot\u0173 rutuliuk\u0173. Juodojo gintaro apval\u016bs rutuliukai yra presuoti.","robots":{"index":"index","follow":"follow","max-snippet":"max-snippet:-1","max-image-preview":"max-image-preview:large","max-video-preview":"max-video-preview:-1"},"canonical":"https:\/\/amberwithsilver.com\/en\/product\/juodi-gintaro-rutuliuku-karoliai-8mm\/","og_locale":"en_US","og_type":"article","og_title":"Juodi gintaro rutuliuk\u0173 karoliai, 8mm","og_description":"Juodojo gintaro karoliai yra pagaminta i\u0161 100% Baltijos gintaro nepoliruot\u0173 rutuliuk\u0173. Juodojo gintaro apval\u016bs rutuliukai yra presuoti.","og_url":"https:\/\/amberwithsilver.com\/en\/product\/juodi-gintaro-rutuliuku-karoliai-8mm\/","og_site_name":"AmberWithSilver","article_modified_time":"2026-02-20T17:57:33+00:00","og_image":[{"width":1000,"height":838,"url":"https:\/\/amberwithsilver.com\/wp-content\/uploads\/2026\/02\/id.-417.webp","type":"image\/webp"}],"twitter_card":"summary_large_image","twitter_misc":{"Est. reading time":"1 minute"},"schema":{"@context":"https:\/\/schema.org","@graph":[{"@type":"WebPage","@id":"https:\/\/amberwithsilver.com\/product\/juodi-gintaro-rutuliuku-karoliai-8mm\/","url":"https:\/\/amberwithsilver.com\/product\/juodi-gintaro-rutuliuku-karoliai-8mm\/","name":"Round black amber necklace, 8mm","isPartOf":{"@id":"https:\/\/amberwithsilver.com\/en\/#website"},"primaryImageOfPage":{"@id":"https:\/\/amberwithsilver.com\/product\/juodi-gintaro-rutuliuku-karoliai-8mm\/#primaryimage"},"image":{"@id":"https:\/\/amberwithsilver.com\/product\/juodi-gintaro-rutuliuku-karoliai-8mm\/#primaryimage"},"thumbnailUrl":"https:\/\/amberwithsilver.com\/wp-content\/uploads\/2026\/02\/id.-417.webp","datePublished":"2026-02-12T20:38:37+00:00","dateModified":"2026-02-20T17:57:33+00:00","description":"Juodojo gintaro karoliai yra pagaminta i\u0161 100% Baltijos gintaro nepoliruot\u0173 rutuliuk\u0173. Juodojo gintaro apval\u016bs rutuliukai yra presuoti.","breadcrumb":{"@id":"https:\/\/amberwithsilver.com\/product\/juodi-gintaro-rutuliuku-karoliai-8mm\/#breadcrumb"},"inLanguage":"en-US","potentialAction":[{"@type":"ReadAction","target":["https:\/\/amberwithsilver.com\/product\/juodi-gintaro-rutuliuku-karoliai-8mm\/"]}]},{"@type":"ImageObject","inLanguage":"en-US","@id":"https:\/\/amberwithsilver.com\/product\/juodi-gintaro-rutuliuku-karoliai-8mm\/#primaryimage","url":"https:\/\/amberwithsilver.com\/wp-content\/uploads\/2026\/02\/id.-417.webp","contentUrl":"https:\/\/amberwithsilver.com\/wp-content\/uploads\/2026\/02\/id.-417.webp","width":1000,"height":838,"caption":"Juodi gintaro rutuliuk\u0173 karoliai, 8mm, Round black amber necklace, 8mm"},{"@type":"BreadcrumbList","@id":"https:\/\/amberwithsilver.com\/product\/juodi-gintaro-rutuliuku-karoliai-8mm\/#breadcrumb","itemListElement":[{"@type":"ListItem","position":1,"name":"Home","item":"https:\/\/amberwithsilver.com\/"},{"@type":"ListItem","position":2,"name":"Parduotuv\u0117","item":"https:\/\/amberwithsilver.com\/en\/parduotuve\/"},{"@type":"ListItem","position":3,"name":"Juodi gintaro rutuliuk\u0173 karoliai, 8mm"}]},{"@type":"WebSite","@id":"https:\/\/amberwithsilver.com\/en\/#website","url":"https:\/\/amberwithsilver.com\/en\/","name":"AmberWithSilver","description":"Amber-Silver","publisher":{"@id":"https:\/\/amberwithsilver.com\/en\/#organization"},"potentialAction":[{"@type":"SearchAction","target":{"@type":"EntryPoint","urlTemplate":"https:\/\/amberwithsilver.com\/en\/?s={search_term_string}"},"query-input":{"@type":"PropertyValueSpecification","valueRequired":true,"valueName":"search_term_string"}}],"inLanguage":"en-US"},{"@type":"Organization","@id":"https:\/\/amberwithsilver.com\/en\/#organization","name":"amberwithsilver","url":"https:\/\/amberwithsilver.com\/en\/","logo":{"@type":"ImageObject","inLanguage":"en-US","@id":"https:\/\/amberwithsilver.com\/en\/#\/schema\/logo\/image\/","url":"https:\/\/i0.wp.com\/amberwithsilver.com\/wp-content\/uploads\/2020\/12\/logo.jpg?fit=232%2C116&ssl=1","contentUrl":"https:\/\/i0.wp.com\/amberwithsilver.com\/wp-content\/uploads\/2020\/12\/logo.jpg?fit=232%2C116&ssl=1","width":232,"height":116,"caption":"amberwithsilver"},"image":{"@id":"https:\/\/amberwithsilver.com\/en\/#\/schema\/logo\/image\/"}}]}},"jetpack_sharing_enabled":true,"_links":{"self":[{"href":"https:\/\/amberwithsilver.com\/en\/wp-json\/wp\/v2\/product\/4019","targetHints":{"allow":["GET"]}}],"collection":[{"href":"https:\/\/amberwithsilver.com\/en\/wp-json\/wp\/v2\/product"}],"about":[{"href":"https:\/\/amberwithsilver.com\/en\/wp-json\/wp\/v2\/types\/product"}],"replies":[{"embeddable":true,"href":"https:\/\/amberwithsilver.com\/en\/wp-json\/wp\/v2\/comments?post=4019"}],"version-history":[{"count":3,"href":"https:\/\/amberwithsilver.com\/en\/wp-json\/wp\/v2\/product\/4019\/revisions"}],"predecessor-version":[{"id":4084,"href":"https:\/\/amberwithsilver.com\/en\/wp-json\/wp\/v2\/product\/4019\/revisions\/4084"}],"wp:featuredmedia":[{"embeddable":true,"href":"https:\/\/amberwithsilver.com\/en\/wp-json\/wp\/v2\/media\/4020"}],"wp:attachment":[{"href":"https:\/\/amberwithsilver.com\/en\/wp-json\/wp\/v2\/media?parent=4019"}],"wp:term":[{"taxonomy":"product_brand","embeddable":true,"href":"https:\/\/amberwithsilver.com\/en\/wp-json\/wp\/v2\/product_brand?post=4019"},{"taxonomy":"product_cat","embeddable":true,"href":"https:\/\/amberwithsilver.com\/en\/wp-json\/wp\/v2\/product_cat?post=4019"},{"taxonomy":"product_tag","embeddable":true,"href":"https:\/\/amberwithsilver.com\/en\/wp-json\/wp\/v2\/product_tag?post=4019"}],"curies":[{"name":"wp","href":"https:\/\/api.w.org\/{rel}","templated":true}]}}