{"id":4040,"date":"2026-02-13T20:41:09","date_gmt":"2026-02-13T18:41:09","guid":{"rendered":"https:\/\/amberwithsilver.com\/?post_type=product&#038;p=4040"},"modified":"2026-02-20T19:36:31","modified_gmt":"2026-02-20T17:36:31","slug":"stilingi-cilindro-formos-konjakiniai-gintaro-karoliai","status":"publish","type":"product","link":"https:\/\/amberwithsilver.com\/en\/product\/stilingi-cilindro-formos-konjakiniai-gintaro-karoliai\/","title":{"rendered":"Stylish cylinder style cognac amber necklace"},"content":{"rendered":"<p>Stylish amber necklace is made of cognac amber, carefully crafted round and cylinder shaped amber pieces. The exact details reveal the perfect processing of amber. Each of the amber component provides a sense of elegance. Pleasant, lightweight and magnificent Baltic amber necklace is radiant with energy and harmony to those who wear it. This amber processing technique gives amber an amazing shade. Amber jewelry looks unique and amazing. There is no knot between each amber bead. Also suitable for Gentlemen.<\/p>\n<ul>\n<li><em>Natural Baltic amber<\/em><\/li>\n<li><em>Cylinder and round shaped beads<\/em><\/li>\n<li><em>Size of amber beads\u2013 cylindrical ~ 0.9-1.5 cm, round ~ 6-7 mm<\/em><\/li>\n<li><em>Closure: plastic screw clasp\u00a0<\/em><\/li>\n<li><em>Color: cognac<\/em><\/li>\n<li><em>Length \u2013 45 cm<\/em><\/li>\n<li><em>Weight: ~ 7.30 grams.<\/em><\/li>\n<\/ul>\n<p>&nbsp;<\/p>\n<p>*Please note that the color of the product may vary slightly from that shown in the photo, depending on the monitor used by the Buyer and the lighting settings in the photos.<\/p>","protected":false},"excerpt":{"rendered":"<p>Stylish amber necklace is made of cognac amber, carefully crafted round and cylinder shaped amber pieces. The exact details reveal the perfect processing of amber. Each of the amber component provides a sense of elegance. Pleasant, lightweight and magnificent Baltic amber necklace is radiant with energy and harmony to those who wear it. This amber processing technique gives amber an amazing shade. Amber jewelry looks unique and amazing. There is no knot between each amber bead. Also suitable for Gentlemen.<\/p>\n<ul>\n<li><em>Natural Baltic amber<\/em><\/li>\n<li><em>Cylinder and round shaped beads<\/em><\/li>\n<li><em>Size of amber beads\u2013 cylindrical ~ 0.9-1.5 cm, round ~ 6-7 mm<\/em><\/li>\n<li><em>Closure: plastic screw clasp\u00a0<\/em><\/li>\n<li><em>Color: cognac<\/em><\/li>\n<li><em>Length \u2013 45 cm<\/em><\/li>\n<li><em>Weight: ~ 7.30 grams.<\/em><\/li>\n<\/ul>\n<p>&nbsp;<\/p>\n<p>*Please note that the color of the product may vary slightly from that shown in the photo, depending on the monitor used by the Buyer and the lighting settings in the photos.<\/p>","protected":false},"featured_media":4041,"comment_status":"open","ping_status":"closed","template":"","meta":[],"product_brand":[],"product_cat":[35],"product_tag":[64,747,1013,1106,1107,1313,1387,1392,1393,1394,1395,1425,1436],"class_list":{"0":"post-4040","1":"product","2":"type-product","3":"status-publish","4":"has-post-thumbnail","6":"product_cat-gintaro-karoliai","7":"product_tag-gintaras","8":"product_tag-amber","9":"product_tag-gintaro-dirbiniai","10":"product_tag-gintaro-papuosalai","11":"product_tag-amber-jewelry","12":"product_tag-gintaro-dirbiniai-kaunas","13":"product_tag-dovana-moterims","14":"product_tag-gintaro-kurybines-dirbtuves-kaune","15":"product_tag-baltijos-gintaro-dirbiniai","16":"product_tag-baltic-amber-products","17":"product_tag-gift-for-her","18":"product_tag-amber-workshop-in-kaunas","19":"product_tag-konjakiniai-gintaro-karoliai","21":"first","22":"instock","23":"taxable","24":"shipping-taxable","25":"purchasable","26":"product-type-simple"},"yoast_head":"<!-- This site is optimized with the Yoast SEO Premium plugin v23.4 (Yoast SEO v26.8) - https:\/\/yoast.com\/product\/yoast-seo-premium-wordpress\/ -->\n<title>Stilingi, cilindro formos, konjakiniai gintaro karoliai<\/title>\n<meta name=\"description\" content=\"Stilingi konjakiniai gintaro karoliai yra pagaminti i\u0161 kruop\u0161\u010diai sukomponuot\u0173 rutuliuk\u0173 ir cilindr\u0173 formos gintariuk\u0173. Tikslios detal\u0117s atskleid\u017eia\" \/>\n<meta name=\"robots\" content=\"index, follow, max-snippet:-1, max-image-preview:large, max-video-preview:-1\" \/>\n<link rel=\"canonical\" href=\"https:\/\/amberwithsilver.com\/en\/product\/stilingi-cilindro-formos-konjakiniai-gintaro-karoliai\/\" \/>\n<meta property=\"og:locale\" content=\"en_US\" \/>\n<meta property=\"og:type\" content=\"article\" \/>\n<meta property=\"og:title\" content=\"Stilingi, cilindro formos, konjakiniai gintaro karoliai\" \/>\n<meta property=\"og:description\" content=\"Stilingi konjakiniai gintaro karoliai yra pagaminti i\u0161 kruop\u0161\u010diai sukomponuot\u0173 rutuliuk\u0173 ir cilindr\u0173 formos gintariuk\u0173. Tikslios detal\u0117s atskleid\u017eia\" \/>\n<meta property=\"og:url\" content=\"https:\/\/amberwithsilver.com\/en\/product\/stilingi-cilindro-formos-konjakiniai-gintaro-karoliai\/\" \/>\n<meta property=\"og:site_name\" content=\"AmberWithSilver\" \/>\n<meta property=\"article:modified_time\" content=\"2026-02-20T17:36:31+00:00\" \/>\n<meta property=\"og:image\" content=\"https:\/\/amberwithsilver.com\/wp-content\/uploads\/2026\/02\/id.-420.webp\" \/>\n\t<meta property=\"og:image:width\" content=\"1000\" \/>\n\t<meta property=\"og:image:height\" content=\"838\" \/>\n\t<meta property=\"og:image:type\" content=\"image\/webp\" \/>\n<meta name=\"twitter:card\" content=\"summary_large_image\" \/>\n<meta name=\"twitter:label1\" content=\"Est. reading time\" \/>\n\t<meta name=\"twitter:data1\" content=\"1 minute\" \/>\n<script type=\"application\/ld+json\" class=\"yoast-schema-graph\">{\"@context\":\"https:\/\/schema.org\",\"@graph\":[{\"@type\":\"WebPage\",\"@id\":\"https:\/\/amberwithsilver.com\/product\/stilingi-cilindro-formos-konjakiniai-gintaro-karoliai\/\",\"url\":\"https:\/\/amberwithsilver.com\/product\/stilingi-cilindro-formos-konjakiniai-gintaro-karoliai\/\",\"name\":\"Stilingi, cilindro formos, konjakiniai gintaro karoliai\",\"isPartOf\":{\"@id\":\"https:\/\/amberwithsilver.com\/en\/#website\"},\"primaryImageOfPage\":{\"@id\":\"https:\/\/amberwithsilver.com\/product\/stilingi-cilindro-formos-konjakiniai-gintaro-karoliai\/#primaryimage\"},\"image\":{\"@id\":\"https:\/\/amberwithsilver.com\/product\/stilingi-cilindro-formos-konjakiniai-gintaro-karoliai\/#primaryimage\"},\"thumbnailUrl\":\"https:\/\/amberwithsilver.com\/wp-content\/uploads\/2026\/02\/id.-420.webp\",\"datePublished\":\"2026-02-13T18:41:09+00:00\",\"dateModified\":\"2026-02-20T17:36:31+00:00\",\"description\":\"Stilingi konjakiniai gintaro karoliai yra pagaminti i\u0161 kruop\u0161\u010diai sukomponuot\u0173 rutuliuk\u0173 ir cilindr\u0173 formos gintariuk\u0173. Tikslios detal\u0117s atskleid\u017eia\",\"breadcrumb\":{\"@id\":\"https:\/\/amberwithsilver.com\/product\/stilingi-cilindro-formos-konjakiniai-gintaro-karoliai\/#breadcrumb\"},\"inLanguage\":\"en-US\",\"potentialAction\":[{\"@type\":\"ReadAction\",\"target\":[\"https:\/\/amberwithsilver.com\/product\/stilingi-cilindro-formos-konjakiniai-gintaro-karoliai\/\"]}]},{\"@type\":\"ImageObject\",\"inLanguage\":\"en-US\",\"@id\":\"https:\/\/amberwithsilver.com\/product\/stilingi-cilindro-formos-konjakiniai-gintaro-karoliai\/#primaryimage\",\"url\":\"https:\/\/amberwithsilver.com\/wp-content\/uploads\/2026\/02\/id.-420.webp\",\"contentUrl\":\"https:\/\/amberwithsilver.com\/wp-content\/uploads\/2026\/02\/id.-420.webp\",\"width\":1000,\"height\":838,\"caption\":\"Stilingi, cilindro formos, konjakiniai gintaro karoliai, Stylish cylinder style cognac amber necklace\"},{\"@type\":\"BreadcrumbList\",\"@id\":\"https:\/\/amberwithsilver.com\/product\/stilingi-cilindro-formos-konjakiniai-gintaro-karoliai\/#breadcrumb\",\"itemListElement\":[{\"@type\":\"ListItem\",\"position\":1,\"name\":\"Home\",\"item\":\"https:\/\/amberwithsilver.com\/\"},{\"@type\":\"ListItem\",\"position\":2,\"name\":\"Parduotuv\u0117\",\"item\":\"https:\/\/amberwithsilver.com\/en\/parduotuve\/\"},{\"@type\":\"ListItem\",\"position\":3,\"name\":\"Stilingi, cilindro formos, konjakiniai gintaro karoliai\"}]},{\"@type\":\"WebSite\",\"@id\":\"https:\/\/amberwithsilver.com\/en\/#website\",\"url\":\"https:\/\/amberwithsilver.com\/en\/\",\"name\":\"AmberWithSilver\",\"description\":\"Amber-Silver\",\"publisher\":{\"@id\":\"https:\/\/amberwithsilver.com\/en\/#organization\"},\"potentialAction\":[{\"@type\":\"SearchAction\",\"target\":{\"@type\":\"EntryPoint\",\"urlTemplate\":\"https:\/\/amberwithsilver.com\/en\/?s={search_term_string}\"},\"query-input\":{\"@type\":\"PropertyValueSpecification\",\"valueRequired\":true,\"valueName\":\"search_term_string\"}}],\"inLanguage\":\"en-US\"},{\"@type\":\"Organization\",\"@id\":\"https:\/\/amberwithsilver.com\/en\/#organization\",\"name\":\"amberwithsilver\",\"url\":\"https:\/\/amberwithsilver.com\/en\/\",\"logo\":{\"@type\":\"ImageObject\",\"inLanguage\":\"en-US\",\"@id\":\"https:\/\/amberwithsilver.com\/en\/#\/schema\/logo\/image\/\",\"url\":\"https:\/\/i0.wp.com\/amberwithsilver.com\/wp-content\/uploads\/2020\/12\/logo.jpg?fit=232%2C116&ssl=1\",\"contentUrl\":\"https:\/\/i0.wp.com\/amberwithsilver.com\/wp-content\/uploads\/2020\/12\/logo.jpg?fit=232%2C116&ssl=1\",\"width\":232,\"height\":116,\"caption\":\"amberwithsilver\"},\"image\":{\"@id\":\"https:\/\/amberwithsilver.com\/en\/#\/schema\/logo\/image\/\"}}]}<\/script>\n<!-- \/ Yoast SEO Premium plugin. -->","yoast_head_json":{"title":"Stylish cylinder style cognac amber necklace","description":"Stilingi konjakiniai gintaro karoliai yra pagaminti i\u0161 kruop\u0161\u010diai sukomponuot\u0173 rutuliuk\u0173 ir cilindr\u0173 formos gintariuk\u0173. Tikslios detal\u0117s atskleid\u017eia","robots":{"index":"index","follow":"follow","max-snippet":"max-snippet:-1","max-image-preview":"max-image-preview:large","max-video-preview":"max-video-preview:-1"},"canonical":"https:\/\/amberwithsilver.com\/en\/product\/stilingi-cilindro-formos-konjakiniai-gintaro-karoliai\/","og_locale":"en_US","og_type":"article","og_title":"Stilingi, cilindro formos, konjakiniai gintaro karoliai","og_description":"Stilingi konjakiniai gintaro karoliai yra pagaminti i\u0161 kruop\u0161\u010diai sukomponuot\u0173 rutuliuk\u0173 ir cilindr\u0173 formos gintariuk\u0173. Tikslios detal\u0117s atskleid\u017eia","og_url":"https:\/\/amberwithsilver.com\/en\/product\/stilingi-cilindro-formos-konjakiniai-gintaro-karoliai\/","og_site_name":"AmberWithSilver","article_modified_time":"2026-02-20T17:36:31+00:00","og_image":[{"width":1000,"height":838,"url":"https:\/\/amberwithsilver.com\/wp-content\/uploads\/2026\/02\/id.-420.webp","type":"image\/webp"}],"twitter_card":"summary_large_image","twitter_misc":{"Est. reading time":"1 minute"},"schema":{"@context":"https:\/\/schema.org","@graph":[{"@type":"WebPage","@id":"https:\/\/amberwithsilver.com\/product\/stilingi-cilindro-formos-konjakiniai-gintaro-karoliai\/","url":"https:\/\/amberwithsilver.com\/product\/stilingi-cilindro-formos-konjakiniai-gintaro-karoliai\/","name":"Stylish cylinder style cognac amber necklace","isPartOf":{"@id":"https:\/\/amberwithsilver.com\/en\/#website"},"primaryImageOfPage":{"@id":"https:\/\/amberwithsilver.com\/product\/stilingi-cilindro-formos-konjakiniai-gintaro-karoliai\/#primaryimage"},"image":{"@id":"https:\/\/amberwithsilver.com\/product\/stilingi-cilindro-formos-konjakiniai-gintaro-karoliai\/#primaryimage"},"thumbnailUrl":"https:\/\/amberwithsilver.com\/wp-content\/uploads\/2026\/02\/id.-420.webp","datePublished":"2026-02-13T18:41:09+00:00","dateModified":"2026-02-20T17:36:31+00:00","description":"Stilingi konjakiniai gintaro karoliai yra pagaminti i\u0161 kruop\u0161\u010diai sukomponuot\u0173 rutuliuk\u0173 ir cilindr\u0173 formos gintariuk\u0173. Tikslios detal\u0117s atskleid\u017eia","breadcrumb":{"@id":"https:\/\/amberwithsilver.com\/product\/stilingi-cilindro-formos-konjakiniai-gintaro-karoliai\/#breadcrumb"},"inLanguage":"en-US","potentialAction":[{"@type":"ReadAction","target":["https:\/\/amberwithsilver.com\/product\/stilingi-cilindro-formos-konjakiniai-gintaro-karoliai\/"]}]},{"@type":"ImageObject","inLanguage":"en-US","@id":"https:\/\/amberwithsilver.com\/product\/stilingi-cilindro-formos-konjakiniai-gintaro-karoliai\/#primaryimage","url":"https:\/\/amberwithsilver.com\/wp-content\/uploads\/2026\/02\/id.-420.webp","contentUrl":"https:\/\/amberwithsilver.com\/wp-content\/uploads\/2026\/02\/id.-420.webp","width":1000,"height":838,"caption":"Stilingi, cilindro formos, konjakiniai gintaro karoliai, Stylish cylinder style cognac amber necklace"},{"@type":"BreadcrumbList","@id":"https:\/\/amberwithsilver.com\/product\/stilingi-cilindro-formos-konjakiniai-gintaro-karoliai\/#breadcrumb","itemListElement":[{"@type":"ListItem","position":1,"name":"Home","item":"https:\/\/amberwithsilver.com\/"},{"@type":"ListItem","position":2,"name":"Parduotuv\u0117","item":"https:\/\/amberwithsilver.com\/en\/parduotuve\/"},{"@type":"ListItem","position":3,"name":"Stilingi, cilindro formos, konjakiniai gintaro karoliai"}]},{"@type":"WebSite","@id":"https:\/\/amberwithsilver.com\/en\/#website","url":"https:\/\/amberwithsilver.com\/en\/","name":"AmberWithSilver","description":"Amber-Silver","publisher":{"@id":"https:\/\/amberwithsilver.com\/en\/#organization"},"potentialAction":[{"@type":"SearchAction","target":{"@type":"EntryPoint","urlTemplate":"https:\/\/amberwithsilver.com\/en\/?s={search_term_string}"},"query-input":{"@type":"PropertyValueSpecification","valueRequired":true,"valueName":"search_term_string"}}],"inLanguage":"en-US"},{"@type":"Organization","@id":"https:\/\/amberwithsilver.com\/en\/#organization","name":"amberwithsilver","url":"https:\/\/amberwithsilver.com\/en\/","logo":{"@type":"ImageObject","inLanguage":"en-US","@id":"https:\/\/amberwithsilver.com\/en\/#\/schema\/logo\/image\/","url":"https:\/\/i0.wp.com\/amberwithsilver.com\/wp-content\/uploads\/2020\/12\/logo.jpg?fit=232%2C116&ssl=1","contentUrl":"https:\/\/i0.wp.com\/amberwithsilver.com\/wp-content\/uploads\/2020\/12\/logo.jpg?fit=232%2C116&ssl=1","width":232,"height":116,"caption":"amberwithsilver"},"image":{"@id":"https:\/\/amberwithsilver.com\/en\/#\/schema\/logo\/image\/"}}]}},"jetpack_sharing_enabled":true,"_links":{"self":[{"href":"https:\/\/amberwithsilver.com\/en\/wp-json\/wp\/v2\/product\/4040","targetHints":{"allow":["GET"]}}],"collection":[{"href":"https:\/\/amberwithsilver.com\/en\/wp-json\/wp\/v2\/product"}],"about":[{"href":"https:\/\/amberwithsilver.com\/en\/wp-json\/wp\/v2\/types\/product"}],"replies":[{"embeddable":true,"href":"https:\/\/amberwithsilver.com\/en\/wp-json\/wp\/v2\/comments?post=4040"}],"version-history":[{"count":3,"href":"https:\/\/amberwithsilver.com\/en\/wp-json\/wp\/v2\/product\/4040\/revisions"}],"predecessor-version":[{"id":4075,"href":"https:\/\/amberwithsilver.com\/en\/wp-json\/wp\/v2\/product\/4040\/revisions\/4075"}],"wp:featuredmedia":[{"embeddable":true,"href":"https:\/\/amberwithsilver.com\/en\/wp-json\/wp\/v2\/media\/4041"}],"wp:attachment":[{"href":"https:\/\/amberwithsilver.com\/en\/wp-json\/wp\/v2\/media?parent=4040"}],"wp:term":[{"taxonomy":"product_brand","embeddable":true,"href":"https:\/\/amberwithsilver.com\/en\/wp-json\/wp\/v2\/product_brand?post=4040"},{"taxonomy":"product_cat","embeddable":true,"href":"https:\/\/amberwithsilver.com\/en\/wp-json\/wp\/v2\/product_cat?post=4040"},{"taxonomy":"product_tag","embeddable":true,"href":"https:\/\/amberwithsilver.com\/en\/wp-json\/wp\/v2\/product_tag?post=4040"}],"curies":[{"name":"wp","href":"https:\/\/api.w.org\/{rel}","templated":true}]}}