{"id":4055,"date":"2026-02-13T21:24:38","date_gmt":"2026-02-13T19:24:38","guid":{"rendered":"https:\/\/amberwithsilver.com\/?post_type=product&#038;p=4055"},"modified":"2026-02-20T18:55:46","modified_gmt":"2026-02-20T16:55:46","slug":"spindinti-deimantinio-slifavimo-apyranke","status":"publish","type":"product","link":"https:\/\/amberwithsilver.com\/en\/product\/spindinti-deimantinio-slifavimo-apyranke\/","title":{"rendered":"Shiny faceted amber bracelet"},"content":{"rendered":"<p>I\u0161skirtin\u0117 deimantinio \u0161lifavimo apyrank\u0117 yra pagaminta i\u0161 facetuot\u0173 rank\u0173 darbo table\u010di\u0173. Kiekviena nu\u0161lifuota it deimantas detal\u0117 suteikia Damai prabangos bei elegancijos jausm\u0105. Patogi ir puo\u0161ni Baltijos gintaro apyrank\u0117, kuri spinduliuoja energija ir ramybe tiems, kurie j\u0105 d\u0117vi. B\u016btent \u0161is gintaro apdirbimo b\u016bdas suteikia juodai \u017ealsv\u0105 atspalv\u012f. Tod\u0117l gintaro papuo\u0161alas atrodo unikaliai ir prabangiai. Puikiai dera su tos pa\u010dios r\u016b\u0161ies gintaro karoliais. \u0160i juodai \u017ealsva gintarin\u0117 apyrank\u0117 yra sunerta ant gumyt\u0117s.<\/p>\n<ul>\n<li><em>Natural Baltic amber<\/em><\/li>\n<li><em>Faceted Baltic amber bead<\/em><\/li>\n<li>Size of amber beads <em>~<\/em> 0,5&#215;0,9 cm.<\/li>\n<li><i>Elastic silicon<\/i><\/li>\n<li><em>Colors: multicolor<\/em><\/li>\n<li>Length <em>~ 19cm<\/em><\/li>\n<li><em>Weight: ~ 14.20 grams.<\/em><\/li>\n<\/ul>\n<p>*Please note that the color of the product may vary slightly from that shown in the photo, depending on the monitor used by the Buyer and the lighting settings in the photos.<\/p>","protected":false},"excerpt":{"rendered":"<p>Exclusive faceted amber bracelet is made of faceted handmade tablets. Each of the diamonds component provide a sense of luxury for a Lady. Magnificent and pleasant Baltic amber bracelet is radiant with energy and harmony to those who wear it. This amber processing technique gives amber blackish green shade. Amber jewelry looks unique and amazing. Perfectly combines with the necklace of the same style. The blackish green bracelet is made on the stretch.<\/p>\n<ul>\n<li><em>Natural Baltic amber<\/em><\/li>\n<li><em>Faceted Baltic amber bead<\/em><\/li>\n<li>Size of amber beads <em>~<\/em> 0,5&#215;0,9 cm.<\/li>\n<li><i>Elastic silicon<\/i><\/li>\n<li><em>Colors: multicolor<\/em><\/li>\n<li>Length <em>~ 19cm<\/em><\/li>\n<li><em>Weight: ~ 14.20 grams.<\/em><\/li>\n<\/ul>\n<p>*Please note that the color of the product may vary slightly from that shown in the photo, depending on the monitor used by the Buyer and the lighting settings in the photos.<\/p>","protected":false},"featured_media":4056,"comment_status":"open","ping_status":"closed","template":"","meta":[],"product_brand":[],"product_cat":[18],"product_tag":[64,747,1013,1106,1107,1313,1387,1392,1393,1394,1395,1425],"class_list":{"0":"post-4055","1":"product","2":"type-product","3":"status-publish","4":"has-post-thumbnail","6":"product_cat-gintaro-apyrankes","7":"product_tag-gintaras","8":"product_tag-amber","9":"product_tag-gintaro-dirbiniai","10":"product_tag-gintaro-papuosalai","11":"product_tag-amber-jewelry","12":"product_tag-gintaro-dirbiniai-kaunas","13":"product_tag-dovana-moterims","14":"product_tag-gintaro-kurybines-dirbtuves-kaune","15":"product_tag-baltijos-gintaro-dirbiniai","16":"product_tag-baltic-amber-products","17":"product_tag-gift-for-her","18":"product_tag-amber-workshop-in-kaunas","20":"first","21":"instock","22":"taxable","23":"shipping-taxable","24":"purchasable","25":"product-type-simple"},"yoast_head":"<!-- This site is optimized with the Yoast SEO Premium plugin v23.4 (Yoast SEO v26.8) - https:\/\/yoast.com\/product\/yoast-seo-premium-wordpress\/ -->\n<title>Spindinti deimantinio \u0161lifavimo apyrank\u0117<\/title>\n<meta name=\"description\" content=\"I\u0161skirtin\u0117 deimantinio \u0161lifavimo apyrank\u0117 yra pagaminta i\u0161 facetuot\u0173 rank\u0173 darbo\" \/>\n<meta name=\"robots\" content=\"index, follow, max-snippet:-1, max-image-preview:large, max-video-preview:-1\" \/>\n<link rel=\"canonical\" href=\"https:\/\/amberwithsilver.com\/en\/product\/spindinti-deimantinio-slifavimo-apyranke\/\" \/>\n<meta property=\"og:locale\" content=\"en_US\" \/>\n<meta property=\"og:type\" content=\"article\" \/>\n<meta property=\"og:title\" content=\"Spindinti deimantinio \u0161lifavimo apyrank\u0117\" \/>\n<meta property=\"og:description\" content=\"I\u0161skirtin\u0117 deimantinio \u0161lifavimo apyrank\u0117 yra pagaminta i\u0161 facetuot\u0173 rank\u0173 darbo\" \/>\n<meta property=\"og:url\" content=\"https:\/\/amberwithsilver.com\/en\/product\/spindinti-deimantinio-slifavimo-apyranke\/\" \/>\n<meta property=\"og:site_name\" content=\"AmberWithSilver\" \/>\n<meta property=\"article:modified_time\" content=\"2026-02-20T16:55:46+00:00\" \/>\n<meta property=\"og:image\" content=\"https:\/\/amberwithsilver.com\/wp-content\/uploads\/2026\/02\/id.-261.webp\" \/>\n\t<meta property=\"og:image:width\" content=\"1000\" \/>\n\t<meta property=\"og:image:height\" content=\"838\" \/>\n\t<meta property=\"og:image:type\" content=\"image\/webp\" \/>\n<meta name=\"twitter:card\" content=\"summary_large_image\" \/>\n<meta name=\"twitter:label1\" content=\"Est. reading time\" \/>\n\t<meta name=\"twitter:data1\" content=\"1 minute\" \/>\n<script type=\"application\/ld+json\" class=\"yoast-schema-graph\">{\"@context\":\"https:\/\/schema.org\",\"@graph\":[{\"@type\":\"WebPage\",\"@id\":\"https:\/\/amberwithsilver.com\/product\/spindinti-deimantinio-slifavimo-apyranke\/\",\"url\":\"https:\/\/amberwithsilver.com\/product\/spindinti-deimantinio-slifavimo-apyranke\/\",\"name\":\"Spindinti deimantinio \u0161lifavimo apyrank\u0117\",\"isPartOf\":{\"@id\":\"https:\/\/amberwithsilver.com\/en\/#website\"},\"primaryImageOfPage\":{\"@id\":\"https:\/\/amberwithsilver.com\/product\/spindinti-deimantinio-slifavimo-apyranke\/#primaryimage\"},\"image\":{\"@id\":\"https:\/\/amberwithsilver.com\/product\/spindinti-deimantinio-slifavimo-apyranke\/#primaryimage\"},\"thumbnailUrl\":\"https:\/\/amberwithsilver.com\/wp-content\/uploads\/2026\/02\/id.-261.webp\",\"datePublished\":\"2026-02-13T19:24:38+00:00\",\"dateModified\":\"2026-02-20T16:55:46+00:00\",\"description\":\"I\u0161skirtin\u0117 deimantinio \u0161lifavimo apyrank\u0117 yra pagaminta i\u0161 facetuot\u0173 rank\u0173 darbo\",\"breadcrumb\":{\"@id\":\"https:\/\/amberwithsilver.com\/product\/spindinti-deimantinio-slifavimo-apyranke\/#breadcrumb\"},\"inLanguage\":\"en-US\",\"potentialAction\":[{\"@type\":\"ReadAction\",\"target\":[\"https:\/\/amberwithsilver.com\/product\/spindinti-deimantinio-slifavimo-apyranke\/\"]}]},{\"@type\":\"ImageObject\",\"inLanguage\":\"en-US\",\"@id\":\"https:\/\/amberwithsilver.com\/product\/spindinti-deimantinio-slifavimo-apyranke\/#primaryimage\",\"url\":\"https:\/\/amberwithsilver.com\/wp-content\/uploads\/2026\/02\/id.-261.webp\",\"contentUrl\":\"https:\/\/amberwithsilver.com\/wp-content\/uploads\/2026\/02\/id.-261.webp\",\"width\":1000,\"height\":838,\"caption\":\"Spindinti deimantinio \u0161lifavimo apyrank\u0117, Shiny faceted amber bracelet\"},{\"@type\":\"BreadcrumbList\",\"@id\":\"https:\/\/amberwithsilver.com\/product\/spindinti-deimantinio-slifavimo-apyranke\/#breadcrumb\",\"itemListElement\":[{\"@type\":\"ListItem\",\"position\":1,\"name\":\"Home\",\"item\":\"https:\/\/amberwithsilver.com\/\"},{\"@type\":\"ListItem\",\"position\":2,\"name\":\"Parduotuv\u0117\",\"item\":\"https:\/\/amberwithsilver.com\/en\/parduotuve\/\"},{\"@type\":\"ListItem\",\"position\":3,\"name\":\"Spindinti deimantinio \u0161lifavimo apyrank\u0117\"}]},{\"@type\":\"WebSite\",\"@id\":\"https:\/\/amberwithsilver.com\/en\/#website\",\"url\":\"https:\/\/amberwithsilver.com\/en\/\",\"name\":\"AmberWithSilver\",\"description\":\"Amber-Silver\",\"publisher\":{\"@id\":\"https:\/\/amberwithsilver.com\/en\/#organization\"},\"potentialAction\":[{\"@type\":\"SearchAction\",\"target\":{\"@type\":\"EntryPoint\",\"urlTemplate\":\"https:\/\/amberwithsilver.com\/en\/?s={search_term_string}\"},\"query-input\":{\"@type\":\"PropertyValueSpecification\",\"valueRequired\":true,\"valueName\":\"search_term_string\"}}],\"inLanguage\":\"en-US\"},{\"@type\":\"Organization\",\"@id\":\"https:\/\/amberwithsilver.com\/en\/#organization\",\"name\":\"amberwithsilver\",\"url\":\"https:\/\/amberwithsilver.com\/en\/\",\"logo\":{\"@type\":\"ImageObject\",\"inLanguage\":\"en-US\",\"@id\":\"https:\/\/amberwithsilver.com\/en\/#\/schema\/logo\/image\/\",\"url\":\"https:\/\/i0.wp.com\/amberwithsilver.com\/wp-content\/uploads\/2020\/12\/logo.jpg?fit=232%2C116&ssl=1\",\"contentUrl\":\"https:\/\/i0.wp.com\/amberwithsilver.com\/wp-content\/uploads\/2020\/12\/logo.jpg?fit=232%2C116&ssl=1\",\"width\":232,\"height\":116,\"caption\":\"amberwithsilver\"},\"image\":{\"@id\":\"https:\/\/amberwithsilver.com\/en\/#\/schema\/logo\/image\/\"}}]}<\/script>\n<!-- \/ Yoast SEO Premium plugin. -->","yoast_head_json":{"title":"Shiny faceted amber bracelet","description":"I\u0161skirtin\u0117 deimantinio \u0161lifavimo apyrank\u0117 yra pagaminta i\u0161 facetuot\u0173 rank\u0173 darbo","robots":{"index":"index","follow":"follow","max-snippet":"max-snippet:-1","max-image-preview":"max-image-preview:large","max-video-preview":"max-video-preview:-1"},"canonical":"https:\/\/amberwithsilver.com\/en\/product\/spindinti-deimantinio-slifavimo-apyranke\/","og_locale":"en_US","og_type":"article","og_title":"Spindinti deimantinio \u0161lifavimo apyrank\u0117","og_description":"I\u0161skirtin\u0117 deimantinio \u0161lifavimo apyrank\u0117 yra pagaminta i\u0161 facetuot\u0173 rank\u0173 darbo","og_url":"https:\/\/amberwithsilver.com\/en\/product\/spindinti-deimantinio-slifavimo-apyranke\/","og_site_name":"AmberWithSilver","article_modified_time":"2026-02-20T16:55:46+00:00","og_image":[{"width":1000,"height":838,"url":"https:\/\/amberwithsilver.com\/wp-content\/uploads\/2026\/02\/id.-261.webp","type":"image\/webp"}],"twitter_card":"summary_large_image","twitter_misc":{"Est. reading time":"1 minute"},"schema":{"@context":"https:\/\/schema.org","@graph":[{"@type":"WebPage","@id":"https:\/\/amberwithsilver.com\/product\/spindinti-deimantinio-slifavimo-apyranke\/","url":"https:\/\/amberwithsilver.com\/product\/spindinti-deimantinio-slifavimo-apyranke\/","name":"Shiny faceted amber bracelet","isPartOf":{"@id":"https:\/\/amberwithsilver.com\/en\/#website"},"primaryImageOfPage":{"@id":"https:\/\/amberwithsilver.com\/product\/spindinti-deimantinio-slifavimo-apyranke\/#primaryimage"},"image":{"@id":"https:\/\/amberwithsilver.com\/product\/spindinti-deimantinio-slifavimo-apyranke\/#primaryimage"},"thumbnailUrl":"https:\/\/amberwithsilver.com\/wp-content\/uploads\/2026\/02\/id.-261.webp","datePublished":"2026-02-13T19:24:38+00:00","dateModified":"2026-02-20T16:55:46+00:00","description":"I\u0161skirtin\u0117 deimantinio \u0161lifavimo apyrank\u0117 yra pagaminta i\u0161 facetuot\u0173 rank\u0173 darbo","breadcrumb":{"@id":"https:\/\/amberwithsilver.com\/product\/spindinti-deimantinio-slifavimo-apyranke\/#breadcrumb"},"inLanguage":"en-US","potentialAction":[{"@type":"ReadAction","target":["https:\/\/amberwithsilver.com\/product\/spindinti-deimantinio-slifavimo-apyranke\/"]}]},{"@type":"ImageObject","inLanguage":"en-US","@id":"https:\/\/amberwithsilver.com\/product\/spindinti-deimantinio-slifavimo-apyranke\/#primaryimage","url":"https:\/\/amberwithsilver.com\/wp-content\/uploads\/2026\/02\/id.-261.webp","contentUrl":"https:\/\/amberwithsilver.com\/wp-content\/uploads\/2026\/02\/id.-261.webp","width":1000,"height":838,"caption":"Spindinti deimantinio \u0161lifavimo apyrank\u0117, Shiny faceted amber bracelet"},{"@type":"BreadcrumbList","@id":"https:\/\/amberwithsilver.com\/product\/spindinti-deimantinio-slifavimo-apyranke\/#breadcrumb","itemListElement":[{"@type":"ListItem","position":1,"name":"Home","item":"https:\/\/amberwithsilver.com\/"},{"@type":"ListItem","position":2,"name":"Parduotuv\u0117","item":"https:\/\/amberwithsilver.com\/en\/parduotuve\/"},{"@type":"ListItem","position":3,"name":"Spindinti deimantinio \u0161lifavimo apyrank\u0117"}]},{"@type":"WebSite","@id":"https:\/\/amberwithsilver.com\/en\/#website","url":"https:\/\/amberwithsilver.com\/en\/","name":"AmberWithSilver","description":"Amber-Silver","publisher":{"@id":"https:\/\/amberwithsilver.com\/en\/#organization"},"potentialAction":[{"@type":"SearchAction","target":{"@type":"EntryPoint","urlTemplate":"https:\/\/amberwithsilver.com\/en\/?s={search_term_string}"},"query-input":{"@type":"PropertyValueSpecification","valueRequired":true,"valueName":"search_term_string"}}],"inLanguage":"en-US"},{"@type":"Organization","@id":"https:\/\/amberwithsilver.com\/en\/#organization","name":"amberwithsilver","url":"https:\/\/amberwithsilver.com\/en\/","logo":{"@type":"ImageObject","inLanguage":"en-US","@id":"https:\/\/amberwithsilver.com\/en\/#\/schema\/logo\/image\/","url":"https:\/\/i0.wp.com\/amberwithsilver.com\/wp-content\/uploads\/2020\/12\/logo.jpg?fit=232%2C116&ssl=1","contentUrl":"https:\/\/i0.wp.com\/amberwithsilver.com\/wp-content\/uploads\/2020\/12\/logo.jpg?fit=232%2C116&ssl=1","width":232,"height":116,"caption":"amberwithsilver"},"image":{"@id":"https:\/\/amberwithsilver.com\/en\/#\/schema\/logo\/image\/"}}]}},"jetpack_sharing_enabled":true,"_links":{"self":[{"href":"https:\/\/amberwithsilver.com\/en\/wp-json\/wp\/v2\/product\/4055","targetHints":{"allow":["GET"]}}],"collection":[{"href":"https:\/\/amberwithsilver.com\/en\/wp-json\/wp\/v2\/product"}],"about":[{"href":"https:\/\/amberwithsilver.com\/en\/wp-json\/wp\/v2\/types\/product"}],"replies":[{"embeddable":true,"href":"https:\/\/amberwithsilver.com\/en\/wp-json\/wp\/v2\/comments?post=4055"}],"version-history":[{"count":4,"href":"https:\/\/amberwithsilver.com\/en\/wp-json\/wp\/v2\/product\/4055\/revisions"}],"predecessor-version":[{"id":4064,"href":"https:\/\/amberwithsilver.com\/en\/wp-json\/wp\/v2\/product\/4055\/revisions\/4064"}],"wp:featuredmedia":[{"embeddable":true,"href":"https:\/\/amberwithsilver.com\/en\/wp-json\/wp\/v2\/media\/4056"}],"wp:attachment":[{"href":"https:\/\/amberwithsilver.com\/en\/wp-json\/wp\/v2\/media?parent=4055"}],"wp:term":[{"taxonomy":"product_brand","embeddable":true,"href":"https:\/\/amberwithsilver.com\/en\/wp-json\/wp\/v2\/product_brand?post=4055"},{"taxonomy":"product_cat","embeddable":true,"href":"https:\/\/amberwithsilver.com\/en\/wp-json\/wp\/v2\/product_cat?post=4055"},{"taxonomy":"product_tag","embeddable":true,"href":"https:\/\/amberwithsilver.com\/en\/wp-json\/wp\/v2\/product_tag?post=4055"}],"curies":[{"name":"wp","href":"https:\/\/api.w.org\/{rel}","templated":true}]}}