{"id":4102,"date":"2026-02-20T20:51:30","date_gmt":"2026-02-20T18:51:30","guid":{"rendered":"https:\/\/amberwithsilver.com\/?post_type=product&#038;p=4102"},"modified":"2026-03-10T21:42:04","modified_gmt":"2026-03-10T19:42:04","slug":"ilgi-konjako-atspalviu-gintaro-karoliai","status":"publish","type":"product","link":"https:\/\/amberwithsilver.com\/en\/product\/ilgi-konjako-atspalviu-gintaro-karoliai\/","title":{"rendered":"Long cognac amber necklace"},"content":{"rendered":"<p>Large amber necklace is made of natural Baltic amber, handcrafted by qualified specialist and experienced designers. Carefully polished and softly round the Baltic amber beads lay comfortably against the skin. This allows maximum skin contact and gives added comfort to you. Baltic amber necklace is radiant with energy and harmony to those who wear it. The unique and amazing property of natural amber is that it offers a natural relief of pain. Anti-inflammatory properties make it ideal natural homeopathic product for adults. Closure is made of amber.<\/p>\n<ul>\n<li><em>Natural Baltic amber<\/em><\/li>\n<li><em>Polished amber beads<\/em><\/li>\n<li><em>Largest amber piece is ~ 3.5\u00d77 cm<\/em><\/li>\n<li><em>Clasp is made of amber\u00a0<\/em><\/li>\n<li><em>Color: cognac<\/em><\/li>\n<li><em>Length \u2013 75cm<\/em><\/li>\n<li><em>Weight: ~ 108 grams.<\/em><\/li>\n<\/ul>\n<p>*Please note that the color of the product may vary slightly from that shown in the photo, depending on the monitor used by the Buyer and the lighting settings in the photos.<\/p>","protected":false},"excerpt":{"rendered":"<p>Large amber necklace is made of natural Baltic amber, handcrafted by qualified specialist and experienced designers. Carefully polished and softly round the Baltic amber beads lay comfortably against the skin. This allows maximum skin contact and gives added comfort to you. Baltic amber necklace is radiant with energy and harmony to those who wear it. The unique and amazing property of natural amber is that it offers a natural relief of pain. Anti-inflammatory properties make it ideal natural homeopathic product for adults. Closure is made of amber.<\/p>\n<ul>\n<li><em>Natural Baltic amber<\/em><\/li>\n<li><em>Polished amber beads<\/em><\/li>\n<li><em>Largest amber piece is ~ 3.5\u00d77 cm<\/em><\/li>\n<li><em>Clasp is made of amber\u00a0<\/em><\/li>\n<li><em>Color: cognac<\/em><\/li>\n<li><em>Length \u2013 75cm<\/em><\/li>\n<li><em>Weight: ~ 108 grams.<\/em><\/li>\n<\/ul>\n<p>*Please note that the color of the product may vary slightly from that shown in the photo, depending on the monitor used by the Buyer and the lighting settings in the photos.<\/p>","protected":false},"featured_media":4103,"comment_status":"open","ping_status":"closed","template":"","meta":[],"product_brand":[],"product_cat":[35],"product_tag":[64,747,1013,1106,1107,1313,1387,1392,1393,1394,1395,1425,1438,1439],"class_list":{"0":"post-4102","1":"product","2":"type-product","3":"status-publish","4":"has-post-thumbnail","6":"product_cat-gintaro-karoliai","7":"product_tag-gintaras","8":"product_tag-amber","9":"product_tag-gintaro-dirbiniai","10":"product_tag-gintaro-papuosalai","11":"product_tag-amber-jewelry","12":"product_tag-gintaro-dirbiniai-kaunas","13":"product_tag-dovana-moterims","14":"product_tag-gintaro-kurybines-dirbtuves-kaune","15":"product_tag-baltijos-gintaro-dirbiniai","16":"product_tag-baltic-amber-products","17":"product_tag-gift-for-her","18":"product_tag-amber-workshop-in-kaunas","19":"product_tag-konjako-atspalviu-gintaro-karoliai","20":"product_tag-ilgi-karoliai","22":"first","23":"instock","24":"taxable","25":"shipping-taxable","26":"purchasable","27":"product-type-simple"},"yoast_head":"<!-- This site is optimized with the Yoast SEO Premium plugin v23.4 (Yoast SEO v26.8) - https:\/\/yoast.com\/product\/yoast-seo-premium-wordpress\/ -->\n<title>Ilgi konjako atspalvi\u0173 gintaro karoliai<\/title>\n<meta name=\"description\" content=\"\u0160ie masyv\u016bs gintaro puo\u0161menos karoliai pagaminti i\u0161 nat\u016bralaus Baltijos gintaro, kur\u012f suk\u016br\u0117 rankomis gaminantys kvalifikuoti gamybos specialistai bei gamin\" \/>\n<meta name=\"robots\" content=\"index, follow, max-snippet:-1, max-image-preview:large, max-video-preview:-1\" \/>\n<link rel=\"canonical\" href=\"https:\/\/amberwithsilver.com\/en\/product\/ilgi-konjako-atspalviu-gintaro-karoliai\/\" \/>\n<meta property=\"og:locale\" content=\"en_US\" \/>\n<meta property=\"og:type\" content=\"article\" \/>\n<meta property=\"og:title\" content=\"Ilgi konjako atspalvi\u0173 gintaro karoliai\" \/>\n<meta property=\"og:description\" content=\"\u0160ie masyv\u016bs gintaro puo\u0161menos karoliai pagaminti i\u0161 nat\u016bralaus Baltijos gintaro, kur\u012f suk\u016br\u0117 rankomis gaminantys kvalifikuoti gamybos specialistai bei gamin\" \/>\n<meta property=\"og:url\" content=\"https:\/\/amberwithsilver.com\/en\/product\/ilgi-konjako-atspalviu-gintaro-karoliai\/\" \/>\n<meta property=\"og:site_name\" content=\"AmberWithSilver\" \/>\n<meta property=\"article:modified_time\" content=\"2026-03-10T19:42:04+00:00\" \/>\n<meta property=\"og:image\" content=\"https:\/\/amberwithsilver.com\/wp-content\/uploads\/2026\/02\/id.-240.webp\" \/>\n\t<meta property=\"og:image:width\" content=\"1000\" \/>\n\t<meta property=\"og:image:height\" content=\"838\" \/>\n\t<meta property=\"og:image:type\" content=\"image\/webp\" \/>\n<meta name=\"twitter:card\" content=\"summary_large_image\" \/>\n<meta name=\"twitter:label1\" content=\"Est. reading time\" \/>\n\t<meta name=\"twitter:data1\" content=\"1 minute\" \/>\n<script type=\"application\/ld+json\" class=\"yoast-schema-graph\">{\"@context\":\"https:\/\/schema.org\",\"@graph\":[{\"@type\":\"WebPage\",\"@id\":\"https:\/\/amberwithsilver.com\/product\/ilgi-konjako-atspalviu-gintaro-karoliai\/\",\"url\":\"https:\/\/amberwithsilver.com\/product\/ilgi-konjako-atspalviu-gintaro-karoliai\/\",\"name\":\"Ilgi konjako atspalvi\u0173 gintaro karoliai\",\"isPartOf\":{\"@id\":\"https:\/\/amberwithsilver.com\/en\/#website\"},\"primaryImageOfPage\":{\"@id\":\"https:\/\/amberwithsilver.com\/product\/ilgi-konjako-atspalviu-gintaro-karoliai\/#primaryimage\"},\"image\":{\"@id\":\"https:\/\/amberwithsilver.com\/product\/ilgi-konjako-atspalviu-gintaro-karoliai\/#primaryimage\"},\"thumbnailUrl\":\"https:\/\/amberwithsilver.com\/wp-content\/uploads\/2026\/02\/id.-240.webp\",\"datePublished\":\"2026-02-20T18:51:30+00:00\",\"dateModified\":\"2026-03-10T19:42:04+00:00\",\"description\":\"\u0160ie masyv\u016bs gintaro puo\u0161menos karoliai pagaminti i\u0161 nat\u016bralaus Baltijos gintaro, kur\u012f suk\u016br\u0117 rankomis gaminantys kvalifikuoti gamybos specialistai bei gamin\",\"breadcrumb\":{\"@id\":\"https:\/\/amberwithsilver.com\/product\/ilgi-konjako-atspalviu-gintaro-karoliai\/#breadcrumb\"},\"inLanguage\":\"en-US\",\"potentialAction\":[{\"@type\":\"ReadAction\",\"target\":[\"https:\/\/amberwithsilver.com\/product\/ilgi-konjako-atspalviu-gintaro-karoliai\/\"]}]},{\"@type\":\"ImageObject\",\"inLanguage\":\"en-US\",\"@id\":\"https:\/\/amberwithsilver.com\/product\/ilgi-konjako-atspalviu-gintaro-karoliai\/#primaryimage\",\"url\":\"https:\/\/amberwithsilver.com\/wp-content\/uploads\/2026\/02\/id.-240.webp\",\"contentUrl\":\"https:\/\/amberwithsilver.com\/wp-content\/uploads\/2026\/02\/id.-240.webp\",\"width\":1000,\"height\":838,\"caption\":\"Ilgi konjako atspalvi\u0173 gintaro karoliai, Long cognac amber necklace\"},{\"@type\":\"BreadcrumbList\",\"@id\":\"https:\/\/amberwithsilver.com\/product\/ilgi-konjako-atspalviu-gintaro-karoliai\/#breadcrumb\",\"itemListElement\":[{\"@type\":\"ListItem\",\"position\":1,\"name\":\"Home\",\"item\":\"https:\/\/amberwithsilver.com\/\"},{\"@type\":\"ListItem\",\"position\":2,\"name\":\"Parduotuv\u0117\",\"item\":\"https:\/\/amberwithsilver.com\/en\/parduotuve\/\"},{\"@type\":\"ListItem\",\"position\":3,\"name\":\"Ilgi konjako atspalvi\u0173 gintaro karoliai\"}]},{\"@type\":\"WebSite\",\"@id\":\"https:\/\/amberwithsilver.com\/en\/#website\",\"url\":\"https:\/\/amberwithsilver.com\/en\/\",\"name\":\"AmberWithSilver\",\"description\":\"Amber-Silver\",\"publisher\":{\"@id\":\"https:\/\/amberwithsilver.com\/en\/#organization\"},\"potentialAction\":[{\"@type\":\"SearchAction\",\"target\":{\"@type\":\"EntryPoint\",\"urlTemplate\":\"https:\/\/amberwithsilver.com\/en\/?s={search_term_string}\"},\"query-input\":{\"@type\":\"PropertyValueSpecification\",\"valueRequired\":true,\"valueName\":\"search_term_string\"}}],\"inLanguage\":\"en-US\"},{\"@type\":\"Organization\",\"@id\":\"https:\/\/amberwithsilver.com\/en\/#organization\",\"name\":\"amberwithsilver\",\"url\":\"https:\/\/amberwithsilver.com\/en\/\",\"logo\":{\"@type\":\"ImageObject\",\"inLanguage\":\"en-US\",\"@id\":\"https:\/\/amberwithsilver.com\/en\/#\/schema\/logo\/image\/\",\"url\":\"https:\/\/i0.wp.com\/amberwithsilver.com\/wp-content\/uploads\/2020\/12\/logo.jpg?fit=232%2C116&ssl=1\",\"contentUrl\":\"https:\/\/i0.wp.com\/amberwithsilver.com\/wp-content\/uploads\/2020\/12\/logo.jpg?fit=232%2C116&ssl=1\",\"width\":232,\"height\":116,\"caption\":\"amberwithsilver\"},\"image\":{\"@id\":\"https:\/\/amberwithsilver.com\/en\/#\/schema\/logo\/image\/\"}}]}<\/script>\n<!-- \/ Yoast SEO Premium plugin. -->","yoast_head_json":{"title":"Long cognac amber necklace","description":"\u0160ie masyv\u016bs gintaro puo\u0161menos karoliai pagaminti i\u0161 nat\u016bralaus Baltijos gintaro, kur\u012f suk\u016br\u0117 rankomis gaminantys kvalifikuoti gamybos specialistai bei gamin","robots":{"index":"index","follow":"follow","max-snippet":"max-snippet:-1","max-image-preview":"max-image-preview:large","max-video-preview":"max-video-preview:-1"},"canonical":"https:\/\/amberwithsilver.com\/en\/product\/ilgi-konjako-atspalviu-gintaro-karoliai\/","og_locale":"en_US","og_type":"article","og_title":"Ilgi konjako atspalvi\u0173 gintaro karoliai","og_description":"\u0160ie masyv\u016bs gintaro puo\u0161menos karoliai pagaminti i\u0161 nat\u016bralaus Baltijos gintaro, kur\u012f suk\u016br\u0117 rankomis gaminantys kvalifikuoti gamybos specialistai bei gamin","og_url":"https:\/\/amberwithsilver.com\/en\/product\/ilgi-konjako-atspalviu-gintaro-karoliai\/","og_site_name":"AmberWithSilver","article_modified_time":"2026-03-10T19:42:04+00:00","og_image":[{"width":1000,"height":838,"url":"https:\/\/amberwithsilver.com\/wp-content\/uploads\/2026\/02\/id.-240.webp","type":"image\/webp"}],"twitter_card":"summary_large_image","twitter_misc":{"Est. reading time":"1 minute"},"schema":{"@context":"https:\/\/schema.org","@graph":[{"@type":"WebPage","@id":"https:\/\/amberwithsilver.com\/product\/ilgi-konjako-atspalviu-gintaro-karoliai\/","url":"https:\/\/amberwithsilver.com\/product\/ilgi-konjako-atspalviu-gintaro-karoliai\/","name":"Long cognac amber necklace","isPartOf":{"@id":"https:\/\/amberwithsilver.com\/en\/#website"},"primaryImageOfPage":{"@id":"https:\/\/amberwithsilver.com\/product\/ilgi-konjako-atspalviu-gintaro-karoliai\/#primaryimage"},"image":{"@id":"https:\/\/amberwithsilver.com\/product\/ilgi-konjako-atspalviu-gintaro-karoliai\/#primaryimage"},"thumbnailUrl":"https:\/\/amberwithsilver.com\/wp-content\/uploads\/2026\/02\/id.-240.webp","datePublished":"2026-02-20T18:51:30+00:00","dateModified":"2026-03-10T19:42:04+00:00","description":"\u0160ie masyv\u016bs gintaro puo\u0161menos karoliai pagaminti i\u0161 nat\u016bralaus Baltijos gintaro, kur\u012f suk\u016br\u0117 rankomis gaminantys kvalifikuoti gamybos specialistai bei gamin","breadcrumb":{"@id":"https:\/\/amberwithsilver.com\/product\/ilgi-konjako-atspalviu-gintaro-karoliai\/#breadcrumb"},"inLanguage":"en-US","potentialAction":[{"@type":"ReadAction","target":["https:\/\/amberwithsilver.com\/product\/ilgi-konjako-atspalviu-gintaro-karoliai\/"]}]},{"@type":"ImageObject","inLanguage":"en-US","@id":"https:\/\/amberwithsilver.com\/product\/ilgi-konjako-atspalviu-gintaro-karoliai\/#primaryimage","url":"https:\/\/amberwithsilver.com\/wp-content\/uploads\/2026\/02\/id.-240.webp","contentUrl":"https:\/\/amberwithsilver.com\/wp-content\/uploads\/2026\/02\/id.-240.webp","width":1000,"height":838,"caption":"Ilgi konjako atspalvi\u0173 gintaro karoliai, Long cognac amber necklace"},{"@type":"BreadcrumbList","@id":"https:\/\/amberwithsilver.com\/product\/ilgi-konjako-atspalviu-gintaro-karoliai\/#breadcrumb","itemListElement":[{"@type":"ListItem","position":1,"name":"Home","item":"https:\/\/amberwithsilver.com\/"},{"@type":"ListItem","position":2,"name":"Parduotuv\u0117","item":"https:\/\/amberwithsilver.com\/en\/parduotuve\/"},{"@type":"ListItem","position":3,"name":"Ilgi konjako atspalvi\u0173 gintaro karoliai"}]},{"@type":"WebSite","@id":"https:\/\/amberwithsilver.com\/en\/#website","url":"https:\/\/amberwithsilver.com\/en\/","name":"AmberWithSilver","description":"Amber-Silver","publisher":{"@id":"https:\/\/amberwithsilver.com\/en\/#organization"},"potentialAction":[{"@type":"SearchAction","target":{"@type":"EntryPoint","urlTemplate":"https:\/\/amberwithsilver.com\/en\/?s={search_term_string}"},"query-input":{"@type":"PropertyValueSpecification","valueRequired":true,"valueName":"search_term_string"}}],"inLanguage":"en-US"},{"@type":"Organization","@id":"https:\/\/amberwithsilver.com\/en\/#organization","name":"amberwithsilver","url":"https:\/\/amberwithsilver.com\/en\/","logo":{"@type":"ImageObject","inLanguage":"en-US","@id":"https:\/\/amberwithsilver.com\/en\/#\/schema\/logo\/image\/","url":"https:\/\/i0.wp.com\/amberwithsilver.com\/wp-content\/uploads\/2020\/12\/logo.jpg?fit=232%2C116&ssl=1","contentUrl":"https:\/\/i0.wp.com\/amberwithsilver.com\/wp-content\/uploads\/2020\/12\/logo.jpg?fit=232%2C116&ssl=1","width":232,"height":116,"caption":"amberwithsilver"},"image":{"@id":"https:\/\/amberwithsilver.com\/en\/#\/schema\/logo\/image\/"}}]}},"jetpack_sharing_enabled":true,"_links":{"self":[{"href":"https:\/\/amberwithsilver.com\/en\/wp-json\/wp\/v2\/product\/4102","targetHints":{"allow":["GET"]}}],"collection":[{"href":"https:\/\/amberwithsilver.com\/en\/wp-json\/wp\/v2\/product"}],"about":[{"href":"https:\/\/amberwithsilver.com\/en\/wp-json\/wp\/v2\/types\/product"}],"replies":[{"embeddable":true,"href":"https:\/\/amberwithsilver.com\/en\/wp-json\/wp\/v2\/comments?post=4102"}],"version-history":[{"count":1,"href":"https:\/\/amberwithsilver.com\/en\/wp-json\/wp\/v2\/product\/4102\/revisions"}],"predecessor-version":[{"id":4104,"href":"https:\/\/amberwithsilver.com\/en\/wp-json\/wp\/v2\/product\/4102\/revisions\/4104"}],"wp:featuredmedia":[{"embeddable":true,"href":"https:\/\/amberwithsilver.com\/en\/wp-json\/wp\/v2\/media\/4103"}],"wp:attachment":[{"href":"https:\/\/amberwithsilver.com\/en\/wp-json\/wp\/v2\/media?parent=4102"}],"wp:term":[{"taxonomy":"product_brand","embeddable":true,"href":"https:\/\/amberwithsilver.com\/en\/wp-json\/wp\/v2\/product_brand?post=4102"},{"taxonomy":"product_cat","embeddable":true,"href":"https:\/\/amberwithsilver.com\/en\/wp-json\/wp\/v2\/product_cat?post=4102"},{"taxonomy":"product_tag","embeddable":true,"href":"https:\/\/amberwithsilver.com\/en\/wp-json\/wp\/v2\/product_tag?post=4102"}],"curies":[{"name":"wp","href":"https:\/\/api.w.org\/{rel}","templated":true}]}}