{"id":4132,"date":"2026-03-10T21:18:20","date_gmt":"2026-03-10T19:18:20","guid":{"rendered":"https:\/\/amberwithsilver.com\/?post_type=product&#038;p=4132"},"modified":"2026-03-10T21:18:20","modified_gmt":"2026-03-10T19:18:20","slug":"gintaro-karoliai-vysniniai-baroko-formos-sarateliai","status":"publish","type":"product","link":"https:\/\/amberwithsilver.com\/en\/product\/gintaro-karoliai-vysniniai-baroko-formos-sarateliai\/","title":{"rendered":"Adult amber necklace - cherry baroque beads"},"content":{"rendered":"<p>Adult amber necklace is made of cherry-colored baroque amber beads. Small parts of baltic amber perfectly combine with each other. There is a knot between each bead.<\/p>\n<ul>\n<li><em>Natural Baltic amber<\/em><\/li>\n<li><em>Baroque amber beads<\/em><\/li>\n<li><em>Size of amber beads ~ 0.5\u00d71.0 cm<\/em><\/li>\n<li><em>Plastic screw-on closure<\/em><\/li>\n<li><em>Color: cherry<\/em><\/li>\n<li><em>Length \u2013 45cm<\/em><\/li>\n<li><em>Weight: ~ 8.50 grams.<\/em><\/li>\n<\/ul>\n<p>*Please note that the color of the product may vary slightly from that shown in the photo, depending on the monitor used by the Buyer and the lighting settings in the photos.<\/p>","protected":false},"excerpt":{"rendered":"<p>Adult amber necklace is made of cherry-colored baroque amber beads. Small parts of baltic amber perfectly combine with each other. There is a knot between each bead.<\/p>\n<ul>\n<li><em>Natural Baltic amber<\/em><\/li>\n<li><em>Baroque amber beads<\/em><\/li>\n<li><em>Size of amber beads ~ 0.5\u00d71.0 cm<\/em><\/li>\n<li><em>Plastic screw-on closure<\/em><\/li>\n<li><em>Color: cherry<\/em><\/li>\n<li><em>Length \u2013 45cm<\/em><\/li>\n<li><em>Weight: ~ 8.50 grams.<\/em><\/li>\n<\/ul>\n<p>*Please note that the color of the product may vary slightly from that shown in the photo, depending on the monitor used by the Buyer and the lighting settings in the photos.<\/p>","protected":false},"featured_media":4133,"comment_status":"open","ping_status":"closed","template":"","meta":[],"product_brand":[],"product_cat":[35],"product_tag":[64,142,152,747,1013,1106,1107,1313,1387,1392,1393,1394,1395,1425],"class_list":{"0":"post-4132","1":"product","2":"type-product","3":"status-publish","4":"has-post-thumbnail","6":"product_cat-gintaro-karoliai","7":"product_tag-gintaras","8":"product_tag-barokines-gintaro-detales","9":"product_tag-naturalus-baltijos-gintaras","10":"product_tag-amber","11":"product_tag-gintaro-dirbiniai","12":"product_tag-gintaro-papuosalai","13":"product_tag-amber-jewelry","14":"product_tag-gintaro-dirbiniai-kaunas","15":"product_tag-dovana-moterims","16":"product_tag-gintaro-kurybines-dirbtuves-kaune","17":"product_tag-baltijos-gintaro-dirbiniai","18":"product_tag-baltic-amber-products","19":"product_tag-gift-for-her","20":"product_tag-amber-workshop-in-kaunas","22":"first","23":"instock","24":"taxable","25":"shipping-taxable","26":"purchasable","27":"product-type-simple"},"yoast_head":"<!-- This site is optimized with the Yoast SEO Premium plugin v23.4 (Yoast SEO v26.8) - https:\/\/yoast.com\/product\/yoast-seo-premium-wordpress\/ -->\n<title>Gintaro karoliai - vy\u0161niniai baroko formos \u0161arat\u0117liai<\/title>\n<meta name=\"description\" content=\"Baltijos gintaro karoliai, pagaminti i\u0161 vy\u0161nios spalvos barokini\u0173 gintaro detali\u0173. \u0160ios smulkios, baroko formos detal\u0117s, puikiai dera tarpusavyje.\" \/>\n<meta name=\"robots\" content=\"index, follow, max-snippet:-1, max-image-preview:large, max-video-preview:-1\" \/>\n<link rel=\"canonical\" href=\"https:\/\/amberwithsilver.com\/en\/product\/gintaro-karoliai-vysniniai-baroko-formos-sarateliai\/\" \/>\n<meta property=\"og:locale\" content=\"en_US\" \/>\n<meta property=\"og:type\" content=\"article\" \/>\n<meta property=\"og:title\" content=\"Gintaro karoliai - vy\u0161niniai baroko formos \u0161arat\u0117liai\" \/>\n<meta property=\"og:description\" content=\"Baltijos gintaro karoliai, pagaminti i\u0161 vy\u0161nios spalvos barokini\u0173 gintaro detali\u0173. \u0160ios smulkios, baroko formos detal\u0117s, puikiai dera tarpusavyje.\" \/>\n<meta property=\"og:url\" content=\"https:\/\/amberwithsilver.com\/en\/product\/gintaro-karoliai-vysniniai-baroko-formos-sarateliai\/\" \/>\n<meta property=\"og:site_name\" content=\"AmberWithSilver\" \/>\n<meta property=\"og:image\" content=\"https:\/\/amberwithsilver.com\/wp-content\/uploads\/2026\/02\/id.-202.webp\" \/>\n\t<meta property=\"og:image:width\" content=\"1000\" \/>\n\t<meta property=\"og:image:height\" content=\"838\" \/>\n\t<meta property=\"og:image:type\" content=\"image\/webp\" \/>\n<meta name=\"twitter:card\" content=\"summary_large_image\" \/>\n<meta name=\"twitter:label1\" content=\"Est. reading time\" \/>\n\t<meta name=\"twitter:data1\" content=\"1 minute\" \/>\n<script type=\"application\/ld+json\" class=\"yoast-schema-graph\">{\"@context\":\"https:\/\/schema.org\",\"@graph\":[{\"@type\":\"WebPage\",\"@id\":\"https:\/\/amberwithsilver.com\/product\/gintaro-karoliai-vysniniai-baroko-formos-sarateliai\/\",\"url\":\"https:\/\/amberwithsilver.com\/product\/gintaro-karoliai-vysniniai-baroko-formos-sarateliai\/\",\"name\":\"Gintaro karoliai - vy\u0161niniai baroko formos \u0161arat\u0117liai\",\"isPartOf\":{\"@id\":\"https:\/\/amberwithsilver.com\/en\/#website\"},\"primaryImageOfPage\":{\"@id\":\"https:\/\/amberwithsilver.com\/product\/gintaro-karoliai-vysniniai-baroko-formos-sarateliai\/#primaryimage\"},\"image\":{\"@id\":\"https:\/\/amberwithsilver.com\/product\/gintaro-karoliai-vysniniai-baroko-formos-sarateliai\/#primaryimage\"},\"thumbnailUrl\":\"https:\/\/amberwithsilver.com\/wp-content\/uploads\/2026\/02\/id.-202.webp\",\"datePublished\":\"2026-03-10T19:18:20+00:00\",\"description\":\"Baltijos gintaro karoliai, pagaminti i\u0161 vy\u0161nios spalvos barokini\u0173 gintaro detali\u0173. \u0160ios smulkios, baroko formos detal\u0117s, puikiai dera tarpusavyje.\",\"breadcrumb\":{\"@id\":\"https:\/\/amberwithsilver.com\/product\/gintaro-karoliai-vysniniai-baroko-formos-sarateliai\/#breadcrumb\"},\"inLanguage\":\"en-US\",\"potentialAction\":[{\"@type\":\"ReadAction\",\"target\":[\"https:\/\/amberwithsilver.com\/product\/gintaro-karoliai-vysniniai-baroko-formos-sarateliai\/\"]}]},{\"@type\":\"ImageObject\",\"inLanguage\":\"en-US\",\"@id\":\"https:\/\/amberwithsilver.com\/product\/gintaro-karoliai-vysniniai-baroko-formos-sarateliai\/#primaryimage\",\"url\":\"https:\/\/amberwithsilver.com\/wp-content\/uploads\/2026\/02\/id.-202.webp\",\"contentUrl\":\"https:\/\/amberwithsilver.com\/wp-content\/uploads\/2026\/02\/id.-202.webp\",\"width\":1000,\"height\":838,\"caption\":\"Gintaro karoliai - vy\u0161niniai baroko formos \u0161arat\u0117liai, Adult amber necklace - cherry baroque beads\"},{\"@type\":\"BreadcrumbList\",\"@id\":\"https:\/\/amberwithsilver.com\/product\/gintaro-karoliai-vysniniai-baroko-formos-sarateliai\/#breadcrumb\",\"itemListElement\":[{\"@type\":\"ListItem\",\"position\":1,\"name\":\"Home\",\"item\":\"https:\/\/amberwithsilver.com\/\"},{\"@type\":\"ListItem\",\"position\":2,\"name\":\"Parduotuv\u0117\",\"item\":\"https:\/\/amberwithsilver.com\/en\/parduotuve\/\"},{\"@type\":\"ListItem\",\"position\":3,\"name\":\"Gintaro karoliai &#8211; vy\u0161niniai baroko formos \u0161arat\u0117liai\"}]},{\"@type\":\"WebSite\",\"@id\":\"https:\/\/amberwithsilver.com\/en\/#website\",\"url\":\"https:\/\/amberwithsilver.com\/en\/\",\"name\":\"AmberWithSilver\",\"description\":\"Amber-Silver\",\"publisher\":{\"@id\":\"https:\/\/amberwithsilver.com\/en\/#organization\"},\"potentialAction\":[{\"@type\":\"SearchAction\",\"target\":{\"@type\":\"EntryPoint\",\"urlTemplate\":\"https:\/\/amberwithsilver.com\/en\/?s={search_term_string}\"},\"query-input\":{\"@type\":\"PropertyValueSpecification\",\"valueRequired\":true,\"valueName\":\"search_term_string\"}}],\"inLanguage\":\"en-US\"},{\"@type\":\"Organization\",\"@id\":\"https:\/\/amberwithsilver.com\/en\/#organization\",\"name\":\"amberwithsilver\",\"url\":\"https:\/\/amberwithsilver.com\/en\/\",\"logo\":{\"@type\":\"ImageObject\",\"inLanguage\":\"en-US\",\"@id\":\"https:\/\/amberwithsilver.com\/en\/#\/schema\/logo\/image\/\",\"url\":\"https:\/\/i0.wp.com\/amberwithsilver.com\/wp-content\/uploads\/2020\/12\/logo.jpg?fit=232%2C116&ssl=1\",\"contentUrl\":\"https:\/\/i0.wp.com\/amberwithsilver.com\/wp-content\/uploads\/2020\/12\/logo.jpg?fit=232%2C116&ssl=1\",\"width\":232,\"height\":116,\"caption\":\"amberwithsilver\"},\"image\":{\"@id\":\"https:\/\/amberwithsilver.com\/en\/#\/schema\/logo\/image\/\"}}]}<\/script>\n<!-- \/ Yoast SEO Premium plugin. -->","yoast_head_json":{"title":"Gintaro karoliai - vy\u0161niniai baroko formos \u0161arat\u0117liai","description":"Baltijos gintaro karoliai, pagaminti i\u0161 vy\u0161nios spalvos barokini\u0173 gintaro detali\u0173. \u0160ios smulkios, baroko formos detal\u0117s, puikiai dera tarpusavyje.","robots":{"index":"index","follow":"follow","max-snippet":"max-snippet:-1","max-image-preview":"max-image-preview:large","max-video-preview":"max-video-preview:-1"},"canonical":"https:\/\/amberwithsilver.com\/en\/product\/gintaro-karoliai-vysniniai-baroko-formos-sarateliai\/","og_locale":"en_US","og_type":"article","og_title":"Gintaro karoliai - vy\u0161niniai baroko formos \u0161arat\u0117liai","og_description":"Baltijos gintaro karoliai, pagaminti i\u0161 vy\u0161nios spalvos barokini\u0173 gintaro detali\u0173. \u0160ios smulkios, baroko formos detal\u0117s, puikiai dera tarpusavyje.","og_url":"https:\/\/amberwithsilver.com\/en\/product\/gintaro-karoliai-vysniniai-baroko-formos-sarateliai\/","og_site_name":"AmberWithSilver","og_image":[{"width":1000,"height":838,"url":"https:\/\/amberwithsilver.com\/wp-content\/uploads\/2026\/02\/id.-202.webp","type":"image\/webp"}],"twitter_card":"summary_large_image","twitter_misc":{"Est. reading time":"1 minute"},"schema":{"@context":"https:\/\/schema.org","@graph":[{"@type":"WebPage","@id":"https:\/\/amberwithsilver.com\/product\/gintaro-karoliai-vysniniai-baroko-formos-sarateliai\/","url":"https:\/\/amberwithsilver.com\/product\/gintaro-karoliai-vysniniai-baroko-formos-sarateliai\/","name":"Gintaro karoliai - vy\u0161niniai baroko formos \u0161arat\u0117liai","isPartOf":{"@id":"https:\/\/amberwithsilver.com\/en\/#website"},"primaryImageOfPage":{"@id":"https:\/\/amberwithsilver.com\/product\/gintaro-karoliai-vysniniai-baroko-formos-sarateliai\/#primaryimage"},"image":{"@id":"https:\/\/amberwithsilver.com\/product\/gintaro-karoliai-vysniniai-baroko-formos-sarateliai\/#primaryimage"},"thumbnailUrl":"https:\/\/amberwithsilver.com\/wp-content\/uploads\/2026\/02\/id.-202.webp","datePublished":"2026-03-10T19:18:20+00:00","description":"Baltijos gintaro karoliai, pagaminti i\u0161 vy\u0161nios spalvos barokini\u0173 gintaro detali\u0173. \u0160ios smulkios, baroko formos detal\u0117s, puikiai dera tarpusavyje.","breadcrumb":{"@id":"https:\/\/amberwithsilver.com\/product\/gintaro-karoliai-vysniniai-baroko-formos-sarateliai\/#breadcrumb"},"inLanguage":"en-US","potentialAction":[{"@type":"ReadAction","target":["https:\/\/amberwithsilver.com\/product\/gintaro-karoliai-vysniniai-baroko-formos-sarateliai\/"]}]},{"@type":"ImageObject","inLanguage":"en-US","@id":"https:\/\/amberwithsilver.com\/product\/gintaro-karoliai-vysniniai-baroko-formos-sarateliai\/#primaryimage","url":"https:\/\/amberwithsilver.com\/wp-content\/uploads\/2026\/02\/id.-202.webp","contentUrl":"https:\/\/amberwithsilver.com\/wp-content\/uploads\/2026\/02\/id.-202.webp","width":1000,"height":838,"caption":"Gintaro karoliai - vy\u0161niniai baroko formos \u0161arat\u0117liai, Adult amber necklace - cherry baroque beads"},{"@type":"BreadcrumbList","@id":"https:\/\/amberwithsilver.com\/product\/gintaro-karoliai-vysniniai-baroko-formos-sarateliai\/#breadcrumb","itemListElement":[{"@type":"ListItem","position":1,"name":"Home","item":"https:\/\/amberwithsilver.com\/"},{"@type":"ListItem","position":2,"name":"Parduotuv\u0117","item":"https:\/\/amberwithsilver.com\/en\/parduotuve\/"},{"@type":"ListItem","position":3,"name":"Gintaro karoliai &#8211; vy\u0161niniai baroko formos \u0161arat\u0117liai"}]},{"@type":"WebSite","@id":"https:\/\/amberwithsilver.com\/en\/#website","url":"https:\/\/amberwithsilver.com\/en\/","name":"AmberWithSilver","description":"Amber-Silver","publisher":{"@id":"https:\/\/amberwithsilver.com\/en\/#organization"},"potentialAction":[{"@type":"SearchAction","target":{"@type":"EntryPoint","urlTemplate":"https:\/\/amberwithsilver.com\/en\/?s={search_term_string}"},"query-input":{"@type":"PropertyValueSpecification","valueRequired":true,"valueName":"search_term_string"}}],"inLanguage":"en-US"},{"@type":"Organization","@id":"https:\/\/amberwithsilver.com\/en\/#organization","name":"amberwithsilver","url":"https:\/\/amberwithsilver.com\/en\/","logo":{"@type":"ImageObject","inLanguage":"en-US","@id":"https:\/\/amberwithsilver.com\/en\/#\/schema\/logo\/image\/","url":"https:\/\/i0.wp.com\/amberwithsilver.com\/wp-content\/uploads\/2020\/12\/logo.jpg?fit=232%2C116&ssl=1","contentUrl":"https:\/\/i0.wp.com\/amberwithsilver.com\/wp-content\/uploads\/2020\/12\/logo.jpg?fit=232%2C116&ssl=1","width":232,"height":116,"caption":"amberwithsilver"},"image":{"@id":"https:\/\/amberwithsilver.com\/en\/#\/schema\/logo\/image\/"}}]}},"jetpack_sharing_enabled":true,"_links":{"self":[{"href":"https:\/\/amberwithsilver.com\/en\/wp-json\/wp\/v2\/product\/4132","targetHints":{"allow":["GET"]}}],"collection":[{"href":"https:\/\/amberwithsilver.com\/en\/wp-json\/wp\/v2\/product"}],"about":[{"href":"https:\/\/amberwithsilver.com\/en\/wp-json\/wp\/v2\/types\/product"}],"replies":[{"embeddable":true,"href":"https:\/\/amberwithsilver.com\/en\/wp-json\/wp\/v2\/comments?post=4132"}],"version-history":[{"count":1,"href":"https:\/\/amberwithsilver.com\/en\/wp-json\/wp\/v2\/product\/4132\/revisions"}],"predecessor-version":[{"id":4134,"href":"https:\/\/amberwithsilver.com\/en\/wp-json\/wp\/v2\/product\/4132\/revisions\/4134"}],"wp:featuredmedia":[{"embeddable":true,"href":"https:\/\/amberwithsilver.com\/en\/wp-json\/wp\/v2\/media\/4133"}],"wp:attachment":[{"href":"https:\/\/amberwithsilver.com\/en\/wp-json\/wp\/v2\/media?parent=4132"}],"wp:term":[{"taxonomy":"product_brand","embeddable":true,"href":"https:\/\/amberwithsilver.com\/en\/wp-json\/wp\/v2\/product_brand?post=4132"},{"taxonomy":"product_cat","embeddable":true,"href":"https:\/\/amberwithsilver.com\/en\/wp-json\/wp\/v2\/product_cat?post=4132"},{"taxonomy":"product_tag","embeddable":true,"href":"https:\/\/amberwithsilver.com\/en\/wp-json\/wp\/v2\/product_tag?post=4132"}],"curies":[{"name":"wp","href":"https:\/\/api.w.org\/{rel}","templated":true}]}}