{"id":4150,"date":"2026-03-10T21:05:17","date_gmt":"2026-03-10T19:05:17","guid":{"rendered":"https:\/\/amberwithsilver.com\/?post_type=product&#038;p=4150"},"modified":"2026-03-10T21:05:17","modified_gmt":"2026-03-10T19:05:17","slug":"zavingi-deimantinio-slifavimo-karoliai","status":"publish","type":"product","link":"https:\/\/amberwithsilver.com\/en\/product\/zavingi-deimantinio-slifavimo-karoliai\/","title":{"rendered":"Marvellous faceted amber necklace"},"content":{"rendered":"<p>Necklace is made partly of small faceted amber. Carefully hand braided amber necklace. Little lemon, honey and cognac amber pieces are perfectly lined up and braided. Each of the diamond component provides a sense of luxury for a Lady. Pleasant, lightweight and absolutely magnificent Baltic amber necklace is radiant with energy and harmony to those who wear it. This amber processing technique gives amber an amazing shade. Amber jewelry looks unique and amazing. Perfectly combined with the bracelet of the same style.<\/p>\n<ul>\n<li><em>Natural Baltic amber<\/em><\/li>\n<li><em>Baroque amber beads<\/em><\/li>\n<li><em>Size of amber beads is ~ 0.4\u00d70.5 cm<\/em><\/li>\n<li><em>Clasp is made of amber<\/em><\/li>\n<li><em>Color: lemon, honey, cognac<\/em><\/li>\n<li><em>Length \u2013 40cm<\/em><\/li>\n<li><em>Weight: ~ 8 grams.<\/em><\/li>\n<\/ul>\n<p>&nbsp;<\/p>\n<p>*Please note that the color of the product may vary slightly from that shown in the photo, depending on the monitor used by the Buyer and the lighting settings in the photos.<\/p>","protected":false},"excerpt":{"rendered":"<p>Necklace is made partly of small faceted amber. Carefully hand braided amber necklace. Little lemon, honey and cognac amber pieces are perfectly lined up and braided. Each of the diamond component provides a sense of luxury for a Lady. Pleasant, lightweight and absolutely magnificent Baltic amber necklace is radiant with energy and harmony to those who wear it. This amber processing technique gives amber an amazing shade. Amber jewelry looks unique and amazing. Perfectly combined with the bracelet of the same style.<\/p>\n<ul>\n<li><em>Natural Baltic amber<\/em><\/li>\n<li><em>Baroque amber beads<\/em><\/li>\n<li><em>Size of amber beads is ~ 0.4\u00d70.5 cm<\/em><\/li>\n<li><em>Clasp is made of amber<\/em><\/li>\n<li><em>Color: lemon, honey, cognac<\/em><\/li>\n<li><em>Length \u2013 40cm<\/em><\/li>\n<li><em>Weight: ~ 8 grams.<\/em><\/li>\n<\/ul>\n<p>&nbsp;<\/p>\n<p>*Please note that the color of the product may vary slightly from that shown in the photo, depending on the monitor used by the Buyer and the lighting settings in the photos.<\/p>","protected":false},"featured_media":4151,"comment_status":"open","ping_status":"closed","template":"","meta":[],"product_brand":[],"product_cat":[35],"product_tag":[1393,1394,1395,64,1425,747,1429,1013,1444,1106,1107,1313,1387,1392],"class_list":{"0":"post-4150","1":"product","2":"type-product","3":"status-publish","4":"has-post-thumbnail","6":"product_cat-gintaro-karoliai","7":"product_tag-baltijos-gintaro-dirbiniai","8":"product_tag-baltic-amber-products","9":"product_tag-gift-for-her","10":"product_tag-gintaras","11":"product_tag-amber-workshop-in-kaunas","12":"product_tag-amber","13":"product_tag-deimantinio-slifavimo-karoliai","14":"product_tag-gintaro-dirbiniai","15":"product_tag-ranku-darbo-karoliai","16":"product_tag-gintaro-papuosalai","17":"product_tag-amber-jewelry","18":"product_tag-gintaro-dirbiniai-kaunas","19":"product_tag-dovana-moterims","20":"product_tag-gintaro-kurybines-dirbtuves-kaune","22":"first","23":"instock","24":"taxable","25":"shipping-taxable","26":"purchasable","27":"product-type-simple"},"yoast_head":"<!-- This site is optimized with the Yoast SEO Premium plugin v23.4 (Yoast SEO v27.4) - https:\/\/yoast.com\/product\/yoast-seo-premium-wordpress\/ -->\n<title>\u017davingi deimantinio \u0161lifavimo karoliai<\/title>\n<meta name=\"description\" content=\"Rankomis kruop\u0161\u010diai pintas deimantinio \u0161lifavimo gintaro v\u0117rinys. Citrinos, medaus ir konjako spalv\u0173 gintar\u0117liai yra tobulai surikiuoti ir apipinti.\" \/>\n<meta name=\"robots\" content=\"index, follow, max-snippet:-1, max-image-preview:large, max-video-preview:-1\" \/>\n<link rel=\"canonical\" href=\"https:\/\/amberwithsilver.com\/en\/product\/zavingi-deimantinio-slifavimo-karoliai\/\" \/>\n<meta property=\"og:locale\" content=\"en_US\" \/>\n<meta property=\"og:type\" content=\"article\" \/>\n<meta property=\"og:title\" content=\"\u017davingi deimantinio \u0161lifavimo karoliai\" \/>\n<meta property=\"og:description\" content=\"Rankomis kruop\u0161\u010diai pintas deimantinio \u0161lifavimo gintaro v\u0117rinys. Citrinos, medaus ir konjako spalv\u0173 gintar\u0117liai yra tobulai surikiuoti ir apipinti.\" \/>\n<meta property=\"og:url\" content=\"https:\/\/amberwithsilver.com\/en\/product\/zavingi-deimantinio-slifavimo-karoliai\/\" \/>\n<meta property=\"og:site_name\" content=\"AmberWithSilver\" \/>\n<meta property=\"og:image\" content=\"https:\/\/amberwithsilver.com\/wp-content\/uploads\/2026\/03\/id.-285.webp\" \/>\n\t<meta property=\"og:image:width\" content=\"1000\" \/>\n\t<meta property=\"og:image:height\" content=\"838\" \/>\n\t<meta property=\"og:image:type\" content=\"image\/webp\" \/>\n<meta name=\"twitter:card\" content=\"summary_large_image\" \/>\n<meta name=\"twitter:label1\" content=\"Est. reading time\" \/>\n\t<meta name=\"twitter:data1\" content=\"1 minute\" \/>\n<script type=\"application\/ld+json\" class=\"yoast-schema-graph\">{\"@context\":\"https:\\\/\\\/schema.org\",\"@graph\":[{\"@type\":\"WebPage\",\"@id\":\"https:\\\/\\\/amberwithsilver.com\\\/product\\\/zavingi-deimantinio-slifavimo-karoliai\\\/\",\"url\":\"https:\\\/\\\/amberwithsilver.com\\\/product\\\/zavingi-deimantinio-slifavimo-karoliai\\\/\",\"name\":\"\u017davingi deimantinio \u0161lifavimo karoliai\",\"isPartOf\":{\"@id\":\"https:\\\/\\\/amberwithsilver.com\\\/en\\\/#website\"},\"primaryImageOfPage\":{\"@id\":\"https:\\\/\\\/amberwithsilver.com\\\/product\\\/zavingi-deimantinio-slifavimo-karoliai\\\/#primaryimage\"},\"image\":{\"@id\":\"https:\\\/\\\/amberwithsilver.com\\\/product\\\/zavingi-deimantinio-slifavimo-karoliai\\\/#primaryimage\"},\"thumbnailUrl\":\"https:\\\/\\\/amberwithsilver.com\\\/wp-content\\\/uploads\\\/2026\\\/03\\\/id.-285.webp\",\"datePublished\":\"2026-03-10T19:05:17+00:00\",\"description\":\"Rankomis kruop\u0161\u010diai pintas deimantinio \u0161lifavimo gintaro v\u0117rinys. Citrinos, medaus ir konjako spalv\u0173 gintar\u0117liai yra tobulai surikiuoti ir apipinti.\",\"breadcrumb\":{\"@id\":\"https:\\\/\\\/amberwithsilver.com\\\/product\\\/zavingi-deimantinio-slifavimo-karoliai\\\/#breadcrumb\"},\"inLanguage\":\"en-US\",\"potentialAction\":[{\"@type\":\"ReadAction\",\"target\":[\"https:\\\/\\\/amberwithsilver.com\\\/product\\\/zavingi-deimantinio-slifavimo-karoliai\\\/\"]}]},{\"@type\":\"ImageObject\",\"inLanguage\":\"en-US\",\"@id\":\"https:\\\/\\\/amberwithsilver.com\\\/product\\\/zavingi-deimantinio-slifavimo-karoliai\\\/#primaryimage\",\"url\":\"https:\\\/\\\/amberwithsilver.com\\\/wp-content\\\/uploads\\\/2026\\\/03\\\/id.-285.webp\",\"contentUrl\":\"https:\\\/\\\/amberwithsilver.com\\\/wp-content\\\/uploads\\\/2026\\\/03\\\/id.-285.webp\",\"width\":1000,\"height\":838,\"caption\":\"\u017davingi deimantinio \u0161lifavimo karoliai, Marvellous faceted amber necklace\"},{\"@type\":\"BreadcrumbList\",\"@id\":\"https:\\\/\\\/amberwithsilver.com\\\/product\\\/zavingi-deimantinio-slifavimo-karoliai\\\/#breadcrumb\",\"itemListElement\":[{\"@type\":\"ListItem\",\"position\":1,\"name\":\"Home\",\"item\":\"https:\\\/\\\/amberwithsilver.com\\\/\"},{\"@type\":\"ListItem\",\"position\":2,\"name\":\"Parduotuv\u0117\",\"item\":\"https:\\\/\\\/amberwithsilver.com\\\/en\\\/parduotuve\\\/\"},{\"@type\":\"ListItem\",\"position\":3,\"name\":\"\u017davingi deimantinio \u0161lifavimo karoliai\"}]},{\"@type\":\"WebSite\",\"@id\":\"https:\\\/\\\/amberwithsilver.com\\\/en\\\/#website\",\"url\":\"https:\\\/\\\/amberwithsilver.com\\\/en\\\/\",\"name\":\"AmberWithSilver\",\"description\":\"Amber-Silver\",\"publisher\":{\"@id\":\"https:\\\/\\\/amberwithsilver.com\\\/en\\\/#organization\"},\"potentialAction\":[{\"@type\":\"SearchAction\",\"target\":{\"@type\":\"EntryPoint\",\"urlTemplate\":\"https:\\\/\\\/amberwithsilver.com\\\/en\\\/?s={search_term_string}\"},\"query-input\":{\"@type\":\"PropertyValueSpecification\",\"valueRequired\":true,\"valueName\":\"search_term_string\"}}],\"inLanguage\":\"en-US\"},{\"@type\":\"Organization\",\"@id\":\"https:\\\/\\\/amberwithsilver.com\\\/en\\\/#organization\",\"name\":\"amberwithsilver\",\"url\":\"https:\\\/\\\/amberwithsilver.com\\\/en\\\/\",\"logo\":{\"@type\":\"ImageObject\",\"inLanguage\":\"en-US\",\"@id\":\"https:\\\/\\\/amberwithsilver.com\\\/en\\\/#\\\/schema\\\/logo\\\/image\\\/\",\"url\":\"https:\\\/\\\/i0.wp.com\\\/amberwithsilver.com\\\/wp-content\\\/uploads\\\/2020\\\/12\\\/logo.jpg?fit=232%2C116&ssl=1\",\"contentUrl\":\"https:\\\/\\\/i0.wp.com\\\/amberwithsilver.com\\\/wp-content\\\/uploads\\\/2020\\\/12\\\/logo.jpg?fit=232%2C116&ssl=1\",\"width\":232,\"height\":116,\"caption\":\"amberwithsilver\"},\"image\":{\"@id\":\"https:\\\/\\\/amberwithsilver.com\\\/en\\\/#\\\/schema\\\/logo\\\/image\\\/\"}}]}<\/script>\n<!-- \/ Yoast SEO Premium plugin. -->","yoast_head_json":{"title":"Marvellous faceted amber necklace","description":"Rankomis kruop\u0161\u010diai pintas deimantinio \u0161lifavimo gintaro v\u0117rinys. Citrinos, medaus ir konjako spalv\u0173 gintar\u0117liai yra tobulai surikiuoti ir apipinti.","robots":{"index":"index","follow":"follow","max-snippet":"max-snippet:-1","max-image-preview":"max-image-preview:large","max-video-preview":"max-video-preview:-1"},"canonical":"https:\/\/amberwithsilver.com\/en\/product\/zavingi-deimantinio-slifavimo-karoliai\/","og_locale":"en_US","og_type":"article","og_title":"\u017davingi deimantinio \u0161lifavimo karoliai","og_description":"Rankomis kruop\u0161\u010diai pintas deimantinio \u0161lifavimo gintaro v\u0117rinys. Citrinos, medaus ir konjako spalv\u0173 gintar\u0117liai yra tobulai surikiuoti ir apipinti.","og_url":"https:\/\/amberwithsilver.com\/en\/product\/zavingi-deimantinio-slifavimo-karoliai\/","og_site_name":"AmberWithSilver","og_image":[{"width":1000,"height":838,"url":"https:\/\/amberwithsilver.com\/wp-content\/uploads\/2026\/03\/id.-285.webp","type":"image\/webp"}],"twitter_card":"summary_large_image","twitter_misc":{"Est. reading time":"1 minute"},"schema":{"@context":"https:\/\/schema.org","@graph":[{"@type":"WebPage","@id":"https:\/\/amberwithsilver.com\/product\/zavingi-deimantinio-slifavimo-karoliai\/","url":"https:\/\/amberwithsilver.com\/product\/zavingi-deimantinio-slifavimo-karoliai\/","name":"Marvellous faceted amber necklace","isPartOf":{"@id":"https:\/\/amberwithsilver.com\/en\/#website"},"primaryImageOfPage":{"@id":"https:\/\/amberwithsilver.com\/product\/zavingi-deimantinio-slifavimo-karoliai\/#primaryimage"},"image":{"@id":"https:\/\/amberwithsilver.com\/product\/zavingi-deimantinio-slifavimo-karoliai\/#primaryimage"},"thumbnailUrl":"https:\/\/amberwithsilver.com\/wp-content\/uploads\/2026\/03\/id.-285.webp","datePublished":"2026-03-10T19:05:17+00:00","description":"Rankomis kruop\u0161\u010diai pintas deimantinio \u0161lifavimo gintaro v\u0117rinys. Citrinos, medaus ir konjako spalv\u0173 gintar\u0117liai yra tobulai surikiuoti ir apipinti.","breadcrumb":{"@id":"https:\/\/amberwithsilver.com\/product\/zavingi-deimantinio-slifavimo-karoliai\/#breadcrumb"},"inLanguage":"en-US","potentialAction":[{"@type":"ReadAction","target":["https:\/\/amberwithsilver.com\/product\/zavingi-deimantinio-slifavimo-karoliai\/"]}]},{"@type":"ImageObject","inLanguage":"en-US","@id":"https:\/\/amberwithsilver.com\/product\/zavingi-deimantinio-slifavimo-karoliai\/#primaryimage","url":"https:\/\/amberwithsilver.com\/wp-content\/uploads\/2026\/03\/id.-285.webp","contentUrl":"https:\/\/amberwithsilver.com\/wp-content\/uploads\/2026\/03\/id.-285.webp","width":1000,"height":838,"caption":"\u017davingi deimantinio \u0161lifavimo karoliai, Marvellous faceted amber necklace"},{"@type":"BreadcrumbList","@id":"https:\/\/amberwithsilver.com\/product\/zavingi-deimantinio-slifavimo-karoliai\/#breadcrumb","itemListElement":[{"@type":"ListItem","position":1,"name":"Home","item":"https:\/\/amberwithsilver.com\/"},{"@type":"ListItem","position":2,"name":"Parduotuv\u0117","item":"https:\/\/amberwithsilver.com\/en\/parduotuve\/"},{"@type":"ListItem","position":3,"name":"\u017davingi deimantinio \u0161lifavimo karoliai"}]},{"@type":"WebSite","@id":"https:\/\/amberwithsilver.com\/en\/#website","url":"https:\/\/amberwithsilver.com\/en\/","name":"AmberWithSilver","description":"Amber-Silver","publisher":{"@id":"https:\/\/amberwithsilver.com\/en\/#organization"},"potentialAction":[{"@type":"SearchAction","target":{"@type":"EntryPoint","urlTemplate":"https:\/\/amberwithsilver.com\/en\/?s={search_term_string}"},"query-input":{"@type":"PropertyValueSpecification","valueRequired":true,"valueName":"search_term_string"}}],"inLanguage":"en-US"},{"@type":"Organization","@id":"https:\/\/amberwithsilver.com\/en\/#organization","name":"amberwithsilver","url":"https:\/\/amberwithsilver.com\/en\/","logo":{"@type":"ImageObject","inLanguage":"en-US","@id":"https:\/\/amberwithsilver.com\/en\/#\/schema\/logo\/image\/","url":"https:\/\/i0.wp.com\/amberwithsilver.com\/wp-content\/uploads\/2020\/12\/logo.jpg?fit=232%2C116&ssl=1","contentUrl":"https:\/\/i0.wp.com\/amberwithsilver.com\/wp-content\/uploads\/2020\/12\/logo.jpg?fit=232%2C116&ssl=1","width":232,"height":116,"caption":"amberwithsilver"},"image":{"@id":"https:\/\/amberwithsilver.com\/en\/#\/schema\/logo\/image\/"}}]}},"jetpack_sharing_enabled":true,"_links":{"self":[{"href":"https:\/\/amberwithsilver.com\/en\/wp-json\/wp\/v2\/product\/4150","targetHints":{"allow":["GET"]}}],"collection":[{"href":"https:\/\/amberwithsilver.com\/en\/wp-json\/wp\/v2\/product"}],"about":[{"href":"https:\/\/amberwithsilver.com\/en\/wp-json\/wp\/v2\/types\/product"}],"replies":[{"embeddable":true,"href":"https:\/\/amberwithsilver.com\/en\/wp-json\/wp\/v2\/comments?post=4150"}],"version-history":[{"count":1,"href":"https:\/\/amberwithsilver.com\/en\/wp-json\/wp\/v2\/product\/4150\/revisions"}],"predecessor-version":[{"id":4153,"href":"https:\/\/amberwithsilver.com\/en\/wp-json\/wp\/v2\/product\/4150\/revisions\/4153"}],"wp:featuredmedia":[{"embeddable":true,"href":"https:\/\/amberwithsilver.com\/en\/wp-json\/wp\/v2\/media\/4151"}],"wp:attachment":[{"href":"https:\/\/amberwithsilver.com\/en\/wp-json\/wp\/v2\/media?parent=4150"}],"wp:term":[{"taxonomy":"product_brand","embeddable":true,"href":"https:\/\/amberwithsilver.com\/en\/wp-json\/wp\/v2\/product_brand?post=4150"},{"taxonomy":"product_cat","embeddable":true,"href":"https:\/\/amberwithsilver.com\/en\/wp-json\/wp\/v2\/product_cat?post=4150"},{"taxonomy":"product_tag","embeddable":true,"href":"https:\/\/amberwithsilver.com\/en\/wp-json\/wp\/v2\/product_tag?post=4150"}],"curies":[{"name":"wp","href":"https:\/\/api.w.org\/{rel}","templated":true}]}}