{"id":4162,"date":"2026-03-10T20:59:05","date_gmt":"2026-03-10T18:59:05","guid":{"rendered":"https:\/\/amberwithsilver.com\/?post_type=product&#038;p=4162"},"modified":"2026-03-10T20:59:05","modified_gmt":"2026-03-10T18:59:05","slug":"sviesi-deimantinio-slifavimo-apyranke-su-perlais","status":"publish","type":"product","link":"https:\/\/amberwithsilver.com\/en\/product\/sviesi-deimantinio-slifavimo-apyranke-su-perlais\/","title":{"rendered":"Faceted light amber bracelet with pearls"},"content":{"rendered":"<p>Bracelet is made partly of small faceted amber mixed with natural pearls. Carefully hand braided amber bracelet. Little honey amber pieces are perfectly lined up and braided. Each of the diamond component provides a sense of luxury for a Lady. Pleasant, lightweight and absolutely magnificent Baltic amber bracelet is radiant with energy and harmony to those who wear it. This amber processing technique gives amber an amazing shade. Amber jewelry looks unique and amazing. Perfectly combined with the necklace of the same style.<\/p>\n<ul>\n<li><em>Natural Baltic amber<\/em><\/li>\n<li><em>Faceted amber beads, pearls<\/em><\/li>\n<li><em>Size of amber beads ~ 0.4\u00d70.6 cm<\/em><\/li>\n<li><em>Clasp is made of amber<\/em><\/li>\n<li><em>Color: cognac<\/em><\/li>\n<li><em>Length \u2013 20 cm<\/em><\/li>\n<li><em>Weight: ~ 6 grams.<\/em><\/li>\n<\/ul>\n<p>&nbsp;<\/p>\n<p>*Please note that the color of the product may vary slightly from that shown in the photo, depending on the monitor used by the Buyer and the lighting settings in the photos.<\/p>","protected":false},"excerpt":{"rendered":"<p>Bracelet is made partly of small faceted amber mixed with natural pearls. Carefully hand braided amber bracelet. Little honey amber pieces are perfectly lined up and braided. Each of the diamond component provides a sense of luxury for a Lady. Pleasant, lightweight and absolutely magnificent Baltic amber bracelet is radiant with energy and harmony to those who wear it. This amber processing technique gives amber an amazing shade. Amber jewelry looks unique and amazing. Perfectly combined with the necklace of the same style.<\/p>\n<ul>\n<li><em>Natural Baltic amber<\/em><\/li>\n<li><em>Faceted amber beads, pearls<\/em><\/li>\n<li><em>Size of amber beads ~ 0.4\u00d70.6 cm<\/em><\/li>\n<li><em>Clasp is made of amber<\/em><\/li>\n<li><em>Color: cognac<\/em><\/li>\n<li><em>Length \u2013 20 cm<\/em><\/li>\n<li><em>Weight: ~ 6 grams.<\/em><\/li>\n<\/ul>\n<p>&nbsp;<\/p>\n<p>*Please note that the color of the product may vary slightly from that shown in the photo, depending on the monitor used by the Buyer and the lighting settings in the photos.<\/p>","protected":false},"featured_media":4165,"comment_status":"open","ping_status":"closed","template":"","meta":[],"product_brand":[],"product_cat":[18],"product_tag":[64,747,1013,1106,1107,1313,1387,1392,1393,1394,1395,1425,1447],"class_list":{"0":"post-4162","1":"product","2":"type-product","3":"status-publish","4":"has-post-thumbnail","6":"product_cat-gintaro-apyrankes","7":"product_tag-gintaras","8":"product_tag-amber","9":"product_tag-gintaro-dirbiniai","10":"product_tag-gintaro-papuosalai","11":"product_tag-amber-jewelry","12":"product_tag-gintaro-dirbiniai-kaunas","13":"product_tag-dovana-moterims","14":"product_tag-gintaro-kurybines-dirbtuves-kaune","15":"product_tag-baltijos-gintaro-dirbiniai","16":"product_tag-baltic-amber-products","17":"product_tag-gift-for-her","18":"product_tag-amber-workshop-in-kaunas","19":"product_tag-apyranke-su-perlais","21":"first","22":"instock","23":"taxable","24":"shipping-taxable","25":"purchasable","26":"product-type-simple"},"yoast_head":"<!-- This site is optimized with the Yoast SEO Premium plugin v23.4 (Yoast SEO v26.8) - https:\/\/yoast.com\/product\/yoast-seo-premium-wordpress\/ -->\n<title>\u0160viesi deimantinio \u0161lifavimo apyrank\u0117 su perlais<\/title>\n<meta name=\"description\" content=\"Rankomis kruop\u0161\u010diai pinta deimantinio \u0161lifavimo gintaro apyrank\u0117 su nat\u016braliais perlais. Medaus spalvos gintar\u0117liai yra tobulai surikiuoti ir apipinti.\" \/>\n<meta name=\"robots\" content=\"index, follow, max-snippet:-1, max-image-preview:large, max-video-preview:-1\" \/>\n<link rel=\"canonical\" href=\"https:\/\/amberwithsilver.com\/en\/product\/sviesi-deimantinio-slifavimo-apyranke-su-perlais\/\" \/>\n<meta property=\"og:locale\" content=\"en_US\" \/>\n<meta property=\"og:type\" content=\"article\" \/>\n<meta property=\"og:title\" content=\"\u0160viesi deimantinio \u0161lifavimo apyrank\u0117 su perlais\" \/>\n<meta property=\"og:description\" content=\"Rankomis kruop\u0161\u010diai pinta deimantinio \u0161lifavimo gintaro apyrank\u0117 su nat\u016braliais perlais. Medaus spalvos gintar\u0117liai yra tobulai surikiuoti ir apipinti.\" \/>\n<meta property=\"og:url\" content=\"https:\/\/amberwithsilver.com\/en\/product\/sviesi-deimantinio-slifavimo-apyranke-su-perlais\/\" \/>\n<meta property=\"og:site_name\" content=\"AmberWithSilver\" \/>\n<meta property=\"og:image\" content=\"https:\/\/amberwithsilver.com\/wp-content\/uploads\/2026\/03\/id.-280.webp\" \/>\n\t<meta property=\"og:image:width\" content=\"1000\" \/>\n\t<meta property=\"og:image:height\" content=\"838\" \/>\n\t<meta property=\"og:image:type\" content=\"image\/webp\" \/>\n<meta name=\"twitter:card\" content=\"summary_large_image\" \/>\n<meta name=\"twitter:label1\" content=\"Est. reading time\" \/>\n\t<meta name=\"twitter:data1\" content=\"1 minute\" \/>\n<script type=\"application\/ld+json\" class=\"yoast-schema-graph\">{\"@context\":\"https:\/\/schema.org\",\"@graph\":[{\"@type\":\"WebPage\",\"@id\":\"https:\/\/amberwithsilver.com\/product\/sviesi-deimantinio-slifavimo-apyranke-su-perlais\/\",\"url\":\"https:\/\/amberwithsilver.com\/product\/sviesi-deimantinio-slifavimo-apyranke-su-perlais\/\",\"name\":\"\u0160viesi deimantinio \u0161lifavimo apyrank\u0117 su perlais\",\"isPartOf\":{\"@id\":\"https:\/\/amberwithsilver.com\/en\/#website\"},\"primaryImageOfPage\":{\"@id\":\"https:\/\/amberwithsilver.com\/product\/sviesi-deimantinio-slifavimo-apyranke-su-perlais\/#primaryimage\"},\"image\":{\"@id\":\"https:\/\/amberwithsilver.com\/product\/sviesi-deimantinio-slifavimo-apyranke-su-perlais\/#primaryimage\"},\"thumbnailUrl\":\"https:\/\/amberwithsilver.com\/wp-content\/uploads\/2026\/03\/id.-280.webp\",\"datePublished\":\"2026-03-10T18:59:05+00:00\",\"description\":\"Rankomis kruop\u0161\u010diai pinta deimantinio \u0161lifavimo gintaro apyrank\u0117 su nat\u016braliais perlais. Medaus spalvos gintar\u0117liai yra tobulai surikiuoti ir apipinti.\",\"breadcrumb\":{\"@id\":\"https:\/\/amberwithsilver.com\/product\/sviesi-deimantinio-slifavimo-apyranke-su-perlais\/#breadcrumb\"},\"inLanguage\":\"en-US\",\"potentialAction\":[{\"@type\":\"ReadAction\",\"target\":[\"https:\/\/amberwithsilver.com\/product\/sviesi-deimantinio-slifavimo-apyranke-su-perlais\/\"]}]},{\"@type\":\"ImageObject\",\"inLanguage\":\"en-US\",\"@id\":\"https:\/\/amberwithsilver.com\/product\/sviesi-deimantinio-slifavimo-apyranke-su-perlais\/#primaryimage\",\"url\":\"https:\/\/amberwithsilver.com\/wp-content\/uploads\/2026\/03\/id.-280.webp\",\"contentUrl\":\"https:\/\/amberwithsilver.com\/wp-content\/uploads\/2026\/03\/id.-280.webp\",\"width\":1000,\"height\":838,\"caption\":\"\u0160viesi deimantinio \u0161lifavimo apyrank\u0117 su perlais, Faceted light amber bracelet with pearls\"},{\"@type\":\"BreadcrumbList\",\"@id\":\"https:\/\/amberwithsilver.com\/product\/sviesi-deimantinio-slifavimo-apyranke-su-perlais\/#breadcrumb\",\"itemListElement\":[{\"@type\":\"ListItem\",\"position\":1,\"name\":\"Home\",\"item\":\"https:\/\/amberwithsilver.com\/\"},{\"@type\":\"ListItem\",\"position\":2,\"name\":\"Parduotuv\u0117\",\"item\":\"https:\/\/amberwithsilver.com\/en\/parduotuve\/\"},{\"@type\":\"ListItem\",\"position\":3,\"name\":\"\u0160viesi deimantinio \u0161lifavimo apyrank\u0117 su perlais\"}]},{\"@type\":\"WebSite\",\"@id\":\"https:\/\/amberwithsilver.com\/en\/#website\",\"url\":\"https:\/\/amberwithsilver.com\/en\/\",\"name\":\"AmberWithSilver\",\"description\":\"Amber-Silver\",\"publisher\":{\"@id\":\"https:\/\/amberwithsilver.com\/en\/#organization\"},\"potentialAction\":[{\"@type\":\"SearchAction\",\"target\":{\"@type\":\"EntryPoint\",\"urlTemplate\":\"https:\/\/amberwithsilver.com\/en\/?s={search_term_string}\"},\"query-input\":{\"@type\":\"PropertyValueSpecification\",\"valueRequired\":true,\"valueName\":\"search_term_string\"}}],\"inLanguage\":\"en-US\"},{\"@type\":\"Organization\",\"@id\":\"https:\/\/amberwithsilver.com\/en\/#organization\",\"name\":\"amberwithsilver\",\"url\":\"https:\/\/amberwithsilver.com\/en\/\",\"logo\":{\"@type\":\"ImageObject\",\"inLanguage\":\"en-US\",\"@id\":\"https:\/\/amberwithsilver.com\/en\/#\/schema\/logo\/image\/\",\"url\":\"https:\/\/i0.wp.com\/amberwithsilver.com\/wp-content\/uploads\/2020\/12\/logo.jpg?fit=232%2C116&ssl=1\",\"contentUrl\":\"https:\/\/i0.wp.com\/amberwithsilver.com\/wp-content\/uploads\/2020\/12\/logo.jpg?fit=232%2C116&ssl=1\",\"width\":232,\"height\":116,\"caption\":\"amberwithsilver\"},\"image\":{\"@id\":\"https:\/\/amberwithsilver.com\/en\/#\/schema\/logo\/image\/\"}}]}<\/script>\n<!-- \/ Yoast SEO Premium plugin. -->","yoast_head_json":{"title":"Faceted light amber bracelet with pearls","description":"Rankomis kruop\u0161\u010diai pinta deimantinio \u0161lifavimo gintaro apyrank\u0117 su nat\u016braliais perlais. Medaus spalvos gintar\u0117liai yra tobulai surikiuoti ir apipinti.","robots":{"index":"index","follow":"follow","max-snippet":"max-snippet:-1","max-image-preview":"max-image-preview:large","max-video-preview":"max-video-preview:-1"},"canonical":"https:\/\/amberwithsilver.com\/en\/product\/sviesi-deimantinio-slifavimo-apyranke-su-perlais\/","og_locale":"en_US","og_type":"article","og_title":"\u0160viesi deimantinio \u0161lifavimo apyrank\u0117 su perlais","og_description":"Rankomis kruop\u0161\u010diai pinta deimantinio \u0161lifavimo gintaro apyrank\u0117 su nat\u016braliais perlais. Medaus spalvos gintar\u0117liai yra tobulai surikiuoti ir apipinti.","og_url":"https:\/\/amberwithsilver.com\/en\/product\/sviesi-deimantinio-slifavimo-apyranke-su-perlais\/","og_site_name":"AmberWithSilver","og_image":[{"width":1000,"height":838,"url":"https:\/\/amberwithsilver.com\/wp-content\/uploads\/2026\/03\/id.-280.webp","type":"image\/webp"}],"twitter_card":"summary_large_image","twitter_misc":{"Est. reading time":"1 minute"},"schema":{"@context":"https:\/\/schema.org","@graph":[{"@type":"WebPage","@id":"https:\/\/amberwithsilver.com\/product\/sviesi-deimantinio-slifavimo-apyranke-su-perlais\/","url":"https:\/\/amberwithsilver.com\/product\/sviesi-deimantinio-slifavimo-apyranke-su-perlais\/","name":"Faceted light amber bracelet with pearls","isPartOf":{"@id":"https:\/\/amberwithsilver.com\/en\/#website"},"primaryImageOfPage":{"@id":"https:\/\/amberwithsilver.com\/product\/sviesi-deimantinio-slifavimo-apyranke-su-perlais\/#primaryimage"},"image":{"@id":"https:\/\/amberwithsilver.com\/product\/sviesi-deimantinio-slifavimo-apyranke-su-perlais\/#primaryimage"},"thumbnailUrl":"https:\/\/amberwithsilver.com\/wp-content\/uploads\/2026\/03\/id.-280.webp","datePublished":"2026-03-10T18:59:05+00:00","description":"Rankomis kruop\u0161\u010diai pinta deimantinio \u0161lifavimo gintaro apyrank\u0117 su nat\u016braliais perlais. Medaus spalvos gintar\u0117liai yra tobulai surikiuoti ir apipinti.","breadcrumb":{"@id":"https:\/\/amberwithsilver.com\/product\/sviesi-deimantinio-slifavimo-apyranke-su-perlais\/#breadcrumb"},"inLanguage":"en-US","potentialAction":[{"@type":"ReadAction","target":["https:\/\/amberwithsilver.com\/product\/sviesi-deimantinio-slifavimo-apyranke-su-perlais\/"]}]},{"@type":"ImageObject","inLanguage":"en-US","@id":"https:\/\/amberwithsilver.com\/product\/sviesi-deimantinio-slifavimo-apyranke-su-perlais\/#primaryimage","url":"https:\/\/amberwithsilver.com\/wp-content\/uploads\/2026\/03\/id.-280.webp","contentUrl":"https:\/\/amberwithsilver.com\/wp-content\/uploads\/2026\/03\/id.-280.webp","width":1000,"height":838,"caption":"\u0160viesi deimantinio \u0161lifavimo apyrank\u0117 su perlais, Faceted light amber bracelet with pearls"},{"@type":"BreadcrumbList","@id":"https:\/\/amberwithsilver.com\/product\/sviesi-deimantinio-slifavimo-apyranke-su-perlais\/#breadcrumb","itemListElement":[{"@type":"ListItem","position":1,"name":"Home","item":"https:\/\/amberwithsilver.com\/"},{"@type":"ListItem","position":2,"name":"Parduotuv\u0117","item":"https:\/\/amberwithsilver.com\/en\/parduotuve\/"},{"@type":"ListItem","position":3,"name":"\u0160viesi deimantinio \u0161lifavimo apyrank\u0117 su perlais"}]},{"@type":"WebSite","@id":"https:\/\/amberwithsilver.com\/en\/#website","url":"https:\/\/amberwithsilver.com\/en\/","name":"AmberWithSilver","description":"Amber-Silver","publisher":{"@id":"https:\/\/amberwithsilver.com\/en\/#organization"},"potentialAction":[{"@type":"SearchAction","target":{"@type":"EntryPoint","urlTemplate":"https:\/\/amberwithsilver.com\/en\/?s={search_term_string}"},"query-input":{"@type":"PropertyValueSpecification","valueRequired":true,"valueName":"search_term_string"}}],"inLanguage":"en-US"},{"@type":"Organization","@id":"https:\/\/amberwithsilver.com\/en\/#organization","name":"amberwithsilver","url":"https:\/\/amberwithsilver.com\/en\/","logo":{"@type":"ImageObject","inLanguage":"en-US","@id":"https:\/\/amberwithsilver.com\/en\/#\/schema\/logo\/image\/","url":"https:\/\/i0.wp.com\/amberwithsilver.com\/wp-content\/uploads\/2020\/12\/logo.jpg?fit=232%2C116&ssl=1","contentUrl":"https:\/\/i0.wp.com\/amberwithsilver.com\/wp-content\/uploads\/2020\/12\/logo.jpg?fit=232%2C116&ssl=1","width":232,"height":116,"caption":"amberwithsilver"},"image":{"@id":"https:\/\/amberwithsilver.com\/en\/#\/schema\/logo\/image\/"}}]}},"jetpack_sharing_enabled":true,"_links":{"self":[{"href":"https:\/\/amberwithsilver.com\/en\/wp-json\/wp\/v2\/product\/4162","targetHints":{"allow":["GET"]}}],"collection":[{"href":"https:\/\/amberwithsilver.com\/en\/wp-json\/wp\/v2\/product"}],"about":[{"href":"https:\/\/amberwithsilver.com\/en\/wp-json\/wp\/v2\/types\/product"}],"replies":[{"embeddable":true,"href":"https:\/\/amberwithsilver.com\/en\/wp-json\/wp\/v2\/comments?post=4162"}],"version-history":[{"count":1,"href":"https:\/\/amberwithsilver.com\/en\/wp-json\/wp\/v2\/product\/4162\/revisions"}],"predecessor-version":[{"id":4163,"href":"https:\/\/amberwithsilver.com\/en\/wp-json\/wp\/v2\/product\/4162\/revisions\/4163"}],"wp:featuredmedia":[{"embeddable":true,"href":"https:\/\/amberwithsilver.com\/en\/wp-json\/wp\/v2\/media\/4165"}],"wp:attachment":[{"href":"https:\/\/amberwithsilver.com\/en\/wp-json\/wp\/v2\/media?parent=4162"}],"wp:term":[{"taxonomy":"product_brand","embeddable":true,"href":"https:\/\/amberwithsilver.com\/en\/wp-json\/wp\/v2\/product_brand?post=4162"},{"taxonomy":"product_cat","embeddable":true,"href":"https:\/\/amberwithsilver.com\/en\/wp-json\/wp\/v2\/product_cat?post=4162"},{"taxonomy":"product_tag","embeddable":true,"href":"https:\/\/amberwithsilver.com\/en\/wp-json\/wp\/v2\/product_tag?post=4162"}],"curies":[{"name":"wp","href":"https:\/\/api.w.org\/{rel}","templated":true}]}}