{"id":4236,"date":"2026-04-15T20:45:13","date_gmt":"2026-04-15T18:45:13","guid":{"rendered":"https:\/\/amberwithsilver.com\/?post_type=product&#038;p=4236"},"modified":"2026-04-15T20:47:17","modified_gmt":"2026-04-15T18:47:17","slug":"naturalus-matiniai-gintaro-karoliai-50cm","status":"publish","type":"product","link":"https:\/\/amberwithsilver.com\/en\/product\/naturalus-matiniai-gintaro-karoliai-50cm\/","title":{"rendered":"Natural milky amber necklace, 50cm"},"content":{"rendered":"<p>Luxurious amber necklace is made of natural milky black spotted amber tubes and round beads. Machine made precise details reveal the perfect processing of amber. Pleasant, lightweight and very beautiful Baltic amber necklace is radiant with energy and harmony to those who wear it. The unique and amazing property of natural amber is that it offers a natural relief of pain. Anti-inflammatory properties make it ideal natural homeopathic product for adults. Perfectly combined with the bracelet of the same style. Also suitable for Gentlemen. There is no knot between each amber bead.<\/p>\n<ul>\n<li><em>Natural Baltic amber<\/em><\/li>\n<li><em>Matte cylinder and round amber beads<\/em><\/li>\n<li><em>Size of amber beads ~ 0.6\u00d71.7 cm<\/em><\/li>\n<li><em>Closure: plastic screw clasp\u00a0<\/em><\/li>\n<li><em>Color: milky, black, yellow<\/em><\/li>\n<li><em>Length: ~ 50 cm\u00a0<\/em><\/li>\n<li><em>Weight: ~ 14.7 grams.<\/em><\/li>\n<\/ul>\n<p>&nbsp;<\/p>\n<p>*Please note that the color of the product may vary slightly from that shown in the photo, depending on the monitor used by the Buyer and the lighting settings in the photos.<\/p>","protected":false},"excerpt":{"rendered":"<p>Luxurious amber necklace is made of natural milky black spotted amber tubes and round beads. Machine made precise details reveal the perfect processing of amber. Pleasant, lightweight and very beautiful Baltic amber necklace is radiant with energy and harmony to those who wear it. The unique and amazing property of natural amber is that it offers a natural relief of pain. Anti-inflammatory properties make it ideal natural homeopathic product for adults. Perfectly combined with the bracelet of the same style. Also suitable for Gentlemen. There is no knot between each amber bead.<\/p>\n<ul>\n<li><em>Natural Baltic amber<\/em><\/li>\n<li><em>Matte cylinder and round amber beads<\/em><\/li>\n<li><em>Size of amber beads ~ 0.6\u00d71.7 cm<\/em><\/li>\n<li><em>Closure: plastic screw clasp\u00a0<\/em><\/li>\n<li><em>Color: milky, black, yellow<\/em><\/li>\n<li><em>Length: ~ 50 cm\u00a0<\/em><\/li>\n<li><em>Weight: ~ 14.7 grams.<\/em><\/li>\n<\/ul>\n<p>&nbsp;<\/p>\n<p>*Please note that the color of the product may vary slightly from that shown in the photo, depending on the monitor used by the Buyer and the lighting settings in the photos.<\/p>","protected":false},"featured_media":4237,"comment_status":"open","ping_status":"closed","template":"","meta":[],"product_brand":[],"product_cat":[35],"product_tag":[64,747,1013,1106,1107,1313,1387,1392,1393,1394,1395,1425],"class_list":{"0":"post-4236","1":"product","2":"type-product","3":"status-publish","4":"has-post-thumbnail","6":"product_cat-gintaro-karoliai","7":"product_tag-gintaras","8":"product_tag-amber","9":"product_tag-gintaro-dirbiniai","10":"product_tag-gintaro-papuosalai","11":"product_tag-amber-jewelry","12":"product_tag-gintaro-dirbiniai-kaunas","13":"product_tag-dovana-moterims","14":"product_tag-gintaro-kurybines-dirbtuves-kaune","15":"product_tag-baltijos-gintaro-dirbiniai","16":"product_tag-baltic-amber-products","17":"product_tag-gift-for-her","18":"product_tag-amber-workshop-in-kaunas","20":"first","21":"instock","22":"taxable","23":"shipping-taxable","24":"purchasable","25":"product-type-simple"},"yoast_head":"<!-- This site is optimized with the Yoast SEO Premium plugin v23.4 (Yoast SEO v26.8) - https:\/\/yoast.com\/product\/yoast-seo-premium-wordpress\/ -->\n<title>Nat\u016bral\u016bs matiniai gintaro karoliai, 50cm<\/title>\n<meta name=\"description\" content=\"Prabang\u016bs gintaro karoliai yra pagaminti i\u0161 nat\u016brali\u0173, matin\u0117s ir juodos spalvos gintaro cilindr\u0173 ir\" \/>\n<meta name=\"robots\" content=\"index, follow, max-snippet:-1, max-image-preview:large, max-video-preview:-1\" \/>\n<link rel=\"canonical\" href=\"https:\/\/amberwithsilver.com\/en\/product\/naturalus-matiniai-gintaro-karoliai-50cm\/\" \/>\n<meta property=\"og:locale\" content=\"en_US\" \/>\n<meta property=\"og:type\" content=\"article\" \/>\n<meta property=\"og:title\" content=\"Nat\u016bral\u016bs matiniai gintaro karoliai, 50cm\" \/>\n<meta property=\"og:description\" content=\"Prabang\u016bs gintaro karoliai yra pagaminti i\u0161 nat\u016brali\u0173, matin\u0117s ir juodos spalvos gintaro cilindr\u0173 ir\" \/>\n<meta property=\"og:url\" content=\"https:\/\/amberwithsilver.com\/en\/product\/naturalus-matiniai-gintaro-karoliai-50cm\/\" \/>\n<meta property=\"og:site_name\" content=\"AmberWithSilver\" \/>\n<meta property=\"article:modified_time\" content=\"2026-04-15T18:47:17+00:00\" \/>\n<meta property=\"og:image\" content=\"https:\/\/amberwithsilver.com\/wp-content\/uploads\/2026\/04\/id.-246.webp\" \/>\n\t<meta property=\"og:image:width\" content=\"1000\" \/>\n\t<meta property=\"og:image:height\" content=\"838\" \/>\n\t<meta property=\"og:image:type\" content=\"image\/webp\" \/>\n<meta name=\"twitter:card\" content=\"summary_large_image\" \/>\n<meta name=\"twitter:label1\" content=\"Est. reading time\" \/>\n\t<meta name=\"twitter:data1\" content=\"1 minute\" \/>\n<script type=\"application\/ld+json\" class=\"yoast-schema-graph\">{\"@context\":\"https:\/\/schema.org\",\"@graph\":[{\"@type\":\"WebPage\",\"@id\":\"https:\/\/amberwithsilver.com\/product\/naturalus-matiniai-gintaro-karoliai-50cm\/\",\"url\":\"https:\/\/amberwithsilver.com\/product\/naturalus-matiniai-gintaro-karoliai-50cm\/\",\"name\":\"Nat\u016bral\u016bs matiniai gintaro karoliai, 50cm\",\"isPartOf\":{\"@id\":\"https:\/\/amberwithsilver.com\/en\/#website\"},\"primaryImageOfPage\":{\"@id\":\"https:\/\/amberwithsilver.com\/product\/naturalus-matiniai-gintaro-karoliai-50cm\/#primaryimage\"},\"image\":{\"@id\":\"https:\/\/amberwithsilver.com\/product\/naturalus-matiniai-gintaro-karoliai-50cm\/#primaryimage\"},\"thumbnailUrl\":\"https:\/\/amberwithsilver.com\/wp-content\/uploads\/2026\/04\/id.-246.webp\",\"datePublished\":\"2026-04-15T18:45:13+00:00\",\"dateModified\":\"2026-04-15T18:47:17+00:00\",\"description\":\"Prabang\u016bs gintaro karoliai yra pagaminti i\u0161 nat\u016brali\u0173, matin\u0117s ir juodos spalvos gintaro cilindr\u0173 ir\",\"breadcrumb\":{\"@id\":\"https:\/\/amberwithsilver.com\/product\/naturalus-matiniai-gintaro-karoliai-50cm\/#breadcrumb\"},\"inLanguage\":\"en-US\",\"potentialAction\":[{\"@type\":\"ReadAction\",\"target\":[\"https:\/\/amberwithsilver.com\/product\/naturalus-matiniai-gintaro-karoliai-50cm\/\"]}]},{\"@type\":\"ImageObject\",\"inLanguage\":\"en-US\",\"@id\":\"https:\/\/amberwithsilver.com\/product\/naturalus-matiniai-gintaro-karoliai-50cm\/#primaryimage\",\"url\":\"https:\/\/amberwithsilver.com\/wp-content\/uploads\/2026\/04\/id.-246.webp\",\"contentUrl\":\"https:\/\/amberwithsilver.com\/wp-content\/uploads\/2026\/04\/id.-246.webp\",\"width\":1000,\"height\":838,\"caption\":\"Nat\u016bral\u016bs matiniai gintaro karoliai, 50cm, Natural milky amber necklace, 50cm\"},{\"@type\":\"BreadcrumbList\",\"@id\":\"https:\/\/amberwithsilver.com\/product\/naturalus-matiniai-gintaro-karoliai-50cm\/#breadcrumb\",\"itemListElement\":[{\"@type\":\"ListItem\",\"position\":1,\"name\":\"Home\",\"item\":\"https:\/\/amberwithsilver.com\/\"},{\"@type\":\"ListItem\",\"position\":2,\"name\":\"Parduotuv\u0117\",\"item\":\"https:\/\/amberwithsilver.com\/en\/parduotuve\/\"},{\"@type\":\"ListItem\",\"position\":3,\"name\":\"Nat\u016bral\u016bs matiniai gintaro karoliai, 50cm\"}]},{\"@type\":\"WebSite\",\"@id\":\"https:\/\/amberwithsilver.com\/en\/#website\",\"url\":\"https:\/\/amberwithsilver.com\/en\/\",\"name\":\"AmberWithSilver\",\"description\":\"Amber-Silver\",\"publisher\":{\"@id\":\"https:\/\/amberwithsilver.com\/en\/#organization\"},\"potentialAction\":[{\"@type\":\"SearchAction\",\"target\":{\"@type\":\"EntryPoint\",\"urlTemplate\":\"https:\/\/amberwithsilver.com\/en\/?s={search_term_string}\"},\"query-input\":{\"@type\":\"PropertyValueSpecification\",\"valueRequired\":true,\"valueName\":\"search_term_string\"}}],\"inLanguage\":\"en-US\"},{\"@type\":\"Organization\",\"@id\":\"https:\/\/amberwithsilver.com\/en\/#organization\",\"name\":\"amberwithsilver\",\"url\":\"https:\/\/amberwithsilver.com\/en\/\",\"logo\":{\"@type\":\"ImageObject\",\"inLanguage\":\"en-US\",\"@id\":\"https:\/\/amberwithsilver.com\/en\/#\/schema\/logo\/image\/\",\"url\":\"https:\/\/i0.wp.com\/amberwithsilver.com\/wp-content\/uploads\/2020\/12\/logo.jpg?fit=232%2C116&ssl=1\",\"contentUrl\":\"https:\/\/i0.wp.com\/amberwithsilver.com\/wp-content\/uploads\/2020\/12\/logo.jpg?fit=232%2C116&ssl=1\",\"width\":232,\"height\":116,\"caption\":\"amberwithsilver\"},\"image\":{\"@id\":\"https:\/\/amberwithsilver.com\/en\/#\/schema\/logo\/image\/\"}}]}<\/script>\n<!-- \/ Yoast SEO Premium plugin. -->","yoast_head_json":{"title":"Natural milky amber necklace, 50cm","description":"Prabang\u016bs gintaro karoliai yra pagaminti i\u0161 nat\u016brali\u0173, matin\u0117s ir juodos spalvos gintaro cilindr\u0173 ir","robots":{"index":"index","follow":"follow","max-snippet":"max-snippet:-1","max-image-preview":"max-image-preview:large","max-video-preview":"max-video-preview:-1"},"canonical":"https:\/\/amberwithsilver.com\/en\/product\/naturalus-matiniai-gintaro-karoliai-50cm\/","og_locale":"en_US","og_type":"article","og_title":"Nat\u016bral\u016bs matiniai gintaro karoliai, 50cm","og_description":"Prabang\u016bs gintaro karoliai yra pagaminti i\u0161 nat\u016brali\u0173, matin\u0117s ir juodos spalvos gintaro cilindr\u0173 ir","og_url":"https:\/\/amberwithsilver.com\/en\/product\/naturalus-matiniai-gintaro-karoliai-50cm\/","og_site_name":"AmberWithSilver","article_modified_time":"2026-04-15T18:47:17+00:00","og_image":[{"width":1000,"height":838,"url":"https:\/\/amberwithsilver.com\/wp-content\/uploads\/2026\/04\/id.-246.webp","type":"image\/webp"}],"twitter_card":"summary_large_image","twitter_misc":{"Est. reading time":"1 minute"},"schema":{"@context":"https:\/\/schema.org","@graph":[{"@type":"WebPage","@id":"https:\/\/amberwithsilver.com\/product\/naturalus-matiniai-gintaro-karoliai-50cm\/","url":"https:\/\/amberwithsilver.com\/product\/naturalus-matiniai-gintaro-karoliai-50cm\/","name":"Natural milky amber necklace, 50cm","isPartOf":{"@id":"https:\/\/amberwithsilver.com\/en\/#website"},"primaryImageOfPage":{"@id":"https:\/\/amberwithsilver.com\/product\/naturalus-matiniai-gintaro-karoliai-50cm\/#primaryimage"},"image":{"@id":"https:\/\/amberwithsilver.com\/product\/naturalus-matiniai-gintaro-karoliai-50cm\/#primaryimage"},"thumbnailUrl":"https:\/\/amberwithsilver.com\/wp-content\/uploads\/2026\/04\/id.-246.webp","datePublished":"2026-04-15T18:45:13+00:00","dateModified":"2026-04-15T18:47:17+00:00","description":"Prabang\u016bs gintaro karoliai yra pagaminti i\u0161 nat\u016brali\u0173, matin\u0117s ir juodos spalvos gintaro cilindr\u0173 ir","breadcrumb":{"@id":"https:\/\/amberwithsilver.com\/product\/naturalus-matiniai-gintaro-karoliai-50cm\/#breadcrumb"},"inLanguage":"en-US","potentialAction":[{"@type":"ReadAction","target":["https:\/\/amberwithsilver.com\/product\/naturalus-matiniai-gintaro-karoliai-50cm\/"]}]},{"@type":"ImageObject","inLanguage":"en-US","@id":"https:\/\/amberwithsilver.com\/product\/naturalus-matiniai-gintaro-karoliai-50cm\/#primaryimage","url":"https:\/\/amberwithsilver.com\/wp-content\/uploads\/2026\/04\/id.-246.webp","contentUrl":"https:\/\/amberwithsilver.com\/wp-content\/uploads\/2026\/04\/id.-246.webp","width":1000,"height":838,"caption":"Nat\u016bral\u016bs matiniai gintaro karoliai, 50cm, Natural milky amber necklace, 50cm"},{"@type":"BreadcrumbList","@id":"https:\/\/amberwithsilver.com\/product\/naturalus-matiniai-gintaro-karoliai-50cm\/#breadcrumb","itemListElement":[{"@type":"ListItem","position":1,"name":"Home","item":"https:\/\/amberwithsilver.com\/"},{"@type":"ListItem","position":2,"name":"Parduotuv\u0117","item":"https:\/\/amberwithsilver.com\/en\/parduotuve\/"},{"@type":"ListItem","position":3,"name":"Nat\u016bral\u016bs matiniai gintaro karoliai, 50cm"}]},{"@type":"WebSite","@id":"https:\/\/amberwithsilver.com\/en\/#website","url":"https:\/\/amberwithsilver.com\/en\/","name":"AmberWithSilver","description":"Amber-Silver","publisher":{"@id":"https:\/\/amberwithsilver.com\/en\/#organization"},"potentialAction":[{"@type":"SearchAction","target":{"@type":"EntryPoint","urlTemplate":"https:\/\/amberwithsilver.com\/en\/?s={search_term_string}"},"query-input":{"@type":"PropertyValueSpecification","valueRequired":true,"valueName":"search_term_string"}}],"inLanguage":"en-US"},{"@type":"Organization","@id":"https:\/\/amberwithsilver.com\/en\/#organization","name":"amberwithsilver","url":"https:\/\/amberwithsilver.com\/en\/","logo":{"@type":"ImageObject","inLanguage":"en-US","@id":"https:\/\/amberwithsilver.com\/en\/#\/schema\/logo\/image\/","url":"https:\/\/i0.wp.com\/amberwithsilver.com\/wp-content\/uploads\/2020\/12\/logo.jpg?fit=232%2C116&ssl=1","contentUrl":"https:\/\/i0.wp.com\/amberwithsilver.com\/wp-content\/uploads\/2020\/12\/logo.jpg?fit=232%2C116&ssl=1","width":232,"height":116,"caption":"amberwithsilver"},"image":{"@id":"https:\/\/amberwithsilver.com\/en\/#\/schema\/logo\/image\/"}}]}},"jetpack_sharing_enabled":true,"_links":{"self":[{"href":"https:\/\/amberwithsilver.com\/en\/wp-json\/wp\/v2\/product\/4236","targetHints":{"allow":["GET"]}}],"collection":[{"href":"https:\/\/amberwithsilver.com\/en\/wp-json\/wp\/v2\/product"}],"about":[{"href":"https:\/\/amberwithsilver.com\/en\/wp-json\/wp\/v2\/types\/product"}],"replies":[{"embeddable":true,"href":"https:\/\/amberwithsilver.com\/en\/wp-json\/wp\/v2\/comments?post=4236"}],"version-history":[{"count":3,"href":"https:\/\/amberwithsilver.com\/en\/wp-json\/wp\/v2\/product\/4236\/revisions"}],"predecessor-version":[{"id":4241,"href":"https:\/\/amberwithsilver.com\/en\/wp-json\/wp\/v2\/product\/4236\/revisions\/4241"}],"wp:featuredmedia":[{"embeddable":true,"href":"https:\/\/amberwithsilver.com\/en\/wp-json\/wp\/v2\/media\/4237"}],"wp:attachment":[{"href":"https:\/\/amberwithsilver.com\/en\/wp-json\/wp\/v2\/media?parent=4236"}],"wp:term":[{"taxonomy":"product_brand","embeddable":true,"href":"https:\/\/amberwithsilver.com\/en\/wp-json\/wp\/v2\/product_brand?post=4236"},{"taxonomy":"product_cat","embeddable":true,"href":"https:\/\/amberwithsilver.com\/en\/wp-json\/wp\/v2\/product_cat?post=4236"},{"taxonomy":"product_tag","embeddable":true,"href":"https:\/\/amberwithsilver.com\/en\/wp-json\/wp\/v2\/product_tag?post=4236"}],"curies":[{"name":"wp","href":"https:\/\/api.w.org\/{rel}","templated":true}]}}