{"id":4242,"date":"2026-04-15T20:54:20","date_gmt":"2026-04-15T18:54:20","guid":{"rendered":"https:\/\/amberwithsilver.com\/?post_type=product&#038;p=4242"},"modified":"2026-04-15T20:56:00","modified_gmt":"2026-04-15T18:56:00","slug":"naturali-matine-gintaro-apyranke","status":"publish","type":"product","link":"https:\/\/amberwithsilver.com\/en\/product\/naturali-matine-gintaro-apyranke\/","title":{"rendered":"Natural milky amber bracelet"},"content":{"rendered":"<p>Luxurious amber bracelet is made of natural milky black spotted amber tubes and round beads. Machine made precise details reveal the perfect processing of amber. Pleasant, lightweight and very beautiful Baltic amber bracelet is radiant with energy and harmony to those who wear it. The unique and amazing property of natural amber is that it offers a natural relief of pain. Anti-inflammatory properties make it ideal natural homeopathic product for adults. Perfectly combined with the necklace of the same style. Also suitable for Gentlemen. This marvelous bracelet is made on the stretch.<\/p>\n<ul>\n<li><em>Natural Baltic amber<\/em><\/li>\n<li><em>Matte cylinder and round amber beads<\/em><\/li>\n<li><em>Size of amber beads: ~ 0.5\u00d71.3 cm<\/em><\/li>\n<li><em>Put on elastic silicone<\/em><\/li>\n<li><em>Color: milky, black, yellow<\/em><\/li>\n<li><em>Size: suitable for wrists up to ~19 cm<\/em><\/li>\n<li><em>Weight: ~ 5.2 grams.<\/em><\/li>\n<\/ul>\n<p>&nbsp;<\/p>\n<p>*Please note that the color of the product may vary slightly from that shown in the photo, depending on the monitor used by the Buyer and the lighting settings in the photos.<\/p>","protected":false},"excerpt":{"rendered":"<p>Luxurious amber bracelet is made of natural milky black spotted amber tubes and round beads. Machine made precise details reveal the perfect processing of amber. Pleasant, lightweight and very beautiful Baltic amber bracelet is radiant with energy and harmony to those who wear it. The unique and amazing property of natural amber is that it offers a natural relief of pain. Anti-inflammatory properties make it ideal natural homeopathic product for adults. Perfectly combined with the necklace of the same style. Also suitable for Gentlemen. This marvelous bracelet is made on the stretch.<\/p>\n<ul>\n<li><em>Natural Baltic amber<\/em><\/li>\n<li><em>Matte cylinder and round amber beads<\/em><\/li>\n<li><em>Size of amber beads: ~ 0.5\u00d71.3 cm<\/em><\/li>\n<li><em>Put on elastic silicone<\/em><\/li>\n<li><em>Color: milky, black, yellow<\/em><\/li>\n<li><em>Size: suitable for wrists up to ~19 cm<\/em><\/li>\n<li><em>Weight: ~ 5.2 grams.<\/em><\/li>\n<\/ul>\n<p>&nbsp;<\/p>\n<p>*Please note that the color of the product may vary slightly from that shown in the photo, depending on the monitor used by the Buyer and the lighting settings in the photos.<\/p>","protected":false},"featured_media":4245,"comment_status":"open","ping_status":"closed","template":"","meta":[],"product_brand":[],"product_cat":[18],"product_tag":[64,747,1013,1106,1107,1313,1387,1392,1393,1394,1395,1425],"class_list":{"0":"post-4242","1":"product","2":"type-product","3":"status-publish","4":"has-post-thumbnail","6":"product_cat-gintaro-apyrankes","7":"product_tag-gintaras","8":"product_tag-amber","9":"product_tag-gintaro-dirbiniai","10":"product_tag-gintaro-papuosalai","11":"product_tag-amber-jewelry","12":"product_tag-gintaro-dirbiniai-kaunas","13":"product_tag-dovana-moterims","14":"product_tag-gintaro-kurybines-dirbtuves-kaune","15":"product_tag-baltijos-gintaro-dirbiniai","16":"product_tag-baltic-amber-products","17":"product_tag-gift-for-her","18":"product_tag-amber-workshop-in-kaunas","20":"first","21":"instock","22":"taxable","23":"shipping-taxable","24":"purchasable","25":"product-type-simple"},"yoast_head":"<!-- This site is optimized with the Yoast SEO Premium plugin v23.4 (Yoast SEO v26.8) - https:\/\/yoast.com\/product\/yoast-seo-premium-wordpress\/ -->\n<title>Nat\u016brali matin\u0117 gintaro apyrank\u0117<\/title>\n<meta name=\"description\" content=\"Prabangi gintaro apyrank\u0117 yra pagaminta i\u0161 nat\u016brali\u0173, matin\u0117s ir juodos spalvos gintaro cilindr\u0173 ir\" \/>\n<meta name=\"robots\" content=\"index, follow, max-snippet:-1, max-image-preview:large, max-video-preview:-1\" \/>\n<link rel=\"canonical\" href=\"https:\/\/amberwithsilver.com\/en\/product\/naturali-matine-gintaro-apyranke\/\" \/>\n<meta property=\"og:locale\" content=\"en_US\" \/>\n<meta property=\"og:type\" content=\"article\" \/>\n<meta property=\"og:title\" content=\"Nat\u016brali matin\u0117 gintaro apyrank\u0117\" \/>\n<meta property=\"og:description\" content=\"Prabangi gintaro apyrank\u0117 yra pagaminta i\u0161 nat\u016brali\u0173, matin\u0117s ir juodos spalvos gintaro cilindr\u0173 ir\" \/>\n<meta property=\"og:url\" content=\"https:\/\/amberwithsilver.com\/en\/product\/naturali-matine-gintaro-apyranke\/\" \/>\n<meta property=\"og:site_name\" content=\"AmberWithSilver\" \/>\n<meta property=\"article:modified_time\" content=\"2026-04-15T18:56:00+00:00\" \/>\n<meta property=\"og:image\" content=\"https:\/\/amberwithsilver.com\/wp-content\/uploads\/2026\/04\/id.-247.webp\" \/>\n\t<meta property=\"og:image:width\" content=\"1000\" \/>\n\t<meta property=\"og:image:height\" content=\"838\" \/>\n\t<meta property=\"og:image:type\" content=\"image\/webp\" \/>\n<meta name=\"twitter:card\" content=\"summary_large_image\" \/>\n<meta name=\"twitter:label1\" content=\"Est. reading time\" \/>\n\t<meta name=\"twitter:data1\" content=\"1 minute\" \/>\n<script type=\"application\/ld+json\" class=\"yoast-schema-graph\">{\"@context\":\"https:\/\/schema.org\",\"@graph\":[{\"@type\":\"WebPage\",\"@id\":\"https:\/\/amberwithsilver.com\/product\/naturali-matine-gintaro-apyranke\/\",\"url\":\"https:\/\/amberwithsilver.com\/product\/naturali-matine-gintaro-apyranke\/\",\"name\":\"Nat\u016brali matin\u0117 gintaro apyrank\u0117\",\"isPartOf\":{\"@id\":\"https:\/\/amberwithsilver.com\/en\/#website\"},\"primaryImageOfPage\":{\"@id\":\"https:\/\/amberwithsilver.com\/product\/naturali-matine-gintaro-apyranke\/#primaryimage\"},\"image\":{\"@id\":\"https:\/\/amberwithsilver.com\/product\/naturali-matine-gintaro-apyranke\/#primaryimage\"},\"thumbnailUrl\":\"https:\/\/amberwithsilver.com\/wp-content\/uploads\/2026\/04\/id.-247.webp\",\"datePublished\":\"2026-04-15T18:54:20+00:00\",\"dateModified\":\"2026-04-15T18:56:00+00:00\",\"description\":\"Prabangi gintaro apyrank\u0117 yra pagaminta i\u0161 nat\u016brali\u0173, matin\u0117s ir juodos spalvos gintaro cilindr\u0173 ir\",\"breadcrumb\":{\"@id\":\"https:\/\/amberwithsilver.com\/product\/naturali-matine-gintaro-apyranke\/#breadcrumb\"},\"inLanguage\":\"en-US\",\"potentialAction\":[{\"@type\":\"ReadAction\",\"target\":[\"https:\/\/amberwithsilver.com\/product\/naturali-matine-gintaro-apyranke\/\"]}]},{\"@type\":\"ImageObject\",\"inLanguage\":\"en-US\",\"@id\":\"https:\/\/amberwithsilver.com\/product\/naturali-matine-gintaro-apyranke\/#primaryimage\",\"url\":\"https:\/\/amberwithsilver.com\/wp-content\/uploads\/2026\/04\/id.-247.webp\",\"contentUrl\":\"https:\/\/amberwithsilver.com\/wp-content\/uploads\/2026\/04\/id.-247.webp\",\"width\":1000,\"height\":838,\"caption\":\"Nat\u016brali matin\u0117 gintaro apyrank\u0117, Natural milky amber bracelet\"},{\"@type\":\"BreadcrumbList\",\"@id\":\"https:\/\/amberwithsilver.com\/product\/naturali-matine-gintaro-apyranke\/#breadcrumb\",\"itemListElement\":[{\"@type\":\"ListItem\",\"position\":1,\"name\":\"Home\",\"item\":\"https:\/\/amberwithsilver.com\/\"},{\"@type\":\"ListItem\",\"position\":2,\"name\":\"Parduotuv\u0117\",\"item\":\"https:\/\/amberwithsilver.com\/en\/parduotuve\/\"},{\"@type\":\"ListItem\",\"position\":3,\"name\":\"Nat\u016brali matin\u0117 gintaro apyrank\u0117\"}]},{\"@type\":\"WebSite\",\"@id\":\"https:\/\/amberwithsilver.com\/en\/#website\",\"url\":\"https:\/\/amberwithsilver.com\/en\/\",\"name\":\"AmberWithSilver\",\"description\":\"Amber-Silver\",\"publisher\":{\"@id\":\"https:\/\/amberwithsilver.com\/en\/#organization\"},\"potentialAction\":[{\"@type\":\"SearchAction\",\"target\":{\"@type\":\"EntryPoint\",\"urlTemplate\":\"https:\/\/amberwithsilver.com\/en\/?s={search_term_string}\"},\"query-input\":{\"@type\":\"PropertyValueSpecification\",\"valueRequired\":true,\"valueName\":\"search_term_string\"}}],\"inLanguage\":\"en-US\"},{\"@type\":\"Organization\",\"@id\":\"https:\/\/amberwithsilver.com\/en\/#organization\",\"name\":\"amberwithsilver\",\"url\":\"https:\/\/amberwithsilver.com\/en\/\",\"logo\":{\"@type\":\"ImageObject\",\"inLanguage\":\"en-US\",\"@id\":\"https:\/\/amberwithsilver.com\/en\/#\/schema\/logo\/image\/\",\"url\":\"https:\/\/i0.wp.com\/amberwithsilver.com\/wp-content\/uploads\/2020\/12\/logo.jpg?fit=232%2C116&ssl=1\",\"contentUrl\":\"https:\/\/i0.wp.com\/amberwithsilver.com\/wp-content\/uploads\/2020\/12\/logo.jpg?fit=232%2C116&ssl=1\",\"width\":232,\"height\":116,\"caption\":\"amberwithsilver\"},\"image\":{\"@id\":\"https:\/\/amberwithsilver.com\/en\/#\/schema\/logo\/image\/\"}}]}<\/script>\n<!-- \/ Yoast SEO Premium plugin. -->","yoast_head_json":{"title":"Natural milky amber bracelet","description":"Prabangi gintaro apyrank\u0117 yra pagaminta i\u0161 nat\u016brali\u0173, matin\u0117s ir juodos spalvos gintaro cilindr\u0173 ir","robots":{"index":"index","follow":"follow","max-snippet":"max-snippet:-1","max-image-preview":"max-image-preview:large","max-video-preview":"max-video-preview:-1"},"canonical":"https:\/\/amberwithsilver.com\/en\/product\/naturali-matine-gintaro-apyranke\/","og_locale":"en_US","og_type":"article","og_title":"Nat\u016brali matin\u0117 gintaro apyrank\u0117","og_description":"Prabangi gintaro apyrank\u0117 yra pagaminta i\u0161 nat\u016brali\u0173, matin\u0117s ir juodos spalvos gintaro cilindr\u0173 ir","og_url":"https:\/\/amberwithsilver.com\/en\/product\/naturali-matine-gintaro-apyranke\/","og_site_name":"AmberWithSilver","article_modified_time":"2026-04-15T18:56:00+00:00","og_image":[{"width":1000,"height":838,"url":"https:\/\/amberwithsilver.com\/wp-content\/uploads\/2026\/04\/id.-247.webp","type":"image\/webp"}],"twitter_card":"summary_large_image","twitter_misc":{"Est. reading time":"1 minute"},"schema":{"@context":"https:\/\/schema.org","@graph":[{"@type":"WebPage","@id":"https:\/\/amberwithsilver.com\/product\/naturali-matine-gintaro-apyranke\/","url":"https:\/\/amberwithsilver.com\/product\/naturali-matine-gintaro-apyranke\/","name":"Natural milky amber bracelet","isPartOf":{"@id":"https:\/\/amberwithsilver.com\/en\/#website"},"primaryImageOfPage":{"@id":"https:\/\/amberwithsilver.com\/product\/naturali-matine-gintaro-apyranke\/#primaryimage"},"image":{"@id":"https:\/\/amberwithsilver.com\/product\/naturali-matine-gintaro-apyranke\/#primaryimage"},"thumbnailUrl":"https:\/\/amberwithsilver.com\/wp-content\/uploads\/2026\/04\/id.-247.webp","datePublished":"2026-04-15T18:54:20+00:00","dateModified":"2026-04-15T18:56:00+00:00","description":"Prabangi gintaro apyrank\u0117 yra pagaminta i\u0161 nat\u016brali\u0173, matin\u0117s ir juodos spalvos gintaro cilindr\u0173 ir","breadcrumb":{"@id":"https:\/\/amberwithsilver.com\/product\/naturali-matine-gintaro-apyranke\/#breadcrumb"},"inLanguage":"en-US","potentialAction":[{"@type":"ReadAction","target":["https:\/\/amberwithsilver.com\/product\/naturali-matine-gintaro-apyranke\/"]}]},{"@type":"ImageObject","inLanguage":"en-US","@id":"https:\/\/amberwithsilver.com\/product\/naturali-matine-gintaro-apyranke\/#primaryimage","url":"https:\/\/amberwithsilver.com\/wp-content\/uploads\/2026\/04\/id.-247.webp","contentUrl":"https:\/\/amberwithsilver.com\/wp-content\/uploads\/2026\/04\/id.-247.webp","width":1000,"height":838,"caption":"Nat\u016brali matin\u0117 gintaro apyrank\u0117, Natural milky amber bracelet"},{"@type":"BreadcrumbList","@id":"https:\/\/amberwithsilver.com\/product\/naturali-matine-gintaro-apyranke\/#breadcrumb","itemListElement":[{"@type":"ListItem","position":1,"name":"Home","item":"https:\/\/amberwithsilver.com\/"},{"@type":"ListItem","position":2,"name":"Parduotuv\u0117","item":"https:\/\/amberwithsilver.com\/en\/parduotuve\/"},{"@type":"ListItem","position":3,"name":"Nat\u016brali matin\u0117 gintaro apyrank\u0117"}]},{"@type":"WebSite","@id":"https:\/\/amberwithsilver.com\/en\/#website","url":"https:\/\/amberwithsilver.com\/en\/","name":"AmberWithSilver","description":"Amber-Silver","publisher":{"@id":"https:\/\/amberwithsilver.com\/en\/#organization"},"potentialAction":[{"@type":"SearchAction","target":{"@type":"EntryPoint","urlTemplate":"https:\/\/amberwithsilver.com\/en\/?s={search_term_string}"},"query-input":{"@type":"PropertyValueSpecification","valueRequired":true,"valueName":"search_term_string"}}],"inLanguage":"en-US"},{"@type":"Organization","@id":"https:\/\/amberwithsilver.com\/en\/#organization","name":"amberwithsilver","url":"https:\/\/amberwithsilver.com\/en\/","logo":{"@type":"ImageObject","inLanguage":"en-US","@id":"https:\/\/amberwithsilver.com\/en\/#\/schema\/logo\/image\/","url":"https:\/\/i0.wp.com\/amberwithsilver.com\/wp-content\/uploads\/2020\/12\/logo.jpg?fit=232%2C116&ssl=1","contentUrl":"https:\/\/i0.wp.com\/amberwithsilver.com\/wp-content\/uploads\/2020\/12\/logo.jpg?fit=232%2C116&ssl=1","width":232,"height":116,"caption":"amberwithsilver"},"image":{"@id":"https:\/\/amberwithsilver.com\/en\/#\/schema\/logo\/image\/"}}]}},"jetpack_sharing_enabled":true,"_links":{"self":[{"href":"https:\/\/amberwithsilver.com\/en\/wp-json\/wp\/v2\/product\/4242","targetHints":{"allow":["GET"]}}],"collection":[{"href":"https:\/\/amberwithsilver.com\/en\/wp-json\/wp\/v2\/product"}],"about":[{"href":"https:\/\/amberwithsilver.com\/en\/wp-json\/wp\/v2\/types\/product"}],"replies":[{"embeddable":true,"href":"https:\/\/amberwithsilver.com\/en\/wp-json\/wp\/v2\/comments?post=4242"}],"version-history":[{"count":1,"href":"https:\/\/amberwithsilver.com\/en\/wp-json\/wp\/v2\/product\/4242\/revisions"}],"predecessor-version":[{"id":4244,"href":"https:\/\/amberwithsilver.com\/en\/wp-json\/wp\/v2\/product\/4242\/revisions\/4244"}],"wp:featuredmedia":[{"embeddable":true,"href":"https:\/\/amberwithsilver.com\/en\/wp-json\/wp\/v2\/media\/4245"}],"wp:attachment":[{"href":"https:\/\/amberwithsilver.com\/en\/wp-json\/wp\/v2\/media?parent=4242"}],"wp:term":[{"taxonomy":"product_brand","embeddable":true,"href":"https:\/\/amberwithsilver.com\/en\/wp-json\/wp\/v2\/product_brand?post=4242"},{"taxonomy":"product_cat","embeddable":true,"href":"https:\/\/amberwithsilver.com\/en\/wp-json\/wp\/v2\/product_cat?post=4242"},{"taxonomy":"product_tag","embeddable":true,"href":"https:\/\/amberwithsilver.com\/en\/wp-json\/wp\/v2\/product_tag?post=4242"}],"curies":[{"name":"wp","href":"https:\/\/api.w.org\/{rel}","templated":true}]}}