{"id":4305,"date":"2026-04-22T17:23:43","date_gmt":"2026-04-22T15:23:43","guid":{"rendered":"https:\/\/amberwithsilver.com\/?post_type=product&#038;p=4305"},"modified":"2026-04-22T17:23:43","modified_gmt":"2026-04-22T15:23:43","slug":"karaliskieji-spalvingi-gintaro-karoliai","status":"publish","type":"product","link":"https:\/\/amberwithsilver.com\/en\/product\/karaliskieji-spalvingi-gintaro-karoliai\/","title":{"rendered":"Royal multicolor amber necklace"},"content":{"rendered":"<p>Royal multicolor amber necklace is made of round shape amber beads. Colorful amber beads are made from natural high quality Baltic amber. Carefully polished and softly round Baltic amber beads lay comfortably against the skin. This allows maximum skin contact and gives added comfort to you. These wonderful multicolor amber beads containing solar energy and the sunrise light manifest the valuable and important properties of this organic mineral. The exclusive design is suitable for different styles.<\/p>\n<ul>\n<li><em>Natural Baltic amber<\/em><\/li>\n<li><em>Round amber beads<\/em><\/li>\n<li><em>Size of amber pieces: ~ 1\u00d71.1 cm<\/em><\/li>\n<li><em>Clasp made of amber<\/em><\/li>\n<li><em>Color: honey, cognac, lemon, cherry, milk<\/em><\/li>\n<li><em>Length: ~ 45 cm\u00a0<\/em><\/li>\n<li><em>Weight: ~ 28.4 grams.<\/em><\/li>\n<\/ul>\n<p>&nbsp;<\/p>\n<p>*Please note that the color of the product may vary slightly from that shown in the photo, depending on the monitor used by the Buyer and the lighting settings in the photos.<\/p>","protected":false},"excerpt":{"rendered":"<p>Royal multicolor amber necklace is made of round shape amber beads. Colorful amber beads are made from natural high quality Baltic amber. Carefully polished and softly round Baltic amber beads lay comfortably against the skin. This allows maximum skin contact and gives added comfort to you. These wonderful multicolor amber beads containing solar energy and the sunrise light manifest the valuable and important properties of this organic mineral. The exclusive design is suitable for different styles.<\/p>\n<ul>\n<li><em>Natural Baltic amber<\/em><\/li>\n<li><em>Round amber beads<\/em><\/li>\n<li><em>Size of amber pieces: ~ 1\u00d71.1 cm<\/em><\/li>\n<li><em>Clasp made of amber<\/em><\/li>\n<li><em>Color: honey, cognac, lemon, cherry, milk<\/em><\/li>\n<li><em>Length: ~ 45 cm\u00a0<\/em><\/li>\n<li><em>Weight: ~ 28.4 grams.<\/em><\/li>\n<\/ul>\n<p>&nbsp;<\/p>\n<p>*Please note that the color of the product may vary slightly from that shown in the photo, depending on the monitor used by the Buyer and the lighting settings in the photos.<\/p>","protected":false},"featured_media":4306,"comment_status":"open","ping_status":"closed","template":"","meta":[],"product_brand":[],"product_cat":[35],"product_tag":[1393,1394,1395,64,1425,747,1013,1106,1107,1313,1387,1392],"class_list":{"0":"post-4305","1":"product","2":"type-product","3":"status-publish","4":"has-post-thumbnail","6":"product_cat-gintaro-karoliai","7":"product_tag-baltijos-gintaro-dirbiniai","8":"product_tag-baltic-amber-products","9":"product_tag-gift-for-her","10":"product_tag-gintaras","11":"product_tag-amber-workshop-in-kaunas","12":"product_tag-amber","13":"product_tag-gintaro-dirbiniai","14":"product_tag-gintaro-papuosalai","15":"product_tag-amber-jewelry","16":"product_tag-gintaro-dirbiniai-kaunas","17":"product_tag-dovana-moterims","18":"product_tag-gintaro-kurybines-dirbtuves-kaune","20":"first","21":"instock","22":"taxable","23":"shipping-taxable","24":"purchasable","25":"product-type-simple"},"yoast_head":"<!-- This site is optimized with the Yoast SEO Premium plugin v23.4 (Yoast SEO v27.4) - https:\/\/yoast.com\/product\/yoast-seo-premium-wordpress\/ -->\n<title>Karali\u0161kieji spalvingi gintaro karoliai<\/title>\n<meta name=\"description\" content=\"Karali\u0161kieji spalvingi gintaro karoliai pagaminti i\u0161 apvalios formos rutuliuk\u0173. Spalvingi gintaro\" \/>\n<meta name=\"robots\" content=\"index, follow, max-snippet:-1, max-image-preview:large, max-video-preview:-1\" \/>\n<link rel=\"canonical\" href=\"https:\/\/amberwithsilver.com\/en\/product\/karaliskieji-spalvingi-gintaro-karoliai\/\" \/>\n<meta property=\"og:locale\" content=\"en_US\" \/>\n<meta property=\"og:type\" content=\"article\" \/>\n<meta property=\"og:title\" content=\"Karali\u0161kieji spalvingi gintaro karoliai\" \/>\n<meta property=\"og:description\" content=\"Karali\u0161kieji spalvingi gintaro karoliai pagaminti i\u0161 apvalios formos rutuliuk\u0173. Spalvingi gintaro\" \/>\n<meta property=\"og:url\" content=\"https:\/\/amberwithsilver.com\/en\/product\/karaliskieji-spalvingi-gintaro-karoliai\/\" \/>\n<meta property=\"og:site_name\" content=\"AmberWithSilver\" \/>\n<meta property=\"og:image\" content=\"https:\/\/amberwithsilver.com\/wp-content\/uploads\/2026\/04\/id.-292.webp\" \/>\n\t<meta property=\"og:image:width\" content=\"1000\" \/>\n\t<meta property=\"og:image:height\" content=\"838\" \/>\n\t<meta property=\"og:image:type\" content=\"image\/webp\" \/>\n<meta name=\"twitter:card\" content=\"summary_large_image\" \/>\n<meta name=\"twitter:label1\" content=\"Est. reading time\" \/>\n\t<meta name=\"twitter:data1\" content=\"1 minute\" \/>\n<script type=\"application\/ld+json\" class=\"yoast-schema-graph\">{\"@context\":\"https:\\\/\\\/schema.org\",\"@graph\":[{\"@type\":\"WebPage\",\"@id\":\"https:\\\/\\\/amberwithsilver.com\\\/product\\\/karaliskieji-spalvingi-gintaro-karoliai\\\/\",\"url\":\"https:\\\/\\\/amberwithsilver.com\\\/product\\\/karaliskieji-spalvingi-gintaro-karoliai\\\/\",\"name\":\"Karali\u0161kieji spalvingi gintaro karoliai\",\"isPartOf\":{\"@id\":\"https:\\\/\\\/amberwithsilver.com\\\/en\\\/#website\"},\"primaryImageOfPage\":{\"@id\":\"https:\\\/\\\/amberwithsilver.com\\\/product\\\/karaliskieji-spalvingi-gintaro-karoliai\\\/#primaryimage\"},\"image\":{\"@id\":\"https:\\\/\\\/amberwithsilver.com\\\/product\\\/karaliskieji-spalvingi-gintaro-karoliai\\\/#primaryimage\"},\"thumbnailUrl\":\"https:\\\/\\\/amberwithsilver.com\\\/wp-content\\\/uploads\\\/2026\\\/04\\\/id.-292.webp\",\"datePublished\":\"2026-04-22T15:23:43+00:00\",\"description\":\"Karali\u0161kieji spalvingi gintaro karoliai pagaminti i\u0161 apvalios formos rutuliuk\u0173. Spalvingi gintaro\",\"breadcrumb\":{\"@id\":\"https:\\\/\\\/amberwithsilver.com\\\/product\\\/karaliskieji-spalvingi-gintaro-karoliai\\\/#breadcrumb\"},\"inLanguage\":\"en-US\",\"potentialAction\":[{\"@type\":\"ReadAction\",\"target\":[\"https:\\\/\\\/amberwithsilver.com\\\/product\\\/karaliskieji-spalvingi-gintaro-karoliai\\\/\"]}]},{\"@type\":\"ImageObject\",\"inLanguage\":\"en-US\",\"@id\":\"https:\\\/\\\/amberwithsilver.com\\\/product\\\/karaliskieji-spalvingi-gintaro-karoliai\\\/#primaryimage\",\"url\":\"https:\\\/\\\/amberwithsilver.com\\\/wp-content\\\/uploads\\\/2026\\\/04\\\/id.-292.webp\",\"contentUrl\":\"https:\\\/\\\/amberwithsilver.com\\\/wp-content\\\/uploads\\\/2026\\\/04\\\/id.-292.webp\",\"width\":1000,\"height\":838,\"caption\":\"Karali\u0161kieji spalvingi gintaro karoliai, Royal multicolor amber necklace\"},{\"@type\":\"BreadcrumbList\",\"@id\":\"https:\\\/\\\/amberwithsilver.com\\\/product\\\/karaliskieji-spalvingi-gintaro-karoliai\\\/#breadcrumb\",\"itemListElement\":[{\"@type\":\"ListItem\",\"position\":1,\"name\":\"Home\",\"item\":\"https:\\\/\\\/amberwithsilver.com\\\/\"},{\"@type\":\"ListItem\",\"position\":2,\"name\":\"Parduotuv\u0117\",\"item\":\"https:\\\/\\\/amberwithsilver.com\\\/en\\\/parduotuve\\\/\"},{\"@type\":\"ListItem\",\"position\":3,\"name\":\"Karali\u0161kieji spalvingi gintaro karoliai\"}]},{\"@type\":\"WebSite\",\"@id\":\"https:\\\/\\\/amberwithsilver.com\\\/en\\\/#website\",\"url\":\"https:\\\/\\\/amberwithsilver.com\\\/en\\\/\",\"name\":\"AmberWithSilver\",\"description\":\"Amber-Silver\",\"publisher\":{\"@id\":\"https:\\\/\\\/amberwithsilver.com\\\/en\\\/#organization\"},\"potentialAction\":[{\"@type\":\"SearchAction\",\"target\":{\"@type\":\"EntryPoint\",\"urlTemplate\":\"https:\\\/\\\/amberwithsilver.com\\\/en\\\/?s={search_term_string}\"},\"query-input\":{\"@type\":\"PropertyValueSpecification\",\"valueRequired\":true,\"valueName\":\"search_term_string\"}}],\"inLanguage\":\"en-US\"},{\"@type\":\"Organization\",\"@id\":\"https:\\\/\\\/amberwithsilver.com\\\/en\\\/#organization\",\"name\":\"amberwithsilver\",\"url\":\"https:\\\/\\\/amberwithsilver.com\\\/en\\\/\",\"logo\":{\"@type\":\"ImageObject\",\"inLanguage\":\"en-US\",\"@id\":\"https:\\\/\\\/amberwithsilver.com\\\/en\\\/#\\\/schema\\\/logo\\\/image\\\/\",\"url\":\"https:\\\/\\\/i0.wp.com\\\/amberwithsilver.com\\\/wp-content\\\/uploads\\\/2020\\\/12\\\/logo.jpg?fit=232%2C116&ssl=1\",\"contentUrl\":\"https:\\\/\\\/i0.wp.com\\\/amberwithsilver.com\\\/wp-content\\\/uploads\\\/2020\\\/12\\\/logo.jpg?fit=232%2C116&ssl=1\",\"width\":232,\"height\":116,\"caption\":\"amberwithsilver\"},\"image\":{\"@id\":\"https:\\\/\\\/amberwithsilver.com\\\/en\\\/#\\\/schema\\\/logo\\\/image\\\/\"}}]}<\/script>\n<!-- \/ Yoast SEO Premium plugin. -->","yoast_head_json":{"title":"Royal multicolor amber necklace","description":"Karali\u0161kieji spalvingi gintaro karoliai pagaminti i\u0161 apvalios formos rutuliuk\u0173. Spalvingi gintaro","robots":{"index":"index","follow":"follow","max-snippet":"max-snippet:-1","max-image-preview":"max-image-preview:large","max-video-preview":"max-video-preview:-1"},"canonical":"https:\/\/amberwithsilver.com\/en\/product\/karaliskieji-spalvingi-gintaro-karoliai\/","og_locale":"en_US","og_type":"article","og_title":"Karali\u0161kieji spalvingi gintaro karoliai","og_description":"Karali\u0161kieji spalvingi gintaro karoliai pagaminti i\u0161 apvalios formos rutuliuk\u0173. Spalvingi gintaro","og_url":"https:\/\/amberwithsilver.com\/en\/product\/karaliskieji-spalvingi-gintaro-karoliai\/","og_site_name":"AmberWithSilver","og_image":[{"width":1000,"height":838,"url":"https:\/\/amberwithsilver.com\/wp-content\/uploads\/2026\/04\/id.-292.webp","type":"image\/webp"}],"twitter_card":"summary_large_image","twitter_misc":{"Est. reading time":"1 minute"},"schema":{"@context":"https:\/\/schema.org","@graph":[{"@type":"WebPage","@id":"https:\/\/amberwithsilver.com\/product\/karaliskieji-spalvingi-gintaro-karoliai\/","url":"https:\/\/amberwithsilver.com\/product\/karaliskieji-spalvingi-gintaro-karoliai\/","name":"Royal multicolor amber necklace","isPartOf":{"@id":"https:\/\/amberwithsilver.com\/en\/#website"},"primaryImageOfPage":{"@id":"https:\/\/amberwithsilver.com\/product\/karaliskieji-spalvingi-gintaro-karoliai\/#primaryimage"},"image":{"@id":"https:\/\/amberwithsilver.com\/product\/karaliskieji-spalvingi-gintaro-karoliai\/#primaryimage"},"thumbnailUrl":"https:\/\/amberwithsilver.com\/wp-content\/uploads\/2026\/04\/id.-292.webp","datePublished":"2026-04-22T15:23:43+00:00","description":"Karali\u0161kieji spalvingi gintaro karoliai pagaminti i\u0161 apvalios formos rutuliuk\u0173. Spalvingi gintaro","breadcrumb":{"@id":"https:\/\/amberwithsilver.com\/product\/karaliskieji-spalvingi-gintaro-karoliai\/#breadcrumb"},"inLanguage":"en-US","potentialAction":[{"@type":"ReadAction","target":["https:\/\/amberwithsilver.com\/product\/karaliskieji-spalvingi-gintaro-karoliai\/"]}]},{"@type":"ImageObject","inLanguage":"en-US","@id":"https:\/\/amberwithsilver.com\/product\/karaliskieji-spalvingi-gintaro-karoliai\/#primaryimage","url":"https:\/\/amberwithsilver.com\/wp-content\/uploads\/2026\/04\/id.-292.webp","contentUrl":"https:\/\/amberwithsilver.com\/wp-content\/uploads\/2026\/04\/id.-292.webp","width":1000,"height":838,"caption":"Karali\u0161kieji spalvingi gintaro karoliai, Royal multicolor amber necklace"},{"@type":"BreadcrumbList","@id":"https:\/\/amberwithsilver.com\/product\/karaliskieji-spalvingi-gintaro-karoliai\/#breadcrumb","itemListElement":[{"@type":"ListItem","position":1,"name":"Home","item":"https:\/\/amberwithsilver.com\/"},{"@type":"ListItem","position":2,"name":"Parduotuv\u0117","item":"https:\/\/amberwithsilver.com\/en\/parduotuve\/"},{"@type":"ListItem","position":3,"name":"Karali\u0161kieji spalvingi gintaro karoliai"}]},{"@type":"WebSite","@id":"https:\/\/amberwithsilver.com\/en\/#website","url":"https:\/\/amberwithsilver.com\/en\/","name":"AmberWithSilver","description":"Amber-Silver","publisher":{"@id":"https:\/\/amberwithsilver.com\/en\/#organization"},"potentialAction":[{"@type":"SearchAction","target":{"@type":"EntryPoint","urlTemplate":"https:\/\/amberwithsilver.com\/en\/?s={search_term_string}"},"query-input":{"@type":"PropertyValueSpecification","valueRequired":true,"valueName":"search_term_string"}}],"inLanguage":"en-US"},{"@type":"Organization","@id":"https:\/\/amberwithsilver.com\/en\/#organization","name":"amberwithsilver","url":"https:\/\/amberwithsilver.com\/en\/","logo":{"@type":"ImageObject","inLanguage":"en-US","@id":"https:\/\/amberwithsilver.com\/en\/#\/schema\/logo\/image\/","url":"https:\/\/i0.wp.com\/amberwithsilver.com\/wp-content\/uploads\/2020\/12\/logo.jpg?fit=232%2C116&ssl=1","contentUrl":"https:\/\/i0.wp.com\/amberwithsilver.com\/wp-content\/uploads\/2020\/12\/logo.jpg?fit=232%2C116&ssl=1","width":232,"height":116,"caption":"amberwithsilver"},"image":{"@id":"https:\/\/amberwithsilver.com\/en\/#\/schema\/logo\/image\/"}}]}},"jetpack_sharing_enabled":true,"_links":{"self":[{"href":"https:\/\/amberwithsilver.com\/en\/wp-json\/wp\/v2\/product\/4305","targetHints":{"allow":["GET"]}}],"collection":[{"href":"https:\/\/amberwithsilver.com\/en\/wp-json\/wp\/v2\/product"}],"about":[{"href":"https:\/\/amberwithsilver.com\/en\/wp-json\/wp\/v2\/types\/product"}],"replies":[{"embeddable":true,"href":"https:\/\/amberwithsilver.com\/en\/wp-json\/wp\/v2\/comments?post=4305"}],"version-history":[{"count":1,"href":"https:\/\/amberwithsilver.com\/en\/wp-json\/wp\/v2\/product\/4305\/revisions"}],"predecessor-version":[{"id":4307,"href":"https:\/\/amberwithsilver.com\/en\/wp-json\/wp\/v2\/product\/4305\/revisions\/4307"}],"wp:featuredmedia":[{"embeddable":true,"href":"https:\/\/amberwithsilver.com\/en\/wp-json\/wp\/v2\/media\/4306"}],"wp:attachment":[{"href":"https:\/\/amberwithsilver.com\/en\/wp-json\/wp\/v2\/media?parent=4305"}],"wp:term":[{"taxonomy":"product_brand","embeddable":true,"href":"https:\/\/amberwithsilver.com\/en\/wp-json\/wp\/v2\/product_brand?post=4305"},{"taxonomy":"product_cat","embeddable":true,"href":"https:\/\/amberwithsilver.com\/en\/wp-json\/wp\/v2\/product_cat?post=4305"},{"taxonomy":"product_tag","embeddable":true,"href":"https:\/\/amberwithsilver.com\/en\/wp-json\/wp\/v2\/product_tag?post=4305"}],"curies":[{"name":"wp","href":"https:\/\/api.w.org\/{rel}","templated":true}]}}