{"id":4311,"date":"2026-04-22T19:09:39","date_gmt":"2026-04-22T17:09:39","guid":{"rendered":"https:\/\/amberwithsilver.com\/?post_type=product&#038;p=4311"},"modified":"2026-04-22T19:09:40","modified_gmt":"2026-04-22T17:09:40","slug":"antikvariniai-geltono-gintaro-karoliai","status":"publish","type":"product","link":"https:\/\/amberwithsilver.com\/en\/product\/antikvariniai-geltono-gintaro-karoliai\/","title":{"rendered":"Antique yellow amber necklace"},"content":{"rendered":"<p>Baltic amber necklace is made of  butterscotch Baltic amber chips. These wonderful yellow amber beads containing solar energy and the sunrise light manifest the valuable and important properties of this organic mineral.  There is a knot between each bead.<\/p>\n<ul>\n<li><em>Natural Baltic amber<\/em><\/li>\n<li><em>Amber beads<\/em><\/li>\n<li><em>Closure: plastic screw clasp<\/em><\/li>\n<li><em>Color: honey-milk<\/em><\/li>\n<li><em>Length: ~ 70 cm\u00a0<\/em><\/li>\n<li><em>Weight: ~ 35 grams<\/em><\/li>\n<\/ul>\n<p>&nbsp;<\/p>\n<p>*Please note that the color of the product may vary slightly from that shown in the photo, depending on the monitor used by the Buyer and the lighting settings in the photos.<\/p>","protected":false},"excerpt":{"rendered":"<p>Baltic amber necklace is made of  butterscotch Baltic amber chips. These wonderful yellow amber beads containing solar energy and the sunrise light manifest the valuable and important properties of this organic mineral.  There is a knot between each bead.<\/p>\n<ul>\n<li><em>Natural Baltic amber<\/em><\/li>\n<li><em>Amber beads<\/em><\/li>\n<li><em>Closure: plastic screw clasp<\/em><\/li>\n<li><em>Color: honey-milk<\/em><\/li>\n<li><em>Length: ~ 70 cm\u00a0<\/em><\/li>\n<li><em>Weight: ~ 35 grams<\/em><\/li>\n<\/ul>\n<p>&nbsp;<\/p>\n<p>*Please note that the color of the product may vary slightly from that shown in the photo, depending on the monitor used by the Buyer and the lighting settings in the photos.<\/p>","protected":false},"featured_media":4312,"comment_status":"open","ping_status":"closed","template":"","meta":[],"product_brand":[],"product_cat":[35],"product_tag":[1393,1394,1395,64,1425,747,1013,1106,1107,1313,1387,1392],"class_list":{"0":"post-4311","1":"product","2":"type-product","3":"status-publish","4":"has-post-thumbnail","6":"product_cat-gintaro-karoliai","7":"product_tag-baltijos-gintaro-dirbiniai","8":"product_tag-baltic-amber-products","9":"product_tag-gift-for-her","10":"product_tag-gintaras","11":"product_tag-amber-workshop-in-kaunas","12":"product_tag-amber","13":"product_tag-gintaro-dirbiniai","14":"product_tag-gintaro-papuosalai","15":"product_tag-amber-jewelry","16":"product_tag-gintaro-dirbiniai-kaunas","17":"product_tag-dovana-moterims","18":"product_tag-gintaro-kurybines-dirbtuves-kaune","20":"first","21":"instock","22":"taxable","23":"shipping-taxable","24":"purchasable","25":"product-type-simple"},"yoast_head":"<!-- This site is optimized with the Yoast SEO Premium plugin v23.4 (Yoast SEO v27.4) - https:\/\/yoast.com\/product\/yoast-seo-premium-wordpress\/ -->\n<title>Antikvariniai geltono gintaro karoliai<\/title>\n<meta name=\"description\" content=\"Baltijos gintaro karoliai yra pagaminti i\u0161 i\u0161 geltonos spalvos gintaro detali\u0173. \u0160ie nuostab\u016bs, geltono atspalvio gintariukai\" \/>\n<meta name=\"robots\" content=\"index, follow, max-snippet:-1, max-image-preview:large, max-video-preview:-1\" \/>\n<link rel=\"canonical\" href=\"https:\/\/amberwithsilver.com\/en\/product\/antikvariniai-geltono-gintaro-karoliai\/\" \/>\n<meta property=\"og:locale\" content=\"en_US\" \/>\n<meta property=\"og:type\" content=\"article\" \/>\n<meta property=\"og:title\" content=\"Antikvariniai geltono gintaro karoliai\" \/>\n<meta property=\"og:description\" content=\"Baltijos gintaro karoliai yra pagaminti i\u0161 i\u0161 geltonos spalvos gintaro detali\u0173. \u0160ie nuostab\u016bs, geltono atspalvio gintariukai\" \/>\n<meta property=\"og:url\" content=\"https:\/\/amberwithsilver.com\/en\/product\/antikvariniai-geltono-gintaro-karoliai\/\" \/>\n<meta property=\"og:site_name\" content=\"AmberWithSilver\" \/>\n<meta property=\"article:modified_time\" content=\"2026-04-22T17:09:40+00:00\" \/>\n<meta property=\"og:image\" content=\"https:\/\/amberwithsilver.com\/wp-content\/uploads\/2026\/04\/id.-174.webp\" \/>\n\t<meta property=\"og:image:width\" content=\"1000\" \/>\n\t<meta property=\"og:image:height\" content=\"838\" \/>\n\t<meta property=\"og:image:type\" content=\"image\/webp\" \/>\n<meta name=\"twitter:card\" content=\"summary_large_image\" \/>\n<meta name=\"twitter:label1\" content=\"Est. reading time\" \/>\n\t<meta name=\"twitter:data1\" content=\"1 minute\" \/>\n<script type=\"application\/ld+json\" class=\"yoast-schema-graph\">{\"@context\":\"https:\\\/\\\/schema.org\",\"@graph\":[{\"@type\":\"WebPage\",\"@id\":\"https:\\\/\\\/amberwithsilver.com\\\/product\\\/antikvariniai-geltono-gintaro-karoliai\\\/\",\"url\":\"https:\\\/\\\/amberwithsilver.com\\\/product\\\/antikvariniai-geltono-gintaro-karoliai\\\/\",\"name\":\"Antikvariniai geltono gintaro karoliai\",\"isPartOf\":{\"@id\":\"https:\\\/\\\/amberwithsilver.com\\\/en\\\/#website\"},\"primaryImageOfPage\":{\"@id\":\"https:\\\/\\\/amberwithsilver.com\\\/product\\\/antikvariniai-geltono-gintaro-karoliai\\\/#primaryimage\"},\"image\":{\"@id\":\"https:\\\/\\\/amberwithsilver.com\\\/product\\\/antikvariniai-geltono-gintaro-karoliai\\\/#primaryimage\"},\"thumbnailUrl\":\"https:\\\/\\\/amberwithsilver.com\\\/wp-content\\\/uploads\\\/2026\\\/04\\\/id.-174.webp\",\"datePublished\":\"2026-04-22T17:09:39+00:00\",\"dateModified\":\"2026-04-22T17:09:40+00:00\",\"description\":\"Baltijos gintaro karoliai yra pagaminti i\u0161 i\u0161 geltonos spalvos gintaro detali\u0173. \u0160ie nuostab\u016bs, geltono atspalvio gintariukai\",\"breadcrumb\":{\"@id\":\"https:\\\/\\\/amberwithsilver.com\\\/product\\\/antikvariniai-geltono-gintaro-karoliai\\\/#breadcrumb\"},\"inLanguage\":\"en-US\",\"potentialAction\":[{\"@type\":\"ReadAction\",\"target\":[\"https:\\\/\\\/amberwithsilver.com\\\/product\\\/antikvariniai-geltono-gintaro-karoliai\\\/\"]}]},{\"@type\":\"ImageObject\",\"inLanguage\":\"en-US\",\"@id\":\"https:\\\/\\\/amberwithsilver.com\\\/product\\\/antikvariniai-geltono-gintaro-karoliai\\\/#primaryimage\",\"url\":\"https:\\\/\\\/amberwithsilver.com\\\/wp-content\\\/uploads\\\/2026\\\/04\\\/id.-174.webp\",\"contentUrl\":\"https:\\\/\\\/amberwithsilver.com\\\/wp-content\\\/uploads\\\/2026\\\/04\\\/id.-174.webp\",\"width\":1000,\"height\":838,\"caption\":\"Antikvariniai geltono gintaro karoliai, Antique yellow amber necklace\"},{\"@type\":\"BreadcrumbList\",\"@id\":\"https:\\\/\\\/amberwithsilver.com\\\/product\\\/antikvariniai-geltono-gintaro-karoliai\\\/#breadcrumb\",\"itemListElement\":[{\"@type\":\"ListItem\",\"position\":1,\"name\":\"Home\",\"item\":\"https:\\\/\\\/amberwithsilver.com\\\/\"},{\"@type\":\"ListItem\",\"position\":2,\"name\":\"Parduotuv\u0117\",\"item\":\"https:\\\/\\\/amberwithsilver.com\\\/en\\\/parduotuve\\\/\"},{\"@type\":\"ListItem\",\"position\":3,\"name\":\"Antikvariniai geltono gintaro karoliai\"}]},{\"@type\":\"WebSite\",\"@id\":\"https:\\\/\\\/amberwithsilver.com\\\/en\\\/#website\",\"url\":\"https:\\\/\\\/amberwithsilver.com\\\/en\\\/\",\"name\":\"AmberWithSilver\",\"description\":\"Amber-Silver\",\"publisher\":{\"@id\":\"https:\\\/\\\/amberwithsilver.com\\\/en\\\/#organization\"},\"potentialAction\":[{\"@type\":\"SearchAction\",\"target\":{\"@type\":\"EntryPoint\",\"urlTemplate\":\"https:\\\/\\\/amberwithsilver.com\\\/en\\\/?s={search_term_string}\"},\"query-input\":{\"@type\":\"PropertyValueSpecification\",\"valueRequired\":true,\"valueName\":\"search_term_string\"}}],\"inLanguage\":\"en-US\"},{\"@type\":\"Organization\",\"@id\":\"https:\\\/\\\/amberwithsilver.com\\\/en\\\/#organization\",\"name\":\"amberwithsilver\",\"url\":\"https:\\\/\\\/amberwithsilver.com\\\/en\\\/\",\"logo\":{\"@type\":\"ImageObject\",\"inLanguage\":\"en-US\",\"@id\":\"https:\\\/\\\/amberwithsilver.com\\\/en\\\/#\\\/schema\\\/logo\\\/image\\\/\",\"url\":\"https:\\\/\\\/i0.wp.com\\\/amberwithsilver.com\\\/wp-content\\\/uploads\\\/2020\\\/12\\\/logo.jpg?fit=232%2C116&ssl=1\",\"contentUrl\":\"https:\\\/\\\/i0.wp.com\\\/amberwithsilver.com\\\/wp-content\\\/uploads\\\/2020\\\/12\\\/logo.jpg?fit=232%2C116&ssl=1\",\"width\":232,\"height\":116,\"caption\":\"amberwithsilver\"},\"image\":{\"@id\":\"https:\\\/\\\/amberwithsilver.com\\\/en\\\/#\\\/schema\\\/logo\\\/image\\\/\"}}]}<\/script>\n<!-- \/ Yoast SEO Premium plugin. -->","yoast_head_json":{"title":"Antique yellow amber necklace","description":"Baltijos gintaro karoliai yra pagaminti i\u0161 i\u0161 geltonos spalvos gintaro detali\u0173. \u0160ie nuostab\u016bs, geltono atspalvio gintariukai","robots":{"index":"index","follow":"follow","max-snippet":"max-snippet:-1","max-image-preview":"max-image-preview:large","max-video-preview":"max-video-preview:-1"},"canonical":"https:\/\/amberwithsilver.com\/en\/product\/antikvariniai-geltono-gintaro-karoliai\/","og_locale":"en_US","og_type":"article","og_title":"Antikvariniai geltono gintaro karoliai","og_description":"Baltijos gintaro karoliai yra pagaminti i\u0161 i\u0161 geltonos spalvos gintaro detali\u0173. \u0160ie nuostab\u016bs, geltono atspalvio gintariukai","og_url":"https:\/\/amberwithsilver.com\/en\/product\/antikvariniai-geltono-gintaro-karoliai\/","og_site_name":"AmberWithSilver","article_modified_time":"2026-04-22T17:09:40+00:00","og_image":[{"width":1000,"height":838,"url":"https:\/\/amberwithsilver.com\/wp-content\/uploads\/2026\/04\/id.-174.webp","type":"image\/webp"}],"twitter_card":"summary_large_image","twitter_misc":{"Est. reading time":"1 minute"},"schema":{"@context":"https:\/\/schema.org","@graph":[{"@type":"WebPage","@id":"https:\/\/amberwithsilver.com\/product\/antikvariniai-geltono-gintaro-karoliai\/","url":"https:\/\/amberwithsilver.com\/product\/antikvariniai-geltono-gintaro-karoliai\/","name":"Antique yellow amber necklace","isPartOf":{"@id":"https:\/\/amberwithsilver.com\/en\/#website"},"primaryImageOfPage":{"@id":"https:\/\/amberwithsilver.com\/product\/antikvariniai-geltono-gintaro-karoliai\/#primaryimage"},"image":{"@id":"https:\/\/amberwithsilver.com\/product\/antikvariniai-geltono-gintaro-karoliai\/#primaryimage"},"thumbnailUrl":"https:\/\/amberwithsilver.com\/wp-content\/uploads\/2026\/04\/id.-174.webp","datePublished":"2026-04-22T17:09:39+00:00","dateModified":"2026-04-22T17:09:40+00:00","description":"Baltijos gintaro karoliai yra pagaminti i\u0161 i\u0161 geltonos spalvos gintaro detali\u0173. \u0160ie nuostab\u016bs, geltono atspalvio gintariukai","breadcrumb":{"@id":"https:\/\/amberwithsilver.com\/product\/antikvariniai-geltono-gintaro-karoliai\/#breadcrumb"},"inLanguage":"en-US","potentialAction":[{"@type":"ReadAction","target":["https:\/\/amberwithsilver.com\/product\/antikvariniai-geltono-gintaro-karoliai\/"]}]},{"@type":"ImageObject","inLanguage":"en-US","@id":"https:\/\/amberwithsilver.com\/product\/antikvariniai-geltono-gintaro-karoliai\/#primaryimage","url":"https:\/\/amberwithsilver.com\/wp-content\/uploads\/2026\/04\/id.-174.webp","contentUrl":"https:\/\/amberwithsilver.com\/wp-content\/uploads\/2026\/04\/id.-174.webp","width":1000,"height":838,"caption":"Antikvariniai geltono gintaro karoliai, Antique yellow amber necklace"},{"@type":"BreadcrumbList","@id":"https:\/\/amberwithsilver.com\/product\/antikvariniai-geltono-gintaro-karoliai\/#breadcrumb","itemListElement":[{"@type":"ListItem","position":1,"name":"Home","item":"https:\/\/amberwithsilver.com\/"},{"@type":"ListItem","position":2,"name":"Parduotuv\u0117","item":"https:\/\/amberwithsilver.com\/en\/parduotuve\/"},{"@type":"ListItem","position":3,"name":"Antikvariniai geltono gintaro karoliai"}]},{"@type":"WebSite","@id":"https:\/\/amberwithsilver.com\/en\/#website","url":"https:\/\/amberwithsilver.com\/en\/","name":"AmberWithSilver","description":"Amber-Silver","publisher":{"@id":"https:\/\/amberwithsilver.com\/en\/#organization"},"potentialAction":[{"@type":"SearchAction","target":{"@type":"EntryPoint","urlTemplate":"https:\/\/amberwithsilver.com\/en\/?s={search_term_string}"},"query-input":{"@type":"PropertyValueSpecification","valueRequired":true,"valueName":"search_term_string"}}],"inLanguage":"en-US"},{"@type":"Organization","@id":"https:\/\/amberwithsilver.com\/en\/#organization","name":"amberwithsilver","url":"https:\/\/amberwithsilver.com\/en\/","logo":{"@type":"ImageObject","inLanguage":"en-US","@id":"https:\/\/amberwithsilver.com\/en\/#\/schema\/logo\/image\/","url":"https:\/\/i0.wp.com\/amberwithsilver.com\/wp-content\/uploads\/2020\/12\/logo.jpg?fit=232%2C116&ssl=1","contentUrl":"https:\/\/i0.wp.com\/amberwithsilver.com\/wp-content\/uploads\/2020\/12\/logo.jpg?fit=232%2C116&ssl=1","width":232,"height":116,"caption":"amberwithsilver"},"image":{"@id":"https:\/\/amberwithsilver.com\/en\/#\/schema\/logo\/image\/"}}]}},"jetpack_sharing_enabled":true,"_links":{"self":[{"href":"https:\/\/amberwithsilver.com\/en\/wp-json\/wp\/v2\/product\/4311","targetHints":{"allow":["GET"]}}],"collection":[{"href":"https:\/\/amberwithsilver.com\/en\/wp-json\/wp\/v2\/product"}],"about":[{"href":"https:\/\/amberwithsilver.com\/en\/wp-json\/wp\/v2\/types\/product"}],"replies":[{"embeddable":true,"href":"https:\/\/amberwithsilver.com\/en\/wp-json\/wp\/v2\/comments?post=4311"}],"version-history":[{"count":1,"href":"https:\/\/amberwithsilver.com\/en\/wp-json\/wp\/v2\/product\/4311\/revisions"}],"predecessor-version":[{"id":4313,"href":"https:\/\/amberwithsilver.com\/en\/wp-json\/wp\/v2\/product\/4311\/revisions\/4313"}],"wp:featuredmedia":[{"embeddable":true,"href":"https:\/\/amberwithsilver.com\/en\/wp-json\/wp\/v2\/media\/4312"}],"wp:attachment":[{"href":"https:\/\/amberwithsilver.com\/en\/wp-json\/wp\/v2\/media?parent=4311"}],"wp:term":[{"taxonomy":"product_brand","embeddable":true,"href":"https:\/\/amberwithsilver.com\/en\/wp-json\/wp\/v2\/product_brand?post=4311"},{"taxonomy":"product_cat","embeddable":true,"href":"https:\/\/amberwithsilver.com\/en\/wp-json\/wp\/v2\/product_cat?post=4311"},{"taxonomy":"product_tag","embeddable":true,"href":"https:\/\/amberwithsilver.com\/en\/wp-json\/wp\/v2\/product_tag?post=4311"}],"curies":[{"name":"wp","href":"https:\/\/api.w.org\/{rel}","templated":true}]}}