{"id":4358,"date":"2026-04-22T20:52:10","date_gmt":"2026-04-22T18:52:10","guid":{"rendered":"https:\/\/amberwithsilver.com\/?post_type=product&#038;p=4358"},"modified":"2026-04-22T20:52:11","modified_gmt":"2026-04-22T18:52:11","slug":"spalvinga-gintaro-apyranke-su-kriauklemis","status":"publish","type":"product","link":"https:\/\/amberwithsilver.com\/en\/product\/spalvinga-gintaro-apyranke-su-kriauklemis\/","title":{"rendered":"Colorful amber bracelet with shells"},"content":{"rendered":"<p>Colorful amber bracelet with shells is made of small Baltic amber parts and painted shells. Amber cognac color perfect match with the painted shells.<\/p>\n<ul>\n<li><em>Natural Baltic amber<\/em><\/li>\n<li><em>Amber details, painted shells<\/em><\/li>\n<li><em>Clasp is made of amber<\/em><\/li>\n<li><em>Color: cognac, multicolor<\/em><\/li>\n<li><em>Size: suitable for wrists up to ~19 cm<\/em><\/li>\n<li><em>Weight: ~ 23.4 grams.<\/em><\/li>\n<\/ul>\n<p>&nbsp;<\/p>\n<p>*Please note that the color of the product may vary slightly from that shown in the photo, depending on the monitor used by the Buyer and the lighting settings in the photos.<\/p>","protected":false},"excerpt":{"rendered":"<p>Colorful amber bracelet with shells is made of small Baltic amber parts and painted shells. Amber cognac color perfect match with the painted shells.<\/p>\n<ul>\n<li><em>Natural Baltic amber<\/em><\/li>\n<li><em>Amber details, painted shells<\/em><\/li>\n<li><em>Clasp is made of amber<\/em><\/li>\n<li><em>Color: cognac, multicolor<\/em><\/li>\n<li><em>Size: suitable for wrists up to ~19 cm<\/em><\/li>\n<li><em>Weight: ~ 23.4 grams.<\/em><\/li>\n<\/ul>\n<p>&nbsp;<\/p>\n<p>*Please note that the color of the product may vary slightly from that shown in the photo, depending on the monitor used by the Buyer and the lighting settings in the photos.<\/p>","protected":false},"featured_media":4359,"comment_status":"open","ping_status":"closed","template":"","meta":[],"product_brand":[],"product_cat":[18],"product_tag":[1393,1394,1395,64,1425,747,1013,1106,1107,1313,1387,1392],"class_list":{"0":"post-4358","1":"product","2":"type-product","3":"status-publish","4":"has-post-thumbnail","6":"product_cat-gintaro-apyrankes","7":"product_tag-baltijos-gintaro-dirbiniai","8":"product_tag-baltic-amber-products","9":"product_tag-gift-for-her","10":"product_tag-gintaras","11":"product_tag-amber-workshop-in-kaunas","12":"product_tag-amber","13":"product_tag-gintaro-dirbiniai","14":"product_tag-gintaro-papuosalai","15":"product_tag-amber-jewelry","16":"product_tag-gintaro-dirbiniai-kaunas","17":"product_tag-dovana-moterims","18":"product_tag-gintaro-kurybines-dirbtuves-kaune","20":"first","21":"instock","22":"taxable","23":"shipping-taxable","24":"purchasable","25":"product-type-simple"},"yoast_head":"<!-- This site is optimized with the Yoast SEO Premium plugin v23.4 (Yoast SEO v27.4) - https:\/\/yoast.com\/product\/yoast-seo-premium-wordpress\/ -->\n<title>Spalvinga gintaro apyrank\u0117 su kriaukl\u0117mis<\/title>\n<meta name=\"description\" content=\"Spalvinga gintaro apyrank\u0117 yra pagaminta i\u0161 nat\u016brali\u0173 Baltijos gintaro detali\u0173 ir da\u017eyt\u0173\" \/>\n<meta name=\"robots\" content=\"index, follow, max-snippet:-1, max-image-preview:large, max-video-preview:-1\" \/>\n<link rel=\"canonical\" href=\"https:\/\/amberwithsilver.com\/en\/product\/spalvinga-gintaro-apyranke-su-kriauklemis\/\" \/>\n<meta property=\"og:locale\" content=\"en_US\" \/>\n<meta property=\"og:type\" content=\"article\" \/>\n<meta property=\"og:title\" content=\"Spalvinga gintaro apyrank\u0117 su kriaukl\u0117mis\" \/>\n<meta property=\"og:description\" content=\"Spalvinga gintaro apyrank\u0117 yra pagaminta i\u0161 nat\u016brali\u0173 Baltijos gintaro detali\u0173 ir da\u017eyt\u0173\" \/>\n<meta property=\"og:url\" content=\"https:\/\/amberwithsilver.com\/en\/product\/spalvinga-gintaro-apyranke-su-kriauklemis\/\" \/>\n<meta property=\"og:site_name\" content=\"AmberWithSilver\" \/>\n<meta property=\"article:modified_time\" content=\"2026-04-22T18:52:11+00:00\" \/>\n<meta property=\"og:image\" content=\"https:\/\/amberwithsilver.com\/wp-content\/uploads\/2026\/04\/id.-98.webp\" \/>\n\t<meta property=\"og:image:width\" content=\"1000\" \/>\n\t<meta property=\"og:image:height\" content=\"838\" \/>\n\t<meta property=\"og:image:type\" content=\"image\/webp\" \/>\n<meta name=\"twitter:card\" content=\"summary_large_image\" \/>\n<meta name=\"twitter:label1\" content=\"Est. reading time\" \/>\n\t<meta name=\"twitter:data1\" content=\"1 minute\" \/>\n<script type=\"application\/ld+json\" class=\"yoast-schema-graph\">{\"@context\":\"https:\\\/\\\/schema.org\",\"@graph\":[{\"@type\":\"WebPage\",\"@id\":\"https:\\\/\\\/amberwithsilver.com\\\/product\\\/spalvinga-gintaro-apyranke-su-kriauklemis\\\/\",\"url\":\"https:\\\/\\\/amberwithsilver.com\\\/product\\\/spalvinga-gintaro-apyranke-su-kriauklemis\\\/\",\"name\":\"Spalvinga gintaro apyrank\u0117 su kriaukl\u0117mis\",\"isPartOf\":{\"@id\":\"https:\\\/\\\/amberwithsilver.com\\\/en\\\/#website\"},\"primaryImageOfPage\":{\"@id\":\"https:\\\/\\\/amberwithsilver.com\\\/product\\\/spalvinga-gintaro-apyranke-su-kriauklemis\\\/#primaryimage\"},\"image\":{\"@id\":\"https:\\\/\\\/amberwithsilver.com\\\/product\\\/spalvinga-gintaro-apyranke-su-kriauklemis\\\/#primaryimage\"},\"thumbnailUrl\":\"https:\\\/\\\/amberwithsilver.com\\\/wp-content\\\/uploads\\\/2026\\\/04\\\/id.-98.webp\",\"datePublished\":\"2026-04-22T18:52:10+00:00\",\"dateModified\":\"2026-04-22T18:52:11+00:00\",\"description\":\"Spalvinga gintaro apyrank\u0117 yra pagaminta i\u0161 nat\u016brali\u0173 Baltijos gintaro detali\u0173 ir da\u017eyt\u0173\",\"breadcrumb\":{\"@id\":\"https:\\\/\\\/amberwithsilver.com\\\/product\\\/spalvinga-gintaro-apyranke-su-kriauklemis\\\/#breadcrumb\"},\"inLanguage\":\"en-US\",\"potentialAction\":[{\"@type\":\"ReadAction\",\"target\":[\"https:\\\/\\\/amberwithsilver.com\\\/product\\\/spalvinga-gintaro-apyranke-su-kriauklemis\\\/\"]}]},{\"@type\":\"ImageObject\",\"inLanguage\":\"en-US\",\"@id\":\"https:\\\/\\\/amberwithsilver.com\\\/product\\\/spalvinga-gintaro-apyranke-su-kriauklemis\\\/#primaryimage\",\"url\":\"https:\\\/\\\/amberwithsilver.com\\\/wp-content\\\/uploads\\\/2026\\\/04\\\/id.-98.webp\",\"contentUrl\":\"https:\\\/\\\/amberwithsilver.com\\\/wp-content\\\/uploads\\\/2026\\\/04\\\/id.-98.webp\",\"width\":1000,\"height\":838,\"caption\":\"Spalvinga gintaro apyrank\u0117 su kriaukl\u0117mis, Colorful amber bracelet with shells\"},{\"@type\":\"BreadcrumbList\",\"@id\":\"https:\\\/\\\/amberwithsilver.com\\\/product\\\/spalvinga-gintaro-apyranke-su-kriauklemis\\\/#breadcrumb\",\"itemListElement\":[{\"@type\":\"ListItem\",\"position\":1,\"name\":\"Home\",\"item\":\"https:\\\/\\\/amberwithsilver.com\\\/\"},{\"@type\":\"ListItem\",\"position\":2,\"name\":\"Parduotuv\u0117\",\"item\":\"https:\\\/\\\/amberwithsilver.com\\\/en\\\/parduotuve\\\/\"},{\"@type\":\"ListItem\",\"position\":3,\"name\":\"Spalvinga gintaro apyrank\u0117 su kriaukl\u0117mis\"}]},{\"@type\":\"WebSite\",\"@id\":\"https:\\\/\\\/amberwithsilver.com\\\/en\\\/#website\",\"url\":\"https:\\\/\\\/amberwithsilver.com\\\/en\\\/\",\"name\":\"AmberWithSilver\",\"description\":\"Amber-Silver\",\"publisher\":{\"@id\":\"https:\\\/\\\/amberwithsilver.com\\\/en\\\/#organization\"},\"potentialAction\":[{\"@type\":\"SearchAction\",\"target\":{\"@type\":\"EntryPoint\",\"urlTemplate\":\"https:\\\/\\\/amberwithsilver.com\\\/en\\\/?s={search_term_string}\"},\"query-input\":{\"@type\":\"PropertyValueSpecification\",\"valueRequired\":true,\"valueName\":\"search_term_string\"}}],\"inLanguage\":\"en-US\"},{\"@type\":\"Organization\",\"@id\":\"https:\\\/\\\/amberwithsilver.com\\\/en\\\/#organization\",\"name\":\"amberwithsilver\",\"url\":\"https:\\\/\\\/amberwithsilver.com\\\/en\\\/\",\"logo\":{\"@type\":\"ImageObject\",\"inLanguage\":\"en-US\",\"@id\":\"https:\\\/\\\/amberwithsilver.com\\\/en\\\/#\\\/schema\\\/logo\\\/image\\\/\",\"url\":\"https:\\\/\\\/i0.wp.com\\\/amberwithsilver.com\\\/wp-content\\\/uploads\\\/2020\\\/12\\\/logo.jpg?fit=232%2C116&ssl=1\",\"contentUrl\":\"https:\\\/\\\/i0.wp.com\\\/amberwithsilver.com\\\/wp-content\\\/uploads\\\/2020\\\/12\\\/logo.jpg?fit=232%2C116&ssl=1\",\"width\":232,\"height\":116,\"caption\":\"amberwithsilver\"},\"image\":{\"@id\":\"https:\\\/\\\/amberwithsilver.com\\\/en\\\/#\\\/schema\\\/logo\\\/image\\\/\"}}]}<\/script>\n<!-- \/ Yoast SEO Premium plugin. -->","yoast_head_json":{"title":"Colorful amber bracelet with shells","description":"Spalvinga gintaro apyrank\u0117 yra pagaminta i\u0161 nat\u016brali\u0173 Baltijos gintaro detali\u0173 ir da\u017eyt\u0173","robots":{"index":"index","follow":"follow","max-snippet":"max-snippet:-1","max-image-preview":"max-image-preview:large","max-video-preview":"max-video-preview:-1"},"canonical":"https:\/\/amberwithsilver.com\/en\/product\/spalvinga-gintaro-apyranke-su-kriauklemis\/","og_locale":"en_US","og_type":"article","og_title":"Spalvinga gintaro apyrank\u0117 su kriaukl\u0117mis","og_description":"Spalvinga gintaro apyrank\u0117 yra pagaminta i\u0161 nat\u016brali\u0173 Baltijos gintaro detali\u0173 ir da\u017eyt\u0173","og_url":"https:\/\/amberwithsilver.com\/en\/product\/spalvinga-gintaro-apyranke-su-kriauklemis\/","og_site_name":"AmberWithSilver","article_modified_time":"2026-04-22T18:52:11+00:00","og_image":[{"width":1000,"height":838,"url":"https:\/\/amberwithsilver.com\/wp-content\/uploads\/2026\/04\/id.-98.webp","type":"image\/webp"}],"twitter_card":"summary_large_image","twitter_misc":{"Est. reading time":"1 minute"},"schema":{"@context":"https:\/\/schema.org","@graph":[{"@type":"WebPage","@id":"https:\/\/amberwithsilver.com\/product\/spalvinga-gintaro-apyranke-su-kriauklemis\/","url":"https:\/\/amberwithsilver.com\/product\/spalvinga-gintaro-apyranke-su-kriauklemis\/","name":"Colorful amber bracelet with shells","isPartOf":{"@id":"https:\/\/amberwithsilver.com\/en\/#website"},"primaryImageOfPage":{"@id":"https:\/\/amberwithsilver.com\/product\/spalvinga-gintaro-apyranke-su-kriauklemis\/#primaryimage"},"image":{"@id":"https:\/\/amberwithsilver.com\/product\/spalvinga-gintaro-apyranke-su-kriauklemis\/#primaryimage"},"thumbnailUrl":"https:\/\/amberwithsilver.com\/wp-content\/uploads\/2026\/04\/id.-98.webp","datePublished":"2026-04-22T18:52:10+00:00","dateModified":"2026-04-22T18:52:11+00:00","description":"Spalvinga gintaro apyrank\u0117 yra pagaminta i\u0161 nat\u016brali\u0173 Baltijos gintaro detali\u0173 ir da\u017eyt\u0173","breadcrumb":{"@id":"https:\/\/amberwithsilver.com\/product\/spalvinga-gintaro-apyranke-su-kriauklemis\/#breadcrumb"},"inLanguage":"en-US","potentialAction":[{"@type":"ReadAction","target":["https:\/\/amberwithsilver.com\/product\/spalvinga-gintaro-apyranke-su-kriauklemis\/"]}]},{"@type":"ImageObject","inLanguage":"en-US","@id":"https:\/\/amberwithsilver.com\/product\/spalvinga-gintaro-apyranke-su-kriauklemis\/#primaryimage","url":"https:\/\/amberwithsilver.com\/wp-content\/uploads\/2026\/04\/id.-98.webp","contentUrl":"https:\/\/amberwithsilver.com\/wp-content\/uploads\/2026\/04\/id.-98.webp","width":1000,"height":838,"caption":"Spalvinga gintaro apyrank\u0117 su kriaukl\u0117mis, Colorful amber bracelet with shells"},{"@type":"BreadcrumbList","@id":"https:\/\/amberwithsilver.com\/product\/spalvinga-gintaro-apyranke-su-kriauklemis\/#breadcrumb","itemListElement":[{"@type":"ListItem","position":1,"name":"Home","item":"https:\/\/amberwithsilver.com\/"},{"@type":"ListItem","position":2,"name":"Parduotuv\u0117","item":"https:\/\/amberwithsilver.com\/en\/parduotuve\/"},{"@type":"ListItem","position":3,"name":"Spalvinga gintaro apyrank\u0117 su kriaukl\u0117mis"}]},{"@type":"WebSite","@id":"https:\/\/amberwithsilver.com\/en\/#website","url":"https:\/\/amberwithsilver.com\/en\/","name":"AmberWithSilver","description":"Amber-Silver","publisher":{"@id":"https:\/\/amberwithsilver.com\/en\/#organization"},"potentialAction":[{"@type":"SearchAction","target":{"@type":"EntryPoint","urlTemplate":"https:\/\/amberwithsilver.com\/en\/?s={search_term_string}"},"query-input":{"@type":"PropertyValueSpecification","valueRequired":true,"valueName":"search_term_string"}}],"inLanguage":"en-US"},{"@type":"Organization","@id":"https:\/\/amberwithsilver.com\/en\/#organization","name":"amberwithsilver","url":"https:\/\/amberwithsilver.com\/en\/","logo":{"@type":"ImageObject","inLanguage":"en-US","@id":"https:\/\/amberwithsilver.com\/en\/#\/schema\/logo\/image\/","url":"https:\/\/i0.wp.com\/amberwithsilver.com\/wp-content\/uploads\/2020\/12\/logo.jpg?fit=232%2C116&ssl=1","contentUrl":"https:\/\/i0.wp.com\/amberwithsilver.com\/wp-content\/uploads\/2020\/12\/logo.jpg?fit=232%2C116&ssl=1","width":232,"height":116,"caption":"amberwithsilver"},"image":{"@id":"https:\/\/amberwithsilver.com\/en\/#\/schema\/logo\/image\/"}}]}},"jetpack_sharing_enabled":true,"_links":{"self":[{"href":"https:\/\/amberwithsilver.com\/en\/wp-json\/wp\/v2\/product\/4358","targetHints":{"allow":["GET"]}}],"collection":[{"href":"https:\/\/amberwithsilver.com\/en\/wp-json\/wp\/v2\/product"}],"about":[{"href":"https:\/\/amberwithsilver.com\/en\/wp-json\/wp\/v2\/types\/product"}],"replies":[{"embeddable":true,"href":"https:\/\/amberwithsilver.com\/en\/wp-json\/wp\/v2\/comments?post=4358"}],"version-history":[{"count":1,"href":"https:\/\/amberwithsilver.com\/en\/wp-json\/wp\/v2\/product\/4358\/revisions"}],"predecessor-version":[{"id":4360,"href":"https:\/\/amberwithsilver.com\/en\/wp-json\/wp\/v2\/product\/4358\/revisions\/4360"}],"wp:featuredmedia":[{"embeddable":true,"href":"https:\/\/amberwithsilver.com\/en\/wp-json\/wp\/v2\/media\/4359"}],"wp:attachment":[{"href":"https:\/\/amberwithsilver.com\/en\/wp-json\/wp\/v2\/media?parent=4358"}],"wp:term":[{"taxonomy":"product_brand","embeddable":true,"href":"https:\/\/amberwithsilver.com\/en\/wp-json\/wp\/v2\/product_brand?post=4358"},{"taxonomy":"product_cat","embeddable":true,"href":"https:\/\/amberwithsilver.com\/en\/wp-json\/wp\/v2\/product_cat?post=4358"},{"taxonomy":"product_tag","embeddable":true,"href":"https:\/\/amberwithsilver.com\/en\/wp-json\/wp\/v2\/product_tag?post=4358"}],"curies":[{"name":"wp","href":"https:\/\/api.w.org\/{rel}","templated":true}]}}