{"id":4392,"date":"2026-04-24T10:16:08","date_gmt":"2026-04-24T08:16:08","guid":{"rendered":"https:\/\/amberwithsilver.com\/?post_type=product&#038;p=4392"},"modified":"2026-04-24T10:16:09","modified_gmt":"2026-04-24T08:16:09","slug":"juodojo-gintaro-karoliai-jam","status":"publish","type":"product","link":"https:\/\/amberwithsilver.com\/en\/product\/juodojo-gintaro-karoliai-jam\/","title":{"rendered":"Black amber necklace - For Him"},"content":{"rendered":"<p>Black amber necklace is made of black amber beads and tubes. Pleasant and very beautiful Baltic amber necklace is radiant with energy and harmony to those who wear it. The unique and amazing property of natural amber is that it offers a natural relief of pain. Anti-inflammatory properties make it ideal natural homeopathic product for adults. It also perfectly suits Gentlemen. There is no knot between each amber bead.<\/p>\n<ul>\n<li><em>Natural Baltic amber<\/em><\/li>\n<li><em>Cylinder and round shaped amber pieces<\/em><\/li>\n<li><em>Size of amber beads: cylinder ~ 0.5\u00d73.0 cm, round shape - 0.8-1.1 cm<\/em><\/li>\n<li><em>Closure: plastic screw clasp<\/em><\/li>\n<li><em>Color: black<\/em><\/li>\n<li><em>Length: ~ 50 cm\u00a0<\/em><\/li>\n<li><em>Weight: ~ 29.5 grams.<\/em><\/li>\n<\/ul>\n<p>&nbsp;<\/p>\n<p>*Please note that the color of the product may vary slightly from that shown in the photo, depending on the monitor used by the Buyer and the lighting settings in the photos.<\/p>","protected":false},"excerpt":{"rendered":"<p>Black amber necklace is made of black amber beads and tubes. Pleasant and very beautiful Baltic amber necklace is radiant with energy and harmony to those who wear it. The unique and amazing property of natural amber is that it offers a natural relief of pain. Anti-inflammatory properties make it ideal natural homeopathic product for adults. It also perfectly suits Gentlemen. There is no knot between each amber bead.<\/p>\n<ul>\n<li><em>Natural Baltic amber<\/em><\/li>\n<li><em>Cylinder and round shaped amber pieces<\/em><\/li>\n<li><em>Size of amber beads: cylinder ~ 0.5\u00d73.0 cm, round shape - 0.8-1.1 cm<\/em><\/li>\n<li><em>Closure: plastic screw clasp<\/em><\/li>\n<li><em>Color: black<\/em><\/li>\n<li><em>Length: ~ 50 cm\u00a0<\/em><\/li>\n<li><em>Weight: ~ 29.5 grams.<\/em><\/li>\n<\/ul>\n<p>&nbsp;<\/p>\n<p>*Please note that the color of the product may vary slightly from that shown in the photo, depending on the monitor used by the Buyer and the lighting settings in the photos.<\/p>","protected":false},"featured_media":4393,"comment_status":"open","ping_status":"closed","template":"","meta":[],"product_brand":[],"product_cat":[35],"product_tag":[1393,1394,1395,64,1425,747,1013,1106,1107,1313,1387,1392],"class_list":{"0":"post-4392","1":"product","2":"type-product","3":"status-publish","4":"has-post-thumbnail","6":"product_cat-gintaro-karoliai","7":"product_tag-baltijos-gintaro-dirbiniai","8":"product_tag-baltic-amber-products","9":"product_tag-gift-for-her","10":"product_tag-gintaras","11":"product_tag-amber-workshop-in-kaunas","12":"product_tag-amber","13":"product_tag-gintaro-dirbiniai","14":"product_tag-gintaro-papuosalai","15":"product_tag-amber-jewelry","16":"product_tag-gintaro-dirbiniai-kaunas","17":"product_tag-dovana-moterims","18":"product_tag-gintaro-kurybines-dirbtuves-kaune","20":"first","21":"instock","22":"taxable","23":"shipping-taxable","24":"purchasable","25":"product-type-simple"},"yoast_head":"<!-- This site is optimized with the Yoast SEO Premium plugin v23.4 (Yoast SEO v27.4) - https:\/\/yoast.com\/product\/yoast-seo-premium-wordpress\/ -->\n<title>Juodojo gintaro karoliai - Jam<\/title>\n<meta name=\"description\" content=\"Juodojo gintaro karoliai yra pagaminti i\u0161 juodo gintaro \u0161arat\u0117li\u0173 ir cilindr\u0173 formos detali\u0173. Patog\u016bs ir labai gra\u017e\u016bs Baltijos gintaro karoliai\" \/>\n<meta name=\"robots\" content=\"index, follow, max-snippet:-1, max-image-preview:large, max-video-preview:-1\" \/>\n<link rel=\"canonical\" href=\"https:\/\/amberwithsilver.com\/en\/product\/juodojo-gintaro-karoliai-jam\/\" \/>\n<meta property=\"og:locale\" content=\"en_US\" \/>\n<meta property=\"og:type\" content=\"article\" \/>\n<meta property=\"og:title\" content=\"Juodojo gintaro karoliai - Jam\" \/>\n<meta property=\"og:description\" content=\"Juodojo gintaro karoliai yra pagaminti i\u0161 juodo gintaro \u0161arat\u0117li\u0173 ir cilindr\u0173 formos detali\u0173. Patog\u016bs ir labai gra\u017e\u016bs Baltijos gintaro karoliai\" \/>\n<meta property=\"og:url\" content=\"https:\/\/amberwithsilver.com\/en\/product\/juodojo-gintaro-karoliai-jam\/\" \/>\n<meta property=\"og:site_name\" content=\"AmberWithSilver\" \/>\n<meta property=\"article:modified_time\" content=\"2026-04-24T08:16:09+00:00\" \/>\n<meta property=\"og:image\" content=\"https:\/\/amberwithsilver.com\/wp-content\/uploads\/2026\/04\/id.-229.webp\" \/>\n\t<meta property=\"og:image:width\" content=\"1000\" \/>\n\t<meta property=\"og:image:height\" content=\"838\" \/>\n\t<meta property=\"og:image:type\" content=\"image\/webp\" \/>\n<meta name=\"twitter:card\" content=\"summary_large_image\" \/>\n<meta name=\"twitter:label1\" content=\"Est. reading time\" \/>\n\t<meta name=\"twitter:data1\" content=\"1 minute\" \/>\n<script type=\"application\/ld+json\" class=\"yoast-schema-graph\">{\"@context\":\"https:\\\/\\\/schema.org\",\"@graph\":[{\"@type\":\"WebPage\",\"@id\":\"https:\\\/\\\/amberwithsilver.com\\\/product\\\/juodojo-gintaro-karoliai-jam\\\/\",\"url\":\"https:\\\/\\\/amberwithsilver.com\\\/product\\\/juodojo-gintaro-karoliai-jam\\\/\",\"name\":\"Juodojo gintaro karoliai - Jam\",\"isPartOf\":{\"@id\":\"https:\\\/\\\/amberwithsilver.com\\\/en\\\/#website\"},\"primaryImageOfPage\":{\"@id\":\"https:\\\/\\\/amberwithsilver.com\\\/product\\\/juodojo-gintaro-karoliai-jam\\\/#primaryimage\"},\"image\":{\"@id\":\"https:\\\/\\\/amberwithsilver.com\\\/product\\\/juodojo-gintaro-karoliai-jam\\\/#primaryimage\"},\"thumbnailUrl\":\"https:\\\/\\\/amberwithsilver.com\\\/wp-content\\\/uploads\\\/2026\\\/04\\\/id.-229.webp\",\"datePublished\":\"2026-04-24T08:16:08+00:00\",\"dateModified\":\"2026-04-24T08:16:09+00:00\",\"description\":\"Juodojo gintaro karoliai yra pagaminti i\u0161 juodo gintaro \u0161arat\u0117li\u0173 ir cilindr\u0173 formos detali\u0173. Patog\u016bs ir labai gra\u017e\u016bs Baltijos gintaro karoliai\",\"breadcrumb\":{\"@id\":\"https:\\\/\\\/amberwithsilver.com\\\/product\\\/juodojo-gintaro-karoliai-jam\\\/#breadcrumb\"},\"inLanguage\":\"en-US\",\"potentialAction\":[{\"@type\":\"ReadAction\",\"target\":[\"https:\\\/\\\/amberwithsilver.com\\\/product\\\/juodojo-gintaro-karoliai-jam\\\/\"]}]},{\"@type\":\"ImageObject\",\"inLanguage\":\"en-US\",\"@id\":\"https:\\\/\\\/amberwithsilver.com\\\/product\\\/juodojo-gintaro-karoliai-jam\\\/#primaryimage\",\"url\":\"https:\\\/\\\/amberwithsilver.com\\\/wp-content\\\/uploads\\\/2026\\\/04\\\/id.-229.webp\",\"contentUrl\":\"https:\\\/\\\/amberwithsilver.com\\\/wp-content\\\/uploads\\\/2026\\\/04\\\/id.-229.webp\",\"width\":1000,\"height\":838,\"caption\":\"Juodojo gintaro karoliai - Jam, Black amber necklace - For Him\"},{\"@type\":\"BreadcrumbList\",\"@id\":\"https:\\\/\\\/amberwithsilver.com\\\/product\\\/juodojo-gintaro-karoliai-jam\\\/#breadcrumb\",\"itemListElement\":[{\"@type\":\"ListItem\",\"position\":1,\"name\":\"Home\",\"item\":\"https:\\\/\\\/amberwithsilver.com\\\/\"},{\"@type\":\"ListItem\",\"position\":2,\"name\":\"Parduotuv\u0117\",\"item\":\"https:\\\/\\\/amberwithsilver.com\\\/en\\\/parduotuve\\\/\"},{\"@type\":\"ListItem\",\"position\":3,\"name\":\"Juodojo gintaro karoliai &#8211; Jam\"}]},{\"@type\":\"WebSite\",\"@id\":\"https:\\\/\\\/amberwithsilver.com\\\/en\\\/#website\",\"url\":\"https:\\\/\\\/amberwithsilver.com\\\/en\\\/\",\"name\":\"AmberWithSilver\",\"description\":\"Amber-Silver\",\"publisher\":{\"@id\":\"https:\\\/\\\/amberwithsilver.com\\\/en\\\/#organization\"},\"potentialAction\":[{\"@type\":\"SearchAction\",\"target\":{\"@type\":\"EntryPoint\",\"urlTemplate\":\"https:\\\/\\\/amberwithsilver.com\\\/en\\\/?s={search_term_string}\"},\"query-input\":{\"@type\":\"PropertyValueSpecification\",\"valueRequired\":true,\"valueName\":\"search_term_string\"}}],\"inLanguage\":\"en-US\"},{\"@type\":\"Organization\",\"@id\":\"https:\\\/\\\/amberwithsilver.com\\\/en\\\/#organization\",\"name\":\"amberwithsilver\",\"url\":\"https:\\\/\\\/amberwithsilver.com\\\/en\\\/\",\"logo\":{\"@type\":\"ImageObject\",\"inLanguage\":\"en-US\",\"@id\":\"https:\\\/\\\/amberwithsilver.com\\\/en\\\/#\\\/schema\\\/logo\\\/image\\\/\",\"url\":\"https:\\\/\\\/i0.wp.com\\\/amberwithsilver.com\\\/wp-content\\\/uploads\\\/2020\\\/12\\\/logo.jpg?fit=232%2C116&ssl=1\",\"contentUrl\":\"https:\\\/\\\/i0.wp.com\\\/amberwithsilver.com\\\/wp-content\\\/uploads\\\/2020\\\/12\\\/logo.jpg?fit=232%2C116&ssl=1\",\"width\":232,\"height\":116,\"caption\":\"amberwithsilver\"},\"image\":{\"@id\":\"https:\\\/\\\/amberwithsilver.com\\\/en\\\/#\\\/schema\\\/logo\\\/image\\\/\"}}]}<\/script>\n<!-- \/ Yoast SEO Premium plugin. -->","yoast_head_json":{"title":"Juodojo gintaro karoliai - Jam","description":"Juodojo gintaro karoliai yra pagaminti i\u0161 juodo gintaro \u0161arat\u0117li\u0173 ir cilindr\u0173 formos detali\u0173. Patog\u016bs ir labai gra\u017e\u016bs Baltijos gintaro karoliai","robots":{"index":"index","follow":"follow","max-snippet":"max-snippet:-1","max-image-preview":"max-image-preview:large","max-video-preview":"max-video-preview:-1"},"canonical":"https:\/\/amberwithsilver.com\/en\/product\/juodojo-gintaro-karoliai-jam\/","og_locale":"en_US","og_type":"article","og_title":"Juodojo gintaro karoliai - Jam","og_description":"Juodojo gintaro karoliai yra pagaminti i\u0161 juodo gintaro \u0161arat\u0117li\u0173 ir cilindr\u0173 formos detali\u0173. Patog\u016bs ir labai gra\u017e\u016bs Baltijos gintaro karoliai","og_url":"https:\/\/amberwithsilver.com\/en\/product\/juodojo-gintaro-karoliai-jam\/","og_site_name":"AmberWithSilver","article_modified_time":"2026-04-24T08:16:09+00:00","og_image":[{"width":1000,"height":838,"url":"https:\/\/amberwithsilver.com\/wp-content\/uploads\/2026\/04\/id.-229.webp","type":"image\/webp"}],"twitter_card":"summary_large_image","twitter_misc":{"Est. reading time":"1 minute"},"schema":{"@context":"https:\/\/schema.org","@graph":[{"@type":"WebPage","@id":"https:\/\/amberwithsilver.com\/product\/juodojo-gintaro-karoliai-jam\/","url":"https:\/\/amberwithsilver.com\/product\/juodojo-gintaro-karoliai-jam\/","name":"Juodojo gintaro karoliai - Jam","isPartOf":{"@id":"https:\/\/amberwithsilver.com\/en\/#website"},"primaryImageOfPage":{"@id":"https:\/\/amberwithsilver.com\/product\/juodojo-gintaro-karoliai-jam\/#primaryimage"},"image":{"@id":"https:\/\/amberwithsilver.com\/product\/juodojo-gintaro-karoliai-jam\/#primaryimage"},"thumbnailUrl":"https:\/\/amberwithsilver.com\/wp-content\/uploads\/2026\/04\/id.-229.webp","datePublished":"2026-04-24T08:16:08+00:00","dateModified":"2026-04-24T08:16:09+00:00","description":"Juodojo gintaro karoliai yra pagaminti i\u0161 juodo gintaro \u0161arat\u0117li\u0173 ir cilindr\u0173 formos detali\u0173. Patog\u016bs ir labai gra\u017e\u016bs Baltijos gintaro karoliai","breadcrumb":{"@id":"https:\/\/amberwithsilver.com\/product\/juodojo-gintaro-karoliai-jam\/#breadcrumb"},"inLanguage":"en-US","potentialAction":[{"@type":"ReadAction","target":["https:\/\/amberwithsilver.com\/product\/juodojo-gintaro-karoliai-jam\/"]}]},{"@type":"ImageObject","inLanguage":"en-US","@id":"https:\/\/amberwithsilver.com\/product\/juodojo-gintaro-karoliai-jam\/#primaryimage","url":"https:\/\/amberwithsilver.com\/wp-content\/uploads\/2026\/04\/id.-229.webp","contentUrl":"https:\/\/amberwithsilver.com\/wp-content\/uploads\/2026\/04\/id.-229.webp","width":1000,"height":838,"caption":"Juodojo gintaro karoliai - Jam, Black amber necklace - For Him"},{"@type":"BreadcrumbList","@id":"https:\/\/amberwithsilver.com\/product\/juodojo-gintaro-karoliai-jam\/#breadcrumb","itemListElement":[{"@type":"ListItem","position":1,"name":"Home","item":"https:\/\/amberwithsilver.com\/"},{"@type":"ListItem","position":2,"name":"Parduotuv\u0117","item":"https:\/\/amberwithsilver.com\/en\/parduotuve\/"},{"@type":"ListItem","position":3,"name":"Juodojo gintaro karoliai &#8211; Jam"}]},{"@type":"WebSite","@id":"https:\/\/amberwithsilver.com\/en\/#website","url":"https:\/\/amberwithsilver.com\/en\/","name":"AmberWithSilver","description":"Amber-Silver","publisher":{"@id":"https:\/\/amberwithsilver.com\/en\/#organization"},"potentialAction":[{"@type":"SearchAction","target":{"@type":"EntryPoint","urlTemplate":"https:\/\/amberwithsilver.com\/en\/?s={search_term_string}"},"query-input":{"@type":"PropertyValueSpecification","valueRequired":true,"valueName":"search_term_string"}}],"inLanguage":"en-US"},{"@type":"Organization","@id":"https:\/\/amberwithsilver.com\/en\/#organization","name":"amberwithsilver","url":"https:\/\/amberwithsilver.com\/en\/","logo":{"@type":"ImageObject","inLanguage":"en-US","@id":"https:\/\/amberwithsilver.com\/en\/#\/schema\/logo\/image\/","url":"https:\/\/i0.wp.com\/amberwithsilver.com\/wp-content\/uploads\/2020\/12\/logo.jpg?fit=232%2C116&ssl=1","contentUrl":"https:\/\/i0.wp.com\/amberwithsilver.com\/wp-content\/uploads\/2020\/12\/logo.jpg?fit=232%2C116&ssl=1","width":232,"height":116,"caption":"amberwithsilver"},"image":{"@id":"https:\/\/amberwithsilver.com\/en\/#\/schema\/logo\/image\/"}}]}},"jetpack_sharing_enabled":true,"_links":{"self":[{"href":"https:\/\/amberwithsilver.com\/en\/wp-json\/wp\/v2\/product\/4392","targetHints":{"allow":["GET"]}}],"collection":[{"href":"https:\/\/amberwithsilver.com\/en\/wp-json\/wp\/v2\/product"}],"about":[{"href":"https:\/\/amberwithsilver.com\/en\/wp-json\/wp\/v2\/types\/product"}],"replies":[{"embeddable":true,"href":"https:\/\/amberwithsilver.com\/en\/wp-json\/wp\/v2\/comments?post=4392"}],"version-history":[{"count":1,"href":"https:\/\/amberwithsilver.com\/en\/wp-json\/wp\/v2\/product\/4392\/revisions"}],"predecessor-version":[{"id":4394,"href":"https:\/\/amberwithsilver.com\/en\/wp-json\/wp\/v2\/product\/4392\/revisions\/4394"}],"wp:featuredmedia":[{"embeddable":true,"href":"https:\/\/amberwithsilver.com\/en\/wp-json\/wp\/v2\/media\/4393"}],"wp:attachment":[{"href":"https:\/\/amberwithsilver.com\/en\/wp-json\/wp\/v2\/media?parent=4392"}],"wp:term":[{"taxonomy":"product_brand","embeddable":true,"href":"https:\/\/amberwithsilver.com\/en\/wp-json\/wp\/v2\/product_brand?post=4392"},{"taxonomy":"product_cat","embeddable":true,"href":"https:\/\/amberwithsilver.com\/en\/wp-json\/wp\/v2\/product_cat?post=4392"},{"taxonomy":"product_tag","embeddable":true,"href":"https:\/\/amberwithsilver.com\/en\/wp-json\/wp\/v2\/product_tag?post=4392"}],"curies":[{"name":"wp","href":"https:\/\/api.w.org\/{rel}","templated":true}]}}