{"id":4395,"date":"2026-04-24T10:23:19","date_gmt":"2026-04-24T08:23:19","guid":{"rendered":"https:\/\/amberwithsilver.com\/?post_type=product&#038;p=4395"},"modified":"2026-04-24T10:23:20","modified_gmt":"2026-04-24T08:23:20","slug":"juodi-zali-gintaro-karoliai","status":"publish","type":"product","link":"https:\/\/amberwithsilver.com\/en\/product\/juodi-zali-gintaro-karoliai\/","title":{"rendered":"Blackish green amber necklace"},"content":{"rendered":"<p>Blackish green amber necklace is made of blackish green amber beads and tubes. Pleasant and very beautiful Baltic amber necklace is radiant with energy and harmony to those who wear it. The unique and amazing property of natural amber is that it offers a natural relief of pain. Anti-inflammatory properties make it ideal natural homeopathic product for adults. It also perfectly suits Gentlemen. There is no knot between each amber bead.<\/p>\n<ul>\n<li><em>Natural Baltic amber<\/em><\/li>\n<li><em>Cylinder and round shaped amber pieces<\/em><\/li>\n<li><em>Size of amber beads: cylinder ~ 0.5\u00d73.0 cm, round ~ 0.8-1.1 cm<\/em><\/li>\n<li><em>Closure: plastic screw clasp<\/em><\/li>\n<li><em>Color: black-green<\/em><\/li>\n<li><em>Length: ~ 50 cm\u00a0<\/em><\/li>\n<li><em>Weight: ~ 30.5 grams.<\/em><\/li>\n<\/ul>\n<p>&nbsp;<\/p>\n<p>*Please note that the color of the product may vary slightly from that shown in the photo, depending on the monitor used by the Buyer and the lighting settings in the photos.<\/p>","protected":false},"excerpt":{"rendered":"<p>Blackish green amber necklace is made of blackish green amber beads and tubes. Pleasant and very beautiful Baltic amber necklace is radiant with energy and harmony to those who wear it. The unique and amazing property of natural amber is that it offers a natural relief of pain. Anti-inflammatory properties make it ideal natural homeopathic product for adults. It also perfectly suits Gentlemen. There is no knot between each amber bead.<\/p>\n<ul>\n<li><em>Natural Baltic amber<\/em><\/li>\n<li><em>Cylinder and round shaped amber pieces<\/em><\/li>\n<li><em>Size of amber beads: cylinder ~ 0.5\u00d73.0 cm, round ~ 0.8-1.1 cm<\/em><\/li>\n<li><em>Closure: plastic screw clasp<\/em><\/li>\n<li><em>Color: black-green<\/em><\/li>\n<li><em>Length: ~ 50 cm\u00a0<\/em><\/li>\n<li><em>Weight: ~ 30.5 grams.<\/em><\/li>\n<\/ul>\n<p>&nbsp;<\/p>\n<p>*Please note that the color of the product may vary slightly from that shown in the photo, depending on the monitor used by the Buyer and the lighting settings in the photos.<\/p>","protected":false},"featured_media":4396,"comment_status":"open","ping_status":"closed","template":"","meta":[],"product_brand":[],"product_cat":[35],"product_tag":[1393,1394,1395,64,1425,747,1013,1106,1107,1313,1387,1392],"class_list":{"0":"post-4395","1":"product","2":"type-product","3":"status-publish","4":"has-post-thumbnail","6":"product_cat-gintaro-karoliai","7":"product_tag-baltijos-gintaro-dirbiniai","8":"product_tag-baltic-amber-products","9":"product_tag-gift-for-her","10":"product_tag-gintaras","11":"product_tag-amber-workshop-in-kaunas","12":"product_tag-amber","13":"product_tag-gintaro-dirbiniai","14":"product_tag-gintaro-papuosalai","15":"product_tag-amber-jewelry","16":"product_tag-gintaro-dirbiniai-kaunas","17":"product_tag-dovana-moterims","18":"product_tag-gintaro-kurybines-dirbtuves-kaune","20":"first","21":"instock","22":"taxable","23":"shipping-taxable","24":"purchasable","25":"product-type-simple"},"yoast_head":"<!-- This site is optimized with the Yoast SEO Premium plugin v23.4 (Yoast SEO v27.4) - https:\/\/yoast.com\/product\/yoast-seo-premium-wordpress\/ -->\n<title>Juodi\/\u017eali gintaro karoliai<\/title>\n<meta name=\"description\" content=\"Juodi\/\u017eali gintaro karoliai yra pagaminti i\u0161 juodai \u017ealsvos gintaro \u0161arat\u0117li\u0173 ir cilindr\u0173 formos detali\u0173. Patog\u016bs ir labai gra\u017e\u016bs Baltijos gintaro karoliai\" \/>\n<meta name=\"robots\" content=\"index, follow, max-snippet:-1, max-image-preview:large, max-video-preview:-1\" \/>\n<link rel=\"canonical\" href=\"https:\/\/amberwithsilver.com\/en\/product\/juodi-zali-gintaro-karoliai\/\" \/>\n<meta property=\"og:locale\" content=\"en_US\" \/>\n<meta property=\"og:type\" content=\"article\" \/>\n<meta property=\"og:title\" content=\"Juodi\/\u017eali gintaro karoliai\" \/>\n<meta property=\"og:description\" content=\"Juodi\/\u017eali gintaro karoliai yra pagaminti i\u0161 juodai \u017ealsvos gintaro \u0161arat\u0117li\u0173 ir cilindr\u0173 formos detali\u0173. Patog\u016bs ir labai gra\u017e\u016bs Baltijos gintaro karoliai\" \/>\n<meta property=\"og:url\" content=\"https:\/\/amberwithsilver.com\/en\/product\/juodi-zali-gintaro-karoliai\/\" \/>\n<meta property=\"og:site_name\" content=\"AmberWithSilver\" \/>\n<meta property=\"article:modified_time\" content=\"2026-04-24T08:23:20+00:00\" \/>\n<meta property=\"og:image\" content=\"https:\/\/amberwithsilver.com\/wp-content\/uploads\/2026\/04\/id.-230.webp\" \/>\n\t<meta property=\"og:image:width\" content=\"1000\" \/>\n\t<meta property=\"og:image:height\" content=\"838\" \/>\n\t<meta property=\"og:image:type\" content=\"image\/webp\" \/>\n<meta name=\"twitter:card\" content=\"summary_large_image\" \/>\n<meta name=\"twitter:label1\" content=\"Est. reading time\" \/>\n\t<meta name=\"twitter:data1\" content=\"1 minute\" \/>\n<script type=\"application\/ld+json\" class=\"yoast-schema-graph\">{\"@context\":\"https:\\\/\\\/schema.org\",\"@graph\":[{\"@type\":\"WebPage\",\"@id\":\"https:\\\/\\\/amberwithsilver.com\\\/product\\\/juodi-zali-gintaro-karoliai\\\/\",\"url\":\"https:\\\/\\\/amberwithsilver.com\\\/product\\\/juodi-zali-gintaro-karoliai\\\/\",\"name\":\"Juodi\\\/\u017eali gintaro karoliai\",\"isPartOf\":{\"@id\":\"https:\\\/\\\/amberwithsilver.com\\\/en\\\/#website\"},\"primaryImageOfPage\":{\"@id\":\"https:\\\/\\\/amberwithsilver.com\\\/product\\\/juodi-zali-gintaro-karoliai\\\/#primaryimage\"},\"image\":{\"@id\":\"https:\\\/\\\/amberwithsilver.com\\\/product\\\/juodi-zali-gintaro-karoliai\\\/#primaryimage\"},\"thumbnailUrl\":\"https:\\\/\\\/amberwithsilver.com\\\/wp-content\\\/uploads\\\/2026\\\/04\\\/id.-230.webp\",\"datePublished\":\"2026-04-24T08:23:19+00:00\",\"dateModified\":\"2026-04-24T08:23:20+00:00\",\"description\":\"Juodi\\\/\u017eali gintaro karoliai yra pagaminti i\u0161 juodai \u017ealsvos gintaro \u0161arat\u0117li\u0173 ir cilindr\u0173 formos detali\u0173. Patog\u016bs ir labai gra\u017e\u016bs Baltijos gintaro karoliai\",\"breadcrumb\":{\"@id\":\"https:\\\/\\\/amberwithsilver.com\\\/product\\\/juodi-zali-gintaro-karoliai\\\/#breadcrumb\"},\"inLanguage\":\"en-US\",\"potentialAction\":[{\"@type\":\"ReadAction\",\"target\":[\"https:\\\/\\\/amberwithsilver.com\\\/product\\\/juodi-zali-gintaro-karoliai\\\/\"]}]},{\"@type\":\"ImageObject\",\"inLanguage\":\"en-US\",\"@id\":\"https:\\\/\\\/amberwithsilver.com\\\/product\\\/juodi-zali-gintaro-karoliai\\\/#primaryimage\",\"url\":\"https:\\\/\\\/amberwithsilver.com\\\/wp-content\\\/uploads\\\/2026\\\/04\\\/id.-230.webp\",\"contentUrl\":\"https:\\\/\\\/amberwithsilver.com\\\/wp-content\\\/uploads\\\/2026\\\/04\\\/id.-230.webp\",\"width\":1000,\"height\":838,\"caption\":\"Juodi\\\/\u017eali gintaro karoliai, Blackish green amber necklace\"},{\"@type\":\"BreadcrumbList\",\"@id\":\"https:\\\/\\\/amberwithsilver.com\\\/product\\\/juodi-zali-gintaro-karoliai\\\/#breadcrumb\",\"itemListElement\":[{\"@type\":\"ListItem\",\"position\":1,\"name\":\"Home\",\"item\":\"https:\\\/\\\/amberwithsilver.com\\\/\"},{\"@type\":\"ListItem\",\"position\":2,\"name\":\"Parduotuv\u0117\",\"item\":\"https:\\\/\\\/amberwithsilver.com\\\/en\\\/parduotuve\\\/\"},{\"@type\":\"ListItem\",\"position\":3,\"name\":\"Juodi\\\/\u017eali gintaro karoliai\"}]},{\"@type\":\"WebSite\",\"@id\":\"https:\\\/\\\/amberwithsilver.com\\\/en\\\/#website\",\"url\":\"https:\\\/\\\/amberwithsilver.com\\\/en\\\/\",\"name\":\"AmberWithSilver\",\"description\":\"Amber-Silver\",\"publisher\":{\"@id\":\"https:\\\/\\\/amberwithsilver.com\\\/en\\\/#organization\"},\"potentialAction\":[{\"@type\":\"SearchAction\",\"target\":{\"@type\":\"EntryPoint\",\"urlTemplate\":\"https:\\\/\\\/amberwithsilver.com\\\/en\\\/?s={search_term_string}\"},\"query-input\":{\"@type\":\"PropertyValueSpecification\",\"valueRequired\":true,\"valueName\":\"search_term_string\"}}],\"inLanguage\":\"en-US\"},{\"@type\":\"Organization\",\"@id\":\"https:\\\/\\\/amberwithsilver.com\\\/en\\\/#organization\",\"name\":\"amberwithsilver\",\"url\":\"https:\\\/\\\/amberwithsilver.com\\\/en\\\/\",\"logo\":{\"@type\":\"ImageObject\",\"inLanguage\":\"en-US\",\"@id\":\"https:\\\/\\\/amberwithsilver.com\\\/en\\\/#\\\/schema\\\/logo\\\/image\\\/\",\"url\":\"https:\\\/\\\/i0.wp.com\\\/amberwithsilver.com\\\/wp-content\\\/uploads\\\/2020\\\/12\\\/logo.jpg?fit=232%2C116&ssl=1\",\"contentUrl\":\"https:\\\/\\\/i0.wp.com\\\/amberwithsilver.com\\\/wp-content\\\/uploads\\\/2020\\\/12\\\/logo.jpg?fit=232%2C116&ssl=1\",\"width\":232,\"height\":116,\"caption\":\"amberwithsilver\"},\"image\":{\"@id\":\"https:\\\/\\\/amberwithsilver.com\\\/en\\\/#\\\/schema\\\/logo\\\/image\\\/\"}}]}<\/script>\n<!-- \/ Yoast SEO Premium plugin. -->","yoast_head_json":{"title":"Blackish green amber necklace","description":"Juodi\/\u017eali gintaro karoliai yra pagaminti i\u0161 juodai \u017ealsvos gintaro \u0161arat\u0117li\u0173 ir cilindr\u0173 formos detali\u0173. Patog\u016bs ir labai gra\u017e\u016bs Baltijos gintaro karoliai","robots":{"index":"index","follow":"follow","max-snippet":"max-snippet:-1","max-image-preview":"max-image-preview:large","max-video-preview":"max-video-preview:-1"},"canonical":"https:\/\/amberwithsilver.com\/en\/product\/juodi-zali-gintaro-karoliai\/","og_locale":"en_US","og_type":"article","og_title":"Juodi\/\u017eali gintaro karoliai","og_description":"Juodi\/\u017eali gintaro karoliai yra pagaminti i\u0161 juodai \u017ealsvos gintaro \u0161arat\u0117li\u0173 ir cilindr\u0173 formos detali\u0173. Patog\u016bs ir labai gra\u017e\u016bs Baltijos gintaro karoliai","og_url":"https:\/\/amberwithsilver.com\/en\/product\/juodi-zali-gintaro-karoliai\/","og_site_name":"AmberWithSilver","article_modified_time":"2026-04-24T08:23:20+00:00","og_image":[{"width":1000,"height":838,"url":"https:\/\/amberwithsilver.com\/wp-content\/uploads\/2026\/04\/id.-230.webp","type":"image\/webp"}],"twitter_card":"summary_large_image","twitter_misc":{"Est. reading time":"1 minute"},"schema":{"@context":"https:\/\/schema.org","@graph":[{"@type":"WebPage","@id":"https:\/\/amberwithsilver.com\/product\/juodi-zali-gintaro-karoliai\/","url":"https:\/\/amberwithsilver.com\/product\/juodi-zali-gintaro-karoliai\/","name":"Blackish green amber necklace","isPartOf":{"@id":"https:\/\/amberwithsilver.com\/en\/#website"},"primaryImageOfPage":{"@id":"https:\/\/amberwithsilver.com\/product\/juodi-zali-gintaro-karoliai\/#primaryimage"},"image":{"@id":"https:\/\/amberwithsilver.com\/product\/juodi-zali-gintaro-karoliai\/#primaryimage"},"thumbnailUrl":"https:\/\/amberwithsilver.com\/wp-content\/uploads\/2026\/04\/id.-230.webp","datePublished":"2026-04-24T08:23:19+00:00","dateModified":"2026-04-24T08:23:20+00:00","description":"Juodi\/\u017eali gintaro karoliai yra pagaminti i\u0161 juodai \u017ealsvos gintaro \u0161arat\u0117li\u0173 ir cilindr\u0173 formos detali\u0173. Patog\u016bs ir labai gra\u017e\u016bs Baltijos gintaro karoliai","breadcrumb":{"@id":"https:\/\/amberwithsilver.com\/product\/juodi-zali-gintaro-karoliai\/#breadcrumb"},"inLanguage":"en-US","potentialAction":[{"@type":"ReadAction","target":["https:\/\/amberwithsilver.com\/product\/juodi-zali-gintaro-karoliai\/"]}]},{"@type":"ImageObject","inLanguage":"en-US","@id":"https:\/\/amberwithsilver.com\/product\/juodi-zali-gintaro-karoliai\/#primaryimage","url":"https:\/\/amberwithsilver.com\/wp-content\/uploads\/2026\/04\/id.-230.webp","contentUrl":"https:\/\/amberwithsilver.com\/wp-content\/uploads\/2026\/04\/id.-230.webp","width":1000,"height":838,"caption":"Juodi\/\u017eali gintaro karoliai, Blackish green amber necklace"},{"@type":"BreadcrumbList","@id":"https:\/\/amberwithsilver.com\/product\/juodi-zali-gintaro-karoliai\/#breadcrumb","itemListElement":[{"@type":"ListItem","position":1,"name":"Home","item":"https:\/\/amberwithsilver.com\/"},{"@type":"ListItem","position":2,"name":"Parduotuv\u0117","item":"https:\/\/amberwithsilver.com\/en\/parduotuve\/"},{"@type":"ListItem","position":3,"name":"Juodi\/\u017eali gintaro karoliai"}]},{"@type":"WebSite","@id":"https:\/\/amberwithsilver.com\/en\/#website","url":"https:\/\/amberwithsilver.com\/en\/","name":"AmberWithSilver","description":"Amber-Silver","publisher":{"@id":"https:\/\/amberwithsilver.com\/en\/#organization"},"potentialAction":[{"@type":"SearchAction","target":{"@type":"EntryPoint","urlTemplate":"https:\/\/amberwithsilver.com\/en\/?s={search_term_string}"},"query-input":{"@type":"PropertyValueSpecification","valueRequired":true,"valueName":"search_term_string"}}],"inLanguage":"en-US"},{"@type":"Organization","@id":"https:\/\/amberwithsilver.com\/en\/#organization","name":"amberwithsilver","url":"https:\/\/amberwithsilver.com\/en\/","logo":{"@type":"ImageObject","inLanguage":"en-US","@id":"https:\/\/amberwithsilver.com\/en\/#\/schema\/logo\/image\/","url":"https:\/\/i0.wp.com\/amberwithsilver.com\/wp-content\/uploads\/2020\/12\/logo.jpg?fit=232%2C116&ssl=1","contentUrl":"https:\/\/i0.wp.com\/amberwithsilver.com\/wp-content\/uploads\/2020\/12\/logo.jpg?fit=232%2C116&ssl=1","width":232,"height":116,"caption":"amberwithsilver"},"image":{"@id":"https:\/\/amberwithsilver.com\/en\/#\/schema\/logo\/image\/"}}]}},"jetpack_sharing_enabled":true,"_links":{"self":[{"href":"https:\/\/amberwithsilver.com\/en\/wp-json\/wp\/v2\/product\/4395","targetHints":{"allow":["GET"]}}],"collection":[{"href":"https:\/\/amberwithsilver.com\/en\/wp-json\/wp\/v2\/product"}],"about":[{"href":"https:\/\/amberwithsilver.com\/en\/wp-json\/wp\/v2\/types\/product"}],"replies":[{"embeddable":true,"href":"https:\/\/amberwithsilver.com\/en\/wp-json\/wp\/v2\/comments?post=4395"}],"version-history":[{"count":1,"href":"https:\/\/amberwithsilver.com\/en\/wp-json\/wp\/v2\/product\/4395\/revisions"}],"predecessor-version":[{"id":4397,"href":"https:\/\/amberwithsilver.com\/en\/wp-json\/wp\/v2\/product\/4395\/revisions\/4397"}],"wp:featuredmedia":[{"embeddable":true,"href":"https:\/\/amberwithsilver.com\/en\/wp-json\/wp\/v2\/media\/4396"}],"wp:attachment":[{"href":"https:\/\/amberwithsilver.com\/en\/wp-json\/wp\/v2\/media?parent=4395"}],"wp:term":[{"taxonomy":"product_brand","embeddable":true,"href":"https:\/\/amberwithsilver.com\/en\/wp-json\/wp\/v2\/product_brand?post=4395"},{"taxonomy":"product_cat","embeddable":true,"href":"https:\/\/amberwithsilver.com\/en\/wp-json\/wp\/v2\/product_cat?post=4395"},{"taxonomy":"product_tag","embeddable":true,"href":"https:\/\/amberwithsilver.com\/en\/wp-json\/wp\/v2\/product_tag?post=4395"}],"curies":[{"name":"wp","href":"https:\/\/api.w.org\/{rel}","templated":true}]}}