{"id":693,"date":"2021-01-19T21:43:51","date_gmt":"2021-01-19T19:43:51","guid":{"rendered":"http:\/\/amberwithsilver.com\/?post_type=product&#038;p=693"},"modified":"2025-05-02T11:30:26","modified_gmt":"2025-05-02T09:30:26","slug":"apvalaus-gintaro-komplektas-6mm","status":"publish","type":"product","link":"https:\/\/amberwithsilver.com\/en\/product\/apvalaus-gintaro-komplektas-6mm\/","title":{"rendered":"Multicolored round amber necklace and bracelet 6 mm"},"content":{"rendered":"<p>Multicolored round amber necklace and bracelet 6 mm. Baltic amber necklace and bracelet are made of round amber beads. Neatly sorted amber rainbow beads from the lightest to the darkest color. This amber set is subtle and exclusive in its color range. Closure is made of plastic. The bracelet is on the stretch.<\/p>\n<ul>\n<li><em>Length of necklace: ~43 cm;\u00a0<\/em><\/li>\n<li><em>The bracelet is designed for a 17-18 cm wrist;<br \/>\n<\/em><\/li>\n<li><em>Weight: 12,4 gr.;<\/em><\/li>\n<li><em>Diameter: the size of amber up to 5-6 mm;<\/em><\/li>\n<li><em>Colors: lemon, yellow, cognac, cherry, black;<br \/>\n<\/em><\/li>\n<li><em>Plastic screw clasp<\/em><\/li>\n<\/ul>","protected":false},"excerpt":{"rendered":"<p>Multicolored round amber necklace and bracelet 6 mm. Baltic amber necklace and bracelet are made of round amber beads. Neatly sorted amber rainbow beads from the lightest to the darkest color. This amber set is subtle and exclusive in its color range. Closure is made of plastic. The bracelet is on the stretch.<\/p>\n<ul>\n<li><em>Length of necklace: ~43 cm;<\/em><\/li>\n<li><em>The bracelet is designed for a 17-18 cm wrist;<\/em><\/li>\n<li><em>Weight: 12,6 gr.;<\/em><\/li>\n<li><em>Diameter: the size of amber up to 5-6 mm;<\/em><\/li>\n<li><em>Colors: lemon, yellow, cognac, cherry, black;<\/em><\/li>\n<li><em>Plastic screw clasp<\/em><\/li>\n<\/ul>","protected":false},"featured_media":694,"comment_status":"open","ping_status":"closed","template":"","meta":[],"product_brand":[],"product_cat":[35,18],"product_tag":[100,78,105,81,381,82,449,83,637,85,1325,90,1326,91,1327,92,93,94,95,96,97,98,99],"class_list":{"0":"post-693","1":"product","2":"type-product","3":"status-publish","4":"has-post-thumbnail","6":"product_cat-gintaro-karoliai","7":"product_cat-gintaro-apyrankes","8":"product_tag-gintaroapyranke","9":"product_tag-baltijosgintaras","10":"product_tag-gradientamber","11":"product_tag-gintarokaroliai","12":"product_tag-visi","13":"product_tag-ambernecklace","14":"product_tag-apvalaus-gintaro-komplektas-6-mm","15":"product_tag-balticamber","16":"product_tag-margi-apvalaus-gintaro-karoliai-su-apyranke-6-mm","17":"product_tag-amberbracelet","18":"product_tag-multicolored-round-amber-necklace-and-bracelet-6-mm","19":"product_tag-gintarokomplektas","20":"product_tag-gradient-round-amber-set","21":"product_tag-amberset","22":"product_tag-gradient-amber","23":"product_tag-apvalusgintaras","24":"product_tag-roundamber","25":"product_tag-gintaras6mm","26":"product_tag-amberof6mm","27":"product_tag-margasgintaras","28":"product_tag-multicoloramber","29":"product_tag-gintarorutuliukai","30":"product_tag-amberbeads","32":"first","33":"instock","34":"taxable","35":"shipping-taxable","36":"purchasable","37":"product-type-simple"},"yoast_head":"<!-- This site is optimized with the Yoast SEO Premium plugin v23.4 (Yoast SEO v26.8) - https:\/\/yoast.com\/product\/yoast-seo-premium-wordpress\/ -->\n<title>Margi apvalaus gintaro karoliai ir apyrank\u0117 6 mm - AmberWithSilver<\/title>\n<meta name=\"description\" content=\"Baltijos gintaro komplektas, pagamintas i\u0161 nat\u016bralaus Baltijos gintaro. Apval\u016bs \u0161arat\u0117liai, klasikinio stiliaus, karoliai i\u0161 nat\u016bralaus ginta\" \/>\n<meta name=\"robots\" content=\"index, follow, max-snippet:-1, max-image-preview:large, max-video-preview:-1\" \/>\n<link rel=\"canonical\" href=\"https:\/\/amberwithsilver.com\/en\/product\/apvalaus-gintaro-komplektas-6mm\/\" \/>\n<meta property=\"og:locale\" content=\"en_US\" \/>\n<meta property=\"og:type\" content=\"article\" \/>\n<meta property=\"og:title\" content=\"Margi apvalaus gintaro karoliai ir apyrank\u0117 6 mm\" \/>\n<meta property=\"og:description\" content=\"Baltijos gintaro komplektas, pagamintas i\u0161 nat\u016bralaus Baltijos gintaro. Apval\u016bs \u0161arat\u0117liai, klasikinio stiliaus, karoliai i\u0161 nat\u016bralaus ginta\" \/>\n<meta property=\"og:url\" content=\"https:\/\/amberwithsilver.com\/en\/product\/apvalaus-gintaro-komplektas-6mm\/\" \/>\n<meta property=\"og:site_name\" content=\"AmberWithSilver\" \/>\n<meta property=\"article:modified_time\" content=\"2025-05-02T09:30:26+00:00\" \/>\n<meta property=\"og:image\" content=\"https:\/\/amberwithsilver.com\/wp-content\/uploads\/2021\/01\/DS_0053-scaled.jpg\" \/>\n\t<meta property=\"og:image:width\" content=\"2560\" \/>\n\t<meta property=\"og:image:height\" content=\"1707\" \/>\n\t<meta property=\"og:image:type\" content=\"image\/jpeg\" \/>\n<meta name=\"twitter:card\" content=\"summary_large_image\" \/>\n<meta name=\"twitter:label1\" content=\"Est. reading time\" \/>\n\t<meta name=\"twitter:data1\" content=\"1 minute\" \/>\n<script type=\"application\/ld+json\" class=\"yoast-schema-graph\">{\"@context\":\"https:\/\/schema.org\",\"@graph\":[{\"@type\":\"WebPage\",\"@id\":\"https:\/\/amberwithsilver.com\/product\/apvalaus-gintaro-komplektas-6mm\/\",\"url\":\"https:\/\/amberwithsilver.com\/product\/apvalaus-gintaro-komplektas-6mm\/\",\"name\":\"Margi apvalaus gintaro karoliai ir apyrank\u0117 6 mm - AmberWithSilver\",\"isPartOf\":{\"@id\":\"https:\/\/amberwithsilver.com\/en\/#website\"},\"primaryImageOfPage\":{\"@id\":\"https:\/\/amberwithsilver.com\/product\/apvalaus-gintaro-komplektas-6mm\/#primaryimage\"},\"image\":{\"@id\":\"https:\/\/amberwithsilver.com\/product\/apvalaus-gintaro-komplektas-6mm\/#primaryimage\"},\"thumbnailUrl\":\"https:\/\/amberwithsilver.com\/wp-content\/uploads\/2021\/01\/DS_0053-scaled.jpg\",\"datePublished\":\"2021-01-19T19:43:51+00:00\",\"dateModified\":\"2025-05-02T09:30:26+00:00\",\"description\":\"Baltijos gintaro komplektas, pagamintas i\u0161 nat\u016bralaus Baltijos gintaro. Apval\u016bs \u0161arat\u0117liai, klasikinio stiliaus, karoliai i\u0161 nat\u016bralaus ginta\",\"breadcrumb\":{\"@id\":\"https:\/\/amberwithsilver.com\/product\/apvalaus-gintaro-komplektas-6mm\/#breadcrumb\"},\"inLanguage\":\"en-US\",\"potentialAction\":[{\"@type\":\"ReadAction\",\"target\":[\"https:\/\/amberwithsilver.com\/product\/apvalaus-gintaro-komplektas-6mm\/\"]}]},{\"@type\":\"ImageObject\",\"inLanguage\":\"en-US\",\"@id\":\"https:\/\/amberwithsilver.com\/product\/apvalaus-gintaro-komplektas-6mm\/#primaryimage\",\"url\":\"https:\/\/amberwithsilver.com\/wp-content\/uploads\/2021\/01\/DS_0053-scaled.jpg\",\"contentUrl\":\"https:\/\/amberwithsilver.com\/wp-content\/uploads\/2021\/01\/DS_0053-scaled.jpg\",\"width\":2560,\"height\":1707,\"caption\":\"Multicolored round amber necklace and bracelet 6 mm; Margi apvalaus gintaro karoliai ir apyranke 6 mm\"},{\"@type\":\"BreadcrumbList\",\"@id\":\"https:\/\/amberwithsilver.com\/product\/apvalaus-gintaro-komplektas-6mm\/#breadcrumb\",\"itemListElement\":[{\"@type\":\"ListItem\",\"position\":1,\"name\":\"Home\",\"item\":\"https:\/\/amberwithsilver.com\/\"},{\"@type\":\"ListItem\",\"position\":2,\"name\":\"Parduotuv\u0117\",\"item\":\"https:\/\/amberwithsilver.com\/en\/parduotuve\/\"},{\"@type\":\"ListItem\",\"position\":3,\"name\":\"Margi apvalaus gintaro karoliai ir apyrank\u0117 6 mm\"}]},{\"@type\":\"WebSite\",\"@id\":\"https:\/\/amberwithsilver.com\/en\/#website\",\"url\":\"https:\/\/amberwithsilver.com\/en\/\",\"name\":\"AmberWithSilver\",\"description\":\"Amber-Silver\",\"publisher\":{\"@id\":\"https:\/\/amberwithsilver.com\/en\/#organization\"},\"potentialAction\":[{\"@type\":\"SearchAction\",\"target\":{\"@type\":\"EntryPoint\",\"urlTemplate\":\"https:\/\/amberwithsilver.com\/en\/?s={search_term_string}\"},\"query-input\":{\"@type\":\"PropertyValueSpecification\",\"valueRequired\":true,\"valueName\":\"search_term_string\"}}],\"inLanguage\":\"en-US\"},{\"@type\":\"Organization\",\"@id\":\"https:\/\/amberwithsilver.com\/en\/#organization\",\"name\":\"amberwithsilver\",\"url\":\"https:\/\/amberwithsilver.com\/en\/\",\"logo\":{\"@type\":\"ImageObject\",\"inLanguage\":\"en-US\",\"@id\":\"https:\/\/amberwithsilver.com\/en\/#\/schema\/logo\/image\/\",\"url\":\"https:\/\/i0.wp.com\/amberwithsilver.com\/wp-content\/uploads\/2020\/12\/logo.jpg?fit=232%2C116&ssl=1\",\"contentUrl\":\"https:\/\/i0.wp.com\/amberwithsilver.com\/wp-content\/uploads\/2020\/12\/logo.jpg?fit=232%2C116&ssl=1\",\"width\":232,\"height\":116,\"caption\":\"amberwithsilver\"},\"image\":{\"@id\":\"https:\/\/amberwithsilver.com\/en\/#\/schema\/logo\/image\/\"}}]}<\/script>\n<!-- \/ Yoast SEO Premium plugin. -->","yoast_head_json":{"title":"Margi apvalaus gintaro karoliai ir apyrank\u0117 6 mm - AmberWithSilver","description":"Baltijos gintaro komplektas, pagamintas i\u0161 nat\u016bralaus Baltijos gintaro. Apval\u016bs \u0161arat\u0117liai, klasikinio stiliaus, karoliai i\u0161 nat\u016bralaus ginta","robots":{"index":"index","follow":"follow","max-snippet":"max-snippet:-1","max-image-preview":"max-image-preview:large","max-video-preview":"max-video-preview:-1"},"canonical":"https:\/\/amberwithsilver.com\/en\/product\/apvalaus-gintaro-komplektas-6mm\/","og_locale":"en_US","og_type":"article","og_title":"Margi apvalaus gintaro karoliai ir apyrank\u0117 6 mm","og_description":"Baltijos gintaro komplektas, pagamintas i\u0161 nat\u016bralaus Baltijos gintaro. Apval\u016bs \u0161arat\u0117liai, klasikinio stiliaus, karoliai i\u0161 nat\u016bralaus ginta","og_url":"https:\/\/amberwithsilver.com\/en\/product\/apvalaus-gintaro-komplektas-6mm\/","og_site_name":"AmberWithSilver","article_modified_time":"2025-05-02T09:30:26+00:00","og_image":[{"width":2560,"height":1707,"url":"https:\/\/amberwithsilver.com\/wp-content\/uploads\/2021\/01\/DS_0053-scaled.jpg","type":"image\/jpeg"}],"twitter_card":"summary_large_image","twitter_misc":{"Est. reading time":"1 minute"},"schema":{"@context":"https:\/\/schema.org","@graph":[{"@type":"WebPage","@id":"https:\/\/amberwithsilver.com\/product\/apvalaus-gintaro-komplektas-6mm\/","url":"https:\/\/amberwithsilver.com\/product\/apvalaus-gintaro-komplektas-6mm\/","name":"Margi apvalaus gintaro karoliai ir apyrank\u0117 6 mm - AmberWithSilver","isPartOf":{"@id":"https:\/\/amberwithsilver.com\/en\/#website"},"primaryImageOfPage":{"@id":"https:\/\/amberwithsilver.com\/product\/apvalaus-gintaro-komplektas-6mm\/#primaryimage"},"image":{"@id":"https:\/\/amberwithsilver.com\/product\/apvalaus-gintaro-komplektas-6mm\/#primaryimage"},"thumbnailUrl":"https:\/\/amberwithsilver.com\/wp-content\/uploads\/2021\/01\/DS_0053-scaled.jpg","datePublished":"2021-01-19T19:43:51+00:00","dateModified":"2025-05-02T09:30:26+00:00","description":"Baltijos gintaro komplektas, pagamintas i\u0161 nat\u016bralaus Baltijos gintaro. Apval\u016bs \u0161arat\u0117liai, klasikinio stiliaus, karoliai i\u0161 nat\u016bralaus ginta","breadcrumb":{"@id":"https:\/\/amberwithsilver.com\/product\/apvalaus-gintaro-komplektas-6mm\/#breadcrumb"},"inLanguage":"en-US","potentialAction":[{"@type":"ReadAction","target":["https:\/\/amberwithsilver.com\/product\/apvalaus-gintaro-komplektas-6mm\/"]}]},{"@type":"ImageObject","inLanguage":"en-US","@id":"https:\/\/amberwithsilver.com\/product\/apvalaus-gintaro-komplektas-6mm\/#primaryimage","url":"https:\/\/amberwithsilver.com\/wp-content\/uploads\/2021\/01\/DS_0053-scaled.jpg","contentUrl":"https:\/\/amberwithsilver.com\/wp-content\/uploads\/2021\/01\/DS_0053-scaled.jpg","width":2560,"height":1707,"caption":"Multicolored round amber necklace and bracelet 6 mm; Margi apvalaus gintaro karoliai ir apyranke 6 mm"},{"@type":"BreadcrumbList","@id":"https:\/\/amberwithsilver.com\/product\/apvalaus-gintaro-komplektas-6mm\/#breadcrumb","itemListElement":[{"@type":"ListItem","position":1,"name":"Home","item":"https:\/\/amberwithsilver.com\/"},{"@type":"ListItem","position":2,"name":"Parduotuv\u0117","item":"https:\/\/amberwithsilver.com\/en\/parduotuve\/"},{"@type":"ListItem","position":3,"name":"Margi apvalaus gintaro karoliai ir apyrank\u0117 6 mm"}]},{"@type":"WebSite","@id":"https:\/\/amberwithsilver.com\/en\/#website","url":"https:\/\/amberwithsilver.com\/en\/","name":"AmberWithSilver","description":"Amber-Silver","publisher":{"@id":"https:\/\/amberwithsilver.com\/en\/#organization"},"potentialAction":[{"@type":"SearchAction","target":{"@type":"EntryPoint","urlTemplate":"https:\/\/amberwithsilver.com\/en\/?s={search_term_string}"},"query-input":{"@type":"PropertyValueSpecification","valueRequired":true,"valueName":"search_term_string"}}],"inLanguage":"en-US"},{"@type":"Organization","@id":"https:\/\/amberwithsilver.com\/en\/#organization","name":"amberwithsilver","url":"https:\/\/amberwithsilver.com\/en\/","logo":{"@type":"ImageObject","inLanguage":"en-US","@id":"https:\/\/amberwithsilver.com\/en\/#\/schema\/logo\/image\/","url":"https:\/\/i0.wp.com\/amberwithsilver.com\/wp-content\/uploads\/2020\/12\/logo.jpg?fit=232%2C116&ssl=1","contentUrl":"https:\/\/i0.wp.com\/amberwithsilver.com\/wp-content\/uploads\/2020\/12\/logo.jpg?fit=232%2C116&ssl=1","width":232,"height":116,"caption":"amberwithsilver"},"image":{"@id":"https:\/\/amberwithsilver.com\/en\/#\/schema\/logo\/image\/"}}]}},"jetpack_sharing_enabled":true,"_links":{"self":[{"href":"https:\/\/amberwithsilver.com\/en\/wp-json\/wp\/v2\/product\/693","targetHints":{"allow":["GET"]}}],"collection":[{"href":"https:\/\/amberwithsilver.com\/en\/wp-json\/wp\/v2\/product"}],"about":[{"href":"https:\/\/amberwithsilver.com\/en\/wp-json\/wp\/v2\/types\/product"}],"replies":[{"embeddable":true,"href":"https:\/\/amberwithsilver.com\/en\/wp-json\/wp\/v2\/comments?post=693"}],"version-history":[{"count":0,"href":"https:\/\/amberwithsilver.com\/en\/wp-json\/wp\/v2\/product\/693\/revisions"}],"wp:featuredmedia":[{"embeddable":true,"href":"https:\/\/amberwithsilver.com\/en\/wp-json\/wp\/v2\/media\/694"}],"wp:attachment":[{"href":"https:\/\/amberwithsilver.com\/en\/wp-json\/wp\/v2\/media?parent=693"}],"wp:term":[{"taxonomy":"product_brand","embeddable":true,"href":"https:\/\/amberwithsilver.com\/en\/wp-json\/wp\/v2\/product_brand?post=693"},{"taxonomy":"product_cat","embeddable":true,"href":"https:\/\/amberwithsilver.com\/en\/wp-json\/wp\/v2\/product_cat?post=693"},{"taxonomy":"product_tag","embeddable":true,"href":"https:\/\/amberwithsilver.com\/en\/wp-json\/wp\/v2\/product_tag?post=693"}],"curies":[{"name":"wp","href":"https:\/\/api.w.org\/{rel}","templated":true}]}}