{"id":904,"date":"2021-03-17T19:40:35","date_gmt":"2021-03-17T17:40:35","guid":{"rendered":"http:\/\/amberwithsilver.com\/?post_type=product&#038;p=904"},"modified":"2021-08-10T11:00:28","modified_gmt":"2021-08-10T09:00:28","slug":"apvaliu-rutuliuku-detales-matine-spalva-5mm","status":"publish","type":"product","link":"https:\/\/amberwithsilver.com\/en\/product\/apvaliu-rutuliuku-detales-matine-spalva-5mm\/","title":{"rendered":"Loose round milky amber beads, 5mm"},"content":{"rendered":"<p>Apval\u016bs Baltijos gintaro \u0161arat\u0117liai yra poliruoti, be skylut\u0117s.\u00a0 Esant poreikiui, galime pragr\u0119\u017eti \u0161arat\u0117lius reikiamo dyd\u017eio skylute.<\/p>\n<ul>\n<li>Natural Baltic amber<\/li>\n<li>Milky color<\/li>\n<li>Round shape<\/li>\n<li>Without hole<\/li>\n<li>Beads size: ~ 5mm. | ~ 0,19inch.<\/li>\n<\/ul>\n<p>If you are interested in different size, shape and color of this product, please contact us by e-mail: baltijosgintaras@gmail.com<\/p>","protected":false},"excerpt":{"rendered":"<p>Baltic amber round beads are only polished, no holes. If necessary, we can drill the amber beads with a hole of the required size.<\/p>\n<ul>\n<li>Natural Baltic amber<\/li>\n<li>Milky color<\/li>\n<li>Round shape<\/li>\n<li>Without hole<\/li>\n<li>Beads size: ~ 5mm. | ~ 0,19inch.<\/li>\n<\/ul>\n<p>If you are interested in different size, shape and color of this product, please contact us by e-mail: baltijosgintaras@gmail.com<\/p>","protected":false},"featured_media":908,"comment_status":"open","ping_status":"closed","template":"","meta":[],"product_brand":[],"product_cat":[42],"product_tag":[109,110,111,112,113,114,115,116,381],"class_list":{"0":"post-904","1":"product","2":"type-product","3":"status-publish","4":"has-post-thumbnail","6":"product_cat-gintaro-detales","7":"product_tag-loose-amber-beads","8":"product_tag-milky-amber-beads","9":"product_tag-round-amber-beads","10":"product_tag-loose-beads-in-milky-colour","11":"product_tag-apvaliu-rutuliuku-detales-matine-spalva-5mm","12":"product_tag-round-amber-beads-5mm","13":"product_tag-gintaro-detales-5mm","14":"product_tag-apvalus-gintaro-sarateliai","15":"product_tag-visi","17":"first","18":"instock","19":"taxable","20":"shipping-taxable","21":"purchasable","22":"product-type-variable"},"yoast_head":"<!-- This site is optimized with the Yoast SEO Premium plugin v23.4 (Yoast SEO v26.8) - https:\/\/yoast.com\/product\/yoast-seo-premium-wordpress\/ -->\n<title>Apvali\u0173 rutuliuk\u0173 detal\u0117s, matin\u0117 spalva, 5mm - AmberWithSilver<\/title>\n<meta name=\"description\" content=\"apval\u016bs gintaro rutuliukai, negr\u0119\u017eti gintaro \u0161arat\u0117liai 5mm, Baltijos gintaro rutuliukai, palaidos gintaro detal\u0117s\" \/>\n<meta name=\"robots\" content=\"index, follow, max-snippet:-1, max-image-preview:large, max-video-preview:-1\" \/>\n<link rel=\"canonical\" href=\"https:\/\/amberwithsilver.com\/en\/product\/apvaliu-rutuliuku-detales-matine-spalva-5mm\/\" \/>\n<meta property=\"og:locale\" content=\"en_US\" \/>\n<meta property=\"og:type\" content=\"article\" \/>\n<meta property=\"og:title\" content=\"Apvali\u0173 rutuliuk\u0173 detal\u0117s, matin\u0117 spalva, 5mm\" \/>\n<meta property=\"og:description\" content=\"apval\u016bs gintaro rutuliukai, negr\u0119\u017eti gintaro \u0161arat\u0117liai 5mm, Baltijos gintaro rutuliukai, palaidos gintaro detal\u0117s\" \/>\n<meta property=\"og:url\" content=\"https:\/\/amberwithsilver.com\/en\/product\/apvaliu-rutuliuku-detales-matine-spalva-5mm\/\" \/>\n<meta property=\"og:site_name\" content=\"AmberWithSilver\" \/>\n<meta property=\"article:modified_time\" content=\"2021-08-10T09:00:28+00:00\" \/>\n<meta property=\"og:image\" content=\"https:\/\/amberwithsilver.com\/wp-content\/uploads\/2021\/03\/img_3400-scaled.jpeg\" \/>\n\t<meta property=\"og:image:width\" content=\"2560\" \/>\n\t<meta property=\"og:image:height\" content=\"2555\" \/>\n\t<meta property=\"og:image:type\" content=\"image\/jpeg\" \/>\n<meta name=\"twitter:card\" content=\"summary_large_image\" \/>\n<script type=\"application\/ld+json\" class=\"yoast-schema-graph\">{\"@context\":\"https:\/\/schema.org\",\"@graph\":[{\"@type\":\"WebPage\",\"@id\":\"https:\/\/amberwithsilver.com\/product\/apvaliu-rutuliuku-detales-matine-spalva-5mm\/\",\"url\":\"https:\/\/amberwithsilver.com\/product\/apvaliu-rutuliuku-detales-matine-spalva-5mm\/\",\"name\":\"Apvali\u0173 rutuliuk\u0173 detal\u0117s, matin\u0117 spalva, 5mm - AmberWithSilver\",\"isPartOf\":{\"@id\":\"https:\/\/amberwithsilver.com\/en\/#website\"},\"primaryImageOfPage\":{\"@id\":\"https:\/\/amberwithsilver.com\/product\/apvaliu-rutuliuku-detales-matine-spalva-5mm\/#primaryimage\"},\"image\":{\"@id\":\"https:\/\/amberwithsilver.com\/product\/apvaliu-rutuliuku-detales-matine-spalva-5mm\/#primaryimage\"},\"thumbnailUrl\":\"https:\/\/amberwithsilver.com\/wp-content\/uploads\/2021\/03\/img_3400-scaled.jpeg\",\"datePublished\":\"2021-03-17T17:40:35+00:00\",\"dateModified\":\"2021-08-10T09:00:28+00:00\",\"description\":\"apval\u016bs gintaro rutuliukai, negr\u0119\u017eti gintaro \u0161arat\u0117liai 5mm, Baltijos gintaro rutuliukai, palaidos gintaro detal\u0117s\",\"breadcrumb\":{\"@id\":\"https:\/\/amberwithsilver.com\/product\/apvaliu-rutuliuku-detales-matine-spalva-5mm\/#breadcrumb\"},\"inLanguage\":\"en-US\",\"potentialAction\":[{\"@type\":\"ReadAction\",\"target\":[\"https:\/\/amberwithsilver.com\/product\/apvaliu-rutuliuku-detales-matine-spalva-5mm\/\"]}]},{\"@type\":\"ImageObject\",\"inLanguage\":\"en-US\",\"@id\":\"https:\/\/amberwithsilver.com\/product\/apvaliu-rutuliuku-detales-matine-spalva-5mm\/#primaryimage\",\"url\":\"https:\/\/amberwithsilver.com\/wp-content\/uploads\/2021\/03\/img_3400-scaled.jpeg\",\"contentUrl\":\"https:\/\/amberwithsilver.com\/wp-content\/uploads\/2021\/03\/img_3400-scaled.jpeg\",\"width\":2560,\"height\":2555,\"caption\":\"Apvali\u0173 rutuliuk\u0173 detal\u0117s matin\u0117 spalva 5mm, loose amber beads milky colour 5mm\"},{\"@type\":\"BreadcrumbList\",\"@id\":\"https:\/\/amberwithsilver.com\/product\/apvaliu-rutuliuku-detales-matine-spalva-5mm\/#breadcrumb\",\"itemListElement\":[{\"@type\":\"ListItem\",\"position\":1,\"name\":\"Home\",\"item\":\"https:\/\/amberwithsilver.com\/\"},{\"@type\":\"ListItem\",\"position\":2,\"name\":\"Parduotuv\u0117\",\"item\":\"https:\/\/amberwithsilver.com\/en\/parduotuve\/\"},{\"@type\":\"ListItem\",\"position\":3,\"name\":\"Apvali\u0173 rutuliuk\u0173 detal\u0117s, matin\u0117 spalva, 5mm\"}]},{\"@type\":\"WebSite\",\"@id\":\"https:\/\/amberwithsilver.com\/en\/#website\",\"url\":\"https:\/\/amberwithsilver.com\/en\/\",\"name\":\"AmberWithSilver\",\"description\":\"Amber-Silver\",\"publisher\":{\"@id\":\"https:\/\/amberwithsilver.com\/en\/#organization\"},\"potentialAction\":[{\"@type\":\"SearchAction\",\"target\":{\"@type\":\"EntryPoint\",\"urlTemplate\":\"https:\/\/amberwithsilver.com\/en\/?s={search_term_string}\"},\"query-input\":{\"@type\":\"PropertyValueSpecification\",\"valueRequired\":true,\"valueName\":\"search_term_string\"}}],\"inLanguage\":\"en-US\"},{\"@type\":\"Organization\",\"@id\":\"https:\/\/amberwithsilver.com\/en\/#organization\",\"name\":\"amberwithsilver\",\"url\":\"https:\/\/amberwithsilver.com\/en\/\",\"logo\":{\"@type\":\"ImageObject\",\"inLanguage\":\"en-US\",\"@id\":\"https:\/\/amberwithsilver.com\/en\/#\/schema\/logo\/image\/\",\"url\":\"https:\/\/i0.wp.com\/amberwithsilver.com\/wp-content\/uploads\/2020\/12\/logo.jpg?fit=232%2C116&ssl=1\",\"contentUrl\":\"https:\/\/i0.wp.com\/amberwithsilver.com\/wp-content\/uploads\/2020\/12\/logo.jpg?fit=232%2C116&ssl=1\",\"width\":232,\"height\":116,\"caption\":\"amberwithsilver\"},\"image\":{\"@id\":\"https:\/\/amberwithsilver.com\/en\/#\/schema\/logo\/image\/\"}}]}<\/script>\n<!-- \/ Yoast SEO Premium plugin. -->","yoast_head_json":{"title":"Apvali\u0173 rutuliuk\u0173 detal\u0117s, matin\u0117 spalva, 5mm - AmberWithSilver","description":"apval\u016bs gintaro rutuliukai, negr\u0119\u017eti gintaro \u0161arat\u0117liai 5mm, Baltijos gintaro rutuliukai, palaidos gintaro detal\u0117s","robots":{"index":"index","follow":"follow","max-snippet":"max-snippet:-1","max-image-preview":"max-image-preview:large","max-video-preview":"max-video-preview:-1"},"canonical":"https:\/\/amberwithsilver.com\/en\/product\/apvaliu-rutuliuku-detales-matine-spalva-5mm\/","og_locale":"en_US","og_type":"article","og_title":"Apvali\u0173 rutuliuk\u0173 detal\u0117s, matin\u0117 spalva, 5mm","og_description":"apval\u016bs gintaro rutuliukai, negr\u0119\u017eti gintaro \u0161arat\u0117liai 5mm, Baltijos gintaro rutuliukai, palaidos gintaro detal\u0117s","og_url":"https:\/\/amberwithsilver.com\/en\/product\/apvaliu-rutuliuku-detales-matine-spalva-5mm\/","og_site_name":"AmberWithSilver","article_modified_time":"2021-08-10T09:00:28+00:00","og_image":[{"width":2560,"height":2555,"url":"https:\/\/amberwithsilver.com\/wp-content\/uploads\/2021\/03\/img_3400-scaled.jpeg","type":"image\/jpeg"}],"twitter_card":"summary_large_image","schema":{"@context":"https:\/\/schema.org","@graph":[{"@type":"WebPage","@id":"https:\/\/amberwithsilver.com\/product\/apvaliu-rutuliuku-detales-matine-spalva-5mm\/","url":"https:\/\/amberwithsilver.com\/product\/apvaliu-rutuliuku-detales-matine-spalva-5mm\/","name":"Apvali\u0173 rutuliuk\u0173 detal\u0117s, matin\u0117 spalva, 5mm - AmberWithSilver","isPartOf":{"@id":"https:\/\/amberwithsilver.com\/en\/#website"},"primaryImageOfPage":{"@id":"https:\/\/amberwithsilver.com\/product\/apvaliu-rutuliuku-detales-matine-spalva-5mm\/#primaryimage"},"image":{"@id":"https:\/\/amberwithsilver.com\/product\/apvaliu-rutuliuku-detales-matine-spalva-5mm\/#primaryimage"},"thumbnailUrl":"https:\/\/amberwithsilver.com\/wp-content\/uploads\/2021\/03\/img_3400-scaled.jpeg","datePublished":"2021-03-17T17:40:35+00:00","dateModified":"2021-08-10T09:00:28+00:00","description":"apval\u016bs gintaro rutuliukai, negr\u0119\u017eti gintaro \u0161arat\u0117liai 5mm, Baltijos gintaro rutuliukai, palaidos gintaro detal\u0117s","breadcrumb":{"@id":"https:\/\/amberwithsilver.com\/product\/apvaliu-rutuliuku-detales-matine-spalva-5mm\/#breadcrumb"},"inLanguage":"en-US","potentialAction":[{"@type":"ReadAction","target":["https:\/\/amberwithsilver.com\/product\/apvaliu-rutuliuku-detales-matine-spalva-5mm\/"]}]},{"@type":"ImageObject","inLanguage":"en-US","@id":"https:\/\/amberwithsilver.com\/product\/apvaliu-rutuliuku-detales-matine-spalva-5mm\/#primaryimage","url":"https:\/\/amberwithsilver.com\/wp-content\/uploads\/2021\/03\/img_3400-scaled.jpeg","contentUrl":"https:\/\/amberwithsilver.com\/wp-content\/uploads\/2021\/03\/img_3400-scaled.jpeg","width":2560,"height":2555,"caption":"Apvali\u0173 rutuliuk\u0173 detal\u0117s matin\u0117 spalva 5mm, loose amber beads milky colour 5mm"},{"@type":"BreadcrumbList","@id":"https:\/\/amberwithsilver.com\/product\/apvaliu-rutuliuku-detales-matine-spalva-5mm\/#breadcrumb","itemListElement":[{"@type":"ListItem","position":1,"name":"Home","item":"https:\/\/amberwithsilver.com\/"},{"@type":"ListItem","position":2,"name":"Parduotuv\u0117","item":"https:\/\/amberwithsilver.com\/en\/parduotuve\/"},{"@type":"ListItem","position":3,"name":"Apvali\u0173 rutuliuk\u0173 detal\u0117s, matin\u0117 spalva, 5mm"}]},{"@type":"WebSite","@id":"https:\/\/amberwithsilver.com\/en\/#website","url":"https:\/\/amberwithsilver.com\/en\/","name":"AmberWithSilver","description":"Amber-Silver","publisher":{"@id":"https:\/\/amberwithsilver.com\/en\/#organization"},"potentialAction":[{"@type":"SearchAction","target":{"@type":"EntryPoint","urlTemplate":"https:\/\/amberwithsilver.com\/en\/?s={search_term_string}"},"query-input":{"@type":"PropertyValueSpecification","valueRequired":true,"valueName":"search_term_string"}}],"inLanguage":"en-US"},{"@type":"Organization","@id":"https:\/\/amberwithsilver.com\/en\/#organization","name":"amberwithsilver","url":"https:\/\/amberwithsilver.com\/en\/","logo":{"@type":"ImageObject","inLanguage":"en-US","@id":"https:\/\/amberwithsilver.com\/en\/#\/schema\/logo\/image\/","url":"https:\/\/i0.wp.com\/amberwithsilver.com\/wp-content\/uploads\/2020\/12\/logo.jpg?fit=232%2C116&ssl=1","contentUrl":"https:\/\/i0.wp.com\/amberwithsilver.com\/wp-content\/uploads\/2020\/12\/logo.jpg?fit=232%2C116&ssl=1","width":232,"height":116,"caption":"amberwithsilver"},"image":{"@id":"https:\/\/amberwithsilver.com\/en\/#\/schema\/logo\/image\/"}}]}},"jetpack_sharing_enabled":true,"_links":{"self":[{"href":"https:\/\/amberwithsilver.com\/en\/wp-json\/wp\/v2\/product\/904","targetHints":{"allow":["GET"]}}],"collection":[{"href":"https:\/\/amberwithsilver.com\/en\/wp-json\/wp\/v2\/product"}],"about":[{"href":"https:\/\/amberwithsilver.com\/en\/wp-json\/wp\/v2\/types\/product"}],"replies":[{"embeddable":true,"href":"https:\/\/amberwithsilver.com\/en\/wp-json\/wp\/v2\/comments?post=904"}],"version-history":[{"count":0,"href":"https:\/\/amberwithsilver.com\/en\/wp-json\/wp\/v2\/product\/904\/revisions"}],"wp:featuredmedia":[{"embeddable":true,"href":"https:\/\/amberwithsilver.com\/en\/wp-json\/wp\/v2\/media\/908"}],"wp:attachment":[{"href":"https:\/\/amberwithsilver.com\/en\/wp-json\/wp\/v2\/media?parent=904"}],"wp:term":[{"taxonomy":"product_brand","embeddable":true,"href":"https:\/\/amberwithsilver.com\/en\/wp-json\/wp\/v2\/product_brand?post=904"},{"taxonomy":"product_cat","embeddable":true,"href":"https:\/\/amberwithsilver.com\/en\/wp-json\/wp\/v2\/product_cat?post=904"},{"taxonomy":"product_tag","embeddable":true,"href":"https:\/\/amberwithsilver.com\/en\/wp-json\/wp\/v2\/product_tag?post=904"}],"curies":[{"name":"wp","href":"https:\/\/api.w.org\/{rel}","templated":true}]}}