{"id":926,"date":"2021-03-19T00:15:05","date_gmt":"2021-03-18T22:15:05","guid":{"rendered":"http:\/\/amberwithsilver.com\/?post_type=product&#038;p=926"},"modified":"2021-08-10T11:00:23","modified_gmt":"2021-08-10T09:00:23","slug":"baltas-gintaro-kabosonas-74-gr","status":"publish","type":"product","link":"https:\/\/amberwithsilver.com\/en\/product\/baltas-gintaro-kabosonas-74-gr\/","title":{"rendered":"Baltas gintaro kabo\u0161onas 7,4 gr"},"content":{"rendered":"<p>Baltas gintaro kabo\u0161onas yra pagamintas i\u0161 Baltijos gintaro \u017ealiavos. Auk\u0161tos kokyb\u0117s, poliruotas.<\/p>\n<ul>\n<li>Natural Baltic amber<\/li>\n<li>Balta, geltona spalva<\/li>\n<li>Svoris: 7,40 gr.<\/li>\n<li>Kabo\u0161ono dydis: ~ 3,5&#215;4,5 mm.<\/li>\n<\/ul>\n<p>&nbsp;<\/p>\n<p>If you are interested in different size, shape and color of this product, please contact us by e-mail: baltijosgintaras@gmail.com<\/p>","protected":false},"excerpt":{"rendered":"<p>Baltas gintaro kabo\u0161onas yra pagamintas i\u0161 Baltijos gintaro \u017ealiavos. Auk\u0161tos kokyb\u0117s, poliruotas.<\/p>\n<ul>\n<li>Natural Baltic amber<\/li>\n<li>Balta, geltona spalva<\/li>\n<li>Svoris: 7,40 gr.<\/li>\n<li>Kabo\u0161ono dydis: ~ 3,5&#215;4,5 mm.<\/li>\n<\/ul>\n<p>&nbsp;<\/p>\n<p>If you are interested in different size, shape and color of this product, please contact us by e-mail: baltijosgintaras@gmail.com<\/p>","protected":false},"featured_media":940,"comment_status":"open","ping_status":"closed","template":"","meta":[],"product_brand":[],"product_cat":[61],"product_tag":[67,117,118,119,120,121,122,123,124,125,381],"class_list":{"0":"post-926","1":"product","2":"type-product","3":"status-publish","4":"has-post-thumbnail","6":"product_cat-balto-gintaro-kolekcija","7":"product_tag-baltas-gintaras","8":"product_tag-gintaro-kabosonas","9":"product_tag-baltijos-gintaro-akmuo","10":"product_tag-baltijos-gintaro-kabosonas","11":"product_tag-naturalus-gintaras","12":"product_tag-baltic-amber-cabochons","13":"product_tag-baltic-amber-stone","14":"product_tag-natural-amber","15":"product_tag-white-amber","16":"product_tag-amber-cabochons","17":"product_tag-visi","19":"first","20":"instock","21":"taxable","22":"shipping-taxable","23":"purchasable","24":"product-type-simple"},"yoast_head":"<!-- This site is optimized with the Yoast SEO Premium plugin v23.4 (Yoast SEO v26.8) - https:\/\/yoast.com\/product\/yoast-seo-premium-wordpress\/ -->\n<title>Baltas gintaro kabo\u0161onas 7,4 gr - AmberWithSilver<\/title>\n<meta name=\"description\" content=\"Baltas gintaro kabo\u0161onas, nat\u016bralus baltas gintaras, gintaro akmuo, white amber, natural amber cabochons, natural amber stone\" \/>\n<meta name=\"robots\" content=\"index, follow, max-snippet:-1, max-image-preview:large, max-video-preview:-1\" \/>\n<link rel=\"canonical\" href=\"https:\/\/amberwithsilver.com\/en\/product\/baltas-gintaro-kabosonas-74-gr\/\" \/>\n<meta property=\"og:locale\" content=\"en_US\" \/>\n<meta property=\"og:type\" content=\"article\" \/>\n<meta property=\"og:title\" content=\"Baltas gintaro kabo\u0161onas 7,4 gr\" \/>\n<meta property=\"og:description\" content=\"Baltas gintaro kabo\u0161onas, nat\u016bralus baltas gintaras, gintaro akmuo, white amber, natural amber cabochons, natural amber stone\" \/>\n<meta property=\"og:url\" content=\"https:\/\/amberwithsilver.com\/en\/product\/baltas-gintaro-kabosonas-74-gr\/\" \/>\n<meta property=\"og:site_name\" content=\"AmberWithSilver\" \/>\n<meta property=\"article:modified_time\" content=\"2021-08-10T09:00:23+00:00\" \/>\n<meta property=\"og:image\" content=\"https:\/\/amberwithsilver.com\/wp-content\/uploads\/2021\/03\/img_3407-1-scaled.jpeg\" \/>\n\t<meta property=\"og:image:width\" content=\"2560\" \/>\n\t<meta property=\"og:image:height\" content=\"2461\" \/>\n\t<meta property=\"og:image:type\" content=\"image\/jpeg\" \/>\n<meta name=\"twitter:card\" content=\"summary_large_image\" \/>\n<script type=\"application\/ld+json\" class=\"yoast-schema-graph\">{\"@context\":\"https:\/\/schema.org\",\"@graph\":[{\"@type\":\"WebPage\",\"@id\":\"https:\/\/amberwithsilver.com\/product\/baltas-gintaro-kabosonas-74-gr\/\",\"url\":\"https:\/\/amberwithsilver.com\/product\/baltas-gintaro-kabosonas-74-gr\/\",\"name\":\"Baltas gintaro kabo\u0161onas 7,4 gr - AmberWithSilver\",\"isPartOf\":{\"@id\":\"https:\/\/amberwithsilver.com\/en\/#website\"},\"primaryImageOfPage\":{\"@id\":\"https:\/\/amberwithsilver.com\/product\/baltas-gintaro-kabosonas-74-gr\/#primaryimage\"},\"image\":{\"@id\":\"https:\/\/amberwithsilver.com\/product\/baltas-gintaro-kabosonas-74-gr\/#primaryimage\"},\"thumbnailUrl\":\"https:\/\/amberwithsilver.com\/wp-content\/uploads\/2021\/03\/img_3407-1-scaled.jpeg\",\"datePublished\":\"2021-03-18T22:15:05+00:00\",\"dateModified\":\"2021-08-10T09:00:23+00:00\",\"description\":\"Baltas gintaro kabo\u0161onas, nat\u016bralus baltas gintaras, gintaro akmuo, white amber, natural amber cabochons, natural amber stone\",\"breadcrumb\":{\"@id\":\"https:\/\/amberwithsilver.com\/product\/baltas-gintaro-kabosonas-74-gr\/#breadcrumb\"},\"inLanguage\":\"en-US\",\"potentialAction\":[{\"@type\":\"ReadAction\",\"target\":[\"https:\/\/amberwithsilver.com\/product\/baltas-gintaro-kabosonas-74-gr\/\"]}]},{\"@type\":\"ImageObject\",\"inLanguage\":\"en-US\",\"@id\":\"https:\/\/amberwithsilver.com\/product\/baltas-gintaro-kabosonas-74-gr\/#primaryimage\",\"url\":\"https:\/\/amberwithsilver.com\/wp-content\/uploads\/2021\/03\/img_3407-1-scaled.jpeg\",\"contentUrl\":\"https:\/\/amberwithsilver.com\/wp-content\/uploads\/2021\/03\/img_3407-1-scaled.jpeg\",\"width\":2560,\"height\":2461},{\"@type\":\"BreadcrumbList\",\"@id\":\"https:\/\/amberwithsilver.com\/product\/baltas-gintaro-kabosonas-74-gr\/#breadcrumb\",\"itemListElement\":[{\"@type\":\"ListItem\",\"position\":1,\"name\":\"Home\",\"item\":\"https:\/\/amberwithsilver.com\/\"},{\"@type\":\"ListItem\",\"position\":2,\"name\":\"Parduotuv\u0117\",\"item\":\"https:\/\/amberwithsilver.com\/en\/parduotuve\/\"},{\"@type\":\"ListItem\",\"position\":3,\"name\":\"Baltas gintaro kabo\u0161onas 7,4 gr\"}]},{\"@type\":\"WebSite\",\"@id\":\"https:\/\/amberwithsilver.com\/en\/#website\",\"url\":\"https:\/\/amberwithsilver.com\/en\/\",\"name\":\"AmberWithSilver\",\"description\":\"Amber-Silver\",\"publisher\":{\"@id\":\"https:\/\/amberwithsilver.com\/en\/#organization\"},\"potentialAction\":[{\"@type\":\"SearchAction\",\"target\":{\"@type\":\"EntryPoint\",\"urlTemplate\":\"https:\/\/amberwithsilver.com\/en\/?s={search_term_string}\"},\"query-input\":{\"@type\":\"PropertyValueSpecification\",\"valueRequired\":true,\"valueName\":\"search_term_string\"}}],\"inLanguage\":\"en-US\"},{\"@type\":\"Organization\",\"@id\":\"https:\/\/amberwithsilver.com\/en\/#organization\",\"name\":\"amberwithsilver\",\"url\":\"https:\/\/amberwithsilver.com\/en\/\",\"logo\":{\"@type\":\"ImageObject\",\"inLanguage\":\"en-US\",\"@id\":\"https:\/\/amberwithsilver.com\/en\/#\/schema\/logo\/image\/\",\"url\":\"https:\/\/i0.wp.com\/amberwithsilver.com\/wp-content\/uploads\/2020\/12\/logo.jpg?fit=232%2C116&ssl=1\",\"contentUrl\":\"https:\/\/i0.wp.com\/amberwithsilver.com\/wp-content\/uploads\/2020\/12\/logo.jpg?fit=232%2C116&ssl=1\",\"width\":232,\"height\":116,\"caption\":\"amberwithsilver\"},\"image\":{\"@id\":\"https:\/\/amberwithsilver.com\/en\/#\/schema\/logo\/image\/\"}}]}<\/script>\n<!-- \/ Yoast SEO Premium plugin. -->","yoast_head_json":{"title":"Baltas gintaro kabo\u0161onas 7,4 gr - AmberWithSilver","description":"Baltas gintaro kabo\u0161onas, nat\u016bralus baltas gintaras, gintaro akmuo, white amber, natural amber cabochons, natural amber stone","robots":{"index":"index","follow":"follow","max-snippet":"max-snippet:-1","max-image-preview":"max-image-preview:large","max-video-preview":"max-video-preview:-1"},"canonical":"https:\/\/amberwithsilver.com\/en\/product\/baltas-gintaro-kabosonas-74-gr\/","og_locale":"en_US","og_type":"article","og_title":"Baltas gintaro kabo\u0161onas 7,4 gr","og_description":"Baltas gintaro kabo\u0161onas, nat\u016bralus baltas gintaras, gintaro akmuo, white amber, natural amber cabochons, natural amber stone","og_url":"https:\/\/amberwithsilver.com\/en\/product\/baltas-gintaro-kabosonas-74-gr\/","og_site_name":"AmberWithSilver","article_modified_time":"2021-08-10T09:00:23+00:00","og_image":[{"width":2560,"height":2461,"url":"https:\/\/amberwithsilver.com\/wp-content\/uploads\/2021\/03\/img_3407-1-scaled.jpeg","type":"image\/jpeg"}],"twitter_card":"summary_large_image","schema":{"@context":"https:\/\/schema.org","@graph":[{"@type":"WebPage","@id":"https:\/\/amberwithsilver.com\/product\/baltas-gintaro-kabosonas-74-gr\/","url":"https:\/\/amberwithsilver.com\/product\/baltas-gintaro-kabosonas-74-gr\/","name":"Baltas gintaro kabo\u0161onas 7,4 gr - AmberWithSilver","isPartOf":{"@id":"https:\/\/amberwithsilver.com\/en\/#website"},"primaryImageOfPage":{"@id":"https:\/\/amberwithsilver.com\/product\/baltas-gintaro-kabosonas-74-gr\/#primaryimage"},"image":{"@id":"https:\/\/amberwithsilver.com\/product\/baltas-gintaro-kabosonas-74-gr\/#primaryimage"},"thumbnailUrl":"https:\/\/amberwithsilver.com\/wp-content\/uploads\/2021\/03\/img_3407-1-scaled.jpeg","datePublished":"2021-03-18T22:15:05+00:00","dateModified":"2021-08-10T09:00:23+00:00","description":"Baltas gintaro kabo\u0161onas, nat\u016bralus baltas gintaras, gintaro akmuo, white amber, natural amber cabochons, natural amber stone","breadcrumb":{"@id":"https:\/\/amberwithsilver.com\/product\/baltas-gintaro-kabosonas-74-gr\/#breadcrumb"},"inLanguage":"en-US","potentialAction":[{"@type":"ReadAction","target":["https:\/\/amberwithsilver.com\/product\/baltas-gintaro-kabosonas-74-gr\/"]}]},{"@type":"ImageObject","inLanguage":"en-US","@id":"https:\/\/amberwithsilver.com\/product\/baltas-gintaro-kabosonas-74-gr\/#primaryimage","url":"https:\/\/amberwithsilver.com\/wp-content\/uploads\/2021\/03\/img_3407-1-scaled.jpeg","contentUrl":"https:\/\/amberwithsilver.com\/wp-content\/uploads\/2021\/03\/img_3407-1-scaled.jpeg","width":2560,"height":2461},{"@type":"BreadcrumbList","@id":"https:\/\/amberwithsilver.com\/product\/baltas-gintaro-kabosonas-74-gr\/#breadcrumb","itemListElement":[{"@type":"ListItem","position":1,"name":"Home","item":"https:\/\/amberwithsilver.com\/"},{"@type":"ListItem","position":2,"name":"Parduotuv\u0117","item":"https:\/\/amberwithsilver.com\/en\/parduotuve\/"},{"@type":"ListItem","position":3,"name":"Baltas gintaro kabo\u0161onas 7,4 gr"}]},{"@type":"WebSite","@id":"https:\/\/amberwithsilver.com\/en\/#website","url":"https:\/\/amberwithsilver.com\/en\/","name":"AmberWithSilver","description":"Amber-Silver","publisher":{"@id":"https:\/\/amberwithsilver.com\/en\/#organization"},"potentialAction":[{"@type":"SearchAction","target":{"@type":"EntryPoint","urlTemplate":"https:\/\/amberwithsilver.com\/en\/?s={search_term_string}"},"query-input":{"@type":"PropertyValueSpecification","valueRequired":true,"valueName":"search_term_string"}}],"inLanguage":"en-US"},{"@type":"Organization","@id":"https:\/\/amberwithsilver.com\/en\/#organization","name":"amberwithsilver","url":"https:\/\/amberwithsilver.com\/en\/","logo":{"@type":"ImageObject","inLanguage":"en-US","@id":"https:\/\/amberwithsilver.com\/en\/#\/schema\/logo\/image\/","url":"https:\/\/i0.wp.com\/amberwithsilver.com\/wp-content\/uploads\/2020\/12\/logo.jpg?fit=232%2C116&ssl=1","contentUrl":"https:\/\/i0.wp.com\/amberwithsilver.com\/wp-content\/uploads\/2020\/12\/logo.jpg?fit=232%2C116&ssl=1","width":232,"height":116,"caption":"amberwithsilver"},"image":{"@id":"https:\/\/amberwithsilver.com\/en\/#\/schema\/logo\/image\/"}}]}},"jetpack_sharing_enabled":true,"_links":{"self":[{"href":"https:\/\/amberwithsilver.com\/en\/wp-json\/wp\/v2\/product\/926","targetHints":{"allow":["GET"]}}],"collection":[{"href":"https:\/\/amberwithsilver.com\/en\/wp-json\/wp\/v2\/product"}],"about":[{"href":"https:\/\/amberwithsilver.com\/en\/wp-json\/wp\/v2\/types\/product"}],"replies":[{"embeddable":true,"href":"https:\/\/amberwithsilver.com\/en\/wp-json\/wp\/v2\/comments?post=926"}],"version-history":[{"count":0,"href":"https:\/\/amberwithsilver.com\/en\/wp-json\/wp\/v2\/product\/926\/revisions"}],"wp:featuredmedia":[{"embeddable":true,"href":"https:\/\/amberwithsilver.com\/en\/wp-json\/wp\/v2\/media\/940"}],"wp:attachment":[{"href":"https:\/\/amberwithsilver.com\/en\/wp-json\/wp\/v2\/media?parent=926"}],"wp:term":[{"taxonomy":"product_brand","embeddable":true,"href":"https:\/\/amberwithsilver.com\/en\/wp-json\/wp\/v2\/product_brand?post=926"},{"taxonomy":"product_cat","embeddable":true,"href":"https:\/\/amberwithsilver.com\/en\/wp-json\/wp\/v2\/product_cat?post=926"},{"taxonomy":"product_tag","embeddable":true,"href":"https:\/\/amberwithsilver.com\/en\/wp-json\/wp\/v2\/product_tag?post=926"}],"curies":[{"name":"wp","href":"https:\/\/api.w.org\/{rel}","templated":true}]}}